{"id":12256,"date":"2023-12-18T09:06:09","date_gmt":"2023-12-18T08:06:09","guid":{"rendered":"https:\/\/icrpolska.com\/?page_id=12256"},"modified":"2023-12-18T10:56:10","modified_gmt":"2023-12-18T09:56:10","slug":"doc","status":"publish","type":"page","link":"https:\/\/icr.you2.pl\/cn\/doc\/","title":{"rendered":"\u6d77\u5173\u548c\u8fdb\u53e3\u6587\u4ef6"},"content":{"rendered":"<div data-elementor-type=\"wp-page\" data-elementor-id=\"12256\" class=\"elementor elementor-12256\">\n\t\t\t\t\t\t<section class=\"elementor-section elementor-top-section elementor-element elementor-element-45f0b3b5 elementor-section-boxed elementor-section-height-default elementor-section-height-default\" data-id=\"45f0b3b5\" data-element_type=\"section\" data-e-type=\"section\">\n\t\t\t\t\t\t<div class=\"elementor-container elementor-column-gap-default\">\n\t\t\t\t\t<div class=\"elementor-column elementor-col-100 elementor-top-column elementor-element elementor-element-1a060b6\" data-id=\"1a060b6\" data-element_type=\"column\" data-e-type=\"column\">\n\t\t\t<div class=\"elementor-widget-wrap elementor-element-populated\">\n\t\t\t\t\t\t<div class=\"elementor-element elementor-element-f624789 elementor-widget elementor-widget-text-editor\" data-id=\"f624789\" data-element_type=\"widget\" data-e-type=\"widget\" data-widget_type=\"text-editor.default\">\n\t\t\t\t<div class=\"elementor-widget-container\">\n\t\t\t\t\t\t\t\t\t<p>\u6211\u4eec\u4e3a\u8fdb\u5165\u8be5\u5730\u533a\u7684\u4ea7\u54c1\u63d0\u4f9b\u6d77\u5173\u548c\u8fdb\u53e3\u6587\u4ef6\u5ba1\u67e5\u670d\u52a1\uff1a<\/p>\n<ul>\n<li>\u6b27\u6d32\u8054\u76df<\/li>\n<li>\u7f8e\u56fd<\/li>\n<li>\u52a0\u62ff\u5927<\/li>\n<li>\u97e9\u56fd<\/li>\n<\/ul>\n<p>\u6211\u4eec\u4e3a\u8fdb\u53e3\u5546\u548c\u51fa\u53e3\u5546\u63d0\u4f9b<\/p>\n<ul>\n<li>\u786e\u5b9a\u6240\u9700\u7684\u6280\u672f\u548c\u65bd\u5de5\u6587\u4ef6\uff0c\u4ee5\u7b26\u5408\u5e02\u573a\u6cd5\u89c4\u3001<\/li>\n<li>\u786e\u5b9a\u9002\u7528\u4e8e\u4ea7\u54c1\u7684\u6cd5\u89c4\uff0c\u5982\u6307\u4ee4\u3001\u6761\u4f8b\u3001\u56fd\u5bb6\u548c\u56fd\u9645\u6807\u51c6\u3001<\/li>\n<li>\u5bf9\u9009\u5b9a\u6587\u4ef6\u8fdb\u884c\u5408\u683c\u6027\u8bc4\u4f30\uff0c\u5982\u5408\u683c\u58f0\u660e\u3001\u94ed\u724c\u3001\u64cd\u4f5c\u8bf4\u660e\u4e66\u3001\u5916\u90e8\u5b9e\u9a8c\u5ba4\u7684\u6d4b\u8bd5\u62a5\u544a\u3001<\/li>\n<\/ul>\n<p>\u6211\u4eec\u63d0\u4f9b\u7b26\u5408 CE\u3001FCC\u3001ISED\u3001KC \u7b49\u6807\u7b7e\u89c4\u5219\u7684\u670d\u52a1\u3002<\/p>\n<p>\u8bf7\u968f\u65f6\u8054\u7cfb\u6211\u4eec<span style=\"color: var( --e-global-color-text ); font-family: var( --e-global-typography-text-font-family ), Sans-serif; font-weight: var( --e-global-typography-text-font-weight ); background-color: var(--nv-site-bg);\">: <\/span><a style=\"font-family: var( --e-global-typography-text-font-family ), Sans-serif; font-weight: var( --e-global-typography-text-font-weight );\" href=\"mailto:icrpolska@icrqa.com\">icrpolska@icrqa.com<\/a><\/p>\n<p><span style=\"color: var( --e-global-color-text ); font-family: var( --e-global-typography-text-font-family ), Sans-serif; font-weight: var( --e-global-typography-text-font-weight ); background-color: var(--nv-site-bg);\">\u5ba1\u67e5\u6d77\u5173\u548c\u8fdb\u53e3\u6587\u4ef6\u7684\u670d\u52a1\u4e0d\u5c5e\u4e8e\u83b7\u51c6\u5f00\u5c55\u7684\u6d3b\u52a8\u3002&nbsp;<\/span><span style=\"color: var( --e-global-color-text ); font-family: var( --e-global-typography-text-font-family ), Sans-serif; font-weight: var( --e-global-typography-text-font-weight ); background-color: var(--nv-site-bg);\">ICR Polska&nbsp;<\/span><span style=\"color: var( --e-global-color-text ); font-family: var( --e-global-typography-text-font-family ), Sans-serif; font-weight: var( --e-global-typography-text-font-weight ); background-color: var(--nv-site-bg);\">\u8ba4\u8bc1\u548c\u901a\u77e5\uff08\u4e0d\u5305\u62ec\u5728\u7efc\u5408\u7ba1\u7406\u7cfb\u7edf\u4e2d\uff09\u3002<\/span><br><\/p>\n<p><\/p>\t\t\t\t\t\t\t\t<\/div>\n\t\t\t\t<\/div>\n\t\t\t\t\t<\/div>\n\t\t<\/div>\n\t\t\t\t\t<\/div>\n\t\t<\/section>\n\t\t\t\t<\/div>","protected":false},"excerpt":{"rendered":"<p>\u6211\u4eec\u4e3a\u8fdb\u5165\u4ee5\u4e0b\u56fd\u5bb6\u548c\u5730\u533a\u7684\u4ea7\u54c1\u63d0\u4f9b\u6d77\u5173\u548c\u8fdb\u53e3\u6587\u4ef6\u6982\u89c8\uff1a \u6b27\u76df \u7f8e\u56fd \u52a0\u62ff\u5927 \u97e9\u56fd \u6211\u4eec\u4e3a\u8fdb\u53e3\u5546\u548c\u51fa\u53e3\u5546\u63d0\u4f9b\u4ee5\u4e0b\u670d\u52a1\u786e\u5b9a\u6240\u9700\u7684\u6280\u672f\u548c\u65bd\u5de5\u6587\u4ef6\u4ee5\u7b26\u5408\u5e02\u573a\u6cd5\u89c4\uff0c\u786e\u5b9a\u9002\u7528\u4e8e\u4ea7\u54c1\u7684\u6307\u4ee4\u3001\u6cd5\u89c4\u3001\u56fd\u5bb6\u548c\u56fd\u9645\u6807\u51c6\u7b49\u6cd5\u89c4\uff0c\u5bf9\u6240\u9009\u6587\u4ef6\u8fdb\u884c\u7b26\u5408\u6027\u8bc4\u4f30\uff0c\u5982\u7b26\u5408\u6027\u58f0\u660e\u3001\u7b26\u5408\u6027\u8bc1\u4e66\u3001\u7b26\u5408\u6027\u8bc1\u4e66\u3001\u7b26\u5408\u6027\u8bc1\u4e66\u3001\u7b26\u5408\u6027\u8bc1\u4e66\u3001\u7b26\u5408\u6027\u8bc1\u4e66\u3001\u7b26\u5408\u6027\u8bc1\u4e66\u3001\u7b26\u5408\u6027\u8bc1\u4e66\u3001\u7b26\u5408\u6027\u8bc1\u4e66\u3001\u7b26\u5408\u6027\u8bc1\u4e66\u3001\u7b26\u5408\u6027\u8bc1\u4e66\u3001\u7b26\u5408\u6027\u8bc1\u4e66\u3001\u7b26\u5408\u6027\u8bc1\u4e66\u3001\u7b26\u5408\u6027\u8bc1\u4e66\u3001\u7b26\u5408\u6027\u8bc1\u4e66\u7b49\u3002&nbsp;<a href=\"https:\/\/icr.you2.pl\/cn\/doc\/\" rel=\"bookmark\">\u9605\u8bfb\u66f4\u591a \"<span class=\"screen-reader-text\">\u6d77\u5173\u548c\u8fdb\u53e3\u6587\u4ef6<\/span><\/a><\/p>","protected":false},"author":2,"featured_media":0,"parent":0,"menu_order":0,"comment_status":"closed","ping_status":"closed","template":"","meta":{"neve_meta_sidebar":"","neve_meta_container":"","neve_meta_enable_content_width":"off","neve_meta_content_width":80,"neve_meta_title_alignment":"","neve_meta_author_avatar":"","neve_post_elements_order":"","neve_meta_disable_header":"","neve_meta_disable_footer":"","neve_meta_disable_title":"","footnotes":""},"class_list":["post-12256","page","type-page","status-publish","hentry"],"yoast_head":"<!-- This site is optimized with the Yoast SEO plugin v26.8 - https:\/\/yoast.com\/product\/yoast-seo-wordpress\/ -->\n<title>Dokumenty celno-importowe - ICR POLSKA - badania i certyfikacja<\/title>\n<meta name=\"robots\" content=\"index, follow, max-snippet:-1, max-image-preview:large, max-video-preview:-1\" \/>\n<link rel=\"canonical\" href=\"https:\/\/icr.you2.pl\/cn\/doc\/\" \/>\n<meta property=\"og:locale\" content=\"zh_CN\" \/>\n<meta property=\"og:type\" content=\"article\" \/>\n<meta property=\"og:title\" content=\"Dokumenty celno-importowe - ICR POLSKA - badania i certyfikacja\" \/>\n<meta property=\"og:description\" content=\"Oferujemy przegl\u0105d dokumentacji celno-importowej dla wyrob\u00f3w wprowadzanych do obrotu na obszar: Unii Europejskiej Stan\u00f3w Zjednoczonych Kanady Korei Po\u0142udniowej Dla importer\u00f3w i eksporter\u00f3w proponujemy: Identyfikacj\u0119 wymaganych dokument\u00f3w techniczno-konstrukcyjnych na zgodno\u015b\u0107 z przepisami dot. wprowadzania do obrotu, Identyfikacj\u0119 przepis\u00f3w np. Dyrektyw, Rozporz\u0105dze\u0144, norm krajowych i mi\u0119dzynarodowych maj\u0105cych zastosowanie do wyrobu, Ocen\u0119 zgodno\u015bci wybranych dokument\u00f3w np. Deklaracji Zgodno\u015bci,&hellip;&nbsp;\u9605\u8bfb\u66f4\u591a &raquo;Dokumenty celno-importowe\" \/>\n<meta property=\"og:url\" content=\"https:\/\/icr.you2.pl\/cn\/doc\/\" \/>\n<meta property=\"og:site_name\" content=\"ICR POLSKA - badania i certyfikacja\" \/>\n<meta property=\"article:modified_time\" content=\"2023-12-18T09:56:10+00:00\" \/>\n<meta name=\"twitter:card\" content=\"summary_large_image\" \/>\n<meta name=\"twitter:label1\" content=\"\u9884\u8ba1\u9605\u8bfb\u65f6\u95f4\" \/>\n\t<meta name=\"twitter:data1\" content=\"1 \u5206\" \/>\n<script type=\"application\/ld+json\" class=\"yoast-schema-graph\">{\"@context\":\"https:\/\/schema.org\",\"@graph\":[{\"@type\":\"WebPage\",\"@id\":\"https:\/\/icr.you2.pl\/doc\/\",\"url\":\"https:\/\/icr.you2.pl\/doc\/\",\"name\":\"Dokumenty celno-importowe - ICR POLSKA - badania i certyfikacja\",\"isPartOf\":{\"@id\":\"https:\/\/icr.you2.pl\/#website\"},\"datePublished\":\"2023-12-18T08:06:09+00:00\",\"dateModified\":\"2023-12-18T09:56:10+00:00\",\"breadcrumb\":{\"@id\":\"https:\/\/icr.you2.pl\/doc\/#breadcrumb\"},\"inLanguage\":\"zh-Hans\",\"potentialAction\":[{\"@type\":\"ReadAction\",\"target\":[\"https:\/\/icr.you2.pl\/doc\/\"]}]},{\"@type\":\"BreadcrumbList\",\"@id\":\"https:\/\/icr.you2.pl\/doc\/#breadcrumb\",\"itemListElement\":[{\"@type\":\"ListItem\",\"position\":1,\"name\":\"Strona g\u0142\u00f3wna\",\"item\":\"https:\/\/icr.you2.pl\/\"},{\"@type\":\"ListItem\",\"position\":2,\"name\":\"Dokumenty celno-importowe\"}]},{\"@type\":\"WebSite\",\"@id\":\"https:\/\/icr.you2.pl\/#website\",\"url\":\"https:\/\/icr.you2.pl\/\",\"name\":\"ICR POLSKA - badania i certyfikacja\",\"description\":\"CE certification, CE certificate, ISO certificate, RED testing, product testing and certification, electrical product testing, medical device testing, ATEX, IECEx, FCC, product certification, EMC testing, machinery certification, CE machines, training, electronic product testing, testing 2014\/53\/EU, drone certification, ISO 13485 certificate, ISO 9001 certificate, NC RfG\",\"publisher\":{\"@id\":\"https:\/\/icr.you2.pl\/#\/schema\/person\/944799c9e2f4a94662e3fcb3b1544baf\"},\"potentialAction\":[{\"@type\":\"SearchAction\",\"target\":{\"@type\":\"EntryPoint\",\"urlTemplate\":\"https:\/\/icr.you2.pl\/?s={search_term_string}\"},\"query-input\":{\"@type\":\"PropertyValueSpecification\",\"valueRequired\":true,\"valueName\":\"search_term_string\"}}],\"inLanguage\":\"zh-Hans\"},{\"@type\":[\"Person\",\"Organization\"],\"@id\":\"https:\/\/icr.you2.pl\/#\/schema\/person\/944799c9e2f4a94662e3fcb3b1544baf\",\"name\":\"admin\",\"image\":{\"@type\":\"ImageObject\",\"inLanguage\":\"zh-Hans\",\"@id\":\"https:\/\/icr.you2.pl\/#\/schema\/person\/image\/\",\"url\":\"https:\/\/icr.you2.pl\/wp-content\/uploads\/2019\/05\/cropped-logo-icr.32f04ad5-1-1.png\",\"contentUrl\":\"https:\/\/icr.you2.pl\/wp-content\/uploads\/2019\/05\/cropped-logo-icr.32f04ad5-1-1.png\",\"width\":400,\"height\":148,\"caption\":\"admin\"},\"logo\":{\"@id\":\"https:\/\/icr.you2.pl\/#\/schema\/person\/image\/\"}}]}<\/script>\n<!-- \/ Yoast SEO plugin. -->","yoast_head_json":{"title":"\u6d77\u5173\u548c\u8fdb\u53e3\u6587\u4ef6 - ICR \u6ce2\u5170 - \u68c0\u6d4b\u548c\u8ba4\u8bc1","robots":{"index":"index","follow":"follow","max-snippet":"max-snippet:-1","max-image-preview":"max-image-preview:large","max-video-preview":"max-video-preview:-1"},"canonical":"https:\/\/icr.you2.pl\/cn\/doc\/","og_locale":"zh_CN","og_type":"article","og_title":"Dokumenty celno-importowe - ICR POLSKA - badania i certyfikacja","og_description":"Oferujemy przegl\u0105d dokumentacji celno-importowej dla wyrob\u00f3w wprowadzanych do obrotu na obszar: Unii Europejskiej Stan\u00f3w Zjednoczonych Kanady Korei Po\u0142udniowej Dla importer\u00f3w i eksporter\u00f3w proponujemy: Identyfikacj\u0119 wymaganych dokument\u00f3w techniczno-konstrukcyjnych na zgodno\u015b\u0107 z przepisami dot. wprowadzania do obrotu, Identyfikacj\u0119 przepis\u00f3w np. Dyrektyw, Rozporz\u0105dze\u0144, norm krajowych i mi\u0119dzynarodowych maj\u0105cych zastosowanie do wyrobu, Ocen\u0119 zgodno\u015bci wybranych dokument\u00f3w np. Deklaracji Zgodno\u015bci,&hellip;&nbsp;\u9605\u8bfb\u66f4\u591a &raquo;Dokumenty celno-importowe","og_url":"https:\/\/icr.you2.pl\/cn\/doc\/","og_site_name":"ICR POLSKA - badania i certyfikacja","article_modified_time":"2023-12-18T09:56:10+00:00","twitter_card":"summary_large_image","twitter_misc":{"\u9884\u8ba1\u9605\u8bfb\u65f6\u95f4":"1 \u5206"},"schema":{"@context":"https:\/\/schema.org","@graph":[{"@type":"WebPage","@id":"https:\/\/icr.you2.pl\/doc\/","url":"https:\/\/icr.you2.pl\/doc\/","name":"\u6d77\u5173\u548c\u8fdb\u53e3\u6587\u4ef6 - ICR \u6ce2\u5170 - \u68c0\u6d4b\u548c\u8ba4\u8bc1","isPartOf":{"@id":"https:\/\/icr.you2.pl\/#website"},"datePublished":"2023-12-18T08:06:09+00:00","dateModified":"2023-12-18T09:56:10+00:00","breadcrumb":{"@id":"https:\/\/icr.you2.pl\/doc\/#breadcrumb"},"inLanguage":"zh-Hans","potentialAction":[{"@type":"ReadAction","target":["https:\/\/icr.you2.pl\/doc\/"]}]},{"@type":"BreadcrumbList","@id":"https:\/\/icr.you2.pl\/doc\/#breadcrumb","itemListElement":[{"@type":"ListItem","position":1,"name":"Strona g\u0142\u00f3wna","item":"https:\/\/icr.you2.pl\/"},{"@type":"ListItem","position":2,"name":"Dokumenty celno-importowe"}]},{"@type":"WebSite","@id":"https:\/\/icr.you2.pl\/#website","url":"https:\/\/icr.you2.pl\/","name":"ICR\u6ce2\u5170 - \u6d4b\u8bd5\u548c\u8ba4\u8bc1","description":"CE\u8ba4\u8bc1\u3001CE\u8bc1\u4e66\u3001ISO\u8bc1\u4e66\u3001RED\u6d4b\u8bd5\u3001\u4ea7\u54c1\u6d4b\u8bd5\u548c\u8ba4\u8bc1\u3001\u7535\u6c14\u4ea7\u54c1\u6d4b\u8bd5\u3001\u533b\u7597\u8bbe\u5907\u6d4b\u8bd5\u3001ATEX\u3001IECEx\u3001FCC\u3001\u4ea7\u54c1\u8ba4\u8bc1\u3001EMC\u6d4b\u8bd5\u3001\u673a\u68b0\u8ba4\u8bc1\u3001CE\u673a\u5668\u3001\u57f9\u8bad\u3001\u7535\u5b50\u4ea7\u54c1\u6d4b\u8bd5\u30012014\/53\/EU\u6d4b\u8bd5\u3001\u65e0\u4eba\u673a\u8ba4\u8bc1\u3001ISO 13485\u8bc1\u4e66\u3001ISO 9001\u8bc1\u4e66\u3001NC RfG","publisher":{"@id":"https:\/\/icr.you2.pl\/#\/schema\/person\/944799c9e2f4a94662e3fcb3b1544baf"},"potentialAction":[{"@type":"SearchAction","target":{"@type":"EntryPoint","urlTemplate":"https:\/\/icr.you2.pl\/?s={search_term_string}"},"query-input":{"@type":"PropertyValueSpecification","valueRequired":true,"valueName":"search_term_string"}}],"inLanguage":"zh-Hans"},{"@type":["Person","Organization"],"@id":"https:\/\/icr.you2.pl\/#\/schema\/person\/944799c9e2f4a94662e3fcb3b1544baf","name":"\u7ba1\u7406\u5458","image":{"@type":"ImageObject","inLanguage":"zh-Hans","@id":"https:\/\/icr.you2.pl\/#\/schema\/person\/image\/","url":"https:\/\/icr.you2.pl\/wp-content\/uploads\/2019\/05\/cropped-logo-icr.32f04ad5-1-1.png","contentUrl":"https:\/\/icr.you2.pl\/wp-content\/uploads\/2019\/05\/cropped-logo-icr.32f04ad5-1-1.png","width":400,"height":148,"caption":"admin"},"logo":{"@id":"https:\/\/icr.you2.pl\/#\/schema\/person\/image\/"}}]}},"_links":{"self":[{"href":"https:\/\/icr.you2.pl\/cn\/wp-json\/wp\/v2\/pages\/12256","targetHints":{"allow":["GET"]}}],"collection":[{"href":"https:\/\/icr.you2.pl\/cn\/wp-json\/wp\/v2\/pages"}],"about":[{"href":"https:\/\/icr.you2.pl\/cn\/wp-json\/wp\/v2\/types\/page"}],"author":[{"embeddable":true,"href":"https:\/\/icr.you2.pl\/cn\/wp-json\/wp\/v2\/users\/2"}],"replies":[{"embeddable":true,"href":"https:\/\/icr.you2.pl\/cn\/wp-json\/wp\/v2\/comments?post=12256"}],"version-history":[{"count":0,"href":"https:\/\/icr.you2.pl\/cn\/wp-json\/wp\/v2\/pages\/12256\/revisions"}],"wp:attachment":[{"href":"https:\/\/icr.you2.pl\/cn\/wp-json\/wp\/v2\/media?parent=12256"}],"curies":[{"name":"wp","href":"https:\/\/api.w.org\/{rel}","templated":true}]}}