{"id":16326,"date":"2025-03-06T15:21:23","date_gmt":"2025-03-06T14:21:23","guid":{"rendered":"https:\/\/icrpolska.com\/?page_id=16326"},"modified":"2025-03-06T15:29:55","modified_gmt":"2025-03-06T14:29:55","slug":"cyberbezpieczenstwo","status":"publish","type":"page","link":"https:\/\/icr.you2.pl\/cn\/badania-wyrobow\/cyberbezpieczenstwo\/","title":{"rendered":"\u7f51\u7edc\u5b89\u5168"},"content":{"rendered":"<p>\u6211\u4eec\u6839\u636e ETSI EN 303 645 V3.1.3 \u6807\u51c6\u5bf9\u8fde\u63a5\u5230\u7f51\u7edc\u57fa\u7840\u8bbe\u65bd\uff08\u5982\u4e92\u8054\u7f51\u6216\u5bb6\u5ead\u7f51\u7edc\uff09\u7684\u6d88\u8d39\u7c7b\u7269\u8054\u7f51\u8bbe\u5907\u8fdb\u884c\u5b89\u5168\u6d4b\u8bd5<br \/>\n\u6d88\u8d39\u7c7b\u7269\u8054\u7f51\u8bbe\u5907\u793a\u4f8b\uff1a<br \/>\n- \u513f\u7ae5\u73a9\u5177\u548c\u5a74\u513f\u76d1\u89c6\u5668\u3001<br \/>\n- \u4e0e\u5b89\u5168\u76f8\u5173\u7684\u4ea7\u54c1\uff0c\u5982\u70df\u96fe\u63a2\u6d4b\u5668\u548c\u95e8\u9501\u3001<br \/>\n- \u8fde\u63a5\u591a\u4e2a\u8bbe\u5907\u7684\u7269\u8054\u7f51\u57fa\u7ad9\u548c\u96c6\u7ebf\u5668\u3001<br \/>\n- \u667a\u80fd\u6444\u50cf\u673a\u3001\u7535\u89c6\u673a\u548c\u626c\u58f0\u5668\u3001<br \/>\n- \u4fbf\u643a\u5f0f\u5065\u5eb7\u8ffd\u8e2a\u5668<br \/>\n- \u5bb6\u5ead\u81ea\u52a8\u5316\u548c\u8b66\u62a5\u7cfb\u7edf\uff0c\u7279\u522b\u662f\u5176\u7f51\u5173\u548c\u96c6\u7ebf\u5668\u3001<br \/>\n- \u6d17\u8863\u673a\u548c\u51b0\u7bb1\u7b49\u7535\u5668\u3001<br \/>\n- \u667a\u80fd\u5bb6\u5c45\u5143\u7d20\u3002<\/p>\n<p>\u6211\u4eec\u4e3a\u4ee5\u4e0b\u65e0\u7ebf\u7535\u8bbe\u5907\u63d0\u4f9b\u7f51\u7edc\u5b89\u5168\u6d4b\u8bd5\uff1a<br \/>\n- \u5bf9\u7f51\u7edc\u53ca\u5176\u8fd0\u884c\u9020\u6210\u4e0d\u826f\u5f71\u54cd\uff0c\u6216\u4ee5\u4e0d\u9002\u5f53\u7684\u65b9\u5f0f\u4f7f\u7528\u7f51\u7edc\u8d44\u6e90\uff0c\u4ece\u800c\u5bfc\u81f4\u4e0d\u53ef\u63a5\u53d7\u7684\u670d\u52a1\u8d28\u91cf\u4e0b\u964d\u3001<br \/>\n- \u4fdd\u62a4\u7528\u6237\u548c\u8ba2\u6237\u7684\u4e2a\u4eba\u6570\u636e\u548c\u9690\u79c1\u3001<br \/>\n- \u6b3a\u8bc8\u4fdd\u62a4\u3002<br \/>\n\u6d4b\u8bd5\u6839\u636e EN 18031-1\uff1a2024\u3001EN 18031-2\uff1a2024\u3001EN 18031-3:2024 \u8fdb\u884c\u3002<\/p>","protected":false},"excerpt":{"rendered":"<p>\u6211\u4eec\u6839\u636e ETSI EN 303 645 V3.1.3 \u6807\u51c6\u5bf9\u8fde\u63a5\u5230\u7f51\u7edc\u57fa\u7840\u8bbe\u65bd\uff08\u5982\u4e92\u8054\u7f51\u6216\u5bb6\u5ead\u7f51\u7edc\uff09\u7684\u6d88\u8d39\u7c7b\u7269\u8054\u7f51\u8bbe\u5907\u8fdb\u884c\u5b89\u5168\u6d4b\u8bd5\uff1a- \u513f\u7ae5\u73a9\u5177\u548c\u5a74\u513f\u76d1\u89c6\u5668\uff0c - \u5b89\u5168\u76f8\u5173\u4ea7\u54c1\uff0c\u5982\u70df\u96fe\u63a2\u6d4b\u5668\u548c\u95e8\u9501\uff0c - \u57fa\u7ad9...&nbsp;<a href=\"https:\/\/icr.you2.pl\/cn\/badania-wyrobow\/cyberbezpieczenstwo\/\" rel=\"bookmark\">\u9605\u8bfb\u66f4\u591a \"<span class=\"screen-reader-text\">\u7f51\u7edc\u5b89\u5168<\/span><\/a><\/p>","protected":false},"author":2,"featured_media":0,"parent":979,"menu_order":0,"comment_status":"closed","ping_status":"closed","template":"","meta":{"neve_meta_sidebar":"","neve_meta_container":"","neve_meta_enable_content_width":"off","neve_meta_content_width":100,"neve_meta_title_alignment":"","neve_meta_author_avatar":"","neve_post_elements_order":"","neve_meta_disable_header":"","neve_meta_disable_footer":"","neve_meta_disable_title":"","footnotes":""},"class_list":["post-16326","page","type-page","status-publish","hentry"],"yoast_head":"<!-- This site is optimized with the Yoast SEO plugin v26.8 - https:\/\/yoast.com\/product\/yoast-seo-wordpress\/ -->\n<title>Cyberbezpiecze\u0144stwo - ICR POLSKA - badania i certyfikacja<\/title>\n<meta name=\"robots\" content=\"index, follow, max-snippet:-1, max-image-preview:large, max-video-preview:-1\" \/>\n<link rel=\"canonical\" href=\"https:\/\/icr.you2.pl\/cn\/badania-wyrobow\/cyberbezpieczenstwo\/\" \/>\n<meta property=\"og:locale\" content=\"zh_CN\" \/>\n<meta property=\"og:type\" content=\"article\" \/>\n<meta property=\"og:title\" content=\"Cyberbezpiecze\u0144stwo - ICR POLSKA - badania i certyfikacja\" \/>\n<meta property=\"og:description\" content=\"Oferujemy badania z zakresu bezpiecze\u0144stwa konsumenckich urz\u0105dze\u0144 Internetu rzeczy, kt\u00f3re s\u0105 pod\u0142\u0105czone do infrastruktury sieciowej (np. internetu lub sieci domowej) wed\u0142ug normy ETSI EN 303 645 V3.1.3 Przyk\u0142ady konsumenckich urz\u0105dze\u0144 internetu rzeczy: &#8211; zabawki dla dzieci i monitory dzieci\u0119ce, &#8211; produkty zwi\u0105zane z bezpiecze\u0144stwem, takie jak czujniki dymu i zamki do drzwi, &#8211; stacje bazowe&hellip;&nbsp;\u9605\u8bfb\u66f4\u591a &raquo;Cyberbezpiecze\u0144stwo\" \/>\n<meta property=\"og:url\" content=\"https:\/\/icr.you2.pl\/cn\/badania-wyrobow\/cyberbezpieczenstwo\/\" \/>\n<meta property=\"og:site_name\" content=\"ICR POLSKA - badania i certyfikacja\" \/>\n<meta property=\"article:modified_time\" content=\"2025-03-06T14:29:55+00:00\" \/>\n<meta name=\"twitter:card\" content=\"summary_large_image\" \/>\n<meta name=\"twitter:label1\" content=\"\u9884\u8ba1\u9605\u8bfb\u65f6\u95f4\" \/>\n\t<meta name=\"twitter:data1\" content=\"1 \u5206\" \/>\n<script type=\"application\/ld+json\" class=\"yoast-schema-graph\">{\"@context\":\"https:\/\/schema.org\",\"@graph\":[{\"@type\":\"WebPage\",\"@id\":\"https:\/\/icr.you2.pl\/badania-wyrobow\/cyberbezpieczenstwo\/\",\"url\":\"https:\/\/icr.you2.pl\/badania-wyrobow\/cyberbezpieczenstwo\/\",\"name\":\"Cyberbezpiecze\u0144stwo - ICR POLSKA - badania i certyfikacja\",\"isPartOf\":{\"@id\":\"https:\/\/icr.you2.pl\/#website\"},\"datePublished\":\"2025-03-06T14:21:23+00:00\",\"dateModified\":\"2025-03-06T14:29:55+00:00\",\"breadcrumb\":{\"@id\":\"https:\/\/icr.you2.pl\/badania-wyrobow\/cyberbezpieczenstwo\/#breadcrumb\"},\"inLanguage\":\"zh-Hans\",\"potentialAction\":[{\"@type\":\"ReadAction\",\"target\":[\"https:\/\/icr.you2.pl\/badania-wyrobow\/cyberbezpieczenstwo\/\"]}]},{\"@type\":\"BreadcrumbList\",\"@id\":\"https:\/\/icr.you2.pl\/badania-wyrobow\/cyberbezpieczenstwo\/#breadcrumb\",\"itemListElement\":[{\"@type\":\"ListItem\",\"position\":1,\"name\":\"Strona g\u0142\u00f3wna\",\"item\":\"https:\/\/icr.you2.pl\/\"},{\"@type\":\"ListItem\",\"position\":2,\"name\":\"Badania wyrob\u00f3w\",\"item\":\"https:\/\/icr.you2.pl\/badania-wyrobow\/\"},{\"@type\":\"ListItem\",\"position\":3,\"name\":\"Cyberbezpiecze\u0144stwo\"}]},{\"@type\":\"WebSite\",\"@id\":\"https:\/\/icr.you2.pl\/#website\",\"url\":\"https:\/\/icr.you2.pl\/\",\"name\":\"ICR POLSKA - badania i certyfikacja\",\"description\":\"CE certification, CE certificate, ISO certificate, RED testing, product testing and certification, electrical product testing, medical device testing, ATEX, IECEx, FCC, product certification, EMC testing, machinery certification, CE machines, training, electronic product testing, testing 2014\/53\/EU, drone certification, ISO 13485 certificate, ISO 9001 certificate, NC RfG\",\"publisher\":{\"@id\":\"https:\/\/icr.you2.pl\/#\/schema\/person\/944799c9e2f4a94662e3fcb3b1544baf\"},\"potentialAction\":[{\"@type\":\"SearchAction\",\"target\":{\"@type\":\"EntryPoint\",\"urlTemplate\":\"https:\/\/icr.you2.pl\/?s={search_term_string}\"},\"query-input\":{\"@type\":\"PropertyValueSpecification\",\"valueRequired\":true,\"valueName\":\"search_term_string\"}}],\"inLanguage\":\"zh-Hans\"},{\"@type\":[\"Person\",\"Organization\"],\"@id\":\"https:\/\/icr.you2.pl\/#\/schema\/person\/944799c9e2f4a94662e3fcb3b1544baf\",\"name\":\"admin\",\"image\":{\"@type\":\"ImageObject\",\"inLanguage\":\"zh-Hans\",\"@id\":\"https:\/\/icr.you2.pl\/#\/schema\/person\/image\/\",\"url\":\"https:\/\/icr.you2.pl\/wp-content\/uploads\/2019\/05\/cropped-logo-icr.32f04ad5-1-1.png\",\"contentUrl\":\"https:\/\/icr.you2.pl\/wp-content\/uploads\/2019\/05\/cropped-logo-icr.32f04ad5-1-1.png\",\"width\":400,\"height\":148,\"caption\":\"admin\"},\"logo\":{\"@id\":\"https:\/\/icr.you2.pl\/#\/schema\/person\/image\/\"}}]}<\/script>\n<!-- \/ Yoast SEO plugin. -->","yoast_head_json":{"title":"\u7f51\u7edc\u5b89\u5168 - ICR POLAND - \u6d4b\u8bd5\u548c\u8ba4\u8bc1","robots":{"index":"index","follow":"follow","max-snippet":"max-snippet:-1","max-image-preview":"max-image-preview:large","max-video-preview":"max-video-preview:-1"},"canonical":"https:\/\/icr.you2.pl\/cn\/badania-wyrobow\/cyberbezpieczenstwo\/","og_locale":"zh_CN","og_type":"article","og_title":"Cyberbezpiecze\u0144stwo - ICR POLSKA - badania i certyfikacja","og_description":"Oferujemy badania z zakresu bezpiecze\u0144stwa konsumenckich urz\u0105dze\u0144 Internetu rzeczy, kt\u00f3re s\u0105 pod\u0142\u0105czone do infrastruktury sieciowej (np. internetu lub sieci domowej) wed\u0142ug normy ETSI EN 303 645 V3.1.3 Przyk\u0142ady konsumenckich urz\u0105dze\u0144 internetu rzeczy: &#8211; zabawki dla dzieci i monitory dzieci\u0119ce, &#8211; produkty zwi\u0105zane z bezpiecze\u0144stwem, takie jak czujniki dymu i zamki do drzwi, &#8211; stacje bazowe&hellip;&nbsp;\u9605\u8bfb\u66f4\u591a &raquo;Cyberbezpiecze\u0144stwo","og_url":"https:\/\/icr.you2.pl\/cn\/badania-wyrobow\/cyberbezpieczenstwo\/","og_site_name":"ICR POLSKA - badania i certyfikacja","article_modified_time":"2025-03-06T14:29:55+00:00","twitter_card":"summary_large_image","twitter_misc":{"\u9884\u8ba1\u9605\u8bfb\u65f6\u95f4":"1 \u5206"},"schema":{"@context":"https:\/\/schema.org","@graph":[{"@type":"WebPage","@id":"https:\/\/icr.you2.pl\/badania-wyrobow\/cyberbezpieczenstwo\/","url":"https:\/\/icr.you2.pl\/badania-wyrobow\/cyberbezpieczenstwo\/","name":"\u7f51\u7edc\u5b89\u5168 - ICR POLAND - \u6d4b\u8bd5\u548c\u8ba4\u8bc1","isPartOf":{"@id":"https:\/\/icr.you2.pl\/#website"},"datePublished":"2025-03-06T14:21:23+00:00","dateModified":"2025-03-06T14:29:55+00:00","breadcrumb":{"@id":"https:\/\/icr.you2.pl\/badania-wyrobow\/cyberbezpieczenstwo\/#breadcrumb"},"inLanguage":"zh-Hans","potentialAction":[{"@type":"ReadAction","target":["https:\/\/icr.you2.pl\/badania-wyrobow\/cyberbezpieczenstwo\/"]}]},{"@type":"BreadcrumbList","@id":"https:\/\/icr.you2.pl\/badania-wyrobow\/cyberbezpieczenstwo\/#breadcrumb","itemListElement":[{"@type":"ListItem","position":1,"name":"Strona g\u0142\u00f3wna","item":"https:\/\/icr.you2.pl\/"},{"@type":"ListItem","position":2,"name":"Badania wyrob\u00f3w","item":"https:\/\/icr.you2.pl\/badania-wyrobow\/"},{"@type":"ListItem","position":3,"name":"Cyberbezpiecze\u0144stwo"}]},{"@type":"WebSite","@id":"https:\/\/icr.you2.pl\/#website","url":"https:\/\/icr.you2.pl\/","name":"ICR\u6ce2\u5170 - \u6d4b\u8bd5\u548c\u8ba4\u8bc1","description":"CE\u8ba4\u8bc1\u3001CE\u8bc1\u4e66\u3001ISO\u8bc1\u4e66\u3001RED\u6d4b\u8bd5\u3001\u4ea7\u54c1\u6d4b\u8bd5\u548c\u8ba4\u8bc1\u3001\u7535\u6c14\u4ea7\u54c1\u6d4b\u8bd5\u3001\u533b\u7597\u8bbe\u5907\u6d4b\u8bd5\u3001ATEX\u3001IECEx\u3001FCC\u3001\u4ea7\u54c1\u8ba4\u8bc1\u3001EMC\u6d4b\u8bd5\u3001\u673a\u68b0\u8ba4\u8bc1\u3001CE\u673a\u5668\u3001\u57f9\u8bad\u3001\u7535\u5b50\u4ea7\u54c1\u6d4b\u8bd5\u30012014\/53\/EU\u6d4b\u8bd5\u3001\u65e0\u4eba\u673a\u8ba4\u8bc1\u3001ISO 13485\u8bc1\u4e66\u3001ISO 9001\u8bc1\u4e66\u3001NC RfG","publisher":{"@id":"https:\/\/icr.you2.pl\/#\/schema\/person\/944799c9e2f4a94662e3fcb3b1544baf"},"potentialAction":[{"@type":"SearchAction","target":{"@type":"EntryPoint","urlTemplate":"https:\/\/icr.you2.pl\/?s={search_term_string}"},"query-input":{"@type":"PropertyValueSpecification","valueRequired":true,"valueName":"search_term_string"}}],"inLanguage":"zh-Hans"},{"@type":["Person","Organization"],"@id":"https:\/\/icr.you2.pl\/#\/schema\/person\/944799c9e2f4a94662e3fcb3b1544baf","name":"\u7ba1\u7406\u5458","image":{"@type":"ImageObject","inLanguage":"zh-Hans","@id":"https:\/\/icr.you2.pl\/#\/schema\/person\/image\/","url":"https:\/\/icr.you2.pl\/wp-content\/uploads\/2019\/05\/cropped-logo-icr.32f04ad5-1-1.png","contentUrl":"https:\/\/icr.you2.pl\/wp-content\/uploads\/2019\/05\/cropped-logo-icr.32f04ad5-1-1.png","width":400,"height":148,"caption":"admin"},"logo":{"@id":"https:\/\/icr.you2.pl\/#\/schema\/person\/image\/"}}]}},"_links":{"self":[{"href":"https:\/\/icr.you2.pl\/cn\/wp-json\/wp\/v2\/pages\/16326","targetHints":{"allow":["GET"]}}],"collection":[{"href":"https:\/\/icr.you2.pl\/cn\/wp-json\/wp\/v2\/pages"}],"about":[{"href":"https:\/\/icr.you2.pl\/cn\/wp-json\/wp\/v2\/types\/page"}],"author":[{"embeddable":true,"href":"https:\/\/icr.you2.pl\/cn\/wp-json\/wp\/v2\/users\/2"}],"replies":[{"embeddable":true,"href":"https:\/\/icr.you2.pl\/cn\/wp-json\/wp\/v2\/comments?post=16326"}],"version-history":[{"count":0,"href":"https:\/\/icr.you2.pl\/cn\/wp-json\/wp\/v2\/pages\/16326\/revisions"}],"up":[{"embeddable":true,"href":"https:\/\/icr.you2.pl\/cn\/wp-json\/wp\/v2\/pages\/979"}],"wp:attachment":[{"href":"https:\/\/icr.you2.pl\/cn\/wp-json\/wp\/v2\/media?parent=16326"}],"curies":[{"name":"wp","href":"https:\/\/api.w.org\/{rel}","templated":true}]}}