{"id":1899,"date":"2019-05-22T06:51:40","date_gmt":"2019-05-22T06:51:40","guid":{"rendered":"http:\/\/icrpolska.e-ksperci.pl\/?page_id=1899"},"modified":"2022-09-07T23:02:26","modified_gmt":"2022-09-07T21:02:26","slug":"iso-9001","status":"publish","type":"page","link":"https:\/\/icr.you2.pl\/cn\/certyfikacja-systemow\/iso-9001\/","title":{"rendered":"ISO 9001 - \u56fd\u9645\u6807\u51c6\u5316\u7ec4\u7ec7"},"content":{"rendered":"<h2>\u4ec0\u4e48\u662fISO 9001\uff1f<\/h2>\n<p class=\"translation-block\">ISO 9001\u662f\u7531ISO\uff08\u56fd\u9645\u6807\u51c6\u5316\u7ec4\u7ec7\uff09\u5236\u5b9a\u7684\u4e00\u7cfb\u5217\u6807\u51c6\uff0c\u4e0e\u8d28\u91cf\u7ba1\u7406\u7cfb\u7edf\u6709\u5173\uff0c\u65e8\u5728\u5e2e\u52a9\u7ec4\u7ec7\u6ee1\u8db3\u5ba2\u6237\u548c\u5176\u4ed6<strong>\u5229\u76ca\u76f8\u5173\u8005\u7684\u9700\u6c42<\/strong>\u3002<\/p>\n<p>ISO 9001\u662f\u4e00\u4e2a\u786e\u4fdd\u8ba4\u8bc1\u7684\u7cfb\u7edf\uff0c\u901a\u8fc7\u68c0\u67e5\u4e00\u4e2a\u7ec4\u7ec7\u7684\u8d28\u91cf\u7ba1\u7406\u7cfb\u7edf\u662f\u5426\u7b26\u5408ISO 9001\u6807\u51c6\u3002 \u8be5\u6807\u51c6\u53ef\u4ee5\u6db5\u76d6\u6240\u6709\u5de5\u4e1a\u90e8\u95e8\uff0c\u4e0d\u4ec5\u6d89\u53ca\u5236\u9020\u4e1a\u3001\u5efa\u7b51\u4e1a\u548c\u670d\u52a1\u4e1a\uff0c\u8fd8\u5305\u62ec\u5b66\u6821\u7b49\u516c\u5171\u670d\u52a1\u90e8\u95e8\u3002<\/p>\n<h4>ISO 9001\u7684\u5173\u952e\u6982\u5ff5<\/h4>\n<ul>\n<li>\u786e\u8ba4\u6b63\u5728\u4f7f\u7528\u7684\u8d28\u91cf\u7ba1\u7406\u7cfb\u7edf\u5df2\u83b7\u5f97\u8ba4\u8bc1<\/li>\n<li>\u57fa\u4e8e\u6240\u6709\u8d28\u91cf\u7ba1\u7406\u6d3b\u52a8\u90fd\u662f\u76f8\u4e92\u5173\u8054\u7684\uff0c\u5305\u62ec\u8f93\u5165\u548c\u8f93\u51fa\u7684\u5047\u8bbe\u7684\u8fc7\u7a0b\u65b9\u6cd5<\/li>\n<li>\u8be5\u7cfb\u7edf\u786e\u4fdd\u6301\u7eed\u6539\u8fdb<\/li>\n<li>\u6240\u6709\u7684\u6d3b\u52a8\u90fd\u80fd\u4f7f\u987e\u5ba2\u6ee1\u610f<\/li>\n<\/ul>\n<h4>ISO 9001\u7684\u597d\u5904<\/h4>\n<p>\u5728\u4e00\u4e2a\u5168\u7403\u65e0\u9650\u7ade\u4e89\u7684\u65f6\u4ee3\uff0c\u5728\u786e\u4fdd\u4ea7\u54c1\u548c\u670d\u52a1\u8d28\u91cf\u3001\u4fe1\u4efb\u548c\u4ea7\u54c1\u8d23\u4efb\u7684\u538b\u529b\u4e0b\uff0c\u6240\u6709\u5728\u6fc0\u70c8\u7684\u4ef7\u683c\u548c\u975e\u4ef7\u683c\u7ade\u4e89\u4e0b\u63d0\u4f9b\u4ea7\u54c1\u548c\u670d\u52a1\u7684\u7ec4\u7ec7\u90fd\u5728\u53d1\u5c55\u8d28\u91cf\u7ba1\u7406\u4f53\u7cfb\uff0c\u628a\u5ba2\u6237\u6ee1\u610f\u5ea6\u653e\u5728\u7b2c\u4e00\u4f4d\u3002<\/p>\n<p>\u8d28\u91cf\u7ba1\u7406\u7cfb\u7edf\u5b9a\u4e49\u4e86\u4e3a\u5ba2\u6237\u5b9e\u73b0\u4e0e\u6240\u63d0\u4f9b\u7684\u4ea7\u54c1\u6216\u670d\u52a1\u76f8\u5173\u7684\u4e00\u81f4\u7ed3\u679c\u6240\u9700\u7684\u6240\u6709\u6d3b\u52a8\u3002\u8d28\u91cf\u4fdd\u8bc1\u539f\u5219\u7684\u5efa\u7acb\u3001\u8bb0\u5f55\u3001\u5b9e\u65bd\u548c\u7ef4\u62a4\u662f\u4e3a\u4e86\u6301\u7eed\u6539\u8fdb\u3002<\/p>\n<p>ISO 9001\u8ba4\u8bc1\u88ab\u7528\u6765\u4f5c\u4e3a\u5f15\u8fdb\u548c\u53d1\u5c55\u8d28\u91cf\u7ba1\u7406\u7cfb\u7edf\u7684\u65b9\u6cd5\u3002<\/p>","protected":false},"excerpt":{"rendered":"<p>\u4ec0\u4e48\u662f ISO 9001\uff1fISO 9001 \u662f ISO\uff08\u56fd\u9645\u6807\u51c6\u5316\u7ec4\u7ec7\uff09\u5236\u5b9a\u7684\u4e00\u7cfb\u5217\u4e0e\u8d28\u91cf\u7ba1\u7406\u4f53\u7cfb\u6709\u5173\u7684\u6807\u51c6\uff0c\u65e8\u5728\u5e2e\u52a9\u7ec4\u7ec7\u6ee1\u8db3\u5ba2\u6237\u548c\u5176\u4ed6\u5229\u76ca\u76f8\u5173\u8005\u7684\u9700\u6c42\u3002ISO 9001 \u662f\u4e00\u4e2a\u63d0\u4f9b\u8ba4\u8bc1\u7684\u7cfb\u7edf\uff0c\u901a\u8fc7\u9a8c\u8bc1\u4e00\u4e2a\u7ec4\u7ec7\u7684\u8d28\u91cf\u7ba1\u7406\u7cfb\u7edf\u662f\u5426\u7b26\u5408 ISO 9001 \u7684\u8981\u6c42\uff0c\u6765\u786e\u5b9a\u8be5\u7ec4\u7ec7\u7684\u8d28\u91cf\u7ba1\u7406\u7cfb\u7edf\u662f\u5426\u7b26\u5408 ISO 9001 \u7684\u8981\u6c42......&nbsp;<a href=\"https:\/\/icr.you2.pl\/cn\/certyfikacja-systemow\/iso-9001\/\" rel=\"bookmark\">\u9605\u8bfb\u66f4\u591a \"<span class=\"screen-reader-text\">ISO 9001 - \u56fd\u9645\u6807\u51c6\u5316\u7ec4\u7ec7<\/span><\/a><\/p>","protected":false},"author":1,"featured_media":48,"parent":162,"menu_order":0,"comment_status":"closed","ping_status":"closed","template":"","meta":{"neve_meta_sidebar":"","neve_meta_container":"","neve_meta_enable_content_width":"off","neve_meta_content_width":70,"neve_meta_title_alignment":"","neve_meta_author_avatar":"","neve_post_elements_order":"","neve_meta_disable_header":"","neve_meta_disable_footer":"","neve_meta_disable_title":"","footnotes":""},"class_list":["post-1899","page","type-page","status-publish","has-post-thumbnail","hentry"],"yoast_head":"<!-- This site is optimized with the Yoast SEO plugin v26.8 - https:\/\/yoast.com\/product\/yoast-seo-wordpress\/ -->\n<title>ISO 9001 - International Organization for Standardization - ICR POLSKA - badania i certyfikacja<\/title>\n<meta name=\"robots\" content=\"index, follow, max-snippet:-1, max-image-preview:large, max-video-preview:-1\" \/>\n<link rel=\"canonical\" href=\"https:\/\/icr.you2.pl\/cn\/certyfikacja-systemow\/iso-9001\/\" \/>\n<meta property=\"og:locale\" content=\"zh_CN\" \/>\n<meta property=\"og:type\" content=\"article\" \/>\n<meta property=\"og:title\" content=\"ISO 9001 - International Organization for Standardization - ICR POLSKA - badania i certyfikacja\" \/>\n<meta property=\"og:description\" content=\"Czym jest ISO 9001? ISO 9001 to rodzina norm ustanowionych przez ISO (International Organization for Standardization), kt\u00f3re odnosz\u0105 si\u0119 do system\u00f3w zarz\u0105dzania jako\u015bci\u0105 i maj\u0105 na celu pomoc organizacjom w zaspokajaniu potrzeb klient\u00f3w i innych zainteresowanych stron. ISO 9001 jest systemem zapewnienia certyfikacji przez sprawdzanie, czy system zarz\u0105dzania jako\u015bci\u0105 organizacji jest zgodny z norm\u0105 ISO&hellip;&nbsp;\u9605\u8bfb\u66f4\u591a &raquo;ISO 9001 &#8211; International Organization for Standardization\" \/>\n<meta property=\"og:url\" content=\"https:\/\/icr.you2.pl\/cn\/certyfikacja-systemow\/iso-9001\/\" \/>\n<meta property=\"og:site_name\" content=\"ICR POLSKA - badania i certyfikacja\" \/>\n<meta property=\"article:modified_time\" content=\"2022-09-07T21:02:26+00:00\" \/>\n<meta property=\"og:image\" content=\"https:\/\/icr.you2.pl\/wp-content\/uploads\/2019\/05\/screencapture-icrpolska-e-ksperci-pl-systemy-2019-04-17-17_07_18-e1555513756585.png\" \/>\n\t<meta property=\"og:image:width\" content=\"664\" \/>\n\t<meta property=\"og:image:height\" content=\"621\" \/>\n\t<meta property=\"og:image:type\" content=\"image\/png\" \/>\n<meta name=\"twitter:card\" content=\"summary_large_image\" \/>\n<meta name=\"twitter:label1\" content=\"\u9884\u8ba1\u9605\u8bfb\u65f6\u95f4\" \/>\n\t<meta name=\"twitter:data1\" content=\"2 \u5206\" \/>\n<script type=\"application\/ld+json\" class=\"yoast-schema-graph\">{\"@context\":\"https:\/\/schema.org\",\"@graph\":[{\"@type\":\"WebPage\",\"@id\":\"https:\/\/icr.you2.pl\/certyfikacja-systemow\/iso-9001\/\",\"url\":\"https:\/\/icr.you2.pl\/certyfikacja-systemow\/iso-9001\/\",\"name\":\"ISO 9001 - International Organization for Standardization - ICR POLSKA - badania i certyfikacja\",\"isPartOf\":{\"@id\":\"https:\/\/icr.you2.pl\/#website\"},\"primaryImageOfPage\":{\"@id\":\"https:\/\/icr.you2.pl\/certyfikacja-systemow\/iso-9001\/#primaryimage\"},\"image\":{\"@id\":\"https:\/\/icr.you2.pl\/certyfikacja-systemow\/iso-9001\/#primaryimage\"},\"thumbnailUrl\":\"https:\/\/icr.you2.pl\/wp-content\/uploads\/2019\/05\/screencapture-icrpolska-e-ksperci-pl-systemy-2019-04-17-17_07_18-e1555513756585.png\",\"datePublished\":\"2019-05-22T06:51:40+00:00\",\"dateModified\":\"2022-09-07T21:02:26+00:00\",\"breadcrumb\":{\"@id\":\"https:\/\/icr.you2.pl\/certyfikacja-systemow\/iso-9001\/#breadcrumb\"},\"inLanguage\":\"zh-Hans\",\"potentialAction\":[{\"@type\":\"ReadAction\",\"target\":[\"https:\/\/icr.you2.pl\/certyfikacja-systemow\/iso-9001\/\"]}]},{\"@type\":\"ImageObject\",\"inLanguage\":\"zh-Hans\",\"@id\":\"https:\/\/icr.you2.pl\/certyfikacja-systemow\/iso-9001\/#primaryimage\",\"url\":\"https:\/\/icr.you2.pl\/wp-content\/uploads\/2019\/05\/screencapture-icrpolska-e-ksperci-pl-systemy-2019-04-17-17_07_18-e1555513756585.png\",\"contentUrl\":\"https:\/\/icr.you2.pl\/wp-content\/uploads\/2019\/05\/screencapture-icrpolska-e-ksperci-pl-systemy-2019-04-17-17_07_18-e1555513756585.png\",\"width\":664,\"height\":621},{\"@type\":\"BreadcrumbList\",\"@id\":\"https:\/\/icr.you2.pl\/certyfikacja-systemow\/iso-9001\/#breadcrumb\",\"itemListElement\":[{\"@type\":\"ListItem\",\"position\":1,\"name\":\"Strona g\u0142\u00f3wna\",\"item\":\"https:\/\/icr.you2.pl\/\"},{\"@type\":\"ListItem\",\"position\":2,\"name\":\"Certyfikacja system\u00f3w ISO\",\"item\":\"https:\/\/icr.you2.pl\/en\/certyfikacja-systemow\/\"},{\"@type\":\"ListItem\",\"position\":3,\"name\":\"ISO 9001 &#8211; International Organization for Standardization\"}]},{\"@type\":\"WebSite\",\"@id\":\"https:\/\/icr.you2.pl\/#website\",\"url\":\"https:\/\/icr.you2.pl\/\",\"name\":\"ICR POLSKA - badania i certyfikacja\",\"description\":\"CE certification, CE certificate, ISO certificate, RED testing, product testing and certification, electrical product testing, medical device testing, ATEX, IECEx, FCC, product certification, EMC testing, machinery certification, CE machines, training, electronic product testing, testing 2014\/53\/EU, drone certification, ISO 13485 certificate, ISO 9001 certificate, NC RfG\",\"publisher\":{\"@id\":\"https:\/\/icr.you2.pl\/#\/schema\/person\/944799c9e2f4a94662e3fcb3b1544baf\"},\"potentialAction\":[{\"@type\":\"SearchAction\",\"target\":{\"@type\":\"EntryPoint\",\"urlTemplate\":\"https:\/\/icr.you2.pl\/?s={search_term_string}\"},\"query-input\":{\"@type\":\"PropertyValueSpecification\",\"valueRequired\":true,\"valueName\":\"search_term_string\"}}],\"inLanguage\":\"zh-Hans\"},{\"@type\":[\"Person\",\"Organization\"],\"@id\":\"https:\/\/icr.you2.pl\/#\/schema\/person\/944799c9e2f4a94662e3fcb3b1544baf\",\"name\":\"admin\",\"image\":{\"@type\":\"ImageObject\",\"inLanguage\":\"zh-Hans\",\"@id\":\"https:\/\/icr.you2.pl\/#\/schema\/person\/image\/\",\"url\":\"https:\/\/icr.you2.pl\/wp-content\/uploads\/2019\/05\/cropped-logo-icr.32f04ad5-1-1.png\",\"contentUrl\":\"https:\/\/icr.you2.pl\/wp-content\/uploads\/2019\/05\/cropped-logo-icr.32f04ad5-1-1.png\",\"width\":400,\"height\":148,\"caption\":\"admin\"},\"logo\":{\"@id\":\"https:\/\/icr.you2.pl\/#\/schema\/person\/image\/\"}}]}<\/script>\n<!-- \/ Yoast SEO plugin. -->","yoast_head_json":{"title":"ISO 9001 - \u56fd\u9645\u6807\u51c6\u5316\u7ec4\u7ec7 - ICR POLAND - \u6d4b\u8bd5\u548c\u8ba4\u8bc1","robots":{"index":"index","follow":"follow","max-snippet":"max-snippet:-1","max-image-preview":"max-image-preview:large","max-video-preview":"max-video-preview:-1"},"canonical":"https:\/\/icr.you2.pl\/cn\/certyfikacja-systemow\/iso-9001\/","og_locale":"zh_CN","og_type":"article","og_title":"ISO 9001 - International Organization for Standardization - ICR POLSKA - badania i certyfikacja","og_description":"Czym jest ISO 9001? ISO 9001 to rodzina norm ustanowionych przez ISO (International Organization for Standardization), kt\u00f3re odnosz\u0105 si\u0119 do system\u00f3w zarz\u0105dzania jako\u015bci\u0105 i maj\u0105 na celu pomoc organizacjom w zaspokajaniu potrzeb klient\u00f3w i innych zainteresowanych stron. ISO 9001 jest systemem zapewnienia certyfikacji przez sprawdzanie, czy system zarz\u0105dzania jako\u015bci\u0105 organizacji jest zgodny z norm\u0105 ISO&hellip;&nbsp;\u9605\u8bfb\u66f4\u591a &raquo;ISO 9001 &#8211; International Organization for Standardization","og_url":"https:\/\/icr.you2.pl\/cn\/certyfikacja-systemow\/iso-9001\/","og_site_name":"ICR POLSKA - badania i certyfikacja","article_modified_time":"2022-09-07T21:02:26+00:00","og_image":[{"width":664,"height":621,"url":"https:\/\/icr.you2.pl\/wp-content\/uploads\/2019\/05\/screencapture-icrpolska-e-ksperci-pl-systemy-2019-04-17-17_07_18-e1555513756585.png","type":"image\/png"}],"twitter_card":"summary_large_image","twitter_misc":{"\u9884\u8ba1\u9605\u8bfb\u65f6\u95f4":"2 \u5206"},"schema":{"@context":"https:\/\/schema.org","@graph":[{"@type":"WebPage","@id":"https:\/\/icr.you2.pl\/certyfikacja-systemow\/iso-9001\/","url":"https:\/\/icr.you2.pl\/certyfikacja-systemow\/iso-9001\/","name":"ISO 9001 - \u56fd\u9645\u6807\u51c6\u5316\u7ec4\u7ec7 - ICR POLAND - \u6d4b\u8bd5\u548c\u8ba4\u8bc1","isPartOf":{"@id":"https:\/\/icr.you2.pl\/#website"},"primaryImageOfPage":{"@id":"https:\/\/icr.you2.pl\/certyfikacja-systemow\/iso-9001\/#primaryimage"},"image":{"@id":"https:\/\/icr.you2.pl\/certyfikacja-systemow\/iso-9001\/#primaryimage"},"thumbnailUrl":"https:\/\/icr.you2.pl\/wp-content\/uploads\/2019\/05\/screencapture-icrpolska-e-ksperci-pl-systemy-2019-04-17-17_07_18-e1555513756585.png","datePublished":"2019-05-22T06:51:40+00:00","dateModified":"2022-09-07T21:02:26+00:00","breadcrumb":{"@id":"https:\/\/icr.you2.pl\/certyfikacja-systemow\/iso-9001\/#breadcrumb"},"inLanguage":"zh-Hans","potentialAction":[{"@type":"ReadAction","target":["https:\/\/icr.you2.pl\/certyfikacja-systemow\/iso-9001\/"]}]},{"@type":"ImageObject","inLanguage":"zh-Hans","@id":"https:\/\/icr.you2.pl\/certyfikacja-systemow\/iso-9001\/#primaryimage","url":"https:\/\/icr.you2.pl\/wp-content\/uploads\/2019\/05\/screencapture-icrpolska-e-ksperci-pl-systemy-2019-04-17-17_07_18-e1555513756585.png","contentUrl":"https:\/\/icr.you2.pl\/wp-content\/uploads\/2019\/05\/screencapture-icrpolska-e-ksperci-pl-systemy-2019-04-17-17_07_18-e1555513756585.png","width":664,"height":621},{"@type":"BreadcrumbList","@id":"https:\/\/icr.you2.pl\/certyfikacja-systemow\/iso-9001\/#breadcrumb","itemListElement":[{"@type":"ListItem","position":1,"name":"Strona g\u0142\u00f3wna","item":"https:\/\/icr.you2.pl\/"},{"@type":"ListItem","position":2,"name":"Certyfikacja system\u00f3w ISO","item":"https:\/\/icr.you2.pl\/en\/certyfikacja-systemow\/"},{"@type":"ListItem","position":3,"name":"ISO 9001 &#8211; International Organization for Standardization"}]},{"@type":"WebSite","@id":"https:\/\/icr.you2.pl\/#website","url":"https:\/\/icr.you2.pl\/","name":"ICR\u6ce2\u5170 - \u6d4b\u8bd5\u548c\u8ba4\u8bc1","description":"CE\u8ba4\u8bc1\u3001CE\u8bc1\u4e66\u3001ISO\u8bc1\u4e66\u3001RED\u6d4b\u8bd5\u3001\u4ea7\u54c1\u6d4b\u8bd5\u548c\u8ba4\u8bc1\u3001\u7535\u6c14\u4ea7\u54c1\u6d4b\u8bd5\u3001\u533b\u7597\u8bbe\u5907\u6d4b\u8bd5\u3001ATEX\u3001IECEx\u3001FCC\u3001\u4ea7\u54c1\u8ba4\u8bc1\u3001EMC\u6d4b\u8bd5\u3001\u673a\u68b0\u8ba4\u8bc1\u3001CE\u673a\u5668\u3001\u57f9\u8bad\u3001\u7535\u5b50\u4ea7\u54c1\u6d4b\u8bd5\u30012014\/53\/EU\u6d4b\u8bd5\u3001\u65e0\u4eba\u673a\u8ba4\u8bc1\u3001ISO 13485\u8bc1\u4e66\u3001ISO 9001\u8bc1\u4e66\u3001NC RfG","publisher":{"@id":"https:\/\/icr.you2.pl\/#\/schema\/person\/944799c9e2f4a94662e3fcb3b1544baf"},"potentialAction":[{"@type":"SearchAction","target":{"@type":"EntryPoint","urlTemplate":"https:\/\/icr.you2.pl\/?s={search_term_string}"},"query-input":{"@type":"PropertyValueSpecification","valueRequired":true,"valueName":"search_term_string"}}],"inLanguage":"zh-Hans"},{"@type":["Person","Organization"],"@id":"https:\/\/icr.you2.pl\/#\/schema\/person\/944799c9e2f4a94662e3fcb3b1544baf","name":"\u7ba1\u7406\u5458","image":{"@type":"ImageObject","inLanguage":"zh-Hans","@id":"https:\/\/icr.you2.pl\/#\/schema\/person\/image\/","url":"https:\/\/icr.you2.pl\/wp-content\/uploads\/2019\/05\/cropped-logo-icr.32f04ad5-1-1.png","contentUrl":"https:\/\/icr.you2.pl\/wp-content\/uploads\/2019\/05\/cropped-logo-icr.32f04ad5-1-1.png","width":400,"height":148,"caption":"admin"},"logo":{"@id":"https:\/\/icr.you2.pl\/#\/schema\/person\/image\/"}}]}},"_links":{"self":[{"href":"https:\/\/icr.you2.pl\/cn\/wp-json\/wp\/v2\/pages\/1899","targetHints":{"allow":["GET"]}}],"collection":[{"href":"https:\/\/icr.you2.pl\/cn\/wp-json\/wp\/v2\/pages"}],"about":[{"href":"https:\/\/icr.you2.pl\/cn\/wp-json\/wp\/v2\/types\/page"}],"author":[{"embeddable":true,"href":"https:\/\/icr.you2.pl\/cn\/wp-json\/wp\/v2\/users\/1"}],"replies":[{"embeddable":true,"href":"https:\/\/icr.you2.pl\/cn\/wp-json\/wp\/v2\/comments?post=1899"}],"version-history":[{"count":0,"href":"https:\/\/icr.you2.pl\/cn\/wp-json\/wp\/v2\/pages\/1899\/revisions"}],"up":[{"embeddable":true,"href":"https:\/\/icr.you2.pl\/cn\/wp-json\/wp\/v2\/pages\/162"}],"wp:featuredmedia":[{"embeddable":true,"href":"https:\/\/icr.you2.pl\/cn\/wp-json\/wp\/v2\/media\/48"}],"wp:attachment":[{"href":"https:\/\/icr.you2.pl\/cn\/wp-json\/wp\/v2\/media?parent=1899"}],"curies":[{"name":"wp","href":"https:\/\/api.w.org\/{rel}","templated":true}]}}