{"id":1918,"date":"2019-05-22T07:39:43","date_gmt":"2019-05-22T07:39:43","guid":{"rendered":"http:\/\/icrpolska.e-ksperci.pl\/?page_id=1918"},"modified":"2022-09-07T23:06:39","modified_gmt":"2022-09-07T21:06:39","slug":"iso-14001","status":"publish","type":"page","link":"https:\/\/icr.you2.pl\/cn\/certyfikacja-systemow\/iso-14001\/","title":{"rendered":"ISO 14001"},"content":{"rendered":"<p><strong>\u4ec0\u4e48\u662fISO 14001\uff1f<\/strong><\/p>\n<p class=\"translation-block\"><strong>ISO 14001<\/strong>\u662f\u7531ISO\u76d1\u7ba1\u7684\u73af\u5883\u7ba1\u7406\u7cfb\u7edf\u7684\u56fd\u9645\u6807\u51c6\u3002<\/p>\n<p class=\"translation-block\">\u66f4\u5177\u4f53\u5730\u8bf4\uff0c<strong>ISO 14001<\/strong>\u662f\u4e00\u4e2a\u7ba1\u7406\u4f53\u7cfb\uff0c\u8981\u6c42\u7ec4\u7ec7\u901a\u8fc7\u7cfb\u7edf\u5730\u8bc6\u522b\u3001\u8bc4\u4f30\u3001\u63a7\u5236\u548c\u6539\u5584\u7ec4\u7ec7\u7ba1\u7406\u8fc7\u7a0b\u4e2d\u51fa\u73b0\u7684\u73af\u5883\u95ee\u9898\uff0c\u4ee5\u6301\u7eed\u6d88\u9664\u6216\u51cf\u5c11\u7ec4\u7ec7\u9762\u4e34\u7684\u73af\u5883\u98ce\u9669\u7684\u5f62\u5f0f\u505a\u51fa\u8d21\u732e\u3002<\/p>\n<p>\u4e16\u754c\u5404\u5730\u5bf9\u73af\u5883\u7ba1\u7406\u7cfb\u7edf\u7684\u8981\u6c42\u5df2\u7ecf\u6269\u5c55\u5230\u6240\u6709\u7684\u5de5\u4e1a\u9886\u57df\uff0c\u5728\u5176\u4e2d\u4e00\u4e9b\u9886\u57df\uff0c\u73af\u5883\u7ba1\u7406\u7cfb\u7edf\u662f\u5b9e\u73b0\u5546\u4e1a\u76ee\u6807\u7684\u4e00\u4e2a\u5f3a\u5236\u6027\u56e0\u7d20\u3002<br \/>\n\u8be5\u6807\u51c6\u53ef\u4ee5\u9002\u7528\u4e8e\u4efb\u4f55\u884c\u4e1a\u7684\u4efb\u4f55\u7ec4\u7ec7\uff0c\u65e0\u8bba\u5176\u89c4\u6a21\u5982\u4f55\uff0c\u6b63\u5982ISO 9001\uff08\u8d28\u91cf\u7ba1\u7406\u4f53\u7cfb\uff09\u4e00\u6837\u3002<\/p>\n<p>ISO 14001\u53ef\u4ee5\u6539\u5584\u6574\u4e2a\u73af\u5883\u7ba1\u7406\u7cfb\u7edf\uff0c\u6839\u636e\u652f\u6491\u7ba1\u7406\u7cfb\u7edf\u6982\u5ff5\u7684 \"\u8ba1\u5212-\u6267\u884c-\u68c0\u67e5-\u884c\u52a8 \"\u6a21\u5f0f\uff0c\u8003\u8651\u3001\u63a7\u5236\u548c\u68c0\u67e5\u5bf9\u7ec4\u7ec7\u7684\u73af\u5883\u5f71\u54cd\u3002<\/p>\n<p><img fetchpriority=\"high\" decoding=\"async\" class=\"alignnone wp-image-2533 size-full\" src=\"http:\/\/icr.you2.pl\/wp-content\/uploads\/2019\/06\/AdobeStock_43226126_iso14001_2000.jpg\" alt=\"ISO 14001\" width=\"2000\" height=\"1333\" srcset=\"https:\/\/icr.you2.pl\/wp-content\/uploads\/2019\/06\/AdobeStock_43226126_iso14001_2000.jpg 2000w, https:\/\/icr.you2.pl\/wp-content\/uploads\/2019\/06\/AdobeStock_43226126_iso14001_2000-300x200.jpg 300w, https:\/\/icr.you2.pl\/wp-content\/uploads\/2019\/06\/AdobeStock_43226126_iso14001_2000-768x512.jpg 768w, https:\/\/icr.you2.pl\/wp-content\/uploads\/2019\/06\/AdobeStock_43226126_iso14001_2000-1024x682.jpg 1024w\" sizes=\"(max-width: 2000px) 100vw, 2000px\" \/><\/p>\n<p><strong>ISO 14001\u7684\u597d\u5904\uff1a<\/strong><\/p>\n<ul>\n<li>\u4e3a\u5b50\u5b59\u540e\u4ee3\u4fdd\u62a4\u73af\u5883\uff1b<\/li>\n<li>\u4f5c\u4e3a\u52a0\u5f3a\u516c\u53f8\u7ade\u4e89\u529b\u7684\u5de5\u5177\u800c\u4f7f\u7528\u7684\u6807\u51c6\uff1b<\/li>\n<li>\u6709\u80fd\u529b\u79ef\u6781\u4e3b\u52a8\u5730\u5904\u7406\u653f\u5e9c\u673a\u6784\u548c\u56fd\u9645\u56e2\u4f53\u5236\u5b9a\u7684\u5404\u79cd\u73af\u5883\u6cd5\u89c4\uff1b<\/li>\n<li>\u80fd\u591f\u6709\u6548\u5730\u5904\u7406\u6765\u81ea\u5229\u76ca\u76f8\u5173\u8005\u7684\u538b\u529b\uff0c\u5305\u62ec\u5ba2\u6237\u548c\u73af\u4fdd\u7ec4\u7ec7\uff1b<\/li>\n<li>\u6709\u6548\u63a7\u5236\u73af\u5883\u98ce\u9669\uff1b<\/li>\n<li>\u7ade\u4e89\u8fc7\u7a0b\uff1b<\/li>\n<li>\u50a8\u84c4\uff1b<\/li>\n<li>\u4e0e\u5229\u76ca\u76f8\u5173\u8005\u4fdd\u6301\u826f\u597d\u5173\u7cfb\uff0c\u5305\u62ec\u653f\u5e9c\u673a\u6784\u3001\u5f53\u5730\u793e\u533a\u3001\u5ba2\u6237\u548c\u73af\u4fdd\u7ec4\u7ec7\uff1b<\/li>\n<li>\u5ba2\u6237\uff08\u6295\u8d44\u8005\uff09\u6ee1\u610f\u5ea6\u3002<\/li>\n<\/ul>","protected":false},"excerpt":{"rendered":"<p>\u4ec0\u4e48\u662f ISO 14001\uff1fISO 14001 \u662f\u56fd\u9645\u6807\u51c6\u5316\u7ec4\u7ec7\u5236\u5b9a\u7684\u73af\u5883\u7ba1\u7406\u4f53\u7cfb\u56fd\u9645\u6807\u51c6\u3002\u66f4\u5177\u4f53\u5730\u8bf4\uff0cISO 14001 \u662f\u4e00\u79cd\u7ba1\u7406\u4f53\u7cfb\uff0c\u8981\u6c42\u7ec4\u7ec7\u901a\u8fc7\u7cfb\u7edf\u5730\u8bc6\u522b\u3001\u8bc4\u4f30\u3001\u63a7\u5236\u548c\u6539\u8fdb\u7ba1\u7406\u7ec4\u7ec7\u8fc7\u7a0b\u4e2d\u51fa\u73b0\u7684\u73af\u5883\u95ee\u9898\uff0c\u4e3a\u6301\u7eed\u6d88\u9664\u6216\u964d\u4f4e\u7ec4\u7ec7\u9762\u4e34\u7684\u73af\u5883\u98ce\u9669\u505a\u51fa\u8d21\u732e\u3002\u7ba1\u7406\u4f53\u7cfb\u7684\u8981\u6c42 ...&nbsp;<a href=\"https:\/\/icr.you2.pl\/cn\/certyfikacja-systemow\/iso-14001\/\" rel=\"bookmark\">\u9605\u8bfb\u66f4\u591a \"<span class=\"screen-reader-text\">ISO 14001<\/span><\/a><\/p>","protected":false},"author":1,"featured_media":1163,"parent":162,"menu_order":0,"comment_status":"closed","ping_status":"closed","template":"","meta":{"neve_meta_sidebar":"","neve_meta_container":"","neve_meta_enable_content_width":"off","neve_meta_content_width":70,"neve_meta_title_alignment":"","neve_meta_author_avatar":"","neve_post_elements_order":"","neve_meta_disable_header":"","neve_meta_disable_footer":"","neve_meta_disable_title":"","footnotes":""},"class_list":["post-1918","page","type-page","status-publish","has-post-thumbnail","hentry"],"yoast_head":"<!-- This site is optimized with the Yoast SEO plugin v26.8 - https:\/\/yoast.com\/product\/yoast-seo-wordpress\/ -->\n<title>ISO 14001 - ICR POLSKA - badania i certyfikacja<\/title>\n<meta name=\"robots\" content=\"index, follow, max-snippet:-1, max-image-preview:large, max-video-preview:-1\" \/>\n<link rel=\"canonical\" href=\"https:\/\/icr.you2.pl\/cn\/certyfikacja-systemow\/iso-14001\/\" \/>\n<meta property=\"og:locale\" content=\"zh_CN\" \/>\n<meta property=\"og:type\" content=\"article\" \/>\n<meta property=\"og:title\" content=\"ISO 14001 - ICR POLSKA - badania i certyfikacja\" \/>\n<meta property=\"og:description\" content=\"Czym jest ISO 14001? ISO 14001 jest mi\u0119dzynarodowym standardem dla system\u00f3w zarz\u0105dzania \u015brodowiskowego regulowanym przez ISO. A dok\u0142adniej, ISO 14001 jest system zarz\u0105dzania, wymagaj\u0105cym wk\u0142adu organizacji w postaci ci\u0105g\u0142ego usuwania lub zmniejszania zagro\u017ce\u0144 \u015brodowiskowych, jakie napotyka organizacja, poprzez systematyczne identyfikowanie, ocenianie, kontrolowania i poprawianie aspekt\u00f3w \u015brodowiskowych, powstaj\u0105cych w trakcie zarz\u0105dzania organizacj\u0105. Wymagania dotycz\u0105ce systemu zarz\u0105dzania&hellip;&nbsp;\u9605\u8bfb\u66f4\u591a &raquo;ISO 14001\" \/>\n<meta property=\"og:url\" content=\"https:\/\/icr.you2.pl\/cn\/certyfikacja-systemow\/iso-14001\/\" \/>\n<meta property=\"og:site_name\" content=\"ICR POLSKA - badania i certyfikacja\" \/>\n<meta property=\"article:modified_time\" content=\"2022-09-07T21:06:39+00:00\" \/>\n<meta name=\"twitter:card\" content=\"summary_large_image\" \/>\n<meta name=\"twitter:label1\" content=\"\u9884\u8ba1\u9605\u8bfb\u65f6\u95f4\" \/>\n\t<meta name=\"twitter:data1\" content=\"2 \u5206\" \/>\n<script type=\"application\/ld+json\" class=\"yoast-schema-graph\">{\"@context\":\"https:\/\/schema.org\",\"@graph\":[{\"@type\":\"WebPage\",\"@id\":\"https:\/\/icr.you2.pl\/certyfikacja-systemow\/iso-14001\/\",\"url\":\"https:\/\/icr.you2.pl\/certyfikacja-systemow\/iso-14001\/\",\"name\":\"ISO 14001 - ICR POLSKA - badania i certyfikacja\",\"isPartOf\":{\"@id\":\"https:\/\/icr.you2.pl\/#website\"},\"primaryImageOfPage\":{\"@id\":\"https:\/\/icr.you2.pl\/certyfikacja-systemow\/iso-14001\/#primaryimage\"},\"image\":{\"@id\":\"https:\/\/icr.you2.pl\/certyfikacja-systemow\/iso-14001\/#primaryimage\"},\"thumbnailUrl\":\"\",\"datePublished\":\"2019-05-22T07:39:43+00:00\",\"dateModified\":\"2022-09-07T21:06:39+00:00\",\"breadcrumb\":{\"@id\":\"https:\/\/icr.you2.pl\/certyfikacja-systemow\/iso-14001\/#breadcrumb\"},\"inLanguage\":\"zh-Hans\",\"potentialAction\":[{\"@type\":\"ReadAction\",\"target\":[\"https:\/\/icr.you2.pl\/certyfikacja-systemow\/iso-14001\/\"]}]},{\"@type\":\"ImageObject\",\"inLanguage\":\"zh-Hans\",\"@id\":\"https:\/\/icr.you2.pl\/certyfikacja-systemow\/iso-14001\/#primaryimage\",\"url\":\"\",\"contentUrl\":\"\"},{\"@type\":\"BreadcrumbList\",\"@id\":\"https:\/\/icr.you2.pl\/certyfikacja-systemow\/iso-14001\/#breadcrumb\",\"itemListElement\":[{\"@type\":\"ListItem\",\"position\":1,\"name\":\"Strona g\u0142\u00f3wna\",\"item\":\"https:\/\/icr.you2.pl\/\"},{\"@type\":\"ListItem\",\"position\":2,\"name\":\"Certyfikacja system\u00f3w ISO\",\"item\":\"https:\/\/icr.you2.pl\/en\/certyfikacja-systemow\/\"},{\"@type\":\"ListItem\",\"position\":3,\"name\":\"ISO 14001\"}]},{\"@type\":\"WebSite\",\"@id\":\"https:\/\/icr.you2.pl\/#website\",\"url\":\"https:\/\/icr.you2.pl\/\",\"name\":\"ICR POLSKA - badania i certyfikacja\",\"description\":\"CE certification, CE certificate, ISO certificate, RED testing, product testing and certification, electrical product testing, medical device testing, ATEX, IECEx, FCC, product certification, EMC testing, machinery certification, CE machines, training, electronic product testing, testing 2014\/53\/EU, drone certification, ISO 13485 certificate, ISO 9001 certificate, NC RfG\",\"publisher\":{\"@id\":\"https:\/\/icr.you2.pl\/#\/schema\/person\/944799c9e2f4a94662e3fcb3b1544baf\"},\"potentialAction\":[{\"@type\":\"SearchAction\",\"target\":{\"@type\":\"EntryPoint\",\"urlTemplate\":\"https:\/\/icr.you2.pl\/?s={search_term_string}\"},\"query-input\":{\"@type\":\"PropertyValueSpecification\",\"valueRequired\":true,\"valueName\":\"search_term_string\"}}],\"inLanguage\":\"zh-Hans\"},{\"@type\":[\"Person\",\"Organization\"],\"@id\":\"https:\/\/icr.you2.pl\/#\/schema\/person\/944799c9e2f4a94662e3fcb3b1544baf\",\"name\":\"admin\",\"image\":{\"@type\":\"ImageObject\",\"inLanguage\":\"zh-Hans\",\"@id\":\"https:\/\/icr.you2.pl\/#\/schema\/person\/image\/\",\"url\":\"https:\/\/icr.you2.pl\/wp-content\/uploads\/2019\/05\/cropped-logo-icr.32f04ad5-1-1.png\",\"contentUrl\":\"https:\/\/icr.you2.pl\/wp-content\/uploads\/2019\/05\/cropped-logo-icr.32f04ad5-1-1.png\",\"width\":400,\"height\":148,\"caption\":\"admin\"},\"logo\":{\"@id\":\"https:\/\/icr.you2.pl\/#\/schema\/person\/image\/\"}}]}<\/script>\n<!-- \/ Yoast SEO plugin. -->","yoast_head_json":{"title":"ISO 14001 - ICR POLAND - \u6d4b\u8bd5\u548c\u8ba4\u8bc1","robots":{"index":"index","follow":"follow","max-snippet":"max-snippet:-1","max-image-preview":"max-image-preview:large","max-video-preview":"max-video-preview:-1"},"canonical":"https:\/\/icr.you2.pl\/cn\/certyfikacja-systemow\/iso-14001\/","og_locale":"zh_CN","og_type":"article","og_title":"ISO 14001 - ICR POLSKA - badania i certyfikacja","og_description":"Czym jest ISO 14001? ISO 14001 jest mi\u0119dzynarodowym standardem dla system\u00f3w zarz\u0105dzania \u015brodowiskowego regulowanym przez ISO. A dok\u0142adniej, ISO 14001 jest system zarz\u0105dzania, wymagaj\u0105cym wk\u0142adu organizacji w postaci ci\u0105g\u0142ego usuwania lub zmniejszania zagro\u017ce\u0144 \u015brodowiskowych, jakie napotyka organizacja, poprzez systematyczne identyfikowanie, ocenianie, kontrolowania i poprawianie aspekt\u00f3w \u015brodowiskowych, powstaj\u0105cych w trakcie zarz\u0105dzania organizacj\u0105. Wymagania dotycz\u0105ce systemu zarz\u0105dzania&hellip;&nbsp;\u9605\u8bfb\u66f4\u591a &raquo;ISO 14001","og_url":"https:\/\/icr.you2.pl\/cn\/certyfikacja-systemow\/iso-14001\/","og_site_name":"ICR POLSKA - badania i certyfikacja","article_modified_time":"2022-09-07T21:06:39+00:00","twitter_card":"summary_large_image","twitter_misc":{"\u9884\u8ba1\u9605\u8bfb\u65f6\u95f4":"2 \u5206"},"schema":{"@context":"https:\/\/schema.org","@graph":[{"@type":"WebPage","@id":"https:\/\/icr.you2.pl\/certyfikacja-systemow\/iso-14001\/","url":"https:\/\/icr.you2.pl\/certyfikacja-systemow\/iso-14001\/","name":"ISO 14001 - ICR POLAND - \u6d4b\u8bd5\u548c\u8ba4\u8bc1","isPartOf":{"@id":"https:\/\/icr.you2.pl\/#website"},"primaryImageOfPage":{"@id":"https:\/\/icr.you2.pl\/certyfikacja-systemow\/iso-14001\/#primaryimage"},"image":{"@id":"https:\/\/icr.you2.pl\/certyfikacja-systemow\/iso-14001\/#primaryimage"},"thumbnailUrl":"","datePublished":"2019-05-22T07:39:43+00:00","dateModified":"2022-09-07T21:06:39+00:00","breadcrumb":{"@id":"https:\/\/icr.you2.pl\/certyfikacja-systemow\/iso-14001\/#breadcrumb"},"inLanguage":"zh-Hans","potentialAction":[{"@type":"ReadAction","target":["https:\/\/icr.you2.pl\/certyfikacja-systemow\/iso-14001\/"]}]},{"@type":"ImageObject","inLanguage":"zh-Hans","@id":"https:\/\/icr.you2.pl\/certyfikacja-systemow\/iso-14001\/#primaryimage","url":"","contentUrl":""},{"@type":"BreadcrumbList","@id":"https:\/\/icr.you2.pl\/certyfikacja-systemow\/iso-14001\/#breadcrumb","itemListElement":[{"@type":"ListItem","position":1,"name":"Strona g\u0142\u00f3wna","item":"https:\/\/icr.you2.pl\/"},{"@type":"ListItem","position":2,"name":"Certyfikacja system\u00f3w ISO","item":"https:\/\/icr.you2.pl\/en\/certyfikacja-systemow\/"},{"@type":"ListItem","position":3,"name":"ISO 14001"}]},{"@type":"WebSite","@id":"https:\/\/icr.you2.pl\/#website","url":"https:\/\/icr.you2.pl\/","name":"ICR\u6ce2\u5170 - \u6d4b\u8bd5\u548c\u8ba4\u8bc1","description":"CE\u8ba4\u8bc1\u3001CE\u8bc1\u4e66\u3001ISO\u8bc1\u4e66\u3001RED\u6d4b\u8bd5\u3001\u4ea7\u54c1\u6d4b\u8bd5\u548c\u8ba4\u8bc1\u3001\u7535\u6c14\u4ea7\u54c1\u6d4b\u8bd5\u3001\u533b\u7597\u8bbe\u5907\u6d4b\u8bd5\u3001ATEX\u3001IECEx\u3001FCC\u3001\u4ea7\u54c1\u8ba4\u8bc1\u3001EMC\u6d4b\u8bd5\u3001\u673a\u68b0\u8ba4\u8bc1\u3001CE\u673a\u5668\u3001\u57f9\u8bad\u3001\u7535\u5b50\u4ea7\u54c1\u6d4b\u8bd5\u30012014\/53\/EU\u6d4b\u8bd5\u3001\u65e0\u4eba\u673a\u8ba4\u8bc1\u3001ISO 13485\u8bc1\u4e66\u3001ISO 9001\u8bc1\u4e66\u3001NC RfG","publisher":{"@id":"https:\/\/icr.you2.pl\/#\/schema\/person\/944799c9e2f4a94662e3fcb3b1544baf"},"potentialAction":[{"@type":"SearchAction","target":{"@type":"EntryPoint","urlTemplate":"https:\/\/icr.you2.pl\/?s={search_term_string}"},"query-input":{"@type":"PropertyValueSpecification","valueRequired":true,"valueName":"search_term_string"}}],"inLanguage":"zh-Hans"},{"@type":["Person","Organization"],"@id":"https:\/\/icr.you2.pl\/#\/schema\/person\/944799c9e2f4a94662e3fcb3b1544baf","name":"\u7ba1\u7406\u5458","image":{"@type":"ImageObject","inLanguage":"zh-Hans","@id":"https:\/\/icr.you2.pl\/#\/schema\/person\/image\/","url":"https:\/\/icr.you2.pl\/wp-content\/uploads\/2019\/05\/cropped-logo-icr.32f04ad5-1-1.png","contentUrl":"https:\/\/icr.you2.pl\/wp-content\/uploads\/2019\/05\/cropped-logo-icr.32f04ad5-1-1.png","width":400,"height":148,"caption":"admin"},"logo":{"@id":"https:\/\/icr.you2.pl\/#\/schema\/person\/image\/"}}]}},"_links":{"self":[{"href":"https:\/\/icr.you2.pl\/cn\/wp-json\/wp\/v2\/pages\/1918","targetHints":{"allow":["GET"]}}],"collection":[{"href":"https:\/\/icr.you2.pl\/cn\/wp-json\/wp\/v2\/pages"}],"about":[{"href":"https:\/\/icr.you2.pl\/cn\/wp-json\/wp\/v2\/types\/page"}],"author":[{"embeddable":true,"href":"https:\/\/icr.you2.pl\/cn\/wp-json\/wp\/v2\/users\/1"}],"replies":[{"embeddable":true,"href":"https:\/\/icr.you2.pl\/cn\/wp-json\/wp\/v2\/comments?post=1918"}],"version-history":[{"count":0,"href":"https:\/\/icr.you2.pl\/cn\/wp-json\/wp\/v2\/pages\/1918\/revisions"}],"up":[{"embeddable":true,"href":"https:\/\/icr.you2.pl\/cn\/wp-json\/wp\/v2\/pages\/162"}],"wp:featuredmedia":[{"embeddable":true,"href":"https:\/\/icr.you2.pl\/cn\/wp-json\/"}],"wp:attachment":[{"href":"https:\/\/icr.you2.pl\/cn\/wp-json\/wp\/v2\/media?parent=1918"}],"curies":[{"name":"wp","href":"https:\/\/api.w.org\/{rel}","templated":true}]}}