{"id":1951,"date":"2019-05-22T19:17:19","date_gmt":"2019-05-22T19:17:19","guid":{"rendered":"http:\/\/icrpolska.e-ksperci.pl\/?page_id=1951"},"modified":"2022-09-07T22:54:09","modified_gmt":"2022-09-07T20:54:09","slug":"pn-en-iso-14065","status":"publish","type":"page","link":"https:\/\/icr.you2.pl\/cn\/certyfikacja-systemow\/pn-en-iso-14065\/","title":{"rendered":"EN14065"},"content":{"rendered":"<p class=\"translation-block\">\u8be5\u6807\u51c6<strong>EN 14065<\/strong>\u63cf\u8ff0\u4e86\u5236\u5b9a\u7ba1\u7406\u7cfb\u7edf\u7684\u539f\u5219\uff0c\u4ee5\u786e\u4fdd\u6d17\u8863\u5904\u7406\u540e\u7684\u7eba\u7ec7\u54c1\u7684\u5fae\u751f\u7269\u8d28\u91cf\u3002\u6839\u636e\u8be5\u6807\u51c6\u5efa\u7acb\u7684\u4f53\u7cfb\u9075\u5faaISO 9001\u4e2d\u5df2\u77e5\u7684\u8fc7\u7a0b\u65b9\u6cd5\uff0c\u4f46\u7b2c7.3\u70b9\u7684\u8981\u6c42\u9664\u5916\u3002 EN 14065\u7531CEN\uff08\u6b27\u6d32\u6807\u51c6\u5316\u59d4\u5458\u4f1a\uff09\u4e8e2002\u5e7411\u670820\u65e5\u5efa\u7acb\uff0c2003\u5e74\u5f15\u5165\u6ce2\u5170\u6807\u51c6\u96c6\u7684\u539f\u59cb\u7248\u672c\uff0c\u800c\u6ce2\u5170\u7248\u672c\u7684\u6807\u51c6\u5219\u7531\u6ce2\u5170\u6807\u51c6\u5316\u59d4\u5458\u4f1a\u4e8e2005\u5e744\u6708\u5f15\u5165\u3002RABC\uff08\u98ce\u9669\u5206\u6790\u548c\u751f\u7269\u6c61\u67d3\u63a7\u5236\uff09\u662f\u6b27\u6d32\u7684\u884c\u4e3a\u6807\u51c6\uff0c\u9002\u7528\u4e8e\u4f20\u7edf\u7684\u6c34\u6d17\u5e97\uff0c\u4ee5\u53ca\u90a3\u4e9b\u5728\u6240\u8c13\u7684 \"\u6d01\u51c0\u5ba4 \"\u6982\u5ff5\u4e0b\u8fd0\u4f5c\u7684\u6c34\u6d17\u5e97\u3002<\/p>\n<h4>EN14065\u7684\u597d\u5904\uff1a<\/h4>\n<ul>\n<li>\u786e\u4fdd\u5de5\u4f5c\u4eba\u5458\u7684\u536b\u751f\u6761\u4ef6\u3001<\/li>\n<li>\u4e3a\u88ab\u6d17\u6da4\u7684\u7eba\u7ec7\u54c1\u63d0\u4f9b\u5408\u9002\u7684\u536b\u751f\u6761\u4ef6\u3001<\/li>\n<li>\u786e\u4fdd\u9075\u5b88\u6cd5\u5f8b\u548c\u6cd5\u89c4\u3001<\/li>\n<li>\u8868\u73b0\u51fa\u5bf9\u670d\u52a1\u8d28\u91cf\u548c\u987e\u5ba2\u536b\u751f\u6761\u4ef6\u7684\u5173\u6ce8\u3001<\/li>\n<li>\u4fc3\u8fdb\u5bf9\u65b0\u5ba2\u6237\u548c\u5546\u4e1a\u4f19\u4f34\u7684\u63a5\u89e6\u3001<\/li>\n<li>\u4e3a\u9700\u8981RABC\u8ba4\u8bc1\u7684\u516c\u53f8\u63d0\u4f9b\u89e3\u51b3\u65b9\u6848\u3001<\/li>\n<li>\u901a\u8fc7\u5b9e\u65bd\u548c\u8ba4\u8bc1RABC\u7cfb\u7edf\uff0c\u63d0\u9ad8\u516c\u53f8\u7684\u7ade\u4e89\u529b\u3002<\/li>\n<\/ul>","protected":false},"excerpt":{"rendered":"<p>EN 14065 \u63cf\u8ff0\u4e86\u5236\u5b9a\u7ba1\u7406\u7cfb\u7edf\u7684\u539f\u5219\uff0c\u4ee5\u786e\u4fdd\u7eba\u7ec7\u54c1\u5728\u6d17\u8863\u5904\u7406\u540e\u7684\u5fae\u751f\u7269\u8d28\u91cf\u3002EN 14065 \u4e8e 2002 \u5e74 11 \u6708 20 \u65e5\u7531 CEN\uff08\u6b27\u6d32\u6807\u51c6\u5316\u59d4\u5458\u4f1a\uff09\u5236\u5b9a\uff0c\u5e76\u4e8e 2007 \u5e74\u88ab\u7eb3\u5165\u6ce2\u5170\u6807\u51c6\u3002&nbsp;<a href=\"https:\/\/icr.you2.pl\/cn\/certyfikacja-systemow\/pn-en-iso-14065\/\" rel=\"bookmark\">\u9605\u8bfb\u66f4\u591a \"<span class=\"screen-reader-text\">EN14065<\/span><\/a><\/p>","protected":false},"author":1,"featured_media":1070,"parent":162,"menu_order":0,"comment_status":"closed","ping_status":"closed","template":"","meta":{"neve_meta_sidebar":"","neve_meta_container":"","neve_meta_enable_content_width":"off","neve_meta_content_width":70,"neve_meta_title_alignment":"","neve_meta_author_avatar":"","neve_post_elements_order":"","neve_meta_disable_header":"","neve_meta_disable_footer":"","neve_meta_disable_title":"","footnotes":""},"class_list":["post-1951","page","type-page","status-publish","has-post-thumbnail","hentry"],"yoast_head":"<!-- This site is optimized with the Yoast SEO plugin v26.8 - https:\/\/yoast.com\/product\/yoast-seo-wordpress\/ -->\n<title>EN 14065 - ICR POLSKA - badania i certyfikacja<\/title>\n<meta name=\"robots\" content=\"index, follow, max-snippet:-1, max-image-preview:large, max-video-preview:-1\" \/>\n<link rel=\"canonical\" href=\"https:\/\/icr.you2.pl\/cn\/certyfikacja-systemow\/pn-en-iso-14065\/\" \/>\n<meta property=\"og:locale\" content=\"zh_CN\" \/>\n<meta property=\"og:type\" content=\"article\" \/>\n<meta property=\"og:title\" content=\"EN 14065 - ICR POLSKA - badania i certyfikacja\" \/>\n<meta property=\"og:description\" content=\"Norma EN 14065 opisuje zasady opracowania systemu zarz\u0105dzania zapewniaj\u0105cego jako\u015b\u0107 mikrobiologiczn\u0105 tekstyli\u00f3w po obr\u00f3bce w pralni. Ustanowiony wed\u0142ug tej normy system zgodny jest z podej\u015bciem procesowym znanym z ISO 9001, z wyj\u0105tkiem wymaga\u0144 pkt 7.3. Norma EN 14065 zosta\u0142a ustanowiona przez CEN (Europejski Komitet Normalizacyjny) 20 listopada 2002 r., wprowadzona do zbioru Polskich Norm w&hellip;&nbsp;\u9605\u8bfb\u66f4\u591a &raquo;EN 14065\" \/>\n<meta property=\"og:url\" content=\"https:\/\/icr.you2.pl\/cn\/certyfikacja-systemow\/pn-en-iso-14065\/\" \/>\n<meta property=\"og:site_name\" content=\"ICR POLSKA - badania i certyfikacja\" \/>\n<meta property=\"article:modified_time\" content=\"2022-09-07T20:54:09+00:00\" \/>\n<meta name=\"twitter:card\" content=\"summary_large_image\" \/>\n<meta name=\"twitter:label1\" content=\"\u9884\u8ba1\u9605\u8bfb\u65f6\u95f4\" \/>\n\t<meta name=\"twitter:data1\" content=\"1 \u5206\" \/>\n<script type=\"application\/ld+json\" class=\"yoast-schema-graph\">{\"@context\":\"https:\/\/schema.org\",\"@graph\":[{\"@type\":\"WebPage\",\"@id\":\"https:\/\/icr.you2.pl\/certyfikacja-systemow\/pn-en-iso-14065\/\",\"url\":\"https:\/\/icr.you2.pl\/certyfikacja-systemow\/pn-en-iso-14065\/\",\"name\":\"EN 14065 - ICR POLSKA - badania i certyfikacja\",\"isPartOf\":{\"@id\":\"https:\/\/icr.you2.pl\/#website\"},\"primaryImageOfPage\":{\"@id\":\"https:\/\/icr.you2.pl\/certyfikacja-systemow\/pn-en-iso-14065\/#primaryimage\"},\"image\":{\"@id\":\"https:\/\/icr.you2.pl\/certyfikacja-systemow\/pn-en-iso-14065\/#primaryimage\"},\"thumbnailUrl\":\"\",\"datePublished\":\"2019-05-22T19:17:19+00:00\",\"dateModified\":\"2022-09-07T20:54:09+00:00\",\"breadcrumb\":{\"@id\":\"https:\/\/icr.you2.pl\/certyfikacja-systemow\/pn-en-iso-14065\/#breadcrumb\"},\"inLanguage\":\"zh-Hans\",\"potentialAction\":[{\"@type\":\"ReadAction\",\"target\":[\"https:\/\/icr.you2.pl\/certyfikacja-systemow\/pn-en-iso-14065\/\"]}]},{\"@type\":\"ImageObject\",\"inLanguage\":\"zh-Hans\",\"@id\":\"https:\/\/icr.you2.pl\/certyfikacja-systemow\/pn-en-iso-14065\/#primaryimage\",\"url\":\"\",\"contentUrl\":\"\"},{\"@type\":\"BreadcrumbList\",\"@id\":\"https:\/\/icr.you2.pl\/certyfikacja-systemow\/pn-en-iso-14065\/#breadcrumb\",\"itemListElement\":[{\"@type\":\"ListItem\",\"position\":1,\"name\":\"Strona g\u0142\u00f3wna\",\"item\":\"https:\/\/icr.you2.pl\/\"},{\"@type\":\"ListItem\",\"position\":2,\"name\":\"Certyfikacja system\u00f3w ISO\",\"item\":\"https:\/\/icr.you2.pl\/en\/certyfikacja-systemow\/\"},{\"@type\":\"ListItem\",\"position\":3,\"name\":\"EN 14065\"}]},{\"@type\":\"WebSite\",\"@id\":\"https:\/\/icr.you2.pl\/#website\",\"url\":\"https:\/\/icr.you2.pl\/\",\"name\":\"ICR POLSKA - badania i certyfikacja\",\"description\":\"CE certification, CE certificate, ISO certificate, RED testing, product testing and certification, electrical product testing, medical device testing, ATEX, IECEx, FCC, product certification, EMC testing, machinery certification, CE machines, training, electronic product testing, testing 2014\/53\/EU, drone certification, ISO 13485 certificate, ISO 9001 certificate, NC RfG\",\"publisher\":{\"@id\":\"https:\/\/icr.you2.pl\/#\/schema\/person\/944799c9e2f4a94662e3fcb3b1544baf\"},\"potentialAction\":[{\"@type\":\"SearchAction\",\"target\":{\"@type\":\"EntryPoint\",\"urlTemplate\":\"https:\/\/icr.you2.pl\/?s={search_term_string}\"},\"query-input\":{\"@type\":\"PropertyValueSpecification\",\"valueRequired\":true,\"valueName\":\"search_term_string\"}}],\"inLanguage\":\"zh-Hans\"},{\"@type\":[\"Person\",\"Organization\"],\"@id\":\"https:\/\/icr.you2.pl\/#\/schema\/person\/944799c9e2f4a94662e3fcb3b1544baf\",\"name\":\"admin\",\"image\":{\"@type\":\"ImageObject\",\"inLanguage\":\"zh-Hans\",\"@id\":\"https:\/\/icr.you2.pl\/#\/schema\/person\/image\/\",\"url\":\"https:\/\/icr.you2.pl\/wp-content\/uploads\/2019\/05\/cropped-logo-icr.32f04ad5-1-1.png\",\"contentUrl\":\"https:\/\/icr.you2.pl\/wp-content\/uploads\/2019\/05\/cropped-logo-icr.32f04ad5-1-1.png\",\"width\":400,\"height\":148,\"caption\":\"admin\"},\"logo\":{\"@id\":\"https:\/\/icr.you2.pl\/#\/schema\/person\/image\/\"}}]}<\/script>\n<!-- \/ Yoast SEO plugin. -->","yoast_head_json":{"title":"EN14065 - ICR \u6ce2\u5170 - \u6d4b\u8bd5\u548c\u8ba4\u8bc1","robots":{"index":"index","follow":"follow","max-snippet":"max-snippet:-1","max-image-preview":"max-image-preview:large","max-video-preview":"max-video-preview:-1"},"canonical":"https:\/\/icr.you2.pl\/cn\/certyfikacja-systemow\/pn-en-iso-14065\/","og_locale":"zh_CN","og_type":"article","og_title":"EN 14065 - ICR POLSKA - badania i certyfikacja","og_description":"Norma EN 14065 opisuje zasady opracowania systemu zarz\u0105dzania zapewniaj\u0105cego jako\u015b\u0107 mikrobiologiczn\u0105 tekstyli\u00f3w po obr\u00f3bce w pralni. Ustanowiony wed\u0142ug tej normy system zgodny jest z podej\u015bciem procesowym znanym z ISO 9001, z wyj\u0105tkiem wymaga\u0144 pkt 7.3. Norma EN 14065 zosta\u0142a ustanowiona przez CEN (Europejski Komitet Normalizacyjny) 20 listopada 2002 r., wprowadzona do zbioru Polskich Norm w&hellip;&nbsp;\u9605\u8bfb\u66f4\u591a &raquo;EN 14065","og_url":"https:\/\/icr.you2.pl\/cn\/certyfikacja-systemow\/pn-en-iso-14065\/","og_site_name":"ICR POLSKA - badania i certyfikacja","article_modified_time":"2022-09-07T20:54:09+00:00","twitter_card":"summary_large_image","twitter_misc":{"\u9884\u8ba1\u9605\u8bfb\u65f6\u95f4":"1 \u5206"},"schema":{"@context":"https:\/\/schema.org","@graph":[{"@type":"WebPage","@id":"https:\/\/icr.you2.pl\/certyfikacja-systemow\/pn-en-iso-14065\/","url":"https:\/\/icr.you2.pl\/certyfikacja-systemow\/pn-en-iso-14065\/","name":"EN14065 - ICR \u6ce2\u5170 - \u6d4b\u8bd5\u548c\u8ba4\u8bc1","isPartOf":{"@id":"https:\/\/icr.you2.pl\/#website"},"primaryImageOfPage":{"@id":"https:\/\/icr.you2.pl\/certyfikacja-systemow\/pn-en-iso-14065\/#primaryimage"},"image":{"@id":"https:\/\/icr.you2.pl\/certyfikacja-systemow\/pn-en-iso-14065\/#primaryimage"},"thumbnailUrl":"","datePublished":"2019-05-22T19:17:19+00:00","dateModified":"2022-09-07T20:54:09+00:00","breadcrumb":{"@id":"https:\/\/icr.you2.pl\/certyfikacja-systemow\/pn-en-iso-14065\/#breadcrumb"},"inLanguage":"zh-Hans","potentialAction":[{"@type":"ReadAction","target":["https:\/\/icr.you2.pl\/certyfikacja-systemow\/pn-en-iso-14065\/"]}]},{"@type":"ImageObject","inLanguage":"zh-Hans","@id":"https:\/\/icr.you2.pl\/certyfikacja-systemow\/pn-en-iso-14065\/#primaryimage","url":"","contentUrl":""},{"@type":"BreadcrumbList","@id":"https:\/\/icr.you2.pl\/certyfikacja-systemow\/pn-en-iso-14065\/#breadcrumb","itemListElement":[{"@type":"ListItem","position":1,"name":"Strona g\u0142\u00f3wna","item":"https:\/\/icr.you2.pl\/"},{"@type":"ListItem","position":2,"name":"Certyfikacja system\u00f3w ISO","item":"https:\/\/icr.you2.pl\/en\/certyfikacja-systemow\/"},{"@type":"ListItem","position":3,"name":"EN 14065"}]},{"@type":"WebSite","@id":"https:\/\/icr.you2.pl\/#website","url":"https:\/\/icr.you2.pl\/","name":"ICR\u6ce2\u5170 - \u6d4b\u8bd5\u548c\u8ba4\u8bc1","description":"CE\u8ba4\u8bc1\u3001CE\u8bc1\u4e66\u3001ISO\u8bc1\u4e66\u3001RED\u6d4b\u8bd5\u3001\u4ea7\u54c1\u6d4b\u8bd5\u548c\u8ba4\u8bc1\u3001\u7535\u6c14\u4ea7\u54c1\u6d4b\u8bd5\u3001\u533b\u7597\u8bbe\u5907\u6d4b\u8bd5\u3001ATEX\u3001IECEx\u3001FCC\u3001\u4ea7\u54c1\u8ba4\u8bc1\u3001EMC\u6d4b\u8bd5\u3001\u673a\u68b0\u8ba4\u8bc1\u3001CE\u673a\u5668\u3001\u57f9\u8bad\u3001\u7535\u5b50\u4ea7\u54c1\u6d4b\u8bd5\u30012014\/53\/EU\u6d4b\u8bd5\u3001\u65e0\u4eba\u673a\u8ba4\u8bc1\u3001ISO 13485\u8bc1\u4e66\u3001ISO 9001\u8bc1\u4e66\u3001NC RfG","publisher":{"@id":"https:\/\/icr.you2.pl\/#\/schema\/person\/944799c9e2f4a94662e3fcb3b1544baf"},"potentialAction":[{"@type":"SearchAction","target":{"@type":"EntryPoint","urlTemplate":"https:\/\/icr.you2.pl\/?s={search_term_string}"},"query-input":{"@type":"PropertyValueSpecification","valueRequired":true,"valueName":"search_term_string"}}],"inLanguage":"zh-Hans"},{"@type":["Person","Organization"],"@id":"https:\/\/icr.you2.pl\/#\/schema\/person\/944799c9e2f4a94662e3fcb3b1544baf","name":"\u7ba1\u7406\u5458","image":{"@type":"ImageObject","inLanguage":"zh-Hans","@id":"https:\/\/icr.you2.pl\/#\/schema\/person\/image\/","url":"https:\/\/icr.you2.pl\/wp-content\/uploads\/2019\/05\/cropped-logo-icr.32f04ad5-1-1.png","contentUrl":"https:\/\/icr.you2.pl\/wp-content\/uploads\/2019\/05\/cropped-logo-icr.32f04ad5-1-1.png","width":400,"height":148,"caption":"admin"},"logo":{"@id":"https:\/\/icr.you2.pl\/#\/schema\/person\/image\/"}}]}},"_links":{"self":[{"href":"https:\/\/icr.you2.pl\/cn\/wp-json\/wp\/v2\/pages\/1951","targetHints":{"allow":["GET"]}}],"collection":[{"href":"https:\/\/icr.you2.pl\/cn\/wp-json\/wp\/v2\/pages"}],"about":[{"href":"https:\/\/icr.you2.pl\/cn\/wp-json\/wp\/v2\/types\/page"}],"author":[{"embeddable":true,"href":"https:\/\/icr.you2.pl\/cn\/wp-json\/wp\/v2\/users\/1"}],"replies":[{"embeddable":true,"href":"https:\/\/icr.you2.pl\/cn\/wp-json\/wp\/v2\/comments?post=1951"}],"version-history":[{"count":0,"href":"https:\/\/icr.you2.pl\/cn\/wp-json\/wp\/v2\/pages\/1951\/revisions"}],"up":[{"embeddable":true,"href":"https:\/\/icr.you2.pl\/cn\/wp-json\/wp\/v2\/pages\/162"}],"wp:featuredmedia":[{"embeddable":true,"href":"https:\/\/icr.you2.pl\/cn\/wp-json\/"}],"wp:attachment":[{"href":"https:\/\/icr.you2.pl\/cn\/wp-json\/wp\/v2\/media?parent=1951"}],"curies":[{"name":"wp","href":"https:\/\/api.w.org\/{rel}","templated":true}]}}