{"id":1971,"date":"2019-05-22T20:16:17","date_gmt":"2019-05-22T20:16:17","guid":{"rendered":"http:\/\/icrpolska.e-ksperci.pl\/?page_id=1971"},"modified":"2023-01-13T18:11:48","modified_gmt":"2023-01-13T17:11:48","slug":"inspekcje-i-audity","status":"publish","type":"page","link":"https:\/\/icr.you2.pl\/cn\/inspekcje-i-audity\/","title":{"rendered":"\u68c0\u67e5\u548c\u5ba1\u8ba1"},"content":{"rendered":"<p><b>\u68c0\u67e5<\/b><\/p>\n<p><span style=\"font-weight: 400;\">\u68c0\u67e5\u662f\u7531ICR Polska Sp. z o.o.\u7684\u5458\u5de5\u5728\u8be5\u5b9e\u4f53\u7684\u6743\u9650\u8303\u56f4\u5185\u8fdb\u884c\u7684\uff0c\u7279\u522b\u662f\u4e3a\u4e86\u786e\u8ba4\u662f\u5426\u7b26\u5408\u7279\u5b9a\u6807\u51c6\u7684\u8981\u6c42\u548c\u4ee5\u4e0b\u6307\u4ee4\u7684\u8981\u6c42\uff1a\u673a\u68b0 <a href=\"https:\/\/eur-lex.europa.eu\/legal-content\/PL\/TXT\/PDF\/?uri=CELEX:32006L0042&amp;from=PL\" target=\"_blank\" rel=\"noopener noreferrer\">2006\/42\/EC<\/a>, \u4f4e\u7535\u538b <a href=\"https:\/\/eur-lex.europa.eu\/legal-content\/PL\/TXT\/PDF\/?uri=CELEX:32014L0035&amp;from=PL\" target=\"_blank\" rel=\"noopener noreferrer\">2014\/35\/EU<\/a>, \u7535\u78c1\u517c\u5bb9\u6027 EMC <a href=\"https:\/\/eur-lex.europa.eu\/legal-content\/PL\/TXT\/PDF\/?uri=CELEX:32014L0030&amp;from=PL\" target=\"_blank\" rel=\"noopener noreferrer\">2014\/30\/EU<\/a> \u548cRED\u7535\u53f0 <a href=\"https:\/\/eur-lex.europa.eu\/legal-content\/PL\/TXT\/PDF\/?uri=CELEX:32014L0053&amp;from=PL\" target=\"_blank\" rel=\"noopener noreferrer\">2014\/53\/EU<\/a>\u7206\u70b8\u6027\u73af\u5883\u548c\u62df\u5728\u6f5c\u5728\u7206\u70b8\u6027\u73af\u5883\u4e2d\u4f7f\u7528\u7684\u8bbe\u5907 ATEX <a href=\"https:\/\/eur-lex.europa.eu\/legal-content\/PL\/TXT\/PDF\/?uri=CELEX:32014L0034&amp;from=PL\" target=\"_blank\" rel=\"noopener noreferrer\">2014\/34\/EU<\/a> \u548c\u7f51\u7edc\u4ee3\u7801 - NC RfG <a href=\"https:\/\/eur-lex.europa.eu\/legal-content\/PL\/TXT\/PDF\/?uri=CELEX:32016R0631&amp;from=PL\" target=\"_blank\" rel=\"noopener\">(\u6b27\u76df) 2016\/631<\/a><\/span><\/p>\n<p><span style=\"font-weight: 400;\">\u68c0\u67e5\u53ef\u4ee5\u5305\u62ec\u751f\u4ea7\u8fc7\u7a0b\u3001\u5176\u7247\u6bb5\u6216\u76f8\u4e92\u5173\u7cfb\uff0c\u4ee5\u53ca\u7531\u8fd9\u4e9b\u8fc7\u7a0b\u4ea7\u751f\u7684\u6700\u7ec8\u4ea7\u54c1\u6216\u5b50\u7ec4\u4ef6\u3002\u68c0\u67e5\u662f\u5728\u5ba2\u6237\u7684\u73b0\u573a\uff0c\u5728\u751f\u4ea7\u7684\u5730\u65b9\u8fdb\u884c\u7684\uff0c\u65f6\u95f4\u4e0a\u8981\u786e\u4fdd\u6709\u53ef\u80fd\u8bc4\u4f30\u8fc7\u7a0b\u7684\u8fdb\u7a0b\u548c\u9a8c\u8bc1\u5176\u6548\u679c\u3002\u68c0\u67e5\u53ef\u4ee5\u901a\u8fc7\u4ea7\u54c1\u6d4b\u8bd5\u548c\u5408\u683c\u8bc4\u4f30\u6765\u8865\u5145\uff0c\u5305\u62ecEC\/EU\u7c7b\u578b\u6d4b\u8bd5\u3002<\/span><\/p>\n<p><span style=\"font-weight: 400;\">\u9664\u5176\u4ed6\u4e8b\u9879\u5916\uff0c\u68c0\u67e5\u5141\u8bb8<\/span><\/p>\n<ul>\n<li style=\"font-weight: 400;\"><span style=\"font-weight: 400;\">\u786e\u8ba4\u751f\u4ea7\u6216\u5b9e\u65bd\u751f\u4ea7\u7ebf\u7684\u5fc5\u8981\u8981\u6c42\u5f97\u5230\u6ee1\u8db3\uff1b<\/span><\/li>\n<\/ul>\n<ul>\n<li style=\"font-weight: 400;\"><span style=\"font-weight: 400;\">\u786e\u8ba4\u662f\u5426\u7b26\u5408\u4ea7\u54c1\u6807\u7b7e\u8981\u6c42\uff0c\u5982CE\u3001B\u3001KC\u3001ATEX\u3002<\/span><\/li>\n<\/ul>\n<p><span style=\"font-weight: 400;\">\u68c0\u67e5\u7ed3\u675f\u540e\uff0c\u5ba2\u6237\u4f1a\u6536\u5230\u4e00\u4efd\u62a5\u544a\uff0c\u5176\u4e2d\u5305\u62ec\u5bf9\u8981\u6c42\u6ee1\u8db3\u60c5\u51b5\u7684\u8bc4\u4f30\u548c\u5177\u4f53\u5efa\u8bae\uff0c\u4f8b\u5982\uff0c\u5173\u4e8e\u51cf\u5c11\u76f8\u5173\u98ce\u9669\u7684\u53ef\u80fd\u6027\u3002<\/span><\/p>\n<p><span style=\"font-weight: 400;\">\u5728ICR Polska Sp. z o.o.\u8fdb\u884c\u7684\u68c0\u67e5\u671f\u95f4\u4e0d\u65ad\u5411\u5ba2\u6237\u901a\u62a5\u5176\u8fdb\u5c55\u548c\u90e8\u5206\u610f\u89c1\uff0c\u5e76\u4e0e\u5ba2\u6237\u8ba8\u8bba\u6700\u7ec8\u62a5\u544a\u3002<\/span><\/p>\n<p><b>\u5ba1\u8ba1 <\/b><\/p>\n<p><span style=\"font-weight: 400;\">\u5ba1\u8ba1\u662f\u7531ICR Polska Sp. z o.o.\u63d0\u4f9b\u7684\u4e00\u9879\u670d\u52a1\uff0c\u53ef\u4ee5\u5bf9\u4f01\u4e1a\u5bb6\u7684\u670d\u52a1\u6216\u8d27\u7269\u4f9b\u5e94\u5546\u8fdb\u884c\u5feb\u901f\u548c\u53ef\u9760\u7684\u5168\u9762\u8bc4\u4f30\u3002ICR Polska Sp. z o.o.\u7684\u5ba1\u8ba1\u5e08\u7684\u72ec\u7acb\u6027\u548c\u786e\u8ba4\u7684\u80fd\u529b\u5141\u8bb8\u5bf9\u4f9b\u5e94\u5546\u6309\u7167\u8ba2\u8d2d\u4f01\u4e1a\u5bb6\u7684\u671f\u671b\u548c\u8981\u6c42\u5b8c\u6210\u59d4\u6258\u4efb\u52a1\u7684\u80fd\u529b\u8fdb\u884c\u5ba2\u89c2\u8bc4\u4f30\u3002<\/span><\/p>\n<p><span style=\"font-weight: 400;\">\u5ba1\u8ba1\u662f\u6839\u636e\u5ba2\u6237\u7684\u9700\u8981\u548c\u8981\u6c42\u5355\u72ec\u5b9a\u5236\u7684\uff0c\u6700\u5e38\u89c1\u7684\u662f\u72ec\u7acb\u8fdb\u884c\u7684\u8bc4\u4f30\uff0c\u9664\u5176\u4ed6\u4e8b\u9879\u5916\uff0c\u6838\u5b9e\uff1a<\/span><\/p>\n<ul>\n<li style=\"font-weight: 400;\"><span style=\"font-weight: 400;\">\u6ee1\u8db3\u7279\u5b9a\u5ba2\u6237\u8981\u6c42\u7684\u80fd\u529b\u3001\u4ea7\u54c1\u7684\u6280\u672f\u7279\u6027\u3001\u7ec4\u7ec7\u548c\/\u6216\u6cd5\u5f8b\u8981\u6c42\u6216\u516c\u53f8\u6216\u6240\u6709\u8005\u89c4\u5b9a\u7684\u5176\u4ed6\u6807\u51c6\uff1b<\/span><\/li>\n<li style=\"font-weight: 400;\"><span style=\"font-weight: 400;\">\u6ee1\u8db3\u5065\u5eb7\u548c\u5b89\u5168\u3001\u73af\u5883\u4fdd\u62a4\u3001\u4e2a\u4eba\u6570\u636e\u4fdd\u62a4\uff08RODO\uff09\u548c\u4fe1\u606f\u4fdd\u62a4\u8981\u6c42\u7684\u80fd\u529b\uff1b<\/span><\/li>\n<li style=\"font-weight: 400;\"><span style=\"font-weight: 400;\">\u6709\u80fd\u529b\u8fbe\u5230\u8d28\u91cf\u8ba1\u5212\u7684\u6807\u51c6\uff0c\u5982LEAN\u30016 Sigma\u30015S\u3001SMED\u3001KAIZEN\u3002<\/span><\/li>\n<\/ul>\n<p><span style=\"font-weight: 400;\">\u5ba1\u8ba1\u662f\u4e00\u4e2a\u7075\u6d3b\u548c\u5168\u9762\u7684\u89e3\u51b3\u65b9\u6848\uff0c\u4e3a\u4f01\u4e1a\u5e0c\u671b\uff1a<\/span><\/p>\n<ul>\n<li style=\"font-weight: 400;\"><span style=\"font-weight: 400;\">\u8bc6\u522b\u5e76\u5229\u7528\u5185\u90e8\u548c\u5916\u90e8\u6d41\u7a0b\u7684\u4f18\u5316\u7ed9\u4e1a\u52a1\u548c\u4ea4\u4ed8\u5e26\u6765\u7684\u673a\u4f1a\u548c\u5a01\u80c1\uff1b<\/span><\/li>\n<li style=\"font-weight: 400;\"><span style=\"font-weight: 400;\">\u6539\u5584\u5185\u90e8\u548c\u5916\u90e8\u6d41\u7a0b\uff0c\u5305\u62ec\u751f\u4ea7\u6d41\u7a0b\u548c\/\u6216\u63d0\u4f9b\u7684\u670d\u52a1\uff1b<\/span><\/li>\n<li style=\"font-weight: 400;\"><span style=\"font-weight: 400;\">\u8bc6\u522b\u5e76\u6709\u6548\u7f13\u89e3\u4e1a\u52a1\u4e2d\u7684\u98ce\u9669\uff1b<\/span><\/li>\n<li style=\"font-weight: 400;\"><span style=\"font-weight: 400;\">\u9075\u5b88\u4e1a\u52a1\u6240\u9700\u7684\u6280\u672f\u548c\u6cd5\u5f8b\u8981\u6c42\u3001\u627f\u5305\u5546\u51c6\u5219\u548c\u5185\u90e8\u653f\u7b56\u3002<\/span><\/li>\n<\/ul>\n<p><span style=\"font-weight: 400;\">\u5ba1\u8ba1\u7ed3\u675f\u540e\uff0c\u5ba2\u6237\u4f1a\u6536\u5230\u4e00\u4efd\u62a5\u544a\uff0c\u5176\u4e2d\u5305\u542b\u5bf9\u4f9b\u5e94\u5546\u5c65\u884c\u8981\u6c42\u7684\u8bc4\u4f30\u548c\u5177\u4f53\u5efa\u8bae\uff0c\u4f8b\u5982\uff0c\u5982\u4f55\u66f4\u597d\u5730\u5206\u914d\u8d44\u6e90\u3001\u5982\u4f55\u964d\u4f4e\u98ce\u9669\u4ee5\u53ca\u5982\u4f55\u5229\u7528\u4e0e\u4f9b\u5e94\u5546\u6709\u5173\u7684\u673a\u4f1a\uff0c\u540c\u65f6\u8003\u8651\u5230\u6709\u5f71\u54cd\u529b\u7684\u5916\u90e8\u5229\u76ca\u76f8\u5173\u8005\u6216\u5185\u90e8\u6d41\u7a0b\u3002<\/span><\/p>\n<p class=\"translation-block\"><span style=\"font-weight: 400\">\u5728ICR Polska Sp. z o.o.\u8fdb\u884c\u7684\u5ba1\u8ba1\u671f\u95f4\u3002\u4e0d\u65ad\u5411\u5ba2\u6237\u901a\u62a5\u5176\u8fdb\u5c55\u548c\u90e8\u5206\u7ed3\u679c\uff0c\u5e76\u5728<\/span>\u4f9b\u5e94\u5546\u7684\u53c2\u4e0e\u4e0b\u4e0e\u5ba2\u6237\u8ba8\u8bba\u6700\u7ec8\u62a5\u544a--\u6839\u636e\u8981\u6c42\u3002<\/p>\n<p>&nbsp;<\/p>","protected":false},"excerpt":{"rendered":"<p>\u7531 ICR Polska Sp. z o.o.\u5458\u5de5\u5728\u516c\u53f8\u804c\u6743\u8303\u56f4\u5185\u8fdb\u884c\u68c0\u67e5\uff0c\u7279\u522b\u662f\u786e\u8ba4\u662f\u5426\u7b26\u5408\u7279\u5b9a\u6807\u51c6\u7684\u8981\u6c42\u548c\u4ee5\u4e0b\u6307\u4ee4\u7684\u8981\u6c42\uff1a\u673a\u68b0 2006\/42\/EC\u3001\u4f4e\u7535\u538b 2014\/35\/EU\u3001\u7535\u78c1\u517c\u5bb9\u6027 EMC 2014\/30\/EU \u548c\u65e0\u7ebf\u7535 RED 2014\/53\/EU\u3001\u7206\u70b8\u6027\u73af\u5883\u548c\u62df\u5728\u6f5c\u5728\u7206\u70b8\u6027\u73af\u5883\u4e2d\u4f7f\u7528\u7684\u8bbe\u5907 ATEX 2014\/34\/EU \u548c\u7f51\u7edc\u89c4\u8303....\u3002&nbsp;<a href=\"https:\/\/icr.you2.pl\/cn\/inspekcje-i-audity\/\" rel=\"bookmark\">\u9605\u8bfb\u66f4\u591a \"<span class=\"screen-reader-text\">\u68c0\u67e5\u548c\u5ba1\u8ba1<\/span><\/a><\/p>","protected":false},"author":1,"featured_media":1137,"parent":0,"menu_order":0,"comment_status":"closed","ping_status":"closed","template":"","meta":{"neve_meta_sidebar":"","neve_meta_container":"","neve_meta_enable_content_width":"off","neve_meta_content_width":70,"neve_meta_title_alignment":"","neve_meta_author_avatar":"","neve_post_elements_order":"","neve_meta_disable_header":"","neve_meta_disable_footer":"","neve_meta_disable_title":"","footnotes":""},"class_list":["post-1971","page","type-page","status-publish","has-post-thumbnail","hentry"],"yoast_head":"<!-- This site is optimized with the Yoast SEO plugin v26.8 - https:\/\/yoast.com\/product\/yoast-seo-wordpress\/ -->\n<title>Inspekcje i Audity - ICR POLSKA - badania i certyfikacja<\/title>\n<meta name=\"robots\" content=\"index, follow, max-snippet:-1, max-image-preview:large, max-video-preview:-1\" \/>\n<link rel=\"canonical\" href=\"https:\/\/icr.you2.pl\/cn\/inspekcje-i-audity\/\" \/>\n<meta property=\"og:locale\" content=\"zh_CN\" \/>\n<meta property=\"og:type\" content=\"article\" \/>\n<meta property=\"og:title\" content=\"Inspekcje i Audity - ICR POLSKA - badania i certyfikacja\" \/>\n<meta property=\"og:description\" content=\"Inspekcje Inspekcje s\u0105 prowadzone przez pracownik\u00f3w ICR Polska Sp. z o.o. w zakresie kompetencji jednostki, w szczeg\u00f3lno\u015bci celem potwierdzenia spe\u0142nienia wymaga\u0144 norm szczeg\u00f3\u0142owych i wymaga\u0144 dyrektyw: maszynowej 2006\/42\/EC, niskonapi\u0119ciowej 2014\/35\/EU, kompatybilno\u015bci elektromagnetycznej EMC 2014\/30\/EU i radiowej RED 2014\/53\/EU, stref zagro\u017conych wybuchem i urz\u0105dze\u0144 przeznaczonych do pracy w atmosferach potencjalnie wybuchowych ATEX 2014\/34\/EU oraz Kodeksu sieciowego&hellip;&nbsp;\u9605\u8bfb\u66f4\u591a &raquo;Inspekcje i Audity\" \/>\n<meta property=\"og:url\" content=\"https:\/\/icr.you2.pl\/cn\/inspekcje-i-audity\/\" \/>\n<meta property=\"og:site_name\" content=\"ICR POLSKA - badania i certyfikacja\" \/>\n<meta property=\"article:modified_time\" content=\"2023-01-13T17:11:48+00:00\" \/>\n<meta name=\"twitter:card\" content=\"summary_large_image\" \/>\n<meta name=\"twitter:label1\" content=\"\u9884\u8ba1\u9605\u8bfb\u65f6\u95f4\" \/>\n\t<meta name=\"twitter:data1\" content=\"3 \u5206\" \/>\n<script type=\"application\/ld+json\" class=\"yoast-schema-graph\">{\"@context\":\"https:\/\/schema.org\",\"@graph\":[{\"@type\":\"WebPage\",\"@id\":\"https:\/\/icr.you2.pl\/inspekcje-i-audity\/\",\"url\":\"https:\/\/icr.you2.pl\/inspekcje-i-audity\/\",\"name\":\"Inspekcje i Audity - ICR POLSKA - badania i certyfikacja\",\"isPartOf\":{\"@id\":\"https:\/\/icr.you2.pl\/#website\"},\"primaryImageOfPage\":{\"@id\":\"https:\/\/icr.you2.pl\/inspekcje-i-audity\/#primaryimage\"},\"image\":{\"@id\":\"https:\/\/icr.you2.pl\/inspekcje-i-audity\/#primaryimage\"},\"thumbnailUrl\":\"\",\"datePublished\":\"2019-05-22T20:16:17+00:00\",\"dateModified\":\"2023-01-13T17:11:48+00:00\",\"breadcrumb\":{\"@id\":\"https:\/\/icr.you2.pl\/inspekcje-i-audity\/#breadcrumb\"},\"inLanguage\":\"zh-Hans\",\"potentialAction\":[{\"@type\":\"ReadAction\",\"target\":[\"https:\/\/icr.you2.pl\/inspekcje-i-audity\/\"]}]},{\"@type\":\"ImageObject\",\"inLanguage\":\"zh-Hans\",\"@id\":\"https:\/\/icr.you2.pl\/inspekcje-i-audity\/#primaryimage\",\"url\":\"\",\"contentUrl\":\"\"},{\"@type\":\"BreadcrumbList\",\"@id\":\"https:\/\/icr.you2.pl\/inspekcje-i-audity\/#breadcrumb\",\"itemListElement\":[{\"@type\":\"ListItem\",\"position\":1,\"name\":\"Strona g\u0142\u00f3wna\",\"item\":\"https:\/\/icr.you2.pl\/\"},{\"@type\":\"ListItem\",\"position\":2,\"name\":\"Inspekcje i Audity\"}]},{\"@type\":\"WebSite\",\"@id\":\"https:\/\/icr.you2.pl\/#website\",\"url\":\"https:\/\/icr.you2.pl\/\",\"name\":\"ICR POLSKA - badania i certyfikacja\",\"description\":\"CE certification, CE certificate, ISO certificate, RED testing, product testing and certification, electrical product testing, medical device testing, ATEX, IECEx, FCC, product certification, EMC testing, machinery certification, CE machines, training, electronic product testing, testing 2014\/53\/EU, drone certification, ISO 13485 certificate, ISO 9001 certificate, NC RfG\",\"publisher\":{\"@id\":\"https:\/\/icr.you2.pl\/#\/schema\/person\/944799c9e2f4a94662e3fcb3b1544baf\"},\"potentialAction\":[{\"@type\":\"SearchAction\",\"target\":{\"@type\":\"EntryPoint\",\"urlTemplate\":\"https:\/\/icr.you2.pl\/?s={search_term_string}\"},\"query-input\":{\"@type\":\"PropertyValueSpecification\",\"valueRequired\":true,\"valueName\":\"search_term_string\"}}],\"inLanguage\":\"zh-Hans\"},{\"@type\":[\"Person\",\"Organization\"],\"@id\":\"https:\/\/icr.you2.pl\/#\/schema\/person\/944799c9e2f4a94662e3fcb3b1544baf\",\"name\":\"admin\",\"image\":{\"@type\":\"ImageObject\",\"inLanguage\":\"zh-Hans\",\"@id\":\"https:\/\/icr.you2.pl\/#\/schema\/person\/image\/\",\"url\":\"https:\/\/icr.you2.pl\/wp-content\/uploads\/2019\/05\/cropped-logo-icr.32f04ad5-1-1.png\",\"contentUrl\":\"https:\/\/icr.you2.pl\/wp-content\/uploads\/2019\/05\/cropped-logo-icr.32f04ad5-1-1.png\",\"width\":400,\"height\":148,\"caption\":\"admin\"},\"logo\":{\"@id\":\"https:\/\/icr.you2.pl\/#\/schema\/person\/image\/\"}}]}<\/script>\n<!-- \/ Yoast SEO plugin. -->","yoast_head_json":{"title":"\u68c0\u67e5\u548c\u5ba1\u8ba1 - ICR \u6ce2\u5170 - \u6d4b\u8bd5\u548c\u8ba4\u8bc1","robots":{"index":"index","follow":"follow","max-snippet":"max-snippet:-1","max-image-preview":"max-image-preview:large","max-video-preview":"max-video-preview:-1"},"canonical":"https:\/\/icr.you2.pl\/cn\/inspekcje-i-audity\/","og_locale":"zh_CN","og_type":"article","og_title":"Inspekcje i Audity - ICR POLSKA - badania i certyfikacja","og_description":"Inspekcje Inspekcje s\u0105 prowadzone przez pracownik\u00f3w ICR Polska Sp. z o.o. w zakresie kompetencji jednostki, w szczeg\u00f3lno\u015bci celem potwierdzenia spe\u0142nienia wymaga\u0144 norm szczeg\u00f3\u0142owych i wymaga\u0144 dyrektyw: maszynowej 2006\/42\/EC, niskonapi\u0119ciowej 2014\/35\/EU, kompatybilno\u015bci elektromagnetycznej EMC 2014\/30\/EU i radiowej RED 2014\/53\/EU, stref zagro\u017conych wybuchem i urz\u0105dze\u0144 przeznaczonych do pracy w atmosferach potencjalnie wybuchowych ATEX 2014\/34\/EU oraz Kodeksu sieciowego&hellip;&nbsp;\u9605\u8bfb\u66f4\u591a &raquo;Inspekcje i Audity","og_url":"https:\/\/icr.you2.pl\/cn\/inspekcje-i-audity\/","og_site_name":"ICR POLSKA - badania i certyfikacja","article_modified_time":"2023-01-13T17:11:48+00:00","twitter_card":"summary_large_image","twitter_misc":{"\u9884\u8ba1\u9605\u8bfb\u65f6\u95f4":"3 \u5206"},"schema":{"@context":"https:\/\/schema.org","@graph":[{"@type":"WebPage","@id":"https:\/\/icr.you2.pl\/inspekcje-i-audity\/","url":"https:\/\/icr.you2.pl\/inspekcje-i-audity\/","name":"\u68c0\u67e5\u548c\u5ba1\u8ba1 - ICR \u6ce2\u5170 - \u6d4b\u8bd5\u548c\u8ba4\u8bc1","isPartOf":{"@id":"https:\/\/icr.you2.pl\/#website"},"primaryImageOfPage":{"@id":"https:\/\/icr.you2.pl\/inspekcje-i-audity\/#primaryimage"},"image":{"@id":"https:\/\/icr.you2.pl\/inspekcje-i-audity\/#primaryimage"},"thumbnailUrl":"","datePublished":"2019-05-22T20:16:17+00:00","dateModified":"2023-01-13T17:11:48+00:00","breadcrumb":{"@id":"https:\/\/icr.you2.pl\/inspekcje-i-audity\/#breadcrumb"},"inLanguage":"zh-Hans","potentialAction":[{"@type":"ReadAction","target":["https:\/\/icr.you2.pl\/inspekcje-i-audity\/"]}]},{"@type":"ImageObject","inLanguage":"zh-Hans","@id":"https:\/\/icr.you2.pl\/inspekcje-i-audity\/#primaryimage","url":"","contentUrl":""},{"@type":"BreadcrumbList","@id":"https:\/\/icr.you2.pl\/inspekcje-i-audity\/#breadcrumb","itemListElement":[{"@type":"ListItem","position":1,"name":"Strona g\u0142\u00f3wna","item":"https:\/\/icr.you2.pl\/"},{"@type":"ListItem","position":2,"name":"Inspekcje i Audity"}]},{"@type":"WebSite","@id":"https:\/\/icr.you2.pl\/#website","url":"https:\/\/icr.you2.pl\/","name":"ICR\u6ce2\u5170 - \u6d4b\u8bd5\u548c\u8ba4\u8bc1","description":"CE\u8ba4\u8bc1\u3001CE\u8bc1\u4e66\u3001ISO\u8bc1\u4e66\u3001RED\u6d4b\u8bd5\u3001\u4ea7\u54c1\u6d4b\u8bd5\u548c\u8ba4\u8bc1\u3001\u7535\u6c14\u4ea7\u54c1\u6d4b\u8bd5\u3001\u533b\u7597\u8bbe\u5907\u6d4b\u8bd5\u3001ATEX\u3001IECEx\u3001FCC\u3001\u4ea7\u54c1\u8ba4\u8bc1\u3001EMC\u6d4b\u8bd5\u3001\u673a\u68b0\u8ba4\u8bc1\u3001CE\u673a\u5668\u3001\u57f9\u8bad\u3001\u7535\u5b50\u4ea7\u54c1\u6d4b\u8bd5\u30012014\/53\/EU\u6d4b\u8bd5\u3001\u65e0\u4eba\u673a\u8ba4\u8bc1\u3001ISO 13485\u8bc1\u4e66\u3001ISO 9001\u8bc1\u4e66\u3001NC RfG","publisher":{"@id":"https:\/\/icr.you2.pl\/#\/schema\/person\/944799c9e2f4a94662e3fcb3b1544baf"},"potentialAction":[{"@type":"SearchAction","target":{"@type":"EntryPoint","urlTemplate":"https:\/\/icr.you2.pl\/?s={search_term_string}"},"query-input":{"@type":"PropertyValueSpecification","valueRequired":true,"valueName":"search_term_string"}}],"inLanguage":"zh-Hans"},{"@type":["Person","Organization"],"@id":"https:\/\/icr.you2.pl\/#\/schema\/person\/944799c9e2f4a94662e3fcb3b1544baf","name":"\u7ba1\u7406\u5458","image":{"@type":"ImageObject","inLanguage":"zh-Hans","@id":"https:\/\/icr.you2.pl\/#\/schema\/person\/image\/","url":"https:\/\/icr.you2.pl\/wp-content\/uploads\/2019\/05\/cropped-logo-icr.32f04ad5-1-1.png","contentUrl":"https:\/\/icr.you2.pl\/wp-content\/uploads\/2019\/05\/cropped-logo-icr.32f04ad5-1-1.png","width":400,"height":148,"caption":"admin"},"logo":{"@id":"https:\/\/icr.you2.pl\/#\/schema\/person\/image\/"}}]}},"_links":{"self":[{"href":"https:\/\/icr.you2.pl\/cn\/wp-json\/wp\/v2\/pages\/1971","targetHints":{"allow":["GET"]}}],"collection":[{"href":"https:\/\/icr.you2.pl\/cn\/wp-json\/wp\/v2\/pages"}],"about":[{"href":"https:\/\/icr.you2.pl\/cn\/wp-json\/wp\/v2\/types\/page"}],"author":[{"embeddable":true,"href":"https:\/\/icr.you2.pl\/cn\/wp-json\/wp\/v2\/users\/1"}],"replies":[{"embeddable":true,"href":"https:\/\/icr.you2.pl\/cn\/wp-json\/wp\/v2\/comments?post=1971"}],"version-history":[{"count":0,"href":"https:\/\/icr.you2.pl\/cn\/wp-json\/wp\/v2\/pages\/1971\/revisions"}],"wp:featuredmedia":[{"embeddable":true,"href":"https:\/\/icr.you2.pl\/cn\/wp-json\/"}],"wp:attachment":[{"href":"https:\/\/icr.you2.pl\/cn\/wp-json\/wp\/v2\/media?parent=1971"}],"curies":[{"name":"wp","href":"https:\/\/api.w.org\/{rel}","templated":true}]}}