{"id":2019,"date":"2019-05-28T10:59:50","date_gmt":"2019-05-28T10:59:50","guid":{"rendered":"http:\/\/icrpolska.e-ksperci.pl\/?page_id=2019"},"modified":"2025-01-30T10:58:54","modified_gmt":"2025-01-30T09:58:54","slug":"emc-2014-30-ue-kompatybilnosc-elektromagnetyczna","status":"publish","type":"page","link":"https:\/\/icr.you2.pl\/cn\/certyfikacja-wyrobow\/emc-2014-30-ue-kompatybilnosc-elektromagnetyczna\/","title":{"rendered":"EMC 2014\/30\/EU - \u7535\u78c1\u517c\u5bb9\u6027"},"content":{"rendered":"<p><span style=\"font-weight: 400;\">\u6240\u6709\u7535\u6c14\u548c\u7535\u5b50\u8bbe\u5907\u6216\u88c5\u7f6e\u90fd\u4ee5\u4f20\u5bfc\u65b9\u5f0f\uff08\u7535\u6e90\u3001\u4e0e\u5916\u56f4\u8bbe\u5907\u7684\u8fde\u63a5\u3001\u7b49\u7535\u4f4d\u8fde\u63a5\u7b49\uff09\u548c\u8f90\u5c04\u65b9\u5f0f\uff08\u5982\u679c\u5b83\u4eec\u4e4b\u95f4\u7684\u8ddd\u79bb\u5f88\u5c0f\uff09\u76f8\u4e92\u4f5c\u7528\u3002\u7535\u78c1\u517c\u5bb9\u6027\uff08EMC\uff09\u7684\u76ee\u6807\u662f\u4fdd\u6301\u5e72\u6270\u6392\u653e\u6c34\u5e73\u4ee5\u53ca\u5bf9\u5e72\u6270\u7684\u514d\u75ab\u6c34\u5e73\uff0c\u4f7f\u4e4b\u8fbe\u5230\u65e0\u6545\u969c\u8fd0\u884c\u7684\u7a0b\u5ea6\u3002EMC\u662f\u6307\u6240\u6709\u73b0\u6709\u7684\u548c\u672a\u6765\u7684\u6280\u672f\u548c\u5de5\u827a\uff0c\u4ee5\u51cf\u5c11\u5e72\u6270\u548c\u63d0\u9ad8\u6297\u5e72\u6270\u80fd\u529b\u3002\u00a0<\/span><\/p>\n<p class=\"translation-block\"><span style=\"font-weight: 400\"><a href=\"https:\/\/eur-lex.europa.eu\/legal-content\/PL\/TXT\/PDF\/?uri=CELEX:32014L0030&amp;from=PL\" target=\"_self\" rel=\"noopener noreferrer\">EMC\u6307\u4ee4<\/a>\u7684\u89c4\u5b9a\u6ce8\u610f\u9650\u5236\u8bbe\u5907\u7684\u7535\u78c1\u8f90\u5c04\uff0c\u4ee5\u786e\u4fdd\u5728\u6309\u8ba1\u5212\u4f7f\u7528\u65f6\uff0c\u8fd9\u4e9b\u8bbe\u5907\u4e0d\u4f1a\u5e72\u6270\u65e0\u7ebf\u7535\u548c\u7535\u4fe1\u8fde\u63a5\u6216\u5176\u4ed6\u8bbe\u5907\u7684\u64cd\u4f5c\u3002<\/span>\u3002<\/p>\n<p><span style=\"font-weight: 400;\">\u8be5\u6307\u4ee4\u8fd8\u89c4\u5b9a\u4e86\u6b64\u7c7b\u8bbe\u5907\u7684\u6297\u5e72\u6270\u80fd\u529b\uff0c\u65e8\u5728\u786e\u4fdd\u8be5\u8bbe\u5907\u5728\u6309\u89c4\u5b9a\u4f7f\u7528\u65f6\u4e0d\u4f1a\u53d7\u5230\u65e0\u7ebf\u7535\u6ce2\u53d1\u5c04\u4ee5\u53ca\u4f20\u5bfc\u6027\u65e0\u7ebf\u7535\u548c\u5176\u4ed6\u8109\u51b2\u5e72\u6270\uff08BURST \/ SURGE \uff09\u548c\u9759\u7535\u653e\u7535\u7b49\u7684\u5f71\u54cd\u3002<\/span><\/p>\n<p><span style=\"font-weight: 400;\">\u4e00\u4e2a\u6210\u529f\u7684\u5f3a\u5236\u6027EMC\u4ea7\u54c1\u8bc4\u4f30\u662f\u901a\u8fc7\u9881\u53d1EU-\u7c7b\u578b\u5ba1\u67e5\u8bc1\u4e66\uff08EU-\u7c7b\u578b\u8bc1\u4e66\uff09\u6765\u603b\u7ed3\u7684\u3002<\/span><\/p>\n<p><strong>\u66f4\u591a\uff1a<\/strong><\/p>\n<p><a href=\"http:\/\/icr.you2.pl\/wp-content\/uploads\/2019\/06\/Program-oceny-zgodno\u015bci-w-zakresie-EMC.pdf\" target=\"_blank\" rel=\"noopener noreferrer\"><img decoding=\"async\" class=\"alignnone wp-image-2679\" src=\"http:\/\/icr.you2.pl\/wp-content\/uploads\/2019\/06\/adobe.jpg\" alt=\"\" width=\"20\" height=\"21\" srcset=\"https:\/\/icr.you2.pl\/wp-content\/uploads\/2019\/06\/adobe.jpg 218w, https:\/\/icr.you2.pl\/wp-content\/uploads\/2019\/06\/adobe-150x150.jpg 150w\" sizes=\"(max-width: 20px) 100vw, 20px\" \/><\/a><a href=\"http:\/\/icr.you2.pl\/wp-content\/uploads\/2024\/03\/PC-P-07-02_14_EMC.pdf\" target=\"_blank\" rel=\"noopener noreferrer\"> EMC\u5408\u683c\u8bc4\u4f30\u65b9\u6848\uff082014\/30\/EU\uff09<\/a> + <a href=\"http:\/\/icr.you2.pl\/wp-content\/uploads\/2025\/01\/F-P-07-34_5.pdf\" target=\"_blank\" rel=\"noopener noreferrer\">\u6280\u672f\u89c4\u683c\u6e05\u5355<\/a><\/p>\n<p><a href=\"http:\/\/icr.you2.pl\/wp-content\/uploads\/2019\/06\/Wniosek-o-certyfikacj\u0119-systemu.docx\"><img decoding=\"async\" class=\"alignnone wp-image-2678\" src=\"http:\/\/icr.you2.pl\/wp-content\/uploads\/2019\/06\/word.jpg\" alt=\"\" width=\"20\" height=\"20\" srcset=\"https:\/\/icr.you2.pl\/wp-content\/uploads\/2019\/06\/word.jpg 208w, https:\/\/icr.you2.pl\/wp-content\/uploads\/2019\/06\/word-150x150.jpg 150w\" sizes=\"(max-width: 20px) 100vw, 20px\" \/><\/a><a href=\"http:\/\/icr.you2.pl\/wp-content\/uploads\/2024\/03\/F-P-07-02_9.docx\" target=\"_blank\" rel=\"noopener noreferrer\">\u00a0\u7533\u8bf7\u4e66_\u7533\u8bf7\u4e66_\u5f3a\u5236\u6027\u8bc4\u4f30<\/a><\/p>","protected":false},"excerpt":{"rendered":"<p>\u6240\u6709\u7535\u6c14\u548c\u7535\u5b50\u8bbe\u5907\u6216\u88c5\u7f6e\u90fd\u4f1a\u4ee5\u4f20\u5bfc\u65b9\u5f0f\uff08\u7535\u6e90\u3001\u5916\u56f4\u8bbe\u5907\u8fde\u63a5\u3001\u7b49\u7535\u4f4d\u8fde\u63a5\u7b49\uff09\u548c\u8f90\u5c04\u65b9\u5f0f\uff08\u5982\u679c\u5b83\u4eec\u4e4b\u95f4\u7684\u8ddd\u79bb\u5f88\u5c0f\uff09\u76f8\u4e92\u4f5c\u7528\u3002\u7535\u78c1\u517c\u5bb9\u6027\uff08EMC\uff09\u7684\u76ee\u6807\u662f\u4fdd\u6301\u5e72\u6270\u53d1\u5c04\u6c34\u5e73\u548c\u6297\u5e72\u6270\u6c34\u5e73\uff0c\u4f7f\u5176\u8fbe\u5230\u5141\u8bb8\u65e0\u6545\u969c\u8fd0\u884c\u7684\u7a0b\u5ea6....\u3002&nbsp;<a href=\"https:\/\/icr.you2.pl\/cn\/certyfikacja-wyrobow\/emc-2014-30-ue-kompatybilnosc-elektromagnetyczna\/\" rel=\"bookmark\">\u9605\u8bfb\u66f4\u591a \"<span class=\"screen-reader-text\">EMC 2014\/30\/EU - \u7535\u78c1\u517c\u5bb9\u6027<\/span><\/a><\/p>","protected":false},"author":1,"featured_media":1170,"parent":211,"menu_order":0,"comment_status":"closed","ping_status":"closed","template":"","meta":{"neve_meta_sidebar":"","neve_meta_container":"","neve_meta_enable_content_width":"off","neve_meta_content_width":70,"neve_meta_title_alignment":"","neve_meta_author_avatar":"","neve_post_elements_order":"","neve_meta_disable_header":"","neve_meta_disable_footer":"","neve_meta_disable_title":"","footnotes":""},"class_list":["post-2019","page","type-page","status-publish","has-post-thumbnail","hentry"],"yoast_head":"<!-- This site is optimized with the Yoast SEO plugin v26.8 - https:\/\/yoast.com\/product\/yoast-seo-wordpress\/ -->\n<title>EMC 2014\/30\/UE \u2013 kompatybilno\u015b\u0107 elektromagnetyczna - ICR POLSKA - badania i certyfikacja<\/title>\n<meta name=\"robots\" content=\"index, follow, max-snippet:-1, max-image-preview:large, max-video-preview:-1\" \/>\n<link rel=\"canonical\" href=\"https:\/\/icr.you2.pl\/cn\/certyfikacja-wyrobow\/emc-2014-30-ue-kompatybilnosc-elektromagnetyczna\/\" \/>\n<meta property=\"og:locale\" content=\"zh_CN\" \/>\n<meta property=\"og:type\" content=\"article\" \/>\n<meta property=\"og:title\" content=\"EMC 2014\/30\/UE \u2013 kompatybilno\u015b\u0107 elektromagnetyczna - ICR POLSKA - badania i certyfikacja\" \/>\n<meta property=\"og:description\" content=\"Wszystkie urz\u0105dzenia lub instalacje elektryczne i elektroniczne oddzia\u0142uj\u0105 na siebie zar\u00f3wno w spos\u00f3b przewodzony (sie\u0107 zasilaj\u0105ca, po\u0142\u0105czenia z urz\u0105dzeniami peryferyjnymi, po\u0142\u0105czenia wyr\u00f3wnawcze itp.) jak r\u00f3wnie\u017c w spos\u00f3b promieniowany, je\u017celi odleg\u0142o\u015b\u0107 mi\u0119dzy nimi jest niewielka. Celem kompatybilno\u015bci elektromagnetycznej (EMC) jest utrzymanie poziom\u00f3w emisji zaburze\u0144, jak i poziom\u00f3w odporno\u015bci na zaburzenia w stopniu pozwalaj\u0105cym na bezawaryjn\u0105 wsp\u00f3\u0142prac\u0119.&hellip;&nbsp;\u9605\u8bfb\u66f4\u591a &raquo;EMC 2014\/30\/UE \u2013 kompatybilno\u015b\u0107 elektromagnetyczna\" \/>\n<meta property=\"og:url\" content=\"https:\/\/icr.you2.pl\/cn\/certyfikacja-wyrobow\/emc-2014-30-ue-kompatybilnosc-elektromagnetyczna\/\" \/>\n<meta property=\"og:site_name\" content=\"ICR POLSKA - badania i certyfikacja\" \/>\n<meta property=\"article:modified_time\" content=\"2025-01-30T09:58:54+00:00\" \/>\n<meta name=\"twitter:card\" content=\"summary_large_image\" \/>\n<meta name=\"twitter:label1\" content=\"\u9884\u8ba1\u9605\u8bfb\u65f6\u95f4\" \/>\n\t<meta name=\"twitter:data1\" content=\"2 \u5206\" \/>\n<script type=\"application\/ld+json\" class=\"yoast-schema-graph\">{\"@context\":\"https:\/\/schema.org\",\"@graph\":[{\"@type\":\"WebPage\",\"@id\":\"https:\/\/icr.you2.pl\/certyfikacja-wyrobow\/emc-2014-30-ue-kompatybilnosc-elektromagnetyczna\/\",\"url\":\"https:\/\/icr.you2.pl\/certyfikacja-wyrobow\/emc-2014-30-ue-kompatybilnosc-elektromagnetyczna\/\",\"name\":\"EMC 2014\/30\/UE \u2013 kompatybilno\u015b\u0107 elektromagnetyczna - ICR POLSKA - badania i certyfikacja\",\"isPartOf\":{\"@id\":\"https:\/\/icr.you2.pl\/#website\"},\"primaryImageOfPage\":{\"@id\":\"https:\/\/icr.you2.pl\/certyfikacja-wyrobow\/emc-2014-30-ue-kompatybilnosc-elektromagnetyczna\/#primaryimage\"},\"image\":{\"@id\":\"https:\/\/icr.you2.pl\/certyfikacja-wyrobow\/emc-2014-30-ue-kompatybilnosc-elektromagnetyczna\/#primaryimage\"},\"thumbnailUrl\":\"\",\"datePublished\":\"2019-05-28T10:59:50+00:00\",\"dateModified\":\"2025-01-30T09:58:54+00:00\",\"breadcrumb\":{\"@id\":\"https:\/\/icr.you2.pl\/certyfikacja-wyrobow\/emc-2014-30-ue-kompatybilnosc-elektromagnetyczna\/#breadcrumb\"},\"inLanguage\":\"zh-Hans\",\"potentialAction\":[{\"@type\":\"ReadAction\",\"target\":[\"https:\/\/icr.you2.pl\/certyfikacja-wyrobow\/emc-2014-30-ue-kompatybilnosc-elektromagnetyczna\/\"]}]},{\"@type\":\"ImageObject\",\"inLanguage\":\"zh-Hans\",\"@id\":\"https:\/\/icr.you2.pl\/certyfikacja-wyrobow\/emc-2014-30-ue-kompatybilnosc-elektromagnetyczna\/#primaryimage\",\"url\":\"\",\"contentUrl\":\"\"},{\"@type\":\"BreadcrumbList\",\"@id\":\"https:\/\/icr.you2.pl\/certyfikacja-wyrobow\/emc-2014-30-ue-kompatybilnosc-elektromagnetyczna\/#breadcrumb\",\"itemListElement\":[{\"@type\":\"ListItem\",\"position\":1,\"name\":\"Strona g\u0142\u00f3wna\",\"item\":\"https:\/\/icr.you2.pl\/\"},{\"@type\":\"ListItem\",\"position\":2,\"name\":\"Certyfikacja wyrob\u00f3w\",\"item\":\"https:\/\/icr.you2.pl\/en\/certyfikacja-wyrobow\/\"},{\"@type\":\"ListItem\",\"position\":3,\"name\":\"EMC 2014\/30\/UE \u2013 kompatybilno\u015b\u0107 elektromagnetyczna\"}]},{\"@type\":\"WebSite\",\"@id\":\"https:\/\/icr.you2.pl\/#website\",\"url\":\"https:\/\/icr.you2.pl\/\",\"name\":\"ICR POLSKA - badania i certyfikacja\",\"description\":\"CE certification, CE certificate, ISO certificate, RED testing, product testing and certification, electrical product testing, medical device testing, ATEX, IECEx, FCC, product certification, EMC testing, machinery certification, CE machines, training, electronic product testing, testing 2014\/53\/EU, drone certification, ISO 13485 certificate, ISO 9001 certificate, NC RfG\",\"publisher\":{\"@id\":\"https:\/\/icr.you2.pl\/#\/schema\/person\/944799c9e2f4a94662e3fcb3b1544baf\"},\"potentialAction\":[{\"@type\":\"SearchAction\",\"target\":{\"@type\":\"EntryPoint\",\"urlTemplate\":\"https:\/\/icr.you2.pl\/?s={search_term_string}\"},\"query-input\":{\"@type\":\"PropertyValueSpecification\",\"valueRequired\":true,\"valueName\":\"search_term_string\"}}],\"inLanguage\":\"zh-Hans\"},{\"@type\":[\"Person\",\"Organization\"],\"@id\":\"https:\/\/icr.you2.pl\/#\/schema\/person\/944799c9e2f4a94662e3fcb3b1544baf\",\"name\":\"admin\",\"image\":{\"@type\":\"ImageObject\",\"inLanguage\":\"zh-Hans\",\"@id\":\"https:\/\/icr.you2.pl\/#\/schema\/person\/image\/\",\"url\":\"https:\/\/icr.you2.pl\/wp-content\/uploads\/2019\/05\/cropped-logo-icr.32f04ad5-1-1.png\",\"contentUrl\":\"https:\/\/icr.you2.pl\/wp-content\/uploads\/2019\/05\/cropped-logo-icr.32f04ad5-1-1.png\",\"width\":400,\"height\":148,\"caption\":\"admin\"},\"logo\":{\"@id\":\"https:\/\/icr.you2.pl\/#\/schema\/person\/image\/\"}}]}<\/script>\n<!-- \/ Yoast SEO plugin. -->","yoast_head_json":{"title":"EMC 2014\/30\/EU - \u7535\u78c1\u517c\u5bb9\u6027 - ICR POLAND - \u6d4b\u8bd5\u548c\u8ba4\u8bc1","robots":{"index":"index","follow":"follow","max-snippet":"max-snippet:-1","max-image-preview":"max-image-preview:large","max-video-preview":"max-video-preview:-1"},"canonical":"https:\/\/icr.you2.pl\/cn\/certyfikacja-wyrobow\/emc-2014-30-ue-kompatybilnosc-elektromagnetyczna\/","og_locale":"zh_CN","og_type":"article","og_title":"EMC 2014\/30\/UE \u2013 kompatybilno\u015b\u0107 elektromagnetyczna - ICR POLSKA - badania i certyfikacja","og_description":"Wszystkie urz\u0105dzenia lub instalacje elektryczne i elektroniczne oddzia\u0142uj\u0105 na siebie zar\u00f3wno w spos\u00f3b przewodzony (sie\u0107 zasilaj\u0105ca, po\u0142\u0105czenia z urz\u0105dzeniami peryferyjnymi, po\u0142\u0105czenia wyr\u00f3wnawcze itp.) jak r\u00f3wnie\u017c w spos\u00f3b promieniowany, je\u017celi odleg\u0142o\u015b\u0107 mi\u0119dzy nimi jest niewielka. Celem kompatybilno\u015bci elektromagnetycznej (EMC) jest utrzymanie poziom\u00f3w emisji zaburze\u0144, jak i poziom\u00f3w odporno\u015bci na zaburzenia w stopniu pozwalaj\u0105cym na bezawaryjn\u0105 wsp\u00f3\u0142prac\u0119.&hellip;&nbsp;\u9605\u8bfb\u66f4\u591a &raquo;EMC 2014\/30\/UE \u2013 kompatybilno\u015b\u0107 elektromagnetyczna","og_url":"https:\/\/icr.you2.pl\/cn\/certyfikacja-wyrobow\/emc-2014-30-ue-kompatybilnosc-elektromagnetyczna\/","og_site_name":"ICR POLSKA - badania i certyfikacja","article_modified_time":"2025-01-30T09:58:54+00:00","twitter_card":"summary_large_image","twitter_misc":{"\u9884\u8ba1\u9605\u8bfb\u65f6\u95f4":"2 \u5206"},"schema":{"@context":"https:\/\/schema.org","@graph":[{"@type":"WebPage","@id":"https:\/\/icr.you2.pl\/certyfikacja-wyrobow\/emc-2014-30-ue-kompatybilnosc-elektromagnetyczna\/","url":"https:\/\/icr.you2.pl\/certyfikacja-wyrobow\/emc-2014-30-ue-kompatybilnosc-elektromagnetyczna\/","name":"EMC 2014\/30\/EU - \u7535\u78c1\u517c\u5bb9\u6027 - ICR POLAND - \u6d4b\u8bd5\u548c\u8ba4\u8bc1","isPartOf":{"@id":"https:\/\/icr.you2.pl\/#website"},"primaryImageOfPage":{"@id":"https:\/\/icr.you2.pl\/certyfikacja-wyrobow\/emc-2014-30-ue-kompatybilnosc-elektromagnetyczna\/#primaryimage"},"image":{"@id":"https:\/\/icr.you2.pl\/certyfikacja-wyrobow\/emc-2014-30-ue-kompatybilnosc-elektromagnetyczna\/#primaryimage"},"thumbnailUrl":"","datePublished":"2019-05-28T10:59:50+00:00","dateModified":"2025-01-30T09:58:54+00:00","breadcrumb":{"@id":"https:\/\/icr.you2.pl\/certyfikacja-wyrobow\/emc-2014-30-ue-kompatybilnosc-elektromagnetyczna\/#breadcrumb"},"inLanguage":"zh-Hans","potentialAction":[{"@type":"ReadAction","target":["https:\/\/icr.you2.pl\/certyfikacja-wyrobow\/emc-2014-30-ue-kompatybilnosc-elektromagnetyczna\/"]}]},{"@type":"ImageObject","inLanguage":"zh-Hans","@id":"https:\/\/icr.you2.pl\/certyfikacja-wyrobow\/emc-2014-30-ue-kompatybilnosc-elektromagnetyczna\/#primaryimage","url":"","contentUrl":""},{"@type":"BreadcrumbList","@id":"https:\/\/icr.you2.pl\/certyfikacja-wyrobow\/emc-2014-30-ue-kompatybilnosc-elektromagnetyczna\/#breadcrumb","itemListElement":[{"@type":"ListItem","position":1,"name":"Strona g\u0142\u00f3wna","item":"https:\/\/icr.you2.pl\/"},{"@type":"ListItem","position":2,"name":"Certyfikacja wyrob\u00f3w","item":"https:\/\/icr.you2.pl\/en\/certyfikacja-wyrobow\/"},{"@type":"ListItem","position":3,"name":"EMC 2014\/30\/UE \u2013 kompatybilno\u015b\u0107 elektromagnetyczna"}]},{"@type":"WebSite","@id":"https:\/\/icr.you2.pl\/#website","url":"https:\/\/icr.you2.pl\/","name":"ICR\u6ce2\u5170 - \u6d4b\u8bd5\u548c\u8ba4\u8bc1","description":"CE\u8ba4\u8bc1\u3001CE\u8bc1\u4e66\u3001ISO\u8bc1\u4e66\u3001RED\u6d4b\u8bd5\u3001\u4ea7\u54c1\u6d4b\u8bd5\u548c\u8ba4\u8bc1\u3001\u7535\u6c14\u4ea7\u54c1\u6d4b\u8bd5\u3001\u533b\u7597\u8bbe\u5907\u6d4b\u8bd5\u3001ATEX\u3001IECEx\u3001FCC\u3001\u4ea7\u54c1\u8ba4\u8bc1\u3001EMC\u6d4b\u8bd5\u3001\u673a\u68b0\u8ba4\u8bc1\u3001CE\u673a\u5668\u3001\u57f9\u8bad\u3001\u7535\u5b50\u4ea7\u54c1\u6d4b\u8bd5\u30012014\/53\/EU\u6d4b\u8bd5\u3001\u65e0\u4eba\u673a\u8ba4\u8bc1\u3001ISO 13485\u8bc1\u4e66\u3001ISO 9001\u8bc1\u4e66\u3001NC RfG","publisher":{"@id":"https:\/\/icr.you2.pl\/#\/schema\/person\/944799c9e2f4a94662e3fcb3b1544baf"},"potentialAction":[{"@type":"SearchAction","target":{"@type":"EntryPoint","urlTemplate":"https:\/\/icr.you2.pl\/?s={search_term_string}"},"query-input":{"@type":"PropertyValueSpecification","valueRequired":true,"valueName":"search_term_string"}}],"inLanguage":"zh-Hans"},{"@type":["Person","Organization"],"@id":"https:\/\/icr.you2.pl\/#\/schema\/person\/944799c9e2f4a94662e3fcb3b1544baf","name":"\u7ba1\u7406\u5458","image":{"@type":"ImageObject","inLanguage":"zh-Hans","@id":"https:\/\/icr.you2.pl\/#\/schema\/person\/image\/","url":"https:\/\/icr.you2.pl\/wp-content\/uploads\/2019\/05\/cropped-logo-icr.32f04ad5-1-1.png","contentUrl":"https:\/\/icr.you2.pl\/wp-content\/uploads\/2019\/05\/cropped-logo-icr.32f04ad5-1-1.png","width":400,"height":148,"caption":"admin"},"logo":{"@id":"https:\/\/icr.you2.pl\/#\/schema\/person\/image\/"}}]}},"_links":{"self":[{"href":"https:\/\/icr.you2.pl\/cn\/wp-json\/wp\/v2\/pages\/2019","targetHints":{"allow":["GET"]}}],"collection":[{"href":"https:\/\/icr.you2.pl\/cn\/wp-json\/wp\/v2\/pages"}],"about":[{"href":"https:\/\/icr.you2.pl\/cn\/wp-json\/wp\/v2\/types\/page"}],"author":[{"embeddable":true,"href":"https:\/\/icr.you2.pl\/cn\/wp-json\/wp\/v2\/users\/1"}],"replies":[{"embeddable":true,"href":"https:\/\/icr.you2.pl\/cn\/wp-json\/wp\/v2\/comments?post=2019"}],"version-history":[{"count":0,"href":"https:\/\/icr.you2.pl\/cn\/wp-json\/wp\/v2\/pages\/2019\/revisions"}],"up":[{"embeddable":true,"href":"https:\/\/icr.you2.pl\/cn\/wp-json\/wp\/v2\/pages\/211"}],"wp:featuredmedia":[{"embeddable":true,"href":"https:\/\/icr.you2.pl\/cn\/wp-json\/"}],"wp:attachment":[{"href":"https:\/\/icr.you2.pl\/cn\/wp-json\/wp\/v2\/media?parent=2019"}],"curies":[{"name":"wp","href":"https:\/\/api.w.org\/{rel}","templated":true}]}}