{"id":2024,"date":"2019-05-28T11:01:41","date_gmt":"2019-05-28T11:01:41","guid":{"rendered":"http:\/\/icrpolska.e-ksperci.pl\/?page_id=2024"},"modified":"2025-03-06T11:46:02","modified_gmt":"2025-03-06T10:46:02","slug":"red-2014-53-ue-urzadzenia-radiowe","status":"publish","type":"page","link":"https:\/\/icr.you2.pl\/cn\/certyfikacja-wyrobow\/red-2014-53-ue-urzadzenia-radiowe\/","title":{"rendered":"RED 2014\/53\/EU - \u65e0\u7ebf\u7535\u8bbe\u5907"},"content":{"rendered":"<p class=\"translation-block\"><a href=\"https:\/\/eur-lex.europa.eu\/legal-content\/PL\/TXT\/PDF\/?uri=CELEX:32014L0053&amp;from=PL\" target=\"_self\" rel=\"noopener noreferrer\"> RED\u6307\u4ee4<\/a>\u7684\u8303\u56f4\u5305\u62ec\u4e3a\u7535\u4fe1\u6216\u65e0\u7ebf\u7535\u5b9a\u4f4d\u76ee\u7684\u800c\u6709\u610f\u53d1\u5c04\u6216\u63a5\u6536\u65e0\u7ebf\u7535\u6ce2\u7684\u8bbe\u5907\uff08\u7535\u6c14\u6216\u7535\u5b50\uff09\uff0c\u4ee5\u53ca\u9700\u8981\u8865\u5145\u989d\u5916\u5143\u7d20\uff08\u4f8b\u5982\uff1a\u5929\u7ebf\uff09\u4ee5\u4fbf\u80fd\u591f\u4e3a\u7535\u4fe1\u6216\u65e0\u7ebf\u7535\u5b9a\u4f4d\u76ee\u7684\u6709\u610f\u53d1\u5c04\u6216\u63a5\u6536\u65e0\u7ebf\u7535\u6ce2\u7684\u8bbe\u5907\u3002<\/p>\n<p>\u65e0\u7ebf\u7535\u8bbe\u5907\u7684\u8bbe\u8ba1\u5e94\u786e\u4fdd\u5bf9\u5065\u5eb7\u548c\u5b89\u5168\u7684\u4fdd\u62a4\uff0c\u5305\u62ec\u5b9e\u73b0\u4e0e\u4ee5\u4e0b\u8981\u6c42\u6709\u5173\u7684\u76ee\u6807\uff1a<\/p>\n<ul>\n<li>\u4fdd\u62a4\u4eba\u5458\u548c\u5bb6\u755c\u7684\u5065\u5eb7\u548c\u5b89\u5168\uff0c\u4fdd\u62a4\u8d22\u4ea7\uff0c\u5305\u62ec\u4e0e\u7b2c 2014\/35\/EU \u53f7\u6307\u4ee4\u7684\u5b89\u5168\u8981\u6c42\u6709\u5173\u7684\u76ee\u6807\uff0c\u4f46\u4e0d\u9002\u7528\u7535\u6c14\u7535\u538b\u9650\u5236\u3001<\/li>\n<li>\u6839\u636e\u7b2c 2014\/30\/EU \u53f7\u6307\u4ee4\uff08\"\u7535\u78c1\u517c\u5bb9\u6027\"\uff09\uff0c\u8fbe\u5230\u9002\u5f53\u7684\u7535\u78c1\u517c\u5bb9\u6027\u6c34\u5e73\u3002<strong>EMC<\/strong>),<\/li>\n<\/ul>\n<ul>\n<li>\u6709\u6548\u5229\u7528\u65e0\u7ebf\u7535\u9891\u8c31\uff0c\u4fc3\u8fdb\u5176\u6709\u6548\u4f7f\u7528\uff0c\u907f\u514d\u6709\u5bb3\u5e72\u6270\u3001<\/li>\n<li>\u4e0d\u8fc7\u5ea6\u5f71\u54cd\u7f51\u7edc\u53ca\u5176\u529f\u80fd\u6216\u6ee5\u7528\u7f51\u7edc\u8d44\u6e90\uff0c\u4ece\u800c\u9020\u6210\u4e0d\u53ef\u63a5\u53d7\u7684\u670d\u52a1\u8d28\u91cf\u4e0b\u964d (<strong>\u7f51\u7edc\u5b89\u5168\u65b9\u9762<\/strong>),<\/li>\n<li>\u901a\u8fc7\u5d4c\u5165\u5f0f\u5b89\u5168\u7cfb\u7edf\u4fdd\u62a4\u7528\u6237\u548c\u8ba2\u6237\u7684\u4e2a\u4eba\u6570\u636e\u548c\u9690\u79c1 (<strong>\u7f51\u7edc\u5b89\u5168\u65b9\u9762<\/strong>),<\/li>\n<li>\u901a\u8fc7\u9002\u5f53\u7684\u804c\u80fd\u9632\u6b62\u6b3a\u8bc8 (<strong>\u7f51\u7edc\u5b89\u5168\u7684\u5404\u4e2a\u65b9\u9762<\/strong>),<\/li>\n<li>\u901a\u8fc7\u76f8\u5173\u529f\u80fd\u83b7\u5f97\u7d27\u6025\u670d\u52a1\u3001<\/li>\n<li>\u7b26\u5408\u9644\u4ef6 Ia \u4e2d\u4e3a\u76f8\u5173\u8bbe\u5907\u7c7b\u522b\u6216\u7b49\u7ea7\u89c4\u5b9a\u7684\u5145\u7535\u89c4\u683c\uff08......\uff09\u3002<strong>USB-C<\/strong>),<\/li>\n<li>\u4e0e\u9644\u4ef6 Ia \u7b2c I \u90e8\u5206\u89c4\u5b9a\u7684\u65e0\u7ebf\u7535\u8bbe\u5907\u7c7b\u522b\u6216\u7b49\u7ea7\u7684\u5145\u7535\u8bbe\u5907\u4ee5\u5916\u7684\u5176\u4ed6\u90e8\u4ef6\u7684\u76f8\u4e92\u4f5c\u7528\u3002<\/li>\n<\/ul>\n<p>\u800c\u5728\u672a\u6765<\/p>\n<ul>\n<li>\u901a\u8fc7\u7f51\u7edc\u4e0e\u5176\u4ed6\u65e0\u7ebf\u7535\u8bbe\u5907\u5b9e\u73b0\u4e92\u64cd\u4f5c\u6027\u3001<\/li>\n<li>\u5728\u6574\u4e2a\u8054\u76df\u5185\u4e0e\u9002\u5f53\u7c7b\u578b\u7684\u63a5\u53e3\u8fde\u63a5\u3001<\/li>\n<li>\u901a\u8fc7\u9002\u5f53\u7684\u529f\u80fd\u4f9b\u6b8b\u75be\u4eba\u4f7f\u7528\u3001<\/li>\n<li>\u53ea\u6709\u8f6f\u4ef6\u548c\u65e0\u7ebf\u7535\u8bbe\u5907\u7684\u7ec4\u5408\u7ecf\u786e\u8ba4\u662f\u517c\u5bb9\u7684\u8f6f\u4ef6\u624d\u80fd\u4e0b\u8f7d\u5230\u8be5\u8bbe\u5907\u4e0a\u3001<\/li>\n<\/ul>\n<p>\u7b2c2014\/53\/EU\u53f7\u6307\u4ee4\u4e0d\u9002\u7528\u4e8e\u4e13\u95e8\u7528\u4e8e\u516c\u5171\u5b89\u5168\u3001\u56fd\u9632\u3001\u56fd\u5bb6\u5b89\u5168\u7684\u65e0\u7ebf\u7535\u8bbe\u5907\uff0c\u5305\u62ec\u6d89\u53ca\u56fd\u5bb6\u5b89\u5168\u95ee\u9898\u7684\u6d3b\u52a8\u548c\u5211\u6cd5\u9886\u57df\u7684\u56fd\u5bb6\u6d3b\u52a8\u4e2d\u7684\u56fd\u5bb6\u7ecf\u6d4e\u798f\u7949\u3002<\/p>\n<p>\u5bf9\u65e0\u7ebf\u7535\u8bbe\u5907\u6307\u4ee4\u8303\u56f4\u5185\u7684\u4ea7\u54c1\u8fdb\u884c\u7684\u79ef\u6781\u7684\u5f3a\u5236\u6027\u8bc4\u4f30\u662f\u901a\u8fc7\u9881\u53d1\u6b27\u76df\u7c7b\u578b\u68c0\u9a8c\u8bc1\u4e66\uff08EU-Type Certificate\uff09\u6765\u603b\u7ed3\u7684\u3002<\/p>\n<p><strong>\u66f4\u591a\uff1a<\/strong><\/p>\n<p><img decoding=\"async\" class=\"alignnone wp-image-2679\" src=\"http:\/\/icr.you2.pl\/wp-content\/uploads\/2019\/06\/adobe.jpg\" alt=\"\" width=\"20\" height=\"21\" srcset=\"https:\/\/icr.you2.pl\/wp-content\/uploads\/2019\/06\/adobe.jpg 218w, https:\/\/icr.you2.pl\/wp-content\/uploads\/2019\/06\/adobe-150x150.jpg 150w\" sizes=\"(max-width: 20px) 100vw, 20px\" \/>\u00a0<a href=\"http:\/\/icr.you2.pl\/wp-content\/uploads\/2021\/01\/PC-P-07-05_09.pdf\" target=\"_blank\" rel=\"noopener noreferrer\">RED\u7b26\u5408\u6027\u8bc4\u4f30\u65b9\u6848\uff082014\/53\/EU\uff09\u3002<\/a>\u00a0+ <a href=\"http:\/\/icr.you2.pl\/wp-content\/uploads\/2025\/01\/F-P-07-31_19a.pdf\" target=\"_blank\" rel=\"noopener noreferrer\">\u6280\u672f\u89c4\u683c\u6e05\u5355<\/a><\/p>\n<p><a href=\"http:\/\/icr.you2.pl\/wp-content\/uploads\/2019\/06\/Wniosek-o-certyfikacj\u0119-systemu.docx\"><img decoding=\"async\" class=\"alignnone wp-image-2678\" src=\"http:\/\/icr.you2.pl\/wp-content\/uploads\/2019\/06\/word.jpg\" alt=\"\" width=\"20\" height=\"20\" srcset=\"https:\/\/icr.you2.pl\/wp-content\/uploads\/2019\/06\/word.jpg 208w, https:\/\/icr.you2.pl\/wp-content\/uploads\/2019\/06\/word-150x150.jpg 150w\" sizes=\"(max-width: 20px) 100vw, 20px\" \/><\/a><a href=\"http:\/\/icr.you2.pl\/wp-content\/uploads\/2024\/03\/F-P-07-02_9.docx\" target=\"_blank\" rel=\"noopener noreferrer\">\u00a0\u7533\u8bf7\u4e66_\u7533\u8bf7\u4e66_\u5f3a\u5236\u6027\u8bc4\u4f30<\/a><\/p>","protected":false},"excerpt":{"rendered":"<p>RED \u6307\u4ee4\u7684\u9002\u7528\u8303\u56f4\u5305\u62ec\u4ee5\u7535\u4fe1\u6216\u65e0\u7ebf\u7535\u5b9a\u4f4d\u4e3a\u76ee\u7684\u6709\u610f\u53d1\u5c04\u6216\u63a5\u6536\u65e0\u7ebf\u7535\u6ce2\u7684\u8bbe\u5907\uff08\u7535\u6c14\u6216\u7535\u5b50\u8bbe\u5907\uff09\uff0c\u4ee5\u53ca\u5fc5\u987b\u8f85\u4ee5\u9644\u52a0\u5143\u4ef6\uff08\u5982\u5929\u7ebf\uff09\u624d\u80fd\u4ee5\u65e0\u7ebf\u7535\u901a\u4fe1\u6216\u65e0\u7ebf\u7535\u5b9a\u4f4d\u4e3a\u76ee\u7684\u6709\u610f\u53d1\u5c04\u6216\u63a5\u6536\u65e0\u7ebf\u7535\u6ce2\u7684\u8bbe\u5907\u3002\u65e0\u7ebf\u7535\u8bbe\u5907\u7684\u8bbe\u8ba1\u5e94\u80fd\u63d0\u4f9b\u4fdd\u62a4......&nbsp;<a href=\"https:\/\/icr.you2.pl\/cn\/certyfikacja-wyrobow\/red-2014-53-ue-urzadzenia-radiowe\/\" rel=\"bookmark\">\u9605\u8bfb\u66f4\u591a \"<span class=\"screen-reader-text\">RED 2014\/53\/EU - \u65e0\u7ebf\u7535\u8bbe\u5907<\/span><\/a><\/p>","protected":false},"author":1,"featured_media":914,"parent":211,"menu_order":0,"comment_status":"closed","ping_status":"closed","template":"","meta":{"neve_meta_sidebar":"","neve_meta_container":"","neve_meta_enable_content_width":"off","neve_meta_content_width":70,"neve_meta_title_alignment":"","neve_meta_author_avatar":"","neve_post_elements_order":"","neve_meta_disable_header":"","neve_meta_disable_footer":"","neve_meta_disable_title":"","footnotes":""},"class_list":["post-2024","page","type-page","status-publish","has-post-thumbnail","hentry"],"yoast_head":"<!-- This site is optimized with the Yoast SEO plugin v26.8 - https:\/\/yoast.com\/product\/yoast-seo-wordpress\/ -->\n<title>RED 2014\/53\/UE \u2013 urz\u0105dzenia radiowe - ICR POLSKA - badania i certyfikacja<\/title>\n<meta name=\"robots\" content=\"index, follow, max-snippet:-1, max-image-preview:large, max-video-preview:-1\" \/>\n<link rel=\"canonical\" href=\"https:\/\/icr.you2.pl\/cn\/certyfikacja-wyrobow\/red-2014-53-ue-urzadzenia-radiowe\/\" \/>\n<meta property=\"og:locale\" content=\"zh_CN\" \/>\n<meta property=\"og:type\" content=\"article\" \/>\n<meta property=\"og:title\" content=\"RED 2014\/53\/UE \u2013 urz\u0105dzenia radiowe - ICR POLSKA - badania i certyfikacja\" \/>\n<meta property=\"og:description\" content=\"Zakresem dyrektywy RED obj\u0119te s\u0105 urz\u0105dzenia (elektryczne lub elektroniczne), kt\u00f3ry celowo emituj\u0105 lub odbieraj\u0105 fale radiowe na potrzeby telekomunikacji lub radiolokacji, oraz urz\u0105dzenia, kt\u00f3ry musz\u0105 zosta\u0107 uzupe\u0142nione o dodatkowy element (np.: anten\u0119) tak, aby mog\u0142o celowo emitowa\u0107 lub odbiera\u0107 fale radiowe na potrzeby radiokomunikacji lub radiolokacji. Urz\u0105dzenie radiowe powinno by\u0107 skonstruowane tak, aby zapewni\u0107 ochron\u0119&hellip;&nbsp;\u9605\u8bfb\u66f4\u591a &raquo;RED 2014\/53\/UE \u2013 urz\u0105dzenia radiowe\" \/>\n<meta property=\"og:url\" content=\"https:\/\/icr.you2.pl\/cn\/certyfikacja-wyrobow\/red-2014-53-ue-urzadzenia-radiowe\/\" \/>\n<meta property=\"og:site_name\" content=\"ICR POLSKA - badania i certyfikacja\" \/>\n<meta property=\"article:modified_time\" content=\"2025-03-06T10:46:02+00:00\" \/>\n<meta name=\"twitter:card\" content=\"summary_large_image\" \/>\n<meta name=\"twitter:label1\" content=\"\u9884\u8ba1\u9605\u8bfb\u65f6\u95f4\" \/>\n\t<meta name=\"twitter:data1\" content=\"3 \u5206\" \/>\n<script type=\"application\/ld+json\" class=\"yoast-schema-graph\">{\"@context\":\"https:\/\/schema.org\",\"@graph\":[{\"@type\":\"WebPage\",\"@id\":\"https:\/\/icr.you2.pl\/certyfikacja-wyrobow\/red-2014-53-ue-urzadzenia-radiowe\/\",\"url\":\"https:\/\/icr.you2.pl\/certyfikacja-wyrobow\/red-2014-53-ue-urzadzenia-radiowe\/\",\"name\":\"RED 2014\/53\/UE \u2013 urz\u0105dzenia radiowe - ICR POLSKA - badania i certyfikacja\",\"isPartOf\":{\"@id\":\"https:\/\/icr.you2.pl\/#website\"},\"primaryImageOfPage\":{\"@id\":\"https:\/\/icr.you2.pl\/certyfikacja-wyrobow\/red-2014-53-ue-urzadzenia-radiowe\/#primaryimage\"},\"image\":{\"@id\":\"https:\/\/icr.you2.pl\/certyfikacja-wyrobow\/red-2014-53-ue-urzadzenia-radiowe\/#primaryimage\"},\"thumbnailUrl\":\"\",\"datePublished\":\"2019-05-28T11:01:41+00:00\",\"dateModified\":\"2025-03-06T10:46:02+00:00\",\"breadcrumb\":{\"@id\":\"https:\/\/icr.you2.pl\/certyfikacja-wyrobow\/red-2014-53-ue-urzadzenia-radiowe\/#breadcrumb\"},\"inLanguage\":\"zh-Hans\",\"potentialAction\":[{\"@type\":\"ReadAction\",\"target\":[\"https:\/\/icr.you2.pl\/certyfikacja-wyrobow\/red-2014-53-ue-urzadzenia-radiowe\/\"]}]},{\"@type\":\"ImageObject\",\"inLanguage\":\"zh-Hans\",\"@id\":\"https:\/\/icr.you2.pl\/certyfikacja-wyrobow\/red-2014-53-ue-urzadzenia-radiowe\/#primaryimage\",\"url\":\"\",\"contentUrl\":\"\"},{\"@type\":\"BreadcrumbList\",\"@id\":\"https:\/\/icr.you2.pl\/certyfikacja-wyrobow\/red-2014-53-ue-urzadzenia-radiowe\/#breadcrumb\",\"itemListElement\":[{\"@type\":\"ListItem\",\"position\":1,\"name\":\"Strona g\u0142\u00f3wna\",\"item\":\"https:\/\/icr.you2.pl\/\"},{\"@type\":\"ListItem\",\"position\":2,\"name\":\"Certyfikacja wyrob\u00f3w\",\"item\":\"https:\/\/icr.you2.pl\/en\/certyfikacja-wyrobow\/\"},{\"@type\":\"ListItem\",\"position\":3,\"name\":\"RED 2014\/53\/UE \u2013 urz\u0105dzenia radiowe\"}]},{\"@type\":\"WebSite\",\"@id\":\"https:\/\/icr.you2.pl\/#website\",\"url\":\"https:\/\/icr.you2.pl\/\",\"name\":\"ICR POLSKA - badania i certyfikacja\",\"description\":\"CE certification, CE certificate, ISO certificate, RED testing, product testing and certification, electrical product testing, medical device testing, ATEX, IECEx, FCC, product certification, EMC testing, machinery certification, CE machines, training, electronic product testing, testing 2014\/53\/EU, drone certification, ISO 13485 certificate, ISO 9001 certificate, NC RfG\",\"publisher\":{\"@id\":\"https:\/\/icr.you2.pl\/#\/schema\/person\/944799c9e2f4a94662e3fcb3b1544baf\"},\"potentialAction\":[{\"@type\":\"SearchAction\",\"target\":{\"@type\":\"EntryPoint\",\"urlTemplate\":\"https:\/\/icr.you2.pl\/?s={search_term_string}\"},\"query-input\":{\"@type\":\"PropertyValueSpecification\",\"valueRequired\":true,\"valueName\":\"search_term_string\"}}],\"inLanguage\":\"zh-Hans\"},{\"@type\":[\"Person\",\"Organization\"],\"@id\":\"https:\/\/icr.you2.pl\/#\/schema\/person\/944799c9e2f4a94662e3fcb3b1544baf\",\"name\":\"admin\",\"image\":{\"@type\":\"ImageObject\",\"inLanguage\":\"zh-Hans\",\"@id\":\"https:\/\/icr.you2.pl\/#\/schema\/person\/image\/\",\"url\":\"https:\/\/icr.you2.pl\/wp-content\/uploads\/2019\/05\/cropped-logo-icr.32f04ad5-1-1.png\",\"contentUrl\":\"https:\/\/icr.you2.pl\/wp-content\/uploads\/2019\/05\/cropped-logo-icr.32f04ad5-1-1.png\",\"width\":400,\"height\":148,\"caption\":\"admin\"},\"logo\":{\"@id\":\"https:\/\/icr.you2.pl\/#\/schema\/person\/image\/\"}}]}<\/script>\n<!-- \/ Yoast SEO plugin. -->","yoast_head_json":{"title":"RED 2014\/53\/EU - \u65e0\u7ebf\u7535\u8bbe\u5907 - ICR \u6ce2\u5170 - \u6d4b\u8bd5\u548c\u8ba4\u8bc1","robots":{"index":"index","follow":"follow","max-snippet":"max-snippet:-1","max-image-preview":"max-image-preview:large","max-video-preview":"max-video-preview:-1"},"canonical":"https:\/\/icr.you2.pl\/cn\/certyfikacja-wyrobow\/red-2014-53-ue-urzadzenia-radiowe\/","og_locale":"zh_CN","og_type":"article","og_title":"RED 2014\/53\/UE \u2013 urz\u0105dzenia radiowe - ICR POLSKA - badania i certyfikacja","og_description":"Zakresem dyrektywy RED obj\u0119te s\u0105 urz\u0105dzenia (elektryczne lub elektroniczne), kt\u00f3ry celowo emituj\u0105 lub odbieraj\u0105 fale radiowe na potrzeby telekomunikacji lub radiolokacji, oraz urz\u0105dzenia, kt\u00f3ry musz\u0105 zosta\u0107 uzupe\u0142nione o dodatkowy element (np.: anten\u0119) tak, aby mog\u0142o celowo emitowa\u0107 lub odbiera\u0107 fale radiowe na potrzeby radiokomunikacji lub radiolokacji. Urz\u0105dzenie radiowe powinno by\u0107 skonstruowane tak, aby zapewni\u0107 ochron\u0119&hellip;&nbsp;\u9605\u8bfb\u66f4\u591a &raquo;RED 2014\/53\/UE \u2013 urz\u0105dzenia radiowe","og_url":"https:\/\/icr.you2.pl\/cn\/certyfikacja-wyrobow\/red-2014-53-ue-urzadzenia-radiowe\/","og_site_name":"ICR POLSKA - badania i certyfikacja","article_modified_time":"2025-03-06T10:46:02+00:00","twitter_card":"summary_large_image","twitter_misc":{"\u9884\u8ba1\u9605\u8bfb\u65f6\u95f4":"3 \u5206"},"schema":{"@context":"https:\/\/schema.org","@graph":[{"@type":"WebPage","@id":"https:\/\/icr.you2.pl\/certyfikacja-wyrobow\/red-2014-53-ue-urzadzenia-radiowe\/","url":"https:\/\/icr.you2.pl\/certyfikacja-wyrobow\/red-2014-53-ue-urzadzenia-radiowe\/","name":"RED 2014\/53\/EU - \u65e0\u7ebf\u7535\u8bbe\u5907 - ICR \u6ce2\u5170 - \u6d4b\u8bd5\u548c\u8ba4\u8bc1","isPartOf":{"@id":"https:\/\/icr.you2.pl\/#website"},"primaryImageOfPage":{"@id":"https:\/\/icr.you2.pl\/certyfikacja-wyrobow\/red-2014-53-ue-urzadzenia-radiowe\/#primaryimage"},"image":{"@id":"https:\/\/icr.you2.pl\/certyfikacja-wyrobow\/red-2014-53-ue-urzadzenia-radiowe\/#primaryimage"},"thumbnailUrl":"","datePublished":"2019-05-28T11:01:41+00:00","dateModified":"2025-03-06T10:46:02+00:00","breadcrumb":{"@id":"https:\/\/icr.you2.pl\/certyfikacja-wyrobow\/red-2014-53-ue-urzadzenia-radiowe\/#breadcrumb"},"inLanguage":"zh-Hans","potentialAction":[{"@type":"ReadAction","target":["https:\/\/icr.you2.pl\/certyfikacja-wyrobow\/red-2014-53-ue-urzadzenia-radiowe\/"]}]},{"@type":"ImageObject","inLanguage":"zh-Hans","@id":"https:\/\/icr.you2.pl\/certyfikacja-wyrobow\/red-2014-53-ue-urzadzenia-radiowe\/#primaryimage","url":"","contentUrl":""},{"@type":"BreadcrumbList","@id":"https:\/\/icr.you2.pl\/certyfikacja-wyrobow\/red-2014-53-ue-urzadzenia-radiowe\/#breadcrumb","itemListElement":[{"@type":"ListItem","position":1,"name":"Strona g\u0142\u00f3wna","item":"https:\/\/icr.you2.pl\/"},{"@type":"ListItem","position":2,"name":"Certyfikacja wyrob\u00f3w","item":"https:\/\/icr.you2.pl\/en\/certyfikacja-wyrobow\/"},{"@type":"ListItem","position":3,"name":"RED 2014\/53\/UE \u2013 urz\u0105dzenia radiowe"}]},{"@type":"WebSite","@id":"https:\/\/icr.you2.pl\/#website","url":"https:\/\/icr.you2.pl\/","name":"ICR\u6ce2\u5170 - \u6d4b\u8bd5\u548c\u8ba4\u8bc1","description":"CE\u8ba4\u8bc1\u3001CE\u8bc1\u4e66\u3001ISO\u8bc1\u4e66\u3001RED\u6d4b\u8bd5\u3001\u4ea7\u54c1\u6d4b\u8bd5\u548c\u8ba4\u8bc1\u3001\u7535\u6c14\u4ea7\u54c1\u6d4b\u8bd5\u3001\u533b\u7597\u8bbe\u5907\u6d4b\u8bd5\u3001ATEX\u3001IECEx\u3001FCC\u3001\u4ea7\u54c1\u8ba4\u8bc1\u3001EMC\u6d4b\u8bd5\u3001\u673a\u68b0\u8ba4\u8bc1\u3001CE\u673a\u5668\u3001\u57f9\u8bad\u3001\u7535\u5b50\u4ea7\u54c1\u6d4b\u8bd5\u30012014\/53\/EU\u6d4b\u8bd5\u3001\u65e0\u4eba\u673a\u8ba4\u8bc1\u3001ISO 13485\u8bc1\u4e66\u3001ISO 9001\u8bc1\u4e66\u3001NC RfG","publisher":{"@id":"https:\/\/icr.you2.pl\/#\/schema\/person\/944799c9e2f4a94662e3fcb3b1544baf"},"potentialAction":[{"@type":"SearchAction","target":{"@type":"EntryPoint","urlTemplate":"https:\/\/icr.you2.pl\/?s={search_term_string}"},"query-input":{"@type":"PropertyValueSpecification","valueRequired":true,"valueName":"search_term_string"}}],"inLanguage":"zh-Hans"},{"@type":["Person","Organization"],"@id":"https:\/\/icr.you2.pl\/#\/schema\/person\/944799c9e2f4a94662e3fcb3b1544baf","name":"\u7ba1\u7406\u5458","image":{"@type":"ImageObject","inLanguage":"zh-Hans","@id":"https:\/\/icr.you2.pl\/#\/schema\/person\/image\/","url":"https:\/\/icr.you2.pl\/wp-content\/uploads\/2019\/05\/cropped-logo-icr.32f04ad5-1-1.png","contentUrl":"https:\/\/icr.you2.pl\/wp-content\/uploads\/2019\/05\/cropped-logo-icr.32f04ad5-1-1.png","width":400,"height":148,"caption":"admin"},"logo":{"@id":"https:\/\/icr.you2.pl\/#\/schema\/person\/image\/"}}]}},"_links":{"self":[{"href":"https:\/\/icr.you2.pl\/cn\/wp-json\/wp\/v2\/pages\/2024","targetHints":{"allow":["GET"]}}],"collection":[{"href":"https:\/\/icr.you2.pl\/cn\/wp-json\/wp\/v2\/pages"}],"about":[{"href":"https:\/\/icr.you2.pl\/cn\/wp-json\/wp\/v2\/types\/page"}],"author":[{"embeddable":true,"href":"https:\/\/icr.you2.pl\/cn\/wp-json\/wp\/v2\/users\/1"}],"replies":[{"embeddable":true,"href":"https:\/\/icr.you2.pl\/cn\/wp-json\/wp\/v2\/comments?post=2024"}],"version-history":[{"count":0,"href":"https:\/\/icr.you2.pl\/cn\/wp-json\/wp\/v2\/pages\/2024\/revisions"}],"up":[{"embeddable":true,"href":"https:\/\/icr.you2.pl\/cn\/wp-json\/wp\/v2\/pages\/211"}],"wp:featuredmedia":[{"embeddable":true,"href":"https:\/\/icr.you2.pl\/cn\/wp-json\/"}],"wp:attachment":[{"href":"https:\/\/icr.you2.pl\/cn\/wp-json\/wp\/v2\/media?parent=2024"}],"curies":[{"name":"wp","href":"https:\/\/api.w.org\/{rel}","templated":true}]}}