{"id":2031,"date":"2019-05-28T11:04:53","date_gmt":"2019-05-28T11:04:53","guid":{"rendered":"http:\/\/icrpolska.e-ksperci.pl\/?page_id=2031"},"modified":"2024-03-26T12:01:27","modified_gmt":"2024-03-26T11:01:27","slug":"atex-2014-34-ue-urzadzenia-pracujace-w-atmosferze-potencjalnie-wybuchowej","status":"publish","type":"page","link":"https:\/\/icr.you2.pl\/cn\/certyfikacja-wyrobow\/atex-2014-34-ue-urzadzenia-pracujace-w-atmosferze-potencjalnie-wybuchowej\/","title":{"rendered":"ATEX 2014\/34\/EU - \u5728\u6f5c\u5728\u7206\u70b8\u6027\u73af\u5883\u4e2d\u64cd\u4f5c\u7684\u8bbe\u5907"},"content":{"rendered":"<p class=\"translation-block\"><a href=\"https:\/\/eur-lex.europa.eu\/legal-content\/PL\/TXT\/PDF\/?uri=CELEX:32014L0034&amp;from=PL\" target=\"_self\" rel=\"noopener noreferrer\">ATEX\u6307\u4ee4<\/a>\u5305\u542b\u5bf9<span style=\"font-weight: 400\">\u8bbe\u8ba1\u7528\u4e8e\u6f5c\u5728\u7206\u70b8\u6027\u73af\u5883\u7684\u4ea7\u54c1\u7684\u57fa\u672c\u8981\u6c42\u3002<\/span>\u8fd9\u4e9b\u4ea7\u54c1\u88ab\u5206\u4e3a\u51e0\u7ec4\uff1a<\/p>\n<ul>\n<li style=\"font-weight: 400;\"><span style=\"font-weight: 400;\">\u7b2c\u4e00\u7ec4--\u7528\u4e8e\u5730\u4e0b\u77ff\u4e95\u7684\u8bbe\u5907\uff0c\u4ee5\u53ca\u6709\u7206\u70b8\u5371\u9669\u7684\u77ff\u4e95\u7684\u5730\u4e0a\u90e8\u5206\u3002 <\/span><\/li>\n<li style=\"font-weight: 400;\"><span style=\"font-weight: 400;\">\u7b2c\u4e8c\u7ec4--\u4e00\u822c\u7528\u9014\u8bbe\u5907\u3002<\/span><\/li>\n<\/ul>\n<p><span style=\"font-weight: 400;\">\u8fd9\u4e00\u7ec4\u4e2d\u53ef\u4ee5\u67093\u7c7b\u8bbe\u5907\uff1a<\/span><\/p>\n<ol>\n<li style=\"font-weight: 400;\"><span style=\"font-weight: 400;\">\u00a0\u5305\u62ec\u8bbe\u8ba1\u6210\u80fd\u591f\u6309\u7167\u5236\u9020\u5546\u89c4\u5b9a\u7684\u64cd\u4f5c\u53c2\u6570\u8fd0\u884c\u5e76\u786e\u4fdd\u975e\u5e38\u9ad8\u7684\u4fdd\u62a4\u6c34\u5e73\u7684\u8bbe\u5907\uff1b\u8be5\u7c7b\u8bbe\u5907\u7528\u4e8e\u7531\u7a7a\u6c14\u548c\u6c14\u4f53\u7684\u6df7\u5408\u7269\u3001\u84b8\u6c7d\u3001\u8584\u96fe\u6216\u7a7a\u6c14\/\u7c89\u5c18\u6df7\u5408\u7269\u9020\u6210\u7684\u7206\u70b8\u6027\u73af\u5883\u6301\u7eed\u3001\u9891\u7e41\u6216\u957f\u671f\u51fa\u73b0\u7684\u533a\u57df\uff1b\u8be5\u7c7b\u8bbe\u5907\u5fc5\u987b\u63d0\u4f9b\u6240\u8981\u6c42\u7684\u4fdd\u62a4\u6c34\u5e73\uff0c\u5373\u4f7f\u53d1\u751f\u4e0e\u8bbe\u5907\u6709\u5173\u7684\u7f55\u89c1\u4e8b\u6545\uff0c\u5176\u7279\u70b9\u662f\u5177\u6709\u72ec\u7acb\u7684\u4fdd\u62a4\u624b\u6bb5\uff0c\u5373\u4f7f\u5728\u4e24\u4e2a\u6545\u969c\u72ec\u7acb\u53d1\u751f\u7684\u60c5\u51b5\u4e0b\u4e5f\u4f1a\u63d0\u4f9b\u6240\u8981\u6c42\u7684\u4fdd\u62a4\u6c34\u5e73\u3002<\/span><\/li>\n<li style=\"font-weight: 400;\"><span style=\"font-weight: 400;\">\u8bbe\u8ba1\u6210\u80fd\u591f\u6309\u7167\u5236\u9020\u5546\u89c4\u5b9a\u7684\u64cd\u4f5c\u53c2\u6570\u8fd0\u884c\u5e76\u786e\u4fdd\u9ad8\u6c34\u5e73\u4fdd\u62a4\u7684\u8bbe\u5907\uff1b\u8be5\u7c7b\u8bbe\u5907\u7528\u4e8e\u7531\u6c14\u4f53\u3001\u84b8\u6c7d\u3001\u96fe\u6c14\u6216\u7a7a\u6c14\/\u7c89\u5c18\u6df7\u5408\u7269\u5f15\u8d77\u7684\u7206\u70b8\u6027\u73af\u5883\u53ef\u80fd\u5076\u5c14\u53d1\u751f\u7684\u533a\u57df\uff1b\u4e0e\u8be5\u7c7b\u8bbe\u5907\u6709\u5173\u7684\u4fdd\u62a4\u624b\u6bb5\u5373\u4f7f\u5728\u8bbe\u5907\u5b89\u88c5\u5730\u70b9\u5178\u578b\u7684\u9891\u7e41\u5e72\u6270\u548c\u8bbe\u5907\u6545\u969c\u60c5\u51b5\u4e0b\u4e5f\u80fd\u63d0\u4f9b\u5fc5\u8981\u7684\u4fdd\u62a4\u6c34\u5e73\u3002<\/span><\/li>\n<li style=\"font-weight: 400;\"><span style=\"font-weight: 400;\">\u8bbe\u8ba1\u6210\u80fd\u591f\u6309\u7167\u5236\u9020\u5546\u89c4\u5b9a\u7684\u64cd\u4f5c\u53c2\u6570\u8fd0\u884c\u5e76\u786e\u4fdd\u6b63\u5e38\u4fdd\u62a4\u6c34\u5e73\u7684\u8bbe\u5907\uff1b\u8be5\u7c7b\u8bbe\u5907\u7528\u4e8e\u7531\u6c14\u4f53\u3001\u84b8\u6c7d\u3001\u8584\u96fe\u6216\u7a7a\u6c14\/\u7c89\u5c18\u6df7\u5408\u7269\u5f15\u8d77\u7684\u7206\u70b8\u6027\u73af\u5883\u4e0d\u592a\u53ef\u80fd\u53d1\u751f\u6216\u5373\u4f7f\u53d1\u751f\u4e5f\u4e0d\u592a\u53ef\u80fd\u975e\u5e38\u9891\u7e41\u4e14\u4ec5\u5728\u77ed\u65f6\u95f4\u5185\u53d1\u751f\u7684\u533a\u57df\uff1b\u8be5\u7c7b\u8bbe\u5907\u5728\u6b63\u5e38\u8fd0\u884c\u671f\u95f4\u63d0\u4f9b\u6240\u9700\u7684\u4fdd\u62a4\u6c34\u5e73\u3002<\/span><\/li>\n<\/ol>\n<p><span style=\"font-weight: 400;\">\u53ea\u6709\u7b2cII\u7ec4\u7b2c3\u7c7b\u8bbe\u5907\u548c\u975e\u7535\u6c14\u7c7b2\u6216M2\u8bbe\u5907\uff0c\u5236\u9020\u5546\u624d\u53ef\u4ee5\u4f7f\u7528\u5185\u90e8\u751f\u4ea7\u63a7\u5236\uff08\u6a21\u5757A\uff09\u3002<\/span><\/p>\n<p><span style=\"font-weight: 400;\">\u5728\u5176\u4ed6\u60c5\u51b5\u4e0b\uff0c\u7b26\u5408\u6027\u786e\u8ba4\u5fc5\u987b\u7531\u901a\u77e5\u673a\u6784\u8fdb\u884c\u3002\u4ee5\u4e0b\u662f\u53ef\u80fd\u7684\u89e3\u51b3\u65b9\u6848\uff1a<\/span><\/p>\n<ul>\n<li style=\"font-weight: 400;\"><span style=\"font-weight: 400;\">\u7528\u4e8e1\u7c7b\u6216M1\u8bbe\u5907\uff1a\u00a0<\/span><span style=\"font-weight: 400;\"><br \/>\n<\/span><span style=\"font-weight: 400;\">\u6b27\u5171\u4f53\u578b\u5f0f\u68c0\u9a8c\uff08\u6a21\u5757B\uff09\u4e0e\u57fa\u4e8e\u4ea7\u54c1\u9a8c\u8bc1\u7684\u578b\u5f0f\u7b26\u5408\u6027\uff08\u6a21\u5757F\uff09\u6216\u4e0e\u57fa\u4e8e\u751f\u4ea7\u8fc7\u7a0b\u8d28\u91cf\u4fdd\u8bc1\u7684\u578b\u5f0f\u7b26\u5408\u6027\uff08\u6a21\u5757D\uff09\u4e00\u8d77\uff1b<\/span><\/li>\n<li style=\"font-weight: 400;\"><span style=\"font-weight: 400;\">\u7528\u4e8e2\u7c7b\u6216M2\u7c7b\u7535\u6c14\u8bbe\u5907\u548c\u5185\u71c3\u673a\uff1a\u00a0<\/span><span style=\"font-weight: 400;\"><br \/>\n<\/span><span style=\"font-weight: 400;\">\u6b27\u5171\u4f53\u578b\u5f0f\u68c0\u9a8c\uff08\u6a21\u5757B\uff09\uff0c\u540c\u65f6\u786e\u8ba4\u57fa\u4e8e\u4ea7\u54c1\u8d28\u91cf\u4fdd\u8bc1\u7684\u578b\u5f0f\u7b26\u5408\u6027\uff08\u6a21\u5757E\uff09\uff0c\u6216\u540c\u65f6\u786e\u8ba4\u57fa\u4e8e\u5185\u90e8\u751f\u4ea7\u63a7\u5236\u548c\u76d1\u7763\u4e0b\u4ea7\u54c1\u6d4b\u8bd5\u7684\u578b\u5f0f\u7b26\u5408\u6027\uff08\u6a21\u5757C1\uff09\uff1b<\/span><\/li>\n<li style=\"font-weight: 400;\"><span style=\"font-weight: 400;\">\u4e3a\u6240\u6709\u7c7b\u522b\u7684\u8bbe\u5907\uff1a<\/span><span style=\"font-weight: 400;\"><br \/>\n<\/span><span style=\"font-weight: 400;\">\u57fa\u4e8e\u5355\u4f4d\u6838\u67e5\u7684\u5408\u683c\u786e\u8ba4\uff08\u6a21\u5757G\uff09\u3002<\/span><\/li>\n<\/ul>\n<p><span style=\"font-weight: 400;\">\u8bbe\u5907\u7684\u6807\u7b7e\u65e2\u5305\u62ec\u8bbe\u5907\u672c\u8eab\u7684\u7279\u6027\u3001\u4f7f\u7528\u7684\u5b89\u5168\u63aa\u65bd\u548c\u7cfb\u7edf\uff0c\u4e5f\u5305\u62ec\u64cd\u4f5c\u6761\u4ef6\uff0c\u5373\u7206\u70b8\u5371\u9669\u533a\u3001\u73af\u5883\u6e29\u5ea6\u8303\u56f4\u6216\u914d\u5408\u8bbe\u5907\u7684\u4fe1\u606f\u3002<\/span><\/p>\n<p>\u6839\u636eEN ISO\/IEC 80079-34\uff0c\u5bf9\u4ea7\u54c1\u5728\u6f5c\u5728\u7206\u70b8\u6027\u73af\u5883\u4e2d\u7684\u5de5\u4f5c\u8fdb\u884c\u79ef\u6781\u7684\u5f3a\u5236\u6027\u8bc4\u4f30\uff0c\u901a\u8fc7\u9a8c\u8bc1\u4ea7\u54c1\u6807\u7b7e\u548c\u9881\u53d1\u6b27\u76df\u7c7b\u578b\u68c0\u9a8c\u8bc1\u4e66\uff08EU-Type Certificate\uff09\u548c\/\u6216\u9881\u53d1\u8d28\u91cf\u4fdd\u8bc1\u901a\u77e5\uff08QAN\uff09\u6765\u603b\u7ed3\u3002<b><\/b><\/p>\n<p><strong>\u66f4\u591a\uff1a<\/strong><\/p>\n<p><a href=\"http:\/\/icr.you2.pl\/wp-content\/uploads\/2019\/06\/Program-oceny-zgodno\u015bci-w-zakresie-ATEX.pdf\" target=\"_blank\" rel=\"noopener noreferrer\"><img decoding=\"async\" class=\"alignnone wp-image-2679\" src=\"http:\/\/icr.you2.pl\/wp-content\/uploads\/2019\/06\/adobe.jpg\" alt=\"\" width=\"20\" height=\"21\" srcset=\"https:\/\/icr.you2.pl\/wp-content\/uploads\/2019\/06\/adobe.jpg 218w, https:\/\/icr.you2.pl\/wp-content\/uploads\/2019\/06\/adobe-150x150.jpg 150w\" sizes=\"(max-width: 20px) 100vw, 20px\" \/><\/a><a href=\"http:\/\/icr.you2.pl\/wp-content\/uploads\/2021\/01\/PC-P-07-06_07.pdf\" target=\"_blank\" rel=\"noopener noreferrer\" data-wp-editing=\"1\">\u00a0ATEX\u7b26\u5408\u6027\u8bc4\u4f30\u65b9\u6848\uff082014\/34\/EU\uff09\u3002<\/a> + <a href=\"http:\/\/icr.you2.pl\/wp-content\/uploads\/2022\/06\/F-P-07-35_03_ATEX.pdf\" target=\"_blank\" rel=\"noopener noreferrer\">\u6280\u672f\u89c4\u683c\u6e05\u5355<\/a><\/p>\n<p><img decoding=\"async\" class=\"alignnone wp-image-2678\" src=\"http:\/\/icr.you2.pl\/wp-content\/uploads\/2019\/06\/word.jpg\" alt=\"\" width=\"20\" height=\"20\" srcset=\"https:\/\/icr.you2.pl\/wp-content\/uploads\/2019\/06\/word.jpg 208w, https:\/\/icr.you2.pl\/wp-content\/uploads\/2019\/06\/word-150x150.jpg 150w\" sizes=\"(max-width: 20px) 100vw, 20px\" \/><a href=\"http:\/\/icr.you2.pl\/wp-content\/uploads\/2024\/03\/F-P-07-02_9.docx\" target=\"_blank\" rel=\"noopener noreferrer\">\u00a0\u7533\u8bf7\u4e66_\u7533\u8bf7\u4e66_\u5f3a\u5236\u6027\u8bc4\u4f30<\/a><\/p>\n<p><img decoding=\"async\" class=\"alignnone wp-image-2678\" src=\"http:\/\/icr.you2.pl\/wp-content\/uploads\/2019\/06\/word.jpg\" alt=\"\" width=\"20\" height=\"20\" srcset=\"https:\/\/icr.you2.pl\/wp-content\/uploads\/2019\/06\/word.jpg 208w, https:\/\/icr.you2.pl\/wp-content\/uploads\/2019\/06\/word-150x150.jpg 150w\" sizes=\"(max-width: 20px) 100vw, 20px\" \/> <a href=\"http:\/\/icr.you2.pl\/wp-content\/uploads\/2020\/12\/F-P-07-28.docx\" target=\"_blank\" rel=\"noopener noreferrer\">\u7533\u8bf7\u786e\u8ba4\u751f\u4ea7\u8fc7\u7a0b\u7684\u8d28\u91cf\/\u4ea7\u54c1\u8d28\u91cf<\/a><\/p>\n<p><a href=\"http:\/\/icr.you2.pl\/wp-content\/uploads\/2019\/06\/Wniosek-o-certyfikacj%C4%99-systemu.docx\"><img decoding=\"async\" class=\"alignnone wp-image-2678\" src=\"http:\/\/icr.you2.pl\/wp-content\/uploads\/2019\/06\/word.jpg\" sizes=\"(max-width: 20px) 100vw, 20px\" srcset=\"http:\/\/icr.you2.pl\/wp-content\/uploads\/2019\/06\/word.jpg 208w, http:\/\/icr.you2.pl\/wp-content\/uploads\/2019\/06\/word-150x150.jpg 150w\" alt=\"\" width=\"20\" height=\"20\" \/><\/a> <a href=\"http:\/\/icr.you2.pl\/wp-content\/uploads\/2020\/10\/F-P-07-03-2E-Wniosek-Application-on-TCF-storage.docx\">\u8981\u6c42\u4fdd\u6301\u8bb0\u5f55\uff082014\/34\/EU--\u6a21\u5757A1\uff09\u3002<\/a><\/p>","protected":false},"excerpt":{"rendered":"<p>ATEX \u6307\u4ee4\u5305\u542b\u5bf9\u7528\u4e8e\u6f5c\u5728\u7206\u70b8\u6027\u73af\u5883\u7684\u4ea7\u54c1\u7684\u57fa\u672c\u8981\u6c42\u3002\u8fd9\u4e9b\u4ea7\u54c1\u5206\u4e3a\u51e0\u7ec4\uff1a\u7b2c I \u7ec4 - \u7528\u4e8e\u5730\u4e0b\u77ff\u4e95\u548c\u6709\u7206\u70b8\u5371\u9669\u7684\u77ff\u4e95\u5730\u9762\u90e8\u5206\u7684\u8bbe\u5907\u3002\u7b2c II \u7ec4 - \u4e00\u822c\u4f7f\u7528\u7684\u8bbe\u5907\u3002\u8be5\u7ec4\u4e2d\u7684\u8bbe\u5907\u53ef\u5206\u4e3a 3 \u7c7b\uff1a\u5305\u62ec\u8bbe\u8ba1\u7528\u4e8e\u7206\u70b8\u5371\u9669\u73af\u5883\u7684\u8bbe\u5907\u3001\u8bbe\u8ba1\u7528\u4e8e\u7206\u70b8\u5371\u9669\u73af\u5883\u7684\u8bbe\u5907\u3001\u8bbe\u8ba1\u7528\u4e8e\u7206\u70b8\u5371\u9669\u73af\u5883\u7684\u8bbe\u5907\u3001\u8bbe\u8ba1\u7528\u4e8e\u7206\u70b8\u5371\u9669\u73af\u5883\u7684\u8bbe\u5907\u3002&nbsp;<a href=\"https:\/\/icr.you2.pl\/cn\/certyfikacja-wyrobow\/atex-2014-34-ue-urzadzenia-pracujace-w-atmosferze-potencjalnie-wybuchowej\/\" rel=\"bookmark\">\u9605\u8bfb\u66f4\u591a \"<span class=\"screen-reader-text\">ATEX 2014\/34\/EU - \u5728\u6f5c\u5728\u7206\u70b8\u6027\u73af\u5883\u4e2d\u64cd\u4f5c\u7684\u8bbe\u5907<\/span><\/a><\/p>","protected":false},"author":1,"featured_media":1034,"parent":211,"menu_order":0,"comment_status":"closed","ping_status":"closed","template":"","meta":{"neve_meta_sidebar":"","neve_meta_container":"","neve_meta_enable_content_width":"off","neve_meta_content_width":70,"neve_meta_title_alignment":"","neve_meta_author_avatar":"","neve_post_elements_order":"","neve_meta_disable_header":"","neve_meta_disable_footer":"","neve_meta_disable_title":"","footnotes":""},"class_list":["post-2031","page","type-page","status-publish","has-post-thumbnail","hentry"],"yoast_head":"<!-- This site is optimized with the Yoast SEO plugin v26.8 - https:\/\/yoast.com\/product\/yoast-seo-wordpress\/ -->\n<title>ATEX 2014\/34\/UE \u2013 urz\u0105dzenia pracuj\u0105ce w atmosferze potencjalnie wybuchowej - ICR POLSKA - badania i certyfikacja<\/title>\n<meta name=\"robots\" content=\"index, follow, max-snippet:-1, max-image-preview:large, max-video-preview:-1\" \/>\n<link rel=\"canonical\" href=\"https:\/\/icr.you2.pl\/cn\/certyfikacja-wyrobow\/atex-2014-34-ue-urzadzenia-pracujace-w-atmosferze-potencjalnie-wybuchowej\/\" \/>\n<meta property=\"og:locale\" content=\"zh_CN\" \/>\n<meta property=\"og:type\" content=\"article\" \/>\n<meta property=\"og:title\" content=\"ATEX 2014\/34\/UE \u2013 urz\u0105dzenia pracuj\u0105ce w atmosferze potencjalnie wybuchowej - ICR POLSKA - badania i certyfikacja\" \/>\n<meta property=\"og:description\" content=\"Dyrektywa ATEX zawiera wymagania zasadnicze odno\u015bnie do wyrob\u00f3w przeznaczonych do pracy w atmosferze potencjalnie wybuchowej. Wyroby te s\u0105 podzielone na grupy: Grupa I &#8211; urz\u0105dzenia przeznaczone do pracy w podziemiach kopalnianych, oraz naziemnych cz\u0119\u015bciach kopal\u0144 zagro\u017conych wybuchem. Grupa II \u2013 urz\u0105dzenia og\u00f3lnego zastosowania. W grupie tej mog\u0105 wyst\u0119powa\u0107 3 kategorie urz\u0105dze\u0144: \u00a0obejmuje urz\u0105dzenia zaprojektowane tak,&hellip;&nbsp;\u9605\u8bfb\u66f4\u591a &raquo;ATEX 2014\/34\/UE \u2013 urz\u0105dzenia pracuj\u0105ce w atmosferze potencjalnie wybuchowej\" \/>\n<meta property=\"og:url\" content=\"https:\/\/icr.you2.pl\/cn\/certyfikacja-wyrobow\/atex-2014-34-ue-urzadzenia-pracujace-w-atmosferze-potencjalnie-wybuchowej\/\" \/>\n<meta property=\"og:site_name\" content=\"ICR POLSKA - badania i certyfikacja\" \/>\n<meta property=\"article:modified_time\" content=\"2024-03-26T11:01:27+00:00\" \/>\n<meta name=\"twitter:card\" content=\"summary_large_image\" \/>\n<meta name=\"twitter:label1\" content=\"\u9884\u8ba1\u9605\u8bfb\u65f6\u95f4\" \/>\n\t<meta name=\"twitter:data1\" content=\"4 \u5206\" \/>\n<script type=\"application\/ld+json\" class=\"yoast-schema-graph\">{\"@context\":\"https:\/\/schema.org\",\"@graph\":[{\"@type\":\"WebPage\",\"@id\":\"https:\/\/icr.you2.pl\/certyfikacja-wyrobow\/atex-2014-34-ue-urzadzenia-pracujace-w-atmosferze-potencjalnie-wybuchowej\/\",\"url\":\"https:\/\/icr.you2.pl\/certyfikacja-wyrobow\/atex-2014-34-ue-urzadzenia-pracujace-w-atmosferze-potencjalnie-wybuchowej\/\",\"name\":\"ATEX 2014\/34\/UE \u2013 urz\u0105dzenia pracuj\u0105ce w atmosferze potencjalnie wybuchowej - ICR POLSKA - badania i certyfikacja\",\"isPartOf\":{\"@id\":\"https:\/\/icr.you2.pl\/#website\"},\"primaryImageOfPage\":{\"@id\":\"https:\/\/icr.you2.pl\/certyfikacja-wyrobow\/atex-2014-34-ue-urzadzenia-pracujace-w-atmosferze-potencjalnie-wybuchowej\/#primaryimage\"},\"image\":{\"@id\":\"https:\/\/icr.you2.pl\/certyfikacja-wyrobow\/atex-2014-34-ue-urzadzenia-pracujace-w-atmosferze-potencjalnie-wybuchowej\/#primaryimage\"},\"thumbnailUrl\":\"\",\"datePublished\":\"2019-05-28T11:04:53+00:00\",\"dateModified\":\"2024-03-26T11:01:27+00:00\",\"breadcrumb\":{\"@id\":\"https:\/\/icr.you2.pl\/certyfikacja-wyrobow\/atex-2014-34-ue-urzadzenia-pracujace-w-atmosferze-potencjalnie-wybuchowej\/#breadcrumb\"},\"inLanguage\":\"zh-Hans\",\"potentialAction\":[{\"@type\":\"ReadAction\",\"target\":[\"https:\/\/icr.you2.pl\/certyfikacja-wyrobow\/atex-2014-34-ue-urzadzenia-pracujace-w-atmosferze-potencjalnie-wybuchowej\/\"]}]},{\"@type\":\"ImageObject\",\"inLanguage\":\"zh-Hans\",\"@id\":\"https:\/\/icr.you2.pl\/certyfikacja-wyrobow\/atex-2014-34-ue-urzadzenia-pracujace-w-atmosferze-potencjalnie-wybuchowej\/#primaryimage\",\"url\":\"\",\"contentUrl\":\"\"},{\"@type\":\"BreadcrumbList\",\"@id\":\"https:\/\/icr.you2.pl\/certyfikacja-wyrobow\/atex-2014-34-ue-urzadzenia-pracujace-w-atmosferze-potencjalnie-wybuchowej\/#breadcrumb\",\"itemListElement\":[{\"@type\":\"ListItem\",\"position\":1,\"name\":\"Strona g\u0142\u00f3wna\",\"item\":\"https:\/\/icr.you2.pl\/\"},{\"@type\":\"ListItem\",\"position\":2,\"name\":\"Certyfikacja wyrob\u00f3w\",\"item\":\"https:\/\/icr.you2.pl\/en\/certyfikacja-wyrobow\/\"},{\"@type\":\"ListItem\",\"position\":3,\"name\":\"ATEX 2014\/34\/UE \u2013 urz\u0105dzenia pracuj\u0105ce w atmosferze potencjalnie wybuchowej\"}]},{\"@type\":\"WebSite\",\"@id\":\"https:\/\/icr.you2.pl\/#website\",\"url\":\"https:\/\/icr.you2.pl\/\",\"name\":\"ICR POLSKA - badania i certyfikacja\",\"description\":\"CE certification, CE certificate, ISO certificate, RED testing, product testing and certification, electrical product testing, medical device testing, ATEX, IECEx, FCC, product certification, EMC testing, machinery certification, CE machines, training, electronic product testing, testing 2014\/53\/EU, drone certification, ISO 13485 certificate, ISO 9001 certificate, NC RfG\",\"publisher\":{\"@id\":\"https:\/\/icr.you2.pl\/#\/schema\/person\/944799c9e2f4a94662e3fcb3b1544baf\"},\"potentialAction\":[{\"@type\":\"SearchAction\",\"target\":{\"@type\":\"EntryPoint\",\"urlTemplate\":\"https:\/\/icr.you2.pl\/?s={search_term_string}\"},\"query-input\":{\"@type\":\"PropertyValueSpecification\",\"valueRequired\":true,\"valueName\":\"search_term_string\"}}],\"inLanguage\":\"zh-Hans\"},{\"@type\":[\"Person\",\"Organization\"],\"@id\":\"https:\/\/icr.you2.pl\/#\/schema\/person\/944799c9e2f4a94662e3fcb3b1544baf\",\"name\":\"admin\",\"image\":{\"@type\":\"ImageObject\",\"inLanguage\":\"zh-Hans\",\"@id\":\"https:\/\/icr.you2.pl\/#\/schema\/person\/image\/\",\"url\":\"https:\/\/icr.you2.pl\/wp-content\/uploads\/2019\/05\/cropped-logo-icr.32f04ad5-1-1.png\",\"contentUrl\":\"https:\/\/icr.you2.pl\/wp-content\/uploads\/2019\/05\/cropped-logo-icr.32f04ad5-1-1.png\",\"width\":400,\"height\":148,\"caption\":\"admin\"},\"logo\":{\"@id\":\"https:\/\/icr.you2.pl\/#\/schema\/person\/image\/\"}}]}<\/script>\n<!-- \/ Yoast SEO plugin. -->","yoast_head_json":{"title":"ATEX 2014\/34\/EU - \u5728\u6f5c\u5728\u7206\u70b8\u6027\u73af\u5883\u4e2d\u64cd\u4f5c\u7684\u8bbe\u5907 - ICR\u6ce2\u5170 - \u6d4b\u8bd5\u548c\u8ba4\u8bc1","robots":{"index":"index","follow":"follow","max-snippet":"max-snippet:-1","max-image-preview":"max-image-preview:large","max-video-preview":"max-video-preview:-1"},"canonical":"https:\/\/icr.you2.pl\/cn\/certyfikacja-wyrobow\/atex-2014-34-ue-urzadzenia-pracujace-w-atmosferze-potencjalnie-wybuchowej\/","og_locale":"zh_CN","og_type":"article","og_title":"ATEX 2014\/34\/UE \u2013 urz\u0105dzenia pracuj\u0105ce w atmosferze potencjalnie wybuchowej - ICR POLSKA - badania i certyfikacja","og_description":"Dyrektywa ATEX zawiera wymagania zasadnicze odno\u015bnie do wyrob\u00f3w przeznaczonych do pracy w atmosferze potencjalnie wybuchowej. Wyroby te s\u0105 podzielone na grupy: Grupa I &#8211; urz\u0105dzenia przeznaczone do pracy w podziemiach kopalnianych, oraz naziemnych cz\u0119\u015bciach kopal\u0144 zagro\u017conych wybuchem. Grupa II \u2013 urz\u0105dzenia og\u00f3lnego zastosowania. W grupie tej mog\u0105 wyst\u0119powa\u0107 3 kategorie urz\u0105dze\u0144: \u00a0obejmuje urz\u0105dzenia zaprojektowane tak,&hellip;&nbsp;\u9605\u8bfb\u66f4\u591a &raquo;ATEX 2014\/34\/UE \u2013 urz\u0105dzenia pracuj\u0105ce w atmosferze potencjalnie wybuchowej","og_url":"https:\/\/icr.you2.pl\/cn\/certyfikacja-wyrobow\/atex-2014-34-ue-urzadzenia-pracujace-w-atmosferze-potencjalnie-wybuchowej\/","og_site_name":"ICR POLSKA - badania i certyfikacja","article_modified_time":"2024-03-26T11:01:27+00:00","twitter_card":"summary_large_image","twitter_misc":{"\u9884\u8ba1\u9605\u8bfb\u65f6\u95f4":"4 \u5206"},"schema":{"@context":"https:\/\/schema.org","@graph":[{"@type":"WebPage","@id":"https:\/\/icr.you2.pl\/certyfikacja-wyrobow\/atex-2014-34-ue-urzadzenia-pracujace-w-atmosferze-potencjalnie-wybuchowej\/","url":"https:\/\/icr.you2.pl\/certyfikacja-wyrobow\/atex-2014-34-ue-urzadzenia-pracujace-w-atmosferze-potencjalnie-wybuchowej\/","name":"ATEX 2014\/34\/EU - \u5728\u6f5c\u5728\u7206\u70b8\u6027\u73af\u5883\u4e2d\u64cd\u4f5c\u7684\u8bbe\u5907 - ICR\u6ce2\u5170 - \u6d4b\u8bd5\u548c\u8ba4\u8bc1","isPartOf":{"@id":"https:\/\/icr.you2.pl\/#website"},"primaryImageOfPage":{"@id":"https:\/\/icr.you2.pl\/certyfikacja-wyrobow\/atex-2014-34-ue-urzadzenia-pracujace-w-atmosferze-potencjalnie-wybuchowej\/#primaryimage"},"image":{"@id":"https:\/\/icr.you2.pl\/certyfikacja-wyrobow\/atex-2014-34-ue-urzadzenia-pracujace-w-atmosferze-potencjalnie-wybuchowej\/#primaryimage"},"thumbnailUrl":"","datePublished":"2019-05-28T11:04:53+00:00","dateModified":"2024-03-26T11:01:27+00:00","breadcrumb":{"@id":"https:\/\/icr.you2.pl\/certyfikacja-wyrobow\/atex-2014-34-ue-urzadzenia-pracujace-w-atmosferze-potencjalnie-wybuchowej\/#breadcrumb"},"inLanguage":"zh-Hans","potentialAction":[{"@type":"ReadAction","target":["https:\/\/icr.you2.pl\/certyfikacja-wyrobow\/atex-2014-34-ue-urzadzenia-pracujace-w-atmosferze-potencjalnie-wybuchowej\/"]}]},{"@type":"ImageObject","inLanguage":"zh-Hans","@id":"https:\/\/icr.you2.pl\/certyfikacja-wyrobow\/atex-2014-34-ue-urzadzenia-pracujace-w-atmosferze-potencjalnie-wybuchowej\/#primaryimage","url":"","contentUrl":""},{"@type":"BreadcrumbList","@id":"https:\/\/icr.you2.pl\/certyfikacja-wyrobow\/atex-2014-34-ue-urzadzenia-pracujace-w-atmosferze-potencjalnie-wybuchowej\/#breadcrumb","itemListElement":[{"@type":"ListItem","position":1,"name":"Strona g\u0142\u00f3wna","item":"https:\/\/icr.you2.pl\/"},{"@type":"ListItem","position":2,"name":"Certyfikacja wyrob\u00f3w","item":"https:\/\/icr.you2.pl\/en\/certyfikacja-wyrobow\/"},{"@type":"ListItem","position":3,"name":"ATEX 2014\/34\/UE \u2013 urz\u0105dzenia pracuj\u0105ce w atmosferze potencjalnie wybuchowej"}]},{"@type":"WebSite","@id":"https:\/\/icr.you2.pl\/#website","url":"https:\/\/icr.you2.pl\/","name":"ICR\u6ce2\u5170 - \u6d4b\u8bd5\u548c\u8ba4\u8bc1","description":"CE\u8ba4\u8bc1\u3001CE\u8bc1\u4e66\u3001ISO\u8bc1\u4e66\u3001RED\u6d4b\u8bd5\u3001\u4ea7\u54c1\u6d4b\u8bd5\u548c\u8ba4\u8bc1\u3001\u7535\u6c14\u4ea7\u54c1\u6d4b\u8bd5\u3001\u533b\u7597\u8bbe\u5907\u6d4b\u8bd5\u3001ATEX\u3001IECEx\u3001FCC\u3001\u4ea7\u54c1\u8ba4\u8bc1\u3001EMC\u6d4b\u8bd5\u3001\u673a\u68b0\u8ba4\u8bc1\u3001CE\u673a\u5668\u3001\u57f9\u8bad\u3001\u7535\u5b50\u4ea7\u54c1\u6d4b\u8bd5\u30012014\/53\/EU\u6d4b\u8bd5\u3001\u65e0\u4eba\u673a\u8ba4\u8bc1\u3001ISO 13485\u8bc1\u4e66\u3001ISO 9001\u8bc1\u4e66\u3001NC RfG","publisher":{"@id":"https:\/\/icr.you2.pl\/#\/schema\/person\/944799c9e2f4a94662e3fcb3b1544baf"},"potentialAction":[{"@type":"SearchAction","target":{"@type":"EntryPoint","urlTemplate":"https:\/\/icr.you2.pl\/?s={search_term_string}"},"query-input":{"@type":"PropertyValueSpecification","valueRequired":true,"valueName":"search_term_string"}}],"inLanguage":"zh-Hans"},{"@type":["Person","Organization"],"@id":"https:\/\/icr.you2.pl\/#\/schema\/person\/944799c9e2f4a94662e3fcb3b1544baf","name":"\u7ba1\u7406\u5458","image":{"@type":"ImageObject","inLanguage":"zh-Hans","@id":"https:\/\/icr.you2.pl\/#\/schema\/person\/image\/","url":"https:\/\/icr.you2.pl\/wp-content\/uploads\/2019\/05\/cropped-logo-icr.32f04ad5-1-1.png","contentUrl":"https:\/\/icr.you2.pl\/wp-content\/uploads\/2019\/05\/cropped-logo-icr.32f04ad5-1-1.png","width":400,"height":148,"caption":"admin"},"logo":{"@id":"https:\/\/icr.you2.pl\/#\/schema\/person\/image\/"}}]}},"_links":{"self":[{"href":"https:\/\/icr.you2.pl\/cn\/wp-json\/wp\/v2\/pages\/2031","targetHints":{"allow":["GET"]}}],"collection":[{"href":"https:\/\/icr.you2.pl\/cn\/wp-json\/wp\/v2\/pages"}],"about":[{"href":"https:\/\/icr.you2.pl\/cn\/wp-json\/wp\/v2\/types\/page"}],"author":[{"embeddable":true,"href":"https:\/\/icr.you2.pl\/cn\/wp-json\/wp\/v2\/users\/1"}],"replies":[{"embeddable":true,"href":"https:\/\/icr.you2.pl\/cn\/wp-json\/wp\/v2\/comments?post=2031"}],"version-history":[{"count":0,"href":"https:\/\/icr.you2.pl\/cn\/wp-json\/wp\/v2\/pages\/2031\/revisions"}],"up":[{"embeddable":true,"href":"https:\/\/icr.you2.pl\/cn\/wp-json\/wp\/v2\/pages\/211"}],"wp:featuredmedia":[{"embeddable":true,"href":"https:\/\/icr.you2.pl\/cn\/wp-json\/"}],"wp:attachment":[{"href":"https:\/\/icr.you2.pl\/cn\/wp-json\/wp\/v2\/media?parent=2031"}],"curies":[{"name":"wp","href":"https:\/\/api.w.org\/{rel}","templated":true}]}}