{"id":2060,"date":"2019-05-28T13:52:25","date_gmt":"2019-05-28T13:52:25","guid":{"rendered":"http:\/\/icrpolska.e-ksperci.pl\/?page_id=2060"},"modified":"2025-01-31T11:09:18","modified_gmt":"2025-01-31T10:09:18","slug":"dokumenty-publiczne","status":"publish","type":"page","link":"https:\/\/icr.you2.pl\/cn\/dokumenty-publiczne\/","title":{"rendered":"\u516c\u5171\u6587\u4ef6"},"content":{"rendered":"<p><img decoding=\"async\" class=\"alignnone wp-image-2679\" src=\"http:\/\/icr.you2.pl\/wp-content\/uploads\/2019\/06\/adobe.jpg\" alt=\"\" width=\"20\" height=\"21\" srcset=\"https:\/\/icr.you2.pl\/wp-content\/uploads\/2019\/06\/adobe.jpg 218w, https:\/\/icr.you2.pl\/wp-content\/uploads\/2019\/06\/adobe-150x150.jpg 150w\" sizes=\"(max-width: 20px) 100vw, 20px\" \/><a href=\"http:\/\/icr.you2.pl\/wp-content\/uploads\/2024\/10\/Polityka-jakosci.pdf\" target=\"_blank\" rel=\"noopener noreferrer\">\u00a0\u8d28\u91cf\u653f\u7b56<\/a><\/p>\n<p data-wp-editing=\"1\"><img decoding=\"async\" class=\"alignnone wp-image-2679\" src=\"http:\/\/icr.you2.pl\/wp-content\/uploads\/2019\/06\/adobe.jpg\" alt=\"\" width=\"20\" height=\"21\" srcset=\"https:\/\/icr.you2.pl\/wp-content\/uploads\/2019\/06\/adobe.jpg 218w, https:\/\/icr.you2.pl\/wp-content\/uploads\/2019\/06\/adobe-150x150.jpg 150w\" sizes=\"(max-width: 20px) 100vw, 20px\" \/>\u00a0<a href=\"http:\/\/icr.you2.pl\/wp-content\/uploads\/2024\/10\/Deklaracja-beztronnosci_PL_EN.pdf\" target=\"_blank\" rel=\"noopener\">\u516c\u6b63\u6027\u58f0\u660e<\/a><\/p>\n<p data-wp-editing=\"1\"><img decoding=\"async\" class=\"alignnone wp-image-2679\" src=\"http:\/\/icr.you2.pl\/wp-content\/uploads\/2019\/06\/adobe.jpg\" alt=\"\" width=\"20\" height=\"21\" srcset=\"https:\/\/icr.you2.pl\/wp-content\/uploads\/2019\/06\/adobe.jpg 218w, https:\/\/icr.you2.pl\/wp-content\/uploads\/2019\/06\/adobe-150x150.jpg 150w\" sizes=\"(max-width: 20px) 100vw, 20px\" \/> <a href=\"http:\/\/icr.you2.pl\/wp-content\/uploads\/2023\/02\/CE_zasady.pdf\" target=\"_blank\" rel=\"noopener\">\u5173\u4e8eCE\u8ba4\u8bc1\u7684\u6307\u5b9a\u673a\u6784\u653f\u7b562703<\/a><\/p>\n<p><a href=\"http:\/\/icr.you2.pl\/wp-content\/uploads\/2019\/06\/P-10-Przyjmowanie-ocena-i-podejmowanie-decyzji-odno\u015bnie-skarg-i-odwo\u0142a\u0144.pdf\" target=\"_blank\" rel=\"noopener noreferrer\"><img decoding=\"async\" class=\"alignnone wp-image-2679\" src=\"http:\/\/icr.you2.pl\/wp-content\/uploads\/2019\/06\/adobe.jpg\" alt=\"\" width=\"20\" height=\"21\" srcset=\"https:\/\/icr.you2.pl\/wp-content\/uploads\/2019\/06\/adobe.jpg 218w, https:\/\/icr.you2.pl\/wp-content\/uploads\/2019\/06\/adobe-150x150.jpg 150w\" sizes=\"(max-width: 20px) 100vw, 20px\" \/><\/a><a href=\"http:\/\/icr.you2.pl\/wp-content\/uploads\/2025\/01\/P-10_8.pdf\" target=\"_blank\" rel=\"noopener noreferrer\" data-wp-editing=\"1\"> P-10 \u6295\u8bc9\u548c\u7533\u8bc9\u7684\u53d7\u7406\u3001\u8bc4\u4f30\u548c\u88c1\u51b3<\/a><\/p>\n<p><a href=\"http:\/\/icr.you2.pl\/wp-content\/uploads\/2019\/06\/Informacja-dla-Wnioskodawc\u00f3w.pdf\" target=\"_blank\" rel=\"noopener noreferrer\"><img decoding=\"async\" class=\"alignnone wp-image-2679\" src=\"http:\/\/icr.you2.pl\/wp-content\/uploads\/2019\/06\/adobe.jpg\" alt=\"\" width=\"20\" height=\"21\" srcset=\"https:\/\/icr.you2.pl\/wp-content\/uploads\/2019\/06\/adobe.jpg 218w, https:\/\/icr.you2.pl\/wp-content\/uploads\/2019\/06\/adobe-150x150.jpg 150w\" sizes=\"(max-width: 20px) 100vw, 20px\" \/><\/a><a href=\"http:\/\/icr.you2.pl\/wp-content\/uploads\/2019\/06\/Informacja-dla-Wnioskodawc\u00f3w.pdf\" target=\"_blank\" rel=\"noopener noreferrer\">\u00a0<\/a><a href=\"http:\/\/icr.you2.pl\/wp-content\/uploads\/2024\/10\/Informacja-dla-wnioskodawcow.pdf\" target=\"_blank\" rel=\"noopener noreferrer\">\u7533\u8bf7\u4eba\u987b\u77e5<\/a><\/p>\n<p><a href=\"http:\/\/icr.you2.pl\/wp-content\/uploads\/2022\/01\/P-08.pdf\" target=\"_blank\" rel=\"noopener noreferrer\"><img decoding=\"async\" class=\"alignnone wp-image-2679\" src=\"http:\/\/icr.you2.pl\/wp-content\/uploads\/2019\/06\/adobe.jpg\" alt=\"\" width=\"20\" height=\"21\" srcset=\"https:\/\/icr.you2.pl\/wp-content\/uploads\/2019\/06\/adobe.jpg 218w, https:\/\/icr.you2.pl\/wp-content\/uploads\/2019\/06\/adobe-150x150.jpg 150w\" sizes=\"(max-width: 20px) 100vw, 20px\" \/><\/a><a href=\"http:\/\/icr.you2.pl\/wp-content\/uploads\/2024\/10\/P-08-Zasady-wykorzystywania-znaku-PL_ENG.pdf\"> \u8bc1\u4e66\u548c\u5408\u683c\u6807\u5fd7\u7684\u4f7f\u7528\u89c4\u5219<\/a><\/p>\n<p><strong>\u4ea7\u54c1\u8ba4\u8bc1\u65b9\u6848\uff1a<\/strong><\/p>\n<p><a href=\"http:\/\/icr.you2.pl\/wp-content\/uploads\/2019\/06\/Program-oceny-zgodno\u015bci-w-zakresie-MD.pdf\" target=\"_blank\" rel=\"noopener noreferrer\"><img decoding=\"async\" class=\"wp-image-2679 alignnone\" src=\"http:\/\/icr.you2.pl\/wp-content\/uploads\/2019\/06\/adobe.jpg\" alt=\"\" width=\"20\" height=\"21\" srcset=\"https:\/\/icr.you2.pl\/wp-content\/uploads\/2019\/06\/adobe.jpg 218w, https:\/\/icr.you2.pl\/wp-content\/uploads\/2019\/06\/adobe-150x150.jpg 150w\" sizes=\"(max-width: 20px) 100vw, 20px\" \/><\/a><a href=\"http:\/\/icr.you2.pl\/wp-content\/uploads\/2021\/01\/PC-P-07-03_16.pdf\" target=\"_blank\" rel=\"noopener noreferrer\">\u00a0MD\u5408\u683c\u8bc4\u4f30\u65b9\u6848(2006\/42\/EC)<\/a> + <a href=\"http:\/\/icr.you2.pl\/wp-content\/uploads\/2023\/11\/F-P-07-36_05a_MD.pdf\" target=\"_blank\" rel=\"noopener noreferrer\">\u6280\u672f\u89c4\u683c\u6e05\u5355<\/a><\/p>\n<p><a href=\"http:\/\/icr.you2.pl\/wp-content\/uploads\/2019\/06\/Program-oceny-zgodno\u015bci-w-zakresie-EMC.pdf\" target=\"_blank\" rel=\"noopener noreferrer\"><img decoding=\"async\" class=\"alignnone wp-image-2679\" src=\"http:\/\/icr.you2.pl\/wp-content\/uploads\/2019\/06\/adobe.jpg\" alt=\"\" width=\"20\" height=\"21\" srcset=\"https:\/\/icr.you2.pl\/wp-content\/uploads\/2019\/06\/adobe.jpg 218w, https:\/\/icr.you2.pl\/wp-content\/uploads\/2019\/06\/adobe-150x150.jpg 150w\" sizes=\"(max-width: 20px) 100vw, 20px\" \/><\/a><a href=\"http:\/\/icr.you2.pl\/wp-content\/uploads\/2024\/03\/PC-P-07-02_14_EMC.pdf\" target=\"_blank\" rel=\"noopener noreferrer\"> EMC\u5408\u683c\u8bc4\u4f30\u65b9\u6848\uff082014\/30\/EU\uff09<\/a> + <a href=\"http:\/\/icr.you2.pl\/wp-content\/uploads\/2025\/01\/F-P-07-34_5.pdf\" target=\"_blank\" rel=\"noopener noreferrer\">\u6280\u672f\u89c4\u683c\u6e05\u5355<\/a><\/p>\n<p><img decoding=\"async\" class=\"alignnone wp-image-2679\" src=\"http:\/\/icr.you2.pl\/wp-content\/uploads\/2019\/06\/adobe.jpg\" alt=\"\" width=\"20\" height=\"21\" srcset=\"https:\/\/icr.you2.pl\/wp-content\/uploads\/2019\/06\/adobe.jpg 218w, https:\/\/icr.you2.pl\/wp-content\/uploads\/2019\/06\/adobe-150x150.jpg 150w\" sizes=\"(max-width: 20px) 100vw, 20px\" \/>\u00a0<a href=\"http:\/\/icr.you2.pl\/wp-content\/uploads\/2021\/01\/PC-P-07-05_09.pdf\" target=\"_blank\" rel=\"noopener noreferrer\">RED\u7b26\u5408\u6027\u8bc4\u4f30\u65b9\u6848\uff082014\/53\/EU\uff09\u3002<\/a>\u00a0+ <a href=\"http:\/\/icr.you2.pl\/wp-content\/uploads\/2025\/01\/F-P-07-31_19a.pdf\" target=\"_blank\" rel=\"noopener noreferrer\">\u6280\u672f\u89c4\u683c\u6e05\u5355<\/a><\/p>\n<p><a href=\"http:\/\/icr.you2.pl\/wp-content\/uploads\/2019\/06\/Program-oceny-zgodno\u015bci-w-zakresie-ATEX.pdf\" target=\"_blank\" rel=\"noopener noreferrer\"><img decoding=\"async\" class=\"alignnone wp-image-2679\" src=\"http:\/\/icr.you2.pl\/wp-content\/uploads\/2019\/06\/adobe.jpg\" alt=\"\" width=\"20\" height=\"21\" srcset=\"https:\/\/icr.you2.pl\/wp-content\/uploads\/2019\/06\/adobe.jpg 218w, https:\/\/icr.you2.pl\/wp-content\/uploads\/2019\/06\/adobe-150x150.jpg 150w\" sizes=\"(max-width: 20px) 100vw, 20px\" \/><\/a><a href=\"http:\/\/icr.you2.pl\/wp-content\/uploads\/2021\/01\/PC-P-07-06_07.pdf\" target=\"_blank\" rel=\"noopener noreferrer\" data-wp-editing=\"1\">\u00a0ATEX\u7b26\u5408\u6027\u8bc4\u4f30\u65b9\u6848\uff082014\/34\/EU\uff09\u3002<\/a> + <a href=\"http:\/\/icr.you2.pl\/wp-content\/uploads\/2022\/06\/F-P-07-35_03_ATEX.pdf\" target=\"_blank\" rel=\"noopener noreferrer\">\u6280\u672f\u89c4\u683c\u6e05\u5355<\/a><\/p>\n<p><a href=\"http:\/\/icr.you2.pl\/wp-content\/uploads\/2019\/06\/Program-oceny-zgodno\u015bci-w-zakresie-ATEX.pdf\" target=\"_blank\" rel=\"noopener noreferrer\"><img decoding=\"async\" class=\"alignnone wp-image-2679\" src=\"http:\/\/icr.you2.pl\/wp-content\/uploads\/2019\/06\/adobe.jpg\" alt=\"\" width=\"20\" height=\"21\" srcset=\"https:\/\/icr.you2.pl\/wp-content\/uploads\/2019\/06\/adobe.jpg 218w, https:\/\/icr.you2.pl\/wp-content\/uploads\/2019\/06\/adobe-150x150.jpg 150w\" sizes=\"(max-width: 20px) 100vw, 20px\" \/><\/a><a href=\"http:\/\/icr.you2.pl\/wp-content\/uploads\/2022\/02\/PC-P-07-09-2.pdf\" target=\"_blank\" rel=\"noopener noreferrer\" data-wp-editing=\"1\"> BSP\/DRON\u7684\u7b26\u5408\u6027\u8bc4\u4f30\u65b9\u6848\uff08\uff08\u6b27\u76df\uff092019\/945\uff09\u3002<\/a> + <a href=\"http:\/\/icr.you2.pl\/wp-content\/uploads\/2022\/01\/F-P-07-38-1.pdf\" target=\"_blank\" rel=\"noopener noreferrer\">\u6280\u672f\u89c4\u683c\u6e05\u5355<\/a><\/p>\n<p data-wp-editing=\"1\"><a href=\"http:\/\/icr.you2.pl\/wp-content\/uploads\/2022\/11\/PC-P-07-10-2.pdf\" target=\"_blank\" rel=\"noopener noreferrer\"><img decoding=\"async\" class=\"alignnone wp-image-2679\" src=\"http:\/\/icr.you2.pl\/wp-content\/uploads\/2019\/06\/adobe.jpg\" alt=\"\" width=\"20\" height=\"21\" srcset=\"https:\/\/icr.you2.pl\/wp-content\/uploads\/2019\/06\/adobe.jpg 218w, https:\/\/icr.you2.pl\/wp-content\/uploads\/2019\/06\/adobe-150x150.jpg 150w\" sizes=\"(max-width: 20px) 100vw, 20px\" \/><\/a> <a href=\"http:\/\/icr.you2.pl\/wp-content\/uploads\/2024\/03\/PC-P-07-10_4_NC_RfG.pdf\" target=\"_blank\" rel=\"noopener\">\u6570\u63a7\u8bbe\u5907\u7b26\u5408\u6027\u8bc4\u4f30\u65b9\u6848 RfG\uff08\u6b27\u76df\uff092016\/631<\/a><\/p>\n<p><a href=\"http:\/\/icr.you2.pl\/wp-content\/uploads\/2019\/06\/Program-certyfikacji-dobrowolnej-wyrob\u00f3w.pdf\" target=\"_blank\" rel=\"noopener noreferrer\"><img decoding=\"async\" class=\"alignnone wp-image-2679\" src=\"http:\/\/icr.you2.pl\/wp-content\/uploads\/2019\/06\/adobe.jpg\" alt=\"\" width=\"20\" height=\"21\" srcset=\"https:\/\/icr.you2.pl\/wp-content\/uploads\/2019\/06\/adobe.jpg 218w, https:\/\/icr.you2.pl\/wp-content\/uploads\/2019\/06\/adobe-150x150.jpg 150w\" sizes=\"(max-width: 20px) 100vw, 20px\" \/><\/a><a href=\"http:\/\/icr.you2.pl\/wp-content\/uploads\/2024\/06\/PC-P-07-07_22.pdf\" target=\"_blank\" rel=\"noopener noreferrer\">\u00a0\u81ea\u613f\u6027\u4ea7\u54c1\u8ba4\u8bc1\u8ba1\u5212<\/a><\/p>\n<p><strong>\u7cfb\u7edf\u8ba4\u8bc1\u65b9\u6848\uff1a<\/strong><\/p>\n<p><a href=\"http:\/\/icr.you2.pl\/wp-content\/uploads\/2019\/06\/Program-certyfik.-QMS-13485.pdf\" target=\"_blank\" rel=\"noopener noreferrer\"><img decoding=\"async\" class=\"alignnone wp-image-2679\" src=\"http:\/\/icr.you2.pl\/wp-content\/uploads\/2019\/06\/adobe.jpg\" alt=\"\" width=\"20\" height=\"21\" srcset=\"https:\/\/icr.you2.pl\/wp-content\/uploads\/2019\/06\/adobe.jpg 218w, https:\/\/icr.you2.pl\/wp-content\/uploads\/2019\/06\/adobe-150x150.jpg 150w\" sizes=\"(max-width: 20px) 100vw, 20px\" \/><\/a><a href=\"http:\/\/icr.you2.pl\/wp-content\/uploads\/2025\/01\/PC-P-11-02_7.pdf\" target=\"_blank\" rel=\"noopener noreferrer\" data-wp-editing=\"1\"> QMS 13485\u8ba4\u8bc1\u65b9\u6848<\/a><\/p>\n<p><strong>\u7533\u8bf7\u8ba4\u8bc1\uff1a<\/strong><\/p>\n<ul>\n<li>\u4ea7\u54c1\uff1a<\/li>\n<\/ul>\n<p><img decoding=\"async\" class=\"alignnone wp-image-2678\" src=\"http:\/\/icr.you2.pl\/wp-content\/uploads\/2019\/06\/word.jpg\" alt=\"\" width=\"20\" height=\"20\" srcset=\"https:\/\/icr.you2.pl\/wp-content\/uploads\/2019\/06\/word.jpg 208w, https:\/\/icr.you2.pl\/wp-content\/uploads\/2019\/06\/word-150x150.jpg 150w\" sizes=\"(max-width: 20px) 100vw, 20px\" \/><a href=\"http:\/\/icr.you2.pl\/wp-content\/uploads\/2022\/10\/F-P-07-01_3.docx\" target=\"_blank\" rel=\"noopener noreferrer\"> \u7533\u8bf7\u4e66_\u7533\u8bf7\u4e66_\u81ea\u613f\u8ba4\u8bc1<\/a><\/p>\n<p><img decoding=\"async\" class=\"alignnone wp-image-2678\" src=\"http:\/\/icr.you2.pl\/wp-content\/uploads\/2019\/06\/word.jpg\" alt=\"\" width=\"20\" height=\"20\" srcset=\"https:\/\/icr.you2.pl\/wp-content\/uploads\/2019\/06\/word.jpg 208w, https:\/\/icr.you2.pl\/wp-content\/uploads\/2019\/06\/word-150x150.jpg 150w\" sizes=\"(max-width: 20px) 100vw, 20px\" \/><a href=\"http:\/\/icr.you2.pl\/wp-content\/uploads\/2024\/03\/F-P-07-02_9.docx\" target=\"_blank\" rel=\"noopener noreferrer\">\u00a0\u7533\u8bf7\u4e66_\u7533\u8bf7\u4e66_\u5f3a\u5236\u6027\u8bc4\u4f30<\/a><\/p>\n<p><a href=\"http:\/\/icr.you2.pl\/wp-content\/uploads\/2019\/06\/Wniosek-o-certyfikacj%C4%99-systemu.docx\"><img loading=\"lazy\" decoding=\"async\" class=\"alignnone wp-image-2678\" src=\"http:\/\/icr.you2.pl\/wp-content\/uploads\/2019\/06\/word.jpg\" sizes=\"(max-width: 20px) 100vw, 20px\" srcset=\"http:\/\/icr.you2.pl\/wp-content\/uploads\/2019\/06\/word.jpg 208w, http:\/\/icr.you2.pl\/wp-content\/uploads\/2019\/06\/word-150x150.jpg 150w\" alt=\"\" width=\"20\" height=\"20\" \/><\/a> <a href=\"http:\/\/icr.you2.pl\/wp-content\/uploads\/2020\/10\/F-P-07-03-2E-Wniosek-Application-on-TCF-storage.docx\">\u8981\u6c42\u4fdd\u6301\u8bb0\u5f55\uff082014\/34\/EU--\u6a21\u5757A1\uff09\u3002<\/a><\/p>\n<p data-wp-editing=\"1\"><a href=\"http:\/\/icr.you2.pl\/wp-content\/uploads\/2022\/11\/F-P-07-01-1-1-wniosek-o-przeprowadzenie-oceny-sprzetu-2016-631.docx\" target=\"_blank\" rel=\"noopener\"><img loading=\"lazy\" decoding=\"async\" class=\"alignnone wp-image-2678\" src=\"http:\/\/icr.you2.pl\/wp-content\/uploads\/2019\/06\/word.jpg\" sizes=\"(max-width: 20px) 100vw, 20px\" srcset=\"http:\/\/icr.you2.pl\/wp-content\/uploads\/2019\/06\/word.jpg 208w, http:\/\/icr.you2.pl\/wp-content\/uploads\/2019\/06\/word-150x150.jpg 150w\" alt=\"\" width=\"20\" height=\"20\" \/><\/a> <a href=\"http:\/\/icr.you2.pl\/wp-content\/uploads\/2022\/11\/F-P-07-01-1-1-wniosek-o-przeprowadzenie-oceny-sprzetu-2016-631.docx\" target=\"_blank\" rel=\"noopener\">\u7533\u8bf7\u8bbe\u5907\u8bc4\u4f30\uff08\u6cd5\u89c4\uff08\u6b27\u76df\uff092016\/631\uff09\u3002<\/a><\/p>\n<p><strong><span style=\"color: #000000;\">\u5982\u679c\u4f7f\u7528\u4e0d\u540c\u8bed\u8a00\u7684\u6587\u4ef6\uff0cICR\u6ce2\u5170\u786e\u8ba4\u5b83\u4eec\u5728\u5185\u5bb9\u548c\u610f\u4e49\u4e0a\u7684\u4e00\u81f4\u6027\u3002<\/span><\/strong><\/p>\n<ul>\n<li>\u7cfb\u7edf\uff1a<\/li>\n<\/ul>\n<p><img decoding=\"async\" class=\"alignnone wp-image-2678\" src=\"http:\/\/icr.you2.pl\/wp-content\/uploads\/2019\/06\/word.jpg\" alt=\"\" width=\"20\" height=\"20\" srcset=\"https:\/\/icr.you2.pl\/wp-content\/uploads\/2019\/06\/word.jpg 208w, https:\/\/icr.you2.pl\/wp-content\/uploads\/2019\/06\/word-150x150.jpg 150w\" sizes=\"(max-width: 20px) 100vw, 20px\" \/><a href=\"http:\/\/icr.you2.pl\/wp-content\/uploads\/2024\/10\/Wniosek__PL-EN-9.docx\" target=\"_blank\" rel=\"noopener noreferrer\">\u00a0\u7cfb\u7edf\u8ba4\u8bc1\u7533\u8bf7<\/a><\/p>\n<p><img decoding=\"async\" class=\"alignnone wp-image-2678\" src=\"http:\/\/icr.you2.pl\/wp-content\/uploads\/2019\/06\/word.jpg\" alt=\"\" width=\"20\" height=\"20\" srcset=\"https:\/\/icr.you2.pl\/wp-content\/uploads\/2019\/06\/word.jpg 208w, https:\/\/icr.you2.pl\/wp-content\/uploads\/2019\/06\/word-150x150.jpg 150w\" sizes=\"(max-width: 20px) 100vw, 20px\" \/><a href=\"http:\/\/icr.you2.pl\/wp-content\/uploads\/2024\/10\/Wniosek-o-przeniesienie-certyfikacji-systemu-4.docx\" target=\"_blank\" rel=\"noopener noreferrer\"> \u7ba1\u7406\u4f53\u7cfb\u8ba4\u8bc1\u8f6c\u8ba9\u7533\u8bf7<\/a><\/p>\n<p><img decoding=\"async\" class=\"alignnone wp-image-2678\" src=\"http:\/\/icr.you2.pl\/wp-content\/uploads\/2019\/06\/word.jpg\" alt=\"\" width=\"20\" height=\"20\" srcset=\"https:\/\/icr.you2.pl\/wp-content\/uploads\/2019\/06\/word.jpg 208w, https:\/\/icr.you2.pl\/wp-content\/uploads\/2019\/06\/word-150x150.jpg 150w\" sizes=\"(max-width: 20px) 100vw, 20px\" \/> <a href=\"http:\/\/icr.you2.pl\/wp-content\/uploads\/2020\/12\/F-P-07-28.docx\" target=\"_blank\" rel=\"noopener noreferrer\">\u7533\u8bf7\u786e\u8ba4\u751f\u4ea7\u8fc7\u7a0b\u7684\u8d28\u91cf\/\u4ea7\u54c1\u8d28\u91cf<\/a> (ATEX)<\/p>","protected":false},"excerpt":{"rendered":"<p>\u00a0\u8d28\u91cf\u653f\u7b56 \u516c\u6b63\u6027\u58f0\u660e \u901a\u544a\u673a\u6784\u5173\u4e8e CE \u6807\u5fd7\u7684\u653f\u7b56 2703 P-10 \u6295\u8bc9\u548c\u7533\u8bc9\u7684\u53d7\u7406\u3001\u8bc4\u4f30\u548c\u88c1\u51b3 \u7533\u8bf7\u4eba\u987b\u77e5 \u8bc1\u4e66\u548c\u5408\u683c\u6807\u5fd7\u7684\u4f7f\u7528\u89c4\u5219 \u4ea7\u54c1\u8ba4\u8bc1\u8ba1\u5212\uff1a  MD \u7b26\u5408\u6027\u8bc4\u4f30\u8ba1\u5212\uff082006\/42\/EC\uff09+ \u6280\u672f\u89c4\u8303\u6e05\u5355 EMC \u7b26\u5408\u6027\u8bc4\u4f30\u8ba1\u5212\uff082014\/30\/EU\uff09+ \u89c4\u8303\u6e05\u5355....&nbsp;<a href=\"https:\/\/icr.you2.pl\/cn\/dokumenty-publiczne\/\" rel=\"bookmark\">\u9605\u8bfb\u66f4\u591a \"<span class=\"screen-reader-text\">\u516c\u5171\u6587\u4ef6<\/span><\/a><\/p>","protected":false},"author":1,"featured_media":726,"parent":0,"menu_order":0,"comment_status":"closed","ping_status":"closed","template":"","meta":{"neve_meta_sidebar":"","neve_meta_container":"","neve_meta_enable_content_width":"off","neve_meta_content_width":70,"neve_meta_title_alignment":"","neve_meta_author_avatar":"","neve_post_elements_order":"","neve_meta_disable_header":"","neve_meta_disable_footer":"","neve_meta_disable_title":"","footnotes":""},"class_list":["post-2060","page","type-page","status-publish","has-post-thumbnail","hentry"],"yoast_head":"<!-- This site is optimized with the Yoast SEO plugin v26.8 - https:\/\/yoast.com\/product\/yoast-seo-wordpress\/ -->\n<title>Dokumenty publiczne - ICR POLSKA - badania i certyfikacja<\/title>\n<meta name=\"robots\" content=\"index, follow, max-snippet:-1, max-image-preview:large, max-video-preview:-1\" \/>\n<link rel=\"canonical\" href=\"https:\/\/icr.you2.pl\/cn\/dokumenty-publiczne\/\" \/>\n<meta property=\"og:locale\" content=\"zh_CN\" \/>\n<meta property=\"og:type\" content=\"article\" \/>\n<meta property=\"og:title\" content=\"Dokumenty publiczne - ICR POLSKA - badania i certyfikacja\" \/>\n<meta property=\"og:description\" content=\"\u00a0POLITYKA JAKO\u015aCI \u00a0Deklaracja bezstronno\u015bci Polityka Jednostki Notyfikowanej 2703 dot. znaku CE P-10 Przyjmowanie, ocena i podejmowanie decyzji odno\u015bnie do skarg i odwo\u0142a\u0144 \u00a0Informacja dla Wnioskodawc\u00f3w Zasady wykorzystywania certyfikat\u00f3w i znak\u00f3w zgodno\u015bci Programy certyfikacji wyrob\u00f3w: \u00a0Program oceny zgodno\u015bci w zakresie MD (2006\/42\/WE) + lista specyfikacji technicznych Program oceny zgodno\u015bci w zakresie EMC (2014\/30\/UE) + lista specyfikacji&hellip;&nbsp;\u9605\u8bfb\u66f4\u591a &raquo;Dokumenty publiczne\" \/>\n<meta property=\"og:url\" content=\"https:\/\/icr.you2.pl\/cn\/dokumenty-publiczne\/\" \/>\n<meta property=\"og:site_name\" content=\"ICR POLSKA - badania i certyfikacja\" \/>\n<meta property=\"article:modified_time\" content=\"2025-01-31T10:09:18+00:00\" \/>\n<meta name=\"twitter:card\" content=\"summary_large_image\" \/>\n<meta name=\"twitter:label1\" content=\"\u9884\u8ba1\u9605\u8bfb\u65f6\u95f4\" \/>\n\t<meta name=\"twitter:data1\" content=\"6 \u5206\" \/>\n<script type=\"application\/ld+json\" class=\"yoast-schema-graph\">{\"@context\":\"https:\/\/schema.org\",\"@graph\":[{\"@type\":\"WebPage\",\"@id\":\"https:\/\/icr.you2.pl\/dokumenty-publiczne\/\",\"url\":\"https:\/\/icr.you2.pl\/dokumenty-publiczne\/\",\"name\":\"Dokumenty publiczne - ICR POLSKA - badania i certyfikacja\",\"isPartOf\":{\"@id\":\"https:\/\/icr.you2.pl\/#website\"},\"primaryImageOfPage\":{\"@id\":\"https:\/\/icr.you2.pl\/dokumenty-publiczne\/#primaryimage\"},\"image\":{\"@id\":\"https:\/\/icr.you2.pl\/dokumenty-publiczne\/#primaryimage\"},\"thumbnailUrl\":\"\",\"datePublished\":\"2019-05-28T13:52:25+00:00\",\"dateModified\":\"2025-01-31T10:09:18+00:00\",\"breadcrumb\":{\"@id\":\"https:\/\/icr.you2.pl\/dokumenty-publiczne\/#breadcrumb\"},\"inLanguage\":\"zh-Hans\",\"potentialAction\":[{\"@type\":\"ReadAction\",\"target\":[\"https:\/\/icr.you2.pl\/dokumenty-publiczne\/\"]}]},{\"@type\":\"ImageObject\",\"inLanguage\":\"zh-Hans\",\"@id\":\"https:\/\/icr.you2.pl\/dokumenty-publiczne\/#primaryimage\",\"url\":\"\",\"contentUrl\":\"\"},{\"@type\":\"BreadcrumbList\",\"@id\":\"https:\/\/icr.you2.pl\/dokumenty-publiczne\/#breadcrumb\",\"itemListElement\":[{\"@type\":\"ListItem\",\"position\":1,\"name\":\"Strona g\u0142\u00f3wna\",\"item\":\"https:\/\/icr.you2.pl\/\"},{\"@type\":\"ListItem\",\"position\":2,\"name\":\"Dokumenty publiczne\"}]},{\"@type\":\"WebSite\",\"@id\":\"https:\/\/icr.you2.pl\/#website\",\"url\":\"https:\/\/icr.you2.pl\/\",\"name\":\"ICR POLSKA - badania i certyfikacja\",\"description\":\"CE certification, CE certificate, ISO certificate, RED testing, product testing and certification, electrical product testing, medical device testing, ATEX, IECEx, FCC, product certification, EMC testing, machinery certification, CE machines, training, electronic product testing, testing 2014\/53\/EU, drone certification, ISO 13485 certificate, ISO 9001 certificate, NC RfG\",\"publisher\":{\"@id\":\"https:\/\/icr.you2.pl\/#\/schema\/person\/944799c9e2f4a94662e3fcb3b1544baf\"},\"potentialAction\":[{\"@type\":\"SearchAction\",\"target\":{\"@type\":\"EntryPoint\",\"urlTemplate\":\"https:\/\/icr.you2.pl\/?s={search_term_string}\"},\"query-input\":{\"@type\":\"PropertyValueSpecification\",\"valueRequired\":true,\"valueName\":\"search_term_string\"}}],\"inLanguage\":\"zh-Hans\"},{\"@type\":[\"Person\",\"Organization\"],\"@id\":\"https:\/\/icr.you2.pl\/#\/schema\/person\/944799c9e2f4a94662e3fcb3b1544baf\",\"name\":\"admin\",\"image\":{\"@type\":\"ImageObject\",\"inLanguage\":\"zh-Hans\",\"@id\":\"https:\/\/icr.you2.pl\/#\/schema\/person\/image\/\",\"url\":\"https:\/\/icr.you2.pl\/wp-content\/uploads\/2019\/05\/cropped-logo-icr.32f04ad5-1-1.png\",\"contentUrl\":\"https:\/\/icr.you2.pl\/wp-content\/uploads\/2019\/05\/cropped-logo-icr.32f04ad5-1-1.png\",\"width\":400,\"height\":148,\"caption\":\"admin\"},\"logo\":{\"@id\":\"https:\/\/icr.you2.pl\/#\/schema\/person\/image\/\"}}]}<\/script>\n<!-- \/ Yoast SEO plugin. -->","yoast_head_json":{"title":"\u516c\u5171\u6587\u4ef6 - ICR \u6ce2\u5170 - \u6d4b\u8bd5\u548c\u8ba4\u8bc1","robots":{"index":"index","follow":"follow","max-snippet":"max-snippet:-1","max-image-preview":"max-image-preview:large","max-video-preview":"max-video-preview:-1"},"canonical":"https:\/\/icr.you2.pl\/cn\/dokumenty-publiczne\/","og_locale":"zh_CN","og_type":"article","og_title":"Dokumenty publiczne - ICR POLSKA - badania i certyfikacja","og_description":"\u00a0POLITYKA JAKO\u015aCI \u00a0Deklaracja bezstronno\u015bci Polityka Jednostki Notyfikowanej 2703 dot. znaku CE P-10 Przyjmowanie, ocena i podejmowanie decyzji odno\u015bnie do skarg i odwo\u0142a\u0144 \u00a0Informacja dla Wnioskodawc\u00f3w Zasady wykorzystywania certyfikat\u00f3w i znak\u00f3w zgodno\u015bci Programy certyfikacji wyrob\u00f3w: \u00a0Program oceny zgodno\u015bci w zakresie MD (2006\/42\/WE) + lista specyfikacji technicznych Program oceny zgodno\u015bci w zakresie EMC (2014\/30\/UE) + lista specyfikacji&hellip;&nbsp;\u9605\u8bfb\u66f4\u591a &raquo;Dokumenty publiczne","og_url":"https:\/\/icr.you2.pl\/cn\/dokumenty-publiczne\/","og_site_name":"ICR POLSKA - badania i certyfikacja","article_modified_time":"2025-01-31T10:09:18+00:00","twitter_card":"summary_large_image","twitter_misc":{"\u9884\u8ba1\u9605\u8bfb\u65f6\u95f4":"6 \u5206"},"schema":{"@context":"https:\/\/schema.org","@graph":[{"@type":"WebPage","@id":"https:\/\/icr.you2.pl\/dokumenty-publiczne\/","url":"https:\/\/icr.you2.pl\/dokumenty-publiczne\/","name":"\u516c\u5171\u6587\u4ef6 - ICR \u6ce2\u5170 - \u6d4b\u8bd5\u548c\u8ba4\u8bc1","isPartOf":{"@id":"https:\/\/icr.you2.pl\/#website"},"primaryImageOfPage":{"@id":"https:\/\/icr.you2.pl\/dokumenty-publiczne\/#primaryimage"},"image":{"@id":"https:\/\/icr.you2.pl\/dokumenty-publiczne\/#primaryimage"},"thumbnailUrl":"","datePublished":"2019-05-28T13:52:25+00:00","dateModified":"2025-01-31T10:09:18+00:00","breadcrumb":{"@id":"https:\/\/icr.you2.pl\/dokumenty-publiczne\/#breadcrumb"},"inLanguage":"zh-Hans","potentialAction":[{"@type":"ReadAction","target":["https:\/\/icr.you2.pl\/dokumenty-publiczne\/"]}]},{"@type":"ImageObject","inLanguage":"zh-Hans","@id":"https:\/\/icr.you2.pl\/dokumenty-publiczne\/#primaryimage","url":"","contentUrl":""},{"@type":"BreadcrumbList","@id":"https:\/\/icr.you2.pl\/dokumenty-publiczne\/#breadcrumb","itemListElement":[{"@type":"ListItem","position":1,"name":"Strona g\u0142\u00f3wna","item":"https:\/\/icr.you2.pl\/"},{"@type":"ListItem","position":2,"name":"Dokumenty publiczne"}]},{"@type":"WebSite","@id":"https:\/\/icr.you2.pl\/#website","url":"https:\/\/icr.you2.pl\/","name":"ICR\u6ce2\u5170 - \u6d4b\u8bd5\u548c\u8ba4\u8bc1","description":"CE\u8ba4\u8bc1\u3001CE\u8bc1\u4e66\u3001ISO\u8bc1\u4e66\u3001RED\u6d4b\u8bd5\u3001\u4ea7\u54c1\u6d4b\u8bd5\u548c\u8ba4\u8bc1\u3001\u7535\u6c14\u4ea7\u54c1\u6d4b\u8bd5\u3001\u533b\u7597\u8bbe\u5907\u6d4b\u8bd5\u3001ATEX\u3001IECEx\u3001FCC\u3001\u4ea7\u54c1\u8ba4\u8bc1\u3001EMC\u6d4b\u8bd5\u3001\u673a\u68b0\u8ba4\u8bc1\u3001CE\u673a\u5668\u3001\u57f9\u8bad\u3001\u7535\u5b50\u4ea7\u54c1\u6d4b\u8bd5\u30012014\/53\/EU\u6d4b\u8bd5\u3001\u65e0\u4eba\u673a\u8ba4\u8bc1\u3001ISO 13485\u8bc1\u4e66\u3001ISO 9001\u8bc1\u4e66\u3001NC RfG","publisher":{"@id":"https:\/\/icr.you2.pl\/#\/schema\/person\/944799c9e2f4a94662e3fcb3b1544baf"},"potentialAction":[{"@type":"SearchAction","target":{"@type":"EntryPoint","urlTemplate":"https:\/\/icr.you2.pl\/?s={search_term_string}"},"query-input":{"@type":"PropertyValueSpecification","valueRequired":true,"valueName":"search_term_string"}}],"inLanguage":"zh-Hans"},{"@type":["Person","Organization"],"@id":"https:\/\/icr.you2.pl\/#\/schema\/person\/944799c9e2f4a94662e3fcb3b1544baf","name":"\u7ba1\u7406\u5458","image":{"@type":"ImageObject","inLanguage":"zh-Hans","@id":"https:\/\/icr.you2.pl\/#\/schema\/person\/image\/","url":"https:\/\/icr.you2.pl\/wp-content\/uploads\/2019\/05\/cropped-logo-icr.32f04ad5-1-1.png","contentUrl":"https:\/\/icr.you2.pl\/wp-content\/uploads\/2019\/05\/cropped-logo-icr.32f04ad5-1-1.png","width":400,"height":148,"caption":"admin"},"logo":{"@id":"https:\/\/icr.you2.pl\/#\/schema\/person\/image\/"}}]}},"_links":{"self":[{"href":"https:\/\/icr.you2.pl\/cn\/wp-json\/wp\/v2\/pages\/2060","targetHints":{"allow":["GET"]}}],"collection":[{"href":"https:\/\/icr.you2.pl\/cn\/wp-json\/wp\/v2\/pages"}],"about":[{"href":"https:\/\/icr.you2.pl\/cn\/wp-json\/wp\/v2\/types\/page"}],"author":[{"embeddable":true,"href":"https:\/\/icr.you2.pl\/cn\/wp-json\/wp\/v2\/users\/1"}],"replies":[{"embeddable":true,"href":"https:\/\/icr.you2.pl\/cn\/wp-json\/wp\/v2\/comments?post=2060"}],"version-history":[{"count":0,"href":"https:\/\/icr.you2.pl\/cn\/wp-json\/wp\/v2\/pages\/2060\/revisions"}],"wp:featuredmedia":[{"embeddable":true,"href":"https:\/\/icr.you2.pl\/cn\/wp-json\/"}],"wp:attachment":[{"href":"https:\/\/icr.you2.pl\/cn\/wp-json\/wp\/v2\/media?parent=2060"}],"curies":[{"name":"wp","href":"https:\/\/api.w.org\/{rel}","templated":true}]}}