{"id":2142,"date":"2019-05-28T18:04:20","date_gmt":"2019-05-28T18:04:20","guid":{"rendered":"http:\/\/icrpolska.e-ksperci.pl\/?page_id=2142"},"modified":"2022-09-07T23:30:29","modified_gmt":"2022-09-07T21:30:29","slug":"maszyny","status":"publish","type":"page","link":"https:\/\/icr.you2.pl\/cn\/badania-wyrobow\/maszyny\/","title":{"rendered":"\u673a\u5668"},"content":{"rendered":"<ul>\r\n<li>\u6211\u4eec\u5bf9\u673a\u5668\u566a\u97f3\u3001\u7535\u6c14\u5b89\u5168\u4ee5\u53ca\u662f\u5426\u7b26\u5408\u6807\u51c6\u548c2006\/42\/EC\u6307\u4ee4\u7684\u8981\u6c42\u8fdb\u884c\u4e86\u6d4b\u91cf\u3002<\/li>\r\n<li>\u6211\u4eec\u5bf9\u673a\u68b0\u3001\u5b89\u5168\u7cfb\u7edf\u8fdb\u884c\u98ce\u9669\u5206\u6790\u548c\u9a8c\u8bc1\u3002<\/li>\r\n<li>\u6211\u4eec\u4e3a\u73b0\u573a\u673a\u5668\u9a8c\u6536\u8fdb\u884c\u5ba1\u8ba1\u548c\u68c0\u67e5\u3002<\/li>\r\n<\/ul>\r\n\r\n<figure class=\"wp-block-image is-resized\"><img fetchpriority=\"high\" decoding=\"async\" class=\"alignnone wp-image-2167\" src=\"http:\/\/nowa.icrpolska.com\/wp-content\/uploads\/2019\/05\/icr-badania-maszyny.jpg\" alt=\"\u673a\u5668\u6d4b\u8bd5\" width=\"768\" height=\"512\" srcset=\"https:\/\/icr.you2.pl\/wp-content\/uploads\/2019\/05\/icr-badania-maszyny.jpg 768w, https:\/\/icr.you2.pl\/wp-content\/uploads\/2019\/05\/icr-badania-maszyny-300x200.jpg 300w\" sizes=\"(max-width: 768px) 100vw, 768px\" \/><\/figure>","protected":false},"excerpt":{"rendered":"<p>\u6211\u4eec\u5bf9\u673a\u5668\u53d1\u51fa\u7684\u566a\u97f3\u3001\u7535\u6c14\u5b89\u5168\u4ee5\u53ca\u662f\u5426\u7b26\u5408\u6807\u51c6\u548c2006\/42\/EC\u6307\u4ee4\u7684\u8981\u6c42\u8fdb\u884c\u6d4b\u91cf\u3002\u6211\u4eec\u8fdb\u884c\u5e76\u9a8c\u8bc1\u673a\u5668\u548c\u5b89\u5168\u7cfb\u7edf\u7684\u98ce\u9669\u5206\u6790\u3002\u6211\u4eec\u4e3a\u673a\u5668\u7684\u73b0\u573a\u9a8c\u6536\u8fdb\u884c\u5ba1\u8ba1\u548c\u68c0\u67e5\u3002<\/p>","protected":false},"author":1,"featured_media":146,"parent":979,"menu_order":0,"comment_status":"closed","ping_status":"closed","template":"","meta":{"neve_meta_sidebar":"","neve_meta_container":"","neve_meta_enable_content_width":"off","neve_meta_content_width":70,"neve_meta_title_alignment":"","neve_meta_author_avatar":"","neve_post_elements_order":"","neve_meta_disable_header":"","neve_meta_disable_footer":"","neve_meta_disable_title":"","footnotes":""},"class_list":["post-2142","page","type-page","status-publish","has-post-thumbnail","hentry"],"yoast_head":"<!-- This site is optimized with the Yoast SEO plugin v26.8 - https:\/\/yoast.com\/product\/yoast-seo-wordpress\/ -->\n<title>Maszyny - ICR POLSKA - badania i certyfikacja<\/title>\n<meta name=\"robots\" content=\"index, follow, max-snippet:-1, max-image-preview:large, max-video-preview:-1\" \/>\n<link rel=\"canonical\" href=\"https:\/\/icr.you2.pl\/cn\/badania-wyrobow\/maszyny\/\" \/>\n<meta property=\"og:locale\" content=\"zh_CN\" \/>\n<meta property=\"og:type\" content=\"article\" \/>\n<meta property=\"og:title\" content=\"Maszyny - ICR POLSKA - badania i certyfikacja\" \/>\n<meta property=\"og:description\" content=\"Wykonujemy pomiary ha\u0142asu emitowanego przez maszyny, bezpiecze\u0144stwa elektrycznego oraz zgodno\u015bci z wymaganiami norm i dyrektywy 2006\/42\/WE. Wykonujemy i weryfikujemy analiz\u0119 ryzyka dla maszyn, uk\u0142ad\u00f3w bezpiecze\u0144stwa. Przeprowadzamy audity i inspekcje do odbioru maszyn w miejscu instalacji.\" \/>\n<meta property=\"og:url\" content=\"https:\/\/icr.you2.pl\/cn\/badania-wyrobow\/maszyny\/\" \/>\n<meta property=\"og:site_name\" content=\"ICR POLSKA - badania i certyfikacja\" \/>\n<meta property=\"article:modified_time\" content=\"2022-09-07T21:30:29+00:00\" \/>\n<meta name=\"twitter:card\" content=\"summary_large_image\" \/>\n<meta name=\"twitter:label1\" content=\"\u9884\u8ba1\u9605\u8bfb\u65f6\u95f4\" \/>\n\t<meta name=\"twitter:data1\" content=\"1 \u5206\" \/>\n<script type=\"application\/ld+json\" class=\"yoast-schema-graph\">{\"@context\":\"https:\/\/schema.org\",\"@graph\":[{\"@type\":\"WebPage\",\"@id\":\"https:\/\/icr.you2.pl\/badania-wyrobow\/maszyny\/\",\"url\":\"https:\/\/icr.you2.pl\/badania-wyrobow\/maszyny\/\",\"name\":\"Maszyny - ICR POLSKA - badania i certyfikacja\",\"isPartOf\":{\"@id\":\"https:\/\/icr.you2.pl\/#website\"},\"primaryImageOfPage\":{\"@id\":\"https:\/\/icr.you2.pl\/badania-wyrobow\/maszyny\/#primaryimage\"},\"image\":{\"@id\":\"https:\/\/icr.you2.pl\/badania-wyrobow\/maszyny\/#primaryimage\"},\"thumbnailUrl\":\"\",\"datePublished\":\"2019-05-28T18:04:20+00:00\",\"dateModified\":\"2022-09-07T21:30:29+00:00\",\"breadcrumb\":{\"@id\":\"https:\/\/icr.you2.pl\/badania-wyrobow\/maszyny\/#breadcrumb\"},\"inLanguage\":\"zh-Hans\",\"potentialAction\":[{\"@type\":\"ReadAction\",\"target\":[\"https:\/\/icr.you2.pl\/badania-wyrobow\/maszyny\/\"]}]},{\"@type\":\"ImageObject\",\"inLanguage\":\"zh-Hans\",\"@id\":\"https:\/\/icr.you2.pl\/badania-wyrobow\/maszyny\/#primaryimage\",\"url\":\"\",\"contentUrl\":\"\"},{\"@type\":\"BreadcrumbList\",\"@id\":\"https:\/\/icr.you2.pl\/badania-wyrobow\/maszyny\/#breadcrumb\",\"itemListElement\":[{\"@type\":\"ListItem\",\"position\":1,\"name\":\"Strona g\u0142\u00f3wna\",\"item\":\"https:\/\/icr.you2.pl\/\"},{\"@type\":\"ListItem\",\"position\":2,\"name\":\"Badania wyrob\u00f3w\",\"item\":\"https:\/\/icr.you2.pl\/badania-wyrobow\/\"},{\"@type\":\"ListItem\",\"position\":3,\"name\":\"Maszyny\"}]},{\"@type\":\"WebSite\",\"@id\":\"https:\/\/icr.you2.pl\/#website\",\"url\":\"https:\/\/icr.you2.pl\/\",\"name\":\"ICR POLSKA - badania i certyfikacja\",\"description\":\"CE certification, CE certificate, ISO certificate, RED testing, product testing and certification, electrical product testing, medical device testing, ATEX, IECEx, FCC, product certification, EMC testing, machinery certification, CE machines, training, electronic product testing, testing 2014\/53\/EU, drone certification, ISO 13485 certificate, ISO 9001 certificate, NC RfG\",\"publisher\":{\"@id\":\"https:\/\/icr.you2.pl\/#\/schema\/person\/944799c9e2f4a94662e3fcb3b1544baf\"},\"potentialAction\":[{\"@type\":\"SearchAction\",\"target\":{\"@type\":\"EntryPoint\",\"urlTemplate\":\"https:\/\/icr.you2.pl\/?s={search_term_string}\"},\"query-input\":{\"@type\":\"PropertyValueSpecification\",\"valueRequired\":true,\"valueName\":\"search_term_string\"}}],\"inLanguage\":\"zh-Hans\"},{\"@type\":[\"Person\",\"Organization\"],\"@id\":\"https:\/\/icr.you2.pl\/#\/schema\/person\/944799c9e2f4a94662e3fcb3b1544baf\",\"name\":\"admin\",\"image\":{\"@type\":\"ImageObject\",\"inLanguage\":\"zh-Hans\",\"@id\":\"https:\/\/icr.you2.pl\/#\/schema\/person\/image\/\",\"url\":\"https:\/\/icr.you2.pl\/wp-content\/uploads\/2019\/05\/cropped-logo-icr.32f04ad5-1-1.png\",\"contentUrl\":\"https:\/\/icr.you2.pl\/wp-content\/uploads\/2019\/05\/cropped-logo-icr.32f04ad5-1-1.png\",\"width\":400,\"height\":148,\"caption\":\"admin\"},\"logo\":{\"@id\":\"https:\/\/icr.you2.pl\/#\/schema\/person\/image\/\"}}]}<\/script>\n<!-- \/ Yoast SEO plugin. -->","yoast_head_json":{"title":"\u673a\u68b0 - ICR \u6ce2\u5170 - \u6d4b\u8bd5\u548c\u8ba4\u8bc1","robots":{"index":"index","follow":"follow","max-snippet":"max-snippet:-1","max-image-preview":"max-image-preview:large","max-video-preview":"max-video-preview:-1"},"canonical":"https:\/\/icr.you2.pl\/cn\/badania-wyrobow\/maszyny\/","og_locale":"zh_CN","og_type":"article","og_title":"Maszyny - ICR POLSKA - badania i certyfikacja","og_description":"Wykonujemy pomiary ha\u0142asu emitowanego przez maszyny, bezpiecze\u0144stwa elektrycznego oraz zgodno\u015bci z wymaganiami norm i dyrektywy 2006\/42\/WE. Wykonujemy i weryfikujemy analiz\u0119 ryzyka dla maszyn, uk\u0142ad\u00f3w bezpiecze\u0144stwa. Przeprowadzamy audity i inspekcje do odbioru maszyn w miejscu instalacji.","og_url":"https:\/\/icr.you2.pl\/cn\/badania-wyrobow\/maszyny\/","og_site_name":"ICR POLSKA - badania i certyfikacja","article_modified_time":"2022-09-07T21:30:29+00:00","twitter_card":"summary_large_image","twitter_misc":{"\u9884\u8ba1\u9605\u8bfb\u65f6\u95f4":"1 \u5206"},"schema":{"@context":"https:\/\/schema.org","@graph":[{"@type":"WebPage","@id":"https:\/\/icr.you2.pl\/badania-wyrobow\/maszyny\/","url":"https:\/\/icr.you2.pl\/badania-wyrobow\/maszyny\/","name":"\u673a\u68b0 - ICR \u6ce2\u5170 - \u6d4b\u8bd5\u548c\u8ba4\u8bc1","isPartOf":{"@id":"https:\/\/icr.you2.pl\/#website"},"primaryImageOfPage":{"@id":"https:\/\/icr.you2.pl\/badania-wyrobow\/maszyny\/#primaryimage"},"image":{"@id":"https:\/\/icr.you2.pl\/badania-wyrobow\/maszyny\/#primaryimage"},"thumbnailUrl":"","datePublished":"2019-05-28T18:04:20+00:00","dateModified":"2022-09-07T21:30:29+00:00","breadcrumb":{"@id":"https:\/\/icr.you2.pl\/badania-wyrobow\/maszyny\/#breadcrumb"},"inLanguage":"zh-Hans","potentialAction":[{"@type":"ReadAction","target":["https:\/\/icr.you2.pl\/badania-wyrobow\/maszyny\/"]}]},{"@type":"ImageObject","inLanguage":"zh-Hans","@id":"https:\/\/icr.you2.pl\/badania-wyrobow\/maszyny\/#primaryimage","url":"","contentUrl":""},{"@type":"BreadcrumbList","@id":"https:\/\/icr.you2.pl\/badania-wyrobow\/maszyny\/#breadcrumb","itemListElement":[{"@type":"ListItem","position":1,"name":"Strona g\u0142\u00f3wna","item":"https:\/\/icr.you2.pl\/"},{"@type":"ListItem","position":2,"name":"Badania wyrob\u00f3w","item":"https:\/\/icr.you2.pl\/badania-wyrobow\/"},{"@type":"ListItem","position":3,"name":"Maszyny"}]},{"@type":"WebSite","@id":"https:\/\/icr.you2.pl\/#website","url":"https:\/\/icr.you2.pl\/","name":"ICR\u6ce2\u5170 - \u6d4b\u8bd5\u548c\u8ba4\u8bc1","description":"CE\u8ba4\u8bc1\u3001CE\u8bc1\u4e66\u3001ISO\u8bc1\u4e66\u3001RED\u6d4b\u8bd5\u3001\u4ea7\u54c1\u6d4b\u8bd5\u548c\u8ba4\u8bc1\u3001\u7535\u6c14\u4ea7\u54c1\u6d4b\u8bd5\u3001\u533b\u7597\u8bbe\u5907\u6d4b\u8bd5\u3001ATEX\u3001IECEx\u3001FCC\u3001\u4ea7\u54c1\u8ba4\u8bc1\u3001EMC\u6d4b\u8bd5\u3001\u673a\u68b0\u8ba4\u8bc1\u3001CE\u673a\u5668\u3001\u57f9\u8bad\u3001\u7535\u5b50\u4ea7\u54c1\u6d4b\u8bd5\u30012014\/53\/EU\u6d4b\u8bd5\u3001\u65e0\u4eba\u673a\u8ba4\u8bc1\u3001ISO 13485\u8bc1\u4e66\u3001ISO 9001\u8bc1\u4e66\u3001NC RfG","publisher":{"@id":"https:\/\/icr.you2.pl\/#\/schema\/person\/944799c9e2f4a94662e3fcb3b1544baf"},"potentialAction":[{"@type":"SearchAction","target":{"@type":"EntryPoint","urlTemplate":"https:\/\/icr.you2.pl\/?s={search_term_string}"},"query-input":{"@type":"PropertyValueSpecification","valueRequired":true,"valueName":"search_term_string"}}],"inLanguage":"zh-Hans"},{"@type":["Person","Organization"],"@id":"https:\/\/icr.you2.pl\/#\/schema\/person\/944799c9e2f4a94662e3fcb3b1544baf","name":"\u7ba1\u7406\u5458","image":{"@type":"ImageObject","inLanguage":"zh-Hans","@id":"https:\/\/icr.you2.pl\/#\/schema\/person\/image\/","url":"https:\/\/icr.you2.pl\/wp-content\/uploads\/2019\/05\/cropped-logo-icr.32f04ad5-1-1.png","contentUrl":"https:\/\/icr.you2.pl\/wp-content\/uploads\/2019\/05\/cropped-logo-icr.32f04ad5-1-1.png","width":400,"height":148,"caption":"admin"},"logo":{"@id":"https:\/\/icr.you2.pl\/#\/schema\/person\/image\/"}}]}},"_links":{"self":[{"href":"https:\/\/icr.you2.pl\/cn\/wp-json\/wp\/v2\/pages\/2142","targetHints":{"allow":["GET"]}}],"collection":[{"href":"https:\/\/icr.you2.pl\/cn\/wp-json\/wp\/v2\/pages"}],"about":[{"href":"https:\/\/icr.you2.pl\/cn\/wp-json\/wp\/v2\/types\/page"}],"author":[{"embeddable":true,"href":"https:\/\/icr.you2.pl\/cn\/wp-json\/wp\/v2\/users\/1"}],"replies":[{"embeddable":true,"href":"https:\/\/icr.you2.pl\/cn\/wp-json\/wp\/v2\/comments?post=2142"}],"version-history":[{"count":0,"href":"https:\/\/icr.you2.pl\/cn\/wp-json\/wp\/v2\/pages\/2142\/revisions"}],"up":[{"embeddable":true,"href":"https:\/\/icr.you2.pl\/cn\/wp-json\/wp\/v2\/pages\/979"}],"wp:featuredmedia":[{"embeddable":true,"href":"https:\/\/icr.you2.pl\/cn\/wp-json\/"}],"wp:attachment":[{"href":"https:\/\/icr.you2.pl\/cn\/wp-json\/wp\/v2\/media?parent=2142"}],"curies":[{"name":"wp","href":"https:\/\/api.w.org\/{rel}","templated":true}]}}