{"id":2428,"date":"2019-06-03T12:35:18","date_gmt":"2019-06-03T10:35:18","guid":{"rendered":"http:\/\/nowa.icrpolska.com\/?page_id=2428"},"modified":"2023-04-04T14:55:37","modified_gmt":"2023-04-04T12:55:37","slug":"fcc","status":"publish","type":"page","link":"https:\/\/icr.you2.pl\/cn\/fcc\/","title":{"rendered":"FCC \/ ISED"},"content":{"rendered":"<p><img decoding=\"async\" class=\"alignleft wp-image-2682\" src=\"http:\/\/icr.you2.pl\/wp-content\/uploads\/2019\/06\/FCC_New_Logo-300x252.png\" alt=\"FCC - \u8054\u90a6\u901a\u4fe1\u59d4\u5458\u4f1a\" width=\"150\" height=\"126\" srcset=\"https:\/\/icr.you2.pl\/wp-content\/uploads\/2019\/06\/FCC_New_Logo-300x252.png 300w, https:\/\/icr.you2.pl\/wp-content\/uploads\/2019\/06\/FCC_New_Logo-768x645.png 768w, https:\/\/icr.you2.pl\/wp-content\/uploads\/2019\/06\/FCC_New_Logo-1024x860.png 1024w, https:\/\/icr.you2.pl\/wp-content\/uploads\/2019\/06\/FCC_New_Logo.png 1200w\" sizes=\"(max-width: 150px) 100vw, 150px\" \/><\/p>\n<p><strong>\u8054\u90a6\u901a\u4fe1\u59d4\u5458\u4f1a<\/strong> - \u8054\u90a6\u901a\u4fe1\u59d4\u5458\u4f1a - \u5904\u7406\u5728\u7f8e\u56fd\u4f7f\u7528\u7684\u65e0\u7ebf\u7535\u3001\u7535\u89c6\u3001\u65e0\u7ebf\u7f51\u7edc\u8bbe\u5907\u3001\u536b\u661f\u901a\u4fe1\u8bbe\u5907\u7b49\u901a\u4fe1\u8bbe\u5907\u7684\u5ba1\u6279\u95ee\u9898\u3002<\/p>\n<p>FCC\u5236\u5b9a\u4e86\u4e00\u4e9b\u6807\u51c6\uff0c\u4ee5\u786e\u5b9a\u4ea7\u54c1\u662f\u5426\u80fd\u88abFCC\u8d34\u4e0a\u6807\u7b7e\u5e76\u6ce8\u518c\u4e3a\u6388\u6743\u4ea7\u54c1\u3002<\/p>\n<p>\u6240\u6709\u65e0\u7ebf\u7535\u8bbe\u5907\u5206\u4e3a\u4ee5\u4e0b\u51e0\u7ec4\uff1a<\/p>\n<p>\u7b54\uff1a\u65e0\u6267\u7167\u7684\u65e0\u7ebf\u7535\u8bbe\u5907\uff0c\u5305\u62ec<\/p>\n<p>A1\uff1a\u5de5\u4f5c\u9891\u7387\u4f4e\u4e8e1GHz\u7684\u4f4e\u529f\u7387\u53d1\u5c04\u5668\uff08\u4e0d\u5305\u62ec\u6269\u9891\u8bbe\u5907\uff09\uff0c\u62a5\u8b66\u7cfb\u7edf\uff0c\u65e0\u610f\u4e2d\u53d1\u5c04\u7684\u5c04\u9891\uff08\u5982\u4e2a\u4eba\u7535\u8111\u53ca\u76f8\u5173\u5916\u56f4\u8bbe\u5907\u548c\u7535\u89c6\u63a5\u53e3\u8bbe\u5907\uff09\uff0c\u4ee5\u53ca\u9700\u8981\u8ba4\u8bc1\u7684\u6d88\u8d39\u8005ISM\u8bbe\u5907\uff08\u5982\u5fae\u6ce2\u7089\u3001\u5c04\u9891\u7167\u660e\u548c\u5176\u4ed6\u6d88\u8d39\u8005ISM\u8bbe\u5907\uff09\u3002<\/p>\n<p>A2\uff1a\u57281GHz\u4ee5\u4e0a\u9891\u7387\u5de5\u4f5c\u7684\u4f4e\u529f\u7387\u53d1\u5c04\u5668\uff0c\u4f46\u6269\u9891\u8bbe\u5907\u9664\u5916\u3002<\/p>\n<p>A4\uff1a\u65e0\u8bc1\u56fd\u5bb6\u4fe1\u606f\u57fa\u7840\u8bbe\u65bd\uff08UNII\uff09\u8bbe\u5907\u548c\u4f7f\u7528\u6269\u9891\u6280\u672f\u7684\u4f4e\u529f\u7387\u53d1\u5c04\u5668\u3002<\/p>\n<p>B\uff1a\u6709\u6267\u7167\u7684\u65e0\u7ebf\u7535\u8bbe\u5907\u3002<\/p>\n<p>B1: \u300a\u8054\u90a6\u6cd5\u5178\u300b\u7b2c47\u7bc7\u7b2c20\u300122\uff08\u79fb\u52a8\uff09\u300124\u300125\u548c27\u90e8\u5206\u7684\u5546\u4e1a\u79fb\u52a8\u670d\u52a1\u3002<\/p>\n<p>B2\uff1a\u7f8e\u56fd\u8054\u90a6\u6cd5\u5178\u7b2c47\u7ae0\u7b2c22\u90e8\u5206\uff08\u975e\u624b\u673a\uff09\u300173\u300174\u300190\u300195\u548c97\u4e2d\u7684\u4e00\u822c\u79fb\u52a8\u65e0\u7ebf\u7535\u670d\u52a1\u3002<\/p>\n<p>\u901a\u8fc7ICR\u5b9e\u9a8c\u5ba4\uff0cICR\u6ce2\u5170\u63d0\u4f9b\u6d4b\u8bd5\u548c\u968f\u540e\u7684\u8ba4\u8bc1\uff0c\u4f7f\u4ea7\u54c1\u83b7\u5f97FCC\u8bb8\u53ef\uff0c\u8fd9\u662f\u5728\u7f8e\u56fd\u9500\u552e\u6240\u9700\u7684\u3002<\/p>\n<p>\u6211\u4eec\u8fd8\u5728FCC\u6ce8\u518c\u671f\u95f4\u5411\u5236\u9020\u5546\u63d0\u4f9b\u652f\u6301\u3002<\/p>\n<hr \/>\n<p><img decoding=\"async\" class=\"wp-image-9514 alignleft\" src=\"http:\/\/icr.you2.pl\/wp-content\/uploads\/2023\/04\/ca-flag-300x162.jpg\" alt=\"\" width=\"285\" height=\"154\" srcset=\"https:\/\/icr.you2.pl\/wp-content\/uploads\/2023\/04\/ca-flag-300x162.jpg 300w, https:\/\/icr.you2.pl\/wp-content\/uploads\/2023\/04\/ca-flag-1024x554.jpg 1024w, https:\/\/icr.you2.pl\/wp-content\/uploads\/2023\/04\/ca-flag-768x415.jpg 768w, https:\/\/icr.you2.pl\/wp-content\/uploads\/2023\/04\/ca-flag-1536x830.jpg 1536w, https:\/\/icr.you2.pl\/wp-content\/uploads\/2023\/04\/ca-flag-2048x1107.jpg 2048w, https:\/\/icr.you2.pl\/wp-content\/uploads\/2023\/04\/ca-flag-18x10.jpg 18w\" sizes=\"(max-width: 285px) 100vw, 285px\" \/><\/p>\n<p><strong>ISED<\/strong> - \u52a0\u62ff\u5927\u521b\u65b0\u3001\u79d1\u5b66\u548c\u7ecf\u6d4e\u53d1\u5c55\u90e8\u76d1\u7ba1\u6807\u51c6\u5c40\uff08DRS\uff09\u4e3a\u5728\u52a0\u62ff\u5927\u4f7f\u7528\u7684\u65e0\u7ebf\u7535\u8bbe\u5907\u3001\u7ec8\u7aef\u8bbe\u5907\u548c\u5176\u4ed6\u9020\u6210\u5e72\u6270\u7684\u8bbe\u5907\u5236\u5b9a\u6280\u672f\u6807\u51c6\u3001\u6cd5\u89c4\u548c\u7a0b\u5e8f\u3002<\/p>\n<p>ICR\u6ce2\u5170\u516c\u53f8\u901a\u8fc7ICR\u5b9e\u9a8c\u5ba4\u5b9e\u73b0\u4e86\u6d4b\u8bd5\u548c\u540e\u7eed\u8ba4\u8bc1\uff1a<\/p>\n<p>- \u7b26\u5408RSS-xxx\u89c4\u683c\u7684\u65e0\u7ebf\u7535\u8bbe\u5907<\/p>\n<p>- \u7b26\u5408ICES-xxx\u89c4\u8303\u7684\u81f4\u5e72\u6270\u8bbe\u5907<\/p>\n<p>\u6b32\u4e86\u89e3\u66f4\u591a\u4fe1\u606f\uff0c\u8bf7\u8054\u7cfb <a href=\"call: +48 22 115 70 62\">\u7535\u8bdd<\/a> \u6216\u7531 <a href=\"mailto: icrpolska@icrpolska.com\">\u7535\u5b50\u90ae\u4ef6<\/a>.<\/p>","protected":false},"excerpt":{"rendered":"<p>\u7f8e\u56fd\u8054\u90a6\u901a\u4fe1\u59d4\u5458\u4f1a\uff08FCC\uff09\u8d1f\u8d23\u5ba1\u6279\u5728\u7f8e\u56fd\u4f7f\u7528\u7684\u65e0\u7ebf\u7535\u3001\u7535\u89c6\u3001\u65e0\u7ebf\u7f51\u7edc\u8bbe\u5907\u3001\u536b\u661f\u901a\u4fe1\u8bbe\u5907\u7b49\u901a\u4fe1\u8bbe\u5907\u3002FCC \u5236\u5b9a\u4e86\u76f8\u5173\u6807\u51c6\uff0c\u4ee5\u786e\u5b9a\u4ea7\u54c1\u662f\u5426\u53ef\u4ee5\u8d34\u4e0a FCC \u6807\u7b7e\u5e76\u6ce8\u518c\u4e3a\u6279\u51c6\u4ea7\u54c1\u3002\u6240\u6709\u65e0\u7ebf\u7535\u8bbe\u5907\u5206\u4e3a\u4ee5\u4e0b\u51e0\u7c7b\uff1aA\uff1a\u672a\u83b7\u8bb8\u53ef\u7684\u65e0\u7ebf\u7535\u8bbe\u5907\uff0c\u5305\u62ec&nbsp;<a href=\"https:\/\/icr.you2.pl\/cn\/fcc\/\" rel=\"bookmark\">\u9605\u8bfb\u66f4\u591a \"<span class=\"screen-reader-text\">FCC \/ ISED<\/span><\/a><\/p>","protected":false},"author":1,"featured_media":0,"parent":0,"menu_order":0,"comment_status":"closed","ping_status":"closed","template":"","meta":{"neve_meta_sidebar":"","neve_meta_container":"","neve_meta_enable_content_width":"off","neve_meta_content_width":70,"neve_meta_title_alignment":"","neve_meta_author_avatar":"","neve_post_elements_order":"","neve_meta_disable_header":"","neve_meta_disable_footer":"","neve_meta_disable_title":"","footnotes":""},"class_list":["post-2428","page","type-page","status-publish","hentry"],"yoast_head":"<!-- This site is optimized with the Yoast SEO plugin v26.8 - https:\/\/yoast.com\/product\/yoast-seo-wordpress\/ -->\n<title>FCC \/ ISED - ICR POLSKA - badania i certyfikacja<\/title>\n<meta name=\"robots\" content=\"index, follow, max-snippet:-1, max-image-preview:large, max-video-preview:-1\" \/>\n<link rel=\"canonical\" href=\"https:\/\/icr.you2.pl\/cn\/fcc\/\" \/>\n<meta property=\"og:locale\" content=\"zh_CN\" \/>\n<meta property=\"og:type\" content=\"article\" \/>\n<meta property=\"og:title\" content=\"FCC \/ ISED - ICR POLSKA - badania i certyfikacja\" \/>\n<meta property=\"og:description\" content=\"FCC \u2013 Federal Communications Commission \u2013 zajmuje si\u0119 dopuszczaniem urz\u0105dze\u0144 komunikacyjnych takich jak radio, telewizja, urz\u0105dzenie sieci bezprzewodowej, urz\u0105dzenia komunikacji satelitarnej do u\u017cytkowania na terenie USA. FCC stworzy\u0142a kryteria, kt\u00f3re warunkuj\u0105 mo\u017cliwo\u015b\u0107 oznakowania wyrobu FCC i rejestracji jako wyrobu dopuszczonego do obrotu. Wszystkie urz\u0105dzenie radiowe podzielono na nast\u0119puj\u0105ce grupy: A: Nielicencjonowane urz\u0105dzenia radiowe, w tym&hellip;&nbsp;\u9605\u8bfb\u66f4\u591a &raquo;FCC \/ ISED\" \/>\n<meta property=\"og:url\" content=\"https:\/\/icr.you2.pl\/cn\/fcc\/\" \/>\n<meta property=\"og:site_name\" content=\"ICR POLSKA - badania i certyfikacja\" \/>\n<meta property=\"article:modified_time\" content=\"2023-04-04T12:55:37+00:00\" \/>\n<meta property=\"og:image\" content=\"http:\/\/icr.you2.pl\/wp-content\/uploads\/2019\/06\/FCC_New_Logo-300x252.png\" \/>\n<meta name=\"twitter:card\" content=\"summary_large_image\" \/>\n<meta name=\"twitter:label1\" content=\"\u9884\u8ba1\u9605\u8bfb\u65f6\u95f4\" \/>\n\t<meta name=\"twitter:data1\" content=\"3 \u5206\" \/>\n<script type=\"application\/ld+json\" class=\"yoast-schema-graph\">{\"@context\":\"https:\/\/schema.org\",\"@graph\":[{\"@type\":\"WebPage\",\"@id\":\"https:\/\/icr.you2.pl\/fcc\/\",\"url\":\"https:\/\/icr.you2.pl\/fcc\/\",\"name\":\"FCC \/ ISED - ICR POLSKA - badania i certyfikacja\",\"isPartOf\":{\"@id\":\"https:\/\/icr.you2.pl\/#website\"},\"primaryImageOfPage\":{\"@id\":\"https:\/\/icr.you2.pl\/fcc\/#primaryimage\"},\"image\":{\"@id\":\"https:\/\/icr.you2.pl\/fcc\/#primaryimage\"},\"thumbnailUrl\":\"http:\/\/icr.you2.pl\/wp-content\/uploads\/2019\/06\/FCC_New_Logo-300x252.png\",\"datePublished\":\"2019-06-03T10:35:18+00:00\",\"dateModified\":\"2023-04-04T12:55:37+00:00\",\"breadcrumb\":{\"@id\":\"https:\/\/icr.you2.pl\/fcc\/#breadcrumb\"},\"inLanguage\":\"zh-Hans\",\"potentialAction\":[{\"@type\":\"ReadAction\",\"target\":[\"https:\/\/icr.you2.pl\/fcc\/\"]}]},{\"@type\":\"ImageObject\",\"inLanguage\":\"zh-Hans\",\"@id\":\"https:\/\/icr.you2.pl\/fcc\/#primaryimage\",\"url\":\"http:\/\/icr.you2.pl\/wp-content\/uploads\/2019\/06\/FCC_New_Logo-300x252.png\",\"contentUrl\":\"http:\/\/icr.you2.pl\/wp-content\/uploads\/2019\/06\/FCC_New_Logo-300x252.png\"},{\"@type\":\"BreadcrumbList\",\"@id\":\"https:\/\/icr.you2.pl\/fcc\/#breadcrumb\",\"itemListElement\":[{\"@type\":\"ListItem\",\"position\":1,\"name\":\"Strona g\u0142\u00f3wna\",\"item\":\"https:\/\/icr.you2.pl\/\"},{\"@type\":\"ListItem\",\"position\":2,\"name\":\"FCC \/ ISED\"}]},{\"@type\":\"WebSite\",\"@id\":\"https:\/\/icr.you2.pl\/#website\",\"url\":\"https:\/\/icr.you2.pl\/\",\"name\":\"ICR POLSKA - badania i certyfikacja\",\"description\":\"CE certification, CE certificate, ISO certificate, RED testing, product testing and certification, electrical product testing, medical device testing, ATEX, IECEx, FCC, product certification, EMC testing, machinery certification, CE machines, training, electronic product testing, testing 2014\/53\/EU, drone certification, ISO 13485 certificate, ISO 9001 certificate, NC RfG\",\"publisher\":{\"@id\":\"https:\/\/icr.you2.pl\/#\/schema\/person\/944799c9e2f4a94662e3fcb3b1544baf\"},\"potentialAction\":[{\"@type\":\"SearchAction\",\"target\":{\"@type\":\"EntryPoint\",\"urlTemplate\":\"https:\/\/icr.you2.pl\/?s={search_term_string}\"},\"query-input\":{\"@type\":\"PropertyValueSpecification\",\"valueRequired\":true,\"valueName\":\"search_term_string\"}}],\"inLanguage\":\"zh-Hans\"},{\"@type\":[\"Person\",\"Organization\"],\"@id\":\"https:\/\/icr.you2.pl\/#\/schema\/person\/944799c9e2f4a94662e3fcb3b1544baf\",\"name\":\"admin\",\"image\":{\"@type\":\"ImageObject\",\"inLanguage\":\"zh-Hans\",\"@id\":\"https:\/\/icr.you2.pl\/#\/schema\/person\/image\/\",\"url\":\"https:\/\/icr.you2.pl\/wp-content\/uploads\/2019\/05\/cropped-logo-icr.32f04ad5-1-1.png\",\"contentUrl\":\"https:\/\/icr.you2.pl\/wp-content\/uploads\/2019\/05\/cropped-logo-icr.32f04ad5-1-1.png\",\"width\":400,\"height\":148,\"caption\":\"admin\"},\"logo\":{\"@id\":\"https:\/\/icr.you2.pl\/#\/schema\/person\/image\/\"}}]}<\/script>\n<!-- \/ Yoast SEO plugin. -->","yoast_head_json":{"title":"FCC \/ ISED - ICR POLAND - \u6d4b\u8bd5\u548c\u8ba4\u8bc1","robots":{"index":"index","follow":"follow","max-snippet":"max-snippet:-1","max-image-preview":"max-image-preview:large","max-video-preview":"max-video-preview:-1"},"canonical":"https:\/\/icr.you2.pl\/cn\/fcc\/","og_locale":"zh_CN","og_type":"article","og_title":"FCC \/ ISED - ICR POLSKA - badania i certyfikacja","og_description":"FCC \u2013 Federal Communications Commission \u2013 zajmuje si\u0119 dopuszczaniem urz\u0105dze\u0144 komunikacyjnych takich jak radio, telewizja, urz\u0105dzenie sieci bezprzewodowej, urz\u0105dzenia komunikacji satelitarnej do u\u017cytkowania na terenie USA. FCC stworzy\u0142a kryteria, kt\u00f3re warunkuj\u0105 mo\u017cliwo\u015b\u0107 oznakowania wyrobu FCC i rejestracji jako wyrobu dopuszczonego do obrotu. Wszystkie urz\u0105dzenie radiowe podzielono na nast\u0119puj\u0105ce grupy: A: Nielicencjonowane urz\u0105dzenia radiowe, w tym&hellip;&nbsp;\u9605\u8bfb\u66f4\u591a &raquo;FCC \/ ISED","og_url":"https:\/\/icr.you2.pl\/cn\/fcc\/","og_site_name":"ICR POLSKA - badania i certyfikacja","article_modified_time":"2023-04-04T12:55:37+00:00","og_image":[{"url":"http:\/\/icr.you2.pl\/wp-content\/uploads\/2019\/06\/FCC_New_Logo-300x252.png","type":"","width":"","height":""}],"twitter_card":"summary_large_image","twitter_misc":{"\u9884\u8ba1\u9605\u8bfb\u65f6\u95f4":"3 \u5206"},"schema":{"@context":"https:\/\/schema.org","@graph":[{"@type":"WebPage","@id":"https:\/\/icr.you2.pl\/fcc\/","url":"https:\/\/icr.you2.pl\/fcc\/","name":"FCC \/ ISED - ICR POLAND - \u6d4b\u8bd5\u548c\u8ba4\u8bc1","isPartOf":{"@id":"https:\/\/icr.you2.pl\/#website"},"primaryImageOfPage":{"@id":"https:\/\/icr.you2.pl\/fcc\/#primaryimage"},"image":{"@id":"https:\/\/icr.you2.pl\/fcc\/#primaryimage"},"thumbnailUrl":"http:\/\/icr.you2.pl\/wp-content\/uploads\/2019\/06\/FCC_New_Logo-300x252.png","datePublished":"2019-06-03T10:35:18+00:00","dateModified":"2023-04-04T12:55:37+00:00","breadcrumb":{"@id":"https:\/\/icr.you2.pl\/fcc\/#breadcrumb"},"inLanguage":"zh-Hans","potentialAction":[{"@type":"ReadAction","target":["https:\/\/icr.you2.pl\/fcc\/"]}]},{"@type":"ImageObject","inLanguage":"zh-Hans","@id":"https:\/\/icr.you2.pl\/fcc\/#primaryimage","url":"http:\/\/icr.you2.pl\/wp-content\/uploads\/2019\/06\/FCC_New_Logo-300x252.png","contentUrl":"http:\/\/icr.you2.pl\/wp-content\/uploads\/2019\/06\/FCC_New_Logo-300x252.png"},{"@type":"BreadcrumbList","@id":"https:\/\/icr.you2.pl\/fcc\/#breadcrumb","itemListElement":[{"@type":"ListItem","position":1,"name":"Strona g\u0142\u00f3wna","item":"https:\/\/icr.you2.pl\/"},{"@type":"ListItem","position":2,"name":"FCC \/ ISED"}]},{"@type":"WebSite","@id":"https:\/\/icr.you2.pl\/#website","url":"https:\/\/icr.you2.pl\/","name":"ICR\u6ce2\u5170 - \u6d4b\u8bd5\u548c\u8ba4\u8bc1","description":"CE\u8ba4\u8bc1\u3001CE\u8bc1\u4e66\u3001ISO\u8bc1\u4e66\u3001RED\u6d4b\u8bd5\u3001\u4ea7\u54c1\u6d4b\u8bd5\u548c\u8ba4\u8bc1\u3001\u7535\u6c14\u4ea7\u54c1\u6d4b\u8bd5\u3001\u533b\u7597\u8bbe\u5907\u6d4b\u8bd5\u3001ATEX\u3001IECEx\u3001FCC\u3001\u4ea7\u54c1\u8ba4\u8bc1\u3001EMC\u6d4b\u8bd5\u3001\u673a\u68b0\u8ba4\u8bc1\u3001CE\u673a\u5668\u3001\u57f9\u8bad\u3001\u7535\u5b50\u4ea7\u54c1\u6d4b\u8bd5\u30012014\/53\/EU\u6d4b\u8bd5\u3001\u65e0\u4eba\u673a\u8ba4\u8bc1\u3001ISO 13485\u8bc1\u4e66\u3001ISO 9001\u8bc1\u4e66\u3001NC RfG","publisher":{"@id":"https:\/\/icr.you2.pl\/#\/schema\/person\/944799c9e2f4a94662e3fcb3b1544baf"},"potentialAction":[{"@type":"SearchAction","target":{"@type":"EntryPoint","urlTemplate":"https:\/\/icr.you2.pl\/?s={search_term_string}"},"query-input":{"@type":"PropertyValueSpecification","valueRequired":true,"valueName":"search_term_string"}}],"inLanguage":"zh-Hans"},{"@type":["Person","Organization"],"@id":"https:\/\/icr.you2.pl\/#\/schema\/person\/944799c9e2f4a94662e3fcb3b1544baf","name":"\u7ba1\u7406\u5458","image":{"@type":"ImageObject","inLanguage":"zh-Hans","@id":"https:\/\/icr.you2.pl\/#\/schema\/person\/image\/","url":"https:\/\/icr.you2.pl\/wp-content\/uploads\/2019\/05\/cropped-logo-icr.32f04ad5-1-1.png","contentUrl":"https:\/\/icr.you2.pl\/wp-content\/uploads\/2019\/05\/cropped-logo-icr.32f04ad5-1-1.png","width":400,"height":148,"caption":"admin"},"logo":{"@id":"https:\/\/icr.you2.pl\/#\/schema\/person\/image\/"}}]}},"_links":{"self":[{"href":"https:\/\/icr.you2.pl\/cn\/wp-json\/wp\/v2\/pages\/2428","targetHints":{"allow":["GET"]}}],"collection":[{"href":"https:\/\/icr.you2.pl\/cn\/wp-json\/wp\/v2\/pages"}],"about":[{"href":"https:\/\/icr.you2.pl\/cn\/wp-json\/wp\/v2\/types\/page"}],"author":[{"embeddable":true,"href":"https:\/\/icr.you2.pl\/cn\/wp-json\/wp\/v2\/users\/1"}],"replies":[{"embeddable":true,"href":"https:\/\/icr.you2.pl\/cn\/wp-json\/wp\/v2\/comments?post=2428"}],"version-history":[{"count":0,"href":"https:\/\/icr.you2.pl\/cn\/wp-json\/wp\/v2\/pages\/2428\/revisions"}],"wp:attachment":[{"href":"https:\/\/icr.you2.pl\/cn\/wp-json\/wp\/v2\/media?parent=2428"}],"curies":[{"name":"wp","href":"https:\/\/api.w.org\/{rel}","templated":true}]}}