{"id":2430,"date":"2019-06-03T12:35:35","date_gmt":"2019-06-03T10:35:35","guid":{"rendered":"http:\/\/nowa.icrpolska.com\/?page_id=2430"},"modified":"2024-12-10T14:51:36","modified_gmt":"2024-12-10T13:51:36","slug":"iecex","status":"publish","type":"page","link":"https:\/\/icr.you2.pl\/cn\/iecex\/","title":{"rendered":"IECEx"},"content":{"rendered":"<div data-elementor-type=\"wp-page\" data-elementor-id=\"2430\" class=\"elementor elementor-2430\">\n\t\t\t\t\t\t<section class=\"elementor-section elementor-top-section elementor-element elementor-element-3b021474 elementor-section-boxed elementor-section-height-default elementor-section-height-default\" data-id=\"3b021474\" data-element_type=\"section\" data-e-type=\"section\">\n\t\t\t\t\t\t<div class=\"elementor-container elementor-column-gap-default\">\n\t\t\t\t\t<div class=\"elementor-column elementor-col-100 elementor-top-column elementor-element elementor-element-3647aceb\" data-id=\"3647aceb\" data-element_type=\"column\" data-e-type=\"column\">\n\t\t\t<div class=\"elementor-widget-wrap elementor-element-populated\">\n\t\t\t\t\t\t<div class=\"elementor-element elementor-element-35547234 elementor-widget elementor-widget-text-editor\" data-id=\"35547234\" data-element_type=\"widget\" data-e-type=\"widget\" data-widget_type=\"text-editor.default\">\n\t\t\t\t<div class=\"elementor-widget-container\">\n\t\t\t\t\t\t\t\t\t<p><img decoding=\"async\" class=\"wp-image-2883 alignleft\" src=\"http:\/\/icr.you2.pl\/wp-content\/uploads\/2024\/12\/IECEx.png\" alt=\"\" width=\"142\" height=\"119\" \/><\/p><p>\u00a0<\/p><p>\u5168\u7403\u6027\u7684IECEx\u7cfb\u7edf\u7684\u5efa\u7acb\u662f\u4e3a\u4e86\u4fc3\u8fdb\u5728\u7206\u70b8\u6027\u73af\u5883\u4e2d\u4f7f\u7528\u7684\u8bbe\u5907\u548c\u670d\u52a1\uff08\u9632\u7206\u8bbe\u5907\/\u4ea7\u54c1\uff09\u7684\u56fd\u9645\u8d38\u6613\uff0c\u540c\u65f6\u4fdd\u6301\u5fc5\u8981\u7684\u5b89\u5168\u6c34\u5e73\u3002\u8be5\u7cfb\u7edf\u63d0\u4f9b\u4e86\uff0c\u9664\u5176\u4ed6\u5916\uff0c\uff1a<\/p><p>\u00a0<\/p><ul><li>\u51cf\u5c11\u5236\u9020\u5546\u7684\u6d4b\u8bd5\u548c\u8ba4\u8bc1\u8d39\u7528\uff1b<\/li><li>\u7f29\u77ed\u8fdb\u5165\u5e02\u573a\u7684\u65f6\u95f4\uff1b<\/li><li>\u4e00\u4e2a\u5355\u4e00\u7684\u3001\u53ef\u516c\u5f00\u4f7f\u7528\u7684\u56fd\u9645\u9632\u7206\u4ea7\u54c1\u6570\u636e\u5e93\uff1b<\/li><li>\u5bf9\u4ea7\u54c1\u8fdb\u884c\u8bc4\u4f30\u548c\u6838\u67e5\u7684\u7edf\u4e00\u6807\u51c6\uff0c\u65e0\u8bba\u4ea7\u54c1\u5728\u54ea\u91cc\u751f\u4ea7\u548c\u4f7f\u7528\u3002<\/li><\/ul><p class=\"translation-block\">\u5173\u4e8eIECEx\u7ec4\u7ec7\u7684\u5168\u90e8\u6d3b\u52a8\u7684\u66f4\u591a\u4fe1\u606f\uff0c\u8bf7\u8bbf\u95ee<a href=\"https:\/\/www.iecex.com\/\" target=\"_self\" rel=\"noopener noreferrer\">https:\/\/www.iecex.com\/<\/a>\u3002<\/p><p>\u9632\u7206\u8bbe\u5907\u662f\u4e3a\u5728\u7206\u70b8\u6027\u73af\u5883\u4e2d\u64cd\u4f5c\u800c\u8bbe\u8ba1\u7684\uff0c\u5373\u5728\u6613\u71c3\u6db2\u4f53\u3001\u84b8\u6c7d\u3001\u6c14\u4f53\u6216\u7c89\u5c18\u53ef\u80fd\u5b58\u5728\u8db3\u591f\u6570\u91cf\u800c\u5bfc\u81f4\u706b\u707e\u6216\u7206\u70b8\u7684\u533a\u57df\/\u5730\u5e26\u3002<\/p><p>\u5982\u4eca\uff0c\u8fd9\u79cd\u533a\u57df\u5728\u8bb8\u591a\u884c\u4e1a\u7684\u751f\u4ea7\u8bbe\u65bd\u4ee5\u53ca\u670d\u52a1\u6216\u50a8\u5b58\u8bbe\u65bd\u4e2d\u90fd\u6709\uff0c\u4f8b\u5982\uff1a<\/p><ul><li>\u91c7\u77ff\u548c\u7164\u70ad\u8f93\u9001\u53ca\u50a8\u5b58\u8bbe\u65bd<\/li><li>\u6c7d\u8f66\u6216\u98de\u673a\u52a0\u6cb9\u7ad9\u3001\u52a0\u6cb9\u7ad9<\/li><li>\u70bc\u6cb9\u5382\u3001\u77f3\u6cb9\u5e73\u53f0\u548c\u52a0\u5de5\u5382<\/li><li>\u5316\u5b66\u52a0\u5de5\u5382<\/li><li>\u5236\u836f\u5382<\/li><li>\u5370\u5237\u4e1a\u3001\u7eb8\u5f20\u548c\u7eba\u7ec7\u54c1\u751f\u4ea7<\/li><li>\u533b\u9662\u624b\u672f\u5ba4<\/li><li>\u6e05\u6f06\u548c\u7ed8\u753b\u5de5\u4f5c\u5ba4<\/li><li>\u751f\u7269\u8d28\u52a0\u5de5\u5382<\/li><li>\u6c61\u6c34\u5904\u7406\u5382<\/li><li>\u71c3\u6c14\u7ba1\u9053\u548c\u914d\u9001\u4e2d\u5fc3<\/li><li>\u8c37\u7269\u52a0\u5de5\u548c\u50a8\u5b58\u8bbe\u65bd<\/li><li>\u6728\u5de5\u8bbe\u65bd<\/li><li>\u70bc\u7cd6\u5382<\/li><li>\u7528\u4e8e\u5904\u7406\u91d1\u5c5e\u6750\u6599\uff0c\u7279\u522b\u662f\u94dd\u7684\u8f66\u95f4<\/li><\/ul><p>ICR\u6ce2\u5170\u516c\u53f8\u4e3a\u6f5c\u5728\u7206\u70b8\u6027\u73af\u5883\u7684\u4ea7\u54c1\u63d0\u4f9b\u6d4b\u8bd5\u3001\u751f\u4ea7\u7cfb\u7edf\u8bc4\u4f30\u548c\u8ba4\u8bc1\uff0c\u5728IECEx\u7cfb\u7edf\u4e0b\u8986\u76d6\u5168\u7403\u3002<\/p><p>\u6211\u4eec\u53ef\u4ee5\u5728\u8fdb\u884c\u6b27\u6d32ATEX\u6307\u4ee4\u89c4\u5b9a\u7684\u6d3b\u52a8\u7684\u540c\u65f6\uff0c\u5bf9\u751f\u4ea7\u7cfb\u7edf\u8fdb\u884c\u6d4b\u8bd5\u548c\u8bc4\u4f30\u3002<\/p><p>\u6211\u4eec\u63d0\u4f9b\u5e7f\u6cdb\u7684\u6d4b\u8bd5\uff0c\u6db5\u76d6\u5927\u591a\u6570\u7528\u4e8e\u7535\u6c14\u548c\u975e\u7535\u6c14\u8bbe\u5907\u7684\u7206\u70b8\u4fdd\u62a4\u65b9\u6cd5\u3002<\/p>\t\t\t\t\t\t\t\t<\/div>\n\t\t\t\t<\/div>\n\t\t\t\t\t<\/div>\n\t\t<\/div>\n\t\t\t\t\t<\/div>\n\t\t<\/section>\n\t\t\t\t<\/div>","protected":false},"excerpt":{"rendered":"<p>\u00a0 \u5168\u7403 IECEx \u7cfb\u7edf\u7684\u5efa\u7acb\u662f\u4e3a\u4e86\u4fc3\u8fdb\u5728\u7206\u70b8\u6027\u73af\u5883\u4e2d\u4f7f\u7528\u7684\u8bbe\u5907\u548c\u670d\u52a1\uff08\u9632\u7206\u8bbe\u5907\/\u4ea7\u54c1\uff09\u7684\u56fd\u9645\u8d38\u6613\uff0c\u540c\u65f6\u4fdd\u6301\u6240\u9700\u7684\u5b89\u5168\u6c34\u5e73\u3002\u9664\u5176\u4ed6\u4e8b\u9879\u5916\uff0c\u8be5\u7cfb\u7edf\u8fd8\u63d0\u4f9b\uff1a\u964d\u4f4e\u5236\u9020\u5546\u7684\u6d4b\u8bd5\u548c\u8ba4\u8bc1\u6210\u672c\uff1b\u7f29\u77ed\u4ea7\u54c1\u4e0a\u5e02\u65f6\u95f4\uff1b\u514d\u8d39\u63d0\u4f9b\u5355\u4e00\u7684\u9632\u7206\u4ea7\u54c1\u56fd\u9645\u6570\u636e\u5e93\uff1b\u7edf\u4e00\u7684\u8bc4\u4f30\u6807\u51c6\u548c\u8ba4\u8bc1\u7a0b\u5e8f\u3002&nbsp;<a href=\"https:\/\/icr.you2.pl\/cn\/iecex\/\" rel=\"bookmark\">\u9605\u8bfb\u66f4\u591a \"<span class=\"screen-reader-text\">IECEx<\/span><\/a><\/p>","protected":false},"author":1,"featured_media":0,"parent":0,"menu_order":0,"comment_status":"closed","ping_status":"closed","template":"","meta":{"neve_meta_sidebar":"","neve_meta_container":"","neve_meta_enable_content_width":"off","neve_meta_content_width":70,"neve_meta_title_alignment":"","neve_meta_author_avatar":"","neve_post_elements_order":"","neve_meta_disable_header":"","neve_meta_disable_footer":"","neve_meta_disable_title":"","footnotes":""},"class_list":["post-2430","page","type-page","status-publish","hentry"],"yoast_head":"<!-- This site is optimized with the Yoast SEO plugin v26.8 - https:\/\/yoast.com\/product\/yoast-seo-wordpress\/ -->\n<title>IECEx - ICR POLSKA - badania i certyfikacja<\/title>\n<meta name=\"robots\" content=\"index, follow, max-snippet:-1, max-image-preview:large, max-video-preview:-1\" \/>\n<link rel=\"canonical\" href=\"https:\/\/icr.you2.pl\/cn\/iecex\/\" \/>\n<meta property=\"og:locale\" content=\"zh_CN\" \/>\n<meta property=\"og:type\" content=\"article\" \/>\n<meta property=\"og:title\" content=\"IECEx - ICR POLSKA - badania i certyfikacja\" \/>\n<meta property=\"og:description\" content=\"\u00a0 Og\u00f3lno\u015bwiatowy system IECEx powsta\u0142 w celu u\u0142atwienie mi\u0119dzynarodowego handlu sprz\u0119tem i us\u0142ugami do u\u017cytku w atmosferach wybuchowych (urz\u0105dzenia\/wyroby Ex), przy zachowaniu wymaganego poziomu bezpiecze\u0144stwa. System ten zapewnia m.in.: \u00a0 ograniczenie koszt\u00f3w bada\u0144 i certyfikacji dla producenta; skr\u00f3cenie czasu procesu wprowadzania wyrobu na rynek; jedn\u0105, og\u00f3lnodost\u0119pn\u0105 mi\u0119dzynarodow\u0105 baz\u0119 danych wyrob\u00f3w Ex; jednolite kryteria oceny i&hellip;&nbsp;\u9605\u8bfb\u66f4\u591a &raquo;IECEx\" \/>\n<meta property=\"og:url\" content=\"https:\/\/icr.you2.pl\/cn\/iecex\/\" \/>\n<meta property=\"og:site_name\" content=\"ICR POLSKA - badania i certyfikacja\" \/>\n<meta property=\"article:modified_time\" content=\"2024-12-10T13:51:36+00:00\" \/>\n<meta property=\"og:image\" content=\"http:\/\/icr.you2.pl\/wp-content\/uploads\/2024\/12\/IECEx.png\" \/>\n<meta name=\"twitter:card\" content=\"summary_large_image\" \/>\n<meta name=\"twitter:label1\" content=\"\u9884\u8ba1\u9605\u8bfb\u65f6\u95f4\" \/>\n\t<meta name=\"twitter:data1\" content=\"2 \u5206\" \/>\n<script type=\"application\/ld+json\" class=\"yoast-schema-graph\">{\"@context\":\"https:\/\/schema.org\",\"@graph\":[{\"@type\":\"WebPage\",\"@id\":\"https:\/\/icr.you2.pl\/iecex\/\",\"url\":\"https:\/\/icr.you2.pl\/iecex\/\",\"name\":\"IECEx - ICR POLSKA - badania i certyfikacja\",\"isPartOf\":{\"@id\":\"https:\/\/icr.you2.pl\/#website\"},\"primaryImageOfPage\":{\"@id\":\"https:\/\/icr.you2.pl\/iecex\/#primaryimage\"},\"image\":{\"@id\":\"https:\/\/icr.you2.pl\/iecex\/#primaryimage\"},\"thumbnailUrl\":\"http:\/\/icr.you2.pl\/wp-content\/uploads\/2024\/12\/IECEx.png\",\"datePublished\":\"2019-06-03T10:35:35+00:00\",\"dateModified\":\"2024-12-10T13:51:36+00:00\",\"breadcrumb\":{\"@id\":\"https:\/\/icr.you2.pl\/iecex\/#breadcrumb\"},\"inLanguage\":\"zh-Hans\",\"potentialAction\":[{\"@type\":\"ReadAction\",\"target\":[\"https:\/\/icr.you2.pl\/iecex\/\"]}]},{\"@type\":\"ImageObject\",\"inLanguage\":\"zh-Hans\",\"@id\":\"https:\/\/icr.you2.pl\/iecex\/#primaryimage\",\"url\":\"http:\/\/icr.you2.pl\/wp-content\/uploads\/2024\/12\/IECEx.png\",\"contentUrl\":\"http:\/\/icr.you2.pl\/wp-content\/uploads\/2024\/12\/IECEx.png\"},{\"@type\":\"BreadcrumbList\",\"@id\":\"https:\/\/icr.you2.pl\/iecex\/#breadcrumb\",\"itemListElement\":[{\"@type\":\"ListItem\",\"position\":1,\"name\":\"Strona g\u0142\u00f3wna\",\"item\":\"https:\/\/icr.you2.pl\/\"},{\"@type\":\"ListItem\",\"position\":2,\"name\":\"IECEx\"}]},{\"@type\":\"WebSite\",\"@id\":\"https:\/\/icr.you2.pl\/#website\",\"url\":\"https:\/\/icr.you2.pl\/\",\"name\":\"ICR POLSKA - badania i certyfikacja\",\"description\":\"CE certification, CE certificate, ISO certificate, RED testing, product testing and certification, electrical product testing, medical device testing, ATEX, IECEx, FCC, product certification, EMC testing, machinery certification, CE machines, training, electronic product testing, testing 2014\/53\/EU, drone certification, ISO 13485 certificate, ISO 9001 certificate, NC RfG\",\"publisher\":{\"@id\":\"https:\/\/icr.you2.pl\/#\/schema\/person\/944799c9e2f4a94662e3fcb3b1544baf\"},\"potentialAction\":[{\"@type\":\"SearchAction\",\"target\":{\"@type\":\"EntryPoint\",\"urlTemplate\":\"https:\/\/icr.you2.pl\/?s={search_term_string}\"},\"query-input\":{\"@type\":\"PropertyValueSpecification\",\"valueRequired\":true,\"valueName\":\"search_term_string\"}}],\"inLanguage\":\"zh-Hans\"},{\"@type\":[\"Person\",\"Organization\"],\"@id\":\"https:\/\/icr.you2.pl\/#\/schema\/person\/944799c9e2f4a94662e3fcb3b1544baf\",\"name\":\"admin\",\"image\":{\"@type\":\"ImageObject\",\"inLanguage\":\"zh-Hans\",\"@id\":\"https:\/\/icr.you2.pl\/#\/schema\/person\/image\/\",\"url\":\"https:\/\/icr.you2.pl\/wp-content\/uploads\/2019\/05\/cropped-logo-icr.32f04ad5-1-1.png\",\"contentUrl\":\"https:\/\/icr.you2.pl\/wp-content\/uploads\/2019\/05\/cropped-logo-icr.32f04ad5-1-1.png\",\"width\":400,\"height\":148,\"caption\":\"admin\"},\"logo\":{\"@id\":\"https:\/\/icr.you2.pl\/#\/schema\/person\/image\/\"}}]}<\/script>\n<!-- \/ Yoast SEO plugin. -->","yoast_head_json":{"title":"IECEx - ICR POLAND - \u6d4b\u8bd5\u548c\u8ba4\u8bc1","robots":{"index":"index","follow":"follow","max-snippet":"max-snippet:-1","max-image-preview":"max-image-preview:large","max-video-preview":"max-video-preview:-1"},"canonical":"https:\/\/icr.you2.pl\/cn\/iecex\/","og_locale":"zh_CN","og_type":"article","og_title":"IECEx - ICR POLSKA - badania i certyfikacja","og_description":"\u00a0 Og\u00f3lno\u015bwiatowy system IECEx powsta\u0142 w celu u\u0142atwienie mi\u0119dzynarodowego handlu sprz\u0119tem i us\u0142ugami do u\u017cytku w atmosferach wybuchowych (urz\u0105dzenia\/wyroby Ex), przy zachowaniu wymaganego poziomu bezpiecze\u0144stwa. System ten zapewnia m.in.: \u00a0 ograniczenie koszt\u00f3w bada\u0144 i certyfikacji dla producenta; skr\u00f3cenie czasu procesu wprowadzania wyrobu na rynek; jedn\u0105, og\u00f3lnodost\u0119pn\u0105 mi\u0119dzynarodow\u0105 baz\u0119 danych wyrob\u00f3w Ex; jednolite kryteria oceny i&hellip;&nbsp;\u9605\u8bfb\u66f4\u591a &raquo;IECEx","og_url":"https:\/\/icr.you2.pl\/cn\/iecex\/","og_site_name":"ICR POLSKA - badania i certyfikacja","article_modified_time":"2024-12-10T13:51:36+00:00","og_image":[{"url":"http:\/\/icr.you2.pl\/wp-content\/uploads\/2024\/12\/IECEx.png","type":"","width":"","height":""}],"twitter_card":"summary_large_image","twitter_misc":{"\u9884\u8ba1\u9605\u8bfb\u65f6\u95f4":"2 \u5206"},"schema":{"@context":"https:\/\/schema.org","@graph":[{"@type":"WebPage","@id":"https:\/\/icr.you2.pl\/iecex\/","url":"https:\/\/icr.you2.pl\/iecex\/","name":"IECEx - ICR POLAND - \u6d4b\u8bd5\u548c\u8ba4\u8bc1","isPartOf":{"@id":"https:\/\/icr.you2.pl\/#website"},"primaryImageOfPage":{"@id":"https:\/\/icr.you2.pl\/iecex\/#primaryimage"},"image":{"@id":"https:\/\/icr.you2.pl\/iecex\/#primaryimage"},"thumbnailUrl":"http:\/\/icr.you2.pl\/wp-content\/uploads\/2024\/12\/IECEx.png","datePublished":"2019-06-03T10:35:35+00:00","dateModified":"2024-12-10T13:51:36+00:00","breadcrumb":{"@id":"https:\/\/icr.you2.pl\/iecex\/#breadcrumb"},"inLanguage":"zh-Hans","potentialAction":[{"@type":"ReadAction","target":["https:\/\/icr.you2.pl\/iecex\/"]}]},{"@type":"ImageObject","inLanguage":"zh-Hans","@id":"https:\/\/icr.you2.pl\/iecex\/#primaryimage","url":"http:\/\/icr.you2.pl\/wp-content\/uploads\/2024\/12\/IECEx.png","contentUrl":"http:\/\/icr.you2.pl\/wp-content\/uploads\/2024\/12\/IECEx.png"},{"@type":"BreadcrumbList","@id":"https:\/\/icr.you2.pl\/iecex\/#breadcrumb","itemListElement":[{"@type":"ListItem","position":1,"name":"Strona g\u0142\u00f3wna","item":"https:\/\/icr.you2.pl\/"},{"@type":"ListItem","position":2,"name":"IECEx"}]},{"@type":"WebSite","@id":"https:\/\/icr.you2.pl\/#website","url":"https:\/\/icr.you2.pl\/","name":"ICR\u6ce2\u5170 - \u6d4b\u8bd5\u548c\u8ba4\u8bc1","description":"CE\u8ba4\u8bc1\u3001CE\u8bc1\u4e66\u3001ISO\u8bc1\u4e66\u3001RED\u6d4b\u8bd5\u3001\u4ea7\u54c1\u6d4b\u8bd5\u548c\u8ba4\u8bc1\u3001\u7535\u6c14\u4ea7\u54c1\u6d4b\u8bd5\u3001\u533b\u7597\u8bbe\u5907\u6d4b\u8bd5\u3001ATEX\u3001IECEx\u3001FCC\u3001\u4ea7\u54c1\u8ba4\u8bc1\u3001EMC\u6d4b\u8bd5\u3001\u673a\u68b0\u8ba4\u8bc1\u3001CE\u673a\u5668\u3001\u57f9\u8bad\u3001\u7535\u5b50\u4ea7\u54c1\u6d4b\u8bd5\u30012014\/53\/EU\u6d4b\u8bd5\u3001\u65e0\u4eba\u673a\u8ba4\u8bc1\u3001ISO 13485\u8bc1\u4e66\u3001ISO 9001\u8bc1\u4e66\u3001NC RfG","publisher":{"@id":"https:\/\/icr.you2.pl\/#\/schema\/person\/944799c9e2f4a94662e3fcb3b1544baf"},"potentialAction":[{"@type":"SearchAction","target":{"@type":"EntryPoint","urlTemplate":"https:\/\/icr.you2.pl\/?s={search_term_string}"},"query-input":{"@type":"PropertyValueSpecification","valueRequired":true,"valueName":"search_term_string"}}],"inLanguage":"zh-Hans"},{"@type":["Person","Organization"],"@id":"https:\/\/icr.you2.pl\/#\/schema\/person\/944799c9e2f4a94662e3fcb3b1544baf","name":"\u7ba1\u7406\u5458","image":{"@type":"ImageObject","inLanguage":"zh-Hans","@id":"https:\/\/icr.you2.pl\/#\/schema\/person\/image\/","url":"https:\/\/icr.you2.pl\/wp-content\/uploads\/2019\/05\/cropped-logo-icr.32f04ad5-1-1.png","contentUrl":"https:\/\/icr.you2.pl\/wp-content\/uploads\/2019\/05\/cropped-logo-icr.32f04ad5-1-1.png","width":400,"height":148,"caption":"admin"},"logo":{"@id":"https:\/\/icr.you2.pl\/#\/schema\/person\/image\/"}}]}},"_links":{"self":[{"href":"https:\/\/icr.you2.pl\/cn\/wp-json\/wp\/v2\/pages\/2430","targetHints":{"allow":["GET"]}}],"collection":[{"href":"https:\/\/icr.you2.pl\/cn\/wp-json\/wp\/v2\/pages"}],"about":[{"href":"https:\/\/icr.you2.pl\/cn\/wp-json\/wp\/v2\/types\/page"}],"author":[{"embeddable":true,"href":"https:\/\/icr.you2.pl\/cn\/wp-json\/wp\/v2\/users\/1"}],"replies":[{"embeddable":true,"href":"https:\/\/icr.you2.pl\/cn\/wp-json\/wp\/v2\/comments?post=2430"}],"version-history":[{"count":0,"href":"https:\/\/icr.you2.pl\/cn\/wp-json\/wp\/v2\/pages\/2430\/revisions"}],"wp:attachment":[{"href":"https:\/\/icr.you2.pl\/cn\/wp-json\/wp\/v2\/media?parent=2430"}],"curies":[{"name":"wp","href":"https:\/\/api.w.org\/{rel}","templated":true}]}}