{"id":3528,"date":"2019-09-30T19:10:29","date_gmt":"2019-09-30T17:10:29","guid":{"rendered":"http:\/\/icrpolska.com\/?page_id=3528"},"modified":"2022-09-07T23:18:36","modified_gmt":"2022-09-07T21:18:36","slug":"certyfikacja-dronow","status":"publish","type":"page","link":"https:\/\/icr.you2.pl\/cn\/certyfikacja-wyrobow\/certyfikacja-dronow\/","title":{"rendered":"DRON\u8ba4\u8bc1"},"content":{"rendered":"<p><a href=\"http:\/\/icr.you2.pl\/wp-content\/uploads\/2019\/06\/Program-oceny-zgodno\u015bci-w-zakresie-ATEX.pdf\" target=\"_blank\" rel=\"noopener noreferrer\"><img decoding=\"async\" class=\"alignnone wp-image-2679\" src=\"http:\/\/icr.you2.pl\/wp-content\/uploads\/2019\/06\/adobe.jpg\" alt=\"\" width=\"20\" height=\"21\" srcset=\"https:\/\/icr.you2.pl\/wp-content\/uploads\/2019\/06\/adobe.jpg 218w, https:\/\/icr.you2.pl\/wp-content\/uploads\/2019\/06\/adobe-150x150.jpg 150w\" sizes=\"(max-width: 20px) 100vw, 20px\" \/><\/a><a href=\"http:\/\/icr.you2.pl\/wp-content\/uploads\/2022\/02\/PC-P-07-09-2.pdf\" target=\"_blank\" rel=\"noopener noreferrer\" data-wp-editing=\"1\"> BSP\/DRON\u7684\u7b26\u5408\u6027\u8bc4\u4f30\u65b9\u6848\uff08\uff08\u6b27\u76df\uff092019\/945\uff09\u3002<\/a> + <a href=\"http:\/\/icr.you2.pl\/wp-content\/uploads\/2022\/01\/F-P-07-38-1.pdf\" target=\"_blank\" rel=\"noopener noreferrer\">\u6280\u672f\u89c4\u683c\u6e05\u5355<\/a><\/p>\n<p>\u4e3a\u4e86\u6ee1\u8db3\u5236\u9020\u5546\u3001\u8fdb\u53e3\u5546\u548c\u7528\u6237\u7684\u9700\u6c42\uff0cICR Polska Sp. z o.o.\u5bf9\u65e0\u4eba\u9a7e\u9a76\u822a\u7a7a\u5668\uff08DRON\uff09\u8fdb\u884c\u81ea\u613f\u7684\u5408\u683c\u8bc4\u4f30\u548c\u8ba4\u8bc1\u3002\u76ee\u524d\uff0cDRON\u8ba4\u8bc1\u4ecd\u7136\u662f\u81ea\u613f\u7684\uff0c\u4f46\u4ece\u672a\u6765\u6765\u770b\uff0c\u5b83\u5c06\u4f7f\u83b7\u5f97\u7531\u6b27\u76df\u6307\u5b9a\u673a\u6784\u9881\u53d1\u7684\u5f3a\u5236\u6027\u8bc1\u4e66\u53d8\u5f97\u66f4\u52a0\u5bb9\u6613\u3002<\/p>\n<p class=\"translation-block\">\u65b0\u7684\u6b27\u76df\u59d4\u5458\u4f1a\u7b2c<a href=\"https:\/\/eur-lex.europa.eu\/legal-content\/PL\/TXT\/PDF\/?uri=CELEX:32019R0945&amp;from=PL\" target=\"_self\" rel=\"noopener noreferrer\">2019\/945<\/a>\u53f7\u6388\u6743\u6761\u4f8b\u81ea2019\u5e747\u67081\u65e5\u8d77\u751f\u6548\uff0c\u6d89\u53ca\u65e0\u4eba\u9a7e\u9a76\u822a\u7a7a\u5668\u7cfb\u7edf\u548c\u6765\u81ea\u7b2c\u4e09\u56fd\u7684\u65e0\u4eba\u9a7e\u9a76\u822a\u7a7a\u5668\u7cfb\u7edf\u7684\u8fd0\u8425\u5546\u3002\u8be5\u6761\u4f8b\u5f15\u5165\u4e86\u9002\u7528\u4e8e\u6309\u7167\u6b27\u76df\u59d4\u5458\u4f1a2019\u5e745\u670824\u65e5\u5173\u4e8e\u65e0\u4eba\u9a7e\u9a76\u98de\u884c\u5668\u8fd0\u884c\u89c4\u5219\u548c\u7a0b\u5e8f\u7684\u7b2c<a href=\"https:\/\/eur-lex.europa.eu\/legal-content\/PL\/TXT\/PDF\/?uri=CELEX:32019R0947&amp;from=PL\" target=\"_self\" rel=\"noopener noreferrer\">2019\/947<\/a>\u53f7\u5b9e\u65bd\u6761\u4f8b\u4e2d\u89c4\u5b9a\u7684\u539f\u5219\u8fd0\u884c\u7684\u65e0\u4eba\u9a7e\u9a76\u98de\u884c\u5668\u7684\u57fa\u672c\u6280\u672f\u8981\u6c42\u3002\u4e0e\u5176\u4ed6\u65b0\u529e\u6cd5\u6307\u4ee4\u7684\u60c5\u51b5\u4e00\u6837\uff0c\u8be5\u59d4\u6258\u6761\u4f8b\u89c4\u8303\u4e86\u6267\u884c\u6240\u8c13\u5f00\u653e\u7c7b\u522b\u64cd\u4f5c\u7684\u65e0\u4eba\u9a7e\u9a76\u98de\u884c\u5668\uff08DRONs\uff09\u7684\u8bbe\u8ba1\u3001\u751f\u4ea7\u548c\u5728\u6b27\u76df\u5185\u90e8\u5e02\u573a\u7684\u6295\u653e\uff0c\u5373\u6267\u884c\u98ce\u9669\u7a0b\u5ea6\u6700\u4f4e\u7684\u64cd\u4f5c\u3002\u968f\u7740\u4e0a\u8ff0\u6280\u672f\u8981\u6c42\u7684\u5f15\u5165\uff0c\u5f00\u653e\u7c7b\u522b\u7684DRONs\u4e5f\u5c06\u53d7\u5230\u76d1\u7763\uff0c\u5176\u673a\u5236\u5728\u6ce2\u5170\u75312016\u5e744\u670813\u65e5\u7684<a href=\"http:\/\/isap.sejm.gov.pl\/isap.nsf\/download.xsp\/WDU20190000544\/O\/D20190544.pdf\" target=\"_self\" rel=\"noopener noreferrer\">\u5408\u683c\u8bc4\u4f30\u548c\u5e02\u573a\u76d1\u7763\u7cfb\u7edf\u6cd5<\/a>\u89c4\u8303\u3002<\/p>\n<p class=\"translation-block\">\u6839\u636e\u8be5\u884c\u653f\u547d\u4ee4\uff0c\u57282022\u5e747\u67081\u65e5\u4e4b\u524d\u6295\u653e\u5e02\u573a\u7684\u67d0\u4e9b\u65e0\u4eba\u673a\u5982\u679c\u4e0d\u7b26\u5408\u6388\u6743\u6761\u4f8b\u7684\u89c4\u5b9a\uff0c\u4ecd\u5c06\u88ab\u5141\u8bb8\u6309\u7167<a href=\"https:\/\/eur-lex.europa.eu\/legal-content\/PL\/TXT\/PDF\/?uri=CELEX:32019R0947&amp;from=PL\" target=\"_self\">\u884c\u653f\u547d\u4ee4<\/a>\u7b2c20\u6761\u89c4\u5b9a\u7684\u5177\u4f53\u89c4\u5219\u8fd0\u884c\u3002<\/p>\n<p class=\"translation-block\">\u8be5\u6388\u6743\u6761\u4f8b\u89c4\u5b9a\u4e86\u5728\u6b27\u76df\u5185\u90e8\u5e02\u573a\u4e0a\u6295\u653e\u548c\u5728\u6b27\u76df\u5185\u90e8\u81ea\u7531\u6d41\u52a8\u7684\u7528\u4e8e\u516c\u5f00\u7c7b\u522b\u64cd\u4f5c\u7684\u65e0\u4eba\u9a7e\u9a76\u822a\u7a7a\u7cfb\u7edf\u7684\u89c4\u5219\u3002\u8fd9\u4e9b\u89c4\u5219\u4e3b\u8981\u6d89\u53ca\u5236\u9020\u5546\u7684\u4e49\u52a1\uff0c\u5373\u5bf9BSP\u8fdb\u884c\u4ea7\u54c1\u7b26\u5408\u6027\u8bc4\u4f30\uff08\u5373\u5bf9BSP\u7684\u8bc4\u4f30\uff09\uff0c\u4ee5\u7b26\u5408\u6388\u6743\u6761\u4f8b\u9644\u4ef6\u548c\u76f8\u5173\u534f\u8c03\u6807\u51c6\u4e2d\u8be6\u7ec6\u89c4\u5b9a\u7684\u8981\u6c42\u3002\u56e0\u6b64\uff0c\u5728\u5f00\u653e\u7c7b\u522b\u4e2d\u8fd0\u8425\u7684BSP\u5fc5\u987b\u5177\u5907\uff1a<br>\u3002\n- \u6280\u672f\u6587\u4ef6\uff0c<br>\u3002\n- \u5236\u9020\u5546\u7684\u7b26\u5408\u6027\u58f0\u660e\uff08\u5728\u7b26\u5408\u6027\u8bc4\u4f30\u7684\u57fa\u7840\u4e0a\u53d1\u5e03\uff09\uff0c<br>\u3002\n- \u4ea7\u54c1\u6807\u5fd7\uff08CE\uff09\u3002<\/p>\n<p>\u4e0e\u5176\u4ed6\u6b27\u76df\u6307\u4ee4\u4e00\u6837\uff0c\u5236\u9020\u5546\u5728\u5c06\u4ea7\u54c1\u6295\u653e\u5230\u5546\u4e1a\u5e02\u573a\u4e4b\u524d\u80fd\u591f\u8bc4\u4f30\u4ea7\u54c1\u7b26\u5408\u6027\u7684\u4e00\u4e9b\u7a0b\u5e8f\u5c06\u5305\u62ec--\u6839\u636e2019\/945\u53f7\u6761\u4f8b--\u8ba4\u8bc1\uff0c\u5373\u7531\u7b2c\u4e09\u65b9\uff08\u901a\u77e5\u673a\u6784\uff09\u8fdb\u884c\u7b26\u5408\u6027\u8bc4\u4f30\u3002<\/p>\n<p><strong>\u60a8\u4eca\u5929\u5c31\u53ef\u4ee5\u5728ICR Polska\u6709\u9650\u516c\u53f8\u5bf9\u60a8\u7684DRON\u8fdb\u884c\u8ba4\u8bc1\u3002<\/strong><\/p>\n<p><img decoding=\"async\" class=\"alignnone wp-image-3362\" src=\"http:\/\/icr.you2.pl\/wp-content\/uploads\/2019\/06\/Email-icon-e1560506652454.png\" alt=\"\" width=\"28\" height=\"20\" \/> <a href=\"mailto:icrpolska@icrqa.com?subject=DRON%20Certificate&amp;body=I%20plan%20to%20certificate%20DRON.%0APlease,%20contact%20me%20to%20more%20information.%0A\">\u8054\u7cfbICR\u6ce2\u5170<\/a><\/p>\n<p>\u8981\u505a\u5230\u81f3\u5c11\u6bd4\u7ade\u4e89\u5bf9\u624b\u9886\u5148\u4e00\u6b65\u3002<\/p>","protected":false},"excerpt":{"rendered":"<p>\u4e3a\u6ee1\u8db3\u5236\u9020\u5546\u3001\u8fdb\u53e3\u5546\u548c\u7528\u6237\u7684\u9700\u6c42\uff0cICR Polska Sp. z o.o.\u6b63\u5728\u5bf9\u65e0\u4eba\u9a7e\u9a76\u98de\u884c\u5668\uff08DRON\uff09\u8fdb\u884c\u81ea\u613f\u6027\u5408\u683c\u8bc4\u5b9a\u548c\u8ba4\u8bc1\u3002\u76ee\u524d\uff0c\u65e0\u4eba\u9a7e\u9a76\u98de\u884c\u5668\u8ba4\u8bc1\u4ecd\u7136\u662f\u81ea\u613f\u6027\u7684\uff0c\u4f46\u4ece\u957f\u8fdc\u6765\u770b\uff0c\u672a\u6765\u83b7\u5f97\u7531\u6307\u5b9a\u673a\u6784\u9881\u53d1\u7684\u5f3a\u5236\u6027\u8bc1\u4e66\u5c06\u53d8\u5f97\u66f4\u52a0\u5bb9\u6613....\u3002&nbsp;<a href=\"https:\/\/icr.you2.pl\/cn\/certyfikacja-wyrobow\/certyfikacja-dronow\/\" rel=\"bookmark\">\u9605\u8bfb\u66f4\u591a \"<span class=\"screen-reader-text\">DRON\u8ba4\u8bc1<\/span><\/a><\/p>","protected":false},"author":2,"featured_media":0,"parent":211,"menu_order":0,"comment_status":"closed","ping_status":"closed","template":"","meta":{"neve_meta_sidebar":"","neve_meta_container":"","neve_meta_enable_content_width":"off","neve_meta_content_width":70,"neve_meta_title_alignment":"","neve_meta_author_avatar":"","neve_post_elements_order":"","neve_meta_disable_header":"","neve_meta_disable_footer":"","neve_meta_disable_title":"","footnotes":""},"class_list":["post-3528","page","type-page","status-publish","hentry"],"yoast_head":"<!-- This site is optimized with the Yoast SEO plugin v26.8 - https:\/\/yoast.com\/product\/yoast-seo-wordpress\/ -->\n<title>Certyfikacja DRON\u00f3w - ICR POLSKA - badania i certyfikacja<\/title>\n<meta name=\"robots\" content=\"index, follow, max-snippet:-1, max-image-preview:large, max-video-preview:-1\" \/>\n<link rel=\"canonical\" href=\"https:\/\/icr.you2.pl\/cn\/certyfikacja-wyrobow\/certyfikacja-dronow\/\" \/>\n<meta property=\"og:locale\" content=\"zh_CN\" \/>\n<meta property=\"og:type\" content=\"article\" \/>\n<meta property=\"og:title\" content=\"Certyfikacja DRON\u00f3w - ICR POLSKA - badania i certyfikacja\" \/>\n<meta property=\"og:description\" content=\"Program oceny zgodno\u015bci w zakresie BSP\/DRON ((UE) 2019\/945) + lista specyfikacji technicznych ICR Polska Sp. z o.o. wychodz\u0105c naprzeciw potrzebom producent\u00f3w, importer\u00f3w i u\u017cytkownik\u00f3w prowadzi dobrowoln\u0105 ocen\u0119 zgodno\u015bci i certyfikacj\u0119 Bezza\u0142ogowych Statk\u00f3w Powietrznych (DRON). W tej chwili certyfikacja DRON\u00f3w jest jeszcze dobrowolna, ale perspektywicznie znacznie u\u0142atwi w przysz\u0142o\u015bci uzyskanie obowi\u0105zkowego certyfikatu wydanego przez Jednostk\u0119 Notyfikowan\u0105&hellip;&nbsp;\u9605\u8bfb\u66f4\u591a &raquo;Certyfikacja DRON\u00f3w\" \/>\n<meta property=\"og:url\" content=\"https:\/\/icr.you2.pl\/cn\/certyfikacja-wyrobow\/certyfikacja-dronow\/\" \/>\n<meta property=\"og:site_name\" content=\"ICR POLSKA - badania i certyfikacja\" \/>\n<meta property=\"article:modified_time\" content=\"2022-09-07T21:18:36+00:00\" \/>\n<meta property=\"og:image\" content=\"http:\/\/icr.you2.pl\/wp-content\/uploads\/2019\/06\/adobe.jpg\" \/>\n<meta name=\"twitter:card\" content=\"summary_large_image\" \/>\n<meta name=\"twitter:label1\" content=\"\u9884\u8ba1\u9605\u8bfb\u65f6\u95f4\" \/>\n\t<meta name=\"twitter:data1\" content=\"3 \u5206\" \/>\n<script type=\"application\/ld+json\" class=\"yoast-schema-graph\">{\"@context\":\"https:\/\/schema.org\",\"@graph\":[{\"@type\":\"WebPage\",\"@id\":\"https:\/\/icr.you2.pl\/certyfikacja-wyrobow\/certyfikacja-dronow\/\",\"url\":\"https:\/\/icr.you2.pl\/certyfikacja-wyrobow\/certyfikacja-dronow\/\",\"name\":\"Certyfikacja DRON\u00f3w - ICR POLSKA - badania i certyfikacja\",\"isPartOf\":{\"@id\":\"https:\/\/icr.you2.pl\/#website\"},\"primaryImageOfPage\":{\"@id\":\"https:\/\/icr.you2.pl\/certyfikacja-wyrobow\/certyfikacja-dronow\/#primaryimage\"},\"image\":{\"@id\":\"https:\/\/icr.you2.pl\/certyfikacja-wyrobow\/certyfikacja-dronow\/#primaryimage\"},\"thumbnailUrl\":\"http:\/\/icr.you2.pl\/wp-content\/uploads\/2019\/06\/adobe.jpg\",\"datePublished\":\"2019-09-30T17:10:29+00:00\",\"dateModified\":\"2022-09-07T21:18:36+00:00\",\"breadcrumb\":{\"@id\":\"https:\/\/icr.you2.pl\/certyfikacja-wyrobow\/certyfikacja-dronow\/#breadcrumb\"},\"inLanguage\":\"zh-Hans\",\"potentialAction\":[{\"@type\":\"ReadAction\",\"target\":[\"https:\/\/icr.you2.pl\/certyfikacja-wyrobow\/certyfikacja-dronow\/\"]}]},{\"@type\":\"ImageObject\",\"inLanguage\":\"zh-Hans\",\"@id\":\"https:\/\/icr.you2.pl\/certyfikacja-wyrobow\/certyfikacja-dronow\/#primaryimage\",\"url\":\"http:\/\/icr.you2.pl\/wp-content\/uploads\/2019\/06\/adobe.jpg\",\"contentUrl\":\"http:\/\/icr.you2.pl\/wp-content\/uploads\/2019\/06\/adobe.jpg\"},{\"@type\":\"BreadcrumbList\",\"@id\":\"https:\/\/icr.you2.pl\/certyfikacja-wyrobow\/certyfikacja-dronow\/#breadcrumb\",\"itemListElement\":[{\"@type\":\"ListItem\",\"position\":1,\"name\":\"Strona g\u0142\u00f3wna\",\"item\":\"https:\/\/icr.you2.pl\/\"},{\"@type\":\"ListItem\",\"position\":2,\"name\":\"Certyfikacja wyrob\u00f3w\",\"item\":\"https:\/\/icr.you2.pl\/en\/certyfikacja-wyrobow\/\"},{\"@type\":\"ListItem\",\"position\":3,\"name\":\"Certyfikacja DRON\u00f3w\"}]},{\"@type\":\"WebSite\",\"@id\":\"https:\/\/icr.you2.pl\/#website\",\"url\":\"https:\/\/icr.you2.pl\/\",\"name\":\"ICR POLSKA - badania i certyfikacja\",\"description\":\"CE certification, CE certificate, ISO certificate, RED testing, product testing and certification, electrical product testing, medical device testing, ATEX, IECEx, FCC, product certification, EMC testing, machinery certification, CE machines, training, electronic product testing, testing 2014\/53\/EU, drone certification, ISO 13485 certificate, ISO 9001 certificate, NC RfG\",\"publisher\":{\"@id\":\"https:\/\/icr.you2.pl\/#\/schema\/person\/944799c9e2f4a94662e3fcb3b1544baf\"},\"potentialAction\":[{\"@type\":\"SearchAction\",\"target\":{\"@type\":\"EntryPoint\",\"urlTemplate\":\"https:\/\/icr.you2.pl\/?s={search_term_string}\"},\"query-input\":{\"@type\":\"PropertyValueSpecification\",\"valueRequired\":true,\"valueName\":\"search_term_string\"}}],\"inLanguage\":\"zh-Hans\"},{\"@type\":[\"Person\",\"Organization\"],\"@id\":\"https:\/\/icr.you2.pl\/#\/schema\/person\/944799c9e2f4a94662e3fcb3b1544baf\",\"name\":\"admin\",\"image\":{\"@type\":\"ImageObject\",\"inLanguage\":\"zh-Hans\",\"@id\":\"https:\/\/icr.you2.pl\/#\/schema\/person\/image\/\",\"url\":\"https:\/\/icr.you2.pl\/wp-content\/uploads\/2019\/05\/cropped-logo-icr.32f04ad5-1-1.png\",\"contentUrl\":\"https:\/\/icr.you2.pl\/wp-content\/uploads\/2019\/05\/cropped-logo-icr.32f04ad5-1-1.png\",\"width\":400,\"height\":148,\"caption\":\"admin\"},\"logo\":{\"@id\":\"https:\/\/icr.you2.pl\/#\/schema\/person\/image\/\"}}]}<\/script>\n<!-- \/ Yoast SEO plugin. -->","yoast_head_json":{"title":"\u65e0\u4eba\u673a\u8ba4\u8bc1 - ICR \u6ce2\u5170 - \u6d4b\u8bd5\u548c\u8ba4\u8bc1","robots":{"index":"index","follow":"follow","max-snippet":"max-snippet:-1","max-image-preview":"max-image-preview:large","max-video-preview":"max-video-preview:-1"},"canonical":"https:\/\/icr.you2.pl\/cn\/certyfikacja-wyrobow\/certyfikacja-dronow\/","og_locale":"zh_CN","og_type":"article","og_title":"Certyfikacja DRON\u00f3w - ICR POLSKA - badania i certyfikacja","og_description":"Program oceny zgodno\u015bci w zakresie BSP\/DRON ((UE) 2019\/945) + lista specyfikacji technicznych ICR Polska Sp. z o.o. wychodz\u0105c naprzeciw potrzebom producent\u00f3w, importer\u00f3w i u\u017cytkownik\u00f3w prowadzi dobrowoln\u0105 ocen\u0119 zgodno\u015bci i certyfikacj\u0119 Bezza\u0142ogowych Statk\u00f3w Powietrznych (DRON). W tej chwili certyfikacja DRON\u00f3w jest jeszcze dobrowolna, ale perspektywicznie znacznie u\u0142atwi w przysz\u0142o\u015bci uzyskanie obowi\u0105zkowego certyfikatu wydanego przez Jednostk\u0119 Notyfikowan\u0105&hellip;&nbsp;\u9605\u8bfb\u66f4\u591a &raquo;Certyfikacja DRON\u00f3w","og_url":"https:\/\/icr.you2.pl\/cn\/certyfikacja-wyrobow\/certyfikacja-dronow\/","og_site_name":"ICR POLSKA - badania i certyfikacja","article_modified_time":"2022-09-07T21:18:36+00:00","og_image":[{"url":"http:\/\/icr.you2.pl\/wp-content\/uploads\/2019\/06\/adobe.jpg","type":"","width":"","height":""}],"twitter_card":"summary_large_image","twitter_misc":{"\u9884\u8ba1\u9605\u8bfb\u65f6\u95f4":"3 \u5206"},"schema":{"@context":"https:\/\/schema.org","@graph":[{"@type":"WebPage","@id":"https:\/\/icr.you2.pl\/certyfikacja-wyrobow\/certyfikacja-dronow\/","url":"https:\/\/icr.you2.pl\/certyfikacja-wyrobow\/certyfikacja-dronow\/","name":"\u65e0\u4eba\u673a\u8ba4\u8bc1 - ICR \u6ce2\u5170 - \u6d4b\u8bd5\u548c\u8ba4\u8bc1","isPartOf":{"@id":"https:\/\/icr.you2.pl\/#website"},"primaryImageOfPage":{"@id":"https:\/\/icr.you2.pl\/certyfikacja-wyrobow\/certyfikacja-dronow\/#primaryimage"},"image":{"@id":"https:\/\/icr.you2.pl\/certyfikacja-wyrobow\/certyfikacja-dronow\/#primaryimage"},"thumbnailUrl":"http:\/\/icr.you2.pl\/wp-content\/uploads\/2019\/06\/adobe.jpg","datePublished":"2019-09-30T17:10:29+00:00","dateModified":"2022-09-07T21:18:36+00:00","breadcrumb":{"@id":"https:\/\/icr.you2.pl\/certyfikacja-wyrobow\/certyfikacja-dronow\/#breadcrumb"},"inLanguage":"zh-Hans","potentialAction":[{"@type":"ReadAction","target":["https:\/\/icr.you2.pl\/certyfikacja-wyrobow\/certyfikacja-dronow\/"]}]},{"@type":"ImageObject","inLanguage":"zh-Hans","@id":"https:\/\/icr.you2.pl\/certyfikacja-wyrobow\/certyfikacja-dronow\/#primaryimage","url":"http:\/\/icr.you2.pl\/wp-content\/uploads\/2019\/06\/adobe.jpg","contentUrl":"http:\/\/icr.you2.pl\/wp-content\/uploads\/2019\/06\/adobe.jpg"},{"@type":"BreadcrumbList","@id":"https:\/\/icr.you2.pl\/certyfikacja-wyrobow\/certyfikacja-dronow\/#breadcrumb","itemListElement":[{"@type":"ListItem","position":1,"name":"Strona g\u0142\u00f3wna","item":"https:\/\/icr.you2.pl\/"},{"@type":"ListItem","position":2,"name":"Certyfikacja wyrob\u00f3w","item":"https:\/\/icr.you2.pl\/en\/certyfikacja-wyrobow\/"},{"@type":"ListItem","position":3,"name":"Certyfikacja DRON\u00f3w"}]},{"@type":"WebSite","@id":"https:\/\/icr.you2.pl\/#website","url":"https:\/\/icr.you2.pl\/","name":"ICR\u6ce2\u5170 - \u6d4b\u8bd5\u548c\u8ba4\u8bc1","description":"CE\u8ba4\u8bc1\u3001CE\u8bc1\u4e66\u3001ISO\u8bc1\u4e66\u3001RED\u6d4b\u8bd5\u3001\u4ea7\u54c1\u6d4b\u8bd5\u548c\u8ba4\u8bc1\u3001\u7535\u6c14\u4ea7\u54c1\u6d4b\u8bd5\u3001\u533b\u7597\u8bbe\u5907\u6d4b\u8bd5\u3001ATEX\u3001IECEx\u3001FCC\u3001\u4ea7\u54c1\u8ba4\u8bc1\u3001EMC\u6d4b\u8bd5\u3001\u673a\u68b0\u8ba4\u8bc1\u3001CE\u673a\u5668\u3001\u57f9\u8bad\u3001\u7535\u5b50\u4ea7\u54c1\u6d4b\u8bd5\u30012014\/53\/EU\u6d4b\u8bd5\u3001\u65e0\u4eba\u673a\u8ba4\u8bc1\u3001ISO 13485\u8bc1\u4e66\u3001ISO 9001\u8bc1\u4e66\u3001NC RfG","publisher":{"@id":"https:\/\/icr.you2.pl\/#\/schema\/person\/944799c9e2f4a94662e3fcb3b1544baf"},"potentialAction":[{"@type":"SearchAction","target":{"@type":"EntryPoint","urlTemplate":"https:\/\/icr.you2.pl\/?s={search_term_string}"},"query-input":{"@type":"PropertyValueSpecification","valueRequired":true,"valueName":"search_term_string"}}],"inLanguage":"zh-Hans"},{"@type":["Person","Organization"],"@id":"https:\/\/icr.you2.pl\/#\/schema\/person\/944799c9e2f4a94662e3fcb3b1544baf","name":"\u7ba1\u7406\u5458","image":{"@type":"ImageObject","inLanguage":"zh-Hans","@id":"https:\/\/icr.you2.pl\/#\/schema\/person\/image\/","url":"https:\/\/icr.you2.pl\/wp-content\/uploads\/2019\/05\/cropped-logo-icr.32f04ad5-1-1.png","contentUrl":"https:\/\/icr.you2.pl\/wp-content\/uploads\/2019\/05\/cropped-logo-icr.32f04ad5-1-1.png","width":400,"height":148,"caption":"admin"},"logo":{"@id":"https:\/\/icr.you2.pl\/#\/schema\/person\/image\/"}}]}},"_links":{"self":[{"href":"https:\/\/icr.you2.pl\/cn\/wp-json\/wp\/v2\/pages\/3528","targetHints":{"allow":["GET"]}}],"collection":[{"href":"https:\/\/icr.you2.pl\/cn\/wp-json\/wp\/v2\/pages"}],"about":[{"href":"https:\/\/icr.you2.pl\/cn\/wp-json\/wp\/v2\/types\/page"}],"author":[{"embeddable":true,"href":"https:\/\/icr.you2.pl\/cn\/wp-json\/wp\/v2\/users\/2"}],"replies":[{"embeddable":true,"href":"https:\/\/icr.you2.pl\/cn\/wp-json\/wp\/v2\/comments?post=3528"}],"version-history":[{"count":0,"href":"https:\/\/icr.you2.pl\/cn\/wp-json\/wp\/v2\/pages\/3528\/revisions"}],"up":[{"embeddable":true,"href":"https:\/\/icr.you2.pl\/cn\/wp-json\/wp\/v2\/pages\/211"}],"wp:attachment":[{"href":"https:\/\/icr.you2.pl\/cn\/wp-json\/wp\/v2\/media?parent=3528"}],"curies":[{"name":"wp","href":"https:\/\/api.w.org\/{rel}","templated":true}]}}