{"id":4015,"date":"2020-10-28T20:22:01","date_gmt":"2020-10-28T19:22:01","guid":{"rendered":"https:\/\/icrpolska.com\/?page_id=4015"},"modified":"2023-02-20T11:27:09","modified_gmt":"2023-02-20T10:27:09","slug":"voc","status":"publish","type":"page","link":"https:\/\/icr.you2.pl\/cn\/voc\/","title":{"rendered":"\u8bed\u97f3"},"content":{"rendered":"<p>\u7b26\u5408\u6027\u9a8c\u8bc1(VoC)\u662f\u4e00\u9879\u4e0d\u6784\u6210\u8ba4\u53ef\u548c\u901a\u77e5\u7684\u4e00\u90e8\u5206\u7684\u670d\u52a1\uff0c\u4e0eICR Polska Sp. z o.o.\u5728\u8be5\u9886\u57df\u5f00\u5c55\u7684\u6d3b\u52a8\u65e0\u5173\uff08\u4e0d\u5305\u62ec\u5728\u7efc\u5408\u7ba1\u7406\u7cfb\u7edf\u5185\uff09\u3002<\/p>\n<p>\u9075\u5b88\u89c4\u5b9a\u7684\u6838\u67e5\u5de5\u4f5c\u53ef\u5305\u62ec\uff1a<\/p>\n<ul>\n<li>\u6838\u5b9e\u6280\u672f\u6587\u4ef6\uff0c\u4ee5\u4fbf\u5728\u6b27\u76df\u5e02\u573a\u6216\u5176\u4ed6\u7ecf\u6d4e\/\u5546\u4e1a\u7a7a\u95f4\u63a8\u51fa\u4ea7\u54c1<\/li>\n<li>\u6838\u67e5\u662f\u5426\u7b26\u5408\u6280\u672f\u6807\u51c6\/\u89c4\u8303\u548c\u6761\u4f8b\u7684\u57fa\u672c\u8981\u6c42<\/li>\n<li>\u6838\u5b9e\u6280\u672f\u6587\u4ef6\uff0c\u5e76\u6838\u5b9e\u6d4b\u8bd5\u62a5\u544a\uff0c\u4ee5\u7b7e\u53d1\u7b26\u5408\u6027\u58f0\u660e<\/li>\n<\/ul>\n<p>&nbsp;<\/p>\n<p><a href=\"http:\/\/icr.you2.pl\/cn\/2022\/11\/05\/xi-2022-2\/\">\u8be6\u7ec6\u5185\u5bb9<\/a> \u670d\u52a1\u662f\u5728\u586b\u5199\u4ee5\u4e0b\u7533\u8bf7\u8868\u65f6\u4e0e\u7533\u8bf7\u4eba\u4e2a\u522b\u5546\u5b9a\u7684\u3002<\/p>\n<p><img decoding=\"async\" class=\"alignnone wp-image-2678\" src=\"http:\/\/icr.you2.pl\/wp-content\/uploads\/2019\/06\/word.jpg\" alt=\"\" width=\"20\" height=\"20\" srcset=\"https:\/\/icr.you2.pl\/wp-content\/uploads\/2019\/06\/word.jpg 208w, https:\/\/icr.you2.pl\/wp-content\/uploads\/2019\/06\/word-150x150.jpg 150w\" sizes=\"(max-width: 20px) 100vw, 20px\" \/> <a href=\"http:\/\/icr.you2.pl\/wp-content\/uploads\/2023\/02\/VoC_Application_2.01_02.01.2023.docx\">\u8981\u6c42\u6838\u67e5\u9075\u5b88\u60c5\u51b5\u3002<\/a><\/p>","protected":false},"excerpt":{"rendered":"<p>\u7b26\u5408\u6027\u9a8c\u8bc1\uff08Verification of Conformity - VoC\uff09\u662f\u4e00\u9879\u670d\u52a1\uff0c\u4e0d\u5c5e\u4e8e\u6388\u4e88\u7684\u8ba4\u8bc1\u548c\u901a\u77e5\u7684\u4e00\u90e8\u5206\uff0c\u4e5f\u4e0e ICR Polska Sp.\u5408\u89c4\u6027\u6838\u67e5\u53ef\u5305\u62ec\u9a8c\u8bc1\u6280\u672f\u6587\u4ef6\uff0c\u4ee5\u4fbf\u5c06\u4ea7\u54c1\u5f15\u5165\u6b27\u76df\u5e02\u573a\u6216\u5176\u4ed6\u5e02\u573a\u3002&nbsp;<a href=\"https:\/\/icr.you2.pl\/cn\/voc\/\" rel=\"bookmark\">\u9605\u8bfb\u66f4\u591a \"<span class=\"screen-reader-text\">\u8bed\u97f3<\/span><\/a><\/p>","protected":false},"author":2,"featured_media":0,"parent":0,"menu_order":0,"comment_status":"closed","ping_status":"closed","template":"","meta":{"neve_meta_sidebar":"","neve_meta_container":"","neve_meta_enable_content_width":"off","neve_meta_content_width":70,"neve_meta_title_alignment":"","neve_meta_author_avatar":"","neve_post_elements_order":"","neve_meta_disable_header":"","neve_meta_disable_footer":"","neve_meta_disable_title":"","footnotes":""},"class_list":["post-4015","page","type-page","status-publish","hentry"],"yoast_head":"<!-- This site is optimized with the Yoast SEO plugin v26.8 - https:\/\/yoast.com\/product\/yoast-seo-wordpress\/ -->\n<title>VoC - ICR POLSKA - badania i certyfikacja<\/title>\n<meta name=\"robots\" content=\"index, follow, max-snippet:-1, max-image-preview:large, max-video-preview:-1\" \/>\n<link rel=\"canonical\" href=\"https:\/\/icr.you2.pl\/cn\/voc\/\" \/>\n<meta property=\"og:locale\" content=\"zh_CN\" \/>\n<meta property=\"og:type\" content=\"article\" \/>\n<meta property=\"og:title\" content=\"VoC - ICR POLSKA - badania i certyfikacja\" \/>\n<meta property=\"og:description\" content=\"Weryfikacja zgodno\u015bci (Verification of Conformity &#8211; VoC) to us\u0142uga nie wchodz\u0105ca w sk\u0142ad udzielonej akredytacji i notyfikacji i nie ma zwi\u0105zku z prowadzon\u0105 przez ICR Polska Sp. z o.o. dzia\u0142alno\u015bci\u0105 w tym zakresie (nie jest obj\u0119ta zintegrowanym systemem zarz\u0105dzania). Weryfikacja zgodno\u015bci mo\u017ce obejmowa\u0107: Weryfikacj\u0119 dokumentacji technicznej pod k\u0105tem wprowadzenia wyrobu na rynek EU lub innej&hellip;&nbsp;\u9605\u8bfb\u66f4\u591a &raquo;VoC\" \/>\n<meta property=\"og:url\" content=\"https:\/\/icr.you2.pl\/cn\/voc\/\" \/>\n<meta property=\"og:site_name\" content=\"ICR POLSKA - badania i certyfikacja\" \/>\n<meta property=\"article:modified_time\" content=\"2023-02-20T10:27:09+00:00\" \/>\n<meta property=\"og:image\" content=\"http:\/\/icr.you2.pl\/wp-content\/uploads\/2019\/06\/word.jpg\" \/>\n<meta name=\"twitter:card\" content=\"summary_large_image\" \/>\n<meta name=\"twitter:label1\" content=\"\u9884\u8ba1\u9605\u8bfb\u65f6\u95f4\" \/>\n\t<meta name=\"twitter:data1\" content=\"1 \u5206\" \/>\n<script type=\"application\/ld+json\" class=\"yoast-schema-graph\">{\"@context\":\"https:\/\/schema.org\",\"@graph\":[{\"@type\":\"WebPage\",\"@id\":\"https:\/\/icr.you2.pl\/voc\/\",\"url\":\"https:\/\/icr.you2.pl\/voc\/\",\"name\":\"VoC - ICR POLSKA - badania i certyfikacja\",\"isPartOf\":{\"@id\":\"https:\/\/icr.you2.pl\/#website\"},\"primaryImageOfPage\":{\"@id\":\"https:\/\/icr.you2.pl\/voc\/#primaryimage\"},\"image\":{\"@id\":\"https:\/\/icr.you2.pl\/voc\/#primaryimage\"},\"thumbnailUrl\":\"http:\/\/icr.you2.pl\/wp-content\/uploads\/2019\/06\/word.jpg\",\"datePublished\":\"2020-10-28T19:22:01+00:00\",\"dateModified\":\"2023-02-20T10:27:09+00:00\",\"breadcrumb\":{\"@id\":\"https:\/\/icr.you2.pl\/voc\/#breadcrumb\"},\"inLanguage\":\"zh-Hans\",\"potentialAction\":[{\"@type\":\"ReadAction\",\"target\":[\"https:\/\/icr.you2.pl\/voc\/\"]}]},{\"@type\":\"ImageObject\",\"inLanguage\":\"zh-Hans\",\"@id\":\"https:\/\/icr.you2.pl\/voc\/#primaryimage\",\"url\":\"http:\/\/icr.you2.pl\/wp-content\/uploads\/2019\/06\/word.jpg\",\"contentUrl\":\"http:\/\/icr.you2.pl\/wp-content\/uploads\/2019\/06\/word.jpg\"},{\"@type\":\"BreadcrumbList\",\"@id\":\"https:\/\/icr.you2.pl\/voc\/#breadcrumb\",\"itemListElement\":[{\"@type\":\"ListItem\",\"position\":1,\"name\":\"Strona g\u0142\u00f3wna\",\"item\":\"https:\/\/icr.you2.pl\/\"},{\"@type\":\"ListItem\",\"position\":2,\"name\":\"VoC\"}]},{\"@type\":\"WebSite\",\"@id\":\"https:\/\/icr.you2.pl\/#website\",\"url\":\"https:\/\/icr.you2.pl\/\",\"name\":\"ICR POLSKA - badania i certyfikacja\",\"description\":\"CE certification, CE certificate, ISO certificate, RED testing, product testing and certification, electrical product testing, medical device testing, ATEX, IECEx, FCC, product certification, EMC testing, machinery certification, CE machines, training, electronic product testing, testing 2014\/53\/EU, drone certification, ISO 13485 certificate, ISO 9001 certificate, NC RfG\",\"publisher\":{\"@id\":\"https:\/\/icr.you2.pl\/#\/schema\/person\/944799c9e2f4a94662e3fcb3b1544baf\"},\"potentialAction\":[{\"@type\":\"SearchAction\",\"target\":{\"@type\":\"EntryPoint\",\"urlTemplate\":\"https:\/\/icr.you2.pl\/?s={search_term_string}\"},\"query-input\":{\"@type\":\"PropertyValueSpecification\",\"valueRequired\":true,\"valueName\":\"search_term_string\"}}],\"inLanguage\":\"zh-Hans\"},{\"@type\":[\"Person\",\"Organization\"],\"@id\":\"https:\/\/icr.you2.pl\/#\/schema\/person\/944799c9e2f4a94662e3fcb3b1544baf\",\"name\":\"admin\",\"image\":{\"@type\":\"ImageObject\",\"inLanguage\":\"zh-Hans\",\"@id\":\"https:\/\/icr.you2.pl\/#\/schema\/person\/image\/\",\"url\":\"https:\/\/icr.you2.pl\/wp-content\/uploads\/2019\/05\/cropped-logo-icr.32f04ad5-1-1.png\",\"contentUrl\":\"https:\/\/icr.you2.pl\/wp-content\/uploads\/2019\/05\/cropped-logo-icr.32f04ad5-1-1.png\",\"width\":400,\"height\":148,\"caption\":\"admin\"},\"logo\":{\"@id\":\"https:\/\/icr.you2.pl\/#\/schema\/person\/image\/\"}}]}<\/script>\n<!-- \/ Yoast SEO plugin. -->","yoast_head_json":{"title":"VoC - ICR POLAND - \u6d4b\u8bd5\u548c\u8ba4\u8bc1","robots":{"index":"index","follow":"follow","max-snippet":"max-snippet:-1","max-image-preview":"max-image-preview:large","max-video-preview":"max-video-preview:-1"},"canonical":"https:\/\/icr.you2.pl\/cn\/voc\/","og_locale":"zh_CN","og_type":"article","og_title":"VoC - ICR POLSKA - badania i certyfikacja","og_description":"Weryfikacja zgodno\u015bci (Verification of Conformity &#8211; VoC) to us\u0142uga nie wchodz\u0105ca w sk\u0142ad udzielonej akredytacji i notyfikacji i nie ma zwi\u0105zku z prowadzon\u0105 przez ICR Polska Sp. z o.o. dzia\u0142alno\u015bci\u0105 w tym zakresie (nie jest obj\u0119ta zintegrowanym systemem zarz\u0105dzania). Weryfikacja zgodno\u015bci mo\u017ce obejmowa\u0107: Weryfikacj\u0119 dokumentacji technicznej pod k\u0105tem wprowadzenia wyrobu na rynek EU lub innej&hellip;&nbsp;\u9605\u8bfb\u66f4\u591a &raquo;VoC","og_url":"https:\/\/icr.you2.pl\/cn\/voc\/","og_site_name":"ICR POLSKA - badania i certyfikacja","article_modified_time":"2023-02-20T10:27:09+00:00","og_image":[{"url":"http:\/\/icr.you2.pl\/wp-content\/uploads\/2019\/06\/word.jpg","type":"","width":"","height":""}],"twitter_card":"summary_large_image","twitter_misc":{"\u9884\u8ba1\u9605\u8bfb\u65f6\u95f4":"1 \u5206"},"schema":{"@context":"https:\/\/schema.org","@graph":[{"@type":"WebPage","@id":"https:\/\/icr.you2.pl\/voc\/","url":"https:\/\/icr.you2.pl\/voc\/","name":"VoC - ICR POLAND - \u6d4b\u8bd5\u548c\u8ba4\u8bc1","isPartOf":{"@id":"https:\/\/icr.you2.pl\/#website"},"primaryImageOfPage":{"@id":"https:\/\/icr.you2.pl\/voc\/#primaryimage"},"image":{"@id":"https:\/\/icr.you2.pl\/voc\/#primaryimage"},"thumbnailUrl":"http:\/\/icr.you2.pl\/wp-content\/uploads\/2019\/06\/word.jpg","datePublished":"2020-10-28T19:22:01+00:00","dateModified":"2023-02-20T10:27:09+00:00","breadcrumb":{"@id":"https:\/\/icr.you2.pl\/voc\/#breadcrumb"},"inLanguage":"zh-Hans","potentialAction":[{"@type":"ReadAction","target":["https:\/\/icr.you2.pl\/voc\/"]}]},{"@type":"ImageObject","inLanguage":"zh-Hans","@id":"https:\/\/icr.you2.pl\/voc\/#primaryimage","url":"http:\/\/icr.you2.pl\/wp-content\/uploads\/2019\/06\/word.jpg","contentUrl":"http:\/\/icr.you2.pl\/wp-content\/uploads\/2019\/06\/word.jpg"},{"@type":"BreadcrumbList","@id":"https:\/\/icr.you2.pl\/voc\/#breadcrumb","itemListElement":[{"@type":"ListItem","position":1,"name":"Strona g\u0142\u00f3wna","item":"https:\/\/icr.you2.pl\/"},{"@type":"ListItem","position":2,"name":"VoC"}]},{"@type":"WebSite","@id":"https:\/\/icr.you2.pl\/#website","url":"https:\/\/icr.you2.pl\/","name":"ICR\u6ce2\u5170 - \u6d4b\u8bd5\u548c\u8ba4\u8bc1","description":"CE\u8ba4\u8bc1\u3001CE\u8bc1\u4e66\u3001ISO\u8bc1\u4e66\u3001RED\u6d4b\u8bd5\u3001\u4ea7\u54c1\u6d4b\u8bd5\u548c\u8ba4\u8bc1\u3001\u7535\u6c14\u4ea7\u54c1\u6d4b\u8bd5\u3001\u533b\u7597\u8bbe\u5907\u6d4b\u8bd5\u3001ATEX\u3001IECEx\u3001FCC\u3001\u4ea7\u54c1\u8ba4\u8bc1\u3001EMC\u6d4b\u8bd5\u3001\u673a\u68b0\u8ba4\u8bc1\u3001CE\u673a\u5668\u3001\u57f9\u8bad\u3001\u7535\u5b50\u4ea7\u54c1\u6d4b\u8bd5\u30012014\/53\/EU\u6d4b\u8bd5\u3001\u65e0\u4eba\u673a\u8ba4\u8bc1\u3001ISO 13485\u8bc1\u4e66\u3001ISO 9001\u8bc1\u4e66\u3001NC RfG","publisher":{"@id":"https:\/\/icr.you2.pl\/#\/schema\/person\/944799c9e2f4a94662e3fcb3b1544baf"},"potentialAction":[{"@type":"SearchAction","target":{"@type":"EntryPoint","urlTemplate":"https:\/\/icr.you2.pl\/?s={search_term_string}"},"query-input":{"@type":"PropertyValueSpecification","valueRequired":true,"valueName":"search_term_string"}}],"inLanguage":"zh-Hans"},{"@type":["Person","Organization"],"@id":"https:\/\/icr.you2.pl\/#\/schema\/person\/944799c9e2f4a94662e3fcb3b1544baf","name":"\u7ba1\u7406\u5458","image":{"@type":"ImageObject","inLanguage":"zh-Hans","@id":"https:\/\/icr.you2.pl\/#\/schema\/person\/image\/","url":"https:\/\/icr.you2.pl\/wp-content\/uploads\/2019\/05\/cropped-logo-icr.32f04ad5-1-1.png","contentUrl":"https:\/\/icr.you2.pl\/wp-content\/uploads\/2019\/05\/cropped-logo-icr.32f04ad5-1-1.png","width":400,"height":148,"caption":"admin"},"logo":{"@id":"https:\/\/icr.you2.pl\/#\/schema\/person\/image\/"}}]}},"_links":{"self":[{"href":"https:\/\/icr.you2.pl\/cn\/wp-json\/wp\/v2\/pages\/4015","targetHints":{"allow":["GET"]}}],"collection":[{"href":"https:\/\/icr.you2.pl\/cn\/wp-json\/wp\/v2\/pages"}],"about":[{"href":"https:\/\/icr.you2.pl\/cn\/wp-json\/wp\/v2\/types\/page"}],"author":[{"embeddable":true,"href":"https:\/\/icr.you2.pl\/cn\/wp-json\/wp\/v2\/users\/2"}],"replies":[{"embeddable":true,"href":"https:\/\/icr.you2.pl\/cn\/wp-json\/wp\/v2\/comments?post=4015"}],"version-history":[{"count":0,"href":"https:\/\/icr.you2.pl\/cn\/wp-json\/wp\/v2\/pages\/4015\/revisions"}],"wp:attachment":[{"href":"https:\/\/icr.you2.pl\/cn\/wp-json\/wp\/v2\/media?parent=4015"}],"curies":[{"name":"wp","href":"https:\/\/api.w.org\/{rel}","templated":true}]}}