{"id":433,"date":"2019-03-19T10:00:09","date_gmt":"2019-03-19T10:00:09","guid":{"rendered":"http:\/\/icrpolska.e-ksperci.pl\/?page_id=433"},"modified":"2024-12-30T11:01:47","modified_gmt":"2024-12-30T10:01:47","slug":"czlonkostwa","status":"publish","type":"page","link":"https:\/\/icr.you2.pl\/cn\/czlonkostwa\/","title":{"rendered":"\u4f1a\u5458\u8d44\u683c"},"content":{"rendered":"<p><strong><img decoding=\"async\" class=\"alignleft wp-image-2697\" src=\"http:\/\/icr.you2.pl\/wp-content\/uploads\/2019\/06\/REDCA_logo-e1559731944705.jpg\" alt=\"REDCA \" width=\"150\" height=\"101\" \/><\/strong><\/p>\n<p><strong>REDCA<\/strong>\u00a0(\u65e0\u7ebf\u7535\u8bbe\u5907\u6307\u4ee4\u9075\u5b88\u534f\u4f1a\uff09-<br \/>\n<strong>RED\u6307\u4ee4\u4e0b\u7684\u6307\u5b9a\u673a\u6784\u534f\u4f1a<\/strong><\/p>\n<p>REDCA\u662f\u6839\u636e\u65e0\u7ebf\u7535\u8bbe\u5907\u6307\u4ee42014\/53\/EU\uff08RED\uff09\u7684\u8981\u6c42\u5efa\u7acb\u7684\uff0c\u7279\u522b\u662f\u7b2c26.11\u6761\u548c\u7b2c38\u6761\u5bf9\u901a\u77e5\u673a\u6784\u7684\u5408\u89c4\u8981\u6c42\u3002<br \/>\nREDCA\u4e3a\u6240\u6709\u5bf9\u6b27\u6d32\u7ecf\u6d4e\u533a\u4ee5\u53ca\u4e0e\u6b27\u76df\u6709\u76f8\u4e92\u627f\u8ba4\u534f\u8bae\u7684\u56fd\u5bb6\uff08\u5982\u7f8e\u56fd\u3001\u52a0\u62ff\u5927\u3001\u65e5\u672c\u3001\u65b0\u897f\u5170\u548c\u6fb3\u5927\u5229\u4e9a\uff09\u7684\u65e0\u7ebf\u7535\u8bbe\u5907\u7b26\u5408\u6cd5\u89c4\u548c\u6280\u672f\u6807\u51c6\u611f\u5174\u8da3\u7684\u4eba\u63d0\u4f9b\u4e00\u4e2a\u8bba\u575b\u3002\u6210\u5458\u4e3b\u8981\u662f\u901a\u77e5\u673a\u6784\u3002<br \/>\n\u534f\u4f1a\u6210\u5458\u6bcf\u5e74\u5728EEA\u4e3e\u884c\u4e24\u6b21\u4f1a\u8bae\u3002\u4f1a\u8bae\u671f\u95f4\uff0c\u5236\u5b9a\u4e86\u5bf9\u6b27\u76df\u59d4\u5458\u4f1a\u3001ECC\u3001ETSI\u3001ADCO RED\u548cMRA\u7684\u5171\u540c\u7acb\u573a\u3002<\/p>\n<p>&nbsp;<\/p>\n<p><b>ExNBG<\/b>\u00a0(European Coordination Group of ATEX Notified Bodies) \u2013<br \/>\n<b>\u6b27\u6d32ATEX\u6307\u5b9a\u673a\u6784\u534f\u8c03\u5c0f\u7ec4<\/b><\/p>\n<p>ExNB\u662f\u6839\u636e\u5173\u4e8e\u5728\u6f5c\u5728\u7206\u70b8\u6027\u73af\u5883\u4e2d\u4f7f\u7528\u7684\u8bbe\u5907\u548c\u4fdd\u62a4\u7cfb\u7edf\u7684\u6307\u4ee42014\/34\/EU\uff08ATEX\uff09\u7684\u8981\u6c42\u5efa\u7acb\u7684\uff0c\u7279\u522b\u662f\u7b2c21.11\u6761\u548c\u7b2c33\u6761\u5bf9\u901a\u77e5\u673a\u6784\u7684\u5408\u89c4\u8981\u6c42\u3002<br \/>\nExNB\u96c6\u56e2\u786e\u4fdd\u6240\u6709\u6307\u5b9a\u673a\u6784\u6309\u7167\u7edf\u4e00\u7684\u51c6\u5219\u5de5\u4f5c\u3002\u8fd9\u4e9b\u51c6\u5219\u662f\u5728\u6210\u5458\u4f1a\u8bae\u4e0a\u5546\u5b9a\u7684\uff0c\u7531\u96c6\u56e2\u79d8\u4e66\u5904\u5728\u6f84\u6e05\u8868\u4e2d\u516c\u5e03\u3002<\/p>\n<p><strong><img decoding=\"async\" class=\"wp-image-11034 alignleft\" src=\"http:\/\/icr.you2.pl\/wp-content\/uploads\/2023\/07\/Team_NB-300x284.jpg\" alt=\"\" width=\"123\" height=\"116\" srcset=\"https:\/\/icr.you2.pl\/wp-content\/uploads\/2023\/07\/Team_NB-300x284.jpg 300w, https:\/\/icr.you2.pl\/wp-content\/uploads\/2023\/07\/Team_NB-13x12.jpg 13w, https:\/\/icr.you2.pl\/wp-content\/uploads\/2023\/07\/Team_NB.jpg 519w\" sizes=\"(max-width: 123px) 100vw, 123px\" \/>TEAM -NB\uff0c\u6b27\u6d32\u533b\u7597\u5668\u68b0\u6307\u5b9a\u673a\u6784\u534f\u4f1a<\/strong> \u6210\u7acb\u4e8e 2001 \u5e74\u3002<br \/>\n\u5982\u4eca\uff0c\u534f\u4f1a\u62e5\u6709\u6765\u81ea 20 \u4e2a\u4e0d\u540c\u56fd\u5bb6\u7684 40 \u591a\u540d\u6210\u5458\u3002<\/p>\n<p>\u8be5\u534f\u4f1a\u63d0\u5021\u9ad8\u6807\u51c6\uff0c\u4fdd\u62a4\u6307\u5b9a\u673a\u6784\u7684\u5229\u76ca\u3002<\/p>\n<p>&nbsp;<\/p>\n<p><img decoding=\"async\" class=\"wp-image-2883 alignleft\" src=\"http:\/\/icr.you2.pl\/wp-content\/uploads\/2019\/06\/IECEx_logo-300x127.png\" sizes=\"(max-width: 236px) 100vw, 236px\" srcset=\"http:\/\/icr.you2.pl\/wp-content\/uploads\/2019\/06\/IECEx_logo-300x127.png 300w, http:\/\/icr.you2.pl\/wp-content\/uploads\/2019\/06\/IECEx_logo.png 318w\" alt=\"\" width=\"236\" height=\"100\" \/><\/p>\n<p><strong>\u56fd\u9645\u7535\u5de5\u59d4\u5458\u4f1a\u7206\u70b8\u6027\u73af\u5883\u7528\u8bbe\u5907\u76f8\u5173\u6807\u51c6\u8ba4\u8bc1\u4f53\u7cfb\uff08IECEx \u4f53\u7cfb\uff09<\/strong><\/p>\n<p>\u5168\u7403 IECEx \u7cfb\u7edf\u7684\u5efa\u7acb\u662f\u4e3a\u4e86\u4fc3\u8fdb\u5728\u7206\u70b8\u6027\u73af\u5883\u4e2d\u4f7f\u7528\u7684\u8bbe\u5907\u548c\u670d\u52a1\uff08\u9632\u7206\u8bbe\u5907\/\u4ea7\u54c1\uff09\u7684\u56fd\u9645\u8d38\u6613\uff0c\u540c\u65f6\u4fdd\u6301\u6240\u9700\u7684\u5b89\u5168\u6c34\u5e73\u3002<\/p>\n<p><img loading=\"lazy\" decoding=\"async\" class=\"alignleft wp-image-2696\" src=\"http:\/\/icr.you2.pl\/wp-content\/uploads\/2019\/06\/pkn_logo-300x207.jpg\" alt=\"\" width=\"150\" height=\"96\" \/><\/p>\n<p>&nbsp;<\/p>\n<p>ICR\u6ce2\u5170\u7684\u4ee3\u8868\u79ef\u6781\u53c2\u52a0PKN\u7684\u4ee5\u4e0b\u6280\u672f\u59d4\u5458\u4f1a\u7684\u5de5\u4f5c\uff1a<\/p>\n<p>&nbsp;<\/p>\n<ul>\n<li>\u5173\u4e8e\u7535\u4fe1\u7684KT11<\/li>\n<li>KT 19 \u822a\u7a7a\u822a\u5929<\/li>\n<li>KT 56\u5173\u4e8e\u65cb\u8f6c\u7535\u673a\u548c\u624b\u52a8\u53ca\u4fbf\u643a\u5f0f\u7535\u52a8\u5de5\u5177\u7684\u89c4\u5b9a<\/li>\n<li>\u5173\u4e8e\u6d88\u8d39\u7535\u6c14\u8bbe\u5907\u7684KT63<\/li>\n<li>KT 64\u5173\u4e8e\u6f5c\u5728\u7206\u70b8\u6027\u73af\u5883\u4e2d\u7684\u7535\u6c14\u8bbe\u5907<\/li>\n<li>\u5173\u4e8e\u533b\u7597\u7535\u6c14\u8bbe\u5907\u7684KT67<\/li>\n<li>KT 104\u5173\u4e8e\u7535\u78c1\u517c\u5bb9\u6027<\/li>\n<li>KT 158 \u673a\u68b0\u548c\u6280\u672f\u8bbe\u5907\u7684\u5b89\u5168\u548c\u4eba\u673a\u5de5\u7a0b\u5b66 - \u4e00\u822c\u95ee\u9898<\/li>\n<li>KT 177\u7528\u4e8e\u8bbe\u8ba1\u548c\u5236\u9020\u519b\u5907\u548c\u519b\u4e8b\u88c5\u5907<\/li>\n<li>KT 247\u5173\u4e8e\u533b\u7597\u6750\u6599\u548c\u751f\u7269\u6750\u6599<\/li>\n<li>\u5173\u4e8e\u5316\u5b66\u54c1\u5b89\u5168\u7684TC269<\/li>\n<li>KT 304\uff1a\u4f9b\u7535\u7cfb\u7edf\u65b9\u9762\u7684\u95ee\u9898<\/li>\n<\/ul>\n<p>&nbsp;<\/p>","protected":false},"excerpt":{"rendered":"<p>REDCA\uff08\u65e0\u7ebf\u7535\u8bbe\u5907\u6307\u4ee4\u5408\u89c4\u534f\u4f1a\uff09--RED \u6307\u4ee4\u6307\u5b9a\u673a\u6784\u534f\u4f1a REDCA \u662f\u6839\u636e\u65e0\u7ebf\u7535\u8bbe\u5907\u6307\u4ee4 2014\/53\/EU (RED) \u7684\u8981\u6c42\uff0c\u7279\u522b\u662f\u7b2c 26.11 \u6761\u548c\u7b2c 38 \u6761\u5bf9\u6307\u5b9a\u673a\u6784\u7684\u5408\u89c4\u8981\u6c42\u800c\u6210\u7acb\u7684\u3002REDCA \u4e3a\u6240\u6709\u5bf9\u65e0\u7ebf\u7535\u8bbe\u5907\u662f\u5426\u7b26\u5408\u6b27\u6d32\u6cd5\u89c4\u548c\u6280\u672f\u6807\u51c6\u611f\u5174\u8da3\u7684\u4eba\u63d0\u4f9b\u4e86\u4e00\u4e2a\u8bba\u575b...&nbsp;<a href=\"https:\/\/icr.you2.pl\/cn\/czlonkostwa\/\" rel=\"bookmark\">\u9605\u8bfb\u66f4\u591a \"<span class=\"screen-reader-text\">\u4f1a\u5458\u8d44\u683c<\/span><\/a><\/p>","protected":false},"author":1,"featured_media":0,"parent":0,"menu_order":0,"comment_status":"closed","ping_status":"closed","template":"","meta":{"neve_meta_sidebar":"","neve_meta_container":"","neve_meta_enable_content_width":"off","neve_meta_content_width":70,"neve_meta_title_alignment":"","neve_meta_author_avatar":"","neve_post_elements_order":"","neve_meta_disable_header":"","neve_meta_disable_footer":"","neve_meta_disable_title":"","footnotes":""},"class_list":["post-433","page","type-page","status-publish","hentry"],"yoast_head":"<!-- This site is optimized with the Yoast SEO plugin v26.8 - https:\/\/yoast.com\/product\/yoast-seo-wordpress\/ -->\n<title>Cz\u0142onkostwa - ICR POLSKA - badania i certyfikacja<\/title>\n<meta name=\"robots\" content=\"index, follow, max-snippet:-1, max-image-preview:large, max-video-preview:-1\" \/>\n<link rel=\"canonical\" href=\"https:\/\/icr.you2.pl\/cn\/czlonkostwa\/\" \/>\n<meta property=\"og:locale\" content=\"zh_CN\" \/>\n<meta property=\"og:type\" content=\"article\" \/>\n<meta property=\"og:title\" content=\"Cz\u0142onkostwa - ICR POLSKA - badania i certyfikacja\" \/>\n<meta property=\"og:description\" content=\"REDCA\u00a0(Radio Equipment Directive Compliance Association) \u2013 Stowarzyszenie Jednostek Notyfikowanych w zakresie dyrektywy RED REDCA zosta\u0142a utworzona zgodnie z wymaganiami dyrektywy o urz\u0105dzeniach radiowych 2014\/53\/UE (RED), w szczeg\u00f3lno\u015bci wymaganiami zgodno\u015bci z art. 26.11 i art. 38 dla jednostek notyfikowanych. REDCA stanowi forum dla wszystkich os\u00f3b zainteresowanych zgodno\u015bci\u0105 urz\u0105dze\u0144 radiowych z przepisami i standardami technicznymi w Europejskim&hellip;&nbsp;\u9605\u8bfb\u66f4\u591a &raquo;Cz\u0142onkostwa\" \/>\n<meta property=\"og:url\" content=\"https:\/\/icr.you2.pl\/cn\/czlonkostwa\/\" \/>\n<meta property=\"og:site_name\" content=\"ICR POLSKA - badania i certyfikacja\" \/>\n<meta property=\"article:modified_time\" content=\"2024-12-30T10:01:47+00:00\" \/>\n<meta property=\"og:image\" content=\"http:\/\/icr.you2.pl\/wp-content\/uploads\/2019\/06\/REDCA_logo-e1559731944705.jpg\" \/>\n<meta name=\"twitter:card\" content=\"summary_large_image\" \/>\n<meta name=\"twitter:label1\" content=\"\u9884\u8ba1\u9605\u8bfb\u65f6\u95f4\" \/>\n\t<meta name=\"twitter:data1\" content=\"3 \u5206\" \/>\n<script type=\"application\/ld+json\" class=\"yoast-schema-graph\">{\"@context\":\"https:\/\/schema.org\",\"@graph\":[{\"@type\":\"WebPage\",\"@id\":\"https:\/\/icr.you2.pl\/czlonkostwa\/\",\"url\":\"https:\/\/icr.you2.pl\/czlonkostwa\/\",\"name\":\"Cz\u0142onkostwa - ICR POLSKA - badania i certyfikacja\",\"isPartOf\":{\"@id\":\"https:\/\/icr.you2.pl\/#website\"},\"primaryImageOfPage\":{\"@id\":\"https:\/\/icr.you2.pl\/czlonkostwa\/#primaryimage\"},\"image\":{\"@id\":\"https:\/\/icr.you2.pl\/czlonkostwa\/#primaryimage\"},\"thumbnailUrl\":\"http:\/\/icr.you2.pl\/wp-content\/uploads\/2019\/06\/REDCA_logo-e1559731944705.jpg\",\"datePublished\":\"2019-03-19T10:00:09+00:00\",\"dateModified\":\"2024-12-30T10:01:47+00:00\",\"breadcrumb\":{\"@id\":\"https:\/\/icr.you2.pl\/czlonkostwa\/#breadcrumb\"},\"inLanguage\":\"zh-Hans\",\"potentialAction\":[{\"@type\":\"ReadAction\",\"target\":[\"https:\/\/icr.you2.pl\/czlonkostwa\/\"]}]},{\"@type\":\"ImageObject\",\"inLanguage\":\"zh-Hans\",\"@id\":\"https:\/\/icr.you2.pl\/czlonkostwa\/#primaryimage\",\"url\":\"http:\/\/icr.you2.pl\/wp-content\/uploads\/2019\/06\/REDCA_logo-e1559731944705.jpg\",\"contentUrl\":\"http:\/\/icr.you2.pl\/wp-content\/uploads\/2019\/06\/REDCA_logo-e1559731944705.jpg\"},{\"@type\":\"BreadcrumbList\",\"@id\":\"https:\/\/icr.you2.pl\/czlonkostwa\/#breadcrumb\",\"itemListElement\":[{\"@type\":\"ListItem\",\"position\":1,\"name\":\"Strona g\u0142\u00f3wna\",\"item\":\"https:\/\/icr.you2.pl\/\"},{\"@type\":\"ListItem\",\"position\":2,\"name\":\"Cz\u0142onkostwa\"}]},{\"@type\":\"WebSite\",\"@id\":\"https:\/\/icr.you2.pl\/#website\",\"url\":\"https:\/\/icr.you2.pl\/\",\"name\":\"ICR POLSKA - badania i certyfikacja\",\"description\":\"CE certification, CE certificate, ISO certificate, RED testing, product testing and certification, electrical product testing, medical device testing, ATEX, IECEx, FCC, product certification, EMC testing, machinery certification, CE machines, training, electronic product testing, testing 2014\/53\/EU, drone certification, ISO 13485 certificate, ISO 9001 certificate, NC RfG\",\"publisher\":{\"@id\":\"https:\/\/icr.you2.pl\/#\/schema\/person\/944799c9e2f4a94662e3fcb3b1544baf\"},\"potentialAction\":[{\"@type\":\"SearchAction\",\"target\":{\"@type\":\"EntryPoint\",\"urlTemplate\":\"https:\/\/icr.you2.pl\/?s={search_term_string}\"},\"query-input\":{\"@type\":\"PropertyValueSpecification\",\"valueRequired\":true,\"valueName\":\"search_term_string\"}}],\"inLanguage\":\"zh-Hans\"},{\"@type\":[\"Person\",\"Organization\"],\"@id\":\"https:\/\/icr.you2.pl\/#\/schema\/person\/944799c9e2f4a94662e3fcb3b1544baf\",\"name\":\"admin\",\"image\":{\"@type\":\"ImageObject\",\"inLanguage\":\"zh-Hans\",\"@id\":\"https:\/\/icr.you2.pl\/#\/schema\/person\/image\/\",\"url\":\"https:\/\/icr.you2.pl\/wp-content\/uploads\/2019\/05\/cropped-logo-icr.32f04ad5-1-1.png\",\"contentUrl\":\"https:\/\/icr.you2.pl\/wp-content\/uploads\/2019\/05\/cropped-logo-icr.32f04ad5-1-1.png\",\"width\":400,\"height\":148,\"caption\":\"admin\"},\"logo\":{\"@id\":\"https:\/\/icr.you2.pl\/#\/schema\/person\/image\/\"}}]}<\/script>\n<!-- \/ Yoast SEO plugin. -->","yoast_head_json":{"title":"\u4f1a\u5458\u8d44\u683c - ICR \u6ce2\u5170 - \u6d4b\u8bd5\u548c\u8ba4\u8bc1","robots":{"index":"index","follow":"follow","max-snippet":"max-snippet:-1","max-image-preview":"max-image-preview:large","max-video-preview":"max-video-preview:-1"},"canonical":"https:\/\/icr.you2.pl\/cn\/czlonkostwa\/","og_locale":"zh_CN","og_type":"article","og_title":"Cz\u0142onkostwa - ICR POLSKA - badania i certyfikacja","og_description":"REDCA\u00a0(Radio Equipment Directive Compliance Association) \u2013 Stowarzyszenie Jednostek Notyfikowanych w zakresie dyrektywy RED REDCA zosta\u0142a utworzona zgodnie z wymaganiami dyrektywy o urz\u0105dzeniach radiowych 2014\/53\/UE (RED), w szczeg\u00f3lno\u015bci wymaganiami zgodno\u015bci z art. 26.11 i art. 38 dla jednostek notyfikowanych. REDCA stanowi forum dla wszystkich os\u00f3b zainteresowanych zgodno\u015bci\u0105 urz\u0105dze\u0144 radiowych z przepisami i standardami technicznymi w Europejskim&hellip;&nbsp;\u9605\u8bfb\u66f4\u591a &raquo;Cz\u0142onkostwa","og_url":"https:\/\/icr.you2.pl\/cn\/czlonkostwa\/","og_site_name":"ICR POLSKA - badania i certyfikacja","article_modified_time":"2024-12-30T10:01:47+00:00","og_image":[{"url":"http:\/\/icr.you2.pl\/wp-content\/uploads\/2019\/06\/REDCA_logo-e1559731944705.jpg","type":"","width":"","height":""}],"twitter_card":"summary_large_image","twitter_misc":{"\u9884\u8ba1\u9605\u8bfb\u65f6\u95f4":"3 \u5206"},"schema":{"@context":"https:\/\/schema.org","@graph":[{"@type":"WebPage","@id":"https:\/\/icr.you2.pl\/czlonkostwa\/","url":"https:\/\/icr.you2.pl\/czlonkostwa\/","name":"\u4f1a\u5458\u8d44\u683c - ICR \u6ce2\u5170 - \u6d4b\u8bd5\u548c\u8ba4\u8bc1","isPartOf":{"@id":"https:\/\/icr.you2.pl\/#website"},"primaryImageOfPage":{"@id":"https:\/\/icr.you2.pl\/czlonkostwa\/#primaryimage"},"image":{"@id":"https:\/\/icr.you2.pl\/czlonkostwa\/#primaryimage"},"thumbnailUrl":"http:\/\/icr.you2.pl\/wp-content\/uploads\/2019\/06\/REDCA_logo-e1559731944705.jpg","datePublished":"2019-03-19T10:00:09+00:00","dateModified":"2024-12-30T10:01:47+00:00","breadcrumb":{"@id":"https:\/\/icr.you2.pl\/czlonkostwa\/#breadcrumb"},"inLanguage":"zh-Hans","potentialAction":[{"@type":"ReadAction","target":["https:\/\/icr.you2.pl\/czlonkostwa\/"]}]},{"@type":"ImageObject","inLanguage":"zh-Hans","@id":"https:\/\/icr.you2.pl\/czlonkostwa\/#primaryimage","url":"http:\/\/icr.you2.pl\/wp-content\/uploads\/2019\/06\/REDCA_logo-e1559731944705.jpg","contentUrl":"http:\/\/icr.you2.pl\/wp-content\/uploads\/2019\/06\/REDCA_logo-e1559731944705.jpg"},{"@type":"BreadcrumbList","@id":"https:\/\/icr.you2.pl\/czlonkostwa\/#breadcrumb","itemListElement":[{"@type":"ListItem","position":1,"name":"Strona g\u0142\u00f3wna","item":"https:\/\/icr.you2.pl\/"},{"@type":"ListItem","position":2,"name":"Cz\u0142onkostwa"}]},{"@type":"WebSite","@id":"https:\/\/icr.you2.pl\/#website","url":"https:\/\/icr.you2.pl\/","name":"ICR\u6ce2\u5170 - \u6d4b\u8bd5\u548c\u8ba4\u8bc1","description":"CE\u8ba4\u8bc1\u3001CE\u8bc1\u4e66\u3001ISO\u8bc1\u4e66\u3001RED\u6d4b\u8bd5\u3001\u4ea7\u54c1\u6d4b\u8bd5\u548c\u8ba4\u8bc1\u3001\u7535\u6c14\u4ea7\u54c1\u6d4b\u8bd5\u3001\u533b\u7597\u8bbe\u5907\u6d4b\u8bd5\u3001ATEX\u3001IECEx\u3001FCC\u3001\u4ea7\u54c1\u8ba4\u8bc1\u3001EMC\u6d4b\u8bd5\u3001\u673a\u68b0\u8ba4\u8bc1\u3001CE\u673a\u5668\u3001\u57f9\u8bad\u3001\u7535\u5b50\u4ea7\u54c1\u6d4b\u8bd5\u30012014\/53\/EU\u6d4b\u8bd5\u3001\u65e0\u4eba\u673a\u8ba4\u8bc1\u3001ISO 13485\u8bc1\u4e66\u3001ISO 9001\u8bc1\u4e66\u3001NC RfG","publisher":{"@id":"https:\/\/icr.you2.pl\/#\/schema\/person\/944799c9e2f4a94662e3fcb3b1544baf"},"potentialAction":[{"@type":"SearchAction","target":{"@type":"EntryPoint","urlTemplate":"https:\/\/icr.you2.pl\/?s={search_term_string}"},"query-input":{"@type":"PropertyValueSpecification","valueRequired":true,"valueName":"search_term_string"}}],"inLanguage":"zh-Hans"},{"@type":["Person","Organization"],"@id":"https:\/\/icr.you2.pl\/#\/schema\/person\/944799c9e2f4a94662e3fcb3b1544baf","name":"\u7ba1\u7406\u5458","image":{"@type":"ImageObject","inLanguage":"zh-Hans","@id":"https:\/\/icr.you2.pl\/#\/schema\/person\/image\/","url":"https:\/\/icr.you2.pl\/wp-content\/uploads\/2019\/05\/cropped-logo-icr.32f04ad5-1-1.png","contentUrl":"https:\/\/icr.you2.pl\/wp-content\/uploads\/2019\/05\/cropped-logo-icr.32f04ad5-1-1.png","width":400,"height":148,"caption":"admin"},"logo":{"@id":"https:\/\/icr.you2.pl\/#\/schema\/person\/image\/"}}]}},"_links":{"self":[{"href":"https:\/\/icr.you2.pl\/cn\/wp-json\/wp\/v2\/pages\/433","targetHints":{"allow":["GET"]}}],"collection":[{"href":"https:\/\/icr.you2.pl\/cn\/wp-json\/wp\/v2\/pages"}],"about":[{"href":"https:\/\/icr.you2.pl\/cn\/wp-json\/wp\/v2\/types\/page"}],"author":[{"embeddable":true,"href":"https:\/\/icr.you2.pl\/cn\/wp-json\/wp\/v2\/users\/1"}],"replies":[{"embeddable":true,"href":"https:\/\/icr.you2.pl\/cn\/wp-json\/wp\/v2\/comments?post=433"}],"version-history":[{"count":0,"href":"https:\/\/icr.you2.pl\/cn\/wp-json\/wp\/v2\/pages\/433\/revisions"}],"wp:attachment":[{"href":"https:\/\/icr.you2.pl\/cn\/wp-json\/wp\/v2\/media?parent=433"}],"curies":[{"name":"wp","href":"https:\/\/api.w.org\/{rel}","templated":true}]}}