{"id":435,"date":"2019-03-19T10:00:59","date_gmt":"2019-03-19T10:00:59","guid":{"rendered":"http:\/\/icrpolska.e-ksperci.pl\/?page_id=435"},"modified":"2023-03-16T14:21:01","modified_gmt":"2023-03-16T13:21:01","slug":"oferty-pracy","status":"publish","type":"page","link":"https:\/\/icr.you2.pl\/cn\/oferty-pracy\/","title":{"rendered":"\u5de5\u4f5c\u673a\u4f1a"},"content":{"rendered":"<p><strong>ICR Polska <\/strong>Ltd.\u4e8e2014\u5e74\u5f00\u59cb\u8fd0\u8425\uff0c\u662fICR Co.Ltd\uff0c\u4e00\u5bb6\u603b\u90e8\u4f4d\u4e8e\u97e9\u56fd\u9996\u5c14\u7684\u56fd\u9645\u7814\u7a76\u548c\u8ba4\u8bc1\u5b9e\u4f53\uff0c\u4e8e2014\u5e74\u5f00\u59cb\u8fd0\u8425\u3002<\/p>\n<p>\u6211\u4eec\u5728TIC--\u6d4b\u8bd5-\u68c0\u9a8c-\u8ba4\u8bc1\u9886\u57df\u5728\u56fd\u5185\u548c\u56fd\u5916\u90fd\u6709\u5e7f\u6cdb\u7684\u6d3b\u52a8\u3002<\/p>\n<p>ICR\u6ce2\u5170\u516c\u53f8\u6700\u8fd1\u63a5\u53d7\u4e86\u6839\u636e2017\/745\u53f7\u6cd5\u89c4--MDR\u5bf9\u533b\u7597\u5668\u68b0\u8fdb\u884c\u8ba4\u8bc1\u7684\u8bc4\u4f30\uff0c\u56e0\u6b64\u8981\u5bfb\u627e\u6709\u7ecf\u9a8c\u5e76\u540c\u65f6\u5e0c\u671b\u5728\u4e0a\u8ff0\u9886\u57df\u53d1\u5c55\u7684\u4eba\u624d\u3002<\/p>\n<h3 align=\"center\"><b>\u533b\u7597\u5668\u68b0\u8ba4\u8bc1\u4e13\u5bb6\u00a0<\/b><\/h3>\n<p>\u5de5\u4f5c\u5730\u70b9\uff1a\u534e\u6c99\uff0c\u5168\u804c<\/p>\n<p><strong>\u5de5\u4f5c\u63cf\u8ff0\uff1a<\/strong><\/p>\n<ul>\n<li>\u5bf9\u533b\u7597\u8bbe\u5907\u6587\u4ef6\u8fdb\u884c\u6b63\u5f0f\u548c\u5b9e\u8d28\u6027\u7684\u8bc4\u4f30\u3001<\/li>\n<li>\u6311\u9009\u548c\u76d1\u7763\u5f00\u5c55\u7279\u5b9a\u9636\u6bb5\u8ba4\u8bc1\u5de5\u4f5c\u7684\u4e13\u5bb6\u3001<\/li>\n<li>\u5728\u5ba2\u6237\u73b0\u573a\u8fdb\u884c\u73b0\u573a\u5ba1\u8ba1\uff08\u613f\u610f\u51fa\u5dee\uff0c\u5305\u62ec\u56fd\u5916\uff09\u3001<\/li>\n<li>\u4e0e\u73b0\u6709\u5ba2\u6237\u548c\u6f5c\u5728\u5ba2\u6237\u7d27\u5bc6\u5408\u4f5c\u3001<\/li>\n<\/ul>\n<p><strong><b>\u8981\u6c42<\/b>:<\/strong><\/p>\n<ul>\n<li>\u5728\u533b\u7597\u8bbe\u5907\u9886\u57df\u81f3\u5c11\u67093\u5e74\u7684\u5b9e\u8d28\u6027\u7ecf\u9a8c\u3001<\/li>\n<li>\u533b\u5b66\u3001\u751f\u7269\u6280\u672f\u3001\u836f\u7269\u5316\u5b66\u3001\u533b\u5b66\u5206\u6790\u3001\u751f\u7269\u533b\u5b66\u5de5\u7a0b\u3001\u6750\u6599\u5de5\u7a0b\u53ca\u76f8\u5173\u5b66\u79d1\u7684\u5927\u5b66\u5b66\u4f4d\u3001<\/li>\n<li>\u719f\u6089\u4ee5CE\u4e3a\u76ee\u7684\u7684\u533b\u7597\u8bbe\u5907\u7684\u6cd5\u5f8b\u548c\u89c4\u8303\u6027\u8981\u6c42\u3001<\/li>\n<li>\u62e5\u6709\u8d28\u91cf\u7ba1\u7406\u7cfb\u7edf\u7684\u77e5\u8bc6\u3001<\/li>\n<li>\u82f1\u8bed\u77e5\u8bc6\u8fbe\u5230\u9ad8\u7ea7\u6c34\u5e73\u3001<\/li>\n<\/ul>\n<p><strong><b>\u6211\u4eec\u63d0\u4f9b<\/b>:<\/strong><\/p>\n<ul>\n<li>\u96c7\u4f63\u5408\u540c\u4e0b\u7684\u5c31\u4e1a\u3001<\/li>\n<li>\u56fa\u5b9a\u5de5\u8d44\u548c\u4e0e\u4e1a\u7ee9\u6709\u5173\u7684\u5956\u91d1\u3001<\/li>\n<li>\u6709\u673a\u4f1a\u901a\u8fc7\u57f9\u8bad\u548c\u5728\u4e00\u4e2a\u5145\u6ee1\u6d3b\u529b\u7684\u56fd\u9645\u7ec4\u7ec7\u4e2d\u5de5\u4f5c\u83b7\u5f97\u4e13\u4e1a\u53d1\u5c55\u3001<\/li>\n<\/ul>\n<p>\u516c\u53f8\u4fe1\u606f\uff1a<\/p>\n<p><a href=\"http:\/\/icr.you2.pl\/cn\/\">http:\/\/icr.you2.pl\/<\/a><\/p>\n<p><a href=\"http:\/\/icrqa.com\/\">http:\/\/icrqa.com\/<\/a><\/p>\n<hr \/>\n<h3 align=\"center\"><b>\u7ba1\u7406\u7cfb\u7edf\u8ba4\u8bc1\u4e13\u5bb6\u00a0<\/b><\/h3>\n<p><strong>\u5de5\u4f5c\u63cf\u8ff0\uff1a<\/strong><\/p>\n<ul>\n<li>\u7ec4\u7ec7\u5e76\u4fdd\u5b58\u8ba4\u8bc1\u548c\u76d1\u7763\u8fc7\u7a0b\u7684\u8bb0\u5f55<\/li>\n<li>\u83b7\u53d6\u5e76\u4e0e\u5ba2\u6237\u5408\u4f5c<\/li>\n<li>\u5ba1\u8ba1\u5458\/\u4e13\u5bb6\u7684\u5408\u4f5c\u548c\u76d1\u7763<\/li>\n<li>\u4e0e\u56fd\u5185\u548c\u56fd\u5916\u5ba2\u6237\u7684\u5408\u4f5c<\/li>\n<\/ul>\n<p><b>\u8981\u6c42\uff1a<\/b><\/p>\n<ul>\n<li>\u6280\u672f\u5927\u5b66\u5b66\u4f4d<\/li>\n<li>\u81f3\u5c11\u30022\u5e74\u4ee5\u4e0a\u7c7b\u4f3c\u804c\u4f4d\u7684\u5de5\u4f5c\u7ecf\u9a8c\uff0c\u6216\u5728\u751f\u4ea7\u3001\u8bbe\u8ba1\u6216\u7814\u7a76\u9886\u57df\u7684\u6280\u672f\u804c\u4f4d\u4e0a\u7684\u5de5\u4f5c\u7ecf\u9a8c<\/li>\n<li>\u5bf9ISO 9001\u300114001\u300113485\u7cfb\u5217\u6807\u51c6\u7684\u4e86\u89e3<\/li>\n<li>\u5177\u6709\u8db3\u591f\u7684\u82f1\u8bed\u77e5\u8bc6\uff0c\u80fd\u591f\u8bc4\u4f30\u6280\u672f\u4ea7\u54c1\u6587\u4ef6\uff0c\u4e0e\u5ba2\u6237\u6c9f\u901a<\/li>\n<li>\u4e86\u89e3ISO\/IEC 17021\u548cISO\/IEC 17065\u5c06\u662f\u4e00\u4e2a\u4f18\u52bf\u3002<\/li>\n<\/ul>\n<p><b>\u6211\u4eec\u63d0\u4f9b\uff1a<\/b><\/p>\n<ul>\n<li>\u5408\u540c\u5236\u6216B2B\u5c31\u4e1a<\/li>\n<li>\u5728\u4e00\u4e2a\u5145\u6ee1\u6d3b\u529b\u7684\u516c\u53f8\u5de5\u4f5c\uff0c\u53c2\u4e0e\u6709\u8da3\u7684\u9879\u76ee<\/li>\n<li>\u7075\u6d3b\u7684\u5f00\u59cb\u65f6\u95f4\uff087.00-8.30\u4e4b\u95f4\uff09\u3001<\/li>\n<li>\u6709\u673a\u4f1a\u5728\u8f7b\u677e\u7684\u6c1b\u56f4\u4e2d\uff0c\u5728\u56fd\u9645\u4e13\u5bb6\u7684\u73af\u5883\u4e2d\u83b7\u5f97\u4e13\u4e1a\u53d1\u5c55\u3001<\/li>\n<li>\u4e13\u95e8\u7684\u57f9\u8bad\uff0c\u4ee5\u4fdd\u6301\u548c\u53d1\u5c55\u4f60\u7684\u5e94\u4eab\u6743\u5229<\/li>\n<li>\u4e0e\u80fd\u529b\u76f8\u79f0\u7684\u85aa\u916c<\/li>\n<\/ul>\n<p>&nbsp;<\/p>\n<hr \/>\n<p><strong>\u5728\u53d1\u9001\u4f60\u7684\u7533\u8bf7\u65f6\uff0c\u8bf7\u9644\u4e0a\u4f60\u7684\u4e66\u9762\u540c\u610f\uff1a<\/strong><br \/>\n\u6211\u540c\u610fICR Polska Sp. z o. o.\u4e3a\u62db\u8058\u8fc7\u7a0b\u4e2d\u7684\u5fc5\u8981\u76ee\u7684\u5904\u7406\u6211\u7684\u7533\u8bf7\u6587\u4ef6\u4e2d\u7684\u4e2a\u4eba\u6570\u636e\u3002\u5c3d\u7ba1\u6709\u4e0a\u8ff0\u89c4\u5b9a\uff0c\u6211\u4eec\u8981\u901a\u77e5\u60a8\uff0c\u6570\u636e\u7ba1\u7406\u5458\u4fdd\u7559\u4e0e\u7b26\u5408\u5e7f\u544a\u4e2d\u89c4\u5b9a\u7684\u6807\u51c6\u7684\u9009\u5b9a\u4eba\u5458\u8054\u7cfb\u7684\u6743\u5229\u3002\u540c\u65f6\uff0c\u6211\u4eec\u5411\u60a8\u63d0\u4f9b\u6709\u5173\u5728\u6211\u4eec\u7684\u62db\u8058\u4e2d\u5904\u7406\u60a8\u7684\u4e2a\u4eba\u6570\u636e\u7684\u4fe1\u606f\uff0c\u8fd9\u4e9b\u4fe1\u606f\u662f\u6839\u636e2016\u5e744\u670827\u65e5\u6b27\u6d32\u8bae\u4f1a\u548c\u7406\u4e8b\u4f1a\uff08EU\uff09\u5173\u4e8e\u5728\u5904\u7406\u4e2a\u4eba\u6570\u636e\u65b9\u9762\u4fdd\u62a4\u81ea\u7136\u4eba\u548c\u6b64\u7c7b\u6570\u636e\u7684\u81ea\u7531\u6d41\u52a8\u4ee5\u53ca\u5e9f\u9664\u6307\u4ee495\/46\/EC\uff08\u4e00\u822c\u6570\u636e\u4fdd\u62a4\u6761\u4f8b\uff09\u7684\u6761\u4f8b\uff0c\u4ee5\u4e0b\u7b80\u79f0RODO\uff1a<\/p>\n<ol>\n<li>\u60a8\u7684\u7533\u8bf7\u6587\u4ef6\u4e2d\u6ce8\u660e\u7684\u4e2a\u4eba\u6570\u636e\u7ba1\u7406\u4eba\u662fICR Polska Sp. z o.o.\uff0c\u5176\u6ce8\u518c\u529e\u516c\u5730\u70b9\u5728\u534e\u6c9903-944\uff0cPlac Przymierza 6\uff0c\u4ee5\u4e0b\u7b80\u79f0\u6570\u636e\u7ba1\u7406\u4eba\u3002<\/li>\n<li>\u6570\u636e\u63a7\u5236\u8005\u58f0\u660e\u8d1f\u8d23\u5c65\u884c\u6570\u636e\u4fdd\u62a4\u6cd5\u89c4\u5b9a\u7684\u4e49\u52a1\uff0c\u7279\u522b\u662f\u5728\u884c\u4f7f\u60a8\u7684\u6743\u5229\u65b9\u9762\u3002<\/li>\n<li>\u5982\u679c\u60a8\u5bf9\u6211\u4eec\u5904\u7406\u60a8\u7684\u6570\u636e\u6709\u4efb\u4f55\u7591\u95ee\uff0c\u60a8\u53ef\u4ee5\u8054\u7cfb\uff1aicrpolska@icrqa.com<\/li>\n<li>\u60a8\u7684\u4e2a\u4eba\u6570\u636e\u5c06\u88ab\u5904\u7406\u7528\u4e8e\u5efa\u7acb\u4f19\u4f34\u5173\u7cfb\u7684\u76ee\u7684\u3002<\/li>\n<li>\u60a8\u5728\u6240\u63d0\u4f9b\u7684\u6c42\u804c\u4fe1\u3001\u7b80\u5386\u548c\/\u6216\u5176\u4ed6\u6587\u4ef6\u4e2d\u63d0\u4f9b\u7684\u4e2a\u4eba\u6570\u636e\uff0c\u5982\u59d3\u540d\u3001\u51fa\u751f\u65e5\u671f\u3001\u5c45\u4f4f\u5730\u5740\uff08\u90ae\u5bc4\u5730\u5740\uff09\u4ee5\u53ca\u6559\u80b2\u548c\u4ee5\u5f80\u5de5\u4f5c\u7ecf\u5386\u7684\u4fe1\u606f\u662f\u81ea\u613f\u7684\uff0c\u4f46\u5bf9\u4e8e\u62db\u8058\u7684\u76ee\u7684\u662f\u5fc5\u8981\u7684\u548c\u5fc5\u9700\u7684\u3002  \u8fd9\u4e9b\u6570\u636e\u5c06\u6839\u636e\u300a\u6b8b\u75be\u4eba\u6743\u5229\u516c\u7ea6\u300b\u7b2c6\u6761\u7b2c1\u6b3e(b)\u9879\u548c\u300a\u52b3\u52a8\u6cd5\u300b\u7b2c22\u6761\u7b2c1\u6b3e\u7684\u89c4\u5b9a\u5904\u7406\u3002<\/li>\n<li>\u60a8\u63d0\u4f9b\u7684\u5176\u4ed6\u6570\u636e\uff0c\u5982\u60a8\u7684\u7535\u5b50\u90ae\u4ef6\u5730\u5740\u3001\u8054\u7cfb\u7535\u8bdd\u6216\u653e\u5728\u60a8\u7684\u7b80\u5386\uff08\u56fe\u50cf\uff09\u4e0a\u7684\u7167\u7247\uff0c\u662f\u81ea\u613f\u7684\uff0c\u5b83\u4eec\u7684\u5904\u7406\u5c06\u5728\u60a8\u540c\u610f\u7684\u57fa\u7840\u4e0a\u8fdb\u884c\uff0c\u5e76\u57fa\u4e8e\u300a\u6b8b\u75be\u4eba\u6743\u5229\u516c\u7ea6\u300b\u7b2c6\u6761\u7b2c1\u6b3e\uff08a\uff09\u9879\u3002<\/li>\n<li>\u60a8\u7684\u4e2a\u4eba\u6570\u636e\u7684\u63a5\u6536\u8005\u662fICR Polska Sp. z o.o.\u548c\u6267\u884c\u62db\u8058\u7a0b\u5e8f\u7684\u6570\u636e\u63a7\u5236\u8005\u7684\u6388\u6743\u96c7\u5458\/\u5408\u4f5c\u8005\u3002<\/li>\n<li>\u60a8\u7684\u4e2a\u4eba\u6570\u636e\u5c06\u5728\u62db\u8058\u671f\u95f4\u4fdd\u7559\uff0c\u81ea\u6536\u5230\u4e4b\u65e5\u8d77\u4e0d\u8d85\u8fc712\u4e2a\u6708\u3002<\/li>\n<li>\u5728\u5f81\u5f97\u60a8\u7684\u540c\u610f\u540e\uff0c\u6240\u63d0\u4f9b\u7684\u6570\u636e\u5c06\u88ab\u4fdd\u5b58\u8d77\u6765\uff0c\u7528\u4e8e\u8fdb\u4e00\u6b65\u7684\u62db\u8058\uff0c\u6700\u957f\u671f\u9650\u4e3a\u81ea\u540c\u610f\u4e4b\u65e5\u8d7724\u4e2a\u6708\u3002<\/li>\n<li>\u5728DPA\u89c4\u5b9a\u7684\u8303\u56f4\u5185\u5e76\u6839\u636eDPA\u89c4\u5b9a\u7684\u539f\u5219\uff0c\u4f60\u6709\u6743\u5728\u4efb\u4f55\u65f6\u5019\u8bbf\u95ee\u4f60\u7684\u6570\u636e\u5185\u5bb9\uff0c\u5e76\u6709\u6743\u7ea0\u6b63\u3001\u5220\u9664\u3001\u9650\u5236\u5904\u7406\uff0c\u6709\u6743\u83b7\u5f97\u6570\u636e\u7684\u53ef\u79fb\u690d\u6027\uff0c\u6709\u6743\u53cd\u5bf9\u548c\u6709\u6743\u64a4\u9500\u5bf9\u5904\u7406\u7684\u540c\u610f\u3002<\/li>\n<li>\u64a4\u9500\u540c\u610f\u5e76\u4e0d\u5f71\u54cd\u5728\u64a4\u9500\u540c\u610f\u4e4b\u524d\u8fdb\u884c\u7684\u5904\u7406\u7684\u5408\u6cd5\u6027\u3002<\/li>\n<li>\u5982\u679c\u60a8\u60f3\u64a4\u9500\u5bf9\u60a8\u7684\u6570\u636e\u5904\u7406\u7684\u540c\u610f\uff0c\u6216\u8981\u6c42\u5220\u9664\u5728\u62db\u8058\u8fc7\u7a0b\u4e2d\u83b7\u5f97\u7684\u6570\u636e\uff0c\u8bf7\u5199\u4fe1\u7ed9\u6570\u636e\u63a7\u5236\u8005\u7684\u6ce8\u518c\u529e\u516c\u5ba4\u5730\u5740\u6216\u901a\u8fc7\u7535\u5b50\u90ae\u4ef6\uff1aicrpolska@icrqa.com<\/li>\n<li>\u60a8\u7684\u4e2a\u4eba\u6570\u636e\u4e0d\u4f1a\u88ab\u8f6c\u79fb\u5230\u7b2c\u4e09\u56fd\u6216\u56fd\u9645\u7ec4\u7ec7\u3002<\/li>\n<li>\u60a8\u7684\u6570\u636e\u5c06\u4e0d\u4f1a\u88ab\u81ea\u52a8\u5904\u7406\uff0c\u4ee5\u81f3\u4e8e\u53ef\u4ee5\u901a\u8fc7\u81ea\u52a8\u5904\u7406\u505a\u51fa\u4efb\u4f55\u51b3\u5b9a\uff0c\u4ea7\u751f\u5176\u4ed6\u6cd5\u5f8b\u6548\u529b\uff0c\u6216\u8005\u60a8\u7684\u60c5\u51b5\u5c06\u53d7\u5230\u5b9e\u8d28\u6027\u5f71\u54cd\u3002<\/li>\n<li>\u60a8\u7684\u6570\u636e\u5c06\u4e0d\u4f1a\u88ab\u5f52\u7c7b\u3002<\/li>\n<li>\u5982\u679c\u60a8\u8ba4\u4e3a\u6709\u5173\u60a8\u7684\u4e2a\u4eba\u6570\u636e\u7684\u5904\u7406\u8fdd\u53cd\u4e86\u6cd5\u5f8b\uff0c\u60a8\u6709\u6743\u5411\u4e2a\u4eba\u6570\u636e\u4fdd\u62a4\u5c40\u4e3b\u5e2d\u63d0\u51fa\u6295\u8bc9\u3002<\/li>\n<\/ol>","protected":false},"excerpt":{"rendered":"<p>ICR Polska Sp. z o.o. \u4f5c\u4e3a ICR Co.Ltd\uff09\u7684\u6b27\u6d32\u5206\u516c\u53f8\u5f00\u59cb\u8fd0\u8425\uff0c\u8fd9\u662f\u4e00\u5bb6\u603b\u90e8\u4f4d\u4e8e\u97e9\u56fd\u9996\u5c14\u7684\u56fd\u9645\u6d4b\u8bd5\u548c\u8ba4\u8bc1\u5b9e\u4f53\u3002\u6211\u4eec\u5728\u56fd\u5185\u5916\u7684 TIC\uff08\u6d4b\u8bd5-\u68c0\u9a8c-\u8ba4\u8bc1\uff09\u9886\u57df\u5f00\u5c55\u4e86\u5e7f\u6cdb\u7684\u6d3b\u52a8\u3002\u6700\u8fd1\uff0cICR\u6ce2\u5170\u516c\u53f8\u6839\u636e2017\/745\u53f7\u6cd5\u89c4\u63a5\u53d7\u4e86\u533b\u7597\u5668\u68b0\u8ba4\u8bc1\u8bc4\u4f30....\u3002&nbsp;<a href=\"https:\/\/icr.you2.pl\/cn\/oferty-pracy\/\" rel=\"bookmark\">\u9605\u8bfb\u66f4\u591a \"<span class=\"screen-reader-text\">\u5de5\u4f5c\u673a\u4f1a<\/span><\/a><\/p>","protected":false},"author":1,"featured_media":259,"parent":0,"menu_order":0,"comment_status":"closed","ping_status":"closed","template":"","meta":{"neve_meta_sidebar":"","neve_meta_container":"","neve_meta_enable_content_width":"off","neve_meta_content_width":70,"neve_meta_title_alignment":"","neve_meta_author_avatar":"","neve_post_elements_order":"","neve_meta_disable_header":"","neve_meta_disable_footer":"","neve_meta_disable_title":"","footnotes":""},"class_list":["post-435","page","type-page","status-publish","has-post-thumbnail","hentry"],"yoast_head":"<!-- This site is optimized with the Yoast SEO plugin v26.8 - https:\/\/yoast.com\/product\/yoast-seo-wordpress\/ -->\n<title>Oferty pracy - ICR POLSKA - badania i certyfikacja<\/title>\n<meta name=\"robots\" content=\"index, follow, max-snippet:-1, max-image-preview:large, max-video-preview:-1\" \/>\n<link rel=\"canonical\" href=\"https:\/\/icr.you2.pl\/cn\/oferty-pracy\/\" \/>\n<meta property=\"og:locale\" content=\"zh_CN\" \/>\n<meta property=\"og:type\" content=\"article\" \/>\n<meta property=\"og:title\" content=\"Oferty pracy - ICR POLSKA - badania i certyfikacja\" \/>\n<meta property=\"og:description\" content=\"ICR Polska Sp. z o.o. rozpocz\u0119\u0142a dzia\u0142alno\u015b\u0107 w 2014 jako Europejski oddzia\u0142 ICR Co. Ltd., mi\u0119dzynarodowej jednostki badawczo-certyfikuj\u0105cej z siedzib\u0105 w Seulu w Korei Po\u0142udniowej. Prowadzimy rozleg\u0142\u0105 dzia\u0142alno\u015b\u0107 w zakresie obszaru TIC \u2013 Testing-Inspection-Certification w kraju i zagranic\u0105. ICR Polska niedawno przesz\u0142a ocen\u0119 pod k\u0105tem uzyskania uprawnie\u0144 w zakresie certyfikacji wyrob\u00f3w medycznych wg Rozporz\u0105dzenia 2017\/745&hellip;&nbsp;\u9605\u8bfb\u66f4\u591a &raquo;Oferty pracy\" \/>\n<meta property=\"og:url\" content=\"https:\/\/icr.you2.pl\/cn\/oferty-pracy\/\" \/>\n<meta property=\"og:site_name\" content=\"ICR POLSKA - badania i certyfikacja\" \/>\n<meta property=\"article:modified_time\" content=\"2023-03-16T13:21:01+00:00\" \/>\n<meta name=\"twitter:card\" content=\"summary_large_image\" \/>\n<meta name=\"twitter:label1\" content=\"\u9884\u8ba1\u9605\u8bfb\u65f6\u95f4\" \/>\n\t<meta name=\"twitter:data1\" content=\"6 \u5206\" \/>\n<script type=\"application\/ld+json\" class=\"yoast-schema-graph\">{\"@context\":\"https:\/\/schema.org\",\"@graph\":[{\"@type\":\"WebPage\",\"@id\":\"https:\/\/icr.you2.pl\/oferty-pracy\/\",\"url\":\"https:\/\/icr.you2.pl\/oferty-pracy\/\",\"name\":\"Oferty pracy - ICR POLSKA - badania i certyfikacja\",\"isPartOf\":{\"@id\":\"https:\/\/icr.you2.pl\/#website\"},\"primaryImageOfPage\":{\"@id\":\"https:\/\/icr.you2.pl\/oferty-pracy\/#primaryimage\"},\"image\":{\"@id\":\"https:\/\/icr.you2.pl\/oferty-pracy\/#primaryimage\"},\"thumbnailUrl\":\"\",\"datePublished\":\"2019-03-19T10:00:59+00:00\",\"dateModified\":\"2023-03-16T13:21:01+00:00\",\"breadcrumb\":{\"@id\":\"https:\/\/icr.you2.pl\/oferty-pracy\/#breadcrumb\"},\"inLanguage\":\"zh-Hans\",\"potentialAction\":[{\"@type\":\"ReadAction\",\"target\":[\"https:\/\/icr.you2.pl\/oferty-pracy\/\"]}]},{\"@type\":\"ImageObject\",\"inLanguage\":\"zh-Hans\",\"@id\":\"https:\/\/icr.you2.pl\/oferty-pracy\/#primaryimage\",\"url\":\"\",\"contentUrl\":\"\"},{\"@type\":\"BreadcrumbList\",\"@id\":\"https:\/\/icr.you2.pl\/oferty-pracy\/#breadcrumb\",\"itemListElement\":[{\"@type\":\"ListItem\",\"position\":1,\"name\":\"Strona g\u0142\u00f3wna\",\"item\":\"https:\/\/icr.you2.pl\/\"},{\"@type\":\"ListItem\",\"position\":2,\"name\":\"Oferty pracy\"}]},{\"@type\":\"WebSite\",\"@id\":\"https:\/\/icr.you2.pl\/#website\",\"url\":\"https:\/\/icr.you2.pl\/\",\"name\":\"ICR POLSKA - badania i certyfikacja\",\"description\":\"CE certification, CE certificate, ISO certificate, RED testing, product testing and certification, electrical product testing, medical device testing, ATEX, IECEx, FCC, product certification, EMC testing, machinery certification, CE machines, training, electronic product testing, testing 2014\/53\/EU, drone certification, ISO 13485 certificate, ISO 9001 certificate, NC RfG\",\"publisher\":{\"@id\":\"https:\/\/icr.you2.pl\/#\/schema\/person\/944799c9e2f4a94662e3fcb3b1544baf\"},\"potentialAction\":[{\"@type\":\"SearchAction\",\"target\":{\"@type\":\"EntryPoint\",\"urlTemplate\":\"https:\/\/icr.you2.pl\/?s={search_term_string}\"},\"query-input\":{\"@type\":\"PropertyValueSpecification\",\"valueRequired\":true,\"valueName\":\"search_term_string\"}}],\"inLanguage\":\"zh-Hans\"},{\"@type\":[\"Person\",\"Organization\"],\"@id\":\"https:\/\/icr.you2.pl\/#\/schema\/person\/944799c9e2f4a94662e3fcb3b1544baf\",\"name\":\"admin\",\"image\":{\"@type\":\"ImageObject\",\"inLanguage\":\"zh-Hans\",\"@id\":\"https:\/\/icr.you2.pl\/#\/schema\/person\/image\/\",\"url\":\"https:\/\/icr.you2.pl\/wp-content\/uploads\/2019\/05\/cropped-logo-icr.32f04ad5-1-1.png\",\"contentUrl\":\"https:\/\/icr.you2.pl\/wp-content\/uploads\/2019\/05\/cropped-logo-icr.32f04ad5-1-1.png\",\"width\":400,\"height\":148,\"caption\":\"admin\"},\"logo\":{\"@id\":\"https:\/\/icr.you2.pl\/#\/schema\/person\/image\/\"}}]}<\/script>\n<!-- \/ Yoast SEO plugin. -->","yoast_head_json":{"title":"\u5de5\u4f5c\u673a\u4f1a - ICR POLAND - \u6d4b\u8bd5\u548c\u8ba4\u8bc1","robots":{"index":"index","follow":"follow","max-snippet":"max-snippet:-1","max-image-preview":"max-image-preview:large","max-video-preview":"max-video-preview:-1"},"canonical":"https:\/\/icr.you2.pl\/cn\/oferty-pracy\/","og_locale":"zh_CN","og_type":"article","og_title":"Oferty pracy - ICR POLSKA - badania i certyfikacja","og_description":"ICR Polska Sp. z o.o. rozpocz\u0119\u0142a dzia\u0142alno\u015b\u0107 w 2014 jako Europejski oddzia\u0142 ICR Co. Ltd., mi\u0119dzynarodowej jednostki badawczo-certyfikuj\u0105cej z siedzib\u0105 w Seulu w Korei Po\u0142udniowej. Prowadzimy rozleg\u0142\u0105 dzia\u0142alno\u015b\u0107 w zakresie obszaru TIC \u2013 Testing-Inspection-Certification w kraju i zagranic\u0105. ICR Polska niedawno przesz\u0142a ocen\u0119 pod k\u0105tem uzyskania uprawnie\u0144 w zakresie certyfikacji wyrob\u00f3w medycznych wg Rozporz\u0105dzenia 2017\/745&hellip;&nbsp;\u9605\u8bfb\u66f4\u591a &raquo;Oferty pracy","og_url":"https:\/\/icr.you2.pl\/cn\/oferty-pracy\/","og_site_name":"ICR POLSKA - badania i certyfikacja","article_modified_time":"2023-03-16T13:21:01+00:00","twitter_card":"summary_large_image","twitter_misc":{"\u9884\u8ba1\u9605\u8bfb\u65f6\u95f4":"6 \u5206"},"schema":{"@context":"https:\/\/schema.org","@graph":[{"@type":"WebPage","@id":"https:\/\/icr.you2.pl\/oferty-pracy\/","url":"https:\/\/icr.you2.pl\/oferty-pracy\/","name":"\u5de5\u4f5c\u673a\u4f1a - ICR POLAND - \u6d4b\u8bd5\u548c\u8ba4\u8bc1","isPartOf":{"@id":"https:\/\/icr.you2.pl\/#website"},"primaryImageOfPage":{"@id":"https:\/\/icr.you2.pl\/oferty-pracy\/#primaryimage"},"image":{"@id":"https:\/\/icr.you2.pl\/oferty-pracy\/#primaryimage"},"thumbnailUrl":"","datePublished":"2019-03-19T10:00:59+00:00","dateModified":"2023-03-16T13:21:01+00:00","breadcrumb":{"@id":"https:\/\/icr.you2.pl\/oferty-pracy\/#breadcrumb"},"inLanguage":"zh-Hans","potentialAction":[{"@type":"ReadAction","target":["https:\/\/icr.you2.pl\/oferty-pracy\/"]}]},{"@type":"ImageObject","inLanguage":"zh-Hans","@id":"https:\/\/icr.you2.pl\/oferty-pracy\/#primaryimage","url":"","contentUrl":""},{"@type":"BreadcrumbList","@id":"https:\/\/icr.you2.pl\/oferty-pracy\/#breadcrumb","itemListElement":[{"@type":"ListItem","position":1,"name":"Strona g\u0142\u00f3wna","item":"https:\/\/icr.you2.pl\/"},{"@type":"ListItem","position":2,"name":"Oferty pracy"}]},{"@type":"WebSite","@id":"https:\/\/icr.you2.pl\/#website","url":"https:\/\/icr.you2.pl\/","name":"ICR\u6ce2\u5170 - \u6d4b\u8bd5\u548c\u8ba4\u8bc1","description":"CE\u8ba4\u8bc1\u3001CE\u8bc1\u4e66\u3001ISO\u8bc1\u4e66\u3001RED\u6d4b\u8bd5\u3001\u4ea7\u54c1\u6d4b\u8bd5\u548c\u8ba4\u8bc1\u3001\u7535\u6c14\u4ea7\u54c1\u6d4b\u8bd5\u3001\u533b\u7597\u8bbe\u5907\u6d4b\u8bd5\u3001ATEX\u3001IECEx\u3001FCC\u3001\u4ea7\u54c1\u8ba4\u8bc1\u3001EMC\u6d4b\u8bd5\u3001\u673a\u68b0\u8ba4\u8bc1\u3001CE\u673a\u5668\u3001\u57f9\u8bad\u3001\u7535\u5b50\u4ea7\u54c1\u6d4b\u8bd5\u30012014\/53\/EU\u6d4b\u8bd5\u3001\u65e0\u4eba\u673a\u8ba4\u8bc1\u3001ISO 13485\u8bc1\u4e66\u3001ISO 9001\u8bc1\u4e66\u3001NC RfG","publisher":{"@id":"https:\/\/icr.you2.pl\/#\/schema\/person\/944799c9e2f4a94662e3fcb3b1544baf"},"potentialAction":[{"@type":"SearchAction","target":{"@type":"EntryPoint","urlTemplate":"https:\/\/icr.you2.pl\/?s={search_term_string}"},"query-input":{"@type":"PropertyValueSpecification","valueRequired":true,"valueName":"search_term_string"}}],"inLanguage":"zh-Hans"},{"@type":["Person","Organization"],"@id":"https:\/\/icr.you2.pl\/#\/schema\/person\/944799c9e2f4a94662e3fcb3b1544baf","name":"\u7ba1\u7406\u5458","image":{"@type":"ImageObject","inLanguage":"zh-Hans","@id":"https:\/\/icr.you2.pl\/#\/schema\/person\/image\/","url":"https:\/\/icr.you2.pl\/wp-content\/uploads\/2019\/05\/cropped-logo-icr.32f04ad5-1-1.png","contentUrl":"https:\/\/icr.you2.pl\/wp-content\/uploads\/2019\/05\/cropped-logo-icr.32f04ad5-1-1.png","width":400,"height":148,"caption":"admin"},"logo":{"@id":"https:\/\/icr.you2.pl\/#\/schema\/person\/image\/"}}]}},"_links":{"self":[{"href":"https:\/\/icr.you2.pl\/cn\/wp-json\/wp\/v2\/pages\/435","targetHints":{"allow":["GET"]}}],"collection":[{"href":"https:\/\/icr.you2.pl\/cn\/wp-json\/wp\/v2\/pages"}],"about":[{"href":"https:\/\/icr.you2.pl\/cn\/wp-json\/wp\/v2\/types\/page"}],"author":[{"embeddable":true,"href":"https:\/\/icr.you2.pl\/cn\/wp-json\/wp\/v2\/users\/1"}],"replies":[{"embeddable":true,"href":"https:\/\/icr.you2.pl\/cn\/wp-json\/wp\/v2\/comments?post=435"}],"version-history":[{"count":0,"href":"https:\/\/icr.you2.pl\/cn\/wp-json\/wp\/v2\/pages\/435\/revisions"}],"wp:featuredmedia":[{"embeddable":true,"href":"https:\/\/icr.you2.pl\/cn\/wp-json\/"}],"wp:attachment":[{"href":"https:\/\/icr.you2.pl\/cn\/wp-json\/wp\/v2\/media?parent=435"}],"curies":[{"name":"wp","href":"https:\/\/api.w.org\/{rel}","templated":true}]}}