{"id":5813,"date":"2022-09-09T10:02:22","date_gmt":"2022-09-09T08:02:22","guid":{"rendered":"https:\/\/icrpolska.com\/?page_id=5813"},"modified":"2022-09-13T14:13:43","modified_gmt":"2022-09-13T12:13:43","slug":"ukca","status":"publish","type":"page","link":"https:\/\/icr.you2.pl\/cn\/ukca\/","title":{"rendered":"UKCA"},"content":{"rendered":"<div data-elementor-type=\"wp-page\" data-elementor-id=\"5813\" class=\"elementor elementor-5813\">\n\t\t\t\t\t\t<section class=\"elementor-section elementor-top-section elementor-element elementor-element-6c3c88be elementor-section-boxed elementor-section-height-default elementor-section-height-default\" data-id=\"6c3c88be\" data-element_type=\"section\" data-e-type=\"section\">\n\t\t\t\t\t\t<div class=\"elementor-container elementor-column-gap-default\">\n\t\t\t\t\t<div class=\"elementor-column elementor-col-100 elementor-top-column elementor-element elementor-element-79a24622\" data-id=\"79a24622\" data-element_type=\"column\" data-e-type=\"column\">\n\t\t\t<div class=\"elementor-widget-wrap elementor-element-populated\">\n\t\t\t\t\t\t<div class=\"elementor-element elementor-element-4f7d662f elementor-widget elementor-widget-text-editor\" data-id=\"4f7d662f\" data-element_type=\"widget\" data-e-type=\"widget\" data-widget_type=\"text-editor.default\">\n\t\t\t\t<div class=\"elementor-widget-container\">\n\t\t\t\t\t\t\t\t\t<img fetchpriority=\"high\" decoding=\"async\" class=\"size-full wp-image-5870 alignleft\" src=\"http:\/\/icr.you2.pl\/wp-content\/uploads\/2022\/09\/ukca-mark.webp\" alt=\"\" width=\"240\" height=\"240\" srcset=\"https:\/\/icr.you2.pl\/wp-content\/uploads\/2022\/09\/ukca-mark.webp 240w, https:\/\/icr.you2.pl\/wp-content\/uploads\/2022\/09\/ukca-mark-150x150.webp 150w, https:\/\/icr.you2.pl\/wp-content\/uploads\/2022\/09\/ukca-mark-12x12.webp 12w\" sizes=\"(max-width: 240px) 100vw, 240px\" \/><p>UKCA\u662f\u5bf9\u5728\u82f1\u56fd\uff08\u82f1\u683c\u5170\u3001\u82cf\u683c\u5170\u548c\u5a01\u5c14\u58eb\uff09\u9500\u552e\u7684\u4ea7\u54c1\u7684\u6307\u5b9a\u3002<\/p>\n<p>UKCA\u6807\u5fd7\u9002\u7528\u4e8e\u5927\u591a\u6570\u4ee5\u524d\u9700\u8981CE\u6807\u5fd7\u7684\u4ea7\u54c1\u3002UKCA\u6807\u8bc6\u5fc5\u987b\u6ee1\u8db3\u7684\u6280\u672f\u8981\u6c42\uff08\u6709\u65f6\u88ab\u79f0\u4e3a \"\u57fa\u672c\u8981\u6c42\"\uff09\u53d6\u51b3\u4e8e\u5177\u4f53\u4ea7\u54c1\u7684\u7acb\u6cd5\u3002<\/p>\n<p>\u9075\u5b88\u8fd9\u4e9b\u8981\u6c42\u4e5f\u53ef\u4ee5\u901a\u8fc7\u4f7f\u7528\u6307\u5b9a\u7684\u6807\u51c6\uff08\u82f1\u56fd\u5df2\u7ecf\u5f15\u5165\u4e86\u8fd9\u4e9b\u6807\u51c6\uff0c\u4ee5\u53d6\u4ee3\u7edf\u4e00\u7684\u6b27\u76df\u6807\u51c6\uff09\u6765\u5b9e\u73b0\u3002<\/p>\n<p>\u901a\u8fc7\u9075\u5b88\u6307\u5b9a\u7684\u6807\u51c6\uff0c\u5236\u9020\u5546\u53ef\u4ee5\u8981\u6c42 \"\u63a8\u5b9a \"\u7b26\u5408\u9002\u7528\u4e8e\u5176\u4ea7\u54c1\u7684\u76f8\u5173\u57fa\u672c\u8981\u6c42\u3002<\/p>\n<p>\u73b0\u5728\u53ef\u4ee5\u4f7f\u7528UKCA\u6807\u8bc6\u3002\u7136\u800c\uff0c\u4e3a\u4e86\u7ed9\u516c\u53f8\u63d0\u4f9b\u9002\u5e94\u7684\u65f6\u95f4\uff0c\u5728\u5927\u591a\u6570\u60c5\u51b5\u4e0b\uff0c\u57282022\u5e7412\u670831\u65e523:00\u4e4b\u524d\uff0c\u4ecd\u7136\u53ef\u4ee5\u4f7f\u7528CE\u6807\u5fd7\u3002<\/p>\n<p>\u6211\u4eec\u4e0e\u82f1\u56fd\u8ba4\u53ef\u548c\u6279\u51c6\u7684\u673a\u6784\uff08UKCA\uff09\u5408\u4f5c\uff0c\u4e3a\u60a8\u63d0\u4f9b\u4ea7\u54c1\u7684\u5408\u683c\u8bc4\u4f30\uff0c\u5176\u4e2d\u5305\u62ec\u4ee5\u4e0b\u6cd5\u89c4\uff1a<\/p>\n<p>- \u82f1\u56fd\u65e0\u7ebf\u7535\u6761\u4f8b - SI 2017\/1206<\/p>\n<p>- \u82f1\u56fdEMC\u6cd5\u89c4 - SI 2016\/1091<\/p>\t\t\t\t\t\t\t\t<\/div>\n\t\t\t\t<\/div>\n\t\t\t\t\t<\/div>\n\t\t<\/div>\n\t\t\t\t\t<\/div>\n\t\t<\/section>\n\t\t\t\t<\/div>","protected":false},"excerpt":{"rendered":"<p>UKCA \u662f\u9488\u5bf9\u5728\u82f1\u56fd\uff08\u82f1\u683c\u5170\u3001\u82cf\u683c\u5170\u548c\u5a01\u5c14\u58eb\uff09\u9500\u552e\u7684\u4ea7\u54c1\u7684\u6807\u8bc6\u3002UKCA \u6807\u5fd7\u9002\u7528\u4e8e\u4ee5\u524d\u4f7f\u7528 CE \u6807\u5fd7\u7684\u5927\u591a\u6570\u4ea7\u54c1\u3002UKCA \u6807\u8bc6\u5fc5\u987b\u6ee1\u8db3\u7684\u6280\u672f\u8981\u6c42\uff08\u6709\u65f6\u79f0\u4e3a \"\u57fa\u672c\u8981\u6c42\"\uff09\u53d6\u51b3\u4e8e\u4ea7\u54c1\u7684\u5177\u4f53\u7acb\u6cd5\u3002\u7b26\u5408\u8fd9\u4e9b\u8981\u6c42\u4e5f\u53ef\u4ee5\u901a\u8fc7\u4f7f\u7528\u6307\u5b9a\u7684\u6807\u51c6....&nbsp;<a href=\"https:\/\/icr.you2.pl\/cn\/ukca\/\" rel=\"bookmark\">\u9605\u8bfb\u66f4\u591a \"<span class=\"screen-reader-text\">UKCA<\/span><\/a><\/p>","protected":false},"author":2,"featured_media":0,"parent":0,"menu_order":0,"comment_status":"closed","ping_status":"closed","template":"","meta":{"neve_meta_sidebar":"","neve_meta_container":"","neve_meta_enable_content_width":"off","neve_meta_content_width":70,"neve_meta_title_alignment":"","neve_meta_author_avatar":"","neve_post_elements_order":"","neve_meta_disable_header":"","neve_meta_disable_footer":"","neve_meta_disable_title":"","footnotes":""},"class_list":["post-5813","page","type-page","status-publish","hentry"],"yoast_head":"<!-- This site is optimized with the Yoast SEO plugin v26.8 - https:\/\/yoast.com\/product\/yoast-seo-wordpress\/ -->\n<title>UKCA - ICR POLSKA - badania i certyfikacja<\/title>\n<meta name=\"robots\" content=\"index, follow, max-snippet:-1, max-image-preview:large, max-video-preview:-1\" \/>\n<link rel=\"canonical\" href=\"https:\/\/icr.you2.pl\/cn\/ukca\/\" \/>\n<meta property=\"og:locale\" content=\"zh_CN\" \/>\n<meta property=\"og:type\" content=\"article\" \/>\n<meta property=\"og:title\" content=\"UKCA - ICR POLSKA - badania i certyfikacja\" \/>\n<meta property=\"og:description\" content=\"UKCA\u00a0jest oznaczeniem produkt\u00f3w wprowadzanych na rynek w Wielkiej Brytanii (Anglii, Szkocji i Walii). Oznakowanie UKCA ma zastosowanie do wi\u0119kszo\u015bci produkt\u00f3w wcze\u015bniej podlegaj\u0105cych oznakowaniu CE. Wymagania techniczne (czasami okre\u015blane jako &#8222;zasadnicze wymagania&#8221;), kt\u00f3re musz\u0105 by\u0107 spe\u0142nione dla oznakowania UKCA zale\u017c\u0105 od przepis\u00f3w dotycz\u0105cych konkretnego produktu. Zgodno\u015b\u0107 z tymi wymaganiami mo\u017cna r\u00f3wnie\u017c osi\u0105gn\u0105\u0107 poprzez zastosowanie wyznaczonych norm&hellip;&nbsp;\u9605\u8bfb\u66f4\u591a &raquo;UKCA\" \/>\n<meta property=\"og:url\" content=\"https:\/\/icr.you2.pl\/cn\/ukca\/\" \/>\n<meta property=\"og:site_name\" content=\"ICR POLSKA - badania i certyfikacja\" \/>\n<meta property=\"article:modified_time\" content=\"2022-09-13T12:13:43+00:00\" \/>\n<meta property=\"og:image\" content=\"http:\/\/icr.you2.pl\/wp-content\/uploads\/2022\/09\/ukca-mark.webp\" \/>\n<meta name=\"twitter:card\" content=\"summary_large_image\" \/>\n<meta name=\"twitter:label1\" content=\"\u9884\u8ba1\u9605\u8bfb\u65f6\u95f4\" \/>\n\t<meta name=\"twitter:data1\" content=\"2 \u5206\" \/>\n<script type=\"application\/ld+json\" class=\"yoast-schema-graph\">{\"@context\":\"https:\/\/schema.org\",\"@graph\":[{\"@type\":\"WebPage\",\"@id\":\"https:\/\/icr.you2.pl\/ukca\/\",\"url\":\"https:\/\/icr.you2.pl\/ukca\/\",\"name\":\"UKCA - ICR POLSKA - badania i certyfikacja\",\"isPartOf\":{\"@id\":\"https:\/\/icr.you2.pl\/#website\"},\"primaryImageOfPage\":{\"@id\":\"https:\/\/icr.you2.pl\/ukca\/#primaryimage\"},\"image\":{\"@id\":\"https:\/\/icr.you2.pl\/ukca\/#primaryimage\"},\"thumbnailUrl\":\"http:\/\/icr.you2.pl\/wp-content\/uploads\/2022\/09\/ukca-mark.webp\",\"datePublished\":\"2022-09-09T08:02:22+00:00\",\"dateModified\":\"2022-09-13T12:13:43+00:00\",\"breadcrumb\":{\"@id\":\"https:\/\/icr.you2.pl\/ukca\/#breadcrumb\"},\"inLanguage\":\"zh-Hans\",\"potentialAction\":[{\"@type\":\"ReadAction\",\"target\":[\"https:\/\/icr.you2.pl\/ukca\/\"]}]},{\"@type\":\"ImageObject\",\"inLanguage\":\"zh-Hans\",\"@id\":\"https:\/\/icr.you2.pl\/ukca\/#primaryimage\",\"url\":\"http:\/\/icr.you2.pl\/wp-content\/uploads\/2022\/09\/ukca-mark.webp\",\"contentUrl\":\"http:\/\/icr.you2.pl\/wp-content\/uploads\/2022\/09\/ukca-mark.webp\"},{\"@type\":\"BreadcrumbList\",\"@id\":\"https:\/\/icr.you2.pl\/ukca\/#breadcrumb\",\"itemListElement\":[{\"@type\":\"ListItem\",\"position\":1,\"name\":\"Strona g\u0142\u00f3wna\",\"item\":\"https:\/\/icr.you2.pl\/\"},{\"@type\":\"ListItem\",\"position\":2,\"name\":\"UKCA\"}]},{\"@type\":\"WebSite\",\"@id\":\"https:\/\/icr.you2.pl\/#website\",\"url\":\"https:\/\/icr.you2.pl\/\",\"name\":\"ICR POLSKA - badania i certyfikacja\",\"description\":\"CE certification, CE certificate, ISO certificate, RED testing, product testing and certification, electrical product testing, medical device testing, ATEX, IECEx, FCC, product certification, EMC testing, machinery certification, CE machines, training, electronic product testing, testing 2014\/53\/EU, drone certification, ISO 13485 certificate, ISO 9001 certificate, NC RfG\",\"publisher\":{\"@id\":\"https:\/\/icr.you2.pl\/#\/schema\/person\/944799c9e2f4a94662e3fcb3b1544baf\"},\"potentialAction\":[{\"@type\":\"SearchAction\",\"target\":{\"@type\":\"EntryPoint\",\"urlTemplate\":\"https:\/\/icr.you2.pl\/?s={search_term_string}\"},\"query-input\":{\"@type\":\"PropertyValueSpecification\",\"valueRequired\":true,\"valueName\":\"search_term_string\"}}],\"inLanguage\":\"zh-Hans\"},{\"@type\":[\"Person\",\"Organization\"],\"@id\":\"https:\/\/icr.you2.pl\/#\/schema\/person\/944799c9e2f4a94662e3fcb3b1544baf\",\"name\":\"admin\",\"image\":{\"@type\":\"ImageObject\",\"inLanguage\":\"zh-Hans\",\"@id\":\"https:\/\/icr.you2.pl\/#\/schema\/person\/image\/\",\"url\":\"https:\/\/icr.you2.pl\/wp-content\/uploads\/2019\/05\/cropped-logo-icr.32f04ad5-1-1.png\",\"contentUrl\":\"https:\/\/icr.you2.pl\/wp-content\/uploads\/2019\/05\/cropped-logo-icr.32f04ad5-1-1.png\",\"width\":400,\"height\":148,\"caption\":\"admin\"},\"logo\":{\"@id\":\"https:\/\/icr.you2.pl\/#\/schema\/person\/image\/\"}}]}<\/script>\n<!-- \/ Yoast SEO plugin. -->","yoast_head_json":{"title":"UKCA - ICR POLAND - \u6d4b\u8bd5\u548c\u8ba4\u8bc1","robots":{"index":"index","follow":"follow","max-snippet":"max-snippet:-1","max-image-preview":"max-image-preview:large","max-video-preview":"max-video-preview:-1"},"canonical":"https:\/\/icr.you2.pl\/cn\/ukca\/","og_locale":"zh_CN","og_type":"article","og_title":"UKCA - ICR POLSKA - badania i certyfikacja","og_description":"UKCA\u00a0jest oznaczeniem produkt\u00f3w wprowadzanych na rynek w Wielkiej Brytanii (Anglii, Szkocji i Walii). Oznakowanie UKCA ma zastosowanie do wi\u0119kszo\u015bci produkt\u00f3w wcze\u015bniej podlegaj\u0105cych oznakowaniu CE. Wymagania techniczne (czasami okre\u015blane jako &#8222;zasadnicze wymagania&#8221;), kt\u00f3re musz\u0105 by\u0107 spe\u0142nione dla oznakowania UKCA zale\u017c\u0105 od przepis\u00f3w dotycz\u0105cych konkretnego produktu. Zgodno\u015b\u0107 z tymi wymaganiami mo\u017cna r\u00f3wnie\u017c osi\u0105gn\u0105\u0107 poprzez zastosowanie wyznaczonych norm&hellip;&nbsp;\u9605\u8bfb\u66f4\u591a &raquo;UKCA","og_url":"https:\/\/icr.you2.pl\/cn\/ukca\/","og_site_name":"ICR POLSKA - badania i certyfikacja","article_modified_time":"2022-09-13T12:13:43+00:00","og_image":[{"url":"http:\/\/icr.you2.pl\/wp-content\/uploads\/2022\/09\/ukca-mark.webp","type":"","width":"","height":""}],"twitter_card":"summary_large_image","twitter_misc":{"\u9884\u8ba1\u9605\u8bfb\u65f6\u95f4":"2 \u5206"},"schema":{"@context":"https:\/\/schema.org","@graph":[{"@type":"WebPage","@id":"https:\/\/icr.you2.pl\/ukca\/","url":"https:\/\/icr.you2.pl\/ukca\/","name":"UKCA - ICR POLAND - \u6d4b\u8bd5\u548c\u8ba4\u8bc1","isPartOf":{"@id":"https:\/\/icr.you2.pl\/#website"},"primaryImageOfPage":{"@id":"https:\/\/icr.you2.pl\/ukca\/#primaryimage"},"image":{"@id":"https:\/\/icr.you2.pl\/ukca\/#primaryimage"},"thumbnailUrl":"http:\/\/icr.you2.pl\/wp-content\/uploads\/2022\/09\/ukca-mark.webp","datePublished":"2022-09-09T08:02:22+00:00","dateModified":"2022-09-13T12:13:43+00:00","breadcrumb":{"@id":"https:\/\/icr.you2.pl\/ukca\/#breadcrumb"},"inLanguage":"zh-Hans","potentialAction":[{"@type":"ReadAction","target":["https:\/\/icr.you2.pl\/ukca\/"]}]},{"@type":"ImageObject","inLanguage":"zh-Hans","@id":"https:\/\/icr.you2.pl\/ukca\/#primaryimage","url":"http:\/\/icr.you2.pl\/wp-content\/uploads\/2022\/09\/ukca-mark.webp","contentUrl":"http:\/\/icr.you2.pl\/wp-content\/uploads\/2022\/09\/ukca-mark.webp"},{"@type":"BreadcrumbList","@id":"https:\/\/icr.you2.pl\/ukca\/#breadcrumb","itemListElement":[{"@type":"ListItem","position":1,"name":"Strona g\u0142\u00f3wna","item":"https:\/\/icr.you2.pl\/"},{"@type":"ListItem","position":2,"name":"UKCA"}]},{"@type":"WebSite","@id":"https:\/\/icr.you2.pl\/#website","url":"https:\/\/icr.you2.pl\/","name":"ICR\u6ce2\u5170 - \u6d4b\u8bd5\u548c\u8ba4\u8bc1","description":"CE\u8ba4\u8bc1\u3001CE\u8bc1\u4e66\u3001ISO\u8bc1\u4e66\u3001RED\u6d4b\u8bd5\u3001\u4ea7\u54c1\u6d4b\u8bd5\u548c\u8ba4\u8bc1\u3001\u7535\u6c14\u4ea7\u54c1\u6d4b\u8bd5\u3001\u533b\u7597\u8bbe\u5907\u6d4b\u8bd5\u3001ATEX\u3001IECEx\u3001FCC\u3001\u4ea7\u54c1\u8ba4\u8bc1\u3001EMC\u6d4b\u8bd5\u3001\u673a\u68b0\u8ba4\u8bc1\u3001CE\u673a\u5668\u3001\u57f9\u8bad\u3001\u7535\u5b50\u4ea7\u54c1\u6d4b\u8bd5\u30012014\/53\/EU\u6d4b\u8bd5\u3001\u65e0\u4eba\u673a\u8ba4\u8bc1\u3001ISO 13485\u8bc1\u4e66\u3001ISO 9001\u8bc1\u4e66\u3001NC RfG","publisher":{"@id":"https:\/\/icr.you2.pl\/#\/schema\/person\/944799c9e2f4a94662e3fcb3b1544baf"},"potentialAction":[{"@type":"SearchAction","target":{"@type":"EntryPoint","urlTemplate":"https:\/\/icr.you2.pl\/?s={search_term_string}"},"query-input":{"@type":"PropertyValueSpecification","valueRequired":true,"valueName":"search_term_string"}}],"inLanguage":"zh-Hans"},{"@type":["Person","Organization"],"@id":"https:\/\/icr.you2.pl\/#\/schema\/person\/944799c9e2f4a94662e3fcb3b1544baf","name":"\u7ba1\u7406\u5458","image":{"@type":"ImageObject","inLanguage":"zh-Hans","@id":"https:\/\/icr.you2.pl\/#\/schema\/person\/image\/","url":"https:\/\/icr.you2.pl\/wp-content\/uploads\/2019\/05\/cropped-logo-icr.32f04ad5-1-1.png","contentUrl":"https:\/\/icr.you2.pl\/wp-content\/uploads\/2019\/05\/cropped-logo-icr.32f04ad5-1-1.png","width":400,"height":148,"caption":"admin"},"logo":{"@id":"https:\/\/icr.you2.pl\/#\/schema\/person\/image\/"}}]}},"_links":{"self":[{"href":"https:\/\/icr.you2.pl\/cn\/wp-json\/wp\/v2\/pages\/5813","targetHints":{"allow":["GET"]}}],"collection":[{"href":"https:\/\/icr.you2.pl\/cn\/wp-json\/wp\/v2\/pages"}],"about":[{"href":"https:\/\/icr.you2.pl\/cn\/wp-json\/wp\/v2\/types\/page"}],"author":[{"embeddable":true,"href":"https:\/\/icr.you2.pl\/cn\/wp-json\/wp\/v2\/users\/2"}],"replies":[{"embeddable":true,"href":"https:\/\/icr.you2.pl\/cn\/wp-json\/wp\/v2\/comments?post=5813"}],"version-history":[{"count":0,"href":"https:\/\/icr.you2.pl\/cn\/wp-json\/wp\/v2\/pages\/5813\/revisions"}],"wp:attachment":[{"href":"https:\/\/icr.you2.pl\/cn\/wp-json\/wp\/v2\/media?parent=5813"}],"curies":[{"name":"wp","href":"https:\/\/api.w.org\/{rel}","templated":true}]}}