{"id":703,"date":"2019-03-28T11:41:12","date_gmt":"2019-03-28T11:41:12","guid":{"rendered":"http:\/\/icrpolska.e-ksperci.pl\/?page_id=703"},"modified":"2022-09-07T23:30:55","modified_gmt":"2022-09-07T21:30:55","slug":"badania-emc-i-red","status":"publish","type":"page","link":"https:\/\/icr.you2.pl\/cn\/badania-wyrobow\/badania-emc-i-red\/","title":{"rendered":"LVD\u3001EMC\u548cRED\u6d4b\u8bd5"},"content":{"rendered":"<p><span style=\"font-weight: 400;\">\u6211\u4eec\u6839\u636e\u4e0eLVD\u3001EMC\u548cRED\u6307\u4ee4\u76f8\u534f\u8c03\u7684\u6807\u51c6\u8981\u6c42\u6d4b\u8bd5\u7535\u6c14\u548c\u7535\u5b50\u8bbe\u5907\u3002\u6211\u4eec\u65e2\u6d4b\u8bd5\u666e\u901a\u4f7f\u7528\u7684\u8bbe\u5907\uff0c\u4e5f\u6d4b\u8bd5\u81ea\u52a8\u5316\u7ec4\u4ef6\u3001\u6d4b\u91cf\u7cfb\u7edf\u6216\u533b\u7597\u8bbe\u5907\u3002<\/span><\/p>\r\n<p><span style=\"font-weight: 400;\">\u6211\u4eec\u5728LVD\u3001EMC\u548cRED\u6307\u4ee4\u7684\u8ba4\u8bc1\u8303\u56f4\u5185\u5bf9\u7535\u6c14\u548c\u7535\u5b50\u4ea7\u54c1\u8fdb\u884c\u6d4b\u8bd5\uff0c\u4e3b\u8981\u9488\u5bf9\u4ee5\u4e0b\u4ea7\u54c1\u7ec4\uff1a<\/span><\/p>\r\n<ul>\r\n<li style=\"font-weight: 400;\"><span style=\"font-weight: 400;\">\u7167\u660e\u8bbe\u5907\uff1b<\/span><\/li>\r\n<li style=\"font-weight: 400;\"><span style=\"font-weight: 400;\">\u6d88\u8d39\u7c7b\u7535\u5b50\u4ea7\u54c1\u548c\u767d\u8272\u5bb6\u7535\uff1b<\/span><\/li>\r\n<li style=\"font-weight: 400;\"><span style=\"font-weight: 400;\">\u533b\u7597\u8bbe\u5907\uff0c\u5305\u62ec\u4f53\u5916\u8bca\u65ad\uff1b<\/span><\/li>\r\n<li style=\"font-weight: 400;\"><span style=\"font-weight: 400;\">\u529e\u516c\u548cIT\u8bbe\u5907\uff0c\u5305\u62ec\u65e0\u7ebf\u7535\uff1b<\/span><\/li>\r\n<li style=\"font-weight: 400;\"><span style=\"font-weight: 400;\">\u5bb6\u5ead\u81ea\u52a8\u5316\u65e0\u7ebf\u7535\u8bbe\u5907\uff1b<\/span><\/li>\r\n<li style=\"font-weight: 400;\"><span style=\"font-weight: 400;\">\u81ea\u52a8\u7535\u6c14\u548c\u7535\u5b50\u63a7\u5236\u5668\uff1b<\/span><\/li>\r\n<li style=\"font-weight: 400;\"><span style=\"font-weight: 400;\">\u7535\u5b50\u6d4b\u91cf\u8bbe\u5907\uff1b<\/span><\/li>\r\n<li style=\"font-weight: 400;\"><span style=\"font-weight: 400;\">\u5de5\u4e1a\u7528\u6c34\u548c\u7a7a\u95f4\u52a0\u70ed\u548c\u51b7\u5374\u8bbe\u5907\uff1b<\/span><\/li>\r\n<li style=\"font-weight: 400;\"><span style=\"font-weight: 400;\">\u7a7a\u6c14\u51c0\u5316\u3001\u52a0\u6e7f\u548c\u7a7a\u8c03\u8bbe\u5907\uff1b<\/span><\/li>\r\n<li style=\"font-weight: 400;\"><span style=\"font-weight: 400;\">\u4e2a\u4eba\u62a4\u7406\u8bbe\u5907\uff1b<\/span><\/li>\r\n<li style=\"font-weight: 400;\"><span style=\"font-weight: 400;\">\u7535\u52a8\u5de5\u5177\uff1b<\/span><\/li>\r\n<li style=\"font-weight: 400;\"><span style=\"font-weight: 400;\">\u62df\u5728\u6f5c\u5728\u7206\u70b8\u6027\u73af\u5883\u4e2d\u4f7f\u7528\u7684\u7535\u6c14\u548c\u975e\u7535\u6c14\u8bbe\u5907\u3001\u90e8\u4ef6\u548c\u7cfb\u7edf\uff1b<\/span><\/li>\r\n<li style=\"font-weight: 400;\"><span style=\"font-weight: 400;\">\u6c7d\u8f66\u5de5\u4e1a\u7684\u7535\u6c14\u548c\u7535\u5b50\u8bbe\u5907\uff08\u6c7d\u8f66\uff09\u3002<\/span><\/li>\r\n<\/ul>\r\n\r\n<ul class=\"wp-block-gallery columns-3 is-cropped wp-block-gallery-1 is-layout-flex wp-block-gallery-is-layout-flex\">\r\n<li class=\"blocks-gallery-item\">\r\n<figure><a href=\"http:\/\/nowa.icrpolska.com\/wp-content\/uploads\/2019\/05\/icr-badania-LVD-EMC-RED-1.jpeg\"><img fetchpriority=\"high\" decoding=\"async\" class=\"alignnone wp-image-2170\" src=\"http:\/\/nowa.icrpolska.com\/wp-content\/uploads\/2019\/05\/icr-badania-LVD-EMC-RED-1.jpeg\" alt=\"LVD\u3001EMC\u548cRED\u6d4b\u8bd5\" width=\"768\" height=\"515\" data-id=\"2170\" data-link=\"http:\/\/nowa.icrpolska.com\/badania\/icr-badania-lvd-emc-red-1\/\" srcset=\"https:\/\/icr.you2.pl\/wp-content\/uploads\/2019\/05\/icr-badania-LVD-EMC-RED-1.jpeg 768w, https:\/\/icr.you2.pl\/wp-content\/uploads\/2019\/05\/icr-badania-LVD-EMC-RED-1-300x201.jpeg 300w\" sizes=\"(max-width: 768px) 100vw, 768px\" \/><\/a><\/figure>\r\n<\/li>\r\n<li class=\"blocks-gallery-item\">\r\n<figure><a href=\"http:\/\/nowa.icrpolska.com\/wp-content\/uploads\/2019\/05\/icr-badania-LVD-EMC-RED-2.jpg\"><img decoding=\"async\" class=\"alignnone wp-image-2171\" src=\"http:\/\/nowa.icrpolska.com\/wp-content\/uploads\/2019\/05\/icr-badania-LVD-EMC-RED-2.jpg\" alt=\"LVD\u3001EMC\u548cRED\u6d4b\u8bd5\" width=\"768\" height=\"513\" data-id=\"2171\" data-link=\"http:\/\/nowa.icrpolska.com\/badania\/icr-badania-lvd-emc-red-2\/\" srcset=\"https:\/\/icr.you2.pl\/wp-content\/uploads\/2019\/05\/icr-badania-LVD-EMC-RED-2.jpg 768w, https:\/\/icr.you2.pl\/wp-content\/uploads\/2019\/05\/icr-badania-LVD-EMC-RED-2-300x200.jpg 300w\" sizes=\"(max-width: 768px) 100vw, 768px\" \/><\/a><\/figure>\r\n<\/li>\r\n<li class=\"blocks-gallery-item\">\r\n<figure><a href=\"http:\/\/nowa.icrpolska.com\/wp-content\/uploads\/2019\/05\/icr-badania-LVD-EMC-RED-3.jpg\"><img decoding=\"async\" class=\"alignnone wp-image-2172\" src=\"http:\/\/nowa.icrpolska.com\/wp-content\/uploads\/2019\/05\/icr-badania-LVD-EMC-RED-3.jpg\" alt=\"LVD\u3001EMC\u548cRED\u6d4b\u8bd5\" width=\"768\" height=\"513\" data-id=\"2172\" data-link=\"http:\/\/nowa.icrpolska.com\/badania\/icr-badania-lvd-emc-red-3\/\" srcset=\"https:\/\/icr.you2.pl\/wp-content\/uploads\/2019\/05\/icr-badania-LVD-EMC-RED-3.jpg 768w, https:\/\/icr.you2.pl\/wp-content\/uploads\/2019\/05\/icr-badania-LVD-EMC-RED-3-300x200.jpg 300w\" sizes=\"(max-width: 768px) 100vw, 768px\" \/><\/a><\/figure>\r\n<\/li>\r\n<li class=\"blocks-gallery-item\">\r\n<figure><a href=\"http:\/\/nowa.icrpolska.com\/wp-content\/uploads\/2019\/05\/icr-badania-LVD-EMC-RED-4.jpg\"><img loading=\"lazy\" decoding=\"async\" class=\"alignnone wp-image-2173\" src=\"http:\/\/nowa.icrpolska.com\/wp-content\/uploads\/2019\/05\/icr-badania-LVD-EMC-RED-4.jpg\" alt=\"LVD\u3001EMC\u548cRED\u6d4b\u8bd5\" width=\"768\" height=\"513\" data-id=\"2173\" data-link=\"http:\/\/nowa.icrpolska.com\/badania\/icr-badania-lvd-emc-red-4\/\" srcset=\"https:\/\/icr.you2.pl\/wp-content\/uploads\/2019\/05\/icr-badania-LVD-EMC-RED-4.jpg 768w, https:\/\/icr.you2.pl\/wp-content\/uploads\/2019\/05\/icr-badania-LVD-EMC-RED-4-300x200.jpg 300w\" sizes=\"(max-width: 768px) 100vw, 768px\" \/><\/a><\/figure>\r\n<\/li>\r\n<\/ul>","protected":false},"excerpt":{"rendered":"<p>\u6211\u4eec\u6839\u636e\u4e0eLVD\u3001EMC\u548cRED\u6307\u4ee4\u76f8\u534f\u8c03\u7684\u6807\u51c6\u8981\u6c42\u6d4b\u8bd5\u7535\u6c14\u548c\u7535\u5b50\u8bbe\u5907\u3002\u6211\u4eec\u65e2\u6d4b\u8bd5\u666e\u901a\u4f7f\u7528\u7684\u8bbe\u5907\uff0c\u4e5f\u6d4b\u8bd5\u81ea\u52a8\u5316\u7ec4\u4ef6\u3001\u6d4b\u91cf\u7cfb\u7edf\u6216\u533b\u7597\u8bbe\u5907\u3002\u6211\u4eec\u5728LVD\u3001EMC\u548cRED\u6307\u4ee4\u7684\u8ba4\u8bc1\u8303\u56f4\u5185\u5bf9\u7535\u6c14\u548c\u7535\u5b50\u4ea7\u54c1\u8fdb\u884c\u6d4b\u8bd5\uff0c\u5176\u4e2d\u5305\u62ec\u4ee5\u4e0b\u51e0\u7c7b\u4ea7\u54c1\uff1a...&nbsp;<a href=\"https:\/\/icr.you2.pl\/cn\/badania-wyrobow\/badania-emc-i-red\/\" rel=\"bookmark\">\u9605\u8bfb\u66f4\u591a \"<span class=\"screen-reader-text\">LVD\u3001EMC\u548cRED\u6d4b\u8bd5<\/span><\/a><\/p>","protected":false},"author":1,"featured_media":0,"parent":979,"menu_order":0,"comment_status":"closed","ping_status":"closed","template":"","meta":{"neve_meta_sidebar":"","neve_meta_container":"","neve_meta_enable_content_width":"off","neve_meta_content_width":70,"neve_meta_title_alignment":"","neve_meta_author_avatar":"","neve_post_elements_order":"","neve_meta_disable_header":"","neve_meta_disable_footer":"","neve_meta_disable_title":"","footnotes":""},"class_list":["post-703","page","type-page","status-publish","hentry"],"yoast_head":"<!-- This site is optimized with the Yoast SEO plugin v26.8 - https:\/\/yoast.com\/product\/yoast-seo-wordpress\/ -->\n<title>Badania LVD, EMC i RED - ICR POLSKA - badania i certyfikacja<\/title>\n<meta name=\"robots\" content=\"index, follow, max-snippet:-1, max-image-preview:large, max-video-preview:-1\" \/>\n<link rel=\"canonical\" href=\"https:\/\/icr.you2.pl\/cn\/badania-wyrobow\/badania-emc-i-red\/\" \/>\n<meta property=\"og:locale\" content=\"zh_CN\" \/>\n<meta property=\"og:type\" content=\"article\" \/>\n<meta property=\"og:title\" content=\"Badania LVD, EMC i RED - ICR POLSKA - badania i certyfikacja\" \/>\n<meta property=\"og:description\" content=\"Wykonujemy badania urz\u0105dze\u0144 elektrycznych i elektronicznych zgodnie z wymaganiami norm zharmonizowanych z dyrektywami LVD, EMC oraz RED. Badamy zar\u00f3wno sprz\u0119t powszechnego u\u017cytku, jak i elementy automatyki, systemy pomiarowe lub wyroby medyczne. Wykonujemy badania wyrob\u00f3w elektrycznych i elektronicznych w zakresie posiadanej akredytacji w zakresie obj\u0119tym dyrektywami LVD, EMC oraz RED mi\u0119dzy innymi dla nast\u0119puj\u0105cych grup wyrob\u00f3w:&hellip;&nbsp;\u9605\u8bfb\u66f4\u591a &raquo;Badania LVD, EMC i RED\" \/>\n<meta property=\"og:url\" content=\"https:\/\/icr.you2.pl\/cn\/badania-wyrobow\/badania-emc-i-red\/\" \/>\n<meta property=\"og:site_name\" content=\"ICR POLSKA - badania i certyfikacja\" \/>\n<meta property=\"article:modified_time\" content=\"2022-09-07T21:30:55+00:00\" \/>\n<meta property=\"og:image\" content=\"http:\/\/nowa.icrpolska.com\/wp-content\/uploads\/2019\/05\/icr-badania-LVD-EMC-RED-1.jpeg\" \/>\n<meta name=\"twitter:card\" content=\"summary_large_image\" \/>\n<meta name=\"twitter:label1\" content=\"\u9884\u8ba1\u9605\u8bfb\u65f6\u95f4\" \/>\n\t<meta name=\"twitter:data1\" content=\"2 \u5206\" \/>\n<script type=\"application\/ld+json\" class=\"yoast-schema-graph\">{\"@context\":\"https:\/\/schema.org\",\"@graph\":[{\"@type\":\"WebPage\",\"@id\":\"https:\/\/icr.you2.pl\/badania-wyrobow\/badania-emc-i-red\/\",\"url\":\"https:\/\/icr.you2.pl\/badania-wyrobow\/badania-emc-i-red\/\",\"name\":\"Badania LVD, EMC i RED - ICR POLSKA - badania i certyfikacja\",\"isPartOf\":{\"@id\":\"https:\/\/icr.you2.pl\/#website\"},\"primaryImageOfPage\":{\"@id\":\"https:\/\/icr.you2.pl\/badania-wyrobow\/badania-emc-i-red\/#primaryimage\"},\"image\":{\"@id\":\"https:\/\/icr.you2.pl\/badania-wyrobow\/badania-emc-i-red\/#primaryimage\"},\"thumbnailUrl\":\"http:\/\/nowa.icrpolska.com\/wp-content\/uploads\/2019\/05\/icr-badania-LVD-EMC-RED-1.jpeg\",\"datePublished\":\"2019-03-28T11:41:12+00:00\",\"dateModified\":\"2022-09-07T21:30:55+00:00\",\"breadcrumb\":{\"@id\":\"https:\/\/icr.you2.pl\/badania-wyrobow\/badania-emc-i-red\/#breadcrumb\"},\"inLanguage\":\"zh-Hans\",\"potentialAction\":[{\"@type\":\"ReadAction\",\"target\":[\"https:\/\/icr.you2.pl\/badania-wyrobow\/badania-emc-i-red\/\"]}]},{\"@type\":\"ImageObject\",\"inLanguage\":\"zh-Hans\",\"@id\":\"https:\/\/icr.you2.pl\/badania-wyrobow\/badania-emc-i-red\/#primaryimage\",\"url\":\"http:\/\/nowa.icrpolska.com\/wp-content\/uploads\/2019\/05\/icr-badania-LVD-EMC-RED-1.jpeg\",\"contentUrl\":\"http:\/\/nowa.icrpolska.com\/wp-content\/uploads\/2019\/05\/icr-badania-LVD-EMC-RED-1.jpeg\"},{\"@type\":\"BreadcrumbList\",\"@id\":\"https:\/\/icr.you2.pl\/badania-wyrobow\/badania-emc-i-red\/#breadcrumb\",\"itemListElement\":[{\"@type\":\"ListItem\",\"position\":1,\"name\":\"Strona g\u0142\u00f3wna\",\"item\":\"https:\/\/icr.you2.pl\/\"},{\"@type\":\"ListItem\",\"position\":2,\"name\":\"Badania wyrob\u00f3w\",\"item\":\"https:\/\/icr.you2.pl\/badania-wyrobow\/\"},{\"@type\":\"ListItem\",\"position\":3,\"name\":\"Badania LVD, EMC i RED\"}]},{\"@type\":\"WebSite\",\"@id\":\"https:\/\/icr.you2.pl\/#website\",\"url\":\"https:\/\/icr.you2.pl\/\",\"name\":\"ICR POLSKA - badania i certyfikacja\",\"description\":\"CE certification, CE certificate, ISO certificate, RED testing, product testing and certification, electrical product testing, medical device testing, ATEX, IECEx, FCC, product certification, EMC testing, machinery certification, CE machines, training, electronic product testing, testing 2014\/53\/EU, drone certification, ISO 13485 certificate, ISO 9001 certificate, NC RfG\",\"publisher\":{\"@id\":\"https:\/\/icr.you2.pl\/#\/schema\/person\/944799c9e2f4a94662e3fcb3b1544baf\"},\"potentialAction\":[{\"@type\":\"SearchAction\",\"target\":{\"@type\":\"EntryPoint\",\"urlTemplate\":\"https:\/\/icr.you2.pl\/?s={search_term_string}\"},\"query-input\":{\"@type\":\"PropertyValueSpecification\",\"valueRequired\":true,\"valueName\":\"search_term_string\"}}],\"inLanguage\":\"zh-Hans\"},{\"@type\":[\"Person\",\"Organization\"],\"@id\":\"https:\/\/icr.you2.pl\/#\/schema\/person\/944799c9e2f4a94662e3fcb3b1544baf\",\"name\":\"admin\",\"image\":{\"@type\":\"ImageObject\",\"inLanguage\":\"zh-Hans\",\"@id\":\"https:\/\/icr.you2.pl\/#\/schema\/person\/image\/\",\"url\":\"https:\/\/icr.you2.pl\/wp-content\/uploads\/2019\/05\/cropped-logo-icr.32f04ad5-1-1.png\",\"contentUrl\":\"https:\/\/icr.you2.pl\/wp-content\/uploads\/2019\/05\/cropped-logo-icr.32f04ad5-1-1.png\",\"width\":400,\"height\":148,\"caption\":\"admin\"},\"logo\":{\"@id\":\"https:\/\/icr.you2.pl\/#\/schema\/person\/image\/\"}}]}<\/script>\n<!-- \/ Yoast SEO plugin. -->","yoast_head_json":{"title":"LVD\u3001EMC\u548cRED\u6d4b\u8bd5 - ICR POLAND - \u6d4b\u8bd5\u548c\u8ba4\u8bc1","robots":{"index":"index","follow":"follow","max-snippet":"max-snippet:-1","max-image-preview":"max-image-preview:large","max-video-preview":"max-video-preview:-1"},"canonical":"https:\/\/icr.you2.pl\/cn\/badania-wyrobow\/badania-emc-i-red\/","og_locale":"zh_CN","og_type":"article","og_title":"Badania LVD, EMC i RED - ICR POLSKA - badania i certyfikacja","og_description":"Wykonujemy badania urz\u0105dze\u0144 elektrycznych i elektronicznych zgodnie z wymaganiami norm zharmonizowanych z dyrektywami LVD, EMC oraz RED. Badamy zar\u00f3wno sprz\u0119t powszechnego u\u017cytku, jak i elementy automatyki, systemy pomiarowe lub wyroby medyczne. Wykonujemy badania wyrob\u00f3w elektrycznych i elektronicznych w zakresie posiadanej akredytacji w zakresie obj\u0119tym dyrektywami LVD, EMC oraz RED mi\u0119dzy innymi dla nast\u0119puj\u0105cych grup wyrob\u00f3w:&hellip;&nbsp;\u9605\u8bfb\u66f4\u591a &raquo;Badania LVD, EMC i RED","og_url":"https:\/\/icr.you2.pl\/cn\/badania-wyrobow\/badania-emc-i-red\/","og_site_name":"ICR POLSKA - badania i certyfikacja","article_modified_time":"2022-09-07T21:30:55+00:00","og_image":[{"url":"http:\/\/nowa.icrpolska.com\/wp-content\/uploads\/2019\/05\/icr-badania-LVD-EMC-RED-1.jpeg","type":"","width":"","height":""}],"twitter_card":"summary_large_image","twitter_misc":{"\u9884\u8ba1\u9605\u8bfb\u65f6\u95f4":"2 \u5206"},"schema":{"@context":"https:\/\/schema.org","@graph":[{"@type":"WebPage","@id":"https:\/\/icr.you2.pl\/badania-wyrobow\/badania-emc-i-red\/","url":"https:\/\/icr.you2.pl\/badania-wyrobow\/badania-emc-i-red\/","name":"LVD\u3001EMC\u548cRED\u6d4b\u8bd5 - ICR POLAND - \u6d4b\u8bd5\u548c\u8ba4\u8bc1","isPartOf":{"@id":"https:\/\/icr.you2.pl\/#website"},"primaryImageOfPage":{"@id":"https:\/\/icr.you2.pl\/badania-wyrobow\/badania-emc-i-red\/#primaryimage"},"image":{"@id":"https:\/\/icr.you2.pl\/badania-wyrobow\/badania-emc-i-red\/#primaryimage"},"thumbnailUrl":"http:\/\/nowa.icrpolska.com\/wp-content\/uploads\/2019\/05\/icr-badania-LVD-EMC-RED-1.jpeg","datePublished":"2019-03-28T11:41:12+00:00","dateModified":"2022-09-07T21:30:55+00:00","breadcrumb":{"@id":"https:\/\/icr.you2.pl\/badania-wyrobow\/badania-emc-i-red\/#breadcrumb"},"inLanguage":"zh-Hans","potentialAction":[{"@type":"ReadAction","target":["https:\/\/icr.you2.pl\/badania-wyrobow\/badania-emc-i-red\/"]}]},{"@type":"ImageObject","inLanguage":"zh-Hans","@id":"https:\/\/icr.you2.pl\/badania-wyrobow\/badania-emc-i-red\/#primaryimage","url":"http:\/\/nowa.icrpolska.com\/wp-content\/uploads\/2019\/05\/icr-badania-LVD-EMC-RED-1.jpeg","contentUrl":"http:\/\/nowa.icrpolska.com\/wp-content\/uploads\/2019\/05\/icr-badania-LVD-EMC-RED-1.jpeg"},{"@type":"BreadcrumbList","@id":"https:\/\/icr.you2.pl\/badania-wyrobow\/badania-emc-i-red\/#breadcrumb","itemListElement":[{"@type":"ListItem","position":1,"name":"Strona g\u0142\u00f3wna","item":"https:\/\/icr.you2.pl\/"},{"@type":"ListItem","position":2,"name":"Badania wyrob\u00f3w","item":"https:\/\/icr.you2.pl\/badania-wyrobow\/"},{"@type":"ListItem","position":3,"name":"Badania LVD, EMC i RED"}]},{"@type":"WebSite","@id":"https:\/\/icr.you2.pl\/#website","url":"https:\/\/icr.you2.pl\/","name":"ICR\u6ce2\u5170 - \u6d4b\u8bd5\u548c\u8ba4\u8bc1","description":"CE\u8ba4\u8bc1\u3001CE\u8bc1\u4e66\u3001ISO\u8bc1\u4e66\u3001RED\u6d4b\u8bd5\u3001\u4ea7\u54c1\u6d4b\u8bd5\u548c\u8ba4\u8bc1\u3001\u7535\u6c14\u4ea7\u54c1\u6d4b\u8bd5\u3001\u533b\u7597\u8bbe\u5907\u6d4b\u8bd5\u3001ATEX\u3001IECEx\u3001FCC\u3001\u4ea7\u54c1\u8ba4\u8bc1\u3001EMC\u6d4b\u8bd5\u3001\u673a\u68b0\u8ba4\u8bc1\u3001CE\u673a\u5668\u3001\u57f9\u8bad\u3001\u7535\u5b50\u4ea7\u54c1\u6d4b\u8bd5\u30012014\/53\/EU\u6d4b\u8bd5\u3001\u65e0\u4eba\u673a\u8ba4\u8bc1\u3001ISO 13485\u8bc1\u4e66\u3001ISO 9001\u8bc1\u4e66\u3001NC RfG","publisher":{"@id":"https:\/\/icr.you2.pl\/#\/schema\/person\/944799c9e2f4a94662e3fcb3b1544baf"},"potentialAction":[{"@type":"SearchAction","target":{"@type":"EntryPoint","urlTemplate":"https:\/\/icr.you2.pl\/?s={search_term_string}"},"query-input":{"@type":"PropertyValueSpecification","valueRequired":true,"valueName":"search_term_string"}}],"inLanguage":"zh-Hans"},{"@type":["Person","Organization"],"@id":"https:\/\/icr.you2.pl\/#\/schema\/person\/944799c9e2f4a94662e3fcb3b1544baf","name":"\u7ba1\u7406\u5458","image":{"@type":"ImageObject","inLanguage":"zh-Hans","@id":"https:\/\/icr.you2.pl\/#\/schema\/person\/image\/","url":"https:\/\/icr.you2.pl\/wp-content\/uploads\/2019\/05\/cropped-logo-icr.32f04ad5-1-1.png","contentUrl":"https:\/\/icr.you2.pl\/wp-content\/uploads\/2019\/05\/cropped-logo-icr.32f04ad5-1-1.png","width":400,"height":148,"caption":"admin"},"logo":{"@id":"https:\/\/icr.you2.pl\/#\/schema\/person\/image\/"}}]}},"_links":{"self":[{"href":"https:\/\/icr.you2.pl\/cn\/wp-json\/wp\/v2\/pages\/703","targetHints":{"allow":["GET"]}}],"collection":[{"href":"https:\/\/icr.you2.pl\/cn\/wp-json\/wp\/v2\/pages"}],"about":[{"href":"https:\/\/icr.you2.pl\/cn\/wp-json\/wp\/v2\/types\/page"}],"author":[{"embeddable":true,"href":"https:\/\/icr.you2.pl\/cn\/wp-json\/wp\/v2\/users\/1"}],"replies":[{"embeddable":true,"href":"https:\/\/icr.you2.pl\/cn\/wp-json\/wp\/v2\/comments?post=703"}],"version-history":[{"count":0,"href":"https:\/\/icr.you2.pl\/cn\/wp-json\/wp\/v2\/pages\/703\/revisions"}],"up":[{"embeddable":true,"href":"https:\/\/icr.you2.pl\/cn\/wp-json\/wp\/v2\/pages\/979"}],"wp:attachment":[{"href":"https:\/\/icr.you2.pl\/cn\/wp-json\/wp\/v2\/media?parent=703"}],"curies":[{"name":"wp","href":"https:\/\/api.w.org\/{rel}","templated":true}]}}