{"id":8288,"date":"2023-01-31T14:45:04","date_gmt":"2023-01-31T13:45:04","guid":{"rendered":"https:\/\/icrpolska.com\/?page_id=8288"},"modified":"2023-01-31T14:51:51","modified_gmt":"2023-01-31T13:51:51","slug":"ekspertyzy","status":"publish","type":"page","link":"https:\/\/icr.you2.pl\/cn\/ekspertyzy\/","title":{"rendered":"\u4e13\u5bb6\u62a5\u544a\u3001\u610f\u89c1"},"content":{"rendered":"<p>ICR Polska\u5229\u7528\u5176\u5728\u8bc4\u4f30\u7535\u5b50\u4ea7\u54c1\u3001\u673a\u5668\u65b9\u9762\u7684\u7ecf\u9a8c\uff0c\u5e76\u4ee5\u5176\u5408\u683c\u7684\u5de5\u4f5c\u4eba\u5458\uff0c\u9080\u8bf7\u60a8\u4ee3\u8868\u884c\u653f\u5f53\u5c40\u3001\u4fdd\u9669\u516c\u53f8\u3001\u5236\u9020\u5546\u548c\u8fdb\u53e3\u5546\u4ee5\u53ca\u4e2a\u4eba\uff0c\u5728\u4ee5\u4e0b\u9886\u57df\u5229\u7528\u4e13\u5bb6\u610f\u89c1\u3001\u610f\u89c1\u548c\u6280\u672f\u5206\u6790\uff1a<\/p>\n<ul>\n<li>\u5173\u4e8e\u7535\u5b50\u8bbe\u5907\u548c\u673a\u5668\u7684\u6280\u672f\u610f\u89c1\u3001<\/li>\n<li>\u5728\u8bc4\u4f30\u7535\u5b50\u8bbe\u5907\u548c\u673a\u5668\u53d1\u751f\u6545\u969c\u540e\u7684\u539f\u56e0\u548c\u635f\u5bb3\u7a0b\u5ea6\u65b9\u9762\u7684\u6280\u672f\u4e13\u957f\u3001<\/li>\n<li>\u4ee3\u8868\u5e0c\u671b\u8d2d\u4e70\u65b0\u7684\u6216\u4e8c\u624b\u7535\u5b50\u8bbe\u5907\u3001\u673a\u68b0\u7684\u6f5c\u5728\u4e1a\u4e3b\u8fdb\u884c\u6761\u4ef6\u8bc4\u4f30\u3001<\/li>\n<li>\u5c31\u7535\u5b50\u8bbe\u5907\u548c\u673a\u5668\u7684\u7535\u6c14\u6027\u80fd\u4ee5\u53ca\u673a\u68b0\u8bbe\u8ba1\u63d0\u4f9b\u4e13\u5bb6\u610f\u89c1\u3001<\/li>\n<li>\u5728\u4f7f\u7535\u5b50\u8bbe\u5907\u9002\u5e94\u5404\u79cd\u5e02\u573a\u7684\u8981\u6c42\u548c\u89c4\u5b9a\u65b9\u9762\u7684\u4e13\u4e1a\u77e5\u8bc6\u3002<\/li>\n<\/ul>","protected":false},"excerpt":{"rendered":"<p>ICR Polska \u516c\u53f8\u5229\u7528\u5176\u5728\u7535\u5b50\u4ea7\u54c1\u548c\u673a\u5668\u8bc4\u4f30\u65b9\u9762\u7684\u7ecf\u9a8c\uff0c\u5e76\u62e5\u6709\u4e00\u652f\u9ad8\u7d20\u8d28\u7684\u5458\u5de5\u961f\u4f0d\uff0c\u8bda\u9080\u60a8\u4ee3\u8868\u884c\u653f\u673a\u5173\u3001\u4fdd\u9669\u516c\u53f8\u3001\u5236\u9020\u5546\u3001\u8fdb\u53e3\u5546\u548c\u4e2a\u4eba\u5728\u4ee5\u4e0b\u9886\u57df\u63d0\u4f9b\u4e13\u5bb6\u610f\u89c1\u3001\u89c2\u70b9\u548c\u6280\u672f\u5206\u6790\uff1a\u7535\u5b50\u8bbe\u5907\u548c\u673a\u5668\u65b9\u9762\u7684\u6280\u672f\u610f\u89c1\u3001\u8bc4\u4f30\u7535\u5b50\u4ea7\u54c1\u548c\u673a\u5668\u6545\u969c\u539f\u56e0\u548c\u7a0b\u5ea6\u7684\u4e13\u4e1a\u6280\u672f\u77e5\u8bc6......&nbsp;<a href=\"https:\/\/icr.you2.pl\/cn\/ekspertyzy\/\" rel=\"bookmark\">\u9605\u8bfb\u66f4\u591a \"<span class=\"screen-reader-text\">\u4e13\u5bb6\u62a5\u544a\u3001\u610f\u89c1<\/span><\/a><\/p>","protected":false},"author":2,"featured_media":0,"parent":0,"menu_order":0,"comment_status":"closed","ping_status":"closed","template":"","meta":{"neve_meta_sidebar":"","neve_meta_container":"","neve_meta_enable_content_width":"off","neve_meta_content_width":100,"neve_meta_title_alignment":"","neve_meta_author_avatar":"","neve_post_elements_order":"","neve_meta_disable_header":"","neve_meta_disable_footer":"","neve_meta_disable_title":"","footnotes":""},"class_list":["post-8288","page","type-page","status-publish","hentry"],"yoast_head":"<!-- This site is optimized with the Yoast SEO plugin v26.8 - https:\/\/yoast.com\/product\/yoast-seo-wordpress\/ -->\n<title>Ekspertyzy, Opinie - ICR POLSKA - badania i certyfikacja<\/title>\n<meta name=\"robots\" content=\"index, follow, max-snippet:-1, max-image-preview:large, max-video-preview:-1\" \/>\n<link rel=\"canonical\" href=\"https:\/\/icr.you2.pl\/cn\/ekspertyzy\/\" \/>\n<meta property=\"og:locale\" content=\"zh_CN\" \/>\n<meta property=\"og:type\" content=\"article\" \/>\n<meta property=\"og:title\" content=\"Ekspertyzy, Opinie - ICR POLSKA - badania i certyfikacja\" \/>\n<meta property=\"og:description\" content=\"ICR Polska wykorzystuj\u0105c swoje do\u015bwiadczenie w ocenie wyrob\u00f3w elektronicznych, maszyn, dysponuj\u0105c wykwalifikowan\u0105 kadr\u0105 zaprasza do skorzystania z ekspertyz, opinii oraz analiz technicznych na rzecz m.in. urz\u0119d\u00f3w administracji, firm ubezpieczaj\u0105cych, producent\u00f3w i importer\u00f3w oraz os\u00f3b fizycznych\u00a0w poni\u017cszym zakresie: opinia techniczna w odniesieniu do urz\u0105dze\u0144 elektronicznych i maszyn, ekspertyza techniczna w zakresie oceny przyczyn i wielko\u015bci szk\u00f3d&hellip;&nbsp;\u9605\u8bfb\u66f4\u591a &raquo;Ekspertyzy, Opinie\" \/>\n<meta property=\"og:url\" content=\"https:\/\/icr.you2.pl\/cn\/ekspertyzy\/\" \/>\n<meta property=\"og:site_name\" content=\"ICR POLSKA - badania i certyfikacja\" \/>\n<meta property=\"article:modified_time\" content=\"2023-01-31T13:51:51+00:00\" \/>\n<meta name=\"twitter:card\" content=\"summary_large_image\" \/>\n<meta name=\"twitter:label1\" content=\"\u9884\u8ba1\u9605\u8bfb\u65f6\u95f4\" \/>\n\t<meta name=\"twitter:data1\" content=\"1 \u5206\" \/>\n<script type=\"application\/ld+json\" class=\"yoast-schema-graph\">{\"@context\":\"https:\/\/schema.org\",\"@graph\":[{\"@type\":\"WebPage\",\"@id\":\"https:\/\/icr.you2.pl\/ekspertyzy\/\",\"url\":\"https:\/\/icr.you2.pl\/ekspertyzy\/\",\"name\":\"Ekspertyzy, Opinie - ICR POLSKA - badania i certyfikacja\",\"isPartOf\":{\"@id\":\"https:\/\/icr.you2.pl\/#website\"},\"datePublished\":\"2023-01-31T13:45:04+00:00\",\"dateModified\":\"2023-01-31T13:51:51+00:00\",\"breadcrumb\":{\"@id\":\"https:\/\/icr.you2.pl\/ekspertyzy\/#breadcrumb\"},\"inLanguage\":\"zh-Hans\",\"potentialAction\":[{\"@type\":\"ReadAction\",\"target\":[\"https:\/\/icr.you2.pl\/ekspertyzy\/\"]}]},{\"@type\":\"BreadcrumbList\",\"@id\":\"https:\/\/icr.you2.pl\/ekspertyzy\/#breadcrumb\",\"itemListElement\":[{\"@type\":\"ListItem\",\"position\":1,\"name\":\"Strona g\u0142\u00f3wna\",\"item\":\"https:\/\/icr.you2.pl\/\"},{\"@type\":\"ListItem\",\"position\":2,\"name\":\"Ekspertyzy, Opinie\"}]},{\"@type\":\"WebSite\",\"@id\":\"https:\/\/icr.you2.pl\/#website\",\"url\":\"https:\/\/icr.you2.pl\/\",\"name\":\"ICR POLSKA - badania i certyfikacja\",\"description\":\"CE certification, CE certificate, ISO certificate, RED testing, product testing and certification, electrical product testing, medical device testing, ATEX, IECEx, FCC, product certification, EMC testing, machinery certification, CE machines, training, electronic product testing, testing 2014\/53\/EU, drone certification, ISO 13485 certificate, ISO 9001 certificate, NC RfG\",\"publisher\":{\"@id\":\"https:\/\/icr.you2.pl\/#\/schema\/person\/944799c9e2f4a94662e3fcb3b1544baf\"},\"potentialAction\":[{\"@type\":\"SearchAction\",\"target\":{\"@type\":\"EntryPoint\",\"urlTemplate\":\"https:\/\/icr.you2.pl\/?s={search_term_string}\"},\"query-input\":{\"@type\":\"PropertyValueSpecification\",\"valueRequired\":true,\"valueName\":\"search_term_string\"}}],\"inLanguage\":\"zh-Hans\"},{\"@type\":[\"Person\",\"Organization\"],\"@id\":\"https:\/\/icr.you2.pl\/#\/schema\/person\/944799c9e2f4a94662e3fcb3b1544baf\",\"name\":\"admin\",\"image\":{\"@type\":\"ImageObject\",\"inLanguage\":\"zh-Hans\",\"@id\":\"https:\/\/icr.you2.pl\/#\/schema\/person\/image\/\",\"url\":\"https:\/\/icr.you2.pl\/wp-content\/uploads\/2019\/05\/cropped-logo-icr.32f04ad5-1-1.png\",\"contentUrl\":\"https:\/\/icr.you2.pl\/wp-content\/uploads\/2019\/05\/cropped-logo-icr.32f04ad5-1-1.png\",\"width\":400,\"height\":148,\"caption\":\"admin\"},\"logo\":{\"@id\":\"https:\/\/icr.you2.pl\/#\/schema\/person\/image\/\"}}]}<\/script>\n<!-- \/ Yoast SEO plugin. -->","yoast_head_json":{"title":"\u4e13\u5bb6\u62a5\u544a\u3001\u610f\u89c1 - ICR \u6ce2\u5170 - \u6d4b\u8bd5\u548c\u8ba4\u8bc1","robots":{"index":"index","follow":"follow","max-snippet":"max-snippet:-1","max-image-preview":"max-image-preview:large","max-video-preview":"max-video-preview:-1"},"canonical":"https:\/\/icr.you2.pl\/cn\/ekspertyzy\/","og_locale":"zh_CN","og_type":"article","og_title":"Ekspertyzy, Opinie - ICR POLSKA - badania i certyfikacja","og_description":"ICR Polska wykorzystuj\u0105c swoje do\u015bwiadczenie w ocenie wyrob\u00f3w elektronicznych, maszyn, dysponuj\u0105c wykwalifikowan\u0105 kadr\u0105 zaprasza do skorzystania z ekspertyz, opinii oraz analiz technicznych na rzecz m.in. urz\u0119d\u00f3w administracji, firm ubezpieczaj\u0105cych, producent\u00f3w i importer\u00f3w oraz os\u00f3b fizycznych\u00a0w poni\u017cszym zakresie: opinia techniczna w odniesieniu do urz\u0105dze\u0144 elektronicznych i maszyn, ekspertyza techniczna w zakresie oceny przyczyn i wielko\u015bci szk\u00f3d&hellip;&nbsp;\u9605\u8bfb\u66f4\u591a &raquo;Ekspertyzy, Opinie","og_url":"https:\/\/icr.you2.pl\/cn\/ekspertyzy\/","og_site_name":"ICR POLSKA - badania i certyfikacja","article_modified_time":"2023-01-31T13:51:51+00:00","twitter_card":"summary_large_image","twitter_misc":{"\u9884\u8ba1\u9605\u8bfb\u65f6\u95f4":"1 \u5206"},"schema":{"@context":"https:\/\/schema.org","@graph":[{"@type":"WebPage","@id":"https:\/\/icr.you2.pl\/ekspertyzy\/","url":"https:\/\/icr.you2.pl\/ekspertyzy\/","name":"\u4e13\u5bb6\u62a5\u544a\u3001\u610f\u89c1 - ICR \u6ce2\u5170 - \u6d4b\u8bd5\u548c\u8ba4\u8bc1","isPartOf":{"@id":"https:\/\/icr.you2.pl\/#website"},"datePublished":"2023-01-31T13:45:04+00:00","dateModified":"2023-01-31T13:51:51+00:00","breadcrumb":{"@id":"https:\/\/icr.you2.pl\/ekspertyzy\/#breadcrumb"},"inLanguage":"zh-Hans","potentialAction":[{"@type":"ReadAction","target":["https:\/\/icr.you2.pl\/ekspertyzy\/"]}]},{"@type":"BreadcrumbList","@id":"https:\/\/icr.you2.pl\/ekspertyzy\/#breadcrumb","itemListElement":[{"@type":"ListItem","position":1,"name":"Strona g\u0142\u00f3wna","item":"https:\/\/icr.you2.pl\/"},{"@type":"ListItem","position":2,"name":"Ekspertyzy, Opinie"}]},{"@type":"WebSite","@id":"https:\/\/icr.you2.pl\/#website","url":"https:\/\/icr.you2.pl\/","name":"ICR\u6ce2\u5170 - \u6d4b\u8bd5\u548c\u8ba4\u8bc1","description":"CE\u8ba4\u8bc1\u3001CE\u8bc1\u4e66\u3001ISO\u8bc1\u4e66\u3001RED\u6d4b\u8bd5\u3001\u4ea7\u54c1\u6d4b\u8bd5\u548c\u8ba4\u8bc1\u3001\u7535\u6c14\u4ea7\u54c1\u6d4b\u8bd5\u3001\u533b\u7597\u8bbe\u5907\u6d4b\u8bd5\u3001ATEX\u3001IECEx\u3001FCC\u3001\u4ea7\u54c1\u8ba4\u8bc1\u3001EMC\u6d4b\u8bd5\u3001\u673a\u68b0\u8ba4\u8bc1\u3001CE\u673a\u5668\u3001\u57f9\u8bad\u3001\u7535\u5b50\u4ea7\u54c1\u6d4b\u8bd5\u30012014\/53\/EU\u6d4b\u8bd5\u3001\u65e0\u4eba\u673a\u8ba4\u8bc1\u3001ISO 13485\u8bc1\u4e66\u3001ISO 9001\u8bc1\u4e66\u3001NC RfG","publisher":{"@id":"https:\/\/icr.you2.pl\/#\/schema\/person\/944799c9e2f4a94662e3fcb3b1544baf"},"potentialAction":[{"@type":"SearchAction","target":{"@type":"EntryPoint","urlTemplate":"https:\/\/icr.you2.pl\/?s={search_term_string}"},"query-input":{"@type":"PropertyValueSpecification","valueRequired":true,"valueName":"search_term_string"}}],"inLanguage":"zh-Hans"},{"@type":["Person","Organization"],"@id":"https:\/\/icr.you2.pl\/#\/schema\/person\/944799c9e2f4a94662e3fcb3b1544baf","name":"\u7ba1\u7406\u5458","image":{"@type":"ImageObject","inLanguage":"zh-Hans","@id":"https:\/\/icr.you2.pl\/#\/schema\/person\/image\/","url":"https:\/\/icr.you2.pl\/wp-content\/uploads\/2019\/05\/cropped-logo-icr.32f04ad5-1-1.png","contentUrl":"https:\/\/icr.you2.pl\/wp-content\/uploads\/2019\/05\/cropped-logo-icr.32f04ad5-1-1.png","width":400,"height":148,"caption":"admin"},"logo":{"@id":"https:\/\/icr.you2.pl\/#\/schema\/person\/image\/"}}]}},"_links":{"self":[{"href":"https:\/\/icr.you2.pl\/cn\/wp-json\/wp\/v2\/pages\/8288","targetHints":{"allow":["GET"]}}],"collection":[{"href":"https:\/\/icr.you2.pl\/cn\/wp-json\/wp\/v2\/pages"}],"about":[{"href":"https:\/\/icr.you2.pl\/cn\/wp-json\/wp\/v2\/types\/page"}],"author":[{"embeddable":true,"href":"https:\/\/icr.you2.pl\/cn\/wp-json\/wp\/v2\/users\/2"}],"replies":[{"embeddable":true,"href":"https:\/\/icr.you2.pl\/cn\/wp-json\/wp\/v2\/comments?post=8288"}],"version-history":[{"count":0,"href":"https:\/\/icr.you2.pl\/cn\/wp-json\/wp\/v2\/pages\/8288\/revisions"}],"wp:attachment":[{"href":"https:\/\/icr.you2.pl\/cn\/wp-json\/wp\/v2\/media?parent=8288"}],"curies":[{"name":"wp","href":"https:\/\/api.w.org\/{rel}","templated":true}]}}