{"id":12256,"date":"2023-12-18T09:06:09","date_gmt":"2023-12-18T08:06:09","guid":{"rendered":"https:\/\/icrpolska.com\/?page_id=12256"},"modified":"2023-12-18T10:56:10","modified_gmt":"2023-12-18T09:56:10","slug":"doc","status":"publish","type":"page","link":"https:\/\/icr.you2.pl\/est\/doc\/","title":{"rendered":"Tolli- ja impordidokumendid"},"content":{"rendered":"<div data-elementor-type=\"wp-page\" data-elementor-id=\"12256\" class=\"elementor elementor-12256\">\n\t\t\t\t\t\t<section class=\"elementor-section elementor-top-section elementor-element elementor-element-45f0b3b5 elementor-section-boxed elementor-section-height-default elementor-section-height-default\" data-id=\"45f0b3b5\" data-element_type=\"section\" data-e-type=\"section\">\n\t\t\t\t\t\t<div class=\"elementor-container elementor-column-gap-default\">\n\t\t\t\t\t<div class=\"elementor-column elementor-col-100 elementor-top-column elementor-element elementor-element-1a060b6\" data-id=\"1a060b6\" data-element_type=\"column\" data-e-type=\"column\">\n\t\t\t<div class=\"elementor-widget-wrap elementor-element-populated\">\n\t\t\t\t\t\t<div class=\"elementor-element elementor-element-f624789 elementor-widget elementor-widget-text-editor\" data-id=\"f624789\" data-element_type=\"widget\" data-e-type=\"widget\" data-widget_type=\"text-editor.default\">\n\t\t\t\t<div class=\"elementor-widget-container\">\n\t\t\t\t\t\t\t\t\t<p>Pakume piirkonda sisenevate toodete tolli- ja impordidokumentide l\u00e4bivaatamist:<\/p>\n<ul>\n<li>Euroopa Liit<\/li>\n<li>Ameerika \u00dchendriigid<\/li>\n<li>Kanada<\/li>\n<li>L\u00f5una-Korea<\/li>\n<\/ul>\n<p>Importijatele ja eksportijatele pakume:<\/p>\n<ul>\n<li>Turustusnormidele vastavuse tagamiseks vajalike tehniliste ja ehitusdokumentide kindlaksm\u00e4\u00e4ramine,<\/li>\n<li>Toote suhtes kohaldatavate eeskirjade, nt direktiivide, m\u00e4\u00e4ruste, riiklike ja rahvusvaheliste standardite kindlaksm\u00e4\u00e4ramine,<\/li>\n<li>Valitud dokumentide, nt vastavusdeklaratsiooni, t\u00fc\u00fcbisildi, kasutusjuhendi, v\u00e4liste laboratooriumide katsearuannete vastavushindamine,<\/li>\n<\/ul>\n<p>Teostame teenuseid, et tagada vastavus m\u00e4rgistamiseeskirjadele, sealhulgas CE, FCC, ISED, KC.<\/p>\n<p>V\u00f5tke meiega julgelt \u00fchendust<span style=\"color: var( --e-global-color-text ); font-family: var( --e-global-typography-text-font-family ), Sans-serif; font-weight: var( --e-global-typography-text-font-weight ); background-color: var(--nv-site-bg);\">: <\/span><a style=\"font-family: var( --e-global-typography-text-font-family ), Sans-serif; font-weight: var( --e-global-typography-text-font-weight );\" href=\"mailto:icrpolska@icrqa.com\">icrpolska@icrqa.com<\/a><\/p>\n<p><span style=\"color: var( --e-global-color-text ); font-family: var( --e-global-typography-text-font-family ), Sans-serif; font-weight: var( --e-global-typography-text-font-weight ); background-color: var(--nv-site-bg);\">Tolli- ja impordidokumentide kontrollimise teenus ei ole osa tegevusest, mis tuleneb antud&nbsp;<\/span><span style=\"color: var( --e-global-color-text ); font-family: var( --e-global-typography-text-font-family ), Sans-serif; font-weight: var( --e-global-typography-text-font-weight ); background-color: var(--nv-site-bg);\">ICR Polska&nbsp;<\/span><span style=\"color: var( --e-global-color-text ); font-family: var( --e-global-typography-text-font-family ), Sans-serif; font-weight: var( --e-global-typography-text-font-weight ); background-color: var(--nv-site-bg);\">akrediteerimine ja teavitamine (ei ole h\u00f5lmatud integreeritud juhtimiss\u00fcsteemiga).<\/span><br><\/p>\n<p><\/p>\t\t\t\t\t\t\t\t<\/div>\n\t\t\t\t<\/div>\n\t\t\t\t\t<\/div>\n\t\t<\/div>\n\t\t\t\t\t<\/div>\n\t\t<\/section>\n\t\t\t\t<\/div>","protected":false},"excerpt":{"rendered":"<p>Pakume \u00fclevaadet tolli- ja impordidokumentidest toodete kohta, mis sisenevad j\u00e4rgmiste riikide territooriumile: Euroopa Liit Ameerika \u00dchendriigid Kanada L\u00f5una-Korea Importijatele ja eksportijatele pakume: Toote suhtes kohaldatavate \u00f5igusaktide, nt direktiivide, m\u00e4\u00e4ruste, riiklike ja rahvusvaheliste standardite tuvastamine, valitud dokumentide, nt vastavusdeklaratsiooni, vastavushindamine,...&nbsp;<a href=\"https:\/\/icr.you2.pl\/est\/doc\/\" rel=\"bookmark\">Loe edasi \"<span class=\"screen-reader-text\">Tolli- ja impordidokumendid<\/span><\/a><\/p>","protected":false},"author":2,"featured_media":0,"parent":0,"menu_order":0,"comment_status":"closed","ping_status":"closed","template":"","meta":{"neve_meta_sidebar":"","neve_meta_container":"","neve_meta_enable_content_width":"off","neve_meta_content_width":80,"neve_meta_title_alignment":"","neve_meta_author_avatar":"","neve_post_elements_order":"","neve_meta_disable_header":"","neve_meta_disable_footer":"","neve_meta_disable_title":"","footnotes":""},"class_list":["post-12256","page","type-page","status-publish","hentry"],"yoast_head":"<!-- This site is optimized with the Yoast SEO plugin v26.8 - https:\/\/yoast.com\/product\/yoast-seo-wordpress\/ -->\n<title>Dokumenty celno-importowe - ICR POLSKA - badania i certyfikacja<\/title>\n<meta name=\"robots\" content=\"index, follow, max-snippet:-1, max-image-preview:large, max-video-preview:-1\" \/>\n<link rel=\"canonical\" href=\"https:\/\/icr.you2.pl\/est\/doc\/\" \/>\n<meta property=\"og:locale\" content=\"et_EE\" \/>\n<meta property=\"og:type\" content=\"article\" \/>\n<meta property=\"og:title\" content=\"Dokumenty celno-importowe - ICR POLSKA - badania i certyfikacja\" \/>\n<meta property=\"og:description\" content=\"Oferujemy przegl\u0105d dokumentacji celno-importowej dla wyrob\u00f3w wprowadzanych do obrotu na obszar: Unii Europejskiej Stan\u00f3w Zjednoczonych Kanady Korei Po\u0142udniowej Dla importer\u00f3w i eksporter\u00f3w proponujemy: Identyfikacj\u0119 wymaganych dokument\u00f3w techniczno-konstrukcyjnych na zgodno\u015b\u0107 z przepisami dot. wprowadzania do obrotu, Identyfikacj\u0119 przepis\u00f3w np. Dyrektyw, Rozporz\u0105dze\u0144, norm krajowych i mi\u0119dzynarodowych maj\u0105cych zastosowanie do wyrobu, Ocen\u0119 zgodno\u015bci wybranych dokument\u00f3w np. Deklaracji Zgodno\u015bci,&hellip;&nbsp;Read More &raquo;Dokumenty celno-importowe\" \/>\n<meta property=\"og:url\" content=\"https:\/\/icr.you2.pl\/est\/doc\/\" \/>\n<meta property=\"og:site_name\" content=\"ICR POLSKA - badania i certyfikacja\" \/>\n<meta property=\"article:modified_time\" content=\"2023-12-18T09:56:10+00:00\" \/>\n<meta name=\"twitter:card\" content=\"summary_large_image\" \/>\n<meta name=\"twitter:label1\" content=\"Est. reading time\" \/>\n\t<meta name=\"twitter:data1\" content=\"1 minut\" \/>\n<script type=\"application\/ld+json\" class=\"yoast-schema-graph\">{\"@context\":\"https:\/\/schema.org\",\"@graph\":[{\"@type\":\"WebPage\",\"@id\":\"https:\/\/icr.you2.pl\/doc\/\",\"url\":\"https:\/\/icr.you2.pl\/doc\/\",\"name\":\"Dokumenty celno-importowe - ICR POLSKA - badania i certyfikacja\",\"isPartOf\":{\"@id\":\"https:\/\/icr.you2.pl\/#website\"},\"datePublished\":\"2023-12-18T08:06:09+00:00\",\"dateModified\":\"2023-12-18T09:56:10+00:00\",\"breadcrumb\":{\"@id\":\"https:\/\/icr.you2.pl\/doc\/#breadcrumb\"},\"inLanguage\":\"et\",\"potentialAction\":[{\"@type\":\"ReadAction\",\"target\":[\"https:\/\/icr.you2.pl\/doc\/\"]}]},{\"@type\":\"BreadcrumbList\",\"@id\":\"https:\/\/icr.you2.pl\/doc\/#breadcrumb\",\"itemListElement\":[{\"@type\":\"ListItem\",\"position\":1,\"name\":\"Strona g\u0142\u00f3wna\",\"item\":\"https:\/\/icr.you2.pl\/\"},{\"@type\":\"ListItem\",\"position\":2,\"name\":\"Dokumenty celno-importowe\"}]},{\"@type\":\"WebSite\",\"@id\":\"https:\/\/icr.you2.pl\/#website\",\"url\":\"https:\/\/icr.you2.pl\/\",\"name\":\"ICR POLSKA - badania i certyfikacja\",\"description\":\"CE certification, CE certificate, ISO certificate, RED testing, product testing and certification, electrical product testing, medical device testing, ATEX, IECEx, FCC, product certification, EMC testing, machinery certification, CE machines, training, electronic product testing, testing 2014\/53\/EU, drone certification, ISO 13485 certificate, ISO 9001 certificate, NC RfG\",\"publisher\":{\"@id\":\"https:\/\/icr.you2.pl\/#\/schema\/person\/944799c9e2f4a94662e3fcb3b1544baf\"},\"potentialAction\":[{\"@type\":\"SearchAction\",\"target\":{\"@type\":\"EntryPoint\",\"urlTemplate\":\"https:\/\/icr.you2.pl\/?s={search_term_string}\"},\"query-input\":{\"@type\":\"PropertyValueSpecification\",\"valueRequired\":true,\"valueName\":\"search_term_string\"}}],\"inLanguage\":\"et\"},{\"@type\":[\"Person\",\"Organization\"],\"@id\":\"https:\/\/icr.you2.pl\/#\/schema\/person\/944799c9e2f4a94662e3fcb3b1544baf\",\"name\":\"admin\",\"image\":{\"@type\":\"ImageObject\",\"inLanguage\":\"et\",\"@id\":\"https:\/\/icr.you2.pl\/#\/schema\/person\/image\/\",\"url\":\"https:\/\/icr.you2.pl\/wp-content\/uploads\/2019\/05\/cropped-logo-icr.32f04ad5-1-1.png\",\"contentUrl\":\"https:\/\/icr.you2.pl\/wp-content\/uploads\/2019\/05\/cropped-logo-icr.32f04ad5-1-1.png\",\"width\":400,\"height\":148,\"caption\":\"admin\"},\"logo\":{\"@id\":\"https:\/\/icr.you2.pl\/#\/schema\/person\/image\/\"}}]}<\/script>\n<!-- \/ Yoast SEO plugin. -->","yoast_head_json":{"title":"Tolli- ja impordidokumendid - ICR POOLA - katsetamine ja sertifitseerimine","robots":{"index":"index","follow":"follow","max-snippet":"max-snippet:-1","max-image-preview":"max-image-preview:large","max-video-preview":"max-video-preview:-1"},"canonical":"https:\/\/icr.you2.pl\/est\/doc\/","og_locale":"et_EE","og_type":"article","og_title":"Dokumenty celno-importowe - ICR POLSKA - badania i certyfikacja","og_description":"Oferujemy przegl\u0105d dokumentacji celno-importowej dla wyrob\u00f3w wprowadzanych do obrotu na obszar: Unii Europejskiej Stan\u00f3w Zjednoczonych Kanady Korei Po\u0142udniowej Dla importer\u00f3w i eksporter\u00f3w proponujemy: Identyfikacj\u0119 wymaganych dokument\u00f3w techniczno-konstrukcyjnych na zgodno\u015b\u0107 z przepisami dot. wprowadzania do obrotu, Identyfikacj\u0119 przepis\u00f3w np. Dyrektyw, Rozporz\u0105dze\u0144, norm krajowych i mi\u0119dzynarodowych maj\u0105cych zastosowanie do wyrobu, Ocen\u0119 zgodno\u015bci wybranych dokument\u00f3w np. Deklaracji Zgodno\u015bci,&hellip;&nbsp;Read More &raquo;Dokumenty celno-importowe","og_url":"https:\/\/icr.you2.pl\/est\/doc\/","og_site_name":"ICR POLSKA - badania i certyfikacja","article_modified_time":"2023-12-18T09:56:10+00:00","twitter_card":"summary_large_image","twitter_misc":{"Est. reading time":"1 minut"},"schema":{"@context":"https:\/\/schema.org","@graph":[{"@type":"WebPage","@id":"https:\/\/icr.you2.pl\/doc\/","url":"https:\/\/icr.you2.pl\/doc\/","name":"Tolli- ja impordidokumendid - ICR POOLA - katsetamine ja sertifitseerimine","isPartOf":{"@id":"https:\/\/icr.you2.pl\/#website"},"datePublished":"2023-12-18T08:06:09+00:00","dateModified":"2023-12-18T09:56:10+00:00","breadcrumb":{"@id":"https:\/\/icr.you2.pl\/doc\/#breadcrumb"},"inLanguage":"et","potentialAction":[{"@type":"ReadAction","target":["https:\/\/icr.you2.pl\/doc\/"]}]},{"@type":"BreadcrumbList","@id":"https:\/\/icr.you2.pl\/doc\/#breadcrumb","itemListElement":[{"@type":"ListItem","position":1,"name":"Strona g\u0142\u00f3wna","item":"https:\/\/icr.you2.pl\/"},{"@type":"ListItem","position":2,"name":"Dokumenty celno-importowe"}]},{"@type":"WebSite","@id":"https:\/\/icr.you2.pl\/#website","url":"https:\/\/icr.you2.pl\/","name":"ICR POLA - katsetamine ja sertifitseerimine","description":"CE sertifitseerimine, CE sertifikaat, ISO sertifikaat, RED testimine, toodete testimine ja sertifitseerimine, elektritoodete testimine, meditsiiniseadmete testimine, ATEX, IECEx, FCC, toodete sertifitseerimine, EMC testimine, masinate sertifitseerimine, CE masinad, koolitus, elektrooniliste toodete testimine, testimine 2014\/53\/EL, droonide sertifitseerimine, ISO 13485 sertifikaat, ISO 9001 sertifikaat, NC RfG","publisher":{"@id":"https:\/\/icr.you2.pl\/#\/schema\/person\/944799c9e2f4a94662e3fcb3b1544baf"},"potentialAction":[{"@type":"SearchAction","target":{"@type":"EntryPoint","urlTemplate":"https:\/\/icr.you2.pl\/?s={search_term_string}"},"query-input":{"@type":"PropertyValueSpecification","valueRequired":true,"valueName":"search_term_string"}}],"inLanguage":"et"},{"@type":["Person","Organization"],"@id":"https:\/\/icr.you2.pl\/#\/schema\/person\/944799c9e2f4a94662e3fcb3b1544baf","name":"admin","image":{"@type":"ImageObject","inLanguage":"et","@id":"https:\/\/icr.you2.pl\/#\/schema\/person\/image\/","url":"https:\/\/icr.you2.pl\/wp-content\/uploads\/2019\/05\/cropped-logo-icr.32f04ad5-1-1.png","contentUrl":"https:\/\/icr.you2.pl\/wp-content\/uploads\/2019\/05\/cropped-logo-icr.32f04ad5-1-1.png","width":400,"height":148,"caption":"admin"},"logo":{"@id":"https:\/\/icr.you2.pl\/#\/schema\/person\/image\/"}}]}},"_links":{"self":[{"href":"https:\/\/icr.you2.pl\/est\/wp-json\/wp\/v2\/pages\/12256","targetHints":{"allow":["GET"]}}],"collection":[{"href":"https:\/\/icr.you2.pl\/est\/wp-json\/wp\/v2\/pages"}],"about":[{"href":"https:\/\/icr.you2.pl\/est\/wp-json\/wp\/v2\/types\/page"}],"author":[{"embeddable":true,"href":"https:\/\/icr.you2.pl\/est\/wp-json\/wp\/v2\/users\/2"}],"replies":[{"embeddable":true,"href":"https:\/\/icr.you2.pl\/est\/wp-json\/wp\/v2\/comments?post=12256"}],"version-history":[{"count":0,"href":"https:\/\/icr.you2.pl\/est\/wp-json\/wp\/v2\/pages\/12256\/revisions"}],"wp:attachment":[{"href":"https:\/\/icr.you2.pl\/est\/wp-json\/wp\/v2\/media?parent=12256"}],"curies":[{"name":"wp","href":"https:\/\/api.w.org\/{rel}","templated":true}]}}