{"id":1945,"date":"2019-05-22T19:08:36","date_gmt":"2019-05-22T19:08:36","guid":{"rendered":"http:\/\/icrpolska.e-ksperci.pl\/?page_id=1945"},"modified":"2022-09-07T23:06:54","modified_gmt":"2022-09-07T21:06:54","slug":"iso-45001-system-zarzadzania-bezpieczenstwem-i-higiena-pracy","status":"publish","type":"page","link":"https:\/\/icr.you2.pl\/est\/certyfikacja-systemow\/iso-45001-system-zarzadzania-bezpieczenstwem-i-higiena-pracy\/","title":{"rendered":"ISO 45001 t\u00f6\u00f6tervishoiu ja t\u00f6\u00f6ohutuse juhtimiss\u00fcsteem"},"content":{"rendered":"<br \/>\n<h2>Mis on ISO 45001?<\/h2>\n<p class=\"translation-block\"><strong>ISO 45001<\/strong> (t\u00f6\u00f6ohutuse ja t\u00f6\u00f6tervishoiu juhtimiss\u00fcsteem) on juhtimiss\u00fcsteem, mille eesm\u00e4rk on ennetada ja ennetada t\u00f6\u00f6kohal tekkida v\u00f5ivaid t\u00f6\u00f6tervishoiu ja t\u00f6\u00f6ohutuse riske. S\u00fcsteem parandab ja haldab t\u00f6\u00f6tajate tervise ja ohutusega seotud elemente<\/p>\n<h4>ISO 45001 eelised:<\/h4>\n<ul>\n<li>Oskus ennetavalt tegeleda rahvusvaheliste suundumustega<\/li>\n<li>T\u00f6\u00f6tervishoiu ja t\u00f6\u00f6ohutuse t\u00f5kete k\u00f5rvaldamine rahvusvahelises kaubanduses, et h\u00f5lbustada sisenemist v\u00e4listurgudele.<\/li>\n<li>Vabaduse tagamine rahvusvahelistest survegruppidest, nagu ILO ja teised<\/li>\n<li>ISO 9001 ja ISO 14001 integreeritud s\u00fcsteemi lihtne \u00fclesehitamine, millel on sarnane struktuur ja v\u00f5imalus v\u00f5tta kasutusele t\u00f5husad kvaliteedi-, keskkonna- ja ohutusjuhtimiss\u00fcsteemid.<\/li>\n<li>Tervisekaitse- ja ohutusaspektid<\/li>\n<li>\u00d5nnetuste m\u00e4rkimisv\u00e4\u00e4rne v\u00e4hendamine v\u00f5imalike t\u00f6\u00f6\u00f5nnetuste pideva juhtimise\/ennetamise kaudu, et kaitsta elu ja vara.<\/li>\n<li>Finantsaspekt<\/li>\n<li>\u00d5nnetusjuhtumite kulude v\u00e4hendamise eelised \u00f5nnetusjuhtumite v\u00e4hendamise kaudu<\/li>\n<li>Investeeringute stabiilsus sidusr\u00fchmade jaoks<\/li>\n<li>V\u00f5ime tulla toime sotsiaalse survega<\/li>\n<li>Avalikkuse ootuste t\u00e4itmine seoses turvalisuse suurendamisega<\/li>\n<li>Suurem stabiilsus t\u00f6\u00f6korralduses<\/li>\n<li>Tugevdatud seadused ja m\u00e4\u00e4rused<\/li>\n<li>Oskus ennetavalt tegeleda kohalike ja rahvusvaheliste seaduste ja m\u00e4\u00e4rustega.<\/li>\n<li>T\u00f5hustatud j\u00e4relevalve rahvusvaheliste t\u00f6\u00f6kogukondade \u00fcle<\/li>\n<\/ul>","protected":false},"excerpt":{"rendered":"<p>Mis on ISO 45001? ISO 45001 (t\u00f6\u00f6ohutuse ja t\u00f6\u00f6tervishoiu juhtimiss\u00fcsteem) on juhtimiss\u00fcsteem, mille eesm\u00e4rk on prognoosida ja ennetada t\u00f6\u00f6kohal tekkida v\u00f5ivaid riske t\u00f6\u00f6tajate tervisele ja ohutusele. S\u00fcsteem parandab ja haldab t\u00f6\u00f6tajate tervise ja ohutusega seotud elemente ISO 45001 eelised: v\u00f5ime ennetavalt tegeleda...&nbsp;<a href=\"https:\/\/icr.you2.pl\/est\/certyfikacja-systemow\/iso-45001-system-zarzadzania-bezpieczenstwem-i-higiena-pracy\/\" rel=\"bookmark\">Loe edasi \"<span class=\"screen-reader-text\">ISO 45001 t\u00f6\u00f6tervishoiu ja t\u00f6\u00f6ohutuse juhtimiss\u00fcsteem<\/span><\/a><\/p>","protected":false},"author":1,"featured_media":1065,"parent":162,"menu_order":0,"comment_status":"closed","ping_status":"closed","template":"","meta":{"neve_meta_sidebar":"","neve_meta_container":"","neve_meta_enable_content_width":"off","neve_meta_content_width":70,"neve_meta_title_alignment":"","neve_meta_author_avatar":"","neve_post_elements_order":"","neve_meta_disable_header":"","neve_meta_disable_footer":"","neve_meta_disable_title":"","footnotes":""},"class_list":["post-1945","page","type-page","status-publish","has-post-thumbnail","hentry"],"yoast_head":"<!-- This site is optimized with the Yoast SEO plugin v26.8 - https:\/\/yoast.com\/product\/yoast-seo-wordpress\/ -->\n<title>ISO 45001 System Zarz\u0105dzania Bezpiecze\u0144stwem i Higien\u0105 Pracy - ICR POLSKA - badania i certyfikacja<\/title>\n<meta name=\"robots\" content=\"index, follow, max-snippet:-1, max-image-preview:large, max-video-preview:-1\" \/>\n<link rel=\"canonical\" href=\"https:\/\/icr.you2.pl\/est\/certyfikacja-systemow\/iso-45001-system-zarzadzania-bezpieczenstwem-i-higiena-pracy\/\" \/>\n<meta property=\"og:locale\" content=\"et_EE\" \/>\n<meta property=\"og:type\" content=\"article\" \/>\n<meta property=\"og:title\" content=\"ISO 45001 System Zarz\u0105dzania Bezpiecze\u0144stwem i Higien\u0105 Pracy - ICR POLSKA - badania i certyfikacja\" \/>\n<meta property=\"og:description\" content=\"Czym jest ISO 45001? ISO 45001 (System Zarz\u0105dzania Bezpiecze\u0144stwem i Higien\u0105 Pracy) to system zarz\u0105dzania, kt\u00f3ry ma za zadanie przewidzie\u0107 zagro\u017cenia dla zdrowia i bezpiecze\u0144stwa pracownik\u00f3w, mog\u0105ce wyst\u0105pi\u0107 w miejscu pracy oraz zapobiec im. System poprawia oraz zarz\u0105dza elementami zwi\u0105zanymi z bezpiecze\u0144stwem i higien\u0105 pracy pracownik\u00f3w Korzy\u015bci wynikaj\u0105ce z ISO 45001: Zdolno\u015b\u0107 do aktywnego radzenia&hellip;&nbsp;Read More &raquo;ISO 45001 System Zarz\u0105dzania Bezpiecze\u0144stwem i Higien\u0105 Pracy\" \/>\n<meta property=\"og:url\" content=\"https:\/\/icr.you2.pl\/est\/certyfikacja-systemow\/iso-45001-system-zarzadzania-bezpieczenstwem-i-higiena-pracy\/\" \/>\n<meta property=\"og:site_name\" content=\"ICR POLSKA - badania i certyfikacja\" \/>\n<meta property=\"article:modified_time\" content=\"2022-09-07T21:06:54+00:00\" \/>\n<meta name=\"twitter:card\" content=\"summary_large_image\" \/>\n<meta name=\"twitter:label1\" content=\"Est. reading time\" \/>\n\t<meta name=\"twitter:data1\" content=\"2 minutit\" \/>\n<script type=\"application\/ld+json\" class=\"yoast-schema-graph\">{\"@context\":\"https:\/\/schema.org\",\"@graph\":[{\"@type\":\"WebPage\",\"@id\":\"https:\/\/icr.you2.pl\/certyfikacja-systemow\/iso-45001-system-zarzadzania-bezpieczenstwem-i-higiena-pracy\/\",\"url\":\"https:\/\/icr.you2.pl\/certyfikacja-systemow\/iso-45001-system-zarzadzania-bezpieczenstwem-i-higiena-pracy\/\",\"name\":\"ISO 45001 System Zarz\u0105dzania Bezpiecze\u0144stwem i Higien\u0105 Pracy - ICR POLSKA - badania i certyfikacja\",\"isPartOf\":{\"@id\":\"https:\/\/icr.you2.pl\/#website\"},\"primaryImageOfPage\":{\"@id\":\"https:\/\/icr.you2.pl\/certyfikacja-systemow\/iso-45001-system-zarzadzania-bezpieczenstwem-i-higiena-pracy\/#primaryimage\"},\"image\":{\"@id\":\"https:\/\/icr.you2.pl\/certyfikacja-systemow\/iso-45001-system-zarzadzania-bezpieczenstwem-i-higiena-pracy\/#primaryimage\"},\"thumbnailUrl\":\"\",\"datePublished\":\"2019-05-22T19:08:36+00:00\",\"dateModified\":\"2022-09-07T21:06:54+00:00\",\"breadcrumb\":{\"@id\":\"https:\/\/icr.you2.pl\/certyfikacja-systemow\/iso-45001-system-zarzadzania-bezpieczenstwem-i-higiena-pracy\/#breadcrumb\"},\"inLanguage\":\"et\",\"potentialAction\":[{\"@type\":\"ReadAction\",\"target\":[\"https:\/\/icr.you2.pl\/certyfikacja-systemow\/iso-45001-system-zarzadzania-bezpieczenstwem-i-higiena-pracy\/\"]}]},{\"@type\":\"ImageObject\",\"inLanguage\":\"et\",\"@id\":\"https:\/\/icr.you2.pl\/certyfikacja-systemow\/iso-45001-system-zarzadzania-bezpieczenstwem-i-higiena-pracy\/#primaryimage\",\"url\":\"\",\"contentUrl\":\"\"},{\"@type\":\"BreadcrumbList\",\"@id\":\"https:\/\/icr.you2.pl\/certyfikacja-systemow\/iso-45001-system-zarzadzania-bezpieczenstwem-i-higiena-pracy\/#breadcrumb\",\"itemListElement\":[{\"@type\":\"ListItem\",\"position\":1,\"name\":\"Strona g\u0142\u00f3wna\",\"item\":\"https:\/\/icr.you2.pl\/\"},{\"@type\":\"ListItem\",\"position\":2,\"name\":\"Certyfikacja system\u00f3w ISO\",\"item\":\"https:\/\/icr.you2.pl\/en\/certyfikacja-systemow\/\"},{\"@type\":\"ListItem\",\"position\":3,\"name\":\"ISO 45001 System Zarz\u0105dzania Bezpiecze\u0144stwem i Higien\u0105 Pracy\"}]},{\"@type\":\"WebSite\",\"@id\":\"https:\/\/icr.you2.pl\/#website\",\"url\":\"https:\/\/icr.you2.pl\/\",\"name\":\"ICR POLSKA - badania i certyfikacja\",\"description\":\"CE certification, CE certificate, ISO certificate, RED testing, product testing and certification, electrical product testing, medical device testing, ATEX, IECEx, FCC, product certification, EMC testing, machinery certification, CE machines, training, electronic product testing, testing 2014\/53\/EU, drone certification, ISO 13485 certificate, ISO 9001 certificate, NC RfG\",\"publisher\":{\"@id\":\"https:\/\/icr.you2.pl\/#\/schema\/person\/944799c9e2f4a94662e3fcb3b1544baf\"},\"potentialAction\":[{\"@type\":\"SearchAction\",\"target\":{\"@type\":\"EntryPoint\",\"urlTemplate\":\"https:\/\/icr.you2.pl\/?s={search_term_string}\"},\"query-input\":{\"@type\":\"PropertyValueSpecification\",\"valueRequired\":true,\"valueName\":\"search_term_string\"}}],\"inLanguage\":\"et\"},{\"@type\":[\"Person\",\"Organization\"],\"@id\":\"https:\/\/icr.you2.pl\/#\/schema\/person\/944799c9e2f4a94662e3fcb3b1544baf\",\"name\":\"admin\",\"image\":{\"@type\":\"ImageObject\",\"inLanguage\":\"et\",\"@id\":\"https:\/\/icr.you2.pl\/#\/schema\/person\/image\/\",\"url\":\"https:\/\/icr.you2.pl\/wp-content\/uploads\/2019\/05\/cropped-logo-icr.32f04ad5-1-1.png\",\"contentUrl\":\"https:\/\/icr.you2.pl\/wp-content\/uploads\/2019\/05\/cropped-logo-icr.32f04ad5-1-1.png\",\"width\":400,\"height\":148,\"caption\":\"admin\"},\"logo\":{\"@id\":\"https:\/\/icr.you2.pl\/#\/schema\/person\/image\/\"}}]}<\/script>\n<!-- \/ Yoast SEO plugin. -->","yoast_head_json":{"title":"ISO 45001 T\u00f6\u00f6tervishoiu ja t\u00f6\u00f6ohutuse juhtimiss\u00fcsteem - ICR POLANIA - testimine ja sertifitseerimine","robots":{"index":"index","follow":"follow","max-snippet":"max-snippet:-1","max-image-preview":"max-image-preview:large","max-video-preview":"max-video-preview:-1"},"canonical":"https:\/\/icr.you2.pl\/est\/certyfikacja-systemow\/iso-45001-system-zarzadzania-bezpieczenstwem-i-higiena-pracy\/","og_locale":"et_EE","og_type":"article","og_title":"ISO 45001 System Zarz\u0105dzania Bezpiecze\u0144stwem i Higien\u0105 Pracy - ICR POLSKA - badania i certyfikacja","og_description":"Czym jest ISO 45001? ISO 45001 (System Zarz\u0105dzania Bezpiecze\u0144stwem i Higien\u0105 Pracy) to system zarz\u0105dzania, kt\u00f3ry ma za zadanie przewidzie\u0107 zagro\u017cenia dla zdrowia i bezpiecze\u0144stwa pracownik\u00f3w, mog\u0105ce wyst\u0105pi\u0107 w miejscu pracy oraz zapobiec im. System poprawia oraz zarz\u0105dza elementami zwi\u0105zanymi z bezpiecze\u0144stwem i higien\u0105 pracy pracownik\u00f3w Korzy\u015bci wynikaj\u0105ce z ISO 45001: Zdolno\u015b\u0107 do aktywnego radzenia&hellip;&nbsp;Read More &raquo;ISO 45001 System Zarz\u0105dzania Bezpiecze\u0144stwem i Higien\u0105 Pracy","og_url":"https:\/\/icr.you2.pl\/est\/certyfikacja-systemow\/iso-45001-system-zarzadzania-bezpieczenstwem-i-higiena-pracy\/","og_site_name":"ICR POLSKA - badania i certyfikacja","article_modified_time":"2022-09-07T21:06:54+00:00","twitter_card":"summary_large_image","twitter_misc":{"Est. reading time":"2 minutit"},"schema":{"@context":"https:\/\/schema.org","@graph":[{"@type":"WebPage","@id":"https:\/\/icr.you2.pl\/certyfikacja-systemow\/iso-45001-system-zarzadzania-bezpieczenstwem-i-higiena-pracy\/","url":"https:\/\/icr.you2.pl\/certyfikacja-systemow\/iso-45001-system-zarzadzania-bezpieczenstwem-i-higiena-pracy\/","name":"ISO 45001 T\u00f6\u00f6tervishoiu ja t\u00f6\u00f6ohutuse juhtimiss\u00fcsteem - ICR POLANIA - testimine ja sertifitseerimine","isPartOf":{"@id":"https:\/\/icr.you2.pl\/#website"},"primaryImageOfPage":{"@id":"https:\/\/icr.you2.pl\/certyfikacja-systemow\/iso-45001-system-zarzadzania-bezpieczenstwem-i-higiena-pracy\/#primaryimage"},"image":{"@id":"https:\/\/icr.you2.pl\/certyfikacja-systemow\/iso-45001-system-zarzadzania-bezpieczenstwem-i-higiena-pracy\/#primaryimage"},"thumbnailUrl":"","datePublished":"2019-05-22T19:08:36+00:00","dateModified":"2022-09-07T21:06:54+00:00","breadcrumb":{"@id":"https:\/\/icr.you2.pl\/certyfikacja-systemow\/iso-45001-system-zarzadzania-bezpieczenstwem-i-higiena-pracy\/#breadcrumb"},"inLanguage":"et","potentialAction":[{"@type":"ReadAction","target":["https:\/\/icr.you2.pl\/certyfikacja-systemow\/iso-45001-system-zarzadzania-bezpieczenstwem-i-higiena-pracy\/"]}]},{"@type":"ImageObject","inLanguage":"et","@id":"https:\/\/icr.you2.pl\/certyfikacja-systemow\/iso-45001-system-zarzadzania-bezpieczenstwem-i-higiena-pracy\/#primaryimage","url":"","contentUrl":""},{"@type":"BreadcrumbList","@id":"https:\/\/icr.you2.pl\/certyfikacja-systemow\/iso-45001-system-zarzadzania-bezpieczenstwem-i-higiena-pracy\/#breadcrumb","itemListElement":[{"@type":"ListItem","position":1,"name":"Strona g\u0142\u00f3wna","item":"https:\/\/icr.you2.pl\/"},{"@type":"ListItem","position":2,"name":"Certyfikacja system\u00f3w ISO","item":"https:\/\/icr.you2.pl\/en\/certyfikacja-systemow\/"},{"@type":"ListItem","position":3,"name":"ISO 45001 System Zarz\u0105dzania Bezpiecze\u0144stwem i Higien\u0105 Pracy"}]},{"@type":"WebSite","@id":"https:\/\/icr.you2.pl\/#website","url":"https:\/\/icr.you2.pl\/","name":"ICR POLA - katsetamine ja sertifitseerimine","description":"CE sertifitseerimine, CE sertifikaat, ISO sertifikaat, RED testimine, toodete testimine ja sertifitseerimine, elektritoodete testimine, meditsiiniseadmete testimine, ATEX, IECEx, FCC, toodete sertifitseerimine, EMC testimine, masinate sertifitseerimine, CE masinad, koolitus, elektrooniliste toodete testimine, testimine 2014\/53\/EL, droonide sertifitseerimine, ISO 13485 sertifikaat, ISO 9001 sertifikaat, NC RfG","publisher":{"@id":"https:\/\/icr.you2.pl\/#\/schema\/person\/944799c9e2f4a94662e3fcb3b1544baf"},"potentialAction":[{"@type":"SearchAction","target":{"@type":"EntryPoint","urlTemplate":"https:\/\/icr.you2.pl\/?s={search_term_string}"},"query-input":{"@type":"PropertyValueSpecification","valueRequired":true,"valueName":"search_term_string"}}],"inLanguage":"et"},{"@type":["Person","Organization"],"@id":"https:\/\/icr.you2.pl\/#\/schema\/person\/944799c9e2f4a94662e3fcb3b1544baf","name":"admin","image":{"@type":"ImageObject","inLanguage":"et","@id":"https:\/\/icr.you2.pl\/#\/schema\/person\/image\/","url":"https:\/\/icr.you2.pl\/wp-content\/uploads\/2019\/05\/cropped-logo-icr.32f04ad5-1-1.png","contentUrl":"https:\/\/icr.you2.pl\/wp-content\/uploads\/2019\/05\/cropped-logo-icr.32f04ad5-1-1.png","width":400,"height":148,"caption":"admin"},"logo":{"@id":"https:\/\/icr.you2.pl\/#\/schema\/person\/image\/"}}]}},"_links":{"self":[{"href":"https:\/\/icr.you2.pl\/est\/wp-json\/wp\/v2\/pages\/1945","targetHints":{"allow":["GET"]}}],"collection":[{"href":"https:\/\/icr.you2.pl\/est\/wp-json\/wp\/v2\/pages"}],"about":[{"href":"https:\/\/icr.you2.pl\/est\/wp-json\/wp\/v2\/types\/page"}],"author":[{"embeddable":true,"href":"https:\/\/icr.you2.pl\/est\/wp-json\/wp\/v2\/users\/1"}],"replies":[{"embeddable":true,"href":"https:\/\/icr.you2.pl\/est\/wp-json\/wp\/v2\/comments?post=1945"}],"version-history":[{"count":0,"href":"https:\/\/icr.you2.pl\/est\/wp-json\/wp\/v2\/pages\/1945\/revisions"}],"up":[{"embeddable":true,"href":"https:\/\/icr.you2.pl\/est\/wp-json\/wp\/v2\/pages\/162"}],"wp:featuredmedia":[{"embeddable":true,"href":"https:\/\/icr.you2.pl\/est\/wp-json\/"}],"wp:attachment":[{"href":"https:\/\/icr.you2.pl\/est\/wp-json\/wp\/v2\/media?parent=1945"}],"curies":[{"name":"wp","href":"https:\/\/api.w.org\/{rel}","templated":true}]}}