{"id":1971,"date":"2019-05-22T20:16:17","date_gmt":"2019-05-22T20:16:17","guid":{"rendered":"http:\/\/icrpolska.e-ksperci.pl\/?page_id=1971"},"modified":"2023-01-13T18:11:48","modified_gmt":"2023-01-13T17:11:48","slug":"inspekcje-i-audity","status":"publish","type":"page","link":"https:\/\/icr.you2.pl\/est\/inspekcje-i-audity\/","title":{"rendered":"Kontrollid ja auditid"},"content":{"rendered":"<p><b>Kontrollid<\/b><\/p>\n<p><span style=\"font-weight: 400;\">ICR Polska Sp. z o.o. t\u00f6\u00f6tajad teostavad kontrolle \u00fcksuse p\u00e4devuse piires, eelk\u00f5ige eesm\u00e4rgiga kinnitada vastavust konkreetsete standardite n\u00f5uetele ja j\u00e4rgmiste direktiivide n\u00f5uetele: masinad <a href=\"https:\/\/eur-lex.europa.eu\/legal-content\/PL\/TXT\/PDF\/?uri=CELEX:32006L0042&amp;from=PL\" target=\"_blank\" rel=\"noopener noreferrer\">2006\/42\/E\u00dc<\/a>, madalpinge <a href=\"https:\/\/eur-lex.europa.eu\/legal-content\/PL\/TXT\/PDF\/?uri=CELEX:32014L0035&amp;from=PL\" target=\"_blank\" rel=\"noopener noreferrer\">2014\/35\/EL<\/a>, elektromagnetiline \u00fchilduvus EMC <a href=\"https:\/\/eur-lex.europa.eu\/legal-content\/PL\/TXT\/PDF\/?uri=CELEX:32014L0030&amp;from=PL\" target=\"_blank\" rel=\"noopener noreferrer\">2014\/30\/EL<\/a> ja RED raadio <a href=\"https:\/\/eur-lex.europa.eu\/legal-content\/PL\/TXT\/PDF\/?uri=CELEX:32014L0053&amp;from=PL\" target=\"_blank\" rel=\"noopener noreferrer\">2014\/53\/EL<\/a>plahvatusohtlikud keskkonnad ja seadmed, mis on ette n\u00e4htud kasutamiseks plahvatusohtlikus keskkonnas ATEX <a href=\"https:\/\/eur-lex.europa.eu\/legal-content\/PL\/TXT\/PDF\/?uri=CELEX:32014L0034&amp;from=PL\" target=\"_blank\" rel=\"noopener noreferrer\">2014\/34\/EL<\/a> ja v\u00f5rgukoodeks - NC RfG <a href=\"https:\/\/eur-lex.europa.eu\/legal-content\/PL\/TXT\/PDF\/?uri=CELEX:32016R0631&amp;from=PL\" target=\"_blank\" rel=\"noopener\">(EL) 2016\/631<\/a><\/span><\/p>\n<p><span style=\"font-weight: 400;\">Inspekteerimine v\u00f5ib h\u00f5lmata nii tootmisprotsesse, nende osasid v\u00f5i omavahelisi seoseid kui ka nende protsesside tulemusena tekkivaid l\u00f5pptooteid v\u00f5i alakoostu. Kontrollid viiakse l\u00e4bi kliendi juures, tootmiskohas, ajal, mis tagab v\u00f5imaluse hinnata protsessi kulgu ja kontrollida selle m\u00f5ju. Inspekteerimist v\u00f5ib t\u00e4iendada tootekatsetuste ja vastavushindamisega, sealhulgas E\u00dc\/EL t\u00fc\u00fcbikatsetustega.<\/span><\/p>\n<p><span style=\"font-weight: 400;\">Kontrollid v\u00f5imaldavad muu hulgas:<\/span><\/p>\n<ul>\n<li style=\"font-weight: 400;\"><span style=\"font-weight: 400;\">kinnitada, et tootmiseks v\u00f5i tootmisliini rakendamiseks vajalikud n\u00f5uded on t\u00e4idetud;<\/span><\/li>\n<\/ul>\n<ul>\n<li style=\"font-weight: 400;\"><span style=\"font-weight: 400;\">kinnitada vastavust toote m\u00e4rgistamisn\u00f5uetele, nt CE, B, KC, ATEX.<\/span><\/li>\n<\/ul>\n<p><span style=\"font-weight: 400;\">P\u00e4rast kontrollimist saab klient aruande, mis sisaldab hinnangut n\u00f5uete t\u00e4itmise kohta ja konkreetseid soovitusi n\u00e4iteks v\u00f5imalike riskide v\u00e4hendamise kohta.<\/span><\/p>\n<p><span style=\"font-weight: 400;\">ICR Polska Sp. z o.o. poolt l\u00e4biviidud kontrolli k\u00e4igus. teavitatakse klienti selle edenemisest ja osalistest t\u00e4helepanekutest ning l\u00f5pparuanne arutatakse kliendiga l\u00e4bi.<\/span><\/p>\n<p><b>Auditid <\/b><\/p>\n<p><span style=\"font-weight: 400;\">Audit on ICR Polska Sp. z o.o. poolt osutatav teenus, mis v\u00f5imaldab ettev\u00f5tjale teenuste v\u00f5i kaupade tarnija kiiret ja usaldusv\u00e4\u00e4rset ning igak\u00fclgset hindamist. ICR Polska Sp. z o.o. audiitorite s\u00f5ltumatus ja kinnitatud p\u00e4devus v\u00f5imaldavad objektiivselt hinnata tarnija v\u00f5imet t\u00e4ita talle usaldatud \u00fclesandeid vastavalt telliva ettev\u00f5tja ootustele ja n\u00f5uetele.<\/span><\/p>\n<p><span style=\"font-weight: 400;\">Audit, mis on individuaalselt kohandatud vastavalt kliendi vajadustele ja n\u00f5uetele, on enamasti s\u00f5ltumatult l\u00e4biviidav hindamine, mille k\u00e4igus kontrollitakse muu hulgas:<\/span><\/p>\n<ul>\n<li style=\"font-weight: 400;\"><span style=\"font-weight: 400;\">v\u00f5ime t\u00e4ita konkreetseid kliendin\u00f5udeid, toodete tehnilisi omadusi, organisatsioonilisi ja\/v\u00f5i \u00f5iguslikke n\u00f5udeid v\u00f5i muid ettev\u00f5tte v\u00f5i omaniku poolt kehtestatud kriteeriume;<\/span><\/li>\n<li style=\"font-weight: 400;\"><span style=\"font-weight: 400;\">v\u00f5ime t\u00e4ita tervishoiu ja ohutuse, keskkonnakaitse, isikuandmete kaitse (RODO) ja andmekaitse n\u00f5udeid;<\/span><\/li>\n<li style=\"font-weight: 400;\"><span style=\"font-weight: 400;\">v\u00f5ime t\u00e4ita kvaliteediprogrammide kriteeriume, nt LEAN, 6 Sigma, 5S, SMED, KAIZEN.<\/span><\/li>\n<\/ul>\n<p><span style=\"font-weight: 400;\">Audit on paindlik ja terviklik lahendus ettev\u00f5tetele, kes soovivad:<\/span><\/p>\n<ul>\n<li style=\"font-weight: 400;\"><span style=\"font-weight: 400;\">tuvastada ja kasutada \u00e4ra sisemiste ja v\u00e4liste protsesside optimeerimisest tulenevad v\u00f5imalused ja ohud \u00e4ritegevusele ja tarneahelale;<\/span><\/li>\n<li style=\"font-weight: 400;\"><span style=\"font-weight: 400;\">parandada sisemisi ja v\u00e4liseid protsesse, sealhulgas tootmisprotsesse ja\/v\u00f5i pakutavaid teenuseid;<\/span><\/li>\n<li style=\"font-weight: 400;\"><span style=\"font-weight: 400;\">tuvastada ja t\u00f5husalt leevendada ettev\u00f5tte riske;<\/span><\/li>\n<li style=\"font-weight: 400;\"><span style=\"font-weight: 400;\">vastab tehnilistele ja \u00f5iguslikele n\u00f5uetele, t\u00f6\u00f6v\u00f5tja suunistele ja ettev\u00f5tte jaoks vajalikele sise-eeskirjadele.<\/span><\/li>\n<\/ul>\n<p><span style=\"font-weight: 400;\">P\u00e4rast auditit saab klient aruande, mis sisaldab hinnangut tarnija n\u00f5uete t\u00e4itmise kohta ja konkreetseid soovitusi, nt kuidas paremini jaotada ressursse, kuidas v\u00e4hendada riske ja kuidas kasutada \u00e4ra tarnijaga seotud v\u00f5imalusi, v\u00f5ttes arvesse m\u00f5jukaid v\u00e4liseid sidusr\u00fchmi v\u00f5i sisemisi protsesse.<\/span><\/p>\n<p class=\"translation-block\"><span style=\"font-weight: 400\">Auditi k\u00e4igus, mille viis l\u00e4bi ICR Polska Sp. z o.o. Klienti teavitatakse jooksvalt selle edenemisest ja osalistest tulemustest ning l\u00f5pparuannet arutatakse kliendiga koos <\/span>tarnija osav\u00f5tul - n\u00f5udmisel.<\/p>\n<p>&nbsp;<\/p>","protected":false},"excerpt":{"rendered":"<p>Inspekteerimised Inspekteerimisi viivad ICR Polska Sp. z o.o. t\u00f6\u00f6tajad l\u00e4bi \u00fcksuse p\u00e4devuse piires, eelk\u00f5ige selleks, et kinnitada vastavust konkreetsete standardite ja j\u00e4rgmiste direktiivide n\u00f5uetele: masinad 2006\/42\/E\u00dc, madalpinge 2014\/35\/EL, elektromagnetiline \u00fchilduvus EMC 2014\/30\/EL ja raadio RED 2014\/53\/EL, plahvatusohtlikud keskkonnad ja seadmed, mis on m\u00f5eldud kasutamiseks plahvatusohtlikes keskkondades ATEX 2014\/34\/EL ja v\u00f5rgukoodeks.....&nbsp;<a href=\"https:\/\/icr.you2.pl\/est\/inspekcje-i-audity\/\" rel=\"bookmark\">Loe edasi \"<span class=\"screen-reader-text\">Kontrollid ja auditid<\/span><\/a><\/p>","protected":false},"author":1,"featured_media":1137,"parent":0,"menu_order":0,"comment_status":"closed","ping_status":"closed","template":"","meta":{"neve_meta_sidebar":"","neve_meta_container":"","neve_meta_enable_content_width":"off","neve_meta_content_width":70,"neve_meta_title_alignment":"","neve_meta_author_avatar":"","neve_post_elements_order":"","neve_meta_disable_header":"","neve_meta_disable_footer":"","neve_meta_disable_title":"","footnotes":""},"class_list":["post-1971","page","type-page","status-publish","has-post-thumbnail","hentry"],"yoast_head":"<!-- This site is optimized with the Yoast SEO plugin v26.8 - https:\/\/yoast.com\/product\/yoast-seo-wordpress\/ -->\n<title>Inspekcje i Audity - ICR POLSKA - badania i certyfikacja<\/title>\n<meta name=\"robots\" content=\"index, follow, max-snippet:-1, max-image-preview:large, max-video-preview:-1\" \/>\n<link rel=\"canonical\" href=\"https:\/\/icr.you2.pl\/est\/inspekcje-i-audity\/\" \/>\n<meta property=\"og:locale\" content=\"et_EE\" \/>\n<meta property=\"og:type\" content=\"article\" \/>\n<meta property=\"og:title\" content=\"Inspekcje i Audity - ICR POLSKA - badania i certyfikacja\" \/>\n<meta property=\"og:description\" content=\"Inspekcje Inspekcje s\u0105 prowadzone przez pracownik\u00f3w ICR Polska Sp. z o.o. w zakresie kompetencji jednostki, w szczeg\u00f3lno\u015bci celem potwierdzenia spe\u0142nienia wymaga\u0144 norm szczeg\u00f3\u0142owych i wymaga\u0144 dyrektyw: maszynowej 2006\/42\/EC, niskonapi\u0119ciowej 2014\/35\/EU, kompatybilno\u015bci elektromagnetycznej EMC 2014\/30\/EU i radiowej RED 2014\/53\/EU, stref zagro\u017conych wybuchem i urz\u0105dze\u0144 przeznaczonych do pracy w atmosferach potencjalnie wybuchowych ATEX 2014\/34\/EU oraz Kodeksu sieciowego&hellip;&nbsp;Read More &raquo;Inspekcje i Audity\" \/>\n<meta property=\"og:url\" content=\"https:\/\/icr.you2.pl\/est\/inspekcje-i-audity\/\" \/>\n<meta property=\"og:site_name\" content=\"ICR POLSKA - badania i certyfikacja\" \/>\n<meta property=\"article:modified_time\" content=\"2023-01-13T17:11:48+00:00\" \/>\n<meta name=\"twitter:card\" content=\"summary_large_image\" \/>\n<meta name=\"twitter:label1\" content=\"Est. reading time\" \/>\n\t<meta name=\"twitter:data1\" content=\"3 minutit\" \/>\n<script type=\"application\/ld+json\" class=\"yoast-schema-graph\">{\"@context\":\"https:\/\/schema.org\",\"@graph\":[{\"@type\":\"WebPage\",\"@id\":\"https:\/\/icr.you2.pl\/inspekcje-i-audity\/\",\"url\":\"https:\/\/icr.you2.pl\/inspekcje-i-audity\/\",\"name\":\"Inspekcje i Audity - ICR POLSKA - badania i certyfikacja\",\"isPartOf\":{\"@id\":\"https:\/\/icr.you2.pl\/#website\"},\"primaryImageOfPage\":{\"@id\":\"https:\/\/icr.you2.pl\/inspekcje-i-audity\/#primaryimage\"},\"image\":{\"@id\":\"https:\/\/icr.you2.pl\/inspekcje-i-audity\/#primaryimage\"},\"thumbnailUrl\":\"\",\"datePublished\":\"2019-05-22T20:16:17+00:00\",\"dateModified\":\"2023-01-13T17:11:48+00:00\",\"breadcrumb\":{\"@id\":\"https:\/\/icr.you2.pl\/inspekcje-i-audity\/#breadcrumb\"},\"inLanguage\":\"et\",\"potentialAction\":[{\"@type\":\"ReadAction\",\"target\":[\"https:\/\/icr.you2.pl\/inspekcje-i-audity\/\"]}]},{\"@type\":\"ImageObject\",\"inLanguage\":\"et\",\"@id\":\"https:\/\/icr.you2.pl\/inspekcje-i-audity\/#primaryimage\",\"url\":\"\",\"contentUrl\":\"\"},{\"@type\":\"BreadcrumbList\",\"@id\":\"https:\/\/icr.you2.pl\/inspekcje-i-audity\/#breadcrumb\",\"itemListElement\":[{\"@type\":\"ListItem\",\"position\":1,\"name\":\"Strona g\u0142\u00f3wna\",\"item\":\"https:\/\/icr.you2.pl\/\"},{\"@type\":\"ListItem\",\"position\":2,\"name\":\"Inspekcje i Audity\"}]},{\"@type\":\"WebSite\",\"@id\":\"https:\/\/icr.you2.pl\/#website\",\"url\":\"https:\/\/icr.you2.pl\/\",\"name\":\"ICR POLSKA - badania i certyfikacja\",\"description\":\"CE certification, CE certificate, ISO certificate, RED testing, product testing and certification, electrical product testing, medical device testing, ATEX, IECEx, FCC, product certification, EMC testing, machinery certification, CE machines, training, electronic product testing, testing 2014\/53\/EU, drone certification, ISO 13485 certificate, ISO 9001 certificate, NC RfG\",\"publisher\":{\"@id\":\"https:\/\/icr.you2.pl\/#\/schema\/person\/944799c9e2f4a94662e3fcb3b1544baf\"},\"potentialAction\":[{\"@type\":\"SearchAction\",\"target\":{\"@type\":\"EntryPoint\",\"urlTemplate\":\"https:\/\/icr.you2.pl\/?s={search_term_string}\"},\"query-input\":{\"@type\":\"PropertyValueSpecification\",\"valueRequired\":true,\"valueName\":\"search_term_string\"}}],\"inLanguage\":\"et\"},{\"@type\":[\"Person\",\"Organization\"],\"@id\":\"https:\/\/icr.you2.pl\/#\/schema\/person\/944799c9e2f4a94662e3fcb3b1544baf\",\"name\":\"admin\",\"image\":{\"@type\":\"ImageObject\",\"inLanguage\":\"et\",\"@id\":\"https:\/\/icr.you2.pl\/#\/schema\/person\/image\/\",\"url\":\"https:\/\/icr.you2.pl\/wp-content\/uploads\/2019\/05\/cropped-logo-icr.32f04ad5-1-1.png\",\"contentUrl\":\"https:\/\/icr.you2.pl\/wp-content\/uploads\/2019\/05\/cropped-logo-icr.32f04ad5-1-1.png\",\"width\":400,\"height\":148,\"caption\":\"admin\"},\"logo\":{\"@id\":\"https:\/\/icr.you2.pl\/#\/schema\/person\/image\/\"}}]}<\/script>\n<!-- \/ Yoast SEO plugin. -->","yoast_head_json":{"title":"Kontrollid ja auditid - ICR POLA - katsetamine ja sertifitseerimine","robots":{"index":"index","follow":"follow","max-snippet":"max-snippet:-1","max-image-preview":"max-image-preview:large","max-video-preview":"max-video-preview:-1"},"canonical":"https:\/\/icr.you2.pl\/est\/inspekcje-i-audity\/","og_locale":"et_EE","og_type":"article","og_title":"Inspekcje i Audity - ICR POLSKA - badania i certyfikacja","og_description":"Inspekcje Inspekcje s\u0105 prowadzone przez pracownik\u00f3w ICR Polska Sp. z o.o. w zakresie kompetencji jednostki, w szczeg\u00f3lno\u015bci celem potwierdzenia spe\u0142nienia wymaga\u0144 norm szczeg\u00f3\u0142owych i wymaga\u0144 dyrektyw: maszynowej 2006\/42\/EC, niskonapi\u0119ciowej 2014\/35\/EU, kompatybilno\u015bci elektromagnetycznej EMC 2014\/30\/EU i radiowej RED 2014\/53\/EU, stref zagro\u017conych wybuchem i urz\u0105dze\u0144 przeznaczonych do pracy w atmosferach potencjalnie wybuchowych ATEX 2014\/34\/EU oraz Kodeksu sieciowego&hellip;&nbsp;Read More &raquo;Inspekcje i Audity","og_url":"https:\/\/icr.you2.pl\/est\/inspekcje-i-audity\/","og_site_name":"ICR POLSKA - badania i certyfikacja","article_modified_time":"2023-01-13T17:11:48+00:00","twitter_card":"summary_large_image","twitter_misc":{"Est. reading time":"3 minutit"},"schema":{"@context":"https:\/\/schema.org","@graph":[{"@type":"WebPage","@id":"https:\/\/icr.you2.pl\/inspekcje-i-audity\/","url":"https:\/\/icr.you2.pl\/inspekcje-i-audity\/","name":"Kontrollid ja auditid - ICR POLA - katsetamine ja sertifitseerimine","isPartOf":{"@id":"https:\/\/icr.you2.pl\/#website"},"primaryImageOfPage":{"@id":"https:\/\/icr.you2.pl\/inspekcje-i-audity\/#primaryimage"},"image":{"@id":"https:\/\/icr.you2.pl\/inspekcje-i-audity\/#primaryimage"},"thumbnailUrl":"","datePublished":"2019-05-22T20:16:17+00:00","dateModified":"2023-01-13T17:11:48+00:00","breadcrumb":{"@id":"https:\/\/icr.you2.pl\/inspekcje-i-audity\/#breadcrumb"},"inLanguage":"et","potentialAction":[{"@type":"ReadAction","target":["https:\/\/icr.you2.pl\/inspekcje-i-audity\/"]}]},{"@type":"ImageObject","inLanguage":"et","@id":"https:\/\/icr.you2.pl\/inspekcje-i-audity\/#primaryimage","url":"","contentUrl":""},{"@type":"BreadcrumbList","@id":"https:\/\/icr.you2.pl\/inspekcje-i-audity\/#breadcrumb","itemListElement":[{"@type":"ListItem","position":1,"name":"Strona g\u0142\u00f3wna","item":"https:\/\/icr.you2.pl\/"},{"@type":"ListItem","position":2,"name":"Inspekcje i Audity"}]},{"@type":"WebSite","@id":"https:\/\/icr.you2.pl\/#website","url":"https:\/\/icr.you2.pl\/","name":"ICR POLA - katsetamine ja sertifitseerimine","description":"CE sertifitseerimine, CE sertifikaat, ISO sertifikaat, RED testimine, toodete testimine ja sertifitseerimine, elektritoodete testimine, meditsiiniseadmete testimine, ATEX, IECEx, FCC, toodete sertifitseerimine, EMC testimine, masinate sertifitseerimine, CE masinad, koolitus, elektrooniliste toodete testimine, testimine 2014\/53\/EL, droonide sertifitseerimine, ISO 13485 sertifikaat, ISO 9001 sertifikaat, NC RfG","publisher":{"@id":"https:\/\/icr.you2.pl\/#\/schema\/person\/944799c9e2f4a94662e3fcb3b1544baf"},"potentialAction":[{"@type":"SearchAction","target":{"@type":"EntryPoint","urlTemplate":"https:\/\/icr.you2.pl\/?s={search_term_string}"},"query-input":{"@type":"PropertyValueSpecification","valueRequired":true,"valueName":"search_term_string"}}],"inLanguage":"et"},{"@type":["Person","Organization"],"@id":"https:\/\/icr.you2.pl\/#\/schema\/person\/944799c9e2f4a94662e3fcb3b1544baf","name":"admin","image":{"@type":"ImageObject","inLanguage":"et","@id":"https:\/\/icr.you2.pl\/#\/schema\/person\/image\/","url":"https:\/\/icr.you2.pl\/wp-content\/uploads\/2019\/05\/cropped-logo-icr.32f04ad5-1-1.png","contentUrl":"https:\/\/icr.you2.pl\/wp-content\/uploads\/2019\/05\/cropped-logo-icr.32f04ad5-1-1.png","width":400,"height":148,"caption":"admin"},"logo":{"@id":"https:\/\/icr.you2.pl\/#\/schema\/person\/image\/"}}]}},"_links":{"self":[{"href":"https:\/\/icr.you2.pl\/est\/wp-json\/wp\/v2\/pages\/1971","targetHints":{"allow":["GET"]}}],"collection":[{"href":"https:\/\/icr.you2.pl\/est\/wp-json\/wp\/v2\/pages"}],"about":[{"href":"https:\/\/icr.you2.pl\/est\/wp-json\/wp\/v2\/types\/page"}],"author":[{"embeddable":true,"href":"https:\/\/icr.you2.pl\/est\/wp-json\/wp\/v2\/users\/1"}],"replies":[{"embeddable":true,"href":"https:\/\/icr.you2.pl\/est\/wp-json\/wp\/v2\/comments?post=1971"}],"version-history":[{"count":0,"href":"https:\/\/icr.you2.pl\/est\/wp-json\/wp\/v2\/pages\/1971\/revisions"}],"wp:featuredmedia":[{"embeddable":true,"href":"https:\/\/icr.you2.pl\/est\/wp-json\/"}],"wp:attachment":[{"href":"https:\/\/icr.you2.pl\/est\/wp-json\/wp\/v2\/media?parent=1971"}],"curies":[{"name":"wp","href":"https:\/\/api.w.org\/{rel}","templated":true}]}}