{"id":2024,"date":"2019-05-28T11:01:41","date_gmt":"2019-05-28T11:01:41","guid":{"rendered":"http:\/\/icrpolska.e-ksperci.pl\/?page_id=2024"},"modified":"2025-03-06T11:46:02","modified_gmt":"2025-03-06T10:46:02","slug":"red-2014-53-ue-urzadzenia-radiowe","status":"publish","type":"page","link":"https:\/\/icr.you2.pl\/est\/certyfikacja-wyrobow\/red-2014-53-ue-urzadzenia-radiowe\/","title":{"rendered":"RED 2014\/53\/EL - raadioseadmed"},"content":{"rendered":"<p class=\"translation-block\"><a href=\"https:\/\/eur-lex.europa.eu\/legal-content\/PL\/TXT\/PDF\/?uri=CELEX:32014L0053&amp;from=PL\" target=\"_self\" rel=\"noopener noreferrer\"> RED direktiivi<\/a> reguleerimisala h\u00f5lmab (elektrilisi v\u00f5i elektroonilisi) seadmeid, mis tahtlikult kiirgavad v\u00f5i v\u00f5tavad vastu raadiolainete satelliitside v\u00f5i raadiolokatsiooni eesm\u00e4rgil, ning seadmeid, mida tuleb t\u00e4iendada lisaelemendiga (nt antenniga), et need saaksid tahtlikult kiirgada v\u00f5i v\u00f5tta vastu raadiolainete satelliitside v\u00f5i raadiolokatsiooni eesm\u00e4rgil.<\/p>\n<p>Raadioseade peaks olema projekteeritud nii, et see tagaks tervise- ja ohutuskaitse, sealhulgas eesm\u00e4rgid, mis on seotud n\u00f5uetega:<\/p>\n<ul>\n<li>inimeste ja koduloomade tervise ja ohutuse ning vara kaitse, sealhulgas direktiivi 2014\/35\/EL ohutusn\u00f5uetega seotud eesm\u00e4rgid, kuid ilma elektripinge piirv\u00e4\u00e4rtuse kohaldamiseta,<\/li>\n<li>asjakohane elektromagnetilise \u00fchilduvuse tase vastavalt direktiivile 2014\/30\/EL (<strong>EMC<\/strong>),<\/li>\n<\/ul>\n<ul>\n<li>raadiospektri t\u00f5hus kasutamine ja selle t\u00f5husa kasutamise edendamine, et v\u00e4ltida kahjulikke h\u00e4ireid,<\/li>\n<li>ei m\u00f5juta p\u00f5hjendamatult v\u00f5rku ja selle toimimist ega kasuta v\u00f5rguressursse v\u00e4\u00e4ralt, p\u00f5hjustades seel\u00e4bi teenuse lubamatut halvenemist (<strong>k\u00fcberturvalisuse aspektid<\/strong>),<\/li>\n<li>kasutaja ja abonendi isikuandmete ja eraelu puutumatuse kaitse sisseehitatud turvas\u00fcsteemide abil (<strong>k\u00fcberturvalisuse aspektid<\/strong>),<\/li>\n<li>kaitse pettuse eest asjakohaste funktsioonide abil (<strong>k\u00fcberturvalisuse aspektid<\/strong>),<\/li>\n<li>juurdep\u00e4\u00e4s h\u00e4daabiteenustele asjakohaste funktsioonide kaudu,<\/li>\n<li>vastavus Ia lisas s\u00e4testatud laadimisspetsifikaatidele asjaomase seadmekategooria v\u00f5i -klassi puhul (<strong>USB-C<\/strong>),<\/li>\n<li>koostoime muude komponentide kui laadimisseadmete lisakomponentidega Ia lisa I osas m\u00e4\u00e4ratletud raadioseadmete kategooriate v\u00f5i klasside puhul.<\/li>\n<\/ul>\n<p>Ja tulevikus:<\/p>\n<ul>\n<li>koostalitlusv\u00f5ime v\u00f5rgu kaudu teiste raadioseadmetega,<\/li>\n<li>\u00fchendus asjakohast t\u00fc\u00fcpi liidestega kogu liidus,<\/li>\n<li>puuetega inimeste kasutamine asjakohaste funktsioonide kaudu,<\/li>\n<li>Sellesse seadmesse saab alla laadida ainult tarkvara, mille puhul on kinnitatud, et tarkvara ja raadioseade on \u00fchilduv,<\/li>\n<\/ul>\n<p>Direktiivi 2014\/53\/EL ei kohaldata raadioseadmete suhtes, mida kasutatakse \u00fcksnes avaliku julgeoleku, riigikaitse, riigi julgeoleku, sealhulgas riigi majandusliku heaolu eesm\u00e4rgil, kui tegemist on riigi julgeolekuk\u00fcsimustega seotud tegevusega ja riigi tegevusega kriminaal\u00f5iguse valdkonnas.<\/p>\n<p>Raadioseadmete direktiivi reguleerimisalasse kuuluva toote positiivne kohustuslik hindamine on kokkuv\u00f5ttes ELi t\u00fc\u00fcbihindamist\u00f5endi (ELi t\u00fc\u00fcbihindamist\u00f5endi) v\u00e4ljastamine.<\/p>\n<p><strong>Loe edasi:<\/strong><\/p>\n<p><img decoding=\"async\" class=\"alignnone wp-image-2679\" src=\"http:\/\/icr.you2.pl\/wp-content\/uploads\/2019\/06\/adobe.jpg\" alt=\"\" width=\"20\" height=\"21\" srcset=\"https:\/\/icr.you2.pl\/wp-content\/uploads\/2019\/06\/adobe.jpg 218w, https:\/\/icr.you2.pl\/wp-content\/uploads\/2019\/06\/adobe-150x150.jpg 150w\" sizes=\"(max-width: 20px) 100vw, 20px\" \/>\u00a0<a href=\"http:\/\/icr.you2.pl\/wp-content\/uploads\/2021\/01\/PC-P-07-05_09.pdf\" target=\"_blank\" rel=\"noopener noreferrer\">RED vastavushindamisprogramm (2014\/53\/EL)<\/a>\u00a0+ <a href=\"http:\/\/icr.you2.pl\/wp-content\/uploads\/2025\/01\/F-P-07-31_19a.pdf\" target=\"_blank\" rel=\"noopener noreferrer\">tehniliste n\u00e4itajate loetelu<\/a><\/p>\n<p><a href=\"http:\/\/icr.you2.pl\/wp-content\/uploads\/2019\/06\/Wniosek-o-certyfikacj\u0119-systemu.docx\"><img decoding=\"async\" class=\"alignnone wp-image-2678\" src=\"http:\/\/icr.you2.pl\/wp-content\/uploads\/2019\/06\/word.jpg\" alt=\"\" width=\"20\" height=\"20\" srcset=\"https:\/\/icr.you2.pl\/wp-content\/uploads\/2019\/06\/word.jpg 208w, https:\/\/icr.you2.pl\/wp-content\/uploads\/2019\/06\/word-150x150.jpg 150w\" sizes=\"(max-width: 20px) 100vw, 20px\" \/><\/a><a href=\"http:\/\/icr.you2.pl\/wp-content\/uploads\/2024\/03\/F-P-07-02_9.docx\" target=\"_blank\" rel=\"noopener noreferrer\">\u00a0Taotlus_taotlus_kohustuslik hindamine<\/a><\/p>","protected":false},"excerpt":{"rendered":"<p>RED-direktiivi reguleerimisala h\u00f5lmab (elektrilisi v\u00f5i elektroonilisi) seadmeid, mis tahtlikult kiirgavad v\u00f5i v\u00f5tavad vastu raadiolained telekommunikatsiooni v\u00f5i raadiolokatsiooni eesm\u00e4rgil, samuti seadmeid, mida tuleb t\u00e4iendada t\u00e4iendava elemendiga (nt antenniga), et need saaksid tahtlikult kiirgada v\u00f5i v\u00f5tta vastu raadiolained raadioside v\u00f5i raadiolokatsiooni eesm\u00e4rgil. Raadioseade peab olema projekteeritud nii, et see pakub kaitset ...&nbsp;<a href=\"https:\/\/icr.you2.pl\/est\/certyfikacja-wyrobow\/red-2014-53-ue-urzadzenia-radiowe\/\" rel=\"bookmark\">Loe edasi \"<span class=\"screen-reader-text\">RED 2014\/53\/EL - raadioseadmed<\/span><\/a><\/p>","protected":false},"author":1,"featured_media":914,"parent":211,"menu_order":0,"comment_status":"closed","ping_status":"closed","template":"","meta":{"neve_meta_sidebar":"","neve_meta_container":"","neve_meta_enable_content_width":"off","neve_meta_content_width":70,"neve_meta_title_alignment":"","neve_meta_author_avatar":"","neve_post_elements_order":"","neve_meta_disable_header":"","neve_meta_disable_footer":"","neve_meta_disable_title":"","footnotes":""},"class_list":["post-2024","page","type-page","status-publish","has-post-thumbnail","hentry"],"yoast_head":"<!-- This site is optimized with the Yoast SEO plugin v26.8 - https:\/\/yoast.com\/product\/yoast-seo-wordpress\/ -->\n<title>RED 2014\/53\/UE \u2013 urz\u0105dzenia radiowe - ICR POLSKA - badania i certyfikacja<\/title>\n<meta name=\"robots\" content=\"index, follow, max-snippet:-1, max-image-preview:large, max-video-preview:-1\" \/>\n<link rel=\"canonical\" href=\"https:\/\/icr.you2.pl\/est\/certyfikacja-wyrobow\/red-2014-53-ue-urzadzenia-radiowe\/\" \/>\n<meta property=\"og:locale\" content=\"et_EE\" \/>\n<meta property=\"og:type\" content=\"article\" \/>\n<meta property=\"og:title\" content=\"RED 2014\/53\/UE \u2013 urz\u0105dzenia radiowe - ICR POLSKA - badania i certyfikacja\" \/>\n<meta property=\"og:description\" content=\"Zakresem dyrektywy RED obj\u0119te s\u0105 urz\u0105dzenia (elektryczne lub elektroniczne), kt\u00f3ry celowo emituj\u0105 lub odbieraj\u0105 fale radiowe na potrzeby telekomunikacji lub radiolokacji, oraz urz\u0105dzenia, kt\u00f3ry musz\u0105 zosta\u0107 uzupe\u0142nione o dodatkowy element (np.: anten\u0119) tak, aby mog\u0142o celowo emitowa\u0107 lub odbiera\u0107 fale radiowe na potrzeby radiokomunikacji lub radiolokacji. Urz\u0105dzenie radiowe powinno by\u0107 skonstruowane tak, aby zapewni\u0107 ochron\u0119&hellip;&nbsp;Read More &raquo;RED 2014\/53\/UE \u2013 urz\u0105dzenia radiowe\" \/>\n<meta property=\"og:url\" content=\"https:\/\/icr.you2.pl\/est\/certyfikacja-wyrobow\/red-2014-53-ue-urzadzenia-radiowe\/\" \/>\n<meta property=\"og:site_name\" content=\"ICR POLSKA - badania i certyfikacja\" \/>\n<meta property=\"article:modified_time\" content=\"2025-03-06T10:46:02+00:00\" \/>\n<meta name=\"twitter:card\" content=\"summary_large_image\" \/>\n<meta name=\"twitter:label1\" content=\"Est. reading time\" \/>\n\t<meta name=\"twitter:data1\" content=\"3 minutit\" \/>\n<script type=\"application\/ld+json\" class=\"yoast-schema-graph\">{\"@context\":\"https:\/\/schema.org\",\"@graph\":[{\"@type\":\"WebPage\",\"@id\":\"https:\/\/icr.you2.pl\/certyfikacja-wyrobow\/red-2014-53-ue-urzadzenia-radiowe\/\",\"url\":\"https:\/\/icr.you2.pl\/certyfikacja-wyrobow\/red-2014-53-ue-urzadzenia-radiowe\/\",\"name\":\"RED 2014\/53\/UE \u2013 urz\u0105dzenia radiowe - ICR POLSKA - badania i certyfikacja\",\"isPartOf\":{\"@id\":\"https:\/\/icr.you2.pl\/#website\"},\"primaryImageOfPage\":{\"@id\":\"https:\/\/icr.you2.pl\/certyfikacja-wyrobow\/red-2014-53-ue-urzadzenia-radiowe\/#primaryimage\"},\"image\":{\"@id\":\"https:\/\/icr.you2.pl\/certyfikacja-wyrobow\/red-2014-53-ue-urzadzenia-radiowe\/#primaryimage\"},\"thumbnailUrl\":\"\",\"datePublished\":\"2019-05-28T11:01:41+00:00\",\"dateModified\":\"2025-03-06T10:46:02+00:00\",\"breadcrumb\":{\"@id\":\"https:\/\/icr.you2.pl\/certyfikacja-wyrobow\/red-2014-53-ue-urzadzenia-radiowe\/#breadcrumb\"},\"inLanguage\":\"et\",\"potentialAction\":[{\"@type\":\"ReadAction\",\"target\":[\"https:\/\/icr.you2.pl\/certyfikacja-wyrobow\/red-2014-53-ue-urzadzenia-radiowe\/\"]}]},{\"@type\":\"ImageObject\",\"inLanguage\":\"et\",\"@id\":\"https:\/\/icr.you2.pl\/certyfikacja-wyrobow\/red-2014-53-ue-urzadzenia-radiowe\/#primaryimage\",\"url\":\"\",\"contentUrl\":\"\"},{\"@type\":\"BreadcrumbList\",\"@id\":\"https:\/\/icr.you2.pl\/certyfikacja-wyrobow\/red-2014-53-ue-urzadzenia-radiowe\/#breadcrumb\",\"itemListElement\":[{\"@type\":\"ListItem\",\"position\":1,\"name\":\"Strona g\u0142\u00f3wna\",\"item\":\"https:\/\/icr.you2.pl\/\"},{\"@type\":\"ListItem\",\"position\":2,\"name\":\"Certyfikacja wyrob\u00f3w\",\"item\":\"https:\/\/icr.you2.pl\/en\/certyfikacja-wyrobow\/\"},{\"@type\":\"ListItem\",\"position\":3,\"name\":\"RED 2014\/53\/UE \u2013 urz\u0105dzenia radiowe\"}]},{\"@type\":\"WebSite\",\"@id\":\"https:\/\/icr.you2.pl\/#website\",\"url\":\"https:\/\/icr.you2.pl\/\",\"name\":\"ICR POLSKA - badania i certyfikacja\",\"description\":\"CE certification, CE certificate, ISO certificate, RED testing, product testing and certification, electrical product testing, medical device testing, ATEX, IECEx, FCC, product certification, EMC testing, machinery certification, CE machines, training, electronic product testing, testing 2014\/53\/EU, drone certification, ISO 13485 certificate, ISO 9001 certificate, NC RfG\",\"publisher\":{\"@id\":\"https:\/\/icr.you2.pl\/#\/schema\/person\/944799c9e2f4a94662e3fcb3b1544baf\"},\"potentialAction\":[{\"@type\":\"SearchAction\",\"target\":{\"@type\":\"EntryPoint\",\"urlTemplate\":\"https:\/\/icr.you2.pl\/?s={search_term_string}\"},\"query-input\":{\"@type\":\"PropertyValueSpecification\",\"valueRequired\":true,\"valueName\":\"search_term_string\"}}],\"inLanguage\":\"et\"},{\"@type\":[\"Person\",\"Organization\"],\"@id\":\"https:\/\/icr.you2.pl\/#\/schema\/person\/944799c9e2f4a94662e3fcb3b1544baf\",\"name\":\"admin\",\"image\":{\"@type\":\"ImageObject\",\"inLanguage\":\"et\",\"@id\":\"https:\/\/icr.you2.pl\/#\/schema\/person\/image\/\",\"url\":\"https:\/\/icr.you2.pl\/wp-content\/uploads\/2019\/05\/cropped-logo-icr.32f04ad5-1-1.png\",\"contentUrl\":\"https:\/\/icr.you2.pl\/wp-content\/uploads\/2019\/05\/cropped-logo-icr.32f04ad5-1-1.png\",\"width\":400,\"height\":148,\"caption\":\"admin\"},\"logo\":{\"@id\":\"https:\/\/icr.you2.pl\/#\/schema\/person\/image\/\"}}]}<\/script>\n<!-- \/ Yoast SEO plugin. -->","yoast_head_json":{"title":"RED 2014\/53\/EL - raadioseadmed - ICR POOLA - katsetamine ja sertifitseerimine","robots":{"index":"index","follow":"follow","max-snippet":"max-snippet:-1","max-image-preview":"max-image-preview:large","max-video-preview":"max-video-preview:-1"},"canonical":"https:\/\/icr.you2.pl\/est\/certyfikacja-wyrobow\/red-2014-53-ue-urzadzenia-radiowe\/","og_locale":"et_EE","og_type":"article","og_title":"RED 2014\/53\/UE \u2013 urz\u0105dzenia radiowe - ICR POLSKA - badania i certyfikacja","og_description":"Zakresem dyrektywy RED obj\u0119te s\u0105 urz\u0105dzenia (elektryczne lub elektroniczne), kt\u00f3ry celowo emituj\u0105 lub odbieraj\u0105 fale radiowe na potrzeby telekomunikacji lub radiolokacji, oraz urz\u0105dzenia, kt\u00f3ry musz\u0105 zosta\u0107 uzupe\u0142nione o dodatkowy element (np.: anten\u0119) tak, aby mog\u0142o celowo emitowa\u0107 lub odbiera\u0107 fale radiowe na potrzeby radiokomunikacji lub radiolokacji. Urz\u0105dzenie radiowe powinno by\u0107 skonstruowane tak, aby zapewni\u0107 ochron\u0119&hellip;&nbsp;Read More &raquo;RED 2014\/53\/UE \u2013 urz\u0105dzenia radiowe","og_url":"https:\/\/icr.you2.pl\/est\/certyfikacja-wyrobow\/red-2014-53-ue-urzadzenia-radiowe\/","og_site_name":"ICR POLSKA - badania i certyfikacja","article_modified_time":"2025-03-06T10:46:02+00:00","twitter_card":"summary_large_image","twitter_misc":{"Est. reading time":"3 minutit"},"schema":{"@context":"https:\/\/schema.org","@graph":[{"@type":"WebPage","@id":"https:\/\/icr.you2.pl\/certyfikacja-wyrobow\/red-2014-53-ue-urzadzenia-radiowe\/","url":"https:\/\/icr.you2.pl\/certyfikacja-wyrobow\/red-2014-53-ue-urzadzenia-radiowe\/","name":"RED 2014\/53\/EL - raadioseadmed - ICR POOLA - katsetamine ja sertifitseerimine","isPartOf":{"@id":"https:\/\/icr.you2.pl\/#website"},"primaryImageOfPage":{"@id":"https:\/\/icr.you2.pl\/certyfikacja-wyrobow\/red-2014-53-ue-urzadzenia-radiowe\/#primaryimage"},"image":{"@id":"https:\/\/icr.you2.pl\/certyfikacja-wyrobow\/red-2014-53-ue-urzadzenia-radiowe\/#primaryimage"},"thumbnailUrl":"","datePublished":"2019-05-28T11:01:41+00:00","dateModified":"2025-03-06T10:46:02+00:00","breadcrumb":{"@id":"https:\/\/icr.you2.pl\/certyfikacja-wyrobow\/red-2014-53-ue-urzadzenia-radiowe\/#breadcrumb"},"inLanguage":"et","potentialAction":[{"@type":"ReadAction","target":["https:\/\/icr.you2.pl\/certyfikacja-wyrobow\/red-2014-53-ue-urzadzenia-radiowe\/"]}]},{"@type":"ImageObject","inLanguage":"et","@id":"https:\/\/icr.you2.pl\/certyfikacja-wyrobow\/red-2014-53-ue-urzadzenia-radiowe\/#primaryimage","url":"","contentUrl":""},{"@type":"BreadcrumbList","@id":"https:\/\/icr.you2.pl\/certyfikacja-wyrobow\/red-2014-53-ue-urzadzenia-radiowe\/#breadcrumb","itemListElement":[{"@type":"ListItem","position":1,"name":"Strona g\u0142\u00f3wna","item":"https:\/\/icr.you2.pl\/"},{"@type":"ListItem","position":2,"name":"Certyfikacja wyrob\u00f3w","item":"https:\/\/icr.you2.pl\/en\/certyfikacja-wyrobow\/"},{"@type":"ListItem","position":3,"name":"RED 2014\/53\/UE \u2013 urz\u0105dzenia radiowe"}]},{"@type":"WebSite","@id":"https:\/\/icr.you2.pl\/#website","url":"https:\/\/icr.you2.pl\/","name":"ICR POLA - katsetamine ja sertifitseerimine","description":"CE sertifitseerimine, CE sertifikaat, ISO sertifikaat, RED testimine, toodete testimine ja sertifitseerimine, elektritoodete testimine, meditsiiniseadmete testimine, ATEX, IECEx, FCC, toodete sertifitseerimine, EMC testimine, masinate sertifitseerimine, CE masinad, koolitus, elektrooniliste toodete testimine, testimine 2014\/53\/EL, droonide sertifitseerimine, ISO 13485 sertifikaat, ISO 9001 sertifikaat, NC RfG","publisher":{"@id":"https:\/\/icr.you2.pl\/#\/schema\/person\/944799c9e2f4a94662e3fcb3b1544baf"},"potentialAction":[{"@type":"SearchAction","target":{"@type":"EntryPoint","urlTemplate":"https:\/\/icr.you2.pl\/?s={search_term_string}"},"query-input":{"@type":"PropertyValueSpecification","valueRequired":true,"valueName":"search_term_string"}}],"inLanguage":"et"},{"@type":["Person","Organization"],"@id":"https:\/\/icr.you2.pl\/#\/schema\/person\/944799c9e2f4a94662e3fcb3b1544baf","name":"admin","image":{"@type":"ImageObject","inLanguage":"et","@id":"https:\/\/icr.you2.pl\/#\/schema\/person\/image\/","url":"https:\/\/icr.you2.pl\/wp-content\/uploads\/2019\/05\/cropped-logo-icr.32f04ad5-1-1.png","contentUrl":"https:\/\/icr.you2.pl\/wp-content\/uploads\/2019\/05\/cropped-logo-icr.32f04ad5-1-1.png","width":400,"height":148,"caption":"admin"},"logo":{"@id":"https:\/\/icr.you2.pl\/#\/schema\/person\/image\/"}}]}},"_links":{"self":[{"href":"https:\/\/icr.you2.pl\/est\/wp-json\/wp\/v2\/pages\/2024","targetHints":{"allow":["GET"]}}],"collection":[{"href":"https:\/\/icr.you2.pl\/est\/wp-json\/wp\/v2\/pages"}],"about":[{"href":"https:\/\/icr.you2.pl\/est\/wp-json\/wp\/v2\/types\/page"}],"author":[{"embeddable":true,"href":"https:\/\/icr.you2.pl\/est\/wp-json\/wp\/v2\/users\/1"}],"replies":[{"embeddable":true,"href":"https:\/\/icr.you2.pl\/est\/wp-json\/wp\/v2\/comments?post=2024"}],"version-history":[{"count":0,"href":"https:\/\/icr.you2.pl\/est\/wp-json\/wp\/v2\/pages\/2024\/revisions"}],"up":[{"embeddable":true,"href":"https:\/\/icr.you2.pl\/est\/wp-json\/wp\/v2\/pages\/211"}],"wp:featuredmedia":[{"embeddable":true,"href":"https:\/\/icr.you2.pl\/est\/wp-json\/"}],"wp:attachment":[{"href":"https:\/\/icr.you2.pl\/est\/wp-json\/wp\/v2\/media?parent=2024"}],"curies":[{"name":"wp","href":"https:\/\/api.w.org\/{rel}","templated":true}]}}