{"id":2428,"date":"2019-06-03T12:35:18","date_gmt":"2019-06-03T10:35:18","guid":{"rendered":"http:\/\/nowa.icrpolska.com\/?page_id=2428"},"modified":"2023-04-04T14:55:37","modified_gmt":"2023-04-04T12:55:37","slug":"fcc","status":"publish","type":"page","link":"https:\/\/icr.you2.pl\/est\/fcc\/","title":{"rendered":"FCC \/ ISED"},"content":{"rendered":"<p><img decoding=\"async\" class=\"alignleft wp-image-2682\" src=\"http:\/\/icr.you2.pl\/wp-content\/uploads\/2019\/06\/FCC_New_Logo-300x252.png\" alt=\"FCC - F\u00f6deraalne sidekomisjon\" width=\"150\" height=\"126\" srcset=\"https:\/\/icr.you2.pl\/wp-content\/uploads\/2019\/06\/FCC_New_Logo-300x252.png 300w, https:\/\/icr.you2.pl\/wp-content\/uploads\/2019\/06\/FCC_New_Logo-768x645.png 768w, https:\/\/icr.you2.pl\/wp-content\/uploads\/2019\/06\/FCC_New_Logo-1024x860.png 1024w, https:\/\/icr.you2.pl\/wp-content\/uploads\/2019\/06\/FCC_New_Logo.png 1200w\" sizes=\"(max-width: 150px) 100vw, 150px\" \/><\/p>\n<p><strong>FCC<\/strong> - Federal Communications Commission - tegeleb selliste sideseadmete nagu raadio, televisioon, traadita v\u00f5rguseadmed, satelliitsideseadmed heakskiitmisega USAs kasutamiseks.<\/p>\n<p>FCC on loonud kriteeriumid, mille alusel m\u00e4\u00e4ratakse kindlaks, kas FCC v\u00f5ib toote m\u00e4rgistada ja registreerida lubatud tootena.<\/p>\n<p>K\u00f5ik raadioseadmed on jaotatud j\u00e4rgmistesse r\u00fchmadesse:<\/p>\n<p>A: litsentsita raadioseadmed, sealhulgas<\/p>\n<p>A1: v\u00e4ikese v\u00f5imsusega saatjad, mis t\u00f6\u00f6tavad sagedustel alla 1 GHz (v\u00e4lja arvatud hajaspektri seadmed), h\u00e4ires\u00fcsteemid, tahtmatult raadiosagedusi kiirgavad seadmed (nt personaalarvutid ja nendega seotud v\u00e4lisseadmed ning televisiooni liideseadmed) ja sertifitseerimisele kuuluvad ISM-tarbijaseadmed (nt mikrolaineahjud, RF-valgustid ja muud ISM-tarbijaseadmed).<\/p>\n<p>A2: V\u00e4ikese v\u00f5imsusega saatjad, mis t\u00f6\u00f6tavad sagedustel \u00fcle 1 GHz, v\u00e4lja arvatud hajaspektri seadmed.<\/p>\n<p>A4: litsentseerimata riikliku infoinfrastruktuuri (UNII) seadmed ja v\u00e4ikese v\u00f5imsusega saatjad, mis kasutavad hajaspektri tehnikat.<\/p>\n<p>B: litsentseeritud raadioseadmed.<\/p>\n<p>B1: \u00e4rilised mobiilsideteenused 47 CFR 20., 22. (mobiilne), 24., 25. ja 27. osas.<\/p>\n<p>B2: \u00fcldised mobiilsideteenused, mis on s\u00e4testatud 47 CFR osades 22 (mitteside), 73, 74, 90, 95 ja 97.<\/p>\n<p>ICR Poola v\u00f5imaldab ICR laboratooriumi kaudu testimist ja sellele j\u00e4rgnevat sertifitseerimist, mis toob kaasa FCC sertifikaadi toodete jaoks, mis on vajalik USAs turustamiseks.<\/p>\n<p>Pakume tootjatele tuge ka FCC registreerimise ajal.<\/p>\n<hr \/>\n<p><img decoding=\"async\" class=\"wp-image-9514 alignleft\" src=\"http:\/\/icr.you2.pl\/wp-content\/uploads\/2023\/04\/ca-flag-300x162.jpg\" alt=\"\" width=\"285\" height=\"154\" srcset=\"https:\/\/icr.you2.pl\/wp-content\/uploads\/2023\/04\/ca-flag-300x162.jpg 300w, https:\/\/icr.you2.pl\/wp-content\/uploads\/2023\/04\/ca-flag-1024x554.jpg 1024w, https:\/\/icr.you2.pl\/wp-content\/uploads\/2023\/04\/ca-flag-768x415.jpg 768w, https:\/\/icr.you2.pl\/wp-content\/uploads\/2023\/04\/ca-flag-1536x830.jpg 1536w, https:\/\/icr.you2.pl\/wp-content\/uploads\/2023\/04\/ca-flag-2048x1107.jpg 2048w, https:\/\/icr.you2.pl\/wp-content\/uploads\/2023\/04\/ca-flag-18x10.jpg 18w\" sizes=\"(max-width: 285px) 100vw, 285px\" \/><\/p>\n<p><strong>ISED<\/strong> - Kanada innovatsiooni, teaduse ja majandusarengu osakond t\u00f6\u00f6tab v\u00e4lja tehnilisi standardeid, eeskirju ja menetlusi Kanadas kasutatavate raadioseadmete, l\u00f5ppseadmete ja muude h\u00e4ireid p\u00f5hjustavate seadmete jaoks.<\/p>\n<p>ICR Poola v\u00f5imaldab ICR labori kaudu testimist ja hilisemat sertifitseerimist:<\/p>\n<p>- raadioseadmed vastavalt RSS-xxx spetsifikatsioonidele<\/p>\n<p>- h\u00e4ireid p\u00f5hjustavad seadmed vastavalt ICES-xxx spetsifikatsioonidele<\/p>\n<p>Lisateabe saamiseks v\u00f5tke palun \u00fchendust <a href=\"call: +48 22 115 70 62\">telefon<\/a> v\u00f5i <a href=\"mailto: icrpolska@icrpolska.com\">e-posti aadress<\/a>.<\/p>","protected":false},"excerpt":{"rendered":"<p>FCC - Federal Communications Commission - vastutab USAs kasutatavate sideseadmete, nagu raadio, televisioon, traadita v\u00f5rguseadmed ja satelliitsideseadmed, heakskiitmise eest. FCC on loonud kriteeriumid, mille alusel m\u00e4\u00e4ratakse kindlaks, kas toode saab FCC poolt m\u00e4rgistada ja registreerida heakskiidetud tootena. K\u00f5ik raadioseadmed on jagatud j\u00e4rgmistesse r\u00fchmadesse: A: litsentsita raadioseadmed, sealhulgas.&nbsp;<a href=\"https:\/\/icr.you2.pl\/est\/fcc\/\" rel=\"bookmark\">Loe edasi \"<span class=\"screen-reader-text\">FCC \/ ISED<\/span><\/a><\/p>","protected":false},"author":1,"featured_media":0,"parent":0,"menu_order":0,"comment_status":"closed","ping_status":"closed","template":"","meta":{"neve_meta_sidebar":"","neve_meta_container":"","neve_meta_enable_content_width":"off","neve_meta_content_width":70,"neve_meta_title_alignment":"","neve_meta_author_avatar":"","neve_post_elements_order":"","neve_meta_disable_header":"","neve_meta_disable_footer":"","neve_meta_disable_title":"","footnotes":""},"class_list":["post-2428","page","type-page","status-publish","hentry"],"yoast_head":"<!-- This site is optimized with the Yoast SEO plugin v26.8 - https:\/\/yoast.com\/product\/yoast-seo-wordpress\/ -->\n<title>FCC \/ ISED - ICR POLSKA - badania i certyfikacja<\/title>\n<meta name=\"robots\" content=\"index, follow, max-snippet:-1, max-image-preview:large, max-video-preview:-1\" \/>\n<link rel=\"canonical\" href=\"https:\/\/icr.you2.pl\/est\/fcc\/\" \/>\n<meta property=\"og:locale\" content=\"et_EE\" \/>\n<meta property=\"og:type\" content=\"article\" \/>\n<meta property=\"og:title\" content=\"FCC \/ ISED - ICR POLSKA - badania i certyfikacja\" \/>\n<meta property=\"og:description\" content=\"FCC \u2013 Federal Communications Commission \u2013 zajmuje si\u0119 dopuszczaniem urz\u0105dze\u0144 komunikacyjnych takich jak radio, telewizja, urz\u0105dzenie sieci bezprzewodowej, urz\u0105dzenia komunikacji satelitarnej do u\u017cytkowania na terenie USA. FCC stworzy\u0142a kryteria, kt\u00f3re warunkuj\u0105 mo\u017cliwo\u015b\u0107 oznakowania wyrobu FCC i rejestracji jako wyrobu dopuszczonego do obrotu. Wszystkie urz\u0105dzenie radiowe podzielono na nast\u0119puj\u0105ce grupy: A: Nielicencjonowane urz\u0105dzenia radiowe, w tym&hellip;&nbsp;Read More &raquo;FCC \/ ISED\" \/>\n<meta property=\"og:url\" content=\"https:\/\/icr.you2.pl\/est\/fcc\/\" \/>\n<meta property=\"og:site_name\" content=\"ICR POLSKA - badania i certyfikacja\" \/>\n<meta property=\"article:modified_time\" content=\"2023-04-04T12:55:37+00:00\" \/>\n<meta property=\"og:image\" content=\"http:\/\/icr.you2.pl\/wp-content\/uploads\/2019\/06\/FCC_New_Logo-300x252.png\" \/>\n<meta name=\"twitter:card\" content=\"summary_large_image\" \/>\n<meta name=\"twitter:label1\" content=\"Est. reading time\" \/>\n\t<meta name=\"twitter:data1\" content=\"3 minutit\" \/>\n<script type=\"application\/ld+json\" class=\"yoast-schema-graph\">{\"@context\":\"https:\/\/schema.org\",\"@graph\":[{\"@type\":\"WebPage\",\"@id\":\"https:\/\/icr.you2.pl\/fcc\/\",\"url\":\"https:\/\/icr.you2.pl\/fcc\/\",\"name\":\"FCC \/ ISED - ICR POLSKA - badania i certyfikacja\",\"isPartOf\":{\"@id\":\"https:\/\/icr.you2.pl\/#website\"},\"primaryImageOfPage\":{\"@id\":\"https:\/\/icr.you2.pl\/fcc\/#primaryimage\"},\"image\":{\"@id\":\"https:\/\/icr.you2.pl\/fcc\/#primaryimage\"},\"thumbnailUrl\":\"http:\/\/icr.you2.pl\/wp-content\/uploads\/2019\/06\/FCC_New_Logo-300x252.png\",\"datePublished\":\"2019-06-03T10:35:18+00:00\",\"dateModified\":\"2023-04-04T12:55:37+00:00\",\"breadcrumb\":{\"@id\":\"https:\/\/icr.you2.pl\/fcc\/#breadcrumb\"},\"inLanguage\":\"et\",\"potentialAction\":[{\"@type\":\"ReadAction\",\"target\":[\"https:\/\/icr.you2.pl\/fcc\/\"]}]},{\"@type\":\"ImageObject\",\"inLanguage\":\"et\",\"@id\":\"https:\/\/icr.you2.pl\/fcc\/#primaryimage\",\"url\":\"http:\/\/icr.you2.pl\/wp-content\/uploads\/2019\/06\/FCC_New_Logo-300x252.png\",\"contentUrl\":\"http:\/\/icr.you2.pl\/wp-content\/uploads\/2019\/06\/FCC_New_Logo-300x252.png\"},{\"@type\":\"BreadcrumbList\",\"@id\":\"https:\/\/icr.you2.pl\/fcc\/#breadcrumb\",\"itemListElement\":[{\"@type\":\"ListItem\",\"position\":1,\"name\":\"Strona g\u0142\u00f3wna\",\"item\":\"https:\/\/icr.you2.pl\/\"},{\"@type\":\"ListItem\",\"position\":2,\"name\":\"FCC \/ ISED\"}]},{\"@type\":\"WebSite\",\"@id\":\"https:\/\/icr.you2.pl\/#website\",\"url\":\"https:\/\/icr.you2.pl\/\",\"name\":\"ICR POLSKA - badania i certyfikacja\",\"description\":\"CE certification, CE certificate, ISO certificate, RED testing, product testing and certification, electrical product testing, medical device testing, ATEX, IECEx, FCC, product certification, EMC testing, machinery certification, CE machines, training, electronic product testing, testing 2014\/53\/EU, drone certification, ISO 13485 certificate, ISO 9001 certificate, NC RfG\",\"publisher\":{\"@id\":\"https:\/\/icr.you2.pl\/#\/schema\/person\/944799c9e2f4a94662e3fcb3b1544baf\"},\"potentialAction\":[{\"@type\":\"SearchAction\",\"target\":{\"@type\":\"EntryPoint\",\"urlTemplate\":\"https:\/\/icr.you2.pl\/?s={search_term_string}\"},\"query-input\":{\"@type\":\"PropertyValueSpecification\",\"valueRequired\":true,\"valueName\":\"search_term_string\"}}],\"inLanguage\":\"et\"},{\"@type\":[\"Person\",\"Organization\"],\"@id\":\"https:\/\/icr.you2.pl\/#\/schema\/person\/944799c9e2f4a94662e3fcb3b1544baf\",\"name\":\"admin\",\"image\":{\"@type\":\"ImageObject\",\"inLanguage\":\"et\",\"@id\":\"https:\/\/icr.you2.pl\/#\/schema\/person\/image\/\",\"url\":\"https:\/\/icr.you2.pl\/wp-content\/uploads\/2019\/05\/cropped-logo-icr.32f04ad5-1-1.png\",\"contentUrl\":\"https:\/\/icr.you2.pl\/wp-content\/uploads\/2019\/05\/cropped-logo-icr.32f04ad5-1-1.png\",\"width\":400,\"height\":148,\"caption\":\"admin\"},\"logo\":{\"@id\":\"https:\/\/icr.you2.pl\/#\/schema\/person\/image\/\"}}]}<\/script>\n<!-- \/ Yoast SEO plugin. -->","yoast_head_json":{"title":"FCC \/ ISED - ICR POOLA - katsetamine ja sertifitseerimine","robots":{"index":"index","follow":"follow","max-snippet":"max-snippet:-1","max-image-preview":"max-image-preview:large","max-video-preview":"max-video-preview:-1"},"canonical":"https:\/\/icr.you2.pl\/est\/fcc\/","og_locale":"et_EE","og_type":"article","og_title":"FCC \/ ISED - ICR POLSKA - badania i certyfikacja","og_description":"FCC \u2013 Federal Communications Commission \u2013 zajmuje si\u0119 dopuszczaniem urz\u0105dze\u0144 komunikacyjnych takich jak radio, telewizja, urz\u0105dzenie sieci bezprzewodowej, urz\u0105dzenia komunikacji satelitarnej do u\u017cytkowania na terenie USA. FCC stworzy\u0142a kryteria, kt\u00f3re warunkuj\u0105 mo\u017cliwo\u015b\u0107 oznakowania wyrobu FCC i rejestracji jako wyrobu dopuszczonego do obrotu. Wszystkie urz\u0105dzenie radiowe podzielono na nast\u0119puj\u0105ce grupy: A: Nielicencjonowane urz\u0105dzenia radiowe, w tym&hellip;&nbsp;Read More &raquo;FCC \/ ISED","og_url":"https:\/\/icr.you2.pl\/est\/fcc\/","og_site_name":"ICR POLSKA - badania i certyfikacja","article_modified_time":"2023-04-04T12:55:37+00:00","og_image":[{"url":"http:\/\/icr.you2.pl\/wp-content\/uploads\/2019\/06\/FCC_New_Logo-300x252.png","type":"","width":"","height":""}],"twitter_card":"summary_large_image","twitter_misc":{"Est. reading time":"3 minutit"},"schema":{"@context":"https:\/\/schema.org","@graph":[{"@type":"WebPage","@id":"https:\/\/icr.you2.pl\/fcc\/","url":"https:\/\/icr.you2.pl\/fcc\/","name":"FCC \/ ISED - ICR POOLA - katsetamine ja sertifitseerimine","isPartOf":{"@id":"https:\/\/icr.you2.pl\/#website"},"primaryImageOfPage":{"@id":"https:\/\/icr.you2.pl\/fcc\/#primaryimage"},"image":{"@id":"https:\/\/icr.you2.pl\/fcc\/#primaryimage"},"thumbnailUrl":"http:\/\/icr.you2.pl\/wp-content\/uploads\/2019\/06\/FCC_New_Logo-300x252.png","datePublished":"2019-06-03T10:35:18+00:00","dateModified":"2023-04-04T12:55:37+00:00","breadcrumb":{"@id":"https:\/\/icr.you2.pl\/fcc\/#breadcrumb"},"inLanguage":"et","potentialAction":[{"@type":"ReadAction","target":["https:\/\/icr.you2.pl\/fcc\/"]}]},{"@type":"ImageObject","inLanguage":"et","@id":"https:\/\/icr.you2.pl\/fcc\/#primaryimage","url":"http:\/\/icr.you2.pl\/wp-content\/uploads\/2019\/06\/FCC_New_Logo-300x252.png","contentUrl":"http:\/\/icr.you2.pl\/wp-content\/uploads\/2019\/06\/FCC_New_Logo-300x252.png"},{"@type":"BreadcrumbList","@id":"https:\/\/icr.you2.pl\/fcc\/#breadcrumb","itemListElement":[{"@type":"ListItem","position":1,"name":"Strona g\u0142\u00f3wna","item":"https:\/\/icr.you2.pl\/"},{"@type":"ListItem","position":2,"name":"FCC \/ ISED"}]},{"@type":"WebSite","@id":"https:\/\/icr.you2.pl\/#website","url":"https:\/\/icr.you2.pl\/","name":"ICR POLA - katsetamine ja sertifitseerimine","description":"CE sertifitseerimine, CE sertifikaat, ISO sertifikaat, RED testimine, toodete testimine ja sertifitseerimine, elektritoodete testimine, meditsiiniseadmete testimine, ATEX, IECEx, FCC, toodete sertifitseerimine, EMC testimine, masinate sertifitseerimine, CE masinad, koolitus, elektrooniliste toodete testimine, testimine 2014\/53\/EL, droonide sertifitseerimine, ISO 13485 sertifikaat, ISO 9001 sertifikaat, NC RfG","publisher":{"@id":"https:\/\/icr.you2.pl\/#\/schema\/person\/944799c9e2f4a94662e3fcb3b1544baf"},"potentialAction":[{"@type":"SearchAction","target":{"@type":"EntryPoint","urlTemplate":"https:\/\/icr.you2.pl\/?s={search_term_string}"},"query-input":{"@type":"PropertyValueSpecification","valueRequired":true,"valueName":"search_term_string"}}],"inLanguage":"et"},{"@type":["Person","Organization"],"@id":"https:\/\/icr.you2.pl\/#\/schema\/person\/944799c9e2f4a94662e3fcb3b1544baf","name":"admin","image":{"@type":"ImageObject","inLanguage":"et","@id":"https:\/\/icr.you2.pl\/#\/schema\/person\/image\/","url":"https:\/\/icr.you2.pl\/wp-content\/uploads\/2019\/05\/cropped-logo-icr.32f04ad5-1-1.png","contentUrl":"https:\/\/icr.you2.pl\/wp-content\/uploads\/2019\/05\/cropped-logo-icr.32f04ad5-1-1.png","width":400,"height":148,"caption":"admin"},"logo":{"@id":"https:\/\/icr.you2.pl\/#\/schema\/person\/image\/"}}]}},"_links":{"self":[{"href":"https:\/\/icr.you2.pl\/est\/wp-json\/wp\/v2\/pages\/2428","targetHints":{"allow":["GET"]}}],"collection":[{"href":"https:\/\/icr.you2.pl\/est\/wp-json\/wp\/v2\/pages"}],"about":[{"href":"https:\/\/icr.you2.pl\/est\/wp-json\/wp\/v2\/types\/page"}],"author":[{"embeddable":true,"href":"https:\/\/icr.you2.pl\/est\/wp-json\/wp\/v2\/users\/1"}],"replies":[{"embeddable":true,"href":"https:\/\/icr.you2.pl\/est\/wp-json\/wp\/v2\/comments?post=2428"}],"version-history":[{"count":0,"href":"https:\/\/icr.you2.pl\/est\/wp-json\/wp\/v2\/pages\/2428\/revisions"}],"wp:attachment":[{"href":"https:\/\/icr.you2.pl\/est\/wp-json\/wp\/v2\/media?parent=2428"}],"curies":[{"name":"wp","href":"https:\/\/api.w.org\/{rel}","templated":true}]}}