{"id":3437,"date":"2019-09-03T13:20:11","date_gmt":"2019-09-03T11:20:11","guid":{"rendered":"http:\/\/icrpolska.com\/?page_id=3437"},"modified":"2022-07-20T15:02:09","modified_gmt":"2022-07-20T13:02:09","slug":"energystar","status":"publish","type":"page","link":"https:\/\/icr.you2.pl\/est\/energystar\/","title":{"rendered":"EnergyStar"},"content":{"rendered":"<p><img decoding=\"async\" class=\"alignleft\" src=\"http:\/\/icr.you2.pl\/wp-content\/uploads\/2019\/09\/EnergyStar.jpg\" alt=\"Energy Star\" width=\"156\" height=\"158\" \/>Energy Star on rahvusvaheline programm, mille eesm\u00e4rk on edendada energiat\u00f5husaid tooteid ja v\u00e4hendada kasvuhoonegaaside heitkoguseid. Programmi n\u00f5uetele vastavad tooted m\u00e4rgistatakse spetsiaalse m\u00e4rgisega.<\/p>\n<p>Energy Star algatati 1992. aastal kahe institutsiooni poolt: USA Keskkonnakaitseagentuur (EPA v\u00f5i USEPA) ja Ameerika \u00dchendriikide Energiaministeerium (DOE).<\/p>\n<p>N\u00fc\u00fcd - alates 1. juulist 2009 - kehtib Energy Star 5.0 standard.<\/p>\n<p>Energy Star algatati vabatahtliku m\u00e4rgistusprogrammina energiat\u00f5husate toodete tuvastamiseks ja edendamiseks ning alustas arvutite ja printerite m\u00e4rgistamisega. aastal. Programmi laiendati oluliselt, v\u00f5ttes kasutusele m\u00e4rgised koduk\u00fctte- ja kliimaseadmete jaoks.<\/p>\n<p>Energy Star'i programmi osad on vastu v\u00f5etud nii Euroopa \u00fchtsel turul kui ka Kanadas, USAs, Austraalias, Jaapanis ja Taiwanis.<\/p>\n<p>Energy Star'i spetsifikatsioonid \u00fcksikutele toodetele on kehtestatud EPA poolt ja need h\u00f5lmavad j\u00e4rgmist:<\/p>\n<ul>\n<li style=\"list-style-type: none;\">\n<ul>\n<li>arvutid<\/li>\n<li>serverid<\/li>\n<li>perifeerseadmed<\/li>\n<li>tooted ning k\u00fctte-, jahutus- ja kliimaseadmed<\/li>\n<li>koduelektroonika<\/li>\n<li>pildit\u00f6\u00f6tlusseadmed (telerid, projektorid)<\/li>\n<li>valgustus<\/li>\n<li>uued majad<\/li>\n<\/ul>\n<\/li>\n<\/ul>\n<p>EPA viib igal aastal \u00fcle maailma l\u00e4bi energiat\u00f5hususe hindamisi:<br \/>\n- hooned<br \/>\n- t\u00f6\u00f6stusrajatised<\/p>\n<p>Aruanded on k\u00e4ttesaadavad Energy Star'i veebisaidil<\/p>\n<p>ICR Polska pakub igak\u00fclgset abi toodete ettevalmistamisel Energy Star'i spetsifikatsioonile vastavaks, eelk\u00f5ige testimise ja sertifitseerimise osas.<\/p>\n<p><strong>Energy Star on lihtne valik energiat\u00f5hususe jaoks.<\/strong><\/p>","protected":false},"excerpt":{"rendered":"<p>Energy Star on rahvusvaheline programm, mille eesm\u00e4rk on edendada energiat\u00f5husaid tooteid ja v\u00e4hendada kasvuhoonegaaside heitkoguseid. Programmi n\u00f5uetele vastavad tooted m\u00e4rgistatakse spetsiaalse m\u00e4rgisega. Energy Star'i algatasid 1992. aastal kaks institutsiooni: USA Keskkonnakaitseagentuur (EPA v\u00f5i USEPA) ja Ameerika \u00dchendriikide Energiaministeerium (United States Department of Energy)....&nbsp;<a href=\"https:\/\/icr.you2.pl\/est\/energystar\/\" rel=\"bookmark\">Loe edasi \"<span class=\"screen-reader-text\">EnergyStar<\/span><\/a><\/p>","protected":false},"author":2,"featured_media":0,"parent":0,"menu_order":0,"comment_status":"closed","ping_status":"closed","template":"","meta":{"neve_meta_sidebar":"","neve_meta_container":"","neve_meta_enable_content_width":"off","neve_meta_content_width":70,"neve_meta_title_alignment":"","neve_meta_author_avatar":"","neve_post_elements_order":"","neve_meta_disable_header":"","neve_meta_disable_footer":"","neve_meta_disable_title":"","footnotes":""},"class_list":["post-3437","page","type-page","status-publish","hentry"],"yoast_head":"<!-- This site is optimized with the Yoast SEO plugin v26.8 - https:\/\/yoast.com\/product\/yoast-seo-wordpress\/ -->\n<title>EnergyStar - ICR POLSKA - badania i certyfikacja<\/title>\n<meta name=\"robots\" content=\"index, follow, max-snippet:-1, max-image-preview:large, max-video-preview:-1\" \/>\n<link rel=\"canonical\" href=\"https:\/\/icr.you2.pl\/est\/energystar\/\" \/>\n<meta property=\"og:locale\" content=\"et_EE\" \/>\n<meta property=\"og:type\" content=\"article\" \/>\n<meta property=\"og:title\" content=\"EnergyStar - ICR POLSKA - badania i certyfikacja\" \/>\n<meta property=\"og:description\" content=\"Energy Star to mi\u0119dzynarodowy program maj\u0105cy na celu promowanie produkt\u00f3w energooszcz\u0119dnych i zmniejszenie wydzielania gaz\u00f3w b\u0119d\u0105cych przyczyn\u0105 efektu cieplarnianego. Wyroby spe\u0142niaj\u0105ce wymagania programu s\u0105 oznakowane specjaln\u0105 etykiet\u0105. Energy Star zainicjowa\u0142y w 1992 roku dwie instytucje: Ameryka\u0144ska Agencja Ochrony \u015arodowiska (Environmental Protection Agency &#8211; EPA lub USEPA) oraz Departament Energii Stan\u00f3w Zjednoczonych (United States Department of&hellip;&nbsp;Read More &raquo;EnergyStar\" \/>\n<meta property=\"og:url\" content=\"https:\/\/icr.you2.pl\/est\/energystar\/\" \/>\n<meta property=\"og:site_name\" content=\"ICR POLSKA - badania i certyfikacja\" \/>\n<meta property=\"article:modified_time\" content=\"2022-07-20T13:02:09+00:00\" \/>\n<meta property=\"og:image\" content=\"http:\/\/icr.you2.pl\/wp-content\/uploads\/2019\/09\/EnergyStar.jpg\" \/>\n<meta name=\"twitter:card\" content=\"summary_large_image\" \/>\n<meta name=\"twitter:label1\" content=\"Est. reading time\" \/>\n\t<meta name=\"twitter:data1\" content=\"2 minutit\" \/>\n<script type=\"application\/ld+json\" class=\"yoast-schema-graph\">{\"@context\":\"https:\/\/schema.org\",\"@graph\":[{\"@type\":\"WebPage\",\"@id\":\"https:\/\/icr.you2.pl\/energystar\/\",\"url\":\"https:\/\/icr.you2.pl\/energystar\/\",\"name\":\"EnergyStar - ICR POLSKA - badania i certyfikacja\",\"isPartOf\":{\"@id\":\"https:\/\/icr.you2.pl\/#website\"},\"primaryImageOfPage\":{\"@id\":\"https:\/\/icr.you2.pl\/energystar\/#primaryimage\"},\"image\":{\"@id\":\"https:\/\/icr.you2.pl\/energystar\/#primaryimage\"},\"thumbnailUrl\":\"http:\/\/icr.you2.pl\/wp-content\/uploads\/2019\/09\/EnergyStar.jpg\",\"datePublished\":\"2019-09-03T11:20:11+00:00\",\"dateModified\":\"2022-07-20T13:02:09+00:00\",\"breadcrumb\":{\"@id\":\"https:\/\/icr.you2.pl\/energystar\/#breadcrumb\"},\"inLanguage\":\"et\",\"potentialAction\":[{\"@type\":\"ReadAction\",\"target\":[\"https:\/\/icr.you2.pl\/energystar\/\"]}]},{\"@type\":\"ImageObject\",\"inLanguage\":\"et\",\"@id\":\"https:\/\/icr.you2.pl\/energystar\/#primaryimage\",\"url\":\"http:\/\/icr.you2.pl\/wp-content\/uploads\/2019\/09\/EnergyStar.jpg\",\"contentUrl\":\"http:\/\/icr.you2.pl\/wp-content\/uploads\/2019\/09\/EnergyStar.jpg\"},{\"@type\":\"BreadcrumbList\",\"@id\":\"https:\/\/icr.you2.pl\/energystar\/#breadcrumb\",\"itemListElement\":[{\"@type\":\"ListItem\",\"position\":1,\"name\":\"Strona g\u0142\u00f3wna\",\"item\":\"https:\/\/icr.you2.pl\/\"},{\"@type\":\"ListItem\",\"position\":2,\"name\":\"EnergyStar\"}]},{\"@type\":\"WebSite\",\"@id\":\"https:\/\/icr.you2.pl\/#website\",\"url\":\"https:\/\/icr.you2.pl\/\",\"name\":\"ICR POLSKA - badania i certyfikacja\",\"description\":\"CE certification, CE certificate, ISO certificate, RED testing, product testing and certification, electrical product testing, medical device testing, ATEX, IECEx, FCC, product certification, EMC testing, machinery certification, CE machines, training, electronic product testing, testing 2014\/53\/EU, drone certification, ISO 13485 certificate, ISO 9001 certificate, NC RfG\",\"publisher\":{\"@id\":\"https:\/\/icr.you2.pl\/#\/schema\/person\/944799c9e2f4a94662e3fcb3b1544baf\"},\"potentialAction\":[{\"@type\":\"SearchAction\",\"target\":{\"@type\":\"EntryPoint\",\"urlTemplate\":\"https:\/\/icr.you2.pl\/?s={search_term_string}\"},\"query-input\":{\"@type\":\"PropertyValueSpecification\",\"valueRequired\":true,\"valueName\":\"search_term_string\"}}],\"inLanguage\":\"et\"},{\"@type\":[\"Person\",\"Organization\"],\"@id\":\"https:\/\/icr.you2.pl\/#\/schema\/person\/944799c9e2f4a94662e3fcb3b1544baf\",\"name\":\"admin\",\"image\":{\"@type\":\"ImageObject\",\"inLanguage\":\"et\",\"@id\":\"https:\/\/icr.you2.pl\/#\/schema\/person\/image\/\",\"url\":\"https:\/\/icr.you2.pl\/wp-content\/uploads\/2019\/05\/cropped-logo-icr.32f04ad5-1-1.png\",\"contentUrl\":\"https:\/\/icr.you2.pl\/wp-content\/uploads\/2019\/05\/cropped-logo-icr.32f04ad5-1-1.png\",\"width\":400,\"height\":148,\"caption\":\"admin\"},\"logo\":{\"@id\":\"https:\/\/icr.you2.pl\/#\/schema\/person\/image\/\"}}]}<\/script>\n<!-- \/ Yoast SEO plugin. -->","yoast_head_json":{"title":"EnergyStar - ICR POLA - testimine ja sertifitseerimine","robots":{"index":"index","follow":"follow","max-snippet":"max-snippet:-1","max-image-preview":"max-image-preview:large","max-video-preview":"max-video-preview:-1"},"canonical":"https:\/\/icr.you2.pl\/est\/energystar\/","og_locale":"et_EE","og_type":"article","og_title":"EnergyStar - ICR POLSKA - badania i certyfikacja","og_description":"Energy Star to mi\u0119dzynarodowy program maj\u0105cy na celu promowanie produkt\u00f3w energooszcz\u0119dnych i zmniejszenie wydzielania gaz\u00f3w b\u0119d\u0105cych przyczyn\u0105 efektu cieplarnianego. Wyroby spe\u0142niaj\u0105ce wymagania programu s\u0105 oznakowane specjaln\u0105 etykiet\u0105. Energy Star zainicjowa\u0142y w 1992 roku dwie instytucje: Ameryka\u0144ska Agencja Ochrony \u015arodowiska (Environmental Protection Agency &#8211; EPA lub USEPA) oraz Departament Energii Stan\u00f3w Zjednoczonych (United States Department of&hellip;&nbsp;Read More &raquo;EnergyStar","og_url":"https:\/\/icr.you2.pl\/est\/energystar\/","og_site_name":"ICR POLSKA - badania i certyfikacja","article_modified_time":"2022-07-20T13:02:09+00:00","og_image":[{"url":"http:\/\/icr.you2.pl\/wp-content\/uploads\/2019\/09\/EnergyStar.jpg","type":"","width":"","height":""}],"twitter_card":"summary_large_image","twitter_misc":{"Est. reading time":"2 minutit"},"schema":{"@context":"https:\/\/schema.org","@graph":[{"@type":"WebPage","@id":"https:\/\/icr.you2.pl\/energystar\/","url":"https:\/\/icr.you2.pl\/energystar\/","name":"EnergyStar - ICR POLA - testimine ja sertifitseerimine","isPartOf":{"@id":"https:\/\/icr.you2.pl\/#website"},"primaryImageOfPage":{"@id":"https:\/\/icr.you2.pl\/energystar\/#primaryimage"},"image":{"@id":"https:\/\/icr.you2.pl\/energystar\/#primaryimage"},"thumbnailUrl":"http:\/\/icr.you2.pl\/wp-content\/uploads\/2019\/09\/EnergyStar.jpg","datePublished":"2019-09-03T11:20:11+00:00","dateModified":"2022-07-20T13:02:09+00:00","breadcrumb":{"@id":"https:\/\/icr.you2.pl\/energystar\/#breadcrumb"},"inLanguage":"et","potentialAction":[{"@type":"ReadAction","target":["https:\/\/icr.you2.pl\/energystar\/"]}]},{"@type":"ImageObject","inLanguage":"et","@id":"https:\/\/icr.you2.pl\/energystar\/#primaryimage","url":"http:\/\/icr.you2.pl\/wp-content\/uploads\/2019\/09\/EnergyStar.jpg","contentUrl":"http:\/\/icr.you2.pl\/wp-content\/uploads\/2019\/09\/EnergyStar.jpg"},{"@type":"BreadcrumbList","@id":"https:\/\/icr.you2.pl\/energystar\/#breadcrumb","itemListElement":[{"@type":"ListItem","position":1,"name":"Strona g\u0142\u00f3wna","item":"https:\/\/icr.you2.pl\/"},{"@type":"ListItem","position":2,"name":"EnergyStar"}]},{"@type":"WebSite","@id":"https:\/\/icr.you2.pl\/#website","url":"https:\/\/icr.you2.pl\/","name":"ICR POLA - katsetamine ja sertifitseerimine","description":"CE sertifitseerimine, CE sertifikaat, ISO sertifikaat, RED testimine, toodete testimine ja sertifitseerimine, elektritoodete testimine, meditsiiniseadmete testimine, ATEX, IECEx, FCC, toodete sertifitseerimine, EMC testimine, masinate sertifitseerimine, CE masinad, koolitus, elektrooniliste toodete testimine, testimine 2014\/53\/EL, droonide sertifitseerimine, ISO 13485 sertifikaat, ISO 9001 sertifikaat, NC RfG","publisher":{"@id":"https:\/\/icr.you2.pl\/#\/schema\/person\/944799c9e2f4a94662e3fcb3b1544baf"},"potentialAction":[{"@type":"SearchAction","target":{"@type":"EntryPoint","urlTemplate":"https:\/\/icr.you2.pl\/?s={search_term_string}"},"query-input":{"@type":"PropertyValueSpecification","valueRequired":true,"valueName":"search_term_string"}}],"inLanguage":"et"},{"@type":["Person","Organization"],"@id":"https:\/\/icr.you2.pl\/#\/schema\/person\/944799c9e2f4a94662e3fcb3b1544baf","name":"admin","image":{"@type":"ImageObject","inLanguage":"et","@id":"https:\/\/icr.you2.pl\/#\/schema\/person\/image\/","url":"https:\/\/icr.you2.pl\/wp-content\/uploads\/2019\/05\/cropped-logo-icr.32f04ad5-1-1.png","contentUrl":"https:\/\/icr.you2.pl\/wp-content\/uploads\/2019\/05\/cropped-logo-icr.32f04ad5-1-1.png","width":400,"height":148,"caption":"admin"},"logo":{"@id":"https:\/\/icr.you2.pl\/#\/schema\/person\/image\/"}}]}},"_links":{"self":[{"href":"https:\/\/icr.you2.pl\/est\/wp-json\/wp\/v2\/pages\/3437","targetHints":{"allow":["GET"]}}],"collection":[{"href":"https:\/\/icr.you2.pl\/est\/wp-json\/wp\/v2\/pages"}],"about":[{"href":"https:\/\/icr.you2.pl\/est\/wp-json\/wp\/v2\/types\/page"}],"author":[{"embeddable":true,"href":"https:\/\/icr.you2.pl\/est\/wp-json\/wp\/v2\/users\/2"}],"replies":[{"embeddable":true,"href":"https:\/\/icr.you2.pl\/est\/wp-json\/wp\/v2\/comments?post=3437"}],"version-history":[{"count":0,"href":"https:\/\/icr.you2.pl\/est\/wp-json\/wp\/v2\/pages\/3437\/revisions"}],"wp:attachment":[{"href":"https:\/\/icr.you2.pl\/est\/wp-json\/wp\/v2\/media?parent=3437"}],"curies":[{"name":"wp","href":"https:\/\/api.w.org\/{rel}","templated":true}]}}