{"id":433,"date":"2019-03-19T10:00:09","date_gmt":"2019-03-19T10:00:09","guid":{"rendered":"http:\/\/icrpolska.e-ksperci.pl\/?page_id=433"},"modified":"2024-12-30T11:01:47","modified_gmt":"2024-12-30T10:01:47","slug":"czlonkostwa","status":"publish","type":"page","link":"https:\/\/icr.you2.pl\/est\/czlonkostwa\/","title":{"rendered":"Liikmelisus"},"content":{"rendered":"<p><strong><img decoding=\"async\" class=\"alignleft wp-image-2697\" src=\"http:\/\/icr.you2.pl\/wp-content\/uploads\/2019\/06\/REDCA_logo-e1559731944705.jpg\" alt=\"REDCA \" width=\"150\" height=\"101\" \/><\/strong><\/p>\n<p><strong>REDCA<\/strong>\u00a0(Raadioseadmete direktiivile vastavuse \u00fching) -<br \/>\n<strong>RED-direktiivi kohaste teavitatud asutuste \u00fchendus<\/strong><\/p>\n<p>REDCA on loodud koosk\u00f5las raadioseadmete direktiivi 2014\/53\/EL (RED) n\u00f5uetega, eelk\u00f5ige artikli 26 l\u00f5ike 11 ja artikli 38 n\u00f5uetele vastavuse n\u00f5uetega teavitatud asutustele.<br \/>\nREDCA on foorum k\u00f5igile neile, kes on huvitatud raadioseadmete vastavusest eeskirjadele ja tehnilistele standarditele Euroopa Majanduspiirkonnas ning riikides, millel on ELiga vastastikuse tunnustamise leping, nagu USA, Kanada, Jaapan, Uus-Meremaa ja Austraalia. Liikmeteks on peamiselt teavitatud asutused.<br \/>\nAssotsiatsiooni liikmed kohtuvad kaks korda aastas Euroopa Keskkonnaagentuuris. Koosolekute k\u00e4igus t\u00f6\u00f6tatakse v\u00e4lja \u00fchised seisukohad Euroopa Komisjoni, ECC, ETSI, ADCO RED ja MRA suhtes.<\/p>\n<p>&nbsp;<\/p>\n<p><b>ExNBG<\/b>\u00a0(ATEXi teavitatud asutuste Euroopa koordineerimisr\u00fchm) - -<br \/>\n<b>ATEXi teavitatud asutuste Euroopa koordineerimisr\u00fchm<\/b><\/p>\n<p>ExNB on loodud vastavalt direktiivi 2014\/34\/EL (plahvatusohtlikes keskkondades kasutamiseks etten\u00e4htud seadmete ja kaitses\u00fcsteemide kohta) n\u00f5uetele, eelk\u00f5ige artikli 21.11 ja artikli 33 n\u00f5uetele vastavuse kohta teavitatud asutustele.<br \/>\nExNB Group tagab, et k\u00f5ik teavitatud asutused t\u00f6\u00f6tavad \u00fchtsete suuniste kohaselt. Need suunised, mis lepitakse kokku liikmete koosolekutel, avaldab r\u00fchma sekretariaat selgituslehtedena.<\/p>\n<p><strong><img decoding=\"async\" class=\"wp-image-11034 alignleft\" src=\"http:\/\/icr.you2.pl\/wp-content\/uploads\/2023\/07\/Team_NB-300x284.jpg\" alt=\"\" width=\"123\" height=\"116\" srcset=\"https:\/\/icr.you2.pl\/wp-content\/uploads\/2023\/07\/Team_NB-300x284.jpg 300w, https:\/\/icr.you2.pl\/wp-content\/uploads\/2023\/07\/Team_NB-13x12.jpg 13w, https:\/\/icr.you2.pl\/wp-content\/uploads\/2023\/07\/Team_NB.jpg 519w\" sizes=\"(max-width: 123px) 100vw, 123px\" \/>TEAM -NB, Euroopa Meditsiiniseadmete Teavitatud Asutuste Assotsiatsioon<\/strong> asutati 2001. aastal.<br \/>\nT\u00e4naseks on \u00fchingul \u00fcle 40 liikme 20 eri riigist.<\/p>\n<p>See \u00fchendus edendab k\u00f5rgeid standardeid ja kaitseb teavitatud asutuste huve.<\/p>\n<p>&nbsp;<\/p>\n<p><img decoding=\"async\" class=\"wp-image-2883 alignleft\" src=\"http:\/\/icr.you2.pl\/wp-content\/uploads\/2019\/06\/IECEx_logo-300x127.png\" sizes=\"(max-width: 236px) 100vw, 236px\" srcset=\"http:\/\/icr.you2.pl\/wp-content\/uploads\/2019\/06\/IECEx_logo-300x127.png 300w, http:\/\/icr.you2.pl\/wp-content\/uploads\/2019\/06\/IECEx_logo.png 318w\" alt=\"\" width=\"236\" height=\"100\" \/><\/p>\n<p><strong>Rahvusvahelise Elektrotehnilise Komisjoni sertifitseerimiss\u00fcsteem plahvatusohtlikes keskkondades kasutatavate seadmete standarditele (IECEx-s\u00fcsteem)<\/strong><\/p>\n<p>\u00dclemaailmne IECEx-s\u00fcsteem loodi selleks, et h\u00f5lbustada rahvusvahelist kaubandust seadmetega ja teenustega, mida kasutatakse plahvatusohtlikes keskkondades (Ex-seadmed\/tooted), s\u00e4ilitades samal ajal n\u00f5utava ohutustaseme.<\/p>\n<p><img loading=\"lazy\" decoding=\"async\" class=\"alignleft wp-image-2696\" src=\"http:\/\/icr.you2.pl\/wp-content\/uploads\/2019\/06\/pkn_logo-300x207.jpg\" alt=\"\" width=\"150\" height=\"96\" \/><\/p>\n<p>&nbsp;<\/p>\n<p>ICR Poola esindajad osalevad aktiivselt PKNi j\u00e4rgmiste tehniliste komiteede t\u00f6\u00f6s:<\/p>\n<p>&nbsp;<\/p>\n<ul>\n<li>KT 11 telekommunikatsiooni kohta<\/li>\n<li>KT 19 Aerospace<\/li>\n<li>KT 56 p\u00f6\u00f6rlevate elektrimasinate ning elektriliste k\u00e4si- ja kaasaskantavate t\u00f6\u00f6vahendite kohta<\/li>\n<li>KT 63 elektriseadmete kohta<\/li>\n<li>KT 64 plahvatusohtlikes keskkondades kasutatavate elektriseadmete kohta<\/li>\n<li>KT 67 meditsiiniliste elektriseadmete kohta<\/li>\n<li>KT 104 elektromagnetilise \u00fchilduvuse kohta<\/li>\n<li>KT 158 \"Masinate ja tehniliste seadmete ohutus ja ergonoomia - \u00fcldk\u00fcsimused\".<\/li>\n<li>KT 177 relvastuse ja s\u00f5javarustuse projekteerimiseks ja tootmiseks<\/li>\n<li>KT 247 meditsiiniliste materjalide ja biomaterjalide kohta<\/li>\n<li>TC 269 kemikaaliohutuse kohta<\/li>\n<li>KT 304 \"Elektrivarustuse s\u00fcsteemsed aspektid\".<\/li>\n<\/ul>\n<p>&nbsp;<\/p>","protected":false},"excerpt":{"rendered":"<p>REDCA (Radio Equipment Directive Compliance Association) - RED-direktiivi teavitatud asutuste \u00fchendus REDCA loodi vastavalt raadioseadmete direktiivi 2014\/53\/EL (RED) n\u00f5uetele, eelk\u00f5ige artikli 26.11 ja artikli 38 n\u00f5uetele vastavuse n\u00f5uded teavitatud asutustele. REDCA on foorum k\u00f5igile neile, kes on huvitatud raadioseadmete vastavusest Euroopa eeskirjadele ja tehnilistele standarditele...&nbsp;<a href=\"https:\/\/icr.you2.pl\/est\/czlonkostwa\/\" rel=\"bookmark\">Loe edasi \"<span class=\"screen-reader-text\">Liikmelisus<\/span><\/a><\/p>","protected":false},"author":1,"featured_media":0,"parent":0,"menu_order":0,"comment_status":"closed","ping_status":"closed","template":"","meta":{"neve_meta_sidebar":"","neve_meta_container":"","neve_meta_enable_content_width":"off","neve_meta_content_width":70,"neve_meta_title_alignment":"","neve_meta_author_avatar":"","neve_post_elements_order":"","neve_meta_disable_header":"","neve_meta_disable_footer":"","neve_meta_disable_title":"","footnotes":""},"class_list":["post-433","page","type-page","status-publish","hentry"],"yoast_head":"<!-- This site is optimized with the Yoast SEO plugin v26.8 - https:\/\/yoast.com\/product\/yoast-seo-wordpress\/ -->\n<title>Cz\u0142onkostwa - ICR POLSKA - badania i certyfikacja<\/title>\n<meta name=\"robots\" content=\"index, follow, max-snippet:-1, max-image-preview:large, max-video-preview:-1\" \/>\n<link rel=\"canonical\" href=\"https:\/\/icr.you2.pl\/est\/czlonkostwa\/\" \/>\n<meta property=\"og:locale\" content=\"et_EE\" \/>\n<meta property=\"og:type\" content=\"article\" \/>\n<meta property=\"og:title\" content=\"Cz\u0142onkostwa - ICR POLSKA - badania i certyfikacja\" \/>\n<meta property=\"og:description\" content=\"REDCA\u00a0(Radio Equipment Directive Compliance Association) \u2013 Stowarzyszenie Jednostek Notyfikowanych w zakresie dyrektywy RED REDCA zosta\u0142a utworzona zgodnie z wymaganiami dyrektywy o urz\u0105dzeniach radiowych 2014\/53\/UE (RED), w szczeg\u00f3lno\u015bci wymaganiami zgodno\u015bci z art. 26.11 i art. 38 dla jednostek notyfikowanych. REDCA stanowi forum dla wszystkich os\u00f3b zainteresowanych zgodno\u015bci\u0105 urz\u0105dze\u0144 radiowych z przepisami i standardami technicznymi w Europejskim&hellip;&nbsp;Read More &raquo;Cz\u0142onkostwa\" \/>\n<meta property=\"og:url\" content=\"https:\/\/icr.you2.pl\/est\/czlonkostwa\/\" \/>\n<meta property=\"og:site_name\" content=\"ICR POLSKA - badania i certyfikacja\" \/>\n<meta property=\"article:modified_time\" content=\"2024-12-30T10:01:47+00:00\" \/>\n<meta property=\"og:image\" content=\"http:\/\/icr.you2.pl\/wp-content\/uploads\/2019\/06\/REDCA_logo-e1559731944705.jpg\" \/>\n<meta name=\"twitter:card\" content=\"summary_large_image\" \/>\n<meta name=\"twitter:label1\" content=\"Est. reading time\" \/>\n\t<meta name=\"twitter:data1\" content=\"3 minutit\" \/>\n<script type=\"application\/ld+json\" class=\"yoast-schema-graph\">{\"@context\":\"https:\/\/schema.org\",\"@graph\":[{\"@type\":\"WebPage\",\"@id\":\"https:\/\/icr.you2.pl\/czlonkostwa\/\",\"url\":\"https:\/\/icr.you2.pl\/czlonkostwa\/\",\"name\":\"Cz\u0142onkostwa - ICR POLSKA - badania i certyfikacja\",\"isPartOf\":{\"@id\":\"https:\/\/icr.you2.pl\/#website\"},\"primaryImageOfPage\":{\"@id\":\"https:\/\/icr.you2.pl\/czlonkostwa\/#primaryimage\"},\"image\":{\"@id\":\"https:\/\/icr.you2.pl\/czlonkostwa\/#primaryimage\"},\"thumbnailUrl\":\"http:\/\/icr.you2.pl\/wp-content\/uploads\/2019\/06\/REDCA_logo-e1559731944705.jpg\",\"datePublished\":\"2019-03-19T10:00:09+00:00\",\"dateModified\":\"2024-12-30T10:01:47+00:00\",\"breadcrumb\":{\"@id\":\"https:\/\/icr.you2.pl\/czlonkostwa\/#breadcrumb\"},\"inLanguage\":\"et\",\"potentialAction\":[{\"@type\":\"ReadAction\",\"target\":[\"https:\/\/icr.you2.pl\/czlonkostwa\/\"]}]},{\"@type\":\"ImageObject\",\"inLanguage\":\"et\",\"@id\":\"https:\/\/icr.you2.pl\/czlonkostwa\/#primaryimage\",\"url\":\"http:\/\/icr.you2.pl\/wp-content\/uploads\/2019\/06\/REDCA_logo-e1559731944705.jpg\",\"contentUrl\":\"http:\/\/icr.you2.pl\/wp-content\/uploads\/2019\/06\/REDCA_logo-e1559731944705.jpg\"},{\"@type\":\"BreadcrumbList\",\"@id\":\"https:\/\/icr.you2.pl\/czlonkostwa\/#breadcrumb\",\"itemListElement\":[{\"@type\":\"ListItem\",\"position\":1,\"name\":\"Strona g\u0142\u00f3wna\",\"item\":\"https:\/\/icr.you2.pl\/\"},{\"@type\":\"ListItem\",\"position\":2,\"name\":\"Cz\u0142onkostwa\"}]},{\"@type\":\"WebSite\",\"@id\":\"https:\/\/icr.you2.pl\/#website\",\"url\":\"https:\/\/icr.you2.pl\/\",\"name\":\"ICR POLSKA - badania i certyfikacja\",\"description\":\"CE certification, CE certificate, ISO certificate, RED testing, product testing and certification, electrical product testing, medical device testing, ATEX, IECEx, FCC, product certification, EMC testing, machinery certification, CE machines, training, electronic product testing, testing 2014\/53\/EU, drone certification, ISO 13485 certificate, ISO 9001 certificate, NC RfG\",\"publisher\":{\"@id\":\"https:\/\/icr.you2.pl\/#\/schema\/person\/944799c9e2f4a94662e3fcb3b1544baf\"},\"potentialAction\":[{\"@type\":\"SearchAction\",\"target\":{\"@type\":\"EntryPoint\",\"urlTemplate\":\"https:\/\/icr.you2.pl\/?s={search_term_string}\"},\"query-input\":{\"@type\":\"PropertyValueSpecification\",\"valueRequired\":true,\"valueName\":\"search_term_string\"}}],\"inLanguage\":\"et\"},{\"@type\":[\"Person\",\"Organization\"],\"@id\":\"https:\/\/icr.you2.pl\/#\/schema\/person\/944799c9e2f4a94662e3fcb3b1544baf\",\"name\":\"admin\",\"image\":{\"@type\":\"ImageObject\",\"inLanguage\":\"et\",\"@id\":\"https:\/\/icr.you2.pl\/#\/schema\/person\/image\/\",\"url\":\"https:\/\/icr.you2.pl\/wp-content\/uploads\/2019\/05\/cropped-logo-icr.32f04ad5-1-1.png\",\"contentUrl\":\"https:\/\/icr.you2.pl\/wp-content\/uploads\/2019\/05\/cropped-logo-icr.32f04ad5-1-1.png\",\"width\":400,\"height\":148,\"caption\":\"admin\"},\"logo\":{\"@id\":\"https:\/\/icr.you2.pl\/#\/schema\/person\/image\/\"}}]}<\/script>\n<!-- \/ Yoast SEO plugin. -->","yoast_head_json":{"title":"Liikmelisus - ICR POLA - Testimine ja sertifitseerimine","robots":{"index":"index","follow":"follow","max-snippet":"max-snippet:-1","max-image-preview":"max-image-preview:large","max-video-preview":"max-video-preview:-1"},"canonical":"https:\/\/icr.you2.pl\/est\/czlonkostwa\/","og_locale":"et_EE","og_type":"article","og_title":"Cz\u0142onkostwa - ICR POLSKA - badania i certyfikacja","og_description":"REDCA\u00a0(Radio Equipment Directive Compliance Association) \u2013 Stowarzyszenie Jednostek Notyfikowanych w zakresie dyrektywy RED REDCA zosta\u0142a utworzona zgodnie z wymaganiami dyrektywy o urz\u0105dzeniach radiowych 2014\/53\/UE (RED), w szczeg\u00f3lno\u015bci wymaganiami zgodno\u015bci z art. 26.11 i art. 38 dla jednostek notyfikowanych. REDCA stanowi forum dla wszystkich os\u00f3b zainteresowanych zgodno\u015bci\u0105 urz\u0105dze\u0144 radiowych z przepisami i standardami technicznymi w Europejskim&hellip;&nbsp;Read More &raquo;Cz\u0142onkostwa","og_url":"https:\/\/icr.you2.pl\/est\/czlonkostwa\/","og_site_name":"ICR POLSKA - badania i certyfikacja","article_modified_time":"2024-12-30T10:01:47+00:00","og_image":[{"url":"http:\/\/icr.you2.pl\/wp-content\/uploads\/2019\/06\/REDCA_logo-e1559731944705.jpg","type":"","width":"","height":""}],"twitter_card":"summary_large_image","twitter_misc":{"Est. reading time":"3 minutit"},"schema":{"@context":"https:\/\/schema.org","@graph":[{"@type":"WebPage","@id":"https:\/\/icr.you2.pl\/czlonkostwa\/","url":"https:\/\/icr.you2.pl\/czlonkostwa\/","name":"Liikmelisus - ICR POLA - Testimine ja sertifitseerimine","isPartOf":{"@id":"https:\/\/icr.you2.pl\/#website"},"primaryImageOfPage":{"@id":"https:\/\/icr.you2.pl\/czlonkostwa\/#primaryimage"},"image":{"@id":"https:\/\/icr.you2.pl\/czlonkostwa\/#primaryimage"},"thumbnailUrl":"http:\/\/icr.you2.pl\/wp-content\/uploads\/2019\/06\/REDCA_logo-e1559731944705.jpg","datePublished":"2019-03-19T10:00:09+00:00","dateModified":"2024-12-30T10:01:47+00:00","breadcrumb":{"@id":"https:\/\/icr.you2.pl\/czlonkostwa\/#breadcrumb"},"inLanguage":"et","potentialAction":[{"@type":"ReadAction","target":["https:\/\/icr.you2.pl\/czlonkostwa\/"]}]},{"@type":"ImageObject","inLanguage":"et","@id":"https:\/\/icr.you2.pl\/czlonkostwa\/#primaryimage","url":"http:\/\/icr.you2.pl\/wp-content\/uploads\/2019\/06\/REDCA_logo-e1559731944705.jpg","contentUrl":"http:\/\/icr.you2.pl\/wp-content\/uploads\/2019\/06\/REDCA_logo-e1559731944705.jpg"},{"@type":"BreadcrumbList","@id":"https:\/\/icr.you2.pl\/czlonkostwa\/#breadcrumb","itemListElement":[{"@type":"ListItem","position":1,"name":"Strona g\u0142\u00f3wna","item":"https:\/\/icr.you2.pl\/"},{"@type":"ListItem","position":2,"name":"Cz\u0142onkostwa"}]},{"@type":"WebSite","@id":"https:\/\/icr.you2.pl\/#website","url":"https:\/\/icr.you2.pl\/","name":"ICR POLA - katsetamine ja sertifitseerimine","description":"CE sertifitseerimine, CE sertifikaat, ISO sertifikaat, RED testimine, toodete testimine ja sertifitseerimine, elektritoodete testimine, meditsiiniseadmete testimine, ATEX, IECEx, FCC, toodete sertifitseerimine, EMC testimine, masinate sertifitseerimine, CE masinad, koolitus, elektrooniliste toodete testimine, testimine 2014\/53\/EL, droonide sertifitseerimine, ISO 13485 sertifikaat, ISO 9001 sertifikaat, NC RfG","publisher":{"@id":"https:\/\/icr.you2.pl\/#\/schema\/person\/944799c9e2f4a94662e3fcb3b1544baf"},"potentialAction":[{"@type":"SearchAction","target":{"@type":"EntryPoint","urlTemplate":"https:\/\/icr.you2.pl\/?s={search_term_string}"},"query-input":{"@type":"PropertyValueSpecification","valueRequired":true,"valueName":"search_term_string"}}],"inLanguage":"et"},{"@type":["Person","Organization"],"@id":"https:\/\/icr.you2.pl\/#\/schema\/person\/944799c9e2f4a94662e3fcb3b1544baf","name":"admin","image":{"@type":"ImageObject","inLanguage":"et","@id":"https:\/\/icr.you2.pl\/#\/schema\/person\/image\/","url":"https:\/\/icr.you2.pl\/wp-content\/uploads\/2019\/05\/cropped-logo-icr.32f04ad5-1-1.png","contentUrl":"https:\/\/icr.you2.pl\/wp-content\/uploads\/2019\/05\/cropped-logo-icr.32f04ad5-1-1.png","width":400,"height":148,"caption":"admin"},"logo":{"@id":"https:\/\/icr.you2.pl\/#\/schema\/person\/image\/"}}]}},"_links":{"self":[{"href":"https:\/\/icr.you2.pl\/est\/wp-json\/wp\/v2\/pages\/433","targetHints":{"allow":["GET"]}}],"collection":[{"href":"https:\/\/icr.you2.pl\/est\/wp-json\/wp\/v2\/pages"}],"about":[{"href":"https:\/\/icr.you2.pl\/est\/wp-json\/wp\/v2\/types\/page"}],"author":[{"embeddable":true,"href":"https:\/\/icr.you2.pl\/est\/wp-json\/wp\/v2\/users\/1"}],"replies":[{"embeddable":true,"href":"https:\/\/icr.you2.pl\/est\/wp-json\/wp\/v2\/comments?post=433"}],"version-history":[{"count":0,"href":"https:\/\/icr.you2.pl\/est\/wp-json\/wp\/v2\/pages\/433\/revisions"}],"wp:attachment":[{"href":"https:\/\/icr.you2.pl\/est\/wp-json\/wp\/v2\/media?parent=433"}],"curies":[{"name":"wp","href":"https:\/\/api.w.org\/{rel}","templated":true}]}}