{"id":435,"date":"2019-03-19T10:00:59","date_gmt":"2019-03-19T10:00:59","guid":{"rendered":"http:\/\/icrpolska.e-ksperci.pl\/?page_id=435"},"modified":"2023-03-16T14:21:01","modified_gmt":"2023-03-16T13:21:01","slug":"oferty-pracy","status":"publish","type":"page","link":"https:\/\/icr.you2.pl\/est\/oferty-pracy\/","title":{"rendered":"T\u00f6\u00f6v\u00f5imalused"},"content":{"rendered":"<p><strong>ICR Polska <\/strong>Ltd. alustas tegevust 2014. aastal ICR Co. Euroopa filiaalina. Ltd, mis on rahvusvaheline uurimis- ja sertifitseerimis\u00fcksus, mille asukoht on Soulis, L\u00f5una-Koreas.<\/p>\n<p>Meil on ulatuslik tegevus TIC - Testimine-Kontroll-Sertifitseerimine - valdkonnas nii kodu- kui ka v\u00e4lismaal.<\/p>\n<p>ICR Poola on hiljuti l\u00e4binud meditsiiniseadmete sertifitseerimise hindamise vastavalt m\u00e4\u00e4rusele 2017\/745 - MDR, mist\u00f5ttu otsitakse inimesi, kellel on kogemusi ja paralleelselt soov areneda eespool nimetatud valdkonnas.<\/p>\n<h3 align=\"center\"><b>Meditsiiniseadmete sertifitseerimise spetsialist\u00a0<\/b><\/h3>\n<p>T\u00f6\u00f6koht: Varssavi, t\u00e4ist\u00f6\u00f6ajaga<\/p>\n<p><strong>T\u00d6\u00d6 KIRJELDUS:<\/strong><\/p>\n<ul>\n<li>teostada meditsiiniseadmete dokumentatsiooni ametlikku ja sisulist hindamist,<\/li>\n<li>Sertifitseerimise konkreetset etappi teostavate ekspertide valik ja j\u00e4relevalve,<\/li>\n<li>kohapealsete auditite l\u00e4biviimine kliendi juures (valmisolek reisida, sh v\u00e4lismaale),<\/li>\n<li>Tihe koost\u00f6\u00f6 praeguste ja potentsiaalsete klientidega,<\/li>\n<\/ul>\n<p><strong><b>N\u00d5UDED<\/b>:<\/strong><\/p>\n<ul>\n<li>V\u00e4hemalt 3-aastane sisuline kogemus meditsiiniseadmete valdkonnas,<\/li>\n<li>K\u00f5rgharidus meditsiinis, biotehnoloogias, meditsiinikeemias, meditsiinianal\u00fc\u00fctikas, biomeditsiinitehnikas, materjalitehnikas ja sellega seotud erialadel,<\/li>\n<li>teadmised meditsiiniseadmete \u00f5iguslikest ja normatiivsetest n\u00f5uetest CE-kategooria jaoks,<\/li>\n<li>Teadmised kvaliteedijuhtimiss\u00fcsteemidest,<\/li>\n<li>Inglise keele oskus k\u00f5rgtasemel,<\/li>\n<\/ul>\n<p><strong><b>PAKUMME<\/b>:<\/strong><\/p>\n<ul>\n<li>t\u00f6\u00f6lepingu alusel t\u00f6\u00f6tamine,<\/li>\n<li>fikseeritud palk ja tulemuspalk,<\/li>\n<li>V\u00f5imalused professionaalseks arenguks koolituse ja d\u00fcnaamilises rahvusvahelises organisatsioonis t\u00f6\u00f6tamise kaudu,<\/li>\n<\/ul>\n<p>Ettev\u00f5tte andmed:<\/p>\n<p><a href=\"http:\/\/icr.you2.pl\/est\/\">http:\/\/icr.you2.pl\/<\/a><\/p>\n<p><a href=\"http:\/\/icrqa.com\/\">http:\/\/icrqa.com\/<\/a><\/p>\n<hr \/>\n<h3 align=\"center\"><b>Juhtimiss\u00fcsteemide sertifitseerimise spetsialist\u00a0<\/b><\/h3>\n<p><strong>T\u00d6\u00d6 KIRJELDUS:<\/strong><\/p>\n<ul>\n<li>sertifitseerimis- ja j\u00e4relevalveprotsesside korraldamine ja arvestuse pidamine<\/li>\n<li>klientide omandamine ja koost\u00f6\u00f6 klientidega<\/li>\n<li>koost\u00f6\u00f6 ja j\u00e4relevalve audiitorite\/ekspertide \u00fcle<\/li>\n<li>koost\u00f6\u00f6 siseriiklike ja v\u00e4lismaiste klientidega<\/li>\n<\/ul>\n<p><b>N\u00d5UDED:<\/b><\/p>\n<ul>\n<li>tehniline k\u00f5rgharidus<\/li>\n<li>min. 2-aastane t\u00f6\u00f6kogemus sarnasel ametikohal v\u00f5i tehnilisel ametikohal tootmise, projekteerimise v\u00f5i uurimist\u00f6\u00f6 valdkonnas.<\/li>\n<li>ISO 9001, 14001, 13485 seeria standardite tundmine<\/li>\n<li>piisav inglise keele oskus, et hinnata tehnilist tootedokumentatsiooni, suhelda klientidega<\/li>\n<li>kasuks tuleb ISO\/IEC 17021 ja ISO\/IEC 17065 tundmine.<\/li>\n<\/ul>\n<p><b>ME PAKUME:<\/b><\/p>\n<ul>\n<li>lepinguline v\u00f5i B2B t\u00f6\u00f6tamine<\/li>\n<li>t\u00f6\u00f6tada d\u00fcnaamilises ettev\u00f5ttes ja osaleda huvitavates projektides<\/li>\n<li>paindlik algusaeg (vahemikus 7.00-8.30),<\/li>\n<li>V\u00f5imalus professionaalseks arenguks rahvusvahelises eksperdikeskkonnas ja pingevabas \u00f5hkkonnas,<\/li>\n<li>erikoolitus oma \u00f5iguste s\u00e4ilitamiseks ja arendamiseks<\/li>\n<li>p\u00e4devusele vastav tasu<\/li>\n<\/ul>\n<p>&nbsp;<\/p>\n<hr \/>\n<p><strong>Taotluse saatmisel lisage palun oma kirjalik n\u00f5usolek:<\/strong><br \/>\nN\u00f5ustun, et ICR Polska Sp. z o. o. t\u00f6\u00f6tleb minu kandideerimisdokumentides sisalduvaid isikuandmeid v\u00e4rbamisprotsessi jaoks vajalikul eesm\u00e4rgil. Olenemata \u00fclaltoodust teatame teile, et andmete haldaja j\u00e4tab endale \u00f5iguse v\u00f5tta \u00fchendust valitud isikutega, kes vastavad kuulutuses esitatud kriteeriumidele. Samal ajal anname teile teavet teie isikuandmete t\u00f6\u00f6tlemise kohta meie v\u00e4rbamisel, mis toimub vastavalt Euroopa Parlamendi ja n\u00f5ukogu 27. aprilli 2016. aasta m\u00e4\u00e4rusele (EL) 2016\/679 f\u00fc\u00fcsiliste isikute kaitse kohta isikuandmete t\u00f6\u00f6tlemisel ja selliste andmete vaba liikumise ning direktiivi 95\/46\/E\u00dc kehtetuks tunnistamise kohta (isikuandmete kaitse \u00fcldm\u00e4\u00e4rus), edaspidi RODO:<\/p>\n<ol>\n<li>Teie taotlusdokumentides m\u00e4rgitud isikuandmete haldaja on ICR Polska Sp. z o.o., mille registrij\u00e4rgne asukoht on Varssavi 03-944, Plac Przymierza 6, edaspidi \"andmete haldaja\".<\/li>\n<li>Vastutav t\u00f6\u00f6tleja kinnitab, et ta vastutab andmekaitsealastest \u00f5igusaktidest tulenevate kohustuste t\u00e4itmise eest, eelk\u00f5ige seoses teie \u00f5iguste kasutamisega.<\/li>\n<li>Kui teil on k\u00fcsimusi teie andmete t\u00f6\u00f6tlemise kohta, v\u00f5ite v\u00f5tta \u00fchendust: icrpolska@icrqa.com.<\/li>\n<li>Teie isikuandmeid t\u00f6\u00f6deldakse partnerluse loomise eesm\u00e4rgil.<\/li>\n<li>Teie poolt esitatud kaaskirjas, CV-s ja\/v\u00f5i muudes dokumentides esitatud isikuandmed, nagu ees- ja perekonnanimi, s\u00fcnniaeg, elukoha aadress (postiaadress) ning teave hariduse ja varasema t\u00f6\u00f6koha kohta, on vabatahtlikud, kuid vajalikud ja olulised v\u00e4rbamise eesm\u00e4rgil.  Andmeid t\u00f6\u00f6deldakse RODO artikli 6 l\u00f5ike 1 punkti b ja t\u00f6\u00f6seadustiku artikli 22 l\u00f5ike 1 punkti 1 alusel.<\/li>\n<li>Muude andmete, n\u00e4iteks e-posti aadressi, kontakttelefoninumbri v\u00f5i CV-sse paigutatud foto (pilt) esitamine on vabatahtlik ja nende t\u00f6\u00f6tlemine toimub teie n\u00f5usoleku alusel, mis on antud RODO artikli 6 l\u00f5ike 1 punkti a alusel.<\/li>\n<li>Teie isikuandmete saaja on ICR Polska Sp. z o.o. ja vastutava t\u00f6\u00f6tleja volitatud t\u00f6\u00f6tajad\/kaast\u00f6\u00f6tajad, kes teostavad v\u00e4rbamisprotsessi.<\/li>\n<li>Teie isikuandmeid s\u00e4ilitatakse v\u00e4rbamise ajal, maksimaalselt 12 kuud alates nende saamisest.<\/li>\n<li>Teie n\u00f5usolekul s\u00e4ilitatakse esitatud andmeid edasise v\u00e4rbamise eesm\u00e4rgil kuni 24 kuud alates n\u00f5usoleku andmisest.<\/li>\n<li>Teil on \u00f5igus tutvuda oma andmete sisuga igal ajal ja koosk\u00f5las andmekaitsealases direktiivis s\u00e4testatud p\u00f5him\u00f5tetega ning \u00f5igus andmete parandamisele, kustutamisele, t\u00f6\u00f6tlemise piiramisele, andmete \u00fclekantavusele, \u00f5igus esitada vastuv\u00e4iteid ja \u00f5igus t\u00fchistada n\u00f5usolek t\u00f6\u00f6tlemiseks.<\/li>\n<li>N\u00f5usoleku tagasiv\u00f5tmine ei m\u00f5juta enne n\u00f5usoleku tagasiv\u00f5tmist toimunud t\u00f6\u00f6tlemise seaduslikkust.<\/li>\n<li>Kui soovite oma n\u00f5usolekut andmete t\u00f6\u00f6tlemiseks tagasi v\u00f5tta v\u00f5i taotleda v\u00e4rbamisprotsessi k\u00e4igus saadud andmete kustutamist, kirjutage palun andmet\u00f6\u00f6tleja registreeritud asukoha aadressile v\u00f5i saatke e-kiri: icrpolska@icrqa.com.<\/li>\n<li>Teie isikuandmeid ei edastata kolmandale riigile v\u00f5i rahvusvahelisele organisatsioonile.<\/li>\n<li>Teie andmeid ei t\u00f6\u00f6delda automatiseeritult nii, et automatiseeritud t\u00f6\u00f6tlemise tulemusena saaks teha otsuseid, tekiksid muud \u00f5iguslikud tagaj\u00e4rjed v\u00f5i teie olukord oleks muul viisil oluliselt m\u00f5jutatud.<\/li>\n<li>Teie andmeid ei profileerita.<\/li>\n<li>Teil on \u00f5igus esitada kaebus isikuandmete kaitse ameti presidendile, kui leiate, et teid puudutavate isikuandmete t\u00f6\u00f6tlemine on vastuolus seadusega.<\/li>\n<\/ol>","protected":false},"excerpt":{"rendered":"<p>ICR Polska Sp. z o.o. alustas tegevust 2014. aastal kui ICR Co. Ltd, mis on rahvusvaheline katse- ja sertifitseerimis\u00fcksus, mille asukoht on Soulis, L\u00f5una-Koreas. Meil on ulatuslik tegevus TIC - testimine-kontroll-sertifitseerimine - valdkonnas nii kodu- kui ka v\u00e4lismaal. ICR Poola on hiljuti l\u00e4binud meditsiiniseadmete sertifitseerimise hindamise vastavalt m\u00e4\u00e4rusele 2017\/745.....&nbsp;<a href=\"https:\/\/icr.you2.pl\/est\/oferty-pracy\/\" rel=\"bookmark\">Loe edasi \"<span class=\"screen-reader-text\">T\u00f6\u00f6v\u00f5imalused<\/span><\/a><\/p>","protected":false},"author":1,"featured_media":259,"parent":0,"menu_order":0,"comment_status":"closed","ping_status":"closed","template":"","meta":{"neve_meta_sidebar":"","neve_meta_container":"","neve_meta_enable_content_width":"off","neve_meta_content_width":70,"neve_meta_title_alignment":"","neve_meta_author_avatar":"","neve_post_elements_order":"","neve_meta_disable_header":"","neve_meta_disable_footer":"","neve_meta_disable_title":"","footnotes":""},"class_list":["post-435","page","type-page","status-publish","has-post-thumbnail","hentry"],"yoast_head":"<!-- This site is optimized with the Yoast SEO plugin v26.8 - https:\/\/yoast.com\/product\/yoast-seo-wordpress\/ -->\n<title>Oferty pracy - ICR POLSKA - badania i certyfikacja<\/title>\n<meta name=\"robots\" content=\"index, follow, max-snippet:-1, max-image-preview:large, max-video-preview:-1\" \/>\n<link rel=\"canonical\" href=\"https:\/\/icr.you2.pl\/est\/oferty-pracy\/\" \/>\n<meta property=\"og:locale\" content=\"et_EE\" \/>\n<meta property=\"og:type\" content=\"article\" \/>\n<meta property=\"og:title\" content=\"Oferty pracy - ICR POLSKA - badania i certyfikacja\" \/>\n<meta property=\"og:description\" content=\"ICR Polska Sp. z o.o. rozpocz\u0119\u0142a dzia\u0142alno\u015b\u0107 w 2014 jako Europejski oddzia\u0142 ICR Co. Ltd., mi\u0119dzynarodowej jednostki badawczo-certyfikuj\u0105cej z siedzib\u0105 w Seulu w Korei Po\u0142udniowej. Prowadzimy rozleg\u0142\u0105 dzia\u0142alno\u015b\u0107 w zakresie obszaru TIC \u2013 Testing-Inspection-Certification w kraju i zagranic\u0105. ICR Polska niedawno przesz\u0142a ocen\u0119 pod k\u0105tem uzyskania uprawnie\u0144 w zakresie certyfikacji wyrob\u00f3w medycznych wg Rozporz\u0105dzenia 2017\/745&hellip;&nbsp;Read More &raquo;Oferty pracy\" \/>\n<meta property=\"og:url\" content=\"https:\/\/icr.you2.pl\/est\/oferty-pracy\/\" \/>\n<meta property=\"og:site_name\" content=\"ICR POLSKA - badania i certyfikacja\" \/>\n<meta property=\"article:modified_time\" content=\"2023-03-16T13:21:01+00:00\" \/>\n<meta name=\"twitter:card\" content=\"summary_large_image\" \/>\n<meta name=\"twitter:label1\" content=\"Est. reading time\" \/>\n\t<meta name=\"twitter:data1\" content=\"6 minutit\" \/>\n<script type=\"application\/ld+json\" class=\"yoast-schema-graph\">{\"@context\":\"https:\/\/schema.org\",\"@graph\":[{\"@type\":\"WebPage\",\"@id\":\"https:\/\/icr.you2.pl\/oferty-pracy\/\",\"url\":\"https:\/\/icr.you2.pl\/oferty-pracy\/\",\"name\":\"Oferty pracy - ICR POLSKA - badania i certyfikacja\",\"isPartOf\":{\"@id\":\"https:\/\/icr.you2.pl\/#website\"},\"primaryImageOfPage\":{\"@id\":\"https:\/\/icr.you2.pl\/oferty-pracy\/#primaryimage\"},\"image\":{\"@id\":\"https:\/\/icr.you2.pl\/oferty-pracy\/#primaryimage\"},\"thumbnailUrl\":\"\",\"datePublished\":\"2019-03-19T10:00:59+00:00\",\"dateModified\":\"2023-03-16T13:21:01+00:00\",\"breadcrumb\":{\"@id\":\"https:\/\/icr.you2.pl\/oferty-pracy\/#breadcrumb\"},\"inLanguage\":\"et\",\"potentialAction\":[{\"@type\":\"ReadAction\",\"target\":[\"https:\/\/icr.you2.pl\/oferty-pracy\/\"]}]},{\"@type\":\"ImageObject\",\"inLanguage\":\"et\",\"@id\":\"https:\/\/icr.you2.pl\/oferty-pracy\/#primaryimage\",\"url\":\"\",\"contentUrl\":\"\"},{\"@type\":\"BreadcrumbList\",\"@id\":\"https:\/\/icr.you2.pl\/oferty-pracy\/#breadcrumb\",\"itemListElement\":[{\"@type\":\"ListItem\",\"position\":1,\"name\":\"Strona g\u0142\u00f3wna\",\"item\":\"https:\/\/icr.you2.pl\/\"},{\"@type\":\"ListItem\",\"position\":2,\"name\":\"Oferty pracy\"}]},{\"@type\":\"WebSite\",\"@id\":\"https:\/\/icr.you2.pl\/#website\",\"url\":\"https:\/\/icr.you2.pl\/\",\"name\":\"ICR POLSKA - badania i certyfikacja\",\"description\":\"CE certification, CE certificate, ISO certificate, RED testing, product testing and certification, electrical product testing, medical device testing, ATEX, IECEx, FCC, product certification, EMC testing, machinery certification, CE machines, training, electronic product testing, testing 2014\/53\/EU, drone certification, ISO 13485 certificate, ISO 9001 certificate, NC RfG\",\"publisher\":{\"@id\":\"https:\/\/icr.you2.pl\/#\/schema\/person\/944799c9e2f4a94662e3fcb3b1544baf\"},\"potentialAction\":[{\"@type\":\"SearchAction\",\"target\":{\"@type\":\"EntryPoint\",\"urlTemplate\":\"https:\/\/icr.you2.pl\/?s={search_term_string}\"},\"query-input\":{\"@type\":\"PropertyValueSpecification\",\"valueRequired\":true,\"valueName\":\"search_term_string\"}}],\"inLanguage\":\"et\"},{\"@type\":[\"Person\",\"Organization\"],\"@id\":\"https:\/\/icr.you2.pl\/#\/schema\/person\/944799c9e2f4a94662e3fcb3b1544baf\",\"name\":\"admin\",\"image\":{\"@type\":\"ImageObject\",\"inLanguage\":\"et\",\"@id\":\"https:\/\/icr.you2.pl\/#\/schema\/person\/image\/\",\"url\":\"https:\/\/icr.you2.pl\/wp-content\/uploads\/2019\/05\/cropped-logo-icr.32f04ad5-1-1.png\",\"contentUrl\":\"https:\/\/icr.you2.pl\/wp-content\/uploads\/2019\/05\/cropped-logo-icr.32f04ad5-1-1.png\",\"width\":400,\"height\":148,\"caption\":\"admin\"},\"logo\":{\"@id\":\"https:\/\/icr.you2.pl\/#\/schema\/person\/image\/\"}}]}<\/script>\n<!-- \/ Yoast SEO plugin. -->","yoast_head_json":{"title":"T\u00f6\u00f6v\u00f5imalused - ICR POLAND - Testimine ja sertifitseerimine","robots":{"index":"index","follow":"follow","max-snippet":"max-snippet:-1","max-image-preview":"max-image-preview:large","max-video-preview":"max-video-preview:-1"},"canonical":"https:\/\/icr.you2.pl\/est\/oferty-pracy\/","og_locale":"et_EE","og_type":"article","og_title":"Oferty pracy - ICR POLSKA - badania i certyfikacja","og_description":"ICR Polska Sp. z o.o. rozpocz\u0119\u0142a dzia\u0142alno\u015b\u0107 w 2014 jako Europejski oddzia\u0142 ICR Co. Ltd., mi\u0119dzynarodowej jednostki badawczo-certyfikuj\u0105cej z siedzib\u0105 w Seulu w Korei Po\u0142udniowej. Prowadzimy rozleg\u0142\u0105 dzia\u0142alno\u015b\u0107 w zakresie obszaru TIC \u2013 Testing-Inspection-Certification w kraju i zagranic\u0105. ICR Polska niedawno przesz\u0142a ocen\u0119 pod k\u0105tem uzyskania uprawnie\u0144 w zakresie certyfikacji wyrob\u00f3w medycznych wg Rozporz\u0105dzenia 2017\/745&hellip;&nbsp;Read More &raquo;Oferty pracy","og_url":"https:\/\/icr.you2.pl\/est\/oferty-pracy\/","og_site_name":"ICR POLSKA - badania i certyfikacja","article_modified_time":"2023-03-16T13:21:01+00:00","twitter_card":"summary_large_image","twitter_misc":{"Est. reading time":"6 minutit"},"schema":{"@context":"https:\/\/schema.org","@graph":[{"@type":"WebPage","@id":"https:\/\/icr.you2.pl\/oferty-pracy\/","url":"https:\/\/icr.you2.pl\/oferty-pracy\/","name":"T\u00f6\u00f6v\u00f5imalused - ICR POLAND - Testimine ja sertifitseerimine","isPartOf":{"@id":"https:\/\/icr.you2.pl\/#website"},"primaryImageOfPage":{"@id":"https:\/\/icr.you2.pl\/oferty-pracy\/#primaryimage"},"image":{"@id":"https:\/\/icr.you2.pl\/oferty-pracy\/#primaryimage"},"thumbnailUrl":"","datePublished":"2019-03-19T10:00:59+00:00","dateModified":"2023-03-16T13:21:01+00:00","breadcrumb":{"@id":"https:\/\/icr.you2.pl\/oferty-pracy\/#breadcrumb"},"inLanguage":"et","potentialAction":[{"@type":"ReadAction","target":["https:\/\/icr.you2.pl\/oferty-pracy\/"]}]},{"@type":"ImageObject","inLanguage":"et","@id":"https:\/\/icr.you2.pl\/oferty-pracy\/#primaryimage","url":"","contentUrl":""},{"@type":"BreadcrumbList","@id":"https:\/\/icr.you2.pl\/oferty-pracy\/#breadcrumb","itemListElement":[{"@type":"ListItem","position":1,"name":"Strona g\u0142\u00f3wna","item":"https:\/\/icr.you2.pl\/"},{"@type":"ListItem","position":2,"name":"Oferty pracy"}]},{"@type":"WebSite","@id":"https:\/\/icr.you2.pl\/#website","url":"https:\/\/icr.you2.pl\/","name":"ICR POLA - katsetamine ja sertifitseerimine","description":"CE sertifitseerimine, CE sertifikaat, ISO sertifikaat, RED testimine, toodete testimine ja sertifitseerimine, elektritoodete testimine, meditsiiniseadmete testimine, ATEX, IECEx, FCC, toodete sertifitseerimine, EMC testimine, masinate sertifitseerimine, CE masinad, koolitus, elektrooniliste toodete testimine, testimine 2014\/53\/EL, droonide sertifitseerimine, ISO 13485 sertifikaat, ISO 9001 sertifikaat, NC RfG","publisher":{"@id":"https:\/\/icr.you2.pl\/#\/schema\/person\/944799c9e2f4a94662e3fcb3b1544baf"},"potentialAction":[{"@type":"SearchAction","target":{"@type":"EntryPoint","urlTemplate":"https:\/\/icr.you2.pl\/?s={search_term_string}"},"query-input":{"@type":"PropertyValueSpecification","valueRequired":true,"valueName":"search_term_string"}}],"inLanguage":"et"},{"@type":["Person","Organization"],"@id":"https:\/\/icr.you2.pl\/#\/schema\/person\/944799c9e2f4a94662e3fcb3b1544baf","name":"admin","image":{"@type":"ImageObject","inLanguage":"et","@id":"https:\/\/icr.you2.pl\/#\/schema\/person\/image\/","url":"https:\/\/icr.you2.pl\/wp-content\/uploads\/2019\/05\/cropped-logo-icr.32f04ad5-1-1.png","contentUrl":"https:\/\/icr.you2.pl\/wp-content\/uploads\/2019\/05\/cropped-logo-icr.32f04ad5-1-1.png","width":400,"height":148,"caption":"admin"},"logo":{"@id":"https:\/\/icr.you2.pl\/#\/schema\/person\/image\/"}}]}},"_links":{"self":[{"href":"https:\/\/icr.you2.pl\/est\/wp-json\/wp\/v2\/pages\/435","targetHints":{"allow":["GET"]}}],"collection":[{"href":"https:\/\/icr.you2.pl\/est\/wp-json\/wp\/v2\/pages"}],"about":[{"href":"https:\/\/icr.you2.pl\/est\/wp-json\/wp\/v2\/types\/page"}],"author":[{"embeddable":true,"href":"https:\/\/icr.you2.pl\/est\/wp-json\/wp\/v2\/users\/1"}],"replies":[{"embeddable":true,"href":"https:\/\/icr.you2.pl\/est\/wp-json\/wp\/v2\/comments?post=435"}],"version-history":[{"count":0,"href":"https:\/\/icr.you2.pl\/est\/wp-json\/wp\/v2\/pages\/435\/revisions"}],"wp:featuredmedia":[{"embeddable":true,"href":"https:\/\/icr.you2.pl\/est\/wp-json\/"}],"wp:attachment":[{"href":"https:\/\/icr.you2.pl\/est\/wp-json\/wp\/v2\/media?parent=435"}],"curies":[{"name":"wp","href":"https:\/\/api.w.org\/{rel}","templated":true}]}}