{"id":1971,"date":"2019-05-22T20:16:17","date_gmt":"2019-05-22T20:16:17","guid":{"rendered":"http:\/\/icrpolska.e-ksperci.pl\/?page_id=1971"},"modified":"2023-01-13T18:11:48","modified_gmt":"2023-01-13T17:11:48","slug":"inspekcje-i-audity","status":"publish","type":"page","link":"https:\/\/icr.you2.pl\/fr\/inspekcje-i-audity\/","title":{"rendered":"Inspections et audits"},"content":{"rendered":"<p><b>Inspections<\/b><\/p>\n<p><span style=\"font-weight: 400;\">Les inspections sont effectu\u00e9es par les employ\u00e9s d'ICR Polska Sp. z o.o. dans le cadre des comp\u00e9tences de l'entit\u00e9, en particulier dans le but de confirmer la conformit\u00e9 aux exigences des normes sp\u00e9cifiques et aux exigences des directives suivantes : machines <a href=\"https:\/\/eur-lex.europa.eu\/legal-content\/PL\/TXT\/PDF\/?uri=CELEX:32006L0042&amp;from=PL\" target=\"_blank\" rel=\"noopener noreferrer\">2006\/42\/CE<\/a>basse tension <a href=\"https:\/\/eur-lex.europa.eu\/legal-content\/PL\/TXT\/PDF\/?uri=CELEX:32014L0035&amp;from=PL\" target=\"_blank\" rel=\"noopener noreferrer\">2014\/35\/EU<\/a>Compatibilit\u00e9 \u00e9lectromagn\u00e9tique CEM <a href=\"https:\/\/eur-lex.europa.eu\/legal-content\/PL\/TXT\/PDF\/?uri=CELEX:32014L0030&amp;from=PL\" target=\"_blank\" rel=\"noopener noreferrer\">2014\/30\/EU<\/a> et la radio RED <a href=\"https:\/\/eur-lex.europa.eu\/legal-content\/PL\/TXT\/PDF\/?uri=CELEX:32014L0053&amp;from=PL\" target=\"_blank\" rel=\"noopener noreferrer\">2014\/53\/EU<\/a>Atmosph\u00e8res explosives et \u00e9quipements destin\u00e9s \u00e0 \u00eatre utilis\u00e9s dans des atmosph\u00e8res potentiellement explosives ATEX <a href=\"https:\/\/eur-lex.europa.eu\/legal-content\/PL\/TXT\/PDF\/?uri=CELEX:32014L0034&amp;from=PL\" target=\"_blank\" rel=\"noopener noreferrer\">2014\/34\/EU<\/a> et le code de r\u00e9seau - NC RfG <a href=\"https:\/\/eur-lex.europa.eu\/legal-content\/PL\/TXT\/PDF\/?uri=CELEX:32016R0631&amp;from=PL\" target=\"_blank\" rel=\"noopener\">(UE) 2016\/631<\/a><\/span><\/p>\n<p><span style=\"font-weight: 400;\">Les inspections peuvent porter \u00e0 la fois sur les processus de production, leurs fragments ou leurs relations, et sur les produits finaux ou les sous-ensembles r\u00e9sultant de ces processus. Les inspections sont effectu\u00e9es sur le site du client, sur le lieu de production, \u00e0 un moment garantissant la possibilit\u00e9 d'\u00e9valuer le d\u00e9roulement du processus et de v\u00e9rifier ses effets. Les inspections peuvent \u00eatre compl\u00e9t\u00e9es par des essais de produits et une \u00e9valuation de la conformit\u00e9, y compris des essais de type CE\/UE.<\/span><\/p>\n<p><span style=\"font-weight: 400;\">Les inspections permettent, entre autres, de<\/span><\/p>\n<ul>\n<li style=\"font-weight: 400;\"><span style=\"font-weight: 400;\">confirmer que les exigences n\u00e9cessaires \u00e0 la production ou \u00e0 la mise en place d'une cha\u00eene de production sont satisfaites ;<\/span><\/li>\n<\/ul>\n<ul>\n<li style=\"font-weight: 400;\"><span style=\"font-weight: 400;\">confirmer la conformit\u00e9 avec les exigences en mati\u00e8re d'\u00e9tiquetage des produits, par exemple CE, B, KC, ATEX.<\/span><\/li>\n<\/ul>\n<p><span style=\"font-weight: 400;\">\u00c0 la suite de l'inspection, le client re\u00e7oit un rapport contenant une \u00e9valuation du respect des exigences et des recommandations sp\u00e9cifiques concernant, par exemple, la possibilit\u00e9 de r\u00e9duire les risques encourus.<\/span><\/p>\n<p><span style=\"font-weight: 400;\">Lors d'une inspection effectu\u00e9e par ICR Polska Sp. z o.o., le client est tenu inform\u00e9 des progr\u00e8s et des observations partielles. Le client est tenu inform\u00e9 des progr\u00e8s et des observations partielles et le rapport final est discut\u00e9 avec le client.<\/span><\/p>\n<p><b>Audits <\/b><\/p>\n<p><span style=\"font-weight: 400;\">L'audit est un service fourni par ICR Polska Sp. z o.o., qui permet une \u00e9valuation rapide et fiable du fournisseur de services ou de biens pour un entrepreneur de mani\u00e8re globale. L'ind\u00e9pendance et la comp\u00e9tence confirm\u00e9e des auditeurs d'ICR Polska Sp. z o.o. permettent une \u00e9valuation objective de la capacit\u00e9 du fournisseur \u00e0 ex\u00e9cuter les t\u00e2ches qui lui sont confi\u00e9es conform\u00e9ment aux attentes et aux exigences de l'entrepreneur donneur d'ordre.<\/span><\/p>\n<p><span style=\"font-weight: 400;\">L'audit, adapt\u00e9 aux besoins et aux exigences du client, est le plus souvent une \u00e9valuation ind\u00e9pendante qui v\u00e9rifie, entre autres, les \u00e9l\u00e9ments suivants<\/span><\/p>\n<ul>\n<li style=\"font-weight: 400;\"><span style=\"font-weight: 400;\">la capacit\u00e9 \u00e0 r\u00e9pondre aux exigences sp\u00e9cifiques des clients, aux caract\u00e9ristiques techniques des produits, aux exigences organisationnelles et\/ou l\u00e9gales ou \u00e0 d'autres crit\u00e8res impos\u00e9s par l'entreprise ou le propri\u00e9taire ;<\/span><\/li>\n<li style=\"font-weight: 400;\"><span style=\"font-weight: 400;\">la capacit\u00e9 \u00e0 r\u00e9pondre aux exigences en mati\u00e8re de sant\u00e9 et de s\u00e9curit\u00e9, de protection de l'environnement, de protection des donn\u00e9es personnelles (RODO) et de protection de l'information ;<\/span><\/li>\n<li style=\"font-weight: 400;\"><span style=\"font-weight: 400;\">la capacit\u00e9 \u00e0 r\u00e9pondre aux crit\u00e8res des programmes de qualit\u00e9, par exemple LEAN, 6 Sigma, 5S, SMED, KAIZEN.<\/span><\/li>\n<\/ul>\n<p><span style=\"font-weight: 400;\">Audit est une solution flexible et compl\u00e8te pour les entreprises qui souhaitent :<\/span><\/p>\n<ul>\n<li style=\"font-weight: 400;\"><span style=\"font-weight: 400;\">identifier et tirer parti des opportunit\u00e9s et des menaces pour les activit\u00e9s et les prestations offertes par l'optimisation des processus internes et externes ;<\/span><\/li>\n<li style=\"font-weight: 400;\"><span style=\"font-weight: 400;\">am\u00e9liorer les processus internes et externes, y compris les processus de production et\/ou les services fournis ;<\/span><\/li>\n<li style=\"font-weight: 400;\"><span style=\"font-weight: 400;\">identifier et att\u00e9nuer efficacement les risques de l'entreprise ;<\/span><\/li>\n<li style=\"font-weight: 400;\"><span style=\"font-weight: 400;\">r\u00e9pondre aux exigences techniques et juridiques, aux lignes directrices des contractants et aux politiques internes n\u00e9cessaires \u00e0 l'activit\u00e9.<\/span><\/li>\n<\/ul>\n<p><span style=\"font-weight: 400;\">Apr\u00e8s l'audit, le client re\u00e7oit un rapport contenant une \u00e9valuation du respect des exigences par le fournisseur et des recommandations sp\u00e9cifiques, par exemple sur la mani\u00e8re de mieux allouer les ressources, de r\u00e9duire les risques et de tirer parti des opportunit\u00e9s li\u00e9es au fournisseur, en tenant compte des parties prenantes externes ou des processus internes influents.<\/span><\/p>\n<p class=\"translation-block\"><span style=\"font-weight : 400\">Lors d'un audit men\u00e9 par ICR Polska Sp. z o.o., le client est inform\u00e9 en permanence de l'\u00e9tat d'avancement et des r\u00e9sultats partiels. Le client est inform\u00e9 en permanence des progr\u00e8s et des r\u00e9sultats partiels, et le rapport final est discut\u00e9 avec le client, avec la participation du fournisseur - sur demande.<\/p>\n<p>&nbsp;<\/p>","protected":false},"excerpt":{"rendered":"<p>Inspections Les inspections sont effectu\u00e9es par les employ\u00e9s d'ICR Polska Sp. z o.o. dans le cadre des comp\u00e9tences de l'entit\u00e9, en particulier pour confirmer la conformit\u00e9 aux exigences des normes sp\u00e9cifiques et aux exigences des directives suivantes : machines 2006\/42\/CE, basse tension 2014\/35\/EU, compatibilit\u00e9 \u00e9lectromagn\u00e9tique EMC 2014\/30\/EU et radio RED 2014\/53\/EU, atmosph\u00e8res explosives et \u00e9quipements destin\u00e9s \u00e0 \u00eatre utilis\u00e9s dans des atmosph\u00e8res potentiellement explosives ATEX 2014\/34\/EU et le Code du r\u00e9seau.....&nbsp;<a href=\"https:\/\/icr.you2.pl\/fr\/inspekcje-i-audity\/\" rel=\"bookmark\">Lire la suite \"<span class=\"screen-reader-text\">Inspections et audits<\/span><\/a><\/p>","protected":false},"author":1,"featured_media":1137,"parent":0,"menu_order":0,"comment_status":"closed","ping_status":"closed","template":"","meta":{"neve_meta_sidebar":"","neve_meta_container":"","neve_meta_enable_content_width":"off","neve_meta_content_width":70,"neve_meta_title_alignment":"","neve_meta_author_avatar":"","neve_post_elements_order":"","neve_meta_disable_header":"","neve_meta_disable_footer":"","neve_meta_disable_title":"","footnotes":""},"class_list":["post-1971","page","type-page","status-publish","has-post-thumbnail","hentry"],"yoast_head":"<!-- This site is optimized with the Yoast SEO plugin v26.8 - https:\/\/yoast.com\/product\/yoast-seo-wordpress\/ -->\n<title>Inspekcje i Audity - ICR POLSKA - badania i certyfikacja<\/title>\n<meta name=\"robots\" content=\"index, follow, max-snippet:-1, max-image-preview:large, max-video-preview:-1\" \/>\n<link rel=\"canonical\" href=\"https:\/\/icr.you2.pl\/fr\/inspekcje-i-audity\/\" \/>\n<meta property=\"og:locale\" content=\"fr_FR\" \/>\n<meta property=\"og:type\" content=\"article\" \/>\n<meta property=\"og:title\" content=\"Inspekcje i Audity - ICR POLSKA - badania i certyfikacja\" \/>\n<meta property=\"og:description\" content=\"Inspekcje Inspekcje s\u0105 prowadzone przez pracownik\u00f3w ICR Polska Sp. z o.o. w zakresie kompetencji jednostki, w szczeg\u00f3lno\u015bci celem potwierdzenia spe\u0142nienia wymaga\u0144 norm szczeg\u00f3\u0142owych i wymaga\u0144 dyrektyw: maszynowej 2006\/42\/EC, niskonapi\u0119ciowej 2014\/35\/EU, kompatybilno\u015bci elektromagnetycznej EMC 2014\/30\/EU i radiowej RED 2014\/53\/EU, stref zagro\u017conych wybuchem i urz\u0105dze\u0144 przeznaczonych do pracy w atmosferach potencjalnie wybuchowych ATEX 2014\/34\/EU oraz Kodeksu sieciowego&hellip;&nbsp;Lire la suite &raquo;Inspekcje i Audity\" \/>\n<meta property=\"og:url\" content=\"https:\/\/icr.you2.pl\/fr\/inspekcje-i-audity\/\" \/>\n<meta property=\"og:site_name\" content=\"ICR POLSKA - badania i certyfikacja\" \/>\n<meta property=\"article:modified_time\" content=\"2023-01-13T17:11:48+00:00\" \/>\n<meta name=\"twitter:card\" content=\"summary_large_image\" \/>\n<meta name=\"twitter:label1\" content=\"Dur\u00e9e de lecture estim\u00e9e\" \/>\n\t<meta name=\"twitter:data1\" content=\"3 minutes\" \/>\n<script type=\"application\/ld+json\" class=\"yoast-schema-graph\">{\"@context\":\"https:\/\/schema.org\",\"@graph\":[{\"@type\":\"WebPage\",\"@id\":\"https:\/\/icr.you2.pl\/inspekcje-i-audity\/\",\"url\":\"https:\/\/icr.you2.pl\/inspekcje-i-audity\/\",\"name\":\"Inspekcje i Audity - ICR POLSKA - badania i certyfikacja\",\"isPartOf\":{\"@id\":\"https:\/\/icr.you2.pl\/#website\"},\"primaryImageOfPage\":{\"@id\":\"https:\/\/icr.you2.pl\/inspekcje-i-audity\/#primaryimage\"},\"image\":{\"@id\":\"https:\/\/icr.you2.pl\/inspekcje-i-audity\/#primaryimage\"},\"thumbnailUrl\":\"\",\"datePublished\":\"2019-05-22T20:16:17+00:00\",\"dateModified\":\"2023-01-13T17:11:48+00:00\",\"breadcrumb\":{\"@id\":\"https:\/\/icr.you2.pl\/inspekcje-i-audity\/#breadcrumb\"},\"inLanguage\":\"fr-FR\",\"potentialAction\":[{\"@type\":\"ReadAction\",\"target\":[\"https:\/\/icr.you2.pl\/inspekcje-i-audity\/\"]}]},{\"@type\":\"ImageObject\",\"inLanguage\":\"fr-FR\",\"@id\":\"https:\/\/icr.you2.pl\/inspekcje-i-audity\/#primaryimage\",\"url\":\"\",\"contentUrl\":\"\"},{\"@type\":\"BreadcrumbList\",\"@id\":\"https:\/\/icr.you2.pl\/inspekcje-i-audity\/#breadcrumb\",\"itemListElement\":[{\"@type\":\"ListItem\",\"position\":1,\"name\":\"Strona g\u0142\u00f3wna\",\"item\":\"https:\/\/icr.you2.pl\/\"},{\"@type\":\"ListItem\",\"position\":2,\"name\":\"Inspekcje i Audity\"}]},{\"@type\":\"WebSite\",\"@id\":\"https:\/\/icr.you2.pl\/#website\",\"url\":\"https:\/\/icr.you2.pl\/\",\"name\":\"ICR POLSKA - badania i certyfikacja\",\"description\":\"CE certification, CE certificate, ISO certificate, RED testing, product testing and certification, electrical product testing, medical device testing, ATEX, IECEx, FCC, product certification, EMC testing, machinery certification, CE machines, training, electronic product testing, testing 2014\/53\/EU, drone certification, ISO 13485 certificate, ISO 9001 certificate, NC RfG\",\"publisher\":{\"@id\":\"https:\/\/icr.you2.pl\/#\/schema\/person\/944799c9e2f4a94662e3fcb3b1544baf\"},\"potentialAction\":[{\"@type\":\"SearchAction\",\"target\":{\"@type\":\"EntryPoint\",\"urlTemplate\":\"https:\/\/icr.you2.pl\/?s={search_term_string}\"},\"query-input\":{\"@type\":\"PropertyValueSpecification\",\"valueRequired\":true,\"valueName\":\"search_term_string\"}}],\"inLanguage\":\"fr-FR\"},{\"@type\":[\"Person\",\"Organization\"],\"@id\":\"https:\/\/icr.you2.pl\/#\/schema\/person\/944799c9e2f4a94662e3fcb3b1544baf\",\"name\":\"admin\",\"image\":{\"@type\":\"ImageObject\",\"inLanguage\":\"fr-FR\",\"@id\":\"https:\/\/icr.you2.pl\/#\/schema\/person\/image\/\",\"url\":\"https:\/\/icr.you2.pl\/wp-content\/uploads\/2019\/05\/cropped-logo-icr.32f04ad5-1-1.png\",\"contentUrl\":\"https:\/\/icr.you2.pl\/wp-content\/uploads\/2019\/05\/cropped-logo-icr.32f04ad5-1-1.png\",\"width\":400,\"height\":148,\"caption\":\"admin\"},\"logo\":{\"@id\":\"https:\/\/icr.you2.pl\/#\/schema\/person\/image\/\"}}]}<\/script>\n<!-- \/ Yoast SEO plugin. -->","yoast_head_json":{"title":"Inspections et audits - ICR POLAND - essais et certification","robots":{"index":"index","follow":"follow","max-snippet":"max-snippet:-1","max-image-preview":"max-image-preview:large","max-video-preview":"max-video-preview:-1"},"canonical":"https:\/\/icr.you2.pl\/fr\/inspekcje-i-audity\/","og_locale":"fr_FR","og_type":"article","og_title":"Inspekcje i Audity - ICR POLSKA - badania i certyfikacja","og_description":"Inspekcje Inspekcje s\u0105 prowadzone przez pracownik\u00f3w ICR Polska Sp. z o.o. w zakresie kompetencji jednostki, w szczeg\u00f3lno\u015bci celem potwierdzenia spe\u0142nienia wymaga\u0144 norm szczeg\u00f3\u0142owych i wymaga\u0144 dyrektyw: maszynowej 2006\/42\/EC, niskonapi\u0119ciowej 2014\/35\/EU, kompatybilno\u015bci elektromagnetycznej EMC 2014\/30\/EU i radiowej RED 2014\/53\/EU, stref zagro\u017conych wybuchem i urz\u0105dze\u0144 przeznaczonych do pracy w atmosferach potencjalnie wybuchowych ATEX 2014\/34\/EU oraz Kodeksu sieciowego&hellip;&nbsp;Lire la suite &raquo;Inspekcje i Audity","og_url":"https:\/\/icr.you2.pl\/fr\/inspekcje-i-audity\/","og_site_name":"ICR POLSKA - badania i certyfikacja","article_modified_time":"2023-01-13T17:11:48+00:00","twitter_card":"summary_large_image","twitter_misc":{"Dur\u00e9e de lecture estim\u00e9e":"3 minutes"},"schema":{"@context":"https:\/\/schema.org","@graph":[{"@type":"WebPage","@id":"https:\/\/icr.you2.pl\/inspekcje-i-audity\/","url":"https:\/\/icr.you2.pl\/inspekcje-i-audity\/","name":"Inspections et audits - ICR POLAND - essais et certification","isPartOf":{"@id":"https:\/\/icr.you2.pl\/#website"},"primaryImageOfPage":{"@id":"https:\/\/icr.you2.pl\/inspekcje-i-audity\/#primaryimage"},"image":{"@id":"https:\/\/icr.you2.pl\/inspekcje-i-audity\/#primaryimage"},"thumbnailUrl":"","datePublished":"2019-05-22T20:16:17+00:00","dateModified":"2023-01-13T17:11:48+00:00","breadcrumb":{"@id":"https:\/\/icr.you2.pl\/inspekcje-i-audity\/#breadcrumb"},"inLanguage":"fr-FR","potentialAction":[{"@type":"ReadAction","target":["https:\/\/icr.you2.pl\/inspekcje-i-audity\/"]}]},{"@type":"ImageObject","inLanguage":"fr-FR","@id":"https:\/\/icr.you2.pl\/inspekcje-i-audity\/#primaryimage","url":"","contentUrl":""},{"@type":"BreadcrumbList","@id":"https:\/\/icr.you2.pl\/inspekcje-i-audity\/#breadcrumb","itemListElement":[{"@type":"ListItem","position":1,"name":"Strona g\u0142\u00f3wna","item":"https:\/\/icr.you2.pl\/"},{"@type":"ListItem","position":2,"name":"Inspekcje i Audity"}]},{"@type":"WebSite","@id":"https:\/\/icr.you2.pl\/#website","url":"https:\/\/icr.you2.pl\/","name":"ICR POLAND - essais et certification","description":"Certification CE, certificat CE, certificat ISO, essais RED, essais et certification de produits, essais de produits \u00e9lectriques, essais de dispositifs m\u00e9dicaux, ATEX, IECEx, FCC, certification de produits, essais CEM, certification de machines, machines CE, formation, essais de produits \u00e9lectroniques, essais 2014\/53\/UE, certification de drones, certificat ISO 13485, certificat ISO 9001, NC RfG","publisher":{"@id":"https:\/\/icr.you2.pl\/#\/schema\/person\/944799c9e2f4a94662e3fcb3b1544baf"},"potentialAction":[{"@type":"SearchAction","target":{"@type":"EntryPoint","urlTemplate":"https:\/\/icr.you2.pl\/?s={search_term_string}"},"query-input":{"@type":"PropertyValueSpecification","valueRequired":true,"valueName":"search_term_string"}}],"inLanguage":"fr-FR"},{"@type":["Person","Organization"],"@id":"https:\/\/icr.you2.pl\/#\/schema\/person\/944799c9e2f4a94662e3fcb3b1544baf","name":"l'administration","image":{"@type":"ImageObject","inLanguage":"fr-FR","@id":"https:\/\/icr.you2.pl\/#\/schema\/person\/image\/","url":"https:\/\/icr.you2.pl\/wp-content\/uploads\/2019\/05\/cropped-logo-icr.32f04ad5-1-1.png","contentUrl":"https:\/\/icr.you2.pl\/wp-content\/uploads\/2019\/05\/cropped-logo-icr.32f04ad5-1-1.png","width":400,"height":148,"caption":"admin"},"logo":{"@id":"https:\/\/icr.you2.pl\/#\/schema\/person\/image\/"}}]}},"_links":{"self":[{"href":"https:\/\/icr.you2.pl\/fr\/wp-json\/wp\/v2\/pages\/1971","targetHints":{"allow":["GET"]}}],"collection":[{"href":"https:\/\/icr.you2.pl\/fr\/wp-json\/wp\/v2\/pages"}],"about":[{"href":"https:\/\/icr.you2.pl\/fr\/wp-json\/wp\/v2\/types\/page"}],"author":[{"embeddable":true,"href":"https:\/\/icr.you2.pl\/fr\/wp-json\/wp\/v2\/users\/1"}],"replies":[{"embeddable":true,"href":"https:\/\/icr.you2.pl\/fr\/wp-json\/wp\/v2\/comments?post=1971"}],"version-history":[{"count":0,"href":"https:\/\/icr.you2.pl\/fr\/wp-json\/wp\/v2\/pages\/1971\/revisions"}],"wp:featuredmedia":[{"embeddable":true,"href":"https:\/\/icr.you2.pl\/fr\/wp-json\/"}],"wp:attachment":[{"href":"https:\/\/icr.you2.pl\/fr\/wp-json\/wp\/v2\/media?parent=1971"}],"curies":[{"name":"wp","href":"https:\/\/api.w.org\/{rel}","templated":true}]}}