{"id":2019,"date":"2019-05-28T10:59:50","date_gmt":"2019-05-28T10:59:50","guid":{"rendered":"http:\/\/icrpolska.e-ksperci.pl\/?page_id=2019"},"modified":"2025-01-30T10:58:54","modified_gmt":"2025-01-30T09:58:54","slug":"emc-2014-30-ue-kompatybilnosc-elektromagnetyczna","status":"publish","type":"page","link":"https:\/\/icr.you2.pl\/fr\/certyfikacja-wyrobow\/emc-2014-30-ue-kompatybilnosc-elektromagnetyczna\/","title":{"rendered":"EMC 2014\/30\/EU - compatibilit\u00e9 \u00e9lectromagn\u00e9tique"},"content":{"rendered":"<p><span style=\"font-weight: 400;\">Tous les \u00e9quipements ou installations \u00e9lectriques et \u00e9lectroniques interagissent \u00e0 la fois par conduction (r\u00e9seau, connexions aux \u00e9quipements p\u00e9riph\u00e9riques, liaisons \u00e9quipotentielles, etc.) et par rayonnement si la distance qui les s\u00e9pare est faible. L'objectif de la compatibilit\u00e9 \u00e9lectromagn\u00e9tique (CEM) est de maintenir les niveaux d'\u00e9missions de perturbations ainsi que les niveaux d'immunit\u00e9 aux perturbations \u00e0 un degr\u00e9 permettant un fonctionnement sans d\u00e9faillance. La CEM fait r\u00e9f\u00e9rence \u00e0 toutes les techniques et technologies existantes et futures visant \u00e0 r\u00e9duire les interf\u00e9rences et \u00e0 am\u00e9liorer l'immunit\u00e9 aux interf\u00e9rences.\u00a0<\/span><\/p>\n<p class=\"translation-block\"><span style=\"font-weight : 400\">Les dispositions de la <a href=\"https:\/\/eur-lex.europa.eu\/legal-content\/PL\/TXT\/PDF\/?uri=CELEX:32014L0030&amp;from=PL\" target=\"_self\" rel=\"noopener noreferrer\">directive CEM<\/a> veillent \u00e0 limiter les \u00e9missions \u00e9lectromagn\u00e9tiques des \u00e9quipements afin de garantir que, lorsqu'ils sont utilis\u00e9s comme pr\u00e9vu, ces \u00e9quipements n'interf\u00e8rent pas avec les connexions radio et de t\u00e9l\u00e9communications ou avec le fonctionnement d'autres \u00e9quipements.<\/span>.<\/p>\n<p><span style=\"font-weight: 400;\">La directive r\u00e9git \u00e9galement l'immunit\u00e9 de ces \u00e9quipements aux interf\u00e9rences et vise \u00e0 garantir que ces \u00e9quipements ne sont pas affect\u00e9s par les \u00e9missions d'ondes radio, ainsi que par les perturbations radio conduites et autres perturbations puls\u00e9es (BURST \/ SURGE ) et les d\u00e9charges \u00e9lectrostatiques, etc.<\/span><\/p>\n<p><span style=\"font-weight: 400;\">Une \u00e9valuation CEM obligatoire positive d'un produit est r\u00e9sum\u00e9e par la d\u00e9livrance d'un certificat d'examen de type UE (certificat de type UE).<\/span><\/p>\n<p><strong>En savoir plus :<\/strong><\/p>\n<p><a href=\"http:\/\/icr.you2.pl\/wp-content\/uploads\/2019\/06\/Program-oceny-zgodno\u015bci-w-zakresie-EMC.pdf\" target=\"_blank\" rel=\"noopener noreferrer\"><img decoding=\"async\" class=\"alignnone wp-image-2679\" src=\"http:\/\/icr.you2.pl\/wp-content\/uploads\/2019\/06\/adobe.jpg\" alt=\"\" width=\"20\" height=\"21\" srcset=\"https:\/\/icr.you2.pl\/wp-content\/uploads\/2019\/06\/adobe.jpg 218w, https:\/\/icr.you2.pl\/wp-content\/uploads\/2019\/06\/adobe-150x150.jpg 150w\" sizes=\"(max-width: 20px) 100vw, 20px\" \/><\/a><a href=\"http:\/\/icr.you2.pl\/wp-content\/uploads\/2024\/03\/PC-P-07-02_14_EMC.pdf\" target=\"_blank\" rel=\"noopener noreferrer\"> Programme d'\u00e9valuation de la conformit\u00e9 CEM (2014\/30\/EU)<\/a> + <a href=\"http:\/\/icr.you2.pl\/wp-content\/uploads\/2025\/01\/F-P-07-34_5.pdf\" target=\"_blank\" rel=\"noopener noreferrer\">liste des sp\u00e9cifications techniques<\/a><\/p>\n<p><a href=\"http:\/\/icr.you2.pl\/wp-content\/uploads\/2019\/06\/Wniosek-o-certyfikacj\u0119-systemu.docx\"><img decoding=\"async\" class=\"alignnone wp-image-2678\" src=\"http:\/\/icr.you2.pl\/wp-content\/uploads\/2019\/06\/word.jpg\" alt=\"\" width=\"20\" height=\"20\" srcset=\"https:\/\/icr.you2.pl\/wp-content\/uploads\/2019\/06\/word.jpg 208w, https:\/\/icr.you2.pl\/wp-content\/uploads\/2019\/06\/word-150x150.jpg 150w\" sizes=\"(max-width: 20px) 100vw, 20px\" \/><\/a><a href=\"http:\/\/icr.you2.pl\/wp-content\/uploads\/2024\/03\/F-P-07-02_9.docx\" target=\"_blank\" rel=\"noopener noreferrer\">\u00a0Application_Application_Evaluation obligatoire<\/a><\/p>","protected":false},"excerpt":{"rendered":"<p>Tous les \u00e9quipements ou installations \u00e9lectriques et \u00e9lectroniques interagissent \u00e0 la fois par conduction (r\u00e9seau, connexions aux \u00e9quipements p\u00e9riph\u00e9riques, liaisons \u00e9quipotentielles, etc.) et par rayonnement si la distance qui les s\u00e9pare est faible. L'objectif de la compatibilit\u00e9 \u00e9lectromagn\u00e9tique (CEM) est de maintenir les niveaux d'\u00e9mission de perturbations ainsi que les niveaux d'immunit\u00e9 aux perturbations \u00e0 un degr\u00e9 qui permette un fonctionnement sans d\u00e9faut....&nbsp;<a href=\"https:\/\/icr.you2.pl\/fr\/certyfikacja-wyrobow\/emc-2014-30-ue-kompatybilnosc-elektromagnetyczna\/\" rel=\"bookmark\">Lire la suite \"<span class=\"screen-reader-text\">EMC 2014\/30\/EU - compatibilit\u00e9 \u00e9lectromagn\u00e9tique<\/span><\/a><\/p>","protected":false},"author":1,"featured_media":1170,"parent":211,"menu_order":0,"comment_status":"closed","ping_status":"closed","template":"","meta":{"neve_meta_sidebar":"","neve_meta_container":"","neve_meta_enable_content_width":"off","neve_meta_content_width":70,"neve_meta_title_alignment":"","neve_meta_author_avatar":"","neve_post_elements_order":"","neve_meta_disable_header":"","neve_meta_disable_footer":"","neve_meta_disable_title":"","footnotes":""},"class_list":["post-2019","page","type-page","status-publish","has-post-thumbnail","hentry"],"yoast_head":"<!-- This site is optimized with the Yoast SEO plugin v26.8 - https:\/\/yoast.com\/product\/yoast-seo-wordpress\/ -->\n<title>EMC 2014\/30\/UE \u2013 kompatybilno\u015b\u0107 elektromagnetyczna - ICR POLSKA - badania i certyfikacja<\/title>\n<meta name=\"robots\" content=\"index, follow, max-snippet:-1, max-image-preview:large, max-video-preview:-1\" \/>\n<link rel=\"canonical\" href=\"https:\/\/icr.you2.pl\/fr\/certyfikacja-wyrobow\/emc-2014-30-ue-kompatybilnosc-elektromagnetyczna\/\" \/>\n<meta property=\"og:locale\" content=\"fr_FR\" \/>\n<meta property=\"og:type\" content=\"article\" \/>\n<meta property=\"og:title\" content=\"EMC 2014\/30\/UE \u2013 kompatybilno\u015b\u0107 elektromagnetyczna - ICR POLSKA - badania i certyfikacja\" \/>\n<meta property=\"og:description\" content=\"Wszystkie urz\u0105dzenia lub instalacje elektryczne i elektroniczne oddzia\u0142uj\u0105 na siebie zar\u00f3wno w spos\u00f3b przewodzony (sie\u0107 zasilaj\u0105ca, po\u0142\u0105czenia z urz\u0105dzeniami peryferyjnymi, po\u0142\u0105czenia wyr\u00f3wnawcze itp.) jak r\u00f3wnie\u017c w spos\u00f3b promieniowany, je\u017celi odleg\u0142o\u015b\u0107 mi\u0119dzy nimi jest niewielka. Celem kompatybilno\u015bci elektromagnetycznej (EMC) jest utrzymanie poziom\u00f3w emisji zaburze\u0144, jak i poziom\u00f3w odporno\u015bci na zaburzenia w stopniu pozwalaj\u0105cym na bezawaryjn\u0105 wsp\u00f3\u0142prac\u0119.&hellip;&nbsp;Lire la suite &raquo;EMC 2014\/30\/UE \u2013 kompatybilno\u015b\u0107 elektromagnetyczna\" \/>\n<meta property=\"og:url\" content=\"https:\/\/icr.you2.pl\/fr\/certyfikacja-wyrobow\/emc-2014-30-ue-kompatybilnosc-elektromagnetyczna\/\" \/>\n<meta property=\"og:site_name\" content=\"ICR POLSKA - badania i certyfikacja\" \/>\n<meta property=\"article:modified_time\" content=\"2025-01-30T09:58:54+00:00\" \/>\n<meta name=\"twitter:card\" content=\"summary_large_image\" \/>\n<meta name=\"twitter:label1\" content=\"Dur\u00e9e de lecture estim\u00e9e\" \/>\n\t<meta name=\"twitter:data1\" content=\"2 minutes\" \/>\n<script type=\"application\/ld+json\" class=\"yoast-schema-graph\">{\"@context\":\"https:\/\/schema.org\",\"@graph\":[{\"@type\":\"WebPage\",\"@id\":\"https:\/\/icr.you2.pl\/certyfikacja-wyrobow\/emc-2014-30-ue-kompatybilnosc-elektromagnetyczna\/\",\"url\":\"https:\/\/icr.you2.pl\/certyfikacja-wyrobow\/emc-2014-30-ue-kompatybilnosc-elektromagnetyczna\/\",\"name\":\"EMC 2014\/30\/UE \u2013 kompatybilno\u015b\u0107 elektromagnetyczna - ICR POLSKA - badania i certyfikacja\",\"isPartOf\":{\"@id\":\"https:\/\/icr.you2.pl\/#website\"},\"primaryImageOfPage\":{\"@id\":\"https:\/\/icr.you2.pl\/certyfikacja-wyrobow\/emc-2014-30-ue-kompatybilnosc-elektromagnetyczna\/#primaryimage\"},\"image\":{\"@id\":\"https:\/\/icr.you2.pl\/certyfikacja-wyrobow\/emc-2014-30-ue-kompatybilnosc-elektromagnetyczna\/#primaryimage\"},\"thumbnailUrl\":\"\",\"datePublished\":\"2019-05-28T10:59:50+00:00\",\"dateModified\":\"2025-01-30T09:58:54+00:00\",\"breadcrumb\":{\"@id\":\"https:\/\/icr.you2.pl\/certyfikacja-wyrobow\/emc-2014-30-ue-kompatybilnosc-elektromagnetyczna\/#breadcrumb\"},\"inLanguage\":\"fr-FR\",\"potentialAction\":[{\"@type\":\"ReadAction\",\"target\":[\"https:\/\/icr.you2.pl\/certyfikacja-wyrobow\/emc-2014-30-ue-kompatybilnosc-elektromagnetyczna\/\"]}]},{\"@type\":\"ImageObject\",\"inLanguage\":\"fr-FR\",\"@id\":\"https:\/\/icr.you2.pl\/certyfikacja-wyrobow\/emc-2014-30-ue-kompatybilnosc-elektromagnetyczna\/#primaryimage\",\"url\":\"\",\"contentUrl\":\"\"},{\"@type\":\"BreadcrumbList\",\"@id\":\"https:\/\/icr.you2.pl\/certyfikacja-wyrobow\/emc-2014-30-ue-kompatybilnosc-elektromagnetyczna\/#breadcrumb\",\"itemListElement\":[{\"@type\":\"ListItem\",\"position\":1,\"name\":\"Strona g\u0142\u00f3wna\",\"item\":\"https:\/\/icr.you2.pl\/\"},{\"@type\":\"ListItem\",\"position\":2,\"name\":\"Certyfikacja wyrob\u00f3w\",\"item\":\"https:\/\/icr.you2.pl\/en\/certyfikacja-wyrobow\/\"},{\"@type\":\"ListItem\",\"position\":3,\"name\":\"EMC 2014\/30\/UE \u2013 kompatybilno\u015b\u0107 elektromagnetyczna\"}]},{\"@type\":\"WebSite\",\"@id\":\"https:\/\/icr.you2.pl\/#website\",\"url\":\"https:\/\/icr.you2.pl\/\",\"name\":\"ICR POLSKA - badania i certyfikacja\",\"description\":\"CE certification, CE certificate, ISO certificate, RED testing, product testing and certification, electrical product testing, medical device testing, ATEX, IECEx, FCC, product certification, EMC testing, machinery certification, CE machines, training, electronic product testing, testing 2014\/53\/EU, drone certification, ISO 13485 certificate, ISO 9001 certificate, NC RfG\",\"publisher\":{\"@id\":\"https:\/\/icr.you2.pl\/#\/schema\/person\/944799c9e2f4a94662e3fcb3b1544baf\"},\"potentialAction\":[{\"@type\":\"SearchAction\",\"target\":{\"@type\":\"EntryPoint\",\"urlTemplate\":\"https:\/\/icr.you2.pl\/?s={search_term_string}\"},\"query-input\":{\"@type\":\"PropertyValueSpecification\",\"valueRequired\":true,\"valueName\":\"search_term_string\"}}],\"inLanguage\":\"fr-FR\"},{\"@type\":[\"Person\",\"Organization\"],\"@id\":\"https:\/\/icr.you2.pl\/#\/schema\/person\/944799c9e2f4a94662e3fcb3b1544baf\",\"name\":\"admin\",\"image\":{\"@type\":\"ImageObject\",\"inLanguage\":\"fr-FR\",\"@id\":\"https:\/\/icr.you2.pl\/#\/schema\/person\/image\/\",\"url\":\"https:\/\/icr.you2.pl\/wp-content\/uploads\/2019\/05\/cropped-logo-icr.32f04ad5-1-1.png\",\"contentUrl\":\"https:\/\/icr.you2.pl\/wp-content\/uploads\/2019\/05\/cropped-logo-icr.32f04ad5-1-1.png\",\"width\":400,\"height\":148,\"caption\":\"admin\"},\"logo\":{\"@id\":\"https:\/\/icr.you2.pl\/#\/schema\/person\/image\/\"}}]}<\/script>\n<!-- \/ Yoast SEO plugin. -->","yoast_head_json":{"title":"EMC 2014\/30\/EU - compatibilit\u00e9 \u00e9lectromagn\u00e9tique - ICR POLAND - essais et certification","robots":{"index":"index","follow":"follow","max-snippet":"max-snippet:-1","max-image-preview":"max-image-preview:large","max-video-preview":"max-video-preview:-1"},"canonical":"https:\/\/icr.you2.pl\/fr\/certyfikacja-wyrobow\/emc-2014-30-ue-kompatybilnosc-elektromagnetyczna\/","og_locale":"fr_FR","og_type":"article","og_title":"EMC 2014\/30\/UE \u2013 kompatybilno\u015b\u0107 elektromagnetyczna - ICR POLSKA - badania i certyfikacja","og_description":"Wszystkie urz\u0105dzenia lub instalacje elektryczne i elektroniczne oddzia\u0142uj\u0105 na siebie zar\u00f3wno w spos\u00f3b przewodzony (sie\u0107 zasilaj\u0105ca, po\u0142\u0105czenia z urz\u0105dzeniami peryferyjnymi, po\u0142\u0105czenia wyr\u00f3wnawcze itp.) jak r\u00f3wnie\u017c w spos\u00f3b promieniowany, je\u017celi odleg\u0142o\u015b\u0107 mi\u0119dzy nimi jest niewielka. Celem kompatybilno\u015bci elektromagnetycznej (EMC) jest utrzymanie poziom\u00f3w emisji zaburze\u0144, jak i poziom\u00f3w odporno\u015bci na zaburzenia w stopniu pozwalaj\u0105cym na bezawaryjn\u0105 wsp\u00f3\u0142prac\u0119.&hellip;&nbsp;Lire la suite &raquo;EMC 2014\/30\/UE \u2013 kompatybilno\u015b\u0107 elektromagnetyczna","og_url":"https:\/\/icr.you2.pl\/fr\/certyfikacja-wyrobow\/emc-2014-30-ue-kompatybilnosc-elektromagnetyczna\/","og_site_name":"ICR POLSKA - badania i certyfikacja","article_modified_time":"2025-01-30T09:58:54+00:00","twitter_card":"summary_large_image","twitter_misc":{"Dur\u00e9e de lecture estim\u00e9e":"2 minutes"},"schema":{"@context":"https:\/\/schema.org","@graph":[{"@type":"WebPage","@id":"https:\/\/icr.you2.pl\/certyfikacja-wyrobow\/emc-2014-30-ue-kompatybilnosc-elektromagnetyczna\/","url":"https:\/\/icr.you2.pl\/certyfikacja-wyrobow\/emc-2014-30-ue-kompatybilnosc-elektromagnetyczna\/","name":"EMC 2014\/30\/EU - compatibilit\u00e9 \u00e9lectromagn\u00e9tique - ICR POLAND - essais et certification","isPartOf":{"@id":"https:\/\/icr.you2.pl\/#website"},"primaryImageOfPage":{"@id":"https:\/\/icr.you2.pl\/certyfikacja-wyrobow\/emc-2014-30-ue-kompatybilnosc-elektromagnetyczna\/#primaryimage"},"image":{"@id":"https:\/\/icr.you2.pl\/certyfikacja-wyrobow\/emc-2014-30-ue-kompatybilnosc-elektromagnetyczna\/#primaryimage"},"thumbnailUrl":"","datePublished":"2019-05-28T10:59:50+00:00","dateModified":"2025-01-30T09:58:54+00:00","breadcrumb":{"@id":"https:\/\/icr.you2.pl\/certyfikacja-wyrobow\/emc-2014-30-ue-kompatybilnosc-elektromagnetyczna\/#breadcrumb"},"inLanguage":"fr-FR","potentialAction":[{"@type":"ReadAction","target":["https:\/\/icr.you2.pl\/certyfikacja-wyrobow\/emc-2014-30-ue-kompatybilnosc-elektromagnetyczna\/"]}]},{"@type":"ImageObject","inLanguage":"fr-FR","@id":"https:\/\/icr.you2.pl\/certyfikacja-wyrobow\/emc-2014-30-ue-kompatybilnosc-elektromagnetyczna\/#primaryimage","url":"","contentUrl":""},{"@type":"BreadcrumbList","@id":"https:\/\/icr.you2.pl\/certyfikacja-wyrobow\/emc-2014-30-ue-kompatybilnosc-elektromagnetyczna\/#breadcrumb","itemListElement":[{"@type":"ListItem","position":1,"name":"Strona g\u0142\u00f3wna","item":"https:\/\/icr.you2.pl\/"},{"@type":"ListItem","position":2,"name":"Certyfikacja wyrob\u00f3w","item":"https:\/\/icr.you2.pl\/en\/certyfikacja-wyrobow\/"},{"@type":"ListItem","position":3,"name":"EMC 2014\/30\/UE \u2013 kompatybilno\u015b\u0107 elektromagnetyczna"}]},{"@type":"WebSite","@id":"https:\/\/icr.you2.pl\/#website","url":"https:\/\/icr.you2.pl\/","name":"ICR POLAND - essais et certification","description":"Certification CE, certificat CE, certificat ISO, essais RED, essais et certification de produits, essais de produits \u00e9lectriques, essais de dispositifs m\u00e9dicaux, ATEX, IECEx, FCC, certification de produits, essais CEM, certification de machines, machines CE, formation, essais de produits \u00e9lectroniques, essais 2014\/53\/UE, certification de drones, certificat ISO 13485, certificat ISO 9001, NC RfG","publisher":{"@id":"https:\/\/icr.you2.pl\/#\/schema\/person\/944799c9e2f4a94662e3fcb3b1544baf"},"potentialAction":[{"@type":"SearchAction","target":{"@type":"EntryPoint","urlTemplate":"https:\/\/icr.you2.pl\/?s={search_term_string}"},"query-input":{"@type":"PropertyValueSpecification","valueRequired":true,"valueName":"search_term_string"}}],"inLanguage":"fr-FR"},{"@type":["Person","Organization"],"@id":"https:\/\/icr.you2.pl\/#\/schema\/person\/944799c9e2f4a94662e3fcb3b1544baf","name":"l'administration","image":{"@type":"ImageObject","inLanguage":"fr-FR","@id":"https:\/\/icr.you2.pl\/#\/schema\/person\/image\/","url":"https:\/\/icr.you2.pl\/wp-content\/uploads\/2019\/05\/cropped-logo-icr.32f04ad5-1-1.png","contentUrl":"https:\/\/icr.you2.pl\/wp-content\/uploads\/2019\/05\/cropped-logo-icr.32f04ad5-1-1.png","width":400,"height":148,"caption":"admin"},"logo":{"@id":"https:\/\/icr.you2.pl\/#\/schema\/person\/image\/"}}]}},"_links":{"self":[{"href":"https:\/\/icr.you2.pl\/fr\/wp-json\/wp\/v2\/pages\/2019","targetHints":{"allow":["GET"]}}],"collection":[{"href":"https:\/\/icr.you2.pl\/fr\/wp-json\/wp\/v2\/pages"}],"about":[{"href":"https:\/\/icr.you2.pl\/fr\/wp-json\/wp\/v2\/types\/page"}],"author":[{"embeddable":true,"href":"https:\/\/icr.you2.pl\/fr\/wp-json\/wp\/v2\/users\/1"}],"replies":[{"embeddable":true,"href":"https:\/\/icr.you2.pl\/fr\/wp-json\/wp\/v2\/comments?post=2019"}],"version-history":[{"count":0,"href":"https:\/\/icr.you2.pl\/fr\/wp-json\/wp\/v2\/pages\/2019\/revisions"}],"up":[{"embeddable":true,"href":"https:\/\/icr.you2.pl\/fr\/wp-json\/wp\/v2\/pages\/211"}],"wp:featuredmedia":[{"embeddable":true,"href":"https:\/\/icr.you2.pl\/fr\/wp-json\/"}],"wp:attachment":[{"href":"https:\/\/icr.you2.pl\/fr\/wp-json\/wp\/v2\/media?parent=2019"}],"curies":[{"name":"wp","href":"https:\/\/api.w.org\/{rel}","templated":true}]}}