{"id":2031,"date":"2019-05-28T11:04:53","date_gmt":"2019-05-28T11:04:53","guid":{"rendered":"http:\/\/icrpolska.e-ksperci.pl\/?page_id=2031"},"modified":"2024-03-26T12:01:27","modified_gmt":"2024-03-26T11:01:27","slug":"atex-2014-34-ue-urzadzenia-pracujace-w-atmosferze-potencjalnie-wybuchowej","status":"publish","type":"page","link":"https:\/\/icr.you2.pl\/fr\/certyfikacja-wyrobow\/atex-2014-34-ue-urzadzenia-pracujace-w-atmosferze-potencjalnie-wybuchowej\/","title":{"rendered":"ATEX 2014\/34\/EU - appareils fonctionnant en atmosph\u00e8res potentiellement explosives"},"content":{"rendered":"<p class=\"translation-block\">La <a href=\"https:\/\/eur-lex.europa.eu\/legal-content\/PL\/TXT\/PDF\/?uri=CELEX:32014L0034&amp;from=PL\" target=\"_self\" rel=\"noopener noreferrer\">directiveATEX<\/a> contient les exigences essentielles pour les <span style=\"font-weight : 400\">produits con\u00e7us pour \u00eatre utilis\u00e9s dans des atmosph\u00e8res potentiellement explosives. <\/span>Les produits sont divis\u00e9s en groupes :<\/p>\n<ul>\n<li style=\"font-weight: 400;\"><span style=\"font-weight: 400;\">Groupe I - mat\u00e9riel destin\u00e9 \u00e0 \u00eatre utilis\u00e9 dans les mines souterraines et les parties a\u00e9riennes des mines pr\u00e9sentant un risque d'explosion. <\/span><\/li>\n<li style=\"font-weight: 400;\"><span style=\"font-weight: 400;\">Groupe II - \u00e9quipements d'usage g\u00e9n\u00e9ral.<\/span><\/li>\n<\/ul>\n<p><span style=\"font-weight: 400;\">Il peut y avoir 3 cat\u00e9gories d'\u00e9quipements dans ce groupe :<\/span><\/p>\n<ol>\n<li style=\"font-weight: 400;\"><span style=\"font-weight: 400;\">\u00a0comprend les \u00e9quipements con\u00e7us pour pouvoir fonctionner conform\u00e9ment aux param\u00e8tres de fonctionnement \u00e9tablis par le fabricant et assurer un tr\u00e8s haut niveau de protection ; les \u00e9quipements de cette cat\u00e9gorie sont destin\u00e9s \u00e0 \u00eatre utilis\u00e9s dans des zones o\u00f9 des atmosph\u00e8res explosives dues \u00e0 des m\u00e9langes d'air et de gaz, des vapeurs, des brouillards ou des m\u00e9langes air\/poussi\u00e8re se produisent de mani\u00e8re continue, fr\u00e9quente ou pendant de longues p\u00e9riodes ; les \u00e9quipements de cette cat\u00e9gorie doivent assurer le niveau de protection requis m\u00eame en cas d'incidents rares li\u00e9s \u00e0 l'\u00e9quipement et sont caract\u00e9ris\u00e9s par des moyens de protection ind\u00e9pendants de sorte que le niveau de protection requis sera assur\u00e9 m\u00eame en cas de deux d\u00e9faillances se produisant ind\u00e9pendamment l'une de l'autre.<\/span><\/li>\n<li style=\"font-weight: 400;\"><span style=\"font-weight: 400;\">appareils con\u00e7us pour pouvoir fonctionner conform\u00e9ment aux param\u00e8tres de fonctionnement \u00e9tablis par le fabricant et assurer un niveau de protection \u00e9lev\u00e9 ; les appareils de cette cat\u00e9gorie sont destin\u00e9s \u00e0 \u00eatre utilis\u00e9s dans des zones o\u00f9 des atmosph\u00e8res explosives dues \u00e0 des gaz, des vapeurs, des brouillards ou des m\u00e9langes air\/poussi\u00e8re sont susceptibles de se pr\u00e9senter occasionnellement ; les moyens de protection relatifs aux appareils de cette cat\u00e9gorie assurent le niveau de protection requis m\u00eame en cas de perturbations fr\u00e9quentes et de d\u00e9faillances des appareils qui sont typiques du lieu d'installation de l'appareil.<\/span><\/li>\n<li style=\"font-weight: 400;\"><span style=\"font-weight: 400;\">les appareils con\u00e7us pour fonctionner conform\u00e9ment aux param\u00e8tres de fonctionnement \u00e9tablis par le fabricant et assurer un niveau de protection normal ; les appareils de cette cat\u00e9gorie sont destin\u00e9s \u00e0 \u00eatre utilis\u00e9s dans des zones o\u00f9 des atmosph\u00e8res explosives dues \u00e0 des gaz, des vapeurs, des brouillards ou des m\u00e9langes air\/poussi\u00e8re ne sont pas susceptibles de se produire ou, si elles se produisent, ne sont pas susceptibles de se produire tr\u00e8s fr\u00e9quemment et pendant une courte p\u00e9riode seulement ; les appareils de cette cat\u00e9gorie assurent le niveau de protection requis pendant le fonctionnement normal.<\/span><\/li>\n<\/ol>\n<p><span style=\"font-weight: 400;\">Le fabricant ne peut utiliser le contr\u00f4le interne de la production (module A) que pour les \u00e9quipements de cat\u00e9gorie 3 du groupe II et les \u00e9quipements non \u00e9lectriques de cat\u00e9gorie 2 ou M2.<\/span><\/p>\n<p><span style=\"font-weight: 400;\">Dans les autres cas, la confirmation de la conformit\u00e9 doit \u00eatre effectu\u00e9e aupr\u00e8s d'un organisme notifi\u00e9. Les solutions suivantes sont possibles :<\/span><\/p>\n<ul>\n<li style=\"font-weight: 400;\"><span style=\"font-weight: 400;\">pour les appareils de cat\u00e9gorie 1 ou M1 :\u00a0<\/span><span style=\"font-weight: 400;\"><br \/>\n<\/span><span style=\"font-weight: 400;\">Examen CE de type (module B) et conformit\u00e9 au type sur la base de la v\u00e9rification du produit (module F) ou conformit\u00e9 au type sur la base de l'assurance de la qualit\u00e9 du proc\u00e9d\u00e9 de fabrication (module D) ;<\/span><\/li>\n<li style=\"font-weight: 400;\"><span style=\"font-weight: 400;\">pour les \u00e9quipements \u00e9lectriques de cat\u00e9gorie 2 ou M2 et pour les moteurs \u00e0 combustion interne :\u00a0<\/span><span style=\"font-weight: 400;\"><br \/>\n<\/span><span style=\"font-weight: 400;\">Examen CE de type (module B) accompagn\u00e9 de la confirmation de la conformit\u00e9 au type sur la base de l'assurance de la qualit\u00e9 du produit (module E) ou accompagn\u00e9 de la confirmation de la conformit\u00e9 au type sur la base du contr\u00f4le interne de la fabrication et de l'essai du produit sous surveillance (module C1) ;<\/span><\/li>\n<li style=\"font-weight: 400;\"><span style=\"font-weight: 400;\">pour toutes les cat\u00e9gories d'\u00e9quipements :<\/span><span style=\"font-weight: 400;\"><br \/>\n<\/span><span style=\"font-weight: 400;\">la confirmation de la conformit\u00e9 sur la base de la v\u00e9rification \u00e0 l'unit\u00e9 (module G).<\/span><\/li>\n<\/ul>\n<p><span style=\"font-weight: 400;\">L'\u00e9tiquetage de l'\u00e9quipement comprend des informations sur les caract\u00e9ristiques de l'\u00e9quipement lui-m\u00eame, les mesures et syst\u00e8mes de s\u00e9curit\u00e9 utilis\u00e9s, ainsi que les conditions de fonctionnement, c'est-\u00e0-dire la zone de danger d'explosion, la plage de temp\u00e9rature ambiante ou l'\u00e9quipement d'accouplement.<\/span><\/p>\n<p>Une \u00e9valuation positive obligatoire du produit en termes d'utilisation en atmosph\u00e8res potentiellement explosives est r\u00e9sum\u00e9e par la v\u00e9rification de l'\u00e9tiquetage du produit et la d\u00e9livrance d'un certificat d'examen de type UE (certificat de type UE) et\/ou la d\u00e9livrance d'un avis d'assurance qualit\u00e9 (QAN), conform\u00e9ment \u00e0 la norme EN ISO\/IEC 80079-34.<b><\/b><\/p>\n<p><strong>En savoir plus :<\/strong><\/p>\n<p><a href=\"http:\/\/icr.you2.pl\/wp-content\/uploads\/2019\/06\/Program-oceny-zgodno\u015bci-w-zakresie-ATEX.pdf\" target=\"_blank\" rel=\"noopener noreferrer\"><img decoding=\"async\" class=\"alignnone wp-image-2679\" src=\"http:\/\/icr.you2.pl\/wp-content\/uploads\/2019\/06\/adobe.jpg\" alt=\"\" width=\"20\" height=\"21\" srcset=\"https:\/\/icr.you2.pl\/wp-content\/uploads\/2019\/06\/adobe.jpg 218w, https:\/\/icr.you2.pl\/wp-content\/uploads\/2019\/06\/adobe-150x150.jpg 150w\" sizes=\"(max-width: 20px) 100vw, 20px\" \/><\/a><a href=\"http:\/\/icr.you2.pl\/wp-content\/uploads\/2021\/01\/PC-P-07-06_07.pdf\" target=\"_blank\" rel=\"noopener noreferrer\" data-wp-editing=\"1\">\u00a0Programme d'\u00e9valuation de la conformit\u00e9 ATEX (2014\/34\/EU)<\/a> + <a href=\"http:\/\/icr.you2.pl\/wp-content\/uploads\/2022\/06\/F-P-07-35_03_ATEX.pdf\" target=\"_blank\" rel=\"noopener noreferrer\">liste des sp\u00e9cifications techniques<\/a><\/p>\n<p><img decoding=\"async\" class=\"alignnone wp-image-2678\" src=\"http:\/\/icr.you2.pl\/wp-content\/uploads\/2019\/06\/word.jpg\" alt=\"\" width=\"20\" height=\"20\" srcset=\"https:\/\/icr.you2.pl\/wp-content\/uploads\/2019\/06\/word.jpg 208w, https:\/\/icr.you2.pl\/wp-content\/uploads\/2019\/06\/word-150x150.jpg 150w\" sizes=\"(max-width: 20px) 100vw, 20px\" \/><a href=\"http:\/\/icr.you2.pl\/wp-content\/uploads\/2024\/03\/F-P-07-02_9.docx\" target=\"_blank\" rel=\"noopener noreferrer\">\u00a0Application_Application_Evaluation obligatoire<\/a><\/p>\n<p><img decoding=\"async\" class=\"alignnone wp-image-2678\" src=\"http:\/\/icr.you2.pl\/wp-content\/uploads\/2019\/06\/word.jpg\" alt=\"\" width=\"20\" height=\"20\" srcset=\"https:\/\/icr.you2.pl\/wp-content\/uploads\/2019\/06\/word.jpg 208w, https:\/\/icr.you2.pl\/wp-content\/uploads\/2019\/06\/word-150x150.jpg 150w\" sizes=\"(max-width: 20px) 100vw, 20px\" \/> <a href=\"http:\/\/icr.you2.pl\/wp-content\/uploads\/2020\/12\/F-P-07-28.docx\" target=\"_blank\" rel=\"noopener noreferrer\">Demande de confirmation de la qualit\u00e9 du processus de production\/de la qualit\u00e9 du produit<\/a><\/p>\n<p><a href=\"http:\/\/icr.you2.pl\/wp-content\/uploads\/2019\/06\/Wniosek-o-certyfikacj%C4%99-systemu.docx\"><img decoding=\"async\" class=\"alignnone wp-image-2678\" src=\"http:\/\/icr.you2.pl\/wp-content\/uploads\/2019\/06\/word.jpg\" sizes=\"(max-width: 20px) 100vw, 20px\" srcset=\"http:\/\/icr.you2.pl\/wp-content\/uploads\/2019\/06\/word.jpg 208w, http:\/\/icr.you2.pl\/wp-content\/uploads\/2019\/06\/word-150x150.jpg 150w\" alt=\"\" width=\"20\" height=\"20\" \/><\/a> <a href=\"http:\/\/icr.you2.pl\/wp-content\/uploads\/2020\/10\/F-P-07-03-2E-Wniosek-Application-on-TCF-storage.docx\">Demande d'enregistrement (2014\/34\/EU - Module A1)<\/a><\/p>","protected":false},"excerpt":{"rendered":"<p>La directive ATEX contient des exigences essentielles pour les produits destin\u00e9s \u00e0 \u00eatre utilis\u00e9s dans des atmosph\u00e8res potentiellement explosives. Ces produits sont divis\u00e9s en groupes : Groupe I - \u00e9quipements destin\u00e9s \u00e0 \u00eatre utilis\u00e9s dans les mines souterraines et les parties a\u00e9riennes des mines pr\u00e9sentant un risque d'explosion. Groupe II - \u00e9quipements \u00e0 usage g\u00e9n\u00e9ral. Ce groupe peut comprendre trois cat\u00e9gories d'\u00e9quipements : les \u00e9quipements con\u00e7us pour...&nbsp;<a href=\"https:\/\/icr.you2.pl\/fr\/certyfikacja-wyrobow\/atex-2014-34-ue-urzadzenia-pracujace-w-atmosferze-potencjalnie-wybuchowej\/\" rel=\"bookmark\">Lire la suite \"<span class=\"screen-reader-text\">ATEX 2014\/34\/EU - appareils fonctionnant en atmosph\u00e8res potentiellement explosives<\/span><\/a><\/p>","protected":false},"author":1,"featured_media":1034,"parent":211,"menu_order":0,"comment_status":"closed","ping_status":"closed","template":"","meta":{"neve_meta_sidebar":"","neve_meta_container":"","neve_meta_enable_content_width":"off","neve_meta_content_width":70,"neve_meta_title_alignment":"","neve_meta_author_avatar":"","neve_post_elements_order":"","neve_meta_disable_header":"","neve_meta_disable_footer":"","neve_meta_disable_title":"","footnotes":""},"class_list":["post-2031","page","type-page","status-publish","has-post-thumbnail","hentry"],"yoast_head":"<!-- This site is optimized with the Yoast SEO plugin v26.8 - https:\/\/yoast.com\/product\/yoast-seo-wordpress\/ -->\n<title>ATEX 2014\/34\/UE \u2013 urz\u0105dzenia pracuj\u0105ce w atmosferze potencjalnie wybuchowej - ICR POLSKA - badania i certyfikacja<\/title>\n<meta name=\"robots\" content=\"index, follow, max-snippet:-1, max-image-preview:large, max-video-preview:-1\" \/>\n<link rel=\"canonical\" href=\"https:\/\/icr.you2.pl\/fr\/certyfikacja-wyrobow\/atex-2014-34-ue-urzadzenia-pracujace-w-atmosferze-potencjalnie-wybuchowej\/\" \/>\n<meta property=\"og:locale\" content=\"fr_FR\" \/>\n<meta property=\"og:type\" content=\"article\" \/>\n<meta property=\"og:title\" content=\"ATEX 2014\/34\/UE \u2013 urz\u0105dzenia pracuj\u0105ce w atmosferze potencjalnie wybuchowej - ICR POLSKA - badania i certyfikacja\" \/>\n<meta property=\"og:description\" content=\"Dyrektywa ATEX zawiera wymagania zasadnicze odno\u015bnie do wyrob\u00f3w przeznaczonych do pracy w atmosferze potencjalnie wybuchowej. Wyroby te s\u0105 podzielone na grupy: Grupa I &#8211; urz\u0105dzenia przeznaczone do pracy w podziemiach kopalnianych, oraz naziemnych cz\u0119\u015bciach kopal\u0144 zagro\u017conych wybuchem. Grupa II \u2013 urz\u0105dzenia og\u00f3lnego zastosowania. W grupie tej mog\u0105 wyst\u0119powa\u0107 3 kategorie urz\u0105dze\u0144: \u00a0obejmuje urz\u0105dzenia zaprojektowane tak,&hellip;&nbsp;Lire la suite &raquo;ATEX 2014\/34\/UE \u2013 urz\u0105dzenia pracuj\u0105ce w atmosferze potencjalnie wybuchowej\" \/>\n<meta property=\"og:url\" content=\"https:\/\/icr.you2.pl\/fr\/certyfikacja-wyrobow\/atex-2014-34-ue-urzadzenia-pracujace-w-atmosferze-potencjalnie-wybuchowej\/\" \/>\n<meta property=\"og:site_name\" content=\"ICR POLSKA - badania i certyfikacja\" \/>\n<meta property=\"article:modified_time\" content=\"2024-03-26T11:01:27+00:00\" \/>\n<meta name=\"twitter:card\" content=\"summary_large_image\" \/>\n<meta name=\"twitter:label1\" content=\"Dur\u00e9e de lecture estim\u00e9e\" \/>\n\t<meta name=\"twitter:data1\" content=\"4 minutes\" \/>\n<script type=\"application\/ld+json\" class=\"yoast-schema-graph\">{\"@context\":\"https:\/\/schema.org\",\"@graph\":[{\"@type\":\"WebPage\",\"@id\":\"https:\/\/icr.you2.pl\/certyfikacja-wyrobow\/atex-2014-34-ue-urzadzenia-pracujace-w-atmosferze-potencjalnie-wybuchowej\/\",\"url\":\"https:\/\/icr.you2.pl\/certyfikacja-wyrobow\/atex-2014-34-ue-urzadzenia-pracujace-w-atmosferze-potencjalnie-wybuchowej\/\",\"name\":\"ATEX 2014\/34\/UE \u2013 urz\u0105dzenia pracuj\u0105ce w atmosferze potencjalnie wybuchowej - ICR POLSKA - badania i certyfikacja\",\"isPartOf\":{\"@id\":\"https:\/\/icr.you2.pl\/#website\"},\"primaryImageOfPage\":{\"@id\":\"https:\/\/icr.you2.pl\/certyfikacja-wyrobow\/atex-2014-34-ue-urzadzenia-pracujace-w-atmosferze-potencjalnie-wybuchowej\/#primaryimage\"},\"image\":{\"@id\":\"https:\/\/icr.you2.pl\/certyfikacja-wyrobow\/atex-2014-34-ue-urzadzenia-pracujace-w-atmosferze-potencjalnie-wybuchowej\/#primaryimage\"},\"thumbnailUrl\":\"\",\"datePublished\":\"2019-05-28T11:04:53+00:00\",\"dateModified\":\"2024-03-26T11:01:27+00:00\",\"breadcrumb\":{\"@id\":\"https:\/\/icr.you2.pl\/certyfikacja-wyrobow\/atex-2014-34-ue-urzadzenia-pracujace-w-atmosferze-potencjalnie-wybuchowej\/#breadcrumb\"},\"inLanguage\":\"fr-FR\",\"potentialAction\":[{\"@type\":\"ReadAction\",\"target\":[\"https:\/\/icr.you2.pl\/certyfikacja-wyrobow\/atex-2014-34-ue-urzadzenia-pracujace-w-atmosferze-potencjalnie-wybuchowej\/\"]}]},{\"@type\":\"ImageObject\",\"inLanguage\":\"fr-FR\",\"@id\":\"https:\/\/icr.you2.pl\/certyfikacja-wyrobow\/atex-2014-34-ue-urzadzenia-pracujace-w-atmosferze-potencjalnie-wybuchowej\/#primaryimage\",\"url\":\"\",\"contentUrl\":\"\"},{\"@type\":\"BreadcrumbList\",\"@id\":\"https:\/\/icr.you2.pl\/certyfikacja-wyrobow\/atex-2014-34-ue-urzadzenia-pracujace-w-atmosferze-potencjalnie-wybuchowej\/#breadcrumb\",\"itemListElement\":[{\"@type\":\"ListItem\",\"position\":1,\"name\":\"Strona g\u0142\u00f3wna\",\"item\":\"https:\/\/icr.you2.pl\/\"},{\"@type\":\"ListItem\",\"position\":2,\"name\":\"Certyfikacja wyrob\u00f3w\",\"item\":\"https:\/\/icr.you2.pl\/en\/certyfikacja-wyrobow\/\"},{\"@type\":\"ListItem\",\"position\":3,\"name\":\"ATEX 2014\/34\/UE \u2013 urz\u0105dzenia pracuj\u0105ce w atmosferze potencjalnie wybuchowej\"}]},{\"@type\":\"WebSite\",\"@id\":\"https:\/\/icr.you2.pl\/#website\",\"url\":\"https:\/\/icr.you2.pl\/\",\"name\":\"ICR POLSKA - badania i certyfikacja\",\"description\":\"CE certification, CE certificate, ISO certificate, RED testing, product testing and certification, electrical product testing, medical device testing, ATEX, IECEx, FCC, product certification, EMC testing, machinery certification, CE machines, training, electronic product testing, testing 2014\/53\/EU, drone certification, ISO 13485 certificate, ISO 9001 certificate, NC RfG\",\"publisher\":{\"@id\":\"https:\/\/icr.you2.pl\/#\/schema\/person\/944799c9e2f4a94662e3fcb3b1544baf\"},\"potentialAction\":[{\"@type\":\"SearchAction\",\"target\":{\"@type\":\"EntryPoint\",\"urlTemplate\":\"https:\/\/icr.you2.pl\/?s={search_term_string}\"},\"query-input\":{\"@type\":\"PropertyValueSpecification\",\"valueRequired\":true,\"valueName\":\"search_term_string\"}}],\"inLanguage\":\"fr-FR\"},{\"@type\":[\"Person\",\"Organization\"],\"@id\":\"https:\/\/icr.you2.pl\/#\/schema\/person\/944799c9e2f4a94662e3fcb3b1544baf\",\"name\":\"admin\",\"image\":{\"@type\":\"ImageObject\",\"inLanguage\":\"fr-FR\",\"@id\":\"https:\/\/icr.you2.pl\/#\/schema\/person\/image\/\",\"url\":\"https:\/\/icr.you2.pl\/wp-content\/uploads\/2019\/05\/cropped-logo-icr.32f04ad5-1-1.png\",\"contentUrl\":\"https:\/\/icr.you2.pl\/wp-content\/uploads\/2019\/05\/cropped-logo-icr.32f04ad5-1-1.png\",\"width\":400,\"height\":148,\"caption\":\"admin\"},\"logo\":{\"@id\":\"https:\/\/icr.you2.pl\/#\/schema\/person\/image\/\"}}]}<\/script>\n<!-- \/ Yoast SEO plugin. -->","yoast_head_json":{"title":"ATEX 2014\/34\/EU - \u00e9quipements fonctionnant en atmosph\u00e8res potentiellement explosives - ICR POLAND - essais et certification","robots":{"index":"index","follow":"follow","max-snippet":"max-snippet:-1","max-image-preview":"max-image-preview:large","max-video-preview":"max-video-preview:-1"},"canonical":"https:\/\/icr.you2.pl\/fr\/certyfikacja-wyrobow\/atex-2014-34-ue-urzadzenia-pracujace-w-atmosferze-potencjalnie-wybuchowej\/","og_locale":"fr_FR","og_type":"article","og_title":"ATEX 2014\/34\/UE \u2013 urz\u0105dzenia pracuj\u0105ce w atmosferze potencjalnie wybuchowej - ICR POLSKA - badania i certyfikacja","og_description":"Dyrektywa ATEX zawiera wymagania zasadnicze odno\u015bnie do wyrob\u00f3w przeznaczonych do pracy w atmosferze potencjalnie wybuchowej. Wyroby te s\u0105 podzielone na grupy: Grupa I &#8211; urz\u0105dzenia przeznaczone do pracy w podziemiach kopalnianych, oraz naziemnych cz\u0119\u015bciach kopal\u0144 zagro\u017conych wybuchem. Grupa II \u2013 urz\u0105dzenia og\u00f3lnego zastosowania. W grupie tej mog\u0105 wyst\u0119powa\u0107 3 kategorie urz\u0105dze\u0144: \u00a0obejmuje urz\u0105dzenia zaprojektowane tak,&hellip;&nbsp;Lire la suite &raquo;ATEX 2014\/34\/UE \u2013 urz\u0105dzenia pracuj\u0105ce w atmosferze potencjalnie wybuchowej","og_url":"https:\/\/icr.you2.pl\/fr\/certyfikacja-wyrobow\/atex-2014-34-ue-urzadzenia-pracujace-w-atmosferze-potencjalnie-wybuchowej\/","og_site_name":"ICR POLSKA - badania i certyfikacja","article_modified_time":"2024-03-26T11:01:27+00:00","twitter_card":"summary_large_image","twitter_misc":{"Dur\u00e9e de lecture estim\u00e9e":"4 minutes"},"schema":{"@context":"https:\/\/schema.org","@graph":[{"@type":"WebPage","@id":"https:\/\/icr.you2.pl\/certyfikacja-wyrobow\/atex-2014-34-ue-urzadzenia-pracujace-w-atmosferze-potencjalnie-wybuchowej\/","url":"https:\/\/icr.you2.pl\/certyfikacja-wyrobow\/atex-2014-34-ue-urzadzenia-pracujace-w-atmosferze-potencjalnie-wybuchowej\/","name":"ATEX 2014\/34\/EU - \u00e9quipements fonctionnant en atmosph\u00e8res potentiellement explosives - ICR POLAND - essais et certification","isPartOf":{"@id":"https:\/\/icr.you2.pl\/#website"},"primaryImageOfPage":{"@id":"https:\/\/icr.you2.pl\/certyfikacja-wyrobow\/atex-2014-34-ue-urzadzenia-pracujace-w-atmosferze-potencjalnie-wybuchowej\/#primaryimage"},"image":{"@id":"https:\/\/icr.you2.pl\/certyfikacja-wyrobow\/atex-2014-34-ue-urzadzenia-pracujace-w-atmosferze-potencjalnie-wybuchowej\/#primaryimage"},"thumbnailUrl":"","datePublished":"2019-05-28T11:04:53+00:00","dateModified":"2024-03-26T11:01:27+00:00","breadcrumb":{"@id":"https:\/\/icr.you2.pl\/certyfikacja-wyrobow\/atex-2014-34-ue-urzadzenia-pracujace-w-atmosferze-potencjalnie-wybuchowej\/#breadcrumb"},"inLanguage":"fr-FR","potentialAction":[{"@type":"ReadAction","target":["https:\/\/icr.you2.pl\/certyfikacja-wyrobow\/atex-2014-34-ue-urzadzenia-pracujace-w-atmosferze-potencjalnie-wybuchowej\/"]}]},{"@type":"ImageObject","inLanguage":"fr-FR","@id":"https:\/\/icr.you2.pl\/certyfikacja-wyrobow\/atex-2014-34-ue-urzadzenia-pracujace-w-atmosferze-potencjalnie-wybuchowej\/#primaryimage","url":"","contentUrl":""},{"@type":"BreadcrumbList","@id":"https:\/\/icr.you2.pl\/certyfikacja-wyrobow\/atex-2014-34-ue-urzadzenia-pracujace-w-atmosferze-potencjalnie-wybuchowej\/#breadcrumb","itemListElement":[{"@type":"ListItem","position":1,"name":"Strona g\u0142\u00f3wna","item":"https:\/\/icr.you2.pl\/"},{"@type":"ListItem","position":2,"name":"Certyfikacja wyrob\u00f3w","item":"https:\/\/icr.you2.pl\/en\/certyfikacja-wyrobow\/"},{"@type":"ListItem","position":3,"name":"ATEX 2014\/34\/UE \u2013 urz\u0105dzenia pracuj\u0105ce w atmosferze potencjalnie wybuchowej"}]},{"@type":"WebSite","@id":"https:\/\/icr.you2.pl\/#website","url":"https:\/\/icr.you2.pl\/","name":"ICR POLAND - essais et certification","description":"Certification CE, certificat CE, certificat ISO, essais RED, essais et certification de produits, essais de produits \u00e9lectriques, essais de dispositifs m\u00e9dicaux, ATEX, IECEx, FCC, certification de produits, essais CEM, certification de machines, machines CE, formation, essais de produits \u00e9lectroniques, essais 2014\/53\/UE, certification de drones, certificat ISO 13485, certificat ISO 9001, NC RfG","publisher":{"@id":"https:\/\/icr.you2.pl\/#\/schema\/person\/944799c9e2f4a94662e3fcb3b1544baf"},"potentialAction":[{"@type":"SearchAction","target":{"@type":"EntryPoint","urlTemplate":"https:\/\/icr.you2.pl\/?s={search_term_string}"},"query-input":{"@type":"PropertyValueSpecification","valueRequired":true,"valueName":"search_term_string"}}],"inLanguage":"fr-FR"},{"@type":["Person","Organization"],"@id":"https:\/\/icr.you2.pl\/#\/schema\/person\/944799c9e2f4a94662e3fcb3b1544baf","name":"l'administration","image":{"@type":"ImageObject","inLanguage":"fr-FR","@id":"https:\/\/icr.you2.pl\/#\/schema\/person\/image\/","url":"https:\/\/icr.you2.pl\/wp-content\/uploads\/2019\/05\/cropped-logo-icr.32f04ad5-1-1.png","contentUrl":"https:\/\/icr.you2.pl\/wp-content\/uploads\/2019\/05\/cropped-logo-icr.32f04ad5-1-1.png","width":400,"height":148,"caption":"admin"},"logo":{"@id":"https:\/\/icr.you2.pl\/#\/schema\/person\/image\/"}}]}},"_links":{"self":[{"href":"https:\/\/icr.you2.pl\/fr\/wp-json\/wp\/v2\/pages\/2031","targetHints":{"allow":["GET"]}}],"collection":[{"href":"https:\/\/icr.you2.pl\/fr\/wp-json\/wp\/v2\/pages"}],"about":[{"href":"https:\/\/icr.you2.pl\/fr\/wp-json\/wp\/v2\/types\/page"}],"author":[{"embeddable":true,"href":"https:\/\/icr.you2.pl\/fr\/wp-json\/wp\/v2\/users\/1"}],"replies":[{"embeddable":true,"href":"https:\/\/icr.you2.pl\/fr\/wp-json\/wp\/v2\/comments?post=2031"}],"version-history":[{"count":0,"href":"https:\/\/icr.you2.pl\/fr\/wp-json\/wp\/v2\/pages\/2031\/revisions"}],"up":[{"embeddable":true,"href":"https:\/\/icr.you2.pl\/fr\/wp-json\/wp\/v2\/pages\/211"}],"wp:featuredmedia":[{"embeddable":true,"href":"https:\/\/icr.you2.pl\/fr\/wp-json\/"}],"wp:attachment":[{"href":"https:\/\/icr.you2.pl\/fr\/wp-json\/wp\/v2\/media?parent=2031"}],"curies":[{"name":"wp","href":"https:\/\/api.w.org\/{rel}","templated":true}]}}