{"id":2039,"date":"2019-05-28T11:08:53","date_gmt":"2019-05-28T11:08:53","guid":{"rendered":"http:\/\/icrpolska.e-ksperci.pl\/?page_id=2039"},"modified":"2024-06-11T07:57:52","modified_gmt":"2024-06-11T05:57:52","slug":"certyfikacja-dobrowolna","status":"publish","type":"page","link":"https:\/\/icr.you2.pl\/fr\/certyfikacja-wyrobow\/certyfikacja-dobrowolna\/","title":{"rendered":"Certification volontaire"},"content":{"rendered":"<p><span style=\"font-weight: 400;\">Dans la zone dite <\/span><b>certification volontaire<\/b><span style=\"font-weight: 400;\"> - dans lequel le fabricant\/importateur, en certifiant le produit, obtient des avantages suppl\u00e9mentaires. <\/span><b>confirmation de la conformit\u00e9<\/b><span style=\"font-weight: 400;\"> Nous \u00e9valuons la conformit\u00e9 du produit aux exigences des normes qui s'y rapportent. Parmi les produits couverts par notre port\u00e9e d'accr\u00e9ditation figurent :<\/span><\/p>\n<ul>\n<li style=\"font-weight: 400;\"><span style=\"font-weight: 400;\">\u00e9lectrique <\/span><b>dispositifs m\u00e9dicaux<\/b><span style=\"font-weight: 400;\"> Classes 1 ;<\/span><\/li>\n<li style=\"font-weight: 400;\"><b>piles et batteries galvaniques<\/b><span style=\"font-weight: 400;\">;<\/span><\/li>\n<li style=\"font-weight: 400;\"><b>les appareils \u00e9lectriques domestiques<\/b><span style=\"font-weight: 400;\">les cuisini\u00e8res et les tables de cuisson, les fours, les appareils de r\u00e9frig\u00e9ration, les lave-vaisselle, les lave-linge et les lave-linge s\u00e9chants, les aspirateurs et les autres appareils de nettoyage \u00e0 sec ou humide ;<\/span><\/li>\n<li style=\"font-weight: 400;\"><span style=\"font-weight: 400;\">les dispositifs d'hygi\u00e8ne et de soins personnels ;<\/span><\/li>\n<li style=\"font-weight: 400;\"><b>chauffages<\/b><span style=\"font-weight: 400;\"> l'\u00e9lectricit\u00e9 et le gaz ;<\/span><\/li>\n<li style=\"font-weight: 400;\"><span style=\"font-weight: 400;\">les ventilateurs, les souffleurs et les unit\u00e9s de climatisation ; <\/span><\/li>\n<li style=\"font-weight: 400;\"><span style=\"font-weight: 400;\">cuisini\u00e8res et <\/span><b>\u00e9quipements de r\u00e9frig\u00e9ration<\/b><span style=\"font-weight: 400;\"> destin\u00e9 au commerce de d\u00e9tail et \u00e0 la restauration<\/span><\/li>\n<li style=\"font-weight: 400;\"><span style=\"font-weight: 400;\">les instruments de mesure \u00e9lectriques et \u00e9lectroniques ;<\/span><\/li>\n<li style=\"font-weight: 400;\"><span style=\"font-weight: 400;\">les outils \u00e9lectriques portatifs et \u00e0 main ;<\/span><\/li>\n<li style=\"font-weight: 400;\"><span style=\"font-weight: 400;\">les \u00e9quipements et dispositifs audio, vid\u00e9o et audiovisuels <\/span><b>technologie de l'information<\/b><span style=\"font-weight: 400;\">les \u00e9quipements de bureau et les appareils de contr\u00f4le \u00e0 usage domestique ;<\/span><\/li>\n<li style=\"font-weight: 400;\"><span style=\"font-weight: 400;\">les machines de distribution et les distributeurs automatiques ;<\/span><\/li>\n<li style=\"font-weight: 400;\"><span style=\"font-weight: 400;\">entra\u00eenements \u00e9lectriques et machines tournantes : moteurs \u00e0 induction, synchrones et \u00e0 collecteur ; <\/span><b>redresseurs, convertisseurs<\/b><span style=\"font-weight: 400;\"> les alimentations stabilis\u00e9es, les transformateurs et les selfs<\/span><\/li>\n<li style=\"font-weight: 400;\"><span style=\"font-weight: 400;\">entra\u00eenements et commandes hydrauliques et pneumatiques ; mat\u00e9riel d'usinage sans copeaux, par exemple presses, machines de moulage par injection ; machines pour l'industrie du caoutchouc et des mati\u00e8res plastiques et tous les \u00e9quipements de protection <\/span><b>la s\u00e9curit\u00e9 des machines<\/b>;<\/li>\n<li>et bien d'autres encore ...<\/li>\n<\/ul>\n<p><b>En savoir plus :<\/b><\/p>\n<p><img decoding=\"async\" class=\"wp-image-2679 alignnone\" src=\"http:\/\/icr.you2.pl\/wp-content\/uploads\/2019\/06\/adobe.jpg\" alt=\"\" width=\"20\" height=\"21\" srcset=\"https:\/\/icr.you2.pl\/wp-content\/uploads\/2019\/06\/adobe.jpg 218w, https:\/\/icr.you2.pl\/wp-content\/uploads\/2019\/06\/adobe-150x150.jpg 150w\" sizes=\"(max-width: 20px) 100vw, 20px\" \/><a href=\"http:\/\/icr.you2.pl\/wp-content\/uploads\/2024\/06\/PC-P-07-07_22.pdf\" target=\"_blank\" rel=\"noopener noreferrer\">\u00a0Programme de certification volontaire des produits<\/a><\/p>\n<p><a href=\"http:\/\/icr.you2.pl\/wp-content\/uploads\/2019\/06\/Wniosek-o-certyfikacj\u0119-systemu.docx\"><img decoding=\"async\" class=\"alignnone wp-image-2678\" src=\"http:\/\/icr.you2.pl\/wp-content\/uploads\/2019\/06\/word.jpg\" alt=\"\" width=\"20\" height=\"20\" srcset=\"https:\/\/icr.you2.pl\/wp-content\/uploads\/2019\/06\/word.jpg 208w, https:\/\/icr.you2.pl\/wp-content\/uploads\/2019\/06\/word-150x150.jpg 150w\" sizes=\"(max-width: 20px) 100vw, 20px\" \/><\/a><a href=\"http:\/\/icr.you2.pl\/wp-content\/uploads\/2022\/10\/F-P-07-01_3.docx\" target=\"_blank\" rel=\"noopener noreferrer\"> Application_Application_Certification volontaire<\/a><\/p>","protected":false},"excerpt":{"rendered":"<p>Dans le domaine de la certification dite volontaire - dans laquelle le fabricant\/importateur qui certifie un produit obtient une confirmation suppl\u00e9mentaire que celui-ci r\u00e9pond aux exigences contenues dans sa d\u00e9claration de conformit\u00e9 - nous \u00e9valuons la conformit\u00e9 du produit aux exigences des normes qui s'y rapportent. Parmi les produits couverts par notre champ d'accr\u00e9ditation figurent : les dispositifs m\u00e9dicaux \u00e9lectriques de classe 1 ; les piles et batteries galvaniques ; les appareils \u00e9lectrom\u00e9nagers : m.in....&nbsp;<a href=\"https:\/\/icr.you2.pl\/fr\/certyfikacja-wyrobow\/certyfikacja-dobrowolna\/\" rel=\"bookmark\">Lire la suite \"<span class=\"screen-reader-text\">Certification volontaire<\/span><\/a><\/p>","protected":false},"author":1,"featured_media":1040,"parent":211,"menu_order":0,"comment_status":"closed","ping_status":"closed","template":"","meta":{"neve_meta_sidebar":"","neve_meta_container":"","neve_meta_enable_content_width":"off","neve_meta_content_width":70,"neve_meta_title_alignment":"","neve_meta_author_avatar":"","neve_post_elements_order":"","neve_meta_disable_header":"","neve_meta_disable_footer":"","neve_meta_disable_title":"","footnotes":""},"class_list":["post-2039","page","type-page","status-publish","has-post-thumbnail","hentry"],"yoast_head":"<!-- This site is optimized with the Yoast SEO plugin v26.8 - https:\/\/yoast.com\/product\/yoast-seo-wordpress\/ -->\n<title>Certyfikacja dobrowolna - ICR POLSKA - badania i certyfikacja<\/title>\n<meta name=\"robots\" content=\"index, follow, max-snippet:-1, max-image-preview:large, max-video-preview:-1\" \/>\n<link rel=\"canonical\" href=\"https:\/\/icr.you2.pl\/fr\/certyfikacja-wyrobow\/certyfikacja-dobrowolna\/\" \/>\n<meta property=\"og:locale\" content=\"fr_FR\" \/>\n<meta property=\"og:type\" content=\"article\" \/>\n<meta property=\"og:title\" content=\"Certyfikacja dobrowolna - ICR POLSKA - badania i certyfikacja\" \/>\n<meta property=\"og:description\" content=\"W obszarze tak zwanej certyfikacji dobrowolnej \u2013 w kt\u00f3rej producent\/importer certyfikuj\u0105c wyr\u00f3b uzyskuje dodatkowe potwierdzenie spe\u0142nienia wymaga\u0144 zawartych przez niego w deklaracji zgodno\u015bci \u2013 oceniamy zgodno\u015b\u0107 wyrobu z wymaganiami odnosz\u0105cych si\u0119 do niego norm. W\u015br\u00f3d wyrob\u00f3w obj\u0119tych naszym zakresem akredytacji s\u0105 m.in.: elektryczne wyroby medyczne klasy 1; ogniwa galwaniczne i baterie; domowe urz\u0105dzenia elektryczne: m.in.&hellip;&nbsp;Lire la suite &raquo;Certyfikacja dobrowolna\" \/>\n<meta property=\"og:url\" content=\"https:\/\/icr.you2.pl\/fr\/certyfikacja-wyrobow\/certyfikacja-dobrowolna\/\" \/>\n<meta property=\"og:site_name\" content=\"ICR POLSKA - badania i certyfikacja\" \/>\n<meta property=\"article:modified_time\" content=\"2024-06-11T05:57:52+00:00\" \/>\n<meta name=\"twitter:card\" content=\"summary_large_image\" \/>\n<meta name=\"twitter:label1\" content=\"Dur\u00e9e de lecture estim\u00e9e\" \/>\n\t<meta name=\"twitter:data1\" content=\"2 minutes\" \/>\n<script type=\"application\/ld+json\" class=\"yoast-schema-graph\">{\"@context\":\"https:\/\/schema.org\",\"@graph\":[{\"@type\":\"WebPage\",\"@id\":\"https:\/\/icr.you2.pl\/certyfikacja-wyrobow\/certyfikacja-dobrowolna\/\",\"url\":\"https:\/\/icr.you2.pl\/certyfikacja-wyrobow\/certyfikacja-dobrowolna\/\",\"name\":\"Certyfikacja dobrowolna - ICR POLSKA - badania i certyfikacja\",\"isPartOf\":{\"@id\":\"https:\/\/icr.you2.pl\/#website\"},\"primaryImageOfPage\":{\"@id\":\"https:\/\/icr.you2.pl\/certyfikacja-wyrobow\/certyfikacja-dobrowolna\/#primaryimage\"},\"image\":{\"@id\":\"https:\/\/icr.you2.pl\/certyfikacja-wyrobow\/certyfikacja-dobrowolna\/#primaryimage\"},\"thumbnailUrl\":\"\",\"datePublished\":\"2019-05-28T11:08:53+00:00\",\"dateModified\":\"2024-06-11T05:57:52+00:00\",\"breadcrumb\":{\"@id\":\"https:\/\/icr.you2.pl\/certyfikacja-wyrobow\/certyfikacja-dobrowolna\/#breadcrumb\"},\"inLanguage\":\"fr-FR\",\"potentialAction\":[{\"@type\":\"ReadAction\",\"target\":[\"https:\/\/icr.you2.pl\/certyfikacja-wyrobow\/certyfikacja-dobrowolna\/\"]}]},{\"@type\":\"ImageObject\",\"inLanguage\":\"fr-FR\",\"@id\":\"https:\/\/icr.you2.pl\/certyfikacja-wyrobow\/certyfikacja-dobrowolna\/#primaryimage\",\"url\":\"\",\"contentUrl\":\"\"},{\"@type\":\"BreadcrumbList\",\"@id\":\"https:\/\/icr.you2.pl\/certyfikacja-wyrobow\/certyfikacja-dobrowolna\/#breadcrumb\",\"itemListElement\":[{\"@type\":\"ListItem\",\"position\":1,\"name\":\"Strona g\u0142\u00f3wna\",\"item\":\"https:\/\/icr.you2.pl\/\"},{\"@type\":\"ListItem\",\"position\":2,\"name\":\"Certyfikacja wyrob\u00f3w\",\"item\":\"https:\/\/icr.you2.pl\/en\/certyfikacja-wyrobow\/\"},{\"@type\":\"ListItem\",\"position\":3,\"name\":\"Certyfikacja dobrowolna\"}]},{\"@type\":\"WebSite\",\"@id\":\"https:\/\/icr.you2.pl\/#website\",\"url\":\"https:\/\/icr.you2.pl\/\",\"name\":\"ICR POLSKA - badania i certyfikacja\",\"description\":\"CE certification, CE certificate, ISO certificate, RED testing, product testing and certification, electrical product testing, medical device testing, ATEX, IECEx, FCC, product certification, EMC testing, machinery certification, CE machines, training, electronic product testing, testing 2014\/53\/EU, drone certification, ISO 13485 certificate, ISO 9001 certificate, NC RfG\",\"publisher\":{\"@id\":\"https:\/\/icr.you2.pl\/#\/schema\/person\/944799c9e2f4a94662e3fcb3b1544baf\"},\"potentialAction\":[{\"@type\":\"SearchAction\",\"target\":{\"@type\":\"EntryPoint\",\"urlTemplate\":\"https:\/\/icr.you2.pl\/?s={search_term_string}\"},\"query-input\":{\"@type\":\"PropertyValueSpecification\",\"valueRequired\":true,\"valueName\":\"search_term_string\"}}],\"inLanguage\":\"fr-FR\"},{\"@type\":[\"Person\",\"Organization\"],\"@id\":\"https:\/\/icr.you2.pl\/#\/schema\/person\/944799c9e2f4a94662e3fcb3b1544baf\",\"name\":\"admin\",\"image\":{\"@type\":\"ImageObject\",\"inLanguage\":\"fr-FR\",\"@id\":\"https:\/\/icr.you2.pl\/#\/schema\/person\/image\/\",\"url\":\"https:\/\/icr.you2.pl\/wp-content\/uploads\/2019\/05\/cropped-logo-icr.32f04ad5-1-1.png\",\"contentUrl\":\"https:\/\/icr.you2.pl\/wp-content\/uploads\/2019\/05\/cropped-logo-icr.32f04ad5-1-1.png\",\"width\":400,\"height\":148,\"caption\":\"admin\"},\"logo\":{\"@id\":\"https:\/\/icr.you2.pl\/#\/schema\/person\/image\/\"}}]}<\/script>\n<!-- \/ Yoast SEO plugin. -->","yoast_head_json":{"title":"Certification volontaire - ICR POLAND - essais et certification","robots":{"index":"index","follow":"follow","max-snippet":"max-snippet:-1","max-image-preview":"max-image-preview:large","max-video-preview":"max-video-preview:-1"},"canonical":"https:\/\/icr.you2.pl\/fr\/certyfikacja-wyrobow\/certyfikacja-dobrowolna\/","og_locale":"fr_FR","og_type":"article","og_title":"Certyfikacja dobrowolna - ICR POLSKA - badania i certyfikacja","og_description":"W obszarze tak zwanej certyfikacji dobrowolnej \u2013 w kt\u00f3rej producent\/importer certyfikuj\u0105c wyr\u00f3b uzyskuje dodatkowe potwierdzenie spe\u0142nienia wymaga\u0144 zawartych przez niego w deklaracji zgodno\u015bci \u2013 oceniamy zgodno\u015b\u0107 wyrobu z wymaganiami odnosz\u0105cych si\u0119 do niego norm. W\u015br\u00f3d wyrob\u00f3w obj\u0119tych naszym zakresem akredytacji s\u0105 m.in.: elektryczne wyroby medyczne klasy 1; ogniwa galwaniczne i baterie; domowe urz\u0105dzenia elektryczne: m.in.&hellip;&nbsp;Lire la suite &raquo;Certyfikacja dobrowolna","og_url":"https:\/\/icr.you2.pl\/fr\/certyfikacja-wyrobow\/certyfikacja-dobrowolna\/","og_site_name":"ICR POLSKA - badania i certyfikacja","article_modified_time":"2024-06-11T05:57:52+00:00","twitter_card":"summary_large_image","twitter_misc":{"Dur\u00e9e de lecture estim\u00e9e":"2 minutes"},"schema":{"@context":"https:\/\/schema.org","@graph":[{"@type":"WebPage","@id":"https:\/\/icr.you2.pl\/certyfikacja-wyrobow\/certyfikacja-dobrowolna\/","url":"https:\/\/icr.you2.pl\/certyfikacja-wyrobow\/certyfikacja-dobrowolna\/","name":"Certification volontaire - ICR POLAND - essais et certification","isPartOf":{"@id":"https:\/\/icr.you2.pl\/#website"},"primaryImageOfPage":{"@id":"https:\/\/icr.you2.pl\/certyfikacja-wyrobow\/certyfikacja-dobrowolna\/#primaryimage"},"image":{"@id":"https:\/\/icr.you2.pl\/certyfikacja-wyrobow\/certyfikacja-dobrowolna\/#primaryimage"},"thumbnailUrl":"","datePublished":"2019-05-28T11:08:53+00:00","dateModified":"2024-06-11T05:57:52+00:00","breadcrumb":{"@id":"https:\/\/icr.you2.pl\/certyfikacja-wyrobow\/certyfikacja-dobrowolna\/#breadcrumb"},"inLanguage":"fr-FR","potentialAction":[{"@type":"ReadAction","target":["https:\/\/icr.you2.pl\/certyfikacja-wyrobow\/certyfikacja-dobrowolna\/"]}]},{"@type":"ImageObject","inLanguage":"fr-FR","@id":"https:\/\/icr.you2.pl\/certyfikacja-wyrobow\/certyfikacja-dobrowolna\/#primaryimage","url":"","contentUrl":""},{"@type":"BreadcrumbList","@id":"https:\/\/icr.you2.pl\/certyfikacja-wyrobow\/certyfikacja-dobrowolna\/#breadcrumb","itemListElement":[{"@type":"ListItem","position":1,"name":"Strona g\u0142\u00f3wna","item":"https:\/\/icr.you2.pl\/"},{"@type":"ListItem","position":2,"name":"Certyfikacja wyrob\u00f3w","item":"https:\/\/icr.you2.pl\/en\/certyfikacja-wyrobow\/"},{"@type":"ListItem","position":3,"name":"Certyfikacja dobrowolna"}]},{"@type":"WebSite","@id":"https:\/\/icr.you2.pl\/#website","url":"https:\/\/icr.you2.pl\/","name":"ICR POLAND - essais et certification","description":"Certification CE, certificat CE, certificat ISO, essais RED, essais et certification de produits, essais de produits \u00e9lectriques, essais de dispositifs m\u00e9dicaux, ATEX, IECEx, FCC, certification de produits, essais CEM, certification de machines, machines CE, formation, essais de produits \u00e9lectroniques, essais 2014\/53\/UE, certification de drones, certificat ISO 13485, certificat ISO 9001, NC RfG","publisher":{"@id":"https:\/\/icr.you2.pl\/#\/schema\/person\/944799c9e2f4a94662e3fcb3b1544baf"},"potentialAction":[{"@type":"SearchAction","target":{"@type":"EntryPoint","urlTemplate":"https:\/\/icr.you2.pl\/?s={search_term_string}"},"query-input":{"@type":"PropertyValueSpecification","valueRequired":true,"valueName":"search_term_string"}}],"inLanguage":"fr-FR"},{"@type":["Person","Organization"],"@id":"https:\/\/icr.you2.pl\/#\/schema\/person\/944799c9e2f4a94662e3fcb3b1544baf","name":"l'administration","image":{"@type":"ImageObject","inLanguage":"fr-FR","@id":"https:\/\/icr.you2.pl\/#\/schema\/person\/image\/","url":"https:\/\/icr.you2.pl\/wp-content\/uploads\/2019\/05\/cropped-logo-icr.32f04ad5-1-1.png","contentUrl":"https:\/\/icr.you2.pl\/wp-content\/uploads\/2019\/05\/cropped-logo-icr.32f04ad5-1-1.png","width":400,"height":148,"caption":"admin"},"logo":{"@id":"https:\/\/icr.you2.pl\/#\/schema\/person\/image\/"}}]}},"_links":{"self":[{"href":"https:\/\/icr.you2.pl\/fr\/wp-json\/wp\/v2\/pages\/2039","targetHints":{"allow":["GET"]}}],"collection":[{"href":"https:\/\/icr.you2.pl\/fr\/wp-json\/wp\/v2\/pages"}],"about":[{"href":"https:\/\/icr.you2.pl\/fr\/wp-json\/wp\/v2\/types\/page"}],"author":[{"embeddable":true,"href":"https:\/\/icr.you2.pl\/fr\/wp-json\/wp\/v2\/users\/1"}],"replies":[{"embeddable":true,"href":"https:\/\/icr.you2.pl\/fr\/wp-json\/wp\/v2\/comments?post=2039"}],"version-history":[{"count":0,"href":"https:\/\/icr.you2.pl\/fr\/wp-json\/wp\/v2\/pages\/2039\/revisions"}],"up":[{"embeddable":true,"href":"https:\/\/icr.you2.pl\/fr\/wp-json\/wp\/v2\/pages\/211"}],"wp:featuredmedia":[{"embeddable":true,"href":"https:\/\/icr.you2.pl\/fr\/wp-json\/"}],"wp:attachment":[{"href":"https:\/\/icr.you2.pl\/fr\/wp-json\/wp\/v2\/media?parent=2039"}],"curies":[{"name":"wp","href":"https:\/\/api.w.org\/{rel}","templated":true}]}}