{"id":2430,"date":"2019-06-03T12:35:35","date_gmt":"2019-06-03T10:35:35","guid":{"rendered":"http:\/\/nowa.icrpolska.com\/?page_id=2430"},"modified":"2024-12-10T14:51:36","modified_gmt":"2024-12-10T13:51:36","slug":"iecex","status":"publish","type":"page","link":"https:\/\/icr.you2.pl\/fr\/iecex\/","title":{"rendered":"IECEx"},"content":{"rendered":"<div data-elementor-type=\"wp-page\" data-elementor-id=\"2430\" class=\"elementor elementor-2430\">\n\t\t\t\t\t\t<section class=\"elementor-section elementor-top-section elementor-element elementor-element-3b021474 elementor-section-boxed elementor-section-height-default elementor-section-height-default\" data-id=\"3b021474\" data-element_type=\"section\" data-e-type=\"section\">\n\t\t\t\t\t\t<div class=\"elementor-container elementor-column-gap-default\">\n\t\t\t\t\t<div class=\"elementor-column elementor-col-100 elementor-top-column elementor-element elementor-element-3647aceb\" data-id=\"3647aceb\" data-element_type=\"column\" data-e-type=\"column\">\n\t\t\t<div class=\"elementor-widget-wrap elementor-element-populated\">\n\t\t\t\t\t\t<div class=\"elementor-element elementor-element-35547234 elementor-widget elementor-widget-text-editor\" data-id=\"35547234\" data-element_type=\"widget\" data-e-type=\"widget\" data-widget_type=\"text-editor.default\">\n\t\t\t\t<div class=\"elementor-widget-container\">\n\t\t\t\t\t\t\t\t\t<p><img decoding=\"async\" class=\"wp-image-2883 alignleft\" src=\"http:\/\/icr.you2.pl\/wp-content\/uploads\/2024\/12\/IECEx.png\" alt=\"\" width=\"142\" height=\"119\" \/><\/p><p>\u00a0<\/p><p>Le syst\u00e8me mondial IECEx a \u00e9t\u00e9 cr\u00e9\u00e9 pour faciliter le commerce international des \u00e9quipements et des services destin\u00e9s \u00e0 \u00eatre utilis\u00e9s dans des atmosph\u00e8res explosives (\u00e9quipements\/produits Ex), tout en maintenant le niveau de s\u00e9curit\u00e9 requis. Le syst\u00e8me pr\u00e9voit, entre autres, ce qui suit<\/p><p>\u00a0<\/p><ul><li>r\u00e9duction des co\u00fbts d'essai et de certification pour le fabricant ;<\/li><li>r\u00e9duire les d\u00e9lais de mise sur le march\u00e9 ;<\/li><li>une base de donn\u00e9es internationale unique et accessible au public sur les produits Ex ;<\/li><li>des crit\u00e8res uniformes pour l'\u00e9valuation et la v\u00e9rification des produits, quel que soit leur lieu de fabrication et d'utilisation.<\/li><\/ul><p class=\"translation-block\">Pour plus d'informations sur l'ensemble des activit\u00e9s de l'organisation IECEx, veuillez consulter <a href=\"https:\/\/www.iecex.com\/\" target=\"_self\" rel=\"noopener noreferrer\">https:\/\/www.iecex.com\/<\/a>.<\/p><p>L'\u00e9quipement Ex est con\u00e7u pour fonctionner dans des atmosph\u00e8res explosives, c'est-\u00e0-dire des zones o\u00f9 des liquides, des vapeurs, des gaz ou des poussi\u00e8res inflammables peuvent \u00eatre pr\u00e9sents en quantit\u00e9s suffisantes pour provoquer un incendie ou une explosion.<\/p><p>De nos jours, on trouve de telles zones dans les installations de production de nombreuses industries, ainsi que dans les installations de service ou de stockage, par exemple :<\/p><ul><li>l'exploitation mini\u00e8re et les installations de transmission et de stockage du charbon<\/li><li>les stations de ravitaillement pour voitures ou avions, les stations-service<\/li><li>les raffineries de p\u00e9trole, les plates-formes p\u00e9troli\u00e8res et les usines de traitement<\/li><li>usines de traitement chimique<\/li><li>usines pharmaceutiques<\/li><li>l'industrie de l'imprimerie, la production de papier et de textile<\/li><li>salles d'op\u00e9ration d'h\u00f4pitaux<\/li><li>ateliers de vernissage et de peinture<\/li><li>usines de traitement de la biomasse<\/li><li>stations d'\u00e9puration des eaux us\u00e9es<\/li><li>gazoducs et centres de distribution<\/li><li>installations de traitement et de stockage des c\u00e9r\u00e9ales<\/li><li>installations de travail du bois<\/li><li>raffineries de sucre<\/li><li>ateliers de transformation des mat\u00e9riaux m\u00e9talliques, notamment de l'aluminium<\/li><\/ul><p>ICR Poland propose des essais, une \u00e9valuation des syst\u00e8mes de production et une certification des produits pour les atmosph\u00e8res potentiellement explosives, avec une couverture mondiale dans le cadre du syst\u00e8me IECEx.<\/p><p>Nous pouvons effectuer des essais et des \u00e9valuations du syst\u00e8me de production parall\u00e8lement aux activit\u00e9s pr\u00e9vues par la directive europ\u00e9enne ATEX.<\/p><p>Nous proposons une large gamme de tests couvrant la plupart des m\u00e9thodes de protection contre les explosions utilis\u00e9es pour les \u00e9quipements \u00e9lectriques et non \u00e9lectriques.<\/p>\t\t\t\t\t\t\t\t<\/div>\n\t\t\t\t<\/div>\n\t\t\t\t\t<\/div>\n\t\t<\/div>\n\t\t\t\t\t<\/div>\n\t\t<\/section>\n\t\t\t\t<\/div>","protected":false},"excerpt":{"rendered":"<p>\u00a0 Le syst\u00e8me mondial IECEx a \u00e9t\u00e9 cr\u00e9\u00e9 pour faciliter le commerce international des \u00e9quipements et des services destin\u00e9s \u00e0 \u00eatre utilis\u00e9s dans des atmosph\u00e8res explosives (\u00e9quipements\/produits Ex), tout en maintenant le niveau de s\u00e9curit\u00e9 requis. Le syst\u00e8me permet notamment de r\u00e9duire les co\u00fbts d'essai et de certification pour le fabricant, de r\u00e9duire le temps de mise sur le march\u00e9, de disposer d'une base de donn\u00e9es internationale unique et librement accessible des produits Ex, d'uniformiser les crit\u00e8res d'\u00e9valuation et de...&nbsp;<a href=\"https:\/\/icr.you2.pl\/fr\/iecex\/\" rel=\"bookmark\">Lire la suite \"<span class=\"screen-reader-text\">IECEx<\/span><\/a><\/p>","protected":false},"author":1,"featured_media":0,"parent":0,"menu_order":0,"comment_status":"closed","ping_status":"closed","template":"","meta":{"neve_meta_sidebar":"","neve_meta_container":"","neve_meta_enable_content_width":"off","neve_meta_content_width":70,"neve_meta_title_alignment":"","neve_meta_author_avatar":"","neve_post_elements_order":"","neve_meta_disable_header":"","neve_meta_disable_footer":"","neve_meta_disable_title":"","footnotes":""},"class_list":["post-2430","page","type-page","status-publish","hentry"],"yoast_head":"<!-- This site is optimized with the Yoast SEO plugin v26.8 - https:\/\/yoast.com\/product\/yoast-seo-wordpress\/ -->\n<title>IECEx - ICR POLSKA - badania i certyfikacja<\/title>\n<meta name=\"robots\" content=\"index, follow, max-snippet:-1, max-image-preview:large, max-video-preview:-1\" \/>\n<link rel=\"canonical\" href=\"https:\/\/icr.you2.pl\/fr\/iecex\/\" \/>\n<meta property=\"og:locale\" content=\"fr_FR\" \/>\n<meta property=\"og:type\" content=\"article\" \/>\n<meta property=\"og:title\" content=\"IECEx - ICR POLSKA - badania i certyfikacja\" \/>\n<meta property=\"og:description\" content=\"\u00a0 Og\u00f3lno\u015bwiatowy system IECEx powsta\u0142 w celu u\u0142atwienie mi\u0119dzynarodowego handlu sprz\u0119tem i us\u0142ugami do u\u017cytku w atmosferach wybuchowych (urz\u0105dzenia\/wyroby Ex), przy zachowaniu wymaganego poziomu bezpiecze\u0144stwa. System ten zapewnia m.in.: \u00a0 ograniczenie koszt\u00f3w bada\u0144 i certyfikacji dla producenta; skr\u00f3cenie czasu procesu wprowadzania wyrobu na rynek; jedn\u0105, og\u00f3lnodost\u0119pn\u0105 mi\u0119dzynarodow\u0105 baz\u0119 danych wyrob\u00f3w Ex; jednolite kryteria oceny i&hellip;&nbsp;Lire la suite &raquo;IECEx\" \/>\n<meta property=\"og:url\" content=\"https:\/\/icr.you2.pl\/fr\/iecex\/\" \/>\n<meta property=\"og:site_name\" content=\"ICR POLSKA - badania i certyfikacja\" \/>\n<meta property=\"article:modified_time\" content=\"2024-12-10T13:51:36+00:00\" \/>\n<meta property=\"og:image\" content=\"http:\/\/icr.you2.pl\/wp-content\/uploads\/2024\/12\/IECEx.png\" \/>\n<meta name=\"twitter:card\" content=\"summary_large_image\" \/>\n<meta name=\"twitter:label1\" content=\"Dur\u00e9e de lecture estim\u00e9e\" \/>\n\t<meta name=\"twitter:data1\" content=\"2 minutes\" \/>\n<script type=\"application\/ld+json\" class=\"yoast-schema-graph\">{\"@context\":\"https:\/\/schema.org\",\"@graph\":[{\"@type\":\"WebPage\",\"@id\":\"https:\/\/icr.you2.pl\/iecex\/\",\"url\":\"https:\/\/icr.you2.pl\/iecex\/\",\"name\":\"IECEx - ICR POLSKA - badania i certyfikacja\",\"isPartOf\":{\"@id\":\"https:\/\/icr.you2.pl\/#website\"},\"primaryImageOfPage\":{\"@id\":\"https:\/\/icr.you2.pl\/iecex\/#primaryimage\"},\"image\":{\"@id\":\"https:\/\/icr.you2.pl\/iecex\/#primaryimage\"},\"thumbnailUrl\":\"http:\/\/icr.you2.pl\/wp-content\/uploads\/2024\/12\/IECEx.png\",\"datePublished\":\"2019-06-03T10:35:35+00:00\",\"dateModified\":\"2024-12-10T13:51:36+00:00\",\"breadcrumb\":{\"@id\":\"https:\/\/icr.you2.pl\/iecex\/#breadcrumb\"},\"inLanguage\":\"fr-FR\",\"potentialAction\":[{\"@type\":\"ReadAction\",\"target\":[\"https:\/\/icr.you2.pl\/iecex\/\"]}]},{\"@type\":\"ImageObject\",\"inLanguage\":\"fr-FR\",\"@id\":\"https:\/\/icr.you2.pl\/iecex\/#primaryimage\",\"url\":\"http:\/\/icr.you2.pl\/wp-content\/uploads\/2024\/12\/IECEx.png\",\"contentUrl\":\"http:\/\/icr.you2.pl\/wp-content\/uploads\/2024\/12\/IECEx.png\"},{\"@type\":\"BreadcrumbList\",\"@id\":\"https:\/\/icr.you2.pl\/iecex\/#breadcrumb\",\"itemListElement\":[{\"@type\":\"ListItem\",\"position\":1,\"name\":\"Strona g\u0142\u00f3wna\",\"item\":\"https:\/\/icr.you2.pl\/\"},{\"@type\":\"ListItem\",\"position\":2,\"name\":\"IECEx\"}]},{\"@type\":\"WebSite\",\"@id\":\"https:\/\/icr.you2.pl\/#website\",\"url\":\"https:\/\/icr.you2.pl\/\",\"name\":\"ICR POLSKA - badania i certyfikacja\",\"description\":\"CE certification, CE certificate, ISO certificate, RED testing, product testing and certification, electrical product testing, medical device testing, ATEX, IECEx, FCC, product certification, EMC testing, machinery certification, CE machines, training, electronic product testing, testing 2014\/53\/EU, drone certification, ISO 13485 certificate, ISO 9001 certificate, NC RfG\",\"publisher\":{\"@id\":\"https:\/\/icr.you2.pl\/#\/schema\/person\/944799c9e2f4a94662e3fcb3b1544baf\"},\"potentialAction\":[{\"@type\":\"SearchAction\",\"target\":{\"@type\":\"EntryPoint\",\"urlTemplate\":\"https:\/\/icr.you2.pl\/?s={search_term_string}\"},\"query-input\":{\"@type\":\"PropertyValueSpecification\",\"valueRequired\":true,\"valueName\":\"search_term_string\"}}],\"inLanguage\":\"fr-FR\"},{\"@type\":[\"Person\",\"Organization\"],\"@id\":\"https:\/\/icr.you2.pl\/#\/schema\/person\/944799c9e2f4a94662e3fcb3b1544baf\",\"name\":\"admin\",\"image\":{\"@type\":\"ImageObject\",\"inLanguage\":\"fr-FR\",\"@id\":\"https:\/\/icr.you2.pl\/#\/schema\/person\/image\/\",\"url\":\"https:\/\/icr.you2.pl\/wp-content\/uploads\/2019\/05\/cropped-logo-icr.32f04ad5-1-1.png\",\"contentUrl\":\"https:\/\/icr.you2.pl\/wp-content\/uploads\/2019\/05\/cropped-logo-icr.32f04ad5-1-1.png\",\"width\":400,\"height\":148,\"caption\":\"admin\"},\"logo\":{\"@id\":\"https:\/\/icr.you2.pl\/#\/schema\/person\/image\/\"}}]}<\/script>\n<!-- \/ Yoast SEO plugin. -->","yoast_head_json":{"title":"IECEx - ICR POLOGNE - essais et certification","robots":{"index":"index","follow":"follow","max-snippet":"max-snippet:-1","max-image-preview":"max-image-preview:large","max-video-preview":"max-video-preview:-1"},"canonical":"https:\/\/icr.you2.pl\/fr\/iecex\/","og_locale":"fr_FR","og_type":"article","og_title":"IECEx - ICR POLSKA - badania i certyfikacja","og_description":"\u00a0 Og\u00f3lno\u015bwiatowy system IECEx powsta\u0142 w celu u\u0142atwienie mi\u0119dzynarodowego handlu sprz\u0119tem i us\u0142ugami do u\u017cytku w atmosferach wybuchowych (urz\u0105dzenia\/wyroby Ex), przy zachowaniu wymaganego poziomu bezpiecze\u0144stwa. System ten zapewnia m.in.: \u00a0 ograniczenie koszt\u00f3w bada\u0144 i certyfikacji dla producenta; skr\u00f3cenie czasu procesu wprowadzania wyrobu na rynek; jedn\u0105, og\u00f3lnodost\u0119pn\u0105 mi\u0119dzynarodow\u0105 baz\u0119 danych wyrob\u00f3w Ex; jednolite kryteria oceny i&hellip;&nbsp;Lire la suite &raquo;IECEx","og_url":"https:\/\/icr.you2.pl\/fr\/iecex\/","og_site_name":"ICR POLSKA - badania i certyfikacja","article_modified_time":"2024-12-10T13:51:36+00:00","og_image":[{"url":"http:\/\/icr.you2.pl\/wp-content\/uploads\/2024\/12\/IECEx.png","type":"","width":"","height":""}],"twitter_card":"summary_large_image","twitter_misc":{"Dur\u00e9e de lecture estim\u00e9e":"2 minutes"},"schema":{"@context":"https:\/\/schema.org","@graph":[{"@type":"WebPage","@id":"https:\/\/icr.you2.pl\/iecex\/","url":"https:\/\/icr.you2.pl\/iecex\/","name":"IECEx - ICR POLOGNE - essais et certification","isPartOf":{"@id":"https:\/\/icr.you2.pl\/#website"},"primaryImageOfPage":{"@id":"https:\/\/icr.you2.pl\/iecex\/#primaryimage"},"image":{"@id":"https:\/\/icr.you2.pl\/iecex\/#primaryimage"},"thumbnailUrl":"http:\/\/icr.you2.pl\/wp-content\/uploads\/2024\/12\/IECEx.png","datePublished":"2019-06-03T10:35:35+00:00","dateModified":"2024-12-10T13:51:36+00:00","breadcrumb":{"@id":"https:\/\/icr.you2.pl\/iecex\/#breadcrumb"},"inLanguage":"fr-FR","potentialAction":[{"@type":"ReadAction","target":["https:\/\/icr.you2.pl\/iecex\/"]}]},{"@type":"ImageObject","inLanguage":"fr-FR","@id":"https:\/\/icr.you2.pl\/iecex\/#primaryimage","url":"http:\/\/icr.you2.pl\/wp-content\/uploads\/2024\/12\/IECEx.png","contentUrl":"http:\/\/icr.you2.pl\/wp-content\/uploads\/2024\/12\/IECEx.png"},{"@type":"BreadcrumbList","@id":"https:\/\/icr.you2.pl\/iecex\/#breadcrumb","itemListElement":[{"@type":"ListItem","position":1,"name":"Strona g\u0142\u00f3wna","item":"https:\/\/icr.you2.pl\/"},{"@type":"ListItem","position":2,"name":"IECEx"}]},{"@type":"WebSite","@id":"https:\/\/icr.you2.pl\/#website","url":"https:\/\/icr.you2.pl\/","name":"ICR POLAND - essais et certification","description":"Certification CE, certificat CE, certificat ISO, essais RED, essais et certification de produits, essais de produits \u00e9lectriques, essais de dispositifs m\u00e9dicaux, ATEX, IECEx, FCC, certification de produits, essais CEM, certification de machines, machines CE, formation, essais de produits \u00e9lectroniques, essais 2014\/53\/UE, certification de drones, certificat ISO 13485, certificat ISO 9001, NC RfG","publisher":{"@id":"https:\/\/icr.you2.pl\/#\/schema\/person\/944799c9e2f4a94662e3fcb3b1544baf"},"potentialAction":[{"@type":"SearchAction","target":{"@type":"EntryPoint","urlTemplate":"https:\/\/icr.you2.pl\/?s={search_term_string}"},"query-input":{"@type":"PropertyValueSpecification","valueRequired":true,"valueName":"search_term_string"}}],"inLanguage":"fr-FR"},{"@type":["Person","Organization"],"@id":"https:\/\/icr.you2.pl\/#\/schema\/person\/944799c9e2f4a94662e3fcb3b1544baf","name":"l'administration","image":{"@type":"ImageObject","inLanguage":"fr-FR","@id":"https:\/\/icr.you2.pl\/#\/schema\/person\/image\/","url":"https:\/\/icr.you2.pl\/wp-content\/uploads\/2019\/05\/cropped-logo-icr.32f04ad5-1-1.png","contentUrl":"https:\/\/icr.you2.pl\/wp-content\/uploads\/2019\/05\/cropped-logo-icr.32f04ad5-1-1.png","width":400,"height":148,"caption":"admin"},"logo":{"@id":"https:\/\/icr.you2.pl\/#\/schema\/person\/image\/"}}]}},"_links":{"self":[{"href":"https:\/\/icr.you2.pl\/fr\/wp-json\/wp\/v2\/pages\/2430","targetHints":{"allow":["GET"]}}],"collection":[{"href":"https:\/\/icr.you2.pl\/fr\/wp-json\/wp\/v2\/pages"}],"about":[{"href":"https:\/\/icr.you2.pl\/fr\/wp-json\/wp\/v2\/types\/page"}],"author":[{"embeddable":true,"href":"https:\/\/icr.you2.pl\/fr\/wp-json\/wp\/v2\/users\/1"}],"replies":[{"embeddable":true,"href":"https:\/\/icr.you2.pl\/fr\/wp-json\/wp\/v2\/comments?post=2430"}],"version-history":[{"count":0,"href":"https:\/\/icr.you2.pl\/fr\/wp-json\/wp\/v2\/pages\/2430\/revisions"}],"wp:attachment":[{"href":"https:\/\/icr.you2.pl\/fr\/wp-json\/wp\/v2\/media?parent=2430"}],"curies":[{"name":"wp","href":"https:\/\/api.w.org\/{rel}","templated":true}]}}