{"id":3437,"date":"2019-09-03T13:20:11","date_gmt":"2019-09-03T11:20:11","guid":{"rendered":"http:\/\/icrpolska.com\/?page_id=3437"},"modified":"2022-07-20T15:02:09","modified_gmt":"2022-07-20T13:02:09","slug":"energystar","status":"publish","type":"page","link":"https:\/\/icr.you2.pl\/fr\/energystar\/","title":{"rendered":"EnergyStar"},"content":{"rendered":"<p><img decoding=\"async\" class=\"alignleft\" src=\"http:\/\/icr.you2.pl\/wp-content\/uploads\/2019\/09\/EnergyStar.jpg\" alt=\"Energy Star\" width=\"156\" height=\"158\" \/>Energy Star est un programme international visant \u00e0 promouvoir les produits \u00e0 haut rendement \u00e9nerg\u00e9tique et \u00e0 r\u00e9duire les \u00e9missions de gaz \u00e0 effet de serre. Les produits qui r\u00e9pondent aux exigences du programme sont marqu\u00e9s d'un label sp\u00e9cial.<\/p>\n<p>Energy Star a \u00e9t\u00e9 lanc\u00e9 en 1992 par deux institutions : L'Agence am\u00e9ricaine de protection de l'environnement (EPA ou USEPA) et le minist\u00e8re am\u00e9ricain de l'\u00e9nergie (DOE).<\/p>\n<p>Depuis le 1er juillet 2009 - la norme Energy Star 5.0 s'applique.<\/p>\n<p>Lanc\u00e9 en tant que programme d'\u00e9tiquetage volontaire visant \u00e0 identifier et \u00e0 promouvoir les produits \u00e9conomes en \u00e9nergie, Energy Star a commenc\u00e9 par des \u00e9tiquettes pour les ordinateurs et les imprimantes. En 1995. le programme a \u00e9t\u00e9 consid\u00e9rablement \u00e9largi, avec l'introduction d'\u00e9tiquettes pour les syst\u00e8mes de chauffage et de climatisation domestiques.<\/p>\n<p>Des \u00e9l\u00e9ments du programme Energy Star ont \u00e9t\u00e9 adopt\u00e9s sur le march\u00e9 unique europ\u00e9en, ainsi qu'au Canada, aux \u00c9tats-Unis, en Australie, au Japon et \u00e0 Ta\u00efwan.<\/p>\n<p>Les sp\u00e9cifications Energy Star pour les produits individuels sont d\u00e9finies par l'EPA et comprennent :<\/p>\n<ul>\n<li style=\"list-style-type: none;\">\n<ul>\n<li>ordinateurs<\/li>\n<li>serveurs<\/li>\n<li>\u00e9quipement p\u00e9riph\u00e9rique<\/li>\n<li>produits et syst\u00e8mes de chauffage, de refroidissement et de climatisation<\/li>\n<li>\u00e9lectronique domestique<\/li>\n<li>les \u00e9quipements d'imagerie (t\u00e9l\u00e9viseurs, projecteurs)<\/li>\n<li>\u00e9clairage<\/li>\n<li>nouvelles maisons<\/li>\n<\/ul>\n<\/li>\n<\/ul>\n<p>L'EPA r\u00e9alise chaque ann\u00e9e des \u00e9valuations de l'efficacit\u00e9 \u00e9nerg\u00e9tique dans le monde entier :<br \/>\n- b\u00e2timents<br \/>\n- installations industrielles<\/p>\n<p>Les rapports sont disponibles sur le site web d'Energy Star<\/p>\n<p>ICR Polska fournit une assistance compl\u00e8te pour pr\u00e9parer les produits \u00e0 r\u00e9pondre \u00e0 la sp\u00e9cification Energy Star, principalement par le biais de tests et de certifications.<\/p>\n<p><strong>Energy Star est le choix le plus simple en mati\u00e8re d'efficacit\u00e9 \u00e9nerg\u00e9tique.<\/strong><\/p>","protected":false},"excerpt":{"rendered":"<p>Energy Star est un programme international visant \u00e0 promouvoir les produits \u00e0 haut rendement \u00e9nerg\u00e9tique et \u00e0 r\u00e9duire les \u00e9missions de gaz \u00e0 effet de serre. Les produits qui r\u00e9pondent aux exigences du programme sont marqu\u00e9s d'un label sp\u00e9cial. Energy Star a \u00e9t\u00e9 lanc\u00e9 en 1992 par deux institutions : L'Agence am\u00e9ricaine de protection de l'environnement (EPA ou USEPA) et le D\u00e9partement am\u00e9ricain de l'\u00e9nergie (United States Department of...&nbsp;<a href=\"https:\/\/icr.you2.pl\/fr\/energystar\/\" rel=\"bookmark\">Lire la suite \"<span class=\"screen-reader-text\">EnergyStar<\/span><\/a><\/p>","protected":false},"author":2,"featured_media":0,"parent":0,"menu_order":0,"comment_status":"closed","ping_status":"closed","template":"","meta":{"neve_meta_sidebar":"","neve_meta_container":"","neve_meta_enable_content_width":"off","neve_meta_content_width":70,"neve_meta_title_alignment":"","neve_meta_author_avatar":"","neve_post_elements_order":"","neve_meta_disable_header":"","neve_meta_disable_footer":"","neve_meta_disable_title":"","footnotes":""},"class_list":["post-3437","page","type-page","status-publish","hentry"],"yoast_head":"<!-- This site is optimized with the Yoast SEO plugin v26.8 - https:\/\/yoast.com\/product\/yoast-seo-wordpress\/ -->\n<title>EnergyStar - ICR POLSKA - badania i certyfikacja<\/title>\n<meta name=\"robots\" content=\"index, follow, max-snippet:-1, max-image-preview:large, max-video-preview:-1\" \/>\n<link rel=\"canonical\" href=\"https:\/\/icr.you2.pl\/fr\/energystar\/\" \/>\n<meta property=\"og:locale\" content=\"fr_FR\" \/>\n<meta property=\"og:type\" content=\"article\" \/>\n<meta property=\"og:title\" content=\"EnergyStar - ICR POLSKA - badania i certyfikacja\" \/>\n<meta property=\"og:description\" content=\"Energy Star to mi\u0119dzynarodowy program maj\u0105cy na celu promowanie produkt\u00f3w energooszcz\u0119dnych i zmniejszenie wydzielania gaz\u00f3w b\u0119d\u0105cych przyczyn\u0105 efektu cieplarnianego. Wyroby spe\u0142niaj\u0105ce wymagania programu s\u0105 oznakowane specjaln\u0105 etykiet\u0105. Energy Star zainicjowa\u0142y w 1992 roku dwie instytucje: Ameryka\u0144ska Agencja Ochrony \u015arodowiska (Environmental Protection Agency &#8211; EPA lub USEPA) oraz Departament Energii Stan\u00f3w Zjednoczonych (United States Department of&hellip;&nbsp;Lire la suite &raquo;EnergyStar\" \/>\n<meta property=\"og:url\" content=\"https:\/\/icr.you2.pl\/fr\/energystar\/\" \/>\n<meta property=\"og:site_name\" content=\"ICR POLSKA - badania i certyfikacja\" \/>\n<meta property=\"article:modified_time\" content=\"2022-07-20T13:02:09+00:00\" \/>\n<meta property=\"og:image\" content=\"http:\/\/icr.you2.pl\/wp-content\/uploads\/2019\/09\/EnergyStar.jpg\" \/>\n<meta name=\"twitter:card\" content=\"summary_large_image\" \/>\n<meta name=\"twitter:label1\" content=\"Dur\u00e9e de lecture estim\u00e9e\" \/>\n\t<meta name=\"twitter:data1\" content=\"2 minutes\" \/>\n<script type=\"application\/ld+json\" class=\"yoast-schema-graph\">{\"@context\":\"https:\/\/schema.org\",\"@graph\":[{\"@type\":\"WebPage\",\"@id\":\"https:\/\/icr.you2.pl\/energystar\/\",\"url\":\"https:\/\/icr.you2.pl\/energystar\/\",\"name\":\"EnergyStar - ICR POLSKA - badania i certyfikacja\",\"isPartOf\":{\"@id\":\"https:\/\/icr.you2.pl\/#website\"},\"primaryImageOfPage\":{\"@id\":\"https:\/\/icr.you2.pl\/energystar\/#primaryimage\"},\"image\":{\"@id\":\"https:\/\/icr.you2.pl\/energystar\/#primaryimage\"},\"thumbnailUrl\":\"http:\/\/icr.you2.pl\/wp-content\/uploads\/2019\/09\/EnergyStar.jpg\",\"datePublished\":\"2019-09-03T11:20:11+00:00\",\"dateModified\":\"2022-07-20T13:02:09+00:00\",\"breadcrumb\":{\"@id\":\"https:\/\/icr.you2.pl\/energystar\/#breadcrumb\"},\"inLanguage\":\"fr-FR\",\"potentialAction\":[{\"@type\":\"ReadAction\",\"target\":[\"https:\/\/icr.you2.pl\/energystar\/\"]}]},{\"@type\":\"ImageObject\",\"inLanguage\":\"fr-FR\",\"@id\":\"https:\/\/icr.you2.pl\/energystar\/#primaryimage\",\"url\":\"http:\/\/icr.you2.pl\/wp-content\/uploads\/2019\/09\/EnergyStar.jpg\",\"contentUrl\":\"http:\/\/icr.you2.pl\/wp-content\/uploads\/2019\/09\/EnergyStar.jpg\"},{\"@type\":\"BreadcrumbList\",\"@id\":\"https:\/\/icr.you2.pl\/energystar\/#breadcrumb\",\"itemListElement\":[{\"@type\":\"ListItem\",\"position\":1,\"name\":\"Strona g\u0142\u00f3wna\",\"item\":\"https:\/\/icr.you2.pl\/\"},{\"@type\":\"ListItem\",\"position\":2,\"name\":\"EnergyStar\"}]},{\"@type\":\"WebSite\",\"@id\":\"https:\/\/icr.you2.pl\/#website\",\"url\":\"https:\/\/icr.you2.pl\/\",\"name\":\"ICR POLSKA - badania i certyfikacja\",\"description\":\"CE certification, CE certificate, ISO certificate, RED testing, product testing and certification, electrical product testing, medical device testing, ATEX, IECEx, FCC, product certification, EMC testing, machinery certification, CE machines, training, electronic product testing, testing 2014\/53\/EU, drone certification, ISO 13485 certificate, ISO 9001 certificate, NC RfG\",\"publisher\":{\"@id\":\"https:\/\/icr.you2.pl\/#\/schema\/person\/944799c9e2f4a94662e3fcb3b1544baf\"},\"potentialAction\":[{\"@type\":\"SearchAction\",\"target\":{\"@type\":\"EntryPoint\",\"urlTemplate\":\"https:\/\/icr.you2.pl\/?s={search_term_string}\"},\"query-input\":{\"@type\":\"PropertyValueSpecification\",\"valueRequired\":true,\"valueName\":\"search_term_string\"}}],\"inLanguage\":\"fr-FR\"},{\"@type\":[\"Person\",\"Organization\"],\"@id\":\"https:\/\/icr.you2.pl\/#\/schema\/person\/944799c9e2f4a94662e3fcb3b1544baf\",\"name\":\"admin\",\"image\":{\"@type\":\"ImageObject\",\"inLanguage\":\"fr-FR\",\"@id\":\"https:\/\/icr.you2.pl\/#\/schema\/person\/image\/\",\"url\":\"https:\/\/icr.you2.pl\/wp-content\/uploads\/2019\/05\/cropped-logo-icr.32f04ad5-1-1.png\",\"contentUrl\":\"https:\/\/icr.you2.pl\/wp-content\/uploads\/2019\/05\/cropped-logo-icr.32f04ad5-1-1.png\",\"width\":400,\"height\":148,\"caption\":\"admin\"},\"logo\":{\"@id\":\"https:\/\/icr.you2.pl\/#\/schema\/person\/image\/\"}}]}<\/script>\n<!-- \/ Yoast SEO plugin. -->","yoast_head_json":{"title":"EnergyStar - ICR POLAND - essais et certification","robots":{"index":"index","follow":"follow","max-snippet":"max-snippet:-1","max-image-preview":"max-image-preview:large","max-video-preview":"max-video-preview:-1"},"canonical":"https:\/\/icr.you2.pl\/fr\/energystar\/","og_locale":"fr_FR","og_type":"article","og_title":"EnergyStar - ICR POLSKA - badania i certyfikacja","og_description":"Energy Star to mi\u0119dzynarodowy program maj\u0105cy na celu promowanie produkt\u00f3w energooszcz\u0119dnych i zmniejszenie wydzielania gaz\u00f3w b\u0119d\u0105cych przyczyn\u0105 efektu cieplarnianego. Wyroby spe\u0142niaj\u0105ce wymagania programu s\u0105 oznakowane specjaln\u0105 etykiet\u0105. Energy Star zainicjowa\u0142y w 1992 roku dwie instytucje: Ameryka\u0144ska Agencja Ochrony \u015arodowiska (Environmental Protection Agency &#8211; EPA lub USEPA) oraz Departament Energii Stan\u00f3w Zjednoczonych (United States Department of&hellip;&nbsp;Lire la suite &raquo;EnergyStar","og_url":"https:\/\/icr.you2.pl\/fr\/energystar\/","og_site_name":"ICR POLSKA - badania i certyfikacja","article_modified_time":"2022-07-20T13:02:09+00:00","og_image":[{"url":"http:\/\/icr.you2.pl\/wp-content\/uploads\/2019\/09\/EnergyStar.jpg","type":"","width":"","height":""}],"twitter_card":"summary_large_image","twitter_misc":{"Dur\u00e9e de lecture estim\u00e9e":"2 minutes"},"schema":{"@context":"https:\/\/schema.org","@graph":[{"@type":"WebPage","@id":"https:\/\/icr.you2.pl\/energystar\/","url":"https:\/\/icr.you2.pl\/energystar\/","name":"EnergyStar - ICR POLAND - essais et certification","isPartOf":{"@id":"https:\/\/icr.you2.pl\/#website"},"primaryImageOfPage":{"@id":"https:\/\/icr.you2.pl\/energystar\/#primaryimage"},"image":{"@id":"https:\/\/icr.you2.pl\/energystar\/#primaryimage"},"thumbnailUrl":"http:\/\/icr.you2.pl\/wp-content\/uploads\/2019\/09\/EnergyStar.jpg","datePublished":"2019-09-03T11:20:11+00:00","dateModified":"2022-07-20T13:02:09+00:00","breadcrumb":{"@id":"https:\/\/icr.you2.pl\/energystar\/#breadcrumb"},"inLanguage":"fr-FR","potentialAction":[{"@type":"ReadAction","target":["https:\/\/icr.you2.pl\/energystar\/"]}]},{"@type":"ImageObject","inLanguage":"fr-FR","@id":"https:\/\/icr.you2.pl\/energystar\/#primaryimage","url":"http:\/\/icr.you2.pl\/wp-content\/uploads\/2019\/09\/EnergyStar.jpg","contentUrl":"http:\/\/icr.you2.pl\/wp-content\/uploads\/2019\/09\/EnergyStar.jpg"},{"@type":"BreadcrumbList","@id":"https:\/\/icr.you2.pl\/energystar\/#breadcrumb","itemListElement":[{"@type":"ListItem","position":1,"name":"Strona g\u0142\u00f3wna","item":"https:\/\/icr.you2.pl\/"},{"@type":"ListItem","position":2,"name":"EnergyStar"}]},{"@type":"WebSite","@id":"https:\/\/icr.you2.pl\/#website","url":"https:\/\/icr.you2.pl\/","name":"ICR POLAND - essais et certification","description":"Certification CE, certificat CE, certificat ISO, essais RED, essais et certification de produits, essais de produits \u00e9lectriques, essais de dispositifs m\u00e9dicaux, ATEX, IECEx, FCC, certification de produits, essais CEM, certification de machines, machines CE, formation, essais de produits \u00e9lectroniques, essais 2014\/53\/UE, certification de drones, certificat ISO 13485, certificat ISO 9001, NC RfG","publisher":{"@id":"https:\/\/icr.you2.pl\/#\/schema\/person\/944799c9e2f4a94662e3fcb3b1544baf"},"potentialAction":[{"@type":"SearchAction","target":{"@type":"EntryPoint","urlTemplate":"https:\/\/icr.you2.pl\/?s={search_term_string}"},"query-input":{"@type":"PropertyValueSpecification","valueRequired":true,"valueName":"search_term_string"}}],"inLanguage":"fr-FR"},{"@type":["Person","Organization"],"@id":"https:\/\/icr.you2.pl\/#\/schema\/person\/944799c9e2f4a94662e3fcb3b1544baf","name":"l'administration","image":{"@type":"ImageObject","inLanguage":"fr-FR","@id":"https:\/\/icr.you2.pl\/#\/schema\/person\/image\/","url":"https:\/\/icr.you2.pl\/wp-content\/uploads\/2019\/05\/cropped-logo-icr.32f04ad5-1-1.png","contentUrl":"https:\/\/icr.you2.pl\/wp-content\/uploads\/2019\/05\/cropped-logo-icr.32f04ad5-1-1.png","width":400,"height":148,"caption":"admin"},"logo":{"@id":"https:\/\/icr.you2.pl\/#\/schema\/person\/image\/"}}]}},"_links":{"self":[{"href":"https:\/\/icr.you2.pl\/fr\/wp-json\/wp\/v2\/pages\/3437","targetHints":{"allow":["GET"]}}],"collection":[{"href":"https:\/\/icr.you2.pl\/fr\/wp-json\/wp\/v2\/pages"}],"about":[{"href":"https:\/\/icr.you2.pl\/fr\/wp-json\/wp\/v2\/types\/page"}],"author":[{"embeddable":true,"href":"https:\/\/icr.you2.pl\/fr\/wp-json\/wp\/v2\/users\/2"}],"replies":[{"embeddable":true,"href":"https:\/\/icr.you2.pl\/fr\/wp-json\/wp\/v2\/comments?post=3437"}],"version-history":[{"count":0,"href":"https:\/\/icr.you2.pl\/fr\/wp-json\/wp\/v2\/pages\/3437\/revisions"}],"wp:attachment":[{"href":"https:\/\/icr.you2.pl\/fr\/wp-json\/wp\/v2\/media?parent=3437"}],"curies":[{"name":"wp","href":"https:\/\/api.w.org\/{rel}","templated":true}]}}