{"id":3827,"date":"2020-04-22T14:41:41","date_gmt":"2020-04-22T12:41:41","guid":{"rendered":"https:\/\/icrpolska.com\/?page_id=3827"},"modified":"2022-09-07T23:31:21","modified_gmt":"2022-09-07T21:31:21","slug":"biokompatybilnosc","status":"publish","type":"page","link":"https:\/\/icr.you2.pl\/fr\/badania-wyrobow\/biokompatybilnosc\/","title":{"rendered":"Biocompatibilit\u00e9"},"content":{"rendered":"<p>Dans nos laboratoires, nous effectuons les tests et examens suivants sur les dispositifs m\u00e9dicaux, conform\u00e9ment \u00e0 la s\u00e9rie de normes ISO 10993 :<\/p>\n<ul>\n<li style=\"list-style-type: none;\">\n<ul>\n<li><a href=\"http:\/\/icr.you2.pl\/wp-content\/uploads\/2020\/04\/Bio_genotoxicity.png\" target=\"_blank\" rel=\"noopener noreferrer\" data-slb-active=\"1\" data-slb-asset=\"1996492179\" data-slb-internal=\"0\" data-slb-group=\"979\">mutag\u00e9nicit\u00e9 :<\/a><a href=\"http:\/\/icr.you2.pl\/wp-content\/uploads\/2020\/04\/Bio_genotoxicity.png\" target=\"_blank\" rel=\"noopener noreferrer\"><img fetchpriority=\"high\" decoding=\"async\" class=\"alignright wp-image-3852 size-medium\" src=\"http:\/\/icr.you2.pl\/wp-content\/uploads\/2020\/04\/implant-e1587567193650-251x300.jpg\" alt=\"Biocompatibilit\u00e9\" width=\"251\" height=\"300\" srcset=\"https:\/\/icr.you2.pl\/wp-content\/uploads\/2020\/04\/implant-e1587567193650-251x300.jpg 251w, https:\/\/icr.you2.pl\/wp-content\/uploads\/2020\/04\/implant-e1587567193650.jpg 300w\" sizes=\"(max-width: 251px) 100vw, 251px\" \/><\/a>\n<ul>\n<li>test de mutation inverse bact\u00e9rienne<\/li>\n<li>tests in vitro pour les aberrations chromosomiques<\/li>\n<li>\u00e9tudes in vivo des micronoyaux cellulaires<\/li>\n<\/ul>\n<\/li>\n<li><a href=\"http:\/\/icr.you2.pl\/wp-content\/uploads\/2020\/04\/Bio_cytotoxicity.png\" target=\"_blank\" rel=\"noopener noreferrer\" data-slb-active=\"1\" data-slb-asset=\"1264259199\" data-slb-internal=\"0\" data-slb-group=\"979\">cytotoxicit\u00e9 in vitro,<\/a><\/li>\n<li><a href=\"http:\/\/icr.you2.pl\/wp-content\/uploads\/2020\/04\/Bio_acute.png\" target=\"_blank\" rel=\"noopener noreferrer\" data-slb-active=\"1\" data-slb-asset=\"951077260\" data-slb-internal=\"0\" data-slb-group=\"979\">toxicit\u00e9 syst\u00e9mique aigu\u00eb,<\/a><\/li>\n<li><a href=\"http:\/\/icr.you2.pl\/wp-content\/uploads\/2020\/04\/Bio_skin_irritation.png\" target=\"_blank\" rel=\"noopener noreferrer\" data-slb-active=\"1\" data-slb-asset=\"210430502\" data-slb-internal=\"0\" data-slb-group=\"979\">irritation de la peau,<\/a><\/li>\n<li><a href=\"http:\/\/icr.you2.pl\/wp-content\/uploads\/2020\/04\/Bio_intradermal.png\" target=\"_blank\" rel=\"noopener noreferrer\" data-slb-active=\"1\" data-slb-asset=\"1617476931\" data-slb-internal=\"0\" data-slb-group=\"979\">r\u00e9activit\u00e9 intradermique,<\/a><\/li>\n<li><a href=\"http:\/\/icr.you2.pl\/wp-content\/uploads\/2020\/04\/Bio_oral_mucosa.png\" target=\"_blank\" rel=\"noopener noreferrer\" data-slb-active=\"1\" data-slb-asset=\"290299341\" data-slb-internal=\"0\" data-slb-group=\"979\">irritation de la muqueuse buccale,<\/a><\/li>\n<li><a href=\"http:\/\/icr.you2.pl\/wp-content\/uploads\/2020\/04\/Bio_pyrogen.png\" target=\"_blank\" rel=\"noopener noreferrer\" data-slb-active=\"1\" data-slb-asset=\"1374573229\" data-slb-internal=\"0\" data-slb-group=\"979\">pyrog\u00e8ne,<\/a><\/li>\n<li><a href=\"http:\/\/icr.you2.pl\/wp-content\/uploads\/2020\/04\/Bio_implantation.png\" target=\"_blank\" rel=\"noopener noreferrer\" data-slb-active=\"1\" data-slb-asset=\"1001191268\" data-slb-internal=\"0\" data-slb-group=\"979\">toxicit\u00e9 subchronique et implantation,<\/a><\/li>\n<li><a href=\"http:\/\/icr.you2.pl\/wp-content\/uploads\/2020\/04\/Bio_skin_sensitization.png\" target=\"_blank\" rel=\"noopener noreferrer\" data-slb-active=\"1\" data-slb-asset=\"1517655755\" data-slb-internal=\"0\" data-slb-group=\"979\">sensibilit\u00e9s cutan\u00e9es<\/a><\/li>\n<\/ul>\n<\/li>\n<\/ul>\n<p><img decoding=\"async\" class=\"alignleft wp-image-3851 size-full\" src=\"http:\/\/icr.you2.pl\/wp-content\/uploads\/2020\/04\/toxicology.jpg\" alt=\"Biocompatibilit\u00e9\" width=\"280\" height=\"150\" \/><\/p>\n<p>&nbsp;<\/p>\n<p>&nbsp;<\/p>\n<p class=\"translation-block\">Nous vous invitons \u00e0 <a href=\"mailto:icrpolska@icrqa.com\" target=\"_self\">contacter<\/a> et \u00e0 collaborer.<\/p>","protected":false},"excerpt":{"rendered":"<p>Dans nos laboratoires, nous effectuons les tests et examens suivants sur les dispositifs m\u00e9dicaux, conform\u00e9ment aux normes de la s\u00e9rie ISO 10993 : mutag\u00e9nicit\u00e9 : test de mutation inverse bact\u00e9rienne tests d'aberration chromosomique in vitro cytotoxicit\u00e9 cellulaire in vitro du micronoyau, toxicit\u00e9 syst\u00e9mique aigu\u00eb, irritation cutan\u00e9e, r\u00e9activit\u00e9 intradermique, irritation de la muqueuse buccale, pyrog\u00e9nicit\u00e9, toxicit\u00e9 subchronique et implantation, sensibilisation cutan\u00e9e ...&nbsp;<a href=\"https:\/\/icr.you2.pl\/fr\/badania-wyrobow\/biokompatybilnosc\/\" rel=\"bookmark\">Lire la suite \"<span class=\"screen-reader-text\">Biocompatibilit\u00e9<\/span><\/a><\/p>","protected":false},"author":2,"featured_media":0,"parent":979,"menu_order":0,"comment_status":"closed","ping_status":"closed","template":"","meta":{"neve_meta_sidebar":"","neve_meta_container":"","neve_meta_enable_content_width":"off","neve_meta_content_width":70,"neve_meta_title_alignment":"","neve_meta_author_avatar":"","neve_post_elements_order":"","neve_meta_disable_header":"","neve_meta_disable_footer":"","neve_meta_disable_title":"","footnotes":""},"class_list":["post-3827","page","type-page","status-publish","hentry"],"yoast_head":"<!-- This site is optimized with the Yoast SEO plugin v26.8 - https:\/\/yoast.com\/product\/yoast-seo-wordpress\/ -->\n<title>Biokompatybilno\u015b\u0107 - ICR POLSKA - badania i certyfikacja<\/title>\n<meta name=\"robots\" content=\"index, follow, max-snippet:-1, max-image-preview:large, max-video-preview:-1\" \/>\n<link rel=\"canonical\" href=\"https:\/\/icr.you2.pl\/fr\/badania-wyrobow\/biokompatybilnosc\/\" \/>\n<meta property=\"og:locale\" content=\"fr_FR\" \/>\n<meta property=\"og:type\" content=\"article\" \/>\n<meta property=\"og:title\" content=\"Biokompatybilno\u015b\u0107 - ICR POLSKA - badania i certyfikacja\" \/>\n<meta property=\"og:description\" content=\"W naszych laboratoriach wykonujemy nast\u0119puj\u0105ce badania i testy wyrob\u00f3w medycznych zgodnie z normami serii ISO 10993: mutagenno\u015bci: bakteryjny test mutacji powrotnych badania in vitro aberracji chromosomowych badania in vivo mikroj\u0105derek kom\u00f3rek cytotoksyczno\u015bci in vitro, ostrej toksyczno\u015bci og\u00f3lnoustrojowej, podra\u017cnienia sk\u00f3ry, reaktywno\u015bci \u015br\u00f3dsk\u00f3rnej, podra\u017cnienia b\u0142ony \u015bluzowej jamy ustnej, pirogenowy, toksyczno\u015bci podchronicznej oraz implantacji, uczulenia sk\u00f3ry &nbsp; &nbsp;&hellip;&nbsp;Lire la suite &raquo;Biokompatybilno\u015b\u0107\" \/>\n<meta property=\"og:url\" content=\"https:\/\/icr.you2.pl\/fr\/badania-wyrobow\/biokompatybilnosc\/\" \/>\n<meta property=\"og:site_name\" content=\"ICR POLSKA - badania i certyfikacja\" \/>\n<meta property=\"article:modified_time\" content=\"2022-09-07T21:31:21+00:00\" \/>\n<meta property=\"og:image\" content=\"http:\/\/icr.you2.pl\/wp-content\/uploads\/2020\/04\/implant-e1587567193650-251x300.jpg\" \/>\n<meta name=\"twitter:card\" content=\"summary_large_image\" \/>\n<meta name=\"twitter:label1\" content=\"Dur\u00e9e de lecture estim\u00e9e\" \/>\n\t<meta name=\"twitter:data1\" content=\"1 minute\" \/>\n<script type=\"application\/ld+json\" class=\"yoast-schema-graph\">{\"@context\":\"https:\/\/schema.org\",\"@graph\":[{\"@type\":\"WebPage\",\"@id\":\"https:\/\/icr.you2.pl\/badania-wyrobow\/biokompatybilnosc\/\",\"url\":\"https:\/\/icr.you2.pl\/badania-wyrobow\/biokompatybilnosc\/\",\"name\":\"Biokompatybilno\u015b\u0107 - ICR POLSKA - badania i certyfikacja\",\"isPartOf\":{\"@id\":\"https:\/\/icr.you2.pl\/#website\"},\"primaryImageOfPage\":{\"@id\":\"https:\/\/icr.you2.pl\/badania-wyrobow\/biokompatybilnosc\/#primaryimage\"},\"image\":{\"@id\":\"https:\/\/icr.you2.pl\/badania-wyrobow\/biokompatybilnosc\/#primaryimage\"},\"thumbnailUrl\":\"http:\/\/icr.you2.pl\/wp-content\/uploads\/2020\/04\/implant-e1587567193650-251x300.jpg\",\"datePublished\":\"2020-04-22T12:41:41+00:00\",\"dateModified\":\"2022-09-07T21:31:21+00:00\",\"breadcrumb\":{\"@id\":\"https:\/\/icr.you2.pl\/badania-wyrobow\/biokompatybilnosc\/#breadcrumb\"},\"inLanguage\":\"fr-FR\",\"potentialAction\":[{\"@type\":\"ReadAction\",\"target\":[\"https:\/\/icr.you2.pl\/badania-wyrobow\/biokompatybilnosc\/\"]}]},{\"@type\":\"ImageObject\",\"inLanguage\":\"fr-FR\",\"@id\":\"https:\/\/icr.you2.pl\/badania-wyrobow\/biokompatybilnosc\/#primaryimage\",\"url\":\"http:\/\/icr.you2.pl\/wp-content\/uploads\/2020\/04\/implant-e1587567193650-251x300.jpg\",\"contentUrl\":\"http:\/\/icr.you2.pl\/wp-content\/uploads\/2020\/04\/implant-e1587567193650-251x300.jpg\"},{\"@type\":\"BreadcrumbList\",\"@id\":\"https:\/\/icr.you2.pl\/badania-wyrobow\/biokompatybilnosc\/#breadcrumb\",\"itemListElement\":[{\"@type\":\"ListItem\",\"position\":1,\"name\":\"Strona g\u0142\u00f3wna\",\"item\":\"https:\/\/icr.you2.pl\/\"},{\"@type\":\"ListItem\",\"position\":2,\"name\":\"Badania wyrob\u00f3w\",\"item\":\"https:\/\/icr.you2.pl\/badania-wyrobow\/\"},{\"@type\":\"ListItem\",\"position\":3,\"name\":\"Biokompatybilno\u015b\u0107\"}]},{\"@type\":\"WebSite\",\"@id\":\"https:\/\/icr.you2.pl\/#website\",\"url\":\"https:\/\/icr.you2.pl\/\",\"name\":\"ICR POLSKA - badania i certyfikacja\",\"description\":\"CE certification, CE certificate, ISO certificate, RED testing, product testing and certification, electrical product testing, medical device testing, ATEX, IECEx, FCC, product certification, EMC testing, machinery certification, CE machines, training, electronic product testing, testing 2014\/53\/EU, drone certification, ISO 13485 certificate, ISO 9001 certificate, NC RfG\",\"publisher\":{\"@id\":\"https:\/\/icr.you2.pl\/#\/schema\/person\/944799c9e2f4a94662e3fcb3b1544baf\"},\"potentialAction\":[{\"@type\":\"SearchAction\",\"target\":{\"@type\":\"EntryPoint\",\"urlTemplate\":\"https:\/\/icr.you2.pl\/?s={search_term_string}\"},\"query-input\":{\"@type\":\"PropertyValueSpecification\",\"valueRequired\":true,\"valueName\":\"search_term_string\"}}],\"inLanguage\":\"fr-FR\"},{\"@type\":[\"Person\",\"Organization\"],\"@id\":\"https:\/\/icr.you2.pl\/#\/schema\/person\/944799c9e2f4a94662e3fcb3b1544baf\",\"name\":\"admin\",\"image\":{\"@type\":\"ImageObject\",\"inLanguage\":\"fr-FR\",\"@id\":\"https:\/\/icr.you2.pl\/#\/schema\/person\/image\/\",\"url\":\"https:\/\/icr.you2.pl\/wp-content\/uploads\/2019\/05\/cropped-logo-icr.32f04ad5-1-1.png\",\"contentUrl\":\"https:\/\/icr.you2.pl\/wp-content\/uploads\/2019\/05\/cropped-logo-icr.32f04ad5-1-1.png\",\"width\":400,\"height\":148,\"caption\":\"admin\"},\"logo\":{\"@id\":\"https:\/\/icr.you2.pl\/#\/schema\/person\/image\/\"}}]}<\/script>\n<!-- \/ Yoast SEO plugin. -->","yoast_head_json":{"title":"Biocompatibilit\u00e9 - ICR POLAND - essais et certification","robots":{"index":"index","follow":"follow","max-snippet":"max-snippet:-1","max-image-preview":"max-image-preview:large","max-video-preview":"max-video-preview:-1"},"canonical":"https:\/\/icr.you2.pl\/fr\/badania-wyrobow\/biokompatybilnosc\/","og_locale":"fr_FR","og_type":"article","og_title":"Biokompatybilno\u015b\u0107 - ICR POLSKA - badania i certyfikacja","og_description":"W naszych laboratoriach wykonujemy nast\u0119puj\u0105ce badania i testy wyrob\u00f3w medycznych zgodnie z normami serii ISO 10993: mutagenno\u015bci: bakteryjny test mutacji powrotnych badania in vitro aberracji chromosomowych badania in vivo mikroj\u0105derek kom\u00f3rek cytotoksyczno\u015bci in vitro, ostrej toksyczno\u015bci og\u00f3lnoustrojowej, podra\u017cnienia sk\u00f3ry, reaktywno\u015bci \u015br\u00f3dsk\u00f3rnej, podra\u017cnienia b\u0142ony \u015bluzowej jamy ustnej, pirogenowy, toksyczno\u015bci podchronicznej oraz implantacji, uczulenia sk\u00f3ry &nbsp; &nbsp;&hellip;&nbsp;Lire la suite &raquo;Biokompatybilno\u015b\u0107","og_url":"https:\/\/icr.you2.pl\/fr\/badania-wyrobow\/biokompatybilnosc\/","og_site_name":"ICR POLSKA - badania i certyfikacja","article_modified_time":"2022-09-07T21:31:21+00:00","og_image":[{"url":"http:\/\/icr.you2.pl\/wp-content\/uploads\/2020\/04\/implant-e1587567193650-251x300.jpg","type":"","width":"","height":""}],"twitter_card":"summary_large_image","twitter_misc":{"Dur\u00e9e de lecture estim\u00e9e":"1 minute"},"schema":{"@context":"https:\/\/schema.org","@graph":[{"@type":"WebPage","@id":"https:\/\/icr.you2.pl\/badania-wyrobow\/biokompatybilnosc\/","url":"https:\/\/icr.you2.pl\/badania-wyrobow\/biokompatybilnosc\/","name":"Biocompatibilit\u00e9 - ICR POLAND - essais et certification","isPartOf":{"@id":"https:\/\/icr.you2.pl\/#website"},"primaryImageOfPage":{"@id":"https:\/\/icr.you2.pl\/badania-wyrobow\/biokompatybilnosc\/#primaryimage"},"image":{"@id":"https:\/\/icr.you2.pl\/badania-wyrobow\/biokompatybilnosc\/#primaryimage"},"thumbnailUrl":"http:\/\/icr.you2.pl\/wp-content\/uploads\/2020\/04\/implant-e1587567193650-251x300.jpg","datePublished":"2020-04-22T12:41:41+00:00","dateModified":"2022-09-07T21:31:21+00:00","breadcrumb":{"@id":"https:\/\/icr.you2.pl\/badania-wyrobow\/biokompatybilnosc\/#breadcrumb"},"inLanguage":"fr-FR","potentialAction":[{"@type":"ReadAction","target":["https:\/\/icr.you2.pl\/badania-wyrobow\/biokompatybilnosc\/"]}]},{"@type":"ImageObject","inLanguage":"fr-FR","@id":"https:\/\/icr.you2.pl\/badania-wyrobow\/biokompatybilnosc\/#primaryimage","url":"http:\/\/icr.you2.pl\/wp-content\/uploads\/2020\/04\/implant-e1587567193650-251x300.jpg","contentUrl":"http:\/\/icr.you2.pl\/wp-content\/uploads\/2020\/04\/implant-e1587567193650-251x300.jpg"},{"@type":"BreadcrumbList","@id":"https:\/\/icr.you2.pl\/badania-wyrobow\/biokompatybilnosc\/#breadcrumb","itemListElement":[{"@type":"ListItem","position":1,"name":"Strona g\u0142\u00f3wna","item":"https:\/\/icr.you2.pl\/"},{"@type":"ListItem","position":2,"name":"Badania wyrob\u00f3w","item":"https:\/\/icr.you2.pl\/badania-wyrobow\/"},{"@type":"ListItem","position":3,"name":"Biokompatybilno\u015b\u0107"}]},{"@type":"WebSite","@id":"https:\/\/icr.you2.pl\/#website","url":"https:\/\/icr.you2.pl\/","name":"ICR POLAND - essais et certification","description":"Certification CE, certificat CE, certificat ISO, essais RED, essais et certification de produits, essais de produits \u00e9lectriques, essais de dispositifs m\u00e9dicaux, ATEX, IECEx, FCC, certification de produits, essais CEM, certification de machines, machines CE, formation, essais de produits \u00e9lectroniques, essais 2014\/53\/UE, certification de drones, certificat ISO 13485, certificat ISO 9001, NC RfG","publisher":{"@id":"https:\/\/icr.you2.pl\/#\/schema\/person\/944799c9e2f4a94662e3fcb3b1544baf"},"potentialAction":[{"@type":"SearchAction","target":{"@type":"EntryPoint","urlTemplate":"https:\/\/icr.you2.pl\/?s={search_term_string}"},"query-input":{"@type":"PropertyValueSpecification","valueRequired":true,"valueName":"search_term_string"}}],"inLanguage":"fr-FR"},{"@type":["Person","Organization"],"@id":"https:\/\/icr.you2.pl\/#\/schema\/person\/944799c9e2f4a94662e3fcb3b1544baf","name":"l'administration","image":{"@type":"ImageObject","inLanguage":"fr-FR","@id":"https:\/\/icr.you2.pl\/#\/schema\/person\/image\/","url":"https:\/\/icr.you2.pl\/wp-content\/uploads\/2019\/05\/cropped-logo-icr.32f04ad5-1-1.png","contentUrl":"https:\/\/icr.you2.pl\/wp-content\/uploads\/2019\/05\/cropped-logo-icr.32f04ad5-1-1.png","width":400,"height":148,"caption":"admin"},"logo":{"@id":"https:\/\/icr.you2.pl\/#\/schema\/person\/image\/"}}]}},"_links":{"self":[{"href":"https:\/\/icr.you2.pl\/fr\/wp-json\/wp\/v2\/pages\/3827","targetHints":{"allow":["GET"]}}],"collection":[{"href":"https:\/\/icr.you2.pl\/fr\/wp-json\/wp\/v2\/pages"}],"about":[{"href":"https:\/\/icr.you2.pl\/fr\/wp-json\/wp\/v2\/types\/page"}],"author":[{"embeddable":true,"href":"https:\/\/icr.you2.pl\/fr\/wp-json\/wp\/v2\/users\/2"}],"replies":[{"embeddable":true,"href":"https:\/\/icr.you2.pl\/fr\/wp-json\/wp\/v2\/comments?post=3827"}],"version-history":[{"count":0,"href":"https:\/\/icr.you2.pl\/fr\/wp-json\/wp\/v2\/pages\/3827\/revisions"}],"up":[{"embeddable":true,"href":"https:\/\/icr.you2.pl\/fr\/wp-json\/wp\/v2\/pages\/979"}],"wp:attachment":[{"href":"https:\/\/icr.you2.pl\/fr\/wp-json\/wp\/v2\/media?parent=3827"}],"curies":[{"name":"wp","href":"https:\/\/api.w.org\/{rel}","templated":true}]}}