{"id":433,"date":"2019-03-19T10:00:09","date_gmt":"2019-03-19T10:00:09","guid":{"rendered":"http:\/\/icrpolska.e-ksperci.pl\/?page_id=433"},"modified":"2024-12-30T11:01:47","modified_gmt":"2024-12-30T10:01:47","slug":"czlonkostwa","status":"publish","type":"page","link":"https:\/\/icr.you2.pl\/fr\/czlonkostwa\/","title":{"rendered":"Adh\u00e9sions"},"content":{"rendered":"<p><strong><img decoding=\"async\" class=\"alignleft wp-image-2697\" src=\"http:\/\/icr.you2.pl\/wp-content\/uploads\/2019\/06\/REDCA_logo-e1559731944705.jpg\" alt=\"REDCA \" width=\"150\" height=\"101\" \/><\/strong><\/p>\n<p><strong>REDCA<\/strong>\u00a0(Association pour le respect de la directive sur les \u00e9quipements radio\u00e9lectriques)<br \/>\n<strong>Association des organismes notifi\u00e9s dans le cadre de la directive RED<\/strong><\/p>\n<p>Le REDCA a \u00e9t\u00e9 \u00e9tabli conform\u00e9ment aux exigences de la directive relative aux \u00e9quipements hertziens 2014\/53\/UE (RED), en particulier les exigences de conformit\u00e9 de l'article 26.11 et de l'article 38 pour les organismes notifi\u00e9s.<br \/>\nLe REDCA offre un forum \u00e0 tous ceux qui s'int\u00e9ressent \u00e0 la conformit\u00e9 des \u00e9quipements radio avec les r\u00e9glementations et les normes techniques dans l'Espace \u00e9conomique europ\u00e9en, ainsi que dans les pays qui ont conclu un accord de reconnaissance mutuelle avec l'UE, tels que les \u00c9tats-Unis, le Canada, le Japon, la Nouvelle-Z\u00e9lande et l'Australie. Les membres sont principalement des organismes notifi\u00e9s.<br \/>\nLes membres de l'association se r\u00e9unissent deux fois par an dans l'EEE. Au cours de ces r\u00e9unions, des positions communes sont \u00e9labor\u00e9es \u00e0 l'\u00e9gard de la Commission europ\u00e9enne, du CEC, de l'ETSI, d'ADCO RED et de l'ARM.<\/p>\n<p>&nbsp;<\/p>\n<p><b>ExNBG<\/b>\u00a0(Groupe de coordination europ\u00e9en des organismes notifi\u00e9s d'ATEX) -<br \/>\n<b>Groupe de coordination europ\u00e9en des organismes notifi\u00e9s ATEX<\/b><\/p>\n<p>ExNB a \u00e9t\u00e9 \u00e9tabli conform\u00e9ment aux exigences de la directive relative aux appareils et aux syst\u00e8mes de protection destin\u00e9s \u00e0 \u00eatre utilis\u00e9s en atmosph\u00e8res explosibles 2014\/34\/UE (ATEX), en particulier les exigences de conformit\u00e9 de l'article 21.11 et de l'article 33 pour les organismes notifi\u00e9s.<br \/>\nLe groupe ExNB veille \u00e0 ce que tous les organismes notifi\u00e9s travaillent selon des lignes directrices uniformes. Ces lignes directrices, qui sont convenues lors des r\u00e9unions des membres, sont publi\u00e9es par le secr\u00e9tariat du groupe dans des fiches de clarification.<\/p>\n<p><strong><img decoding=\"async\" class=\"wp-image-11034 alignleft\" src=\"http:\/\/icr.you2.pl\/wp-content\/uploads\/2023\/07\/Team_NB-300x284.jpg\" alt=\"\" width=\"123\" height=\"116\" srcset=\"https:\/\/icr.you2.pl\/wp-content\/uploads\/2023\/07\/Team_NB-300x284.jpg 300w, https:\/\/icr.you2.pl\/wp-content\/uploads\/2023\/07\/Team_NB-13x12.jpg 13w, https:\/\/icr.you2.pl\/wp-content\/uploads\/2023\/07\/Team_NB.jpg 519w\" sizes=\"(max-width: 123px) 100vw, 123px\" \/>TEAM -NB, Association europ\u00e9enne des organismes notifi\u00e9s pour les dispositifs m\u00e9dicaux<\/strong> a \u00e9t\u00e9 cr\u00e9\u00e9e en 2001.<br \/>\nAujourd'hui, l'association compte plus de 40 membres issus de 20 pays diff\u00e9rents.<\/p>\n<p>Cette association promeut des normes \u00e9lev\u00e9es et prot\u00e8ge les int\u00e9r\u00eats des organismes notifi\u00e9s.<\/p>\n<p>&nbsp;<\/p>\n<p><img decoding=\"async\" class=\"wp-image-2883 alignleft\" src=\"http:\/\/icr.you2.pl\/wp-content\/uploads\/2019\/06\/IECEx_logo-300x127.png\" sizes=\"(max-width: 236px) 100vw, 236px\" srcset=\"http:\/\/icr.you2.pl\/wp-content\/uploads\/2019\/06\/IECEx_logo-300x127.png 300w, http:\/\/icr.you2.pl\/wp-content\/uploads\/2019\/06\/IECEx_logo.png 318w\" alt=\"\" width=\"236\" height=\"100\" \/><\/p>\n<p><strong>Commission \u00e9lectrotechnique internationale Syst\u00e8me de certification aux normes relatives aux \u00e9quipements destin\u00e9s \u00e0 \u00eatre utilis\u00e9s en atmosph\u00e8res explosives (syst\u00e8me IECEx)<\/strong><\/p>\n<p>Le syst\u00e8me mondial IECEx a \u00e9t\u00e9 cr\u00e9\u00e9 pour faciliter le commerce international d'\u00e9quipements et de services destin\u00e9s \u00e0 \u00eatre utilis\u00e9s dans des atmosph\u00e8res explosives (\u00e9quipements\/produits Ex), tout en maintenant le niveau de s\u00e9curit\u00e9 requis.<\/p>\n<p><img loading=\"lazy\" decoding=\"async\" class=\"alignleft wp-image-2696\" src=\"http:\/\/icr.you2.pl\/wp-content\/uploads\/2019\/06\/pkn_logo-300x207.jpg\" alt=\"\" width=\"150\" height=\"96\" \/><\/p>\n<p>&nbsp;<\/p>\n<p>Les repr\u00e9sentants de l'ICR Pologne participent activement aux travaux des comit\u00e9s techniques suivants au sein du PKN :<\/p>\n<p>&nbsp;<\/p>\n<ul>\n<li>KT 11 sur les t\u00e9l\u00e9communications<\/li>\n<li>KT 19 A\u00e9rospatiale<\/li>\n<li>KT 56 sur les machines \u00e9lectriques tournantes et les outils \u00e9lectriques portatifs et \u00e0 main<\/li>\n<li>KT 63 sur les \u00e9quipements \u00e9lectriques grand public<\/li>\n<li>KT 64 sur le mat\u00e9riel \u00e9lectrique en atmosph\u00e8res explosives<\/li>\n<li>KT 67 sur l'\u00e9quipement \u00e9lectrique m\u00e9dical<\/li>\n<li>KT 104 sur la compatibilit\u00e9 \u00e9lectromagn\u00e9tique<\/li>\n<li>KT 158 sur la s\u00e9curit\u00e9 des machines et des \u00e9quipements techniques et l'ergonomie - Questions g\u00e9n\u00e9rales<\/li>\n<li>KT 177 pour la conception et la fabrication d'armements et d'\u00e9quipements militaires<\/li>\n<li>KT 247 sur les mat\u00e9riaux m\u00e9dicaux et les biomat\u00e9riaux<\/li>\n<li>TC 269 sur la s\u00e9curit\u00e9 chimique<\/li>\n<li>KT 304 sur les aspects syst\u00e9miques de la fourniture d'\u00e9lectricit\u00e9<\/li>\n<\/ul>\n<p>&nbsp;<\/p>","protected":false},"excerpt":{"rendered":"<p>REDCA (Radio Equipment Directive Compliance Association) - Association des organismes notifi\u00e9s pour la directive RED RED REDCA a \u00e9t\u00e9 cr\u00e9\u00e9e conform\u00e9ment aux exigences de la directive 2014\/53\/UE relative aux \u00e9quipements radio\u00e9lectriques (RED), en particulier les exigences de conformit\u00e9 de l'article 26.11 et de l'article 38 pour les organismes notifi\u00e9s. REDCA fournit un forum pour tous ceux qui sont int\u00e9ress\u00e9s par la conformit\u00e9 des \u00e9quipements radio avec les r\u00e9glementations et les normes techniques dans...&nbsp;<a href=\"https:\/\/icr.you2.pl\/fr\/czlonkostwa\/\" rel=\"bookmark\">Lire la suite \"<span class=\"screen-reader-text\">Adh\u00e9sions<\/span><\/a><\/p>","protected":false},"author":1,"featured_media":0,"parent":0,"menu_order":0,"comment_status":"closed","ping_status":"closed","template":"","meta":{"neve_meta_sidebar":"","neve_meta_container":"","neve_meta_enable_content_width":"off","neve_meta_content_width":70,"neve_meta_title_alignment":"","neve_meta_author_avatar":"","neve_post_elements_order":"","neve_meta_disable_header":"","neve_meta_disable_footer":"","neve_meta_disable_title":"","footnotes":""},"class_list":["post-433","page","type-page","status-publish","hentry"],"yoast_head":"<!-- This site is optimized with the Yoast SEO plugin v26.8 - https:\/\/yoast.com\/product\/yoast-seo-wordpress\/ -->\n<title>Cz\u0142onkostwa - ICR POLSKA - badania i certyfikacja<\/title>\n<meta name=\"robots\" content=\"index, follow, max-snippet:-1, max-image-preview:large, max-video-preview:-1\" \/>\n<link rel=\"canonical\" href=\"https:\/\/icr.you2.pl\/fr\/czlonkostwa\/\" \/>\n<meta property=\"og:locale\" content=\"fr_FR\" \/>\n<meta property=\"og:type\" content=\"article\" \/>\n<meta property=\"og:title\" content=\"Cz\u0142onkostwa - ICR POLSKA - badania i certyfikacja\" \/>\n<meta property=\"og:description\" content=\"REDCA\u00a0(Radio Equipment Directive Compliance Association) \u2013 Stowarzyszenie Jednostek Notyfikowanych w zakresie dyrektywy RED REDCA zosta\u0142a utworzona zgodnie z wymaganiami dyrektywy o urz\u0105dzeniach radiowych 2014\/53\/UE (RED), w szczeg\u00f3lno\u015bci wymaganiami zgodno\u015bci z art. 26.11 i art. 38 dla jednostek notyfikowanych. REDCA stanowi forum dla wszystkich os\u00f3b zainteresowanych zgodno\u015bci\u0105 urz\u0105dze\u0144 radiowych z przepisami i standardami technicznymi w Europejskim&hellip;&nbsp;Lire la suite &raquo;Cz\u0142onkostwa\" \/>\n<meta property=\"og:url\" content=\"https:\/\/icr.you2.pl\/fr\/czlonkostwa\/\" \/>\n<meta property=\"og:site_name\" content=\"ICR POLSKA - badania i certyfikacja\" \/>\n<meta property=\"article:modified_time\" content=\"2024-12-30T10:01:47+00:00\" \/>\n<meta property=\"og:image\" content=\"http:\/\/icr.you2.pl\/wp-content\/uploads\/2019\/06\/REDCA_logo-e1559731944705.jpg\" \/>\n<meta name=\"twitter:card\" content=\"summary_large_image\" \/>\n<meta name=\"twitter:label1\" content=\"Dur\u00e9e de lecture estim\u00e9e\" \/>\n\t<meta name=\"twitter:data1\" content=\"3 minutes\" \/>\n<script type=\"application\/ld+json\" class=\"yoast-schema-graph\">{\"@context\":\"https:\/\/schema.org\",\"@graph\":[{\"@type\":\"WebPage\",\"@id\":\"https:\/\/icr.you2.pl\/czlonkostwa\/\",\"url\":\"https:\/\/icr.you2.pl\/czlonkostwa\/\",\"name\":\"Cz\u0142onkostwa - ICR POLSKA - badania i certyfikacja\",\"isPartOf\":{\"@id\":\"https:\/\/icr.you2.pl\/#website\"},\"primaryImageOfPage\":{\"@id\":\"https:\/\/icr.you2.pl\/czlonkostwa\/#primaryimage\"},\"image\":{\"@id\":\"https:\/\/icr.you2.pl\/czlonkostwa\/#primaryimage\"},\"thumbnailUrl\":\"http:\/\/icr.you2.pl\/wp-content\/uploads\/2019\/06\/REDCA_logo-e1559731944705.jpg\",\"datePublished\":\"2019-03-19T10:00:09+00:00\",\"dateModified\":\"2024-12-30T10:01:47+00:00\",\"breadcrumb\":{\"@id\":\"https:\/\/icr.you2.pl\/czlonkostwa\/#breadcrumb\"},\"inLanguage\":\"fr-FR\",\"potentialAction\":[{\"@type\":\"ReadAction\",\"target\":[\"https:\/\/icr.you2.pl\/czlonkostwa\/\"]}]},{\"@type\":\"ImageObject\",\"inLanguage\":\"fr-FR\",\"@id\":\"https:\/\/icr.you2.pl\/czlonkostwa\/#primaryimage\",\"url\":\"http:\/\/icr.you2.pl\/wp-content\/uploads\/2019\/06\/REDCA_logo-e1559731944705.jpg\",\"contentUrl\":\"http:\/\/icr.you2.pl\/wp-content\/uploads\/2019\/06\/REDCA_logo-e1559731944705.jpg\"},{\"@type\":\"BreadcrumbList\",\"@id\":\"https:\/\/icr.you2.pl\/czlonkostwa\/#breadcrumb\",\"itemListElement\":[{\"@type\":\"ListItem\",\"position\":1,\"name\":\"Strona g\u0142\u00f3wna\",\"item\":\"https:\/\/icr.you2.pl\/\"},{\"@type\":\"ListItem\",\"position\":2,\"name\":\"Cz\u0142onkostwa\"}]},{\"@type\":\"WebSite\",\"@id\":\"https:\/\/icr.you2.pl\/#website\",\"url\":\"https:\/\/icr.you2.pl\/\",\"name\":\"ICR POLSKA - badania i certyfikacja\",\"description\":\"CE certification, CE certificate, ISO certificate, RED testing, product testing and certification, electrical product testing, medical device testing, ATEX, IECEx, FCC, product certification, EMC testing, machinery certification, CE machines, training, electronic product testing, testing 2014\/53\/EU, drone certification, ISO 13485 certificate, ISO 9001 certificate, NC RfG\",\"publisher\":{\"@id\":\"https:\/\/icr.you2.pl\/#\/schema\/person\/944799c9e2f4a94662e3fcb3b1544baf\"},\"potentialAction\":[{\"@type\":\"SearchAction\",\"target\":{\"@type\":\"EntryPoint\",\"urlTemplate\":\"https:\/\/icr.you2.pl\/?s={search_term_string}\"},\"query-input\":{\"@type\":\"PropertyValueSpecification\",\"valueRequired\":true,\"valueName\":\"search_term_string\"}}],\"inLanguage\":\"fr-FR\"},{\"@type\":[\"Person\",\"Organization\"],\"@id\":\"https:\/\/icr.you2.pl\/#\/schema\/person\/944799c9e2f4a94662e3fcb3b1544baf\",\"name\":\"admin\",\"image\":{\"@type\":\"ImageObject\",\"inLanguage\":\"fr-FR\",\"@id\":\"https:\/\/icr.you2.pl\/#\/schema\/person\/image\/\",\"url\":\"https:\/\/icr.you2.pl\/wp-content\/uploads\/2019\/05\/cropped-logo-icr.32f04ad5-1-1.png\",\"contentUrl\":\"https:\/\/icr.you2.pl\/wp-content\/uploads\/2019\/05\/cropped-logo-icr.32f04ad5-1-1.png\",\"width\":400,\"height\":148,\"caption\":\"admin\"},\"logo\":{\"@id\":\"https:\/\/icr.you2.pl\/#\/schema\/person\/image\/\"}}]}<\/script>\n<!-- \/ Yoast SEO plugin. -->","yoast_head_json":{"title":"Membres - ICR POLAND - Essais et certification","robots":{"index":"index","follow":"follow","max-snippet":"max-snippet:-1","max-image-preview":"max-image-preview:large","max-video-preview":"max-video-preview:-1"},"canonical":"https:\/\/icr.you2.pl\/fr\/czlonkostwa\/","og_locale":"fr_FR","og_type":"article","og_title":"Cz\u0142onkostwa - ICR POLSKA - badania i certyfikacja","og_description":"REDCA\u00a0(Radio Equipment Directive Compliance Association) \u2013 Stowarzyszenie Jednostek Notyfikowanych w zakresie dyrektywy RED REDCA zosta\u0142a utworzona zgodnie z wymaganiami dyrektywy o urz\u0105dzeniach radiowych 2014\/53\/UE (RED), w szczeg\u00f3lno\u015bci wymaganiami zgodno\u015bci z art. 26.11 i art. 38 dla jednostek notyfikowanych. REDCA stanowi forum dla wszystkich os\u00f3b zainteresowanych zgodno\u015bci\u0105 urz\u0105dze\u0144 radiowych z przepisami i standardami technicznymi w Europejskim&hellip;&nbsp;Lire la suite &raquo;Cz\u0142onkostwa","og_url":"https:\/\/icr.you2.pl\/fr\/czlonkostwa\/","og_site_name":"ICR POLSKA - badania i certyfikacja","article_modified_time":"2024-12-30T10:01:47+00:00","og_image":[{"url":"http:\/\/icr.you2.pl\/wp-content\/uploads\/2019\/06\/REDCA_logo-e1559731944705.jpg","type":"","width":"","height":""}],"twitter_card":"summary_large_image","twitter_misc":{"Dur\u00e9e de lecture estim\u00e9e":"3 minutes"},"schema":{"@context":"https:\/\/schema.org","@graph":[{"@type":"WebPage","@id":"https:\/\/icr.you2.pl\/czlonkostwa\/","url":"https:\/\/icr.you2.pl\/czlonkostwa\/","name":"Membres - ICR POLAND - Essais et certification","isPartOf":{"@id":"https:\/\/icr.you2.pl\/#website"},"primaryImageOfPage":{"@id":"https:\/\/icr.you2.pl\/czlonkostwa\/#primaryimage"},"image":{"@id":"https:\/\/icr.you2.pl\/czlonkostwa\/#primaryimage"},"thumbnailUrl":"http:\/\/icr.you2.pl\/wp-content\/uploads\/2019\/06\/REDCA_logo-e1559731944705.jpg","datePublished":"2019-03-19T10:00:09+00:00","dateModified":"2024-12-30T10:01:47+00:00","breadcrumb":{"@id":"https:\/\/icr.you2.pl\/czlonkostwa\/#breadcrumb"},"inLanguage":"fr-FR","potentialAction":[{"@type":"ReadAction","target":["https:\/\/icr.you2.pl\/czlonkostwa\/"]}]},{"@type":"ImageObject","inLanguage":"fr-FR","@id":"https:\/\/icr.you2.pl\/czlonkostwa\/#primaryimage","url":"http:\/\/icr.you2.pl\/wp-content\/uploads\/2019\/06\/REDCA_logo-e1559731944705.jpg","contentUrl":"http:\/\/icr.you2.pl\/wp-content\/uploads\/2019\/06\/REDCA_logo-e1559731944705.jpg"},{"@type":"BreadcrumbList","@id":"https:\/\/icr.you2.pl\/czlonkostwa\/#breadcrumb","itemListElement":[{"@type":"ListItem","position":1,"name":"Strona g\u0142\u00f3wna","item":"https:\/\/icr.you2.pl\/"},{"@type":"ListItem","position":2,"name":"Cz\u0142onkostwa"}]},{"@type":"WebSite","@id":"https:\/\/icr.you2.pl\/#website","url":"https:\/\/icr.you2.pl\/","name":"ICR POLAND - essais et certification","description":"Certification CE, certificat CE, certificat ISO, essais RED, essais et certification de produits, essais de produits \u00e9lectriques, essais de dispositifs m\u00e9dicaux, ATEX, IECEx, FCC, certification de produits, essais CEM, certification de machines, machines CE, formation, essais de produits \u00e9lectroniques, essais 2014\/53\/UE, certification de drones, certificat ISO 13485, certificat ISO 9001, NC RfG","publisher":{"@id":"https:\/\/icr.you2.pl\/#\/schema\/person\/944799c9e2f4a94662e3fcb3b1544baf"},"potentialAction":[{"@type":"SearchAction","target":{"@type":"EntryPoint","urlTemplate":"https:\/\/icr.you2.pl\/?s={search_term_string}"},"query-input":{"@type":"PropertyValueSpecification","valueRequired":true,"valueName":"search_term_string"}}],"inLanguage":"fr-FR"},{"@type":["Person","Organization"],"@id":"https:\/\/icr.you2.pl\/#\/schema\/person\/944799c9e2f4a94662e3fcb3b1544baf","name":"l'administration","image":{"@type":"ImageObject","inLanguage":"fr-FR","@id":"https:\/\/icr.you2.pl\/#\/schema\/person\/image\/","url":"https:\/\/icr.you2.pl\/wp-content\/uploads\/2019\/05\/cropped-logo-icr.32f04ad5-1-1.png","contentUrl":"https:\/\/icr.you2.pl\/wp-content\/uploads\/2019\/05\/cropped-logo-icr.32f04ad5-1-1.png","width":400,"height":148,"caption":"admin"},"logo":{"@id":"https:\/\/icr.you2.pl\/#\/schema\/person\/image\/"}}]}},"_links":{"self":[{"href":"https:\/\/icr.you2.pl\/fr\/wp-json\/wp\/v2\/pages\/433","targetHints":{"allow":["GET"]}}],"collection":[{"href":"https:\/\/icr.you2.pl\/fr\/wp-json\/wp\/v2\/pages"}],"about":[{"href":"https:\/\/icr.you2.pl\/fr\/wp-json\/wp\/v2\/types\/page"}],"author":[{"embeddable":true,"href":"https:\/\/icr.you2.pl\/fr\/wp-json\/wp\/v2\/users\/1"}],"replies":[{"embeddable":true,"href":"https:\/\/icr.you2.pl\/fr\/wp-json\/wp\/v2\/comments?post=433"}],"version-history":[{"count":0,"href":"https:\/\/icr.you2.pl\/fr\/wp-json\/wp\/v2\/pages\/433\/revisions"}],"wp:attachment":[{"href":"https:\/\/icr.you2.pl\/fr\/wp-json\/wp\/v2\/media?parent=433"}],"curies":[{"name":"wp","href":"https:\/\/api.w.org\/{rel}","templated":true}]}}