{"id":435,"date":"2019-03-19T10:00:59","date_gmt":"2019-03-19T10:00:59","guid":{"rendered":"http:\/\/icrpolska.e-ksperci.pl\/?page_id=435"},"modified":"2023-03-16T14:21:01","modified_gmt":"2023-03-16T13:21:01","slug":"oferty-pracy","status":"publish","type":"page","link":"https:\/\/icr.you2.pl\/fr\/oferty-pracy\/","title":{"rendered":"Offres d'emploi"},"content":{"rendered":"<p><strong>ICR Polska <\/strong>Ltd. a d\u00e9marr\u00e9 ses activit\u00e9s en 2014 en tant que branche europ\u00e9enne d'ICR Co. Ltd, une entit\u00e9 internationale de recherche et de certification bas\u00e9e \u00e0 S\u00e9oul, en Cor\u00e9e du Sud.<\/p>\n<p>Nous avons des activit\u00e9s \u00e9tendues dans le domaine des TIC - Essais-Inspection-Certification en Allemagne et \u00e0 l'\u00e9tranger.<\/p>\n<p>ICR Pologne a r\u00e9cemment fait l'objet d'une \u00e9valuation pour la certification des dispositifs m\u00e9dicaux conform\u00e9ment au r\u00e8glement 2017\/745 - MDR, d'o\u00f9 la recherche de personnes ayant de l'exp\u00e9rience et un d\u00e9sir parall\u00e8le de se d\u00e9velopper dans le domaine susmentionn\u00e9.<\/p>\n<h3 align=\"center\"><b>Sp\u00e9cialiste de la certification des dispositifs m\u00e9dicaux\u00a0<\/b><\/h3>\n<p>Lieu de travail : Varsovie, \u00e0 temps plein<\/p>\n<p><strong>DESCRIPTION DU POSTE :<\/strong><\/p>\n<ul>\n<li>Effectuer une \u00e9valuation formelle et substantielle de la documentation relative aux dispositifs m\u00e9dicaux,<\/li>\n<li>S\u00e9lection et supervision des experts charg\u00e9s d'une \u00e9tape particuli\u00e8re de la certification,<\/li>\n<li>Effectuer des audits sur les sites des clients (pr\u00eats \u00e0 voyager, y compris \u00e0 l'\u00e9tranger),<\/li>\n<li>Travailler en \u00e9troite collaboration avec les clients actuels et potentiels,<\/li>\n<\/ul>\n<p><strong><b>EXIGENCES<\/b>:<\/strong><\/p>\n<ul>\n<li>Minimum de 3 ans d'exp\u00e9rience substantielle dans le domaine des dispositifs m\u00e9dicaux,<\/li>\n<li>Dipl\u00f4me universitaire en m\u00e9decine, biotechnologie, chimie m\u00e9dicinale, analyse m\u00e9dicale, ing\u00e9nierie biom\u00e9dicale, ing\u00e9nierie des mat\u00e9riaux et disciplines connexes,<\/li>\n<li>Connaissance des exigences l\u00e9gales et normatives relatives aux dispositifs m\u00e9dicaux \u00e0 des fins de certification CE,<\/li>\n<li>Connaissance des syst\u00e8mes de gestion de la qualit\u00e9,<\/li>\n<li>Connaissance de l'anglais \u00e0 un niveau avanc\u00e9,<\/li>\n<\/ul>\n<p><strong><b>NOUS OFFRONS<\/b>:<\/strong><\/p>\n<ul>\n<li>l'emploi dans le cadre d'un contrat de travail,<\/li>\n<li>salaire fixe et prime li\u00e9e \u00e0 la performance,<\/li>\n<li>Possibilit\u00e9s de d\u00e9veloppement professionnel gr\u00e2ce \u00e0 la formation et au travail dans une organisation internationale dynamique,<\/li>\n<\/ul>\n<p>Informations sur l'entreprise :<\/p>\n<p><a href=\"http:\/\/icr.you2.pl\/fr\/\">http:\/\/icr.you2.pl\/<\/a><\/p>\n<p><a href=\"http:\/\/icrqa.com\/\">http:\/\/icrqa.com\/<\/a><\/p>\n<hr \/>\n<h3 align=\"center\"><b>Sp\u00e9cialiste de la certification des syst\u00e8mes de gestion\u00a0<\/b><\/h3>\n<p><strong>DESCRIPTION DU POSTE :<\/strong><\/p>\n<ul>\n<li>l'organisation et la tenue de registres des processus de certification et de supervision<\/li>\n<li>acquisition et coop\u00e9ration avec les clients<\/li>\n<li>coop\u00e9ration et supervision des auditeurs\/experts<\/li>\n<li>la coop\u00e9ration avec les clients nationaux et \u00e9trangers<\/li>\n<\/ul>\n<p><b>CONDITIONS \u00c0 REMPLIR :<\/b><\/p>\n<ul>\n<li>dipl\u00f4me universitaire technique<\/li>\n<li>min. 2 ans d'exp\u00e9rience \u00e0 un poste similaire ou \u00e0 un poste technique dans le domaine de la production, de la conception ou de la recherche<\/li>\n<li>connaissance des s\u00e9ries de normes ISO 9001, 14001 et 13485<\/li>\n<li>connaissance suffisante de la langue anglaise pour pouvoir \u00e9valuer la documentation technique des produits, communiquer avec les clients<\/li>\n<li>la connaissance des normes ISO\/IEC 17021 et ISO\/IEC 17065 serait un avantage<\/li>\n<\/ul>\n<p><b>NOUS OFFRONS :<\/b><\/p>\n<ul>\n<li>l'emploi contractuel ou interentreprises<\/li>\n<li>travailler dans une entreprise dynamique et participer \u00e0 des projets int\u00e9ressants<\/li>\n<li>des horaires de d\u00e9but flexibles (entre 7h00 et 8h30),<\/li>\n<li>Possibilit\u00e9 de d\u00e9veloppement professionnel dans un environnement d'experts internationaux et dans une atmosph\u00e8re d\u00e9tendue,<\/li>\n<li>une formation sp\u00e9cialis\u00e9e pour maintenir et d\u00e9velopper vos droits<\/li>\n<li>une r\u00e9mun\u00e9ration en rapport avec les comp\u00e9tences<\/li>\n<\/ul>\n<p>&nbsp;<\/p>\n<hr \/>\n<p><strong>Lors de l'envoi de votre candidature, veuillez inclure votre consentement \u00e9crit :<\/strong><br \/>\nJ'accepte que mes donn\u00e9es personnelles contenues dans mon dossier de candidature soient trait\u00e9es par ICR Polska Sp. z o. o. aux fins n\u00e9cessaires \u00e0 la proc\u00e9dure de recrutement. Nonobstant ce qui pr\u00e9c\u00e8de, nous vous informons que l'administrateur des donn\u00e9es se r\u00e9serve le droit de contacter les personnes s\u00e9lectionn\u00e9es qui r\u00e9pondent aux crit\u00e8res sp\u00e9cifi\u00e9s dans l'annonce. Dans le m\u00eame temps, nous vous fournissons des informations concernant le traitement de vos donn\u00e9es personnelles dans nos recrutements ayant lieu conform\u00e9ment au R\u00e8glement du Parlement europ\u00e9en et du Conseil (UE) 2016\/679 du 27 avril 2016 relatif \u00e0 la protection des personnes physiques \u00e0 l'\u00e9gard du traitement des donn\u00e9es \u00e0 caract\u00e8re personnel et \u00e0 la libre circulation de ces donn\u00e9es, et abrogeant la directive 95\/46\/CE (R\u00e8glement g\u00e9n\u00e9ral sur la protection des donn\u00e9es), ci-apr\u00e8s d\u00e9nomm\u00e9 RODO :<\/p>\n<ol>\n<li>L'administrateur de vos donn\u00e9es personnelles indiqu\u00e9es dans vos documents de candidature est ICR Polska Sp. z o.o., dont le si\u00e8ge social est situ\u00e9 \u00e0 Varsovie 03-944, Plac Przymierza 6, ci-apr\u00e8s d\u00e9nomm\u00e9 \"l'administrateur des donn\u00e9es\".<\/li>\n<li>Le responsable du traitement d\u00e9clare qu'il est charg\u00e9 de remplir les obligations qui lui incombent en vertu de la l\u00e9gislation sur la protection des donn\u00e9es, notamment en ce qui concerne l'exercice de vos droits.<\/li>\n<li>Si vous avez des questions concernant le traitement de vos donn\u00e9es, vous pouvez contacter : icrpolska@icrqa.com<\/li>\n<li>Vos donn\u00e9es personnelles seront trait\u00e9es dans le but d'\u00e9tablir un partenariat.<\/li>\n<li>La fourniture par vos soins, dans la lettre de motivation, le CV et\/ou d'autres documents, de donn\u00e9es \u00e0 caract\u00e8re personnel telles que le nom et le pr\u00e9nom, la date de naissance, l'adresse de r\u00e9sidence (adresse postale) et des informations sur la formation et l'exp\u00e9rience professionnelle ant\u00e9rieure est volontaire, mais elle est n\u00e9cessaire et essentielle aux fins du recrutement.  Les donn\u00e9es seront trait\u00e9es sur la base de l'article 6, paragraphe 1, point b), du RODO et de l'article 22, paragraphe 1, point 1, du code du travail.<\/li>\n<li>La fourniture d'autres donn\u00e9es par vous, telles que votre adresse \u00e9lectronique, votre num\u00e9ro de t\u00e9l\u00e9phone de contact ou la photographie figurant sur votre CV (image) est volontaire et leur traitement aura lieu sur la base de votre consentement accord\u00e9 sur la base de l'article 6, paragraphe 1, point a), du RODO.<\/li>\n<li>Le destinataire de vos donn\u00e9es personnelles est ICR Polska Sp. z o.o. et les employ\u00e9s\/collaborateurs autoris\u00e9s du contr\u00f4leur de donn\u00e9es qui effectuent le processus de recrutement.<\/li>\n<li>Vos donn\u00e9es personnelles seront conserv\u00e9es pendant la dur\u00e9e du recrutement, pour une dur\u00e9e maximale de 12 mois \u00e0 compter de leur r\u00e9ception.<\/li>\n<li>Avec votre consentement, les donn\u00e9es fournies seront conserv\u00e9es \u00e0 des fins de recrutement ult\u00e9rieur pendant une p\u00e9riode maximale de 24 mois \u00e0 compter de la date de ce consentement.<\/li>\n<li>Dans la mesure et conform\u00e9ment aux principes \u00e9nonc\u00e9s dans le RGPD, vous avez le droit d'acc\u00e9der \u00e0 tout moment au contenu de vos donn\u00e9es et le droit de rectification, d'effacement, de limitation du traitement, le droit \u00e0 la portabilit\u00e9 des donn\u00e9es, le droit d'opposition et le droit de retirer votre consentement au traitement.<\/li>\n<li>Le retrait du consentement n'affecte pas la l\u00e9galit\u00e9 du traitement effectu\u00e9 avant le retrait du consentement.<\/li>\n<li>Pour retirer votre consentement au traitement de vos donn\u00e9es ou pour demander la suppression des donn\u00e9es obtenues dans le cadre du processus de recrutement, veuillez \u00e9crire \u00e0 l'adresse du si\u00e8ge social du contr\u00f4leur des donn\u00e9es ou par courrier \u00e9lectronique : icrpolska@icrqa.com<\/li>\n<li>Vos donn\u00e9es personnelles ne seront pas transf\u00e9r\u00e9es \u00e0 un pays tiers ou \u00e0 une organisation internationale.<\/li>\n<li>Vos donn\u00e9es ne seront pas trait\u00e9es par des moyens automatis\u00e9s de mani\u00e8re \u00e0 ce que des d\u00e9cisions puissent \u00eatre prises \u00e0 la suite d'un traitement automatis\u00e9, que d'autres effets juridiques soient produits ou que votre situation soit autrement affect\u00e9e de mani\u00e8re significative.<\/li>\n<li>Vos donn\u00e9es ne seront pas profil\u00e9es.<\/li>\n<li>Vous avez le droit d'introduire une r\u00e9clamation aupr\u00e8s du pr\u00e9sident de l'Autorit\u00e9 de protection des donn\u00e9es si vous estimez que le traitement des donn\u00e9es \u00e0 caract\u00e8re personnel vous concernant est contraire \u00e0 la loi.<\/li>\n<\/ol>","protected":false},"excerpt":{"rendered":"<p>ICR Polska Sp. z o.o. a d\u00e9marr\u00e9 ses activit\u00e9s en 2014 en tant que branche europ\u00e9enne d'ICR Co. Ltd, une entit\u00e9 internationale d'essais et de certification bas\u00e9e \u00e0 S\u00e9oul, en Cor\u00e9e du Sud. Nous avons des activit\u00e9s \u00e9tendues dans le domaine des TIC - Essais-Inspection-Certification dans notre pays et \u00e0 l'\u00e9tranger. ICR Pologne a r\u00e9cemment fait l'objet d'une \u00e9valuation pour la certification des dispositifs m\u00e9dicaux conform\u00e9ment au r\u00e8glement 2017\/745.....&nbsp;<a href=\"https:\/\/icr.you2.pl\/fr\/oferty-pracy\/\" rel=\"bookmark\">Lire la suite \"<span class=\"screen-reader-text\">Offres d'emploi<\/span><\/a><\/p>","protected":false},"author":1,"featured_media":259,"parent":0,"menu_order":0,"comment_status":"closed","ping_status":"closed","template":"","meta":{"neve_meta_sidebar":"","neve_meta_container":"","neve_meta_enable_content_width":"off","neve_meta_content_width":70,"neve_meta_title_alignment":"","neve_meta_author_avatar":"","neve_post_elements_order":"","neve_meta_disable_header":"","neve_meta_disable_footer":"","neve_meta_disable_title":"","footnotes":""},"class_list":["post-435","page","type-page","status-publish","has-post-thumbnail","hentry"],"yoast_head":"<!-- This site is optimized with the Yoast SEO plugin v26.8 - https:\/\/yoast.com\/product\/yoast-seo-wordpress\/ -->\n<title>Oferty pracy - ICR POLSKA - badania i certyfikacja<\/title>\n<meta name=\"robots\" content=\"index, follow, max-snippet:-1, max-image-preview:large, max-video-preview:-1\" \/>\n<link rel=\"canonical\" href=\"https:\/\/icr.you2.pl\/fr\/oferty-pracy\/\" \/>\n<meta property=\"og:locale\" content=\"fr_FR\" \/>\n<meta property=\"og:type\" content=\"article\" \/>\n<meta property=\"og:title\" content=\"Oferty pracy - ICR POLSKA - badania i certyfikacja\" \/>\n<meta property=\"og:description\" content=\"ICR Polska Sp. z o.o. rozpocz\u0119\u0142a dzia\u0142alno\u015b\u0107 w 2014 jako Europejski oddzia\u0142 ICR Co. Ltd., mi\u0119dzynarodowej jednostki badawczo-certyfikuj\u0105cej z siedzib\u0105 w Seulu w Korei Po\u0142udniowej. Prowadzimy rozleg\u0142\u0105 dzia\u0142alno\u015b\u0107 w zakresie obszaru TIC \u2013 Testing-Inspection-Certification w kraju i zagranic\u0105. ICR Polska niedawno przesz\u0142a ocen\u0119 pod k\u0105tem uzyskania uprawnie\u0144 w zakresie certyfikacji wyrob\u00f3w medycznych wg Rozporz\u0105dzenia 2017\/745&hellip;&nbsp;Lire la suite &raquo;Oferty pracy\" \/>\n<meta property=\"og:url\" content=\"https:\/\/icr.you2.pl\/fr\/oferty-pracy\/\" \/>\n<meta property=\"og:site_name\" content=\"ICR POLSKA - badania i certyfikacja\" \/>\n<meta property=\"article:modified_time\" content=\"2023-03-16T13:21:01+00:00\" \/>\n<meta name=\"twitter:card\" content=\"summary_large_image\" \/>\n<meta name=\"twitter:label1\" content=\"Dur\u00e9e de lecture estim\u00e9e\" \/>\n\t<meta name=\"twitter:data1\" content=\"6 minutes\" \/>\n<script type=\"application\/ld+json\" class=\"yoast-schema-graph\">{\"@context\":\"https:\/\/schema.org\",\"@graph\":[{\"@type\":\"WebPage\",\"@id\":\"https:\/\/icr.you2.pl\/oferty-pracy\/\",\"url\":\"https:\/\/icr.you2.pl\/oferty-pracy\/\",\"name\":\"Oferty pracy - ICR POLSKA - badania i certyfikacja\",\"isPartOf\":{\"@id\":\"https:\/\/icr.you2.pl\/#website\"},\"primaryImageOfPage\":{\"@id\":\"https:\/\/icr.you2.pl\/oferty-pracy\/#primaryimage\"},\"image\":{\"@id\":\"https:\/\/icr.you2.pl\/oferty-pracy\/#primaryimage\"},\"thumbnailUrl\":\"\",\"datePublished\":\"2019-03-19T10:00:59+00:00\",\"dateModified\":\"2023-03-16T13:21:01+00:00\",\"breadcrumb\":{\"@id\":\"https:\/\/icr.you2.pl\/oferty-pracy\/#breadcrumb\"},\"inLanguage\":\"fr-FR\",\"potentialAction\":[{\"@type\":\"ReadAction\",\"target\":[\"https:\/\/icr.you2.pl\/oferty-pracy\/\"]}]},{\"@type\":\"ImageObject\",\"inLanguage\":\"fr-FR\",\"@id\":\"https:\/\/icr.you2.pl\/oferty-pracy\/#primaryimage\",\"url\":\"\",\"contentUrl\":\"\"},{\"@type\":\"BreadcrumbList\",\"@id\":\"https:\/\/icr.you2.pl\/oferty-pracy\/#breadcrumb\",\"itemListElement\":[{\"@type\":\"ListItem\",\"position\":1,\"name\":\"Strona g\u0142\u00f3wna\",\"item\":\"https:\/\/icr.you2.pl\/\"},{\"@type\":\"ListItem\",\"position\":2,\"name\":\"Oferty pracy\"}]},{\"@type\":\"WebSite\",\"@id\":\"https:\/\/icr.you2.pl\/#website\",\"url\":\"https:\/\/icr.you2.pl\/\",\"name\":\"ICR POLSKA - badania i certyfikacja\",\"description\":\"CE certification, CE certificate, ISO certificate, RED testing, product testing and certification, electrical product testing, medical device testing, ATEX, IECEx, FCC, product certification, EMC testing, machinery certification, CE machines, training, electronic product testing, testing 2014\/53\/EU, drone certification, ISO 13485 certificate, ISO 9001 certificate, NC RfG\",\"publisher\":{\"@id\":\"https:\/\/icr.you2.pl\/#\/schema\/person\/944799c9e2f4a94662e3fcb3b1544baf\"},\"potentialAction\":[{\"@type\":\"SearchAction\",\"target\":{\"@type\":\"EntryPoint\",\"urlTemplate\":\"https:\/\/icr.you2.pl\/?s={search_term_string}\"},\"query-input\":{\"@type\":\"PropertyValueSpecification\",\"valueRequired\":true,\"valueName\":\"search_term_string\"}}],\"inLanguage\":\"fr-FR\"},{\"@type\":[\"Person\",\"Organization\"],\"@id\":\"https:\/\/icr.you2.pl\/#\/schema\/person\/944799c9e2f4a94662e3fcb3b1544baf\",\"name\":\"admin\",\"image\":{\"@type\":\"ImageObject\",\"inLanguage\":\"fr-FR\",\"@id\":\"https:\/\/icr.you2.pl\/#\/schema\/person\/image\/\",\"url\":\"https:\/\/icr.you2.pl\/wp-content\/uploads\/2019\/05\/cropped-logo-icr.32f04ad5-1-1.png\",\"contentUrl\":\"https:\/\/icr.you2.pl\/wp-content\/uploads\/2019\/05\/cropped-logo-icr.32f04ad5-1-1.png\",\"width\":400,\"height\":148,\"caption\":\"admin\"},\"logo\":{\"@id\":\"https:\/\/icr.you2.pl\/#\/schema\/person\/image\/\"}}]}<\/script>\n<!-- \/ Yoast SEO plugin. -->","yoast_head_json":{"title":"Offres d'emploi - ICR POLAND - Essais et certification","robots":{"index":"index","follow":"follow","max-snippet":"max-snippet:-1","max-image-preview":"max-image-preview:large","max-video-preview":"max-video-preview:-1"},"canonical":"https:\/\/icr.you2.pl\/fr\/oferty-pracy\/","og_locale":"fr_FR","og_type":"article","og_title":"Oferty pracy - ICR POLSKA - badania i certyfikacja","og_description":"ICR Polska Sp. z o.o. rozpocz\u0119\u0142a dzia\u0142alno\u015b\u0107 w 2014 jako Europejski oddzia\u0142 ICR Co. Ltd., mi\u0119dzynarodowej jednostki badawczo-certyfikuj\u0105cej z siedzib\u0105 w Seulu w Korei Po\u0142udniowej. Prowadzimy rozleg\u0142\u0105 dzia\u0142alno\u015b\u0107 w zakresie obszaru TIC \u2013 Testing-Inspection-Certification w kraju i zagranic\u0105. ICR Polska niedawno przesz\u0142a ocen\u0119 pod k\u0105tem uzyskania uprawnie\u0144 w zakresie certyfikacji wyrob\u00f3w medycznych wg Rozporz\u0105dzenia 2017\/745&hellip;&nbsp;Lire la suite &raquo;Oferty pracy","og_url":"https:\/\/icr.you2.pl\/fr\/oferty-pracy\/","og_site_name":"ICR POLSKA - badania i certyfikacja","article_modified_time":"2023-03-16T13:21:01+00:00","twitter_card":"summary_large_image","twitter_misc":{"Dur\u00e9e de lecture estim\u00e9e":"6 minutes"},"schema":{"@context":"https:\/\/schema.org","@graph":[{"@type":"WebPage","@id":"https:\/\/icr.you2.pl\/oferty-pracy\/","url":"https:\/\/icr.you2.pl\/oferty-pracy\/","name":"Offres d'emploi - ICR POLAND - Essais et certification","isPartOf":{"@id":"https:\/\/icr.you2.pl\/#website"},"primaryImageOfPage":{"@id":"https:\/\/icr.you2.pl\/oferty-pracy\/#primaryimage"},"image":{"@id":"https:\/\/icr.you2.pl\/oferty-pracy\/#primaryimage"},"thumbnailUrl":"","datePublished":"2019-03-19T10:00:59+00:00","dateModified":"2023-03-16T13:21:01+00:00","breadcrumb":{"@id":"https:\/\/icr.you2.pl\/oferty-pracy\/#breadcrumb"},"inLanguage":"fr-FR","potentialAction":[{"@type":"ReadAction","target":["https:\/\/icr.you2.pl\/oferty-pracy\/"]}]},{"@type":"ImageObject","inLanguage":"fr-FR","@id":"https:\/\/icr.you2.pl\/oferty-pracy\/#primaryimage","url":"","contentUrl":""},{"@type":"BreadcrumbList","@id":"https:\/\/icr.you2.pl\/oferty-pracy\/#breadcrumb","itemListElement":[{"@type":"ListItem","position":1,"name":"Strona g\u0142\u00f3wna","item":"https:\/\/icr.you2.pl\/"},{"@type":"ListItem","position":2,"name":"Oferty pracy"}]},{"@type":"WebSite","@id":"https:\/\/icr.you2.pl\/#website","url":"https:\/\/icr.you2.pl\/","name":"ICR POLAND - essais et certification","description":"Certification CE, certificat CE, certificat ISO, essais RED, essais et certification de produits, essais de produits \u00e9lectriques, essais de dispositifs m\u00e9dicaux, ATEX, IECEx, FCC, certification de produits, essais CEM, certification de machines, machines CE, formation, essais de produits \u00e9lectroniques, essais 2014\/53\/UE, certification de drones, certificat ISO 13485, certificat ISO 9001, NC RfG","publisher":{"@id":"https:\/\/icr.you2.pl\/#\/schema\/person\/944799c9e2f4a94662e3fcb3b1544baf"},"potentialAction":[{"@type":"SearchAction","target":{"@type":"EntryPoint","urlTemplate":"https:\/\/icr.you2.pl\/?s={search_term_string}"},"query-input":{"@type":"PropertyValueSpecification","valueRequired":true,"valueName":"search_term_string"}}],"inLanguage":"fr-FR"},{"@type":["Person","Organization"],"@id":"https:\/\/icr.you2.pl\/#\/schema\/person\/944799c9e2f4a94662e3fcb3b1544baf","name":"l'administration","image":{"@type":"ImageObject","inLanguage":"fr-FR","@id":"https:\/\/icr.you2.pl\/#\/schema\/person\/image\/","url":"https:\/\/icr.you2.pl\/wp-content\/uploads\/2019\/05\/cropped-logo-icr.32f04ad5-1-1.png","contentUrl":"https:\/\/icr.you2.pl\/wp-content\/uploads\/2019\/05\/cropped-logo-icr.32f04ad5-1-1.png","width":400,"height":148,"caption":"admin"},"logo":{"@id":"https:\/\/icr.you2.pl\/#\/schema\/person\/image\/"}}]}},"_links":{"self":[{"href":"https:\/\/icr.you2.pl\/fr\/wp-json\/wp\/v2\/pages\/435","targetHints":{"allow":["GET"]}}],"collection":[{"href":"https:\/\/icr.you2.pl\/fr\/wp-json\/wp\/v2\/pages"}],"about":[{"href":"https:\/\/icr.you2.pl\/fr\/wp-json\/wp\/v2\/types\/page"}],"author":[{"embeddable":true,"href":"https:\/\/icr.you2.pl\/fr\/wp-json\/wp\/v2\/users\/1"}],"replies":[{"embeddable":true,"href":"https:\/\/icr.you2.pl\/fr\/wp-json\/wp\/v2\/comments?post=435"}],"version-history":[{"count":0,"href":"https:\/\/icr.you2.pl\/fr\/wp-json\/wp\/v2\/pages\/435\/revisions"}],"wp:featuredmedia":[{"embeddable":true,"href":"https:\/\/icr.you2.pl\/fr\/wp-json\/"}],"wp:attachment":[{"href":"https:\/\/icr.you2.pl\/fr\/wp-json\/wp\/v2\/media?parent=435"}],"curies":[{"name":"wp","href":"https:\/\/api.w.org\/{rel}","templated":true}]}}