{"id":5813,"date":"2022-09-09T10:02:22","date_gmt":"2022-09-09T08:02:22","guid":{"rendered":"https:\/\/icrpolska.com\/?page_id=5813"},"modified":"2022-09-13T14:13:43","modified_gmt":"2022-09-13T12:13:43","slug":"ukca","status":"publish","type":"page","link":"https:\/\/icr.you2.pl\/fr\/ukca\/","title":{"rendered":"UKCA"},"content":{"rendered":"<div data-elementor-type=\"wp-page\" data-elementor-id=\"5813\" class=\"elementor elementor-5813\">\n\t\t\t\t\t\t<section class=\"elementor-section elementor-top-section elementor-element elementor-element-6c3c88be elementor-section-boxed elementor-section-height-default elementor-section-height-default\" data-id=\"6c3c88be\" data-element_type=\"section\" data-e-type=\"section\">\n\t\t\t\t\t\t<div class=\"elementor-container elementor-column-gap-default\">\n\t\t\t\t\t<div class=\"elementor-column elementor-col-100 elementor-top-column elementor-element elementor-element-79a24622\" data-id=\"79a24622\" data-element_type=\"column\" data-e-type=\"column\">\n\t\t\t<div class=\"elementor-widget-wrap elementor-element-populated\">\n\t\t\t\t\t\t<div class=\"elementor-element elementor-element-4f7d662f elementor-widget elementor-widget-text-editor\" data-id=\"4f7d662f\" data-element_type=\"widget\" data-e-type=\"widget\" data-widget_type=\"text-editor.default\">\n\t\t\t\t<div class=\"elementor-widget-container\">\n\t\t\t\t\t\t\t\t\t<img fetchpriority=\"high\" decoding=\"async\" class=\"size-full wp-image-5870 alignleft\" src=\"http:\/\/icr.you2.pl\/wp-content\/uploads\/2022\/09\/ukca-mark.webp\" alt=\"\" width=\"240\" height=\"240\" srcset=\"https:\/\/icr.you2.pl\/wp-content\/uploads\/2022\/09\/ukca-mark.webp 240w, https:\/\/icr.you2.pl\/wp-content\/uploads\/2022\/09\/ukca-mark-150x150.webp 150w, https:\/\/icr.you2.pl\/wp-content\/uploads\/2022\/09\/ukca-mark-12x12.webp 12w\" sizes=\"(max-width: 240px) 100vw, 240px\" \/><p>L'UKCA est la d\u00e9signation des produits commercialis\u00e9s au Royaume-Uni (Angleterre, \u00c9cosse et Pays de Galles).<\/p>\n<p>Le marquage UKCA s'applique \u00e0 la plupart des produits pr\u00e9c\u00e9demment soumis au marquage CE. Les exigences techniques (parfois appel\u00e9es \"exigences essentielles\") qui doivent \u00eatre respect\u00e9es pour le marquage UKCA d\u00e9pendent de la l\u00e9gislation sp\u00e9cifique au produit.<\/p>\n<p>Le respect de ces exigences peut \u00e9galement \u00eatre assur\u00e9 par l'utilisation de normes d\u00e9sign\u00e9es (que le Royaume-Uni a introduites pour remplacer les normes harmonis\u00e9es de l'UE).<\/p>\n<p>En se conformant aux normes d\u00e9sign\u00e9es, les fabricants peuvent se pr\u00e9valoir d'une \"pr\u00e9somption de conformit\u00e9\" aux exigences essentielles applicables \u00e0 leur produit.<\/p>\n<p>Le marquage UKCA peut \u00eatre utilis\u00e9 d\u00e8s maintenant. Toutefois, pour donner aux entreprises le temps de s'adapter, dans la plupart des cas, il sera encore possible d'utiliser le marquage CE jusqu'au 31 d\u00e9cembre 2022 \u00e0 23h00.<\/p>\n<p>Nous vous proposons l'\u00e9valuation de la conformit\u00e9 des produits en collaboration avec un organisme reconnu et agr\u00e9\u00e9 pour le Royaume-Uni (UKCA) pour, entre autres, les r\u00e9glementations suivantes :<\/p>\n<p>- R\u00e8glement des radiocommunications du Royaume-Uni - SI 2017\/1206<\/p>\n<p>- R\u00e9glementations CEM du Royaume-Uni - SI 2016\/1091<\/p>\t\t\t\t\t\t\t\t<\/div>\n\t\t\t\t<\/div>\n\t\t\t\t\t<\/div>\n\t\t<\/div>\n\t\t\t\t\t<\/div>\n\t\t<\/section>\n\t\t\t\t<\/div>","protected":false},"excerpt":{"rendered":"<p>UKCA est le marquage des produits commercialis\u00e9s au Royaume-Uni (Angleterre, \u00c9cosse et Pays de Galles). Le marquage UKCA s'applique \u00e0 la plupart des produits pr\u00e9c\u00e9demment soumis au marquage CE. Les exigences techniques (parfois appel\u00e9es \"exigences essentielles\") qui doivent \u00eatre respect\u00e9es pour le marquage UKCA d\u00e9pendent de la l\u00e9gislation sp\u00e9cifique au produit. La conformit\u00e9 \u00e0 ces exigences peut \u00e9galement \u00eatre obtenue par l'utilisation de normes d\u00e9sign\u00e9es....&nbsp;<a href=\"https:\/\/icr.you2.pl\/fr\/ukca\/\" rel=\"bookmark\">Lire la suite \"<span class=\"screen-reader-text\">UKCA<\/span><\/a><\/p>","protected":false},"author":2,"featured_media":0,"parent":0,"menu_order":0,"comment_status":"closed","ping_status":"closed","template":"","meta":{"neve_meta_sidebar":"","neve_meta_container":"","neve_meta_enable_content_width":"off","neve_meta_content_width":70,"neve_meta_title_alignment":"","neve_meta_author_avatar":"","neve_post_elements_order":"","neve_meta_disable_header":"","neve_meta_disable_footer":"","neve_meta_disable_title":"","footnotes":""},"class_list":["post-5813","page","type-page","status-publish","hentry"],"yoast_head":"<!-- This site is optimized with the Yoast SEO plugin v26.8 - https:\/\/yoast.com\/product\/yoast-seo-wordpress\/ -->\n<title>UKCA - ICR POLSKA - badania i certyfikacja<\/title>\n<meta name=\"robots\" content=\"index, follow, max-snippet:-1, max-image-preview:large, max-video-preview:-1\" \/>\n<link rel=\"canonical\" href=\"https:\/\/icr.you2.pl\/fr\/ukca\/\" \/>\n<meta property=\"og:locale\" content=\"fr_FR\" \/>\n<meta property=\"og:type\" content=\"article\" \/>\n<meta property=\"og:title\" content=\"UKCA - ICR POLSKA - badania i certyfikacja\" \/>\n<meta property=\"og:description\" content=\"UKCA\u00a0jest oznaczeniem produkt\u00f3w wprowadzanych na rynek w Wielkiej Brytanii (Anglii, Szkocji i Walii). Oznakowanie UKCA ma zastosowanie do wi\u0119kszo\u015bci produkt\u00f3w wcze\u015bniej podlegaj\u0105cych oznakowaniu CE. Wymagania techniczne (czasami okre\u015blane jako &#8222;zasadnicze wymagania&#8221;), kt\u00f3re musz\u0105 by\u0107 spe\u0142nione dla oznakowania UKCA zale\u017c\u0105 od przepis\u00f3w dotycz\u0105cych konkretnego produktu. Zgodno\u015b\u0107 z tymi wymaganiami mo\u017cna r\u00f3wnie\u017c osi\u0105gn\u0105\u0107 poprzez zastosowanie wyznaczonych norm&hellip;&nbsp;Lire la suite &raquo;UKCA\" \/>\n<meta property=\"og:url\" content=\"https:\/\/icr.you2.pl\/fr\/ukca\/\" \/>\n<meta property=\"og:site_name\" content=\"ICR POLSKA - badania i certyfikacja\" \/>\n<meta property=\"article:modified_time\" content=\"2022-09-13T12:13:43+00:00\" \/>\n<meta property=\"og:image\" content=\"http:\/\/icr.you2.pl\/wp-content\/uploads\/2022\/09\/ukca-mark.webp\" \/>\n<meta name=\"twitter:card\" content=\"summary_large_image\" \/>\n<meta name=\"twitter:label1\" content=\"Dur\u00e9e de lecture estim\u00e9e\" \/>\n\t<meta name=\"twitter:data1\" content=\"2 minutes\" \/>\n<script type=\"application\/ld+json\" class=\"yoast-schema-graph\">{\"@context\":\"https:\/\/schema.org\",\"@graph\":[{\"@type\":\"WebPage\",\"@id\":\"https:\/\/icr.you2.pl\/ukca\/\",\"url\":\"https:\/\/icr.you2.pl\/ukca\/\",\"name\":\"UKCA - ICR POLSKA - badania i certyfikacja\",\"isPartOf\":{\"@id\":\"https:\/\/icr.you2.pl\/#website\"},\"primaryImageOfPage\":{\"@id\":\"https:\/\/icr.you2.pl\/ukca\/#primaryimage\"},\"image\":{\"@id\":\"https:\/\/icr.you2.pl\/ukca\/#primaryimage\"},\"thumbnailUrl\":\"http:\/\/icr.you2.pl\/wp-content\/uploads\/2022\/09\/ukca-mark.webp\",\"datePublished\":\"2022-09-09T08:02:22+00:00\",\"dateModified\":\"2022-09-13T12:13:43+00:00\",\"breadcrumb\":{\"@id\":\"https:\/\/icr.you2.pl\/ukca\/#breadcrumb\"},\"inLanguage\":\"fr-FR\",\"potentialAction\":[{\"@type\":\"ReadAction\",\"target\":[\"https:\/\/icr.you2.pl\/ukca\/\"]}]},{\"@type\":\"ImageObject\",\"inLanguage\":\"fr-FR\",\"@id\":\"https:\/\/icr.you2.pl\/ukca\/#primaryimage\",\"url\":\"http:\/\/icr.you2.pl\/wp-content\/uploads\/2022\/09\/ukca-mark.webp\",\"contentUrl\":\"http:\/\/icr.you2.pl\/wp-content\/uploads\/2022\/09\/ukca-mark.webp\"},{\"@type\":\"BreadcrumbList\",\"@id\":\"https:\/\/icr.you2.pl\/ukca\/#breadcrumb\",\"itemListElement\":[{\"@type\":\"ListItem\",\"position\":1,\"name\":\"Strona g\u0142\u00f3wna\",\"item\":\"https:\/\/icr.you2.pl\/\"},{\"@type\":\"ListItem\",\"position\":2,\"name\":\"UKCA\"}]},{\"@type\":\"WebSite\",\"@id\":\"https:\/\/icr.you2.pl\/#website\",\"url\":\"https:\/\/icr.you2.pl\/\",\"name\":\"ICR POLSKA - badania i certyfikacja\",\"description\":\"CE certification, CE certificate, ISO certificate, RED testing, product testing and certification, electrical product testing, medical device testing, ATEX, IECEx, FCC, product certification, EMC testing, machinery certification, CE machines, training, electronic product testing, testing 2014\/53\/EU, drone certification, ISO 13485 certificate, ISO 9001 certificate, NC RfG\",\"publisher\":{\"@id\":\"https:\/\/icr.you2.pl\/#\/schema\/person\/944799c9e2f4a94662e3fcb3b1544baf\"},\"potentialAction\":[{\"@type\":\"SearchAction\",\"target\":{\"@type\":\"EntryPoint\",\"urlTemplate\":\"https:\/\/icr.you2.pl\/?s={search_term_string}\"},\"query-input\":{\"@type\":\"PropertyValueSpecification\",\"valueRequired\":true,\"valueName\":\"search_term_string\"}}],\"inLanguage\":\"fr-FR\"},{\"@type\":[\"Person\",\"Organization\"],\"@id\":\"https:\/\/icr.you2.pl\/#\/schema\/person\/944799c9e2f4a94662e3fcb3b1544baf\",\"name\":\"admin\",\"image\":{\"@type\":\"ImageObject\",\"inLanguage\":\"fr-FR\",\"@id\":\"https:\/\/icr.you2.pl\/#\/schema\/person\/image\/\",\"url\":\"https:\/\/icr.you2.pl\/wp-content\/uploads\/2019\/05\/cropped-logo-icr.32f04ad5-1-1.png\",\"contentUrl\":\"https:\/\/icr.you2.pl\/wp-content\/uploads\/2019\/05\/cropped-logo-icr.32f04ad5-1-1.png\",\"width\":400,\"height\":148,\"caption\":\"admin\"},\"logo\":{\"@id\":\"https:\/\/icr.you2.pl\/#\/schema\/person\/image\/\"}}]}<\/script>\n<!-- \/ Yoast SEO plugin. -->","yoast_head_json":{"title":"UKCA - ICR POLOGNE - essais et certification","robots":{"index":"index","follow":"follow","max-snippet":"max-snippet:-1","max-image-preview":"max-image-preview:large","max-video-preview":"max-video-preview:-1"},"canonical":"https:\/\/icr.you2.pl\/fr\/ukca\/","og_locale":"fr_FR","og_type":"article","og_title":"UKCA - ICR POLSKA - badania i certyfikacja","og_description":"UKCA\u00a0jest oznaczeniem produkt\u00f3w wprowadzanych na rynek w Wielkiej Brytanii (Anglii, Szkocji i Walii). Oznakowanie UKCA ma zastosowanie do wi\u0119kszo\u015bci produkt\u00f3w wcze\u015bniej podlegaj\u0105cych oznakowaniu CE. Wymagania techniczne (czasami okre\u015blane jako &#8222;zasadnicze wymagania&#8221;), kt\u00f3re musz\u0105 by\u0107 spe\u0142nione dla oznakowania UKCA zale\u017c\u0105 od przepis\u00f3w dotycz\u0105cych konkretnego produktu. Zgodno\u015b\u0107 z tymi wymaganiami mo\u017cna r\u00f3wnie\u017c osi\u0105gn\u0105\u0107 poprzez zastosowanie wyznaczonych norm&hellip;&nbsp;Lire la suite &raquo;UKCA","og_url":"https:\/\/icr.you2.pl\/fr\/ukca\/","og_site_name":"ICR POLSKA - badania i certyfikacja","article_modified_time":"2022-09-13T12:13:43+00:00","og_image":[{"url":"http:\/\/icr.you2.pl\/wp-content\/uploads\/2022\/09\/ukca-mark.webp","type":"","width":"","height":""}],"twitter_card":"summary_large_image","twitter_misc":{"Dur\u00e9e de lecture estim\u00e9e":"2 minutes"},"schema":{"@context":"https:\/\/schema.org","@graph":[{"@type":"WebPage","@id":"https:\/\/icr.you2.pl\/ukca\/","url":"https:\/\/icr.you2.pl\/ukca\/","name":"UKCA - ICR POLOGNE - essais et certification","isPartOf":{"@id":"https:\/\/icr.you2.pl\/#website"},"primaryImageOfPage":{"@id":"https:\/\/icr.you2.pl\/ukca\/#primaryimage"},"image":{"@id":"https:\/\/icr.you2.pl\/ukca\/#primaryimage"},"thumbnailUrl":"http:\/\/icr.you2.pl\/wp-content\/uploads\/2022\/09\/ukca-mark.webp","datePublished":"2022-09-09T08:02:22+00:00","dateModified":"2022-09-13T12:13:43+00:00","breadcrumb":{"@id":"https:\/\/icr.you2.pl\/ukca\/#breadcrumb"},"inLanguage":"fr-FR","potentialAction":[{"@type":"ReadAction","target":["https:\/\/icr.you2.pl\/ukca\/"]}]},{"@type":"ImageObject","inLanguage":"fr-FR","@id":"https:\/\/icr.you2.pl\/ukca\/#primaryimage","url":"http:\/\/icr.you2.pl\/wp-content\/uploads\/2022\/09\/ukca-mark.webp","contentUrl":"http:\/\/icr.you2.pl\/wp-content\/uploads\/2022\/09\/ukca-mark.webp"},{"@type":"BreadcrumbList","@id":"https:\/\/icr.you2.pl\/ukca\/#breadcrumb","itemListElement":[{"@type":"ListItem","position":1,"name":"Strona g\u0142\u00f3wna","item":"https:\/\/icr.you2.pl\/"},{"@type":"ListItem","position":2,"name":"UKCA"}]},{"@type":"WebSite","@id":"https:\/\/icr.you2.pl\/#website","url":"https:\/\/icr.you2.pl\/","name":"ICR POLAND - essais et certification","description":"Certification CE, certificat CE, certificat ISO, essais RED, essais et certification de produits, essais de produits \u00e9lectriques, essais de dispositifs m\u00e9dicaux, ATEX, IECEx, FCC, certification de produits, essais CEM, certification de machines, machines CE, formation, essais de produits \u00e9lectroniques, essais 2014\/53\/UE, certification de drones, certificat ISO 13485, certificat ISO 9001, NC RfG","publisher":{"@id":"https:\/\/icr.you2.pl\/#\/schema\/person\/944799c9e2f4a94662e3fcb3b1544baf"},"potentialAction":[{"@type":"SearchAction","target":{"@type":"EntryPoint","urlTemplate":"https:\/\/icr.you2.pl\/?s={search_term_string}"},"query-input":{"@type":"PropertyValueSpecification","valueRequired":true,"valueName":"search_term_string"}}],"inLanguage":"fr-FR"},{"@type":["Person","Organization"],"@id":"https:\/\/icr.you2.pl\/#\/schema\/person\/944799c9e2f4a94662e3fcb3b1544baf","name":"l'administration","image":{"@type":"ImageObject","inLanguage":"fr-FR","@id":"https:\/\/icr.you2.pl\/#\/schema\/person\/image\/","url":"https:\/\/icr.you2.pl\/wp-content\/uploads\/2019\/05\/cropped-logo-icr.32f04ad5-1-1.png","contentUrl":"https:\/\/icr.you2.pl\/wp-content\/uploads\/2019\/05\/cropped-logo-icr.32f04ad5-1-1.png","width":400,"height":148,"caption":"admin"},"logo":{"@id":"https:\/\/icr.you2.pl\/#\/schema\/person\/image\/"}}]}},"_links":{"self":[{"href":"https:\/\/icr.you2.pl\/fr\/wp-json\/wp\/v2\/pages\/5813","targetHints":{"allow":["GET"]}}],"collection":[{"href":"https:\/\/icr.you2.pl\/fr\/wp-json\/wp\/v2\/pages"}],"about":[{"href":"https:\/\/icr.you2.pl\/fr\/wp-json\/wp\/v2\/types\/page"}],"author":[{"embeddable":true,"href":"https:\/\/icr.you2.pl\/fr\/wp-json\/wp\/v2\/users\/2"}],"replies":[{"embeddable":true,"href":"https:\/\/icr.you2.pl\/fr\/wp-json\/wp\/v2\/comments?post=5813"}],"version-history":[{"count":0,"href":"https:\/\/icr.you2.pl\/fr\/wp-json\/wp\/v2\/pages\/5813\/revisions"}],"wp:attachment":[{"href":"https:\/\/icr.you2.pl\/fr\/wp-json\/wp\/v2\/media?parent=5813"}],"curies":[{"name":"wp","href":"https:\/\/api.w.org\/{rel}","templated":true}]}}