{"id":703,"date":"2019-03-28T11:41:12","date_gmt":"2019-03-28T11:41:12","guid":{"rendered":"http:\/\/icrpolska.e-ksperci.pl\/?page_id=703"},"modified":"2022-09-07T23:30:55","modified_gmt":"2022-09-07T21:30:55","slug":"badania-emc-i-red","status":"publish","type":"page","link":"https:\/\/icr.you2.pl\/fr\/badania-wyrobow\/badania-emc-i-red\/","title":{"rendered":"Essais LVD, EMC et RED"},"content":{"rendered":"<p><span style=\"font-weight: 400;\">Nous testons les \u00e9quipements \u00e9lectriques et \u00e9lectroniques conform\u00e9ment aux exigences des normes harmonis\u00e9es avec les directives LVD, EMC et RED. Nous testons aussi bien des \u00e9quipements d'usage courant que des composants d'automatisation, des syst\u00e8mes de mesure ou des dispositifs m\u00e9dicaux.<\/span><\/p>\r\n<p><span style=\"font-weight: 400;\">Nous r\u00e9alisons des essais de produits \u00e9lectriques et \u00e9lectroniques dans le cadre de notre accr\u00e9ditation au titre des directives LVD, EMC et RED pour les groupes de produits suivants, entre autres :<\/span><\/p>\r\n<ul>\r\n<li style=\"font-weight: 400;\"><span style=\"font-weight: 400;\">le mat\u00e9riel d'\u00e9clairage ;<\/span><\/li>\r\n<li style=\"font-weight: 400;\"><span style=\"font-weight: 400;\">l'\u00e9lectronique grand public et les produits blancs ;<\/span><\/li>\r\n<li style=\"font-weight: 400;\"><span style=\"font-weight: 400;\">les dispositifs m\u00e9dicaux, y compris les diagnostics in vitro ;<\/span><\/li>\r\n<li style=\"font-weight: 400;\"><span style=\"font-weight: 400;\">le mat\u00e9riel de bureau et informatique, y compris la radio ;<\/span><\/li>\r\n<li style=\"font-weight: 400;\"><span style=\"font-weight: 400;\">\u00c9quipement radio pour la domotique ;<\/span><\/li>\r\n<li style=\"font-weight: 400;\"><span style=\"font-weight: 400;\">des contr\u00f4leurs \u00e9lectriques et \u00e9lectroniques automatiques ;<\/span><\/li>\r\n<li style=\"font-weight: 400;\"><span style=\"font-weight: 400;\">les appareils de mesure \u00e9lectroniques ;<\/span><\/li>\r\n<li style=\"font-weight: 400;\"><span style=\"font-weight: 400;\">les \u00e9quipements industriels de chauffage et de refroidissement de l'eau et des locaux ;<\/span><\/li>\r\n<li style=\"font-weight: 400;\"><span style=\"font-weight: 400;\">les \u00e9quipements de purification de l'air, d'humidification et de climatisation ;<\/span><\/li>\r\n<li style=\"font-weight: 400;\"><span style=\"font-weight: 400;\">les dispositifs de soins personnels ;<\/span><\/li>\r\n<li style=\"font-weight: 400;\"><span style=\"font-weight: 400;\">les outils \u00e9lectriques ;<\/span><\/li>\r\n<li style=\"font-weight: 400;\"><span style=\"font-weight: 400;\">les \u00e9quipements, composants et syst\u00e8mes \u00e9lectriques et non \u00e9lectriques destin\u00e9s \u00e0 \u00eatre utilis\u00e9s dans des atmosph\u00e8res potentiellement explosives ;<\/span><\/li>\r\n<li style=\"font-weight: 400;\"><span style=\"font-weight: 400;\">\u00e9quipements \u00e9lectriques et \u00e9lectroniques pour l'industrie automobile (automobile).<\/span><\/li>\r\n<\/ul>\r\n\r\n<ul class=\"wp-block-gallery columns-3 is-cropped wp-block-gallery-1 is-layout-flex wp-block-gallery-is-layout-flex\">\r\n<li class=\"blocks-gallery-item\">\r\n<figure><a href=\"http:\/\/nowa.icrpolska.com\/wp-content\/uploads\/2019\/05\/icr-badania-LVD-EMC-RED-1.jpeg\"><img fetchpriority=\"high\" decoding=\"async\" class=\"alignnone wp-image-2170\" src=\"http:\/\/nowa.icrpolska.com\/wp-content\/uploads\/2019\/05\/icr-badania-LVD-EMC-RED-1.jpeg\" alt=\"Essais LVD, EMC et RED\" width=\"768\" height=\"515\" data-id=\"2170\" data-link=\"http:\/\/nowa.icrpolska.com\/badania\/icr-badania-lvd-emc-red-1\/\" srcset=\"https:\/\/icr.you2.pl\/wp-content\/uploads\/2019\/05\/icr-badania-LVD-EMC-RED-1.jpeg 768w, https:\/\/icr.you2.pl\/wp-content\/uploads\/2019\/05\/icr-badania-LVD-EMC-RED-1-300x201.jpeg 300w\" sizes=\"(max-width: 768px) 100vw, 768px\" \/><\/a><\/figure>\r\n<\/li>\r\n<li class=\"blocks-gallery-item\">\r\n<figure><a href=\"http:\/\/nowa.icrpolska.com\/wp-content\/uploads\/2019\/05\/icr-badania-LVD-EMC-RED-2.jpg\"><img decoding=\"async\" class=\"alignnone wp-image-2171\" src=\"http:\/\/nowa.icrpolska.com\/wp-content\/uploads\/2019\/05\/icr-badania-LVD-EMC-RED-2.jpg\" alt=\"Essais LVD, EMC et RED\" width=\"768\" height=\"513\" data-id=\"2171\" data-link=\"http:\/\/nowa.icrpolska.com\/badania\/icr-badania-lvd-emc-red-2\/\" srcset=\"https:\/\/icr.you2.pl\/wp-content\/uploads\/2019\/05\/icr-badania-LVD-EMC-RED-2.jpg 768w, https:\/\/icr.you2.pl\/wp-content\/uploads\/2019\/05\/icr-badania-LVD-EMC-RED-2-300x200.jpg 300w\" sizes=\"(max-width: 768px) 100vw, 768px\" \/><\/a><\/figure>\r\n<\/li>\r\n<li class=\"blocks-gallery-item\">\r\n<figure><a href=\"http:\/\/nowa.icrpolska.com\/wp-content\/uploads\/2019\/05\/icr-badania-LVD-EMC-RED-3.jpg\"><img decoding=\"async\" class=\"alignnone wp-image-2172\" src=\"http:\/\/nowa.icrpolska.com\/wp-content\/uploads\/2019\/05\/icr-badania-LVD-EMC-RED-3.jpg\" alt=\"Essais LVD, EMC et RED\" width=\"768\" height=\"513\" data-id=\"2172\" data-link=\"http:\/\/nowa.icrpolska.com\/badania\/icr-badania-lvd-emc-red-3\/\" srcset=\"https:\/\/icr.you2.pl\/wp-content\/uploads\/2019\/05\/icr-badania-LVD-EMC-RED-3.jpg 768w, https:\/\/icr.you2.pl\/wp-content\/uploads\/2019\/05\/icr-badania-LVD-EMC-RED-3-300x200.jpg 300w\" sizes=\"(max-width: 768px) 100vw, 768px\" \/><\/a><\/figure>\r\n<\/li>\r\n<li class=\"blocks-gallery-item\">\r\n<figure><a href=\"http:\/\/nowa.icrpolska.com\/wp-content\/uploads\/2019\/05\/icr-badania-LVD-EMC-RED-4.jpg\"><img loading=\"lazy\" decoding=\"async\" class=\"alignnone wp-image-2173\" src=\"http:\/\/nowa.icrpolska.com\/wp-content\/uploads\/2019\/05\/icr-badania-LVD-EMC-RED-4.jpg\" alt=\"Essais LVD, EMC et RED\" width=\"768\" height=\"513\" data-id=\"2173\" data-link=\"http:\/\/nowa.icrpolska.com\/badania\/icr-badania-lvd-emc-red-4\/\" srcset=\"https:\/\/icr.you2.pl\/wp-content\/uploads\/2019\/05\/icr-badania-LVD-EMC-RED-4.jpg 768w, https:\/\/icr.you2.pl\/wp-content\/uploads\/2019\/05\/icr-badania-LVD-EMC-RED-4-300x200.jpg 300w\" sizes=\"(max-width: 768px) 100vw, 768px\" \/><\/a><\/figure>\r\n<\/li>\r\n<\/ul>","protected":false},"excerpt":{"rendered":"<p>Nous testons les \u00e9quipements \u00e9lectriques et \u00e9lectroniques conform\u00e9ment aux exigences des normes harmonis\u00e9es avec les directives LVD, EMC et RED. Nous testons aussi bien des \u00e9quipements d'usage courant que des composants d'automatisation, des syst\u00e8mes de mesure ou des dispositifs m\u00e9dicaux. Nous effectuons des tests de produits \u00e9lectriques et \u00e9lectroniques dans le cadre de notre accr\u00e9ditation selon les directives LVD, EMC et RED pour, entre autres, les groupes de produits suivants :...&nbsp;<a href=\"https:\/\/icr.you2.pl\/fr\/badania-wyrobow\/badania-emc-i-red\/\" rel=\"bookmark\">Lire la suite \"<span class=\"screen-reader-text\">Essais LVD, EMC et RED<\/span><\/a><\/p>","protected":false},"author":1,"featured_media":0,"parent":979,"menu_order":0,"comment_status":"closed","ping_status":"closed","template":"","meta":{"neve_meta_sidebar":"","neve_meta_container":"","neve_meta_enable_content_width":"off","neve_meta_content_width":70,"neve_meta_title_alignment":"","neve_meta_author_avatar":"","neve_post_elements_order":"","neve_meta_disable_header":"","neve_meta_disable_footer":"","neve_meta_disable_title":"","footnotes":""},"class_list":["post-703","page","type-page","status-publish","hentry"],"yoast_head":"<!-- This site is optimized with the Yoast SEO plugin v26.8 - https:\/\/yoast.com\/product\/yoast-seo-wordpress\/ -->\n<title>Badania LVD, EMC i RED - ICR POLSKA - badania i certyfikacja<\/title>\n<meta name=\"robots\" content=\"index, follow, max-snippet:-1, max-image-preview:large, max-video-preview:-1\" \/>\n<link rel=\"canonical\" href=\"https:\/\/icr.you2.pl\/fr\/badania-wyrobow\/badania-emc-i-red\/\" \/>\n<meta property=\"og:locale\" content=\"fr_FR\" \/>\n<meta property=\"og:type\" content=\"article\" \/>\n<meta property=\"og:title\" content=\"Badania LVD, EMC i RED - ICR POLSKA - badania i certyfikacja\" \/>\n<meta property=\"og:description\" content=\"Wykonujemy badania urz\u0105dze\u0144 elektrycznych i elektronicznych zgodnie z wymaganiami norm zharmonizowanych z dyrektywami LVD, EMC oraz RED. Badamy zar\u00f3wno sprz\u0119t powszechnego u\u017cytku, jak i elementy automatyki, systemy pomiarowe lub wyroby medyczne. Wykonujemy badania wyrob\u00f3w elektrycznych i elektronicznych w zakresie posiadanej akredytacji w zakresie obj\u0119tym dyrektywami LVD, EMC oraz RED mi\u0119dzy innymi dla nast\u0119puj\u0105cych grup wyrob\u00f3w:&hellip;&nbsp;Lire la suite &raquo;Badania LVD, EMC i RED\" \/>\n<meta property=\"og:url\" content=\"https:\/\/icr.you2.pl\/fr\/badania-wyrobow\/badania-emc-i-red\/\" \/>\n<meta property=\"og:site_name\" content=\"ICR POLSKA - badania i certyfikacja\" \/>\n<meta property=\"article:modified_time\" content=\"2022-09-07T21:30:55+00:00\" \/>\n<meta property=\"og:image\" content=\"http:\/\/nowa.icrpolska.com\/wp-content\/uploads\/2019\/05\/icr-badania-LVD-EMC-RED-1.jpeg\" \/>\n<meta name=\"twitter:card\" content=\"summary_large_image\" \/>\n<meta name=\"twitter:label1\" content=\"Dur\u00e9e de lecture estim\u00e9e\" \/>\n\t<meta name=\"twitter:data1\" content=\"2 minutes\" \/>\n<script type=\"application\/ld+json\" class=\"yoast-schema-graph\">{\"@context\":\"https:\/\/schema.org\",\"@graph\":[{\"@type\":\"WebPage\",\"@id\":\"https:\/\/icr.you2.pl\/badania-wyrobow\/badania-emc-i-red\/\",\"url\":\"https:\/\/icr.you2.pl\/badania-wyrobow\/badania-emc-i-red\/\",\"name\":\"Badania LVD, EMC i RED - ICR POLSKA - badania i certyfikacja\",\"isPartOf\":{\"@id\":\"https:\/\/icr.you2.pl\/#website\"},\"primaryImageOfPage\":{\"@id\":\"https:\/\/icr.you2.pl\/badania-wyrobow\/badania-emc-i-red\/#primaryimage\"},\"image\":{\"@id\":\"https:\/\/icr.you2.pl\/badania-wyrobow\/badania-emc-i-red\/#primaryimage\"},\"thumbnailUrl\":\"http:\/\/nowa.icrpolska.com\/wp-content\/uploads\/2019\/05\/icr-badania-LVD-EMC-RED-1.jpeg\",\"datePublished\":\"2019-03-28T11:41:12+00:00\",\"dateModified\":\"2022-09-07T21:30:55+00:00\",\"breadcrumb\":{\"@id\":\"https:\/\/icr.you2.pl\/badania-wyrobow\/badania-emc-i-red\/#breadcrumb\"},\"inLanguage\":\"fr-FR\",\"potentialAction\":[{\"@type\":\"ReadAction\",\"target\":[\"https:\/\/icr.you2.pl\/badania-wyrobow\/badania-emc-i-red\/\"]}]},{\"@type\":\"ImageObject\",\"inLanguage\":\"fr-FR\",\"@id\":\"https:\/\/icr.you2.pl\/badania-wyrobow\/badania-emc-i-red\/#primaryimage\",\"url\":\"http:\/\/nowa.icrpolska.com\/wp-content\/uploads\/2019\/05\/icr-badania-LVD-EMC-RED-1.jpeg\",\"contentUrl\":\"http:\/\/nowa.icrpolska.com\/wp-content\/uploads\/2019\/05\/icr-badania-LVD-EMC-RED-1.jpeg\"},{\"@type\":\"BreadcrumbList\",\"@id\":\"https:\/\/icr.you2.pl\/badania-wyrobow\/badania-emc-i-red\/#breadcrumb\",\"itemListElement\":[{\"@type\":\"ListItem\",\"position\":1,\"name\":\"Strona g\u0142\u00f3wna\",\"item\":\"https:\/\/icr.you2.pl\/\"},{\"@type\":\"ListItem\",\"position\":2,\"name\":\"Badania wyrob\u00f3w\",\"item\":\"https:\/\/icr.you2.pl\/badania-wyrobow\/\"},{\"@type\":\"ListItem\",\"position\":3,\"name\":\"Badania LVD, EMC i RED\"}]},{\"@type\":\"WebSite\",\"@id\":\"https:\/\/icr.you2.pl\/#website\",\"url\":\"https:\/\/icr.you2.pl\/\",\"name\":\"ICR POLSKA - badania i certyfikacja\",\"description\":\"CE certification, CE certificate, ISO certificate, RED testing, product testing and certification, electrical product testing, medical device testing, ATEX, IECEx, FCC, product certification, EMC testing, machinery certification, CE machines, training, electronic product testing, testing 2014\/53\/EU, drone certification, ISO 13485 certificate, ISO 9001 certificate, NC RfG\",\"publisher\":{\"@id\":\"https:\/\/icr.you2.pl\/#\/schema\/person\/944799c9e2f4a94662e3fcb3b1544baf\"},\"potentialAction\":[{\"@type\":\"SearchAction\",\"target\":{\"@type\":\"EntryPoint\",\"urlTemplate\":\"https:\/\/icr.you2.pl\/?s={search_term_string}\"},\"query-input\":{\"@type\":\"PropertyValueSpecification\",\"valueRequired\":true,\"valueName\":\"search_term_string\"}}],\"inLanguage\":\"fr-FR\"},{\"@type\":[\"Person\",\"Organization\"],\"@id\":\"https:\/\/icr.you2.pl\/#\/schema\/person\/944799c9e2f4a94662e3fcb3b1544baf\",\"name\":\"admin\",\"image\":{\"@type\":\"ImageObject\",\"inLanguage\":\"fr-FR\",\"@id\":\"https:\/\/icr.you2.pl\/#\/schema\/person\/image\/\",\"url\":\"https:\/\/icr.you2.pl\/wp-content\/uploads\/2019\/05\/cropped-logo-icr.32f04ad5-1-1.png\",\"contentUrl\":\"https:\/\/icr.you2.pl\/wp-content\/uploads\/2019\/05\/cropped-logo-icr.32f04ad5-1-1.png\",\"width\":400,\"height\":148,\"caption\":\"admin\"},\"logo\":{\"@id\":\"https:\/\/icr.you2.pl\/#\/schema\/person\/image\/\"}}]}<\/script>\n<!-- \/ Yoast SEO plugin. -->","yoast_head_json":{"title":"Essais LVD, EMC et RED - ICR POLAND - testing and certification","robots":{"index":"index","follow":"follow","max-snippet":"max-snippet:-1","max-image-preview":"max-image-preview:large","max-video-preview":"max-video-preview:-1"},"canonical":"https:\/\/icr.you2.pl\/fr\/badania-wyrobow\/badania-emc-i-red\/","og_locale":"fr_FR","og_type":"article","og_title":"Badania LVD, EMC i RED - ICR POLSKA - badania i certyfikacja","og_description":"Wykonujemy badania urz\u0105dze\u0144 elektrycznych i elektronicznych zgodnie z wymaganiami norm zharmonizowanych z dyrektywami LVD, EMC oraz RED. Badamy zar\u00f3wno sprz\u0119t powszechnego u\u017cytku, jak i elementy automatyki, systemy pomiarowe lub wyroby medyczne. Wykonujemy badania wyrob\u00f3w elektrycznych i elektronicznych w zakresie posiadanej akredytacji w zakresie obj\u0119tym dyrektywami LVD, EMC oraz RED mi\u0119dzy innymi dla nast\u0119puj\u0105cych grup wyrob\u00f3w:&hellip;&nbsp;Lire la suite &raquo;Badania LVD, EMC i RED","og_url":"https:\/\/icr.you2.pl\/fr\/badania-wyrobow\/badania-emc-i-red\/","og_site_name":"ICR POLSKA - badania i certyfikacja","article_modified_time":"2022-09-07T21:30:55+00:00","og_image":[{"url":"http:\/\/nowa.icrpolska.com\/wp-content\/uploads\/2019\/05\/icr-badania-LVD-EMC-RED-1.jpeg","type":"","width":"","height":""}],"twitter_card":"summary_large_image","twitter_misc":{"Dur\u00e9e de lecture estim\u00e9e":"2 minutes"},"schema":{"@context":"https:\/\/schema.org","@graph":[{"@type":"WebPage","@id":"https:\/\/icr.you2.pl\/badania-wyrobow\/badania-emc-i-red\/","url":"https:\/\/icr.you2.pl\/badania-wyrobow\/badania-emc-i-red\/","name":"Essais LVD, EMC et RED - ICR POLAND - testing and certification","isPartOf":{"@id":"https:\/\/icr.you2.pl\/#website"},"primaryImageOfPage":{"@id":"https:\/\/icr.you2.pl\/badania-wyrobow\/badania-emc-i-red\/#primaryimage"},"image":{"@id":"https:\/\/icr.you2.pl\/badania-wyrobow\/badania-emc-i-red\/#primaryimage"},"thumbnailUrl":"http:\/\/nowa.icrpolska.com\/wp-content\/uploads\/2019\/05\/icr-badania-LVD-EMC-RED-1.jpeg","datePublished":"2019-03-28T11:41:12+00:00","dateModified":"2022-09-07T21:30:55+00:00","breadcrumb":{"@id":"https:\/\/icr.you2.pl\/badania-wyrobow\/badania-emc-i-red\/#breadcrumb"},"inLanguage":"fr-FR","potentialAction":[{"@type":"ReadAction","target":["https:\/\/icr.you2.pl\/badania-wyrobow\/badania-emc-i-red\/"]}]},{"@type":"ImageObject","inLanguage":"fr-FR","@id":"https:\/\/icr.you2.pl\/badania-wyrobow\/badania-emc-i-red\/#primaryimage","url":"http:\/\/nowa.icrpolska.com\/wp-content\/uploads\/2019\/05\/icr-badania-LVD-EMC-RED-1.jpeg","contentUrl":"http:\/\/nowa.icrpolska.com\/wp-content\/uploads\/2019\/05\/icr-badania-LVD-EMC-RED-1.jpeg"},{"@type":"BreadcrumbList","@id":"https:\/\/icr.you2.pl\/badania-wyrobow\/badania-emc-i-red\/#breadcrumb","itemListElement":[{"@type":"ListItem","position":1,"name":"Strona g\u0142\u00f3wna","item":"https:\/\/icr.you2.pl\/"},{"@type":"ListItem","position":2,"name":"Badania wyrob\u00f3w","item":"https:\/\/icr.you2.pl\/badania-wyrobow\/"},{"@type":"ListItem","position":3,"name":"Badania LVD, EMC i RED"}]},{"@type":"WebSite","@id":"https:\/\/icr.you2.pl\/#website","url":"https:\/\/icr.you2.pl\/","name":"ICR POLAND - essais et certification","description":"Certification CE, certificat CE, certificat ISO, essais RED, essais et certification de produits, essais de produits \u00e9lectriques, essais de dispositifs m\u00e9dicaux, ATEX, IECEx, FCC, certification de produits, essais CEM, certification de machines, machines CE, formation, essais de produits \u00e9lectroniques, essais 2014\/53\/UE, certification de drones, certificat ISO 13485, certificat ISO 9001, NC RfG","publisher":{"@id":"https:\/\/icr.you2.pl\/#\/schema\/person\/944799c9e2f4a94662e3fcb3b1544baf"},"potentialAction":[{"@type":"SearchAction","target":{"@type":"EntryPoint","urlTemplate":"https:\/\/icr.you2.pl\/?s={search_term_string}"},"query-input":{"@type":"PropertyValueSpecification","valueRequired":true,"valueName":"search_term_string"}}],"inLanguage":"fr-FR"},{"@type":["Person","Organization"],"@id":"https:\/\/icr.you2.pl\/#\/schema\/person\/944799c9e2f4a94662e3fcb3b1544baf","name":"l'administration","image":{"@type":"ImageObject","inLanguage":"fr-FR","@id":"https:\/\/icr.you2.pl\/#\/schema\/person\/image\/","url":"https:\/\/icr.you2.pl\/wp-content\/uploads\/2019\/05\/cropped-logo-icr.32f04ad5-1-1.png","contentUrl":"https:\/\/icr.you2.pl\/wp-content\/uploads\/2019\/05\/cropped-logo-icr.32f04ad5-1-1.png","width":400,"height":148,"caption":"admin"},"logo":{"@id":"https:\/\/icr.you2.pl\/#\/schema\/person\/image\/"}}]}},"_links":{"self":[{"href":"https:\/\/icr.you2.pl\/fr\/wp-json\/wp\/v2\/pages\/703","targetHints":{"allow":["GET"]}}],"collection":[{"href":"https:\/\/icr.you2.pl\/fr\/wp-json\/wp\/v2\/pages"}],"about":[{"href":"https:\/\/icr.you2.pl\/fr\/wp-json\/wp\/v2\/types\/page"}],"author":[{"embeddable":true,"href":"https:\/\/icr.you2.pl\/fr\/wp-json\/wp\/v2\/users\/1"}],"replies":[{"embeddable":true,"href":"https:\/\/icr.you2.pl\/fr\/wp-json\/wp\/v2\/comments?post=703"}],"version-history":[{"count":0,"href":"https:\/\/icr.you2.pl\/fr\/wp-json\/wp\/v2\/pages\/703\/revisions"}],"up":[{"embeddable":true,"href":"https:\/\/icr.you2.pl\/fr\/wp-json\/wp\/v2\/pages\/979"}],"wp:attachment":[{"href":"https:\/\/icr.you2.pl\/fr\/wp-json\/wp\/v2\/media?parent=703"}],"curies":[{"name":"wp","href":"https:\/\/api.w.org\/{rel}","templated":true}]}}