{"id":7559,"date":"2023-01-06T20:58:39","date_gmt":"2023-01-06T19:58:39","guid":{"rendered":"https:\/\/icrpolska.com\/?page_id=7559"},"modified":"2024-02-22T12:28:49","modified_gmt":"2024-02-22T11:28:49","slug":"baterie","status":"publish","type":"page","link":"https:\/\/icr.you2.pl\/fr\/badania-wyrobow\/baterie\/","title":{"rendered":"Test des piles et des accumulateurs"},"content":{"rendered":"<p><img decoding=\"async\" class=\"wp-image-12633 alignleft\" src=\"http:\/\/icr.you2.pl\/wp-content\/uploads\/2024\/01\/\uc6b0\uce21\uba74_\ud3f4\ub780\ub4dc\uc1a1\ubd80-300x225.jpeg\" alt=\"\" width=\"203\" height=\"152\" srcset=\"https:\/\/icr.you2.pl\/wp-content\/uploads\/2024\/01\/\uc6b0\uce21\uba74_\ud3f4\ub780\ub4dc\uc1a1\ubd80-300x225.jpeg 300w, https:\/\/icr.you2.pl\/wp-content\/uploads\/2024\/01\/\uc6b0\uce21\uba74_\ud3f4\ub780\ub4dc\uc1a1\ubd80-1024x768.jpeg 1024w, https:\/\/icr.you2.pl\/wp-content\/uploads\/2024\/01\/\uc6b0\uce21\uba74_\ud3f4\ub780\ub4dc\uc1a1\ubd80-768x576.jpeg 768w, https:\/\/icr.you2.pl\/wp-content\/uploads\/2024\/01\/\uc6b0\uce21\uba74_\ud3f4\ub780\ub4dc\uc1a1\ubd80-1536x1152.jpeg 1536w, https:\/\/icr.you2.pl\/wp-content\/uploads\/2024\/01\/\uc6b0\uce21\uba74_\ud3f4\ub780\ub4dc\uc1a1\ubd80-2048x1536.jpeg 2048w, https:\/\/icr.you2.pl\/wp-content\/uploads\/2024\/01\/\uc6b0\uce21\uba74_\ud3f4\ub780\ub4dc\uc1a1\ubd80-16x12.jpeg 16w\" sizes=\"(max-width: 203px) 100vw, 203px\" \/><\/p>\n<p>En octobre 2022, notre nouveau laboratoire sp\u00e9cialis\u00e9 ICR Battery Testing Centre a \u00e9t\u00e9 inaugur\u00e9.<\/p>\n<p>Elle se sp\u00e9cialise principalement dans l'\u00e9tude des batteries de grande capacit\u00e9, sup\u00e9rieure \u00e0 500Wh.<\/p>\n<p>&nbsp;<\/p>\n<p>Nous proposons des tests de laboratoire pour les piles et les accumulateurs en fonction des normes :<br \/>\n- IEC 62619<img fetchpriority=\"high\" decoding=\"async\" class=\"wp-image-7666 alignright\" src=\"http:\/\/icr.you2.pl\/wp-content\/uploads\/2023\/01\/cells-1-300x135.png\" alt=\"\" width=\"344\" height=\"155\" srcset=\"https:\/\/icr.you2.pl\/wp-content\/uploads\/2023\/01\/cells-1-300x135.png 300w, https:\/\/icr.you2.pl\/wp-content\/uploads\/2023\/01\/cells-1-1024x462.png 1024w, https:\/\/icr.you2.pl\/wp-content\/uploads\/2023\/01\/cells-1-768x346.png 768w, https:\/\/icr.you2.pl\/wp-content\/uploads\/2023\/01\/cells-1-18x8.png 18w, https:\/\/icr.you2.pl\/wp-content\/uploads\/2023\/01\/cells-1.png 1102w\" sizes=\"(max-width: 344px) 100vw, 344px\" \/><br \/>\n- IEC 62620<br \/>\n- ONU 38.3<br \/>\n- R\u00e8glement ECE No.100<br \/>\n- R\u00e8glement CEE n\u00b0 136<br \/>\n- IEC 60068-2-1<br \/>\n- IEC 60068-2-2<br \/>\n- IEC 60068-2-11<img decoding=\"async\" class=\"wp-image-7667 alignright\" src=\"http:\/\/icr.you2.pl\/wp-content\/uploads\/2023\/01\/cells-2-300x140.png\" alt=\"\" width=\"343\" height=\"160\" srcset=\"https:\/\/icr.you2.pl\/wp-content\/uploads\/2023\/01\/cells-2-300x140.png 300w, https:\/\/icr.you2.pl\/wp-content\/uploads\/2023\/01\/cells-2-1024x477.png 1024w, https:\/\/icr.you2.pl\/wp-content\/uploads\/2023\/01\/cells-2-768x357.png 768w, https:\/\/icr.you2.pl\/wp-content\/uploads\/2023\/01\/cells-2-18x8.png 18w, https:\/\/icr.you2.pl\/wp-content\/uploads\/2023\/01\/cells-2.png 1072w\" sizes=\"(max-width: 343px) 100vw, 343px\" \/><br \/>\n- IEC 60529<br \/>\n- IEC 61373<br \/>\n- MIL-STD-810G<\/p>\n<p>\u00c0 partir de janvier 2024, tous les tests seront propos\u00e9s comme accr\u00e9dit\u00e9s, conform\u00e9ment \u00e0 la norme ISO\/IEC 17025.<\/p>\n<p>&nbsp;<\/p>","protected":false},"excerpt":{"rendered":"<p>En octobre 2022, notre nouveau laboratoire sp\u00e9cialis\u00e9 ICR Battery Testing Centre a \u00e9t\u00e9 lanc\u00e9. Il se sp\u00e9cialise principalement dans les essais de batteries de grande capacit\u00e9, sup\u00e9rieures \u00e0 500Wh.   Nous proposons des tests en laboratoire pour les piles et les batteries dans le cadre des normes : - IEC 62619 - IEC 62620 - UN 38.3 - ECE Regulation No.100 - ECE Regulation No.136 - IEC 60068-2-1....&nbsp;<a href=\"https:\/\/icr.you2.pl\/fr\/badania-wyrobow\/baterie\/\" rel=\"bookmark\">Lire la suite \"<span class=\"screen-reader-text\">Test des piles et des accumulateurs<\/span><\/a><\/p>","protected":false},"author":2,"featured_media":0,"parent":979,"menu_order":0,"comment_status":"closed","ping_status":"closed","template":"","meta":{"neve_meta_sidebar":"left","neve_meta_container":"","neve_meta_enable_content_width":"on","neve_meta_content_width":70,"neve_meta_title_alignment":"","neve_meta_author_avatar":"","neve_post_elements_order":"","neve_meta_disable_header":"","neve_meta_disable_footer":"","neve_meta_disable_title":"","footnotes":""},"class_list":["post-7559","page","type-page","status-publish","hentry"],"yoast_head":"<!-- This site is optimized with the Yoast SEO plugin v26.8 - https:\/\/yoast.com\/product\/yoast-seo-wordpress\/ -->\n<title>Badania baterii i akumulator\u00f3w - ICR POLSKA - badania i certyfikacja<\/title>\n<meta name=\"robots\" content=\"index, follow, max-snippet:-1, max-image-preview:large, max-video-preview:-1\" \/>\n<link rel=\"canonical\" href=\"https:\/\/icr.you2.pl\/fr\/badania-wyrobow\/baterie\/\" \/>\n<meta property=\"og:locale\" content=\"fr_FR\" \/>\n<meta property=\"og:type\" content=\"article\" \/>\n<meta property=\"og:title\" content=\"Badania baterii i akumulator\u00f3w - ICR POLSKA - badania i certyfikacja\" \/>\n<meta property=\"og:description\" content=\"W pa\u017adzierniku 2022 zosta\u0142o uruchomione nasze nowe specjalistyczne laboratorium ICR Battery Testing Centre. Specjalizuje si\u0119 ono przede wszystkim w badaniu akumulator\u00f3w du\u017cej pojemno\u015bci, powy\u017cej 500Wh. &nbsp; Oferujemy badania laboratoryjne akumulator\u00f3w i baterii w zakresie norm: \u2013 IEC 62619 \u2013 IEC 62620 \u2013 UN 38.3 \u2013 ECE Regulation No.100 \u2013 ECE Regulation No.136 \u2013 IEC 60068-2-1&hellip;&nbsp;Lire la suite &raquo;Badania baterii i akumulator\u00f3w\" \/>\n<meta property=\"og:url\" content=\"https:\/\/icr.you2.pl\/fr\/badania-wyrobow\/baterie\/\" \/>\n<meta property=\"og:site_name\" content=\"ICR POLSKA - badania i certyfikacja\" \/>\n<meta property=\"article:modified_time\" content=\"2024-02-22T11:28:49+00:00\" \/>\n<meta property=\"og:image\" content=\"http:\/\/icr.you2.pl\/wp-content\/uploads\/2023\/01\/cells-1-300x135.png\" \/>\n<meta name=\"twitter:card\" content=\"summary_large_image\" \/>\n<meta name=\"twitter:label1\" content=\"Dur\u00e9e de lecture estim\u00e9e\" \/>\n\t<meta name=\"twitter:data1\" content=\"2 minutes\" \/>\n<script type=\"application\/ld+json\" class=\"yoast-schema-graph\">{\"@context\":\"https:\/\/schema.org\",\"@graph\":[{\"@type\":\"WebPage\",\"@id\":\"https:\/\/icr.you2.pl\/badania-wyrobow\/baterie\/\",\"url\":\"https:\/\/icr.you2.pl\/badania-wyrobow\/baterie\/\",\"name\":\"Badania baterii i akumulator\u00f3w - ICR POLSKA - badania i certyfikacja\",\"isPartOf\":{\"@id\":\"https:\/\/icr.you2.pl\/#website\"},\"primaryImageOfPage\":{\"@id\":\"https:\/\/icr.you2.pl\/badania-wyrobow\/baterie\/#primaryimage\"},\"image\":{\"@id\":\"https:\/\/icr.you2.pl\/badania-wyrobow\/baterie\/#primaryimage\"},\"thumbnailUrl\":\"http:\/\/icr.you2.pl\/wp-content\/uploads\/2023\/01\/cells-1-300x135.png\",\"datePublished\":\"2023-01-06T19:58:39+00:00\",\"dateModified\":\"2024-02-22T11:28:49+00:00\",\"breadcrumb\":{\"@id\":\"https:\/\/icr.you2.pl\/badania-wyrobow\/baterie\/#breadcrumb\"},\"inLanguage\":\"fr-FR\",\"potentialAction\":[{\"@type\":\"ReadAction\",\"target\":[\"https:\/\/icr.you2.pl\/badania-wyrobow\/baterie\/\"]}]},{\"@type\":\"ImageObject\",\"inLanguage\":\"fr-FR\",\"@id\":\"https:\/\/icr.you2.pl\/badania-wyrobow\/baterie\/#primaryimage\",\"url\":\"http:\/\/icr.you2.pl\/wp-content\/uploads\/2023\/01\/cells-1-300x135.png\",\"contentUrl\":\"http:\/\/icr.you2.pl\/wp-content\/uploads\/2023\/01\/cells-1-300x135.png\"},{\"@type\":\"BreadcrumbList\",\"@id\":\"https:\/\/icr.you2.pl\/badania-wyrobow\/baterie\/#breadcrumb\",\"itemListElement\":[{\"@type\":\"ListItem\",\"position\":1,\"name\":\"Strona g\u0142\u00f3wna\",\"item\":\"https:\/\/icr.you2.pl\/\"},{\"@type\":\"ListItem\",\"position\":2,\"name\":\"Badania wyrob\u00f3w\",\"item\":\"https:\/\/icr.you2.pl\/badania-wyrobow\/\"},{\"@type\":\"ListItem\",\"position\":3,\"name\":\"Badania baterii i akumulator\u00f3w\"}]},{\"@type\":\"WebSite\",\"@id\":\"https:\/\/icr.you2.pl\/#website\",\"url\":\"https:\/\/icr.you2.pl\/\",\"name\":\"ICR POLSKA - badania i certyfikacja\",\"description\":\"CE certification, CE certificate, ISO certificate, RED testing, product testing and certification, electrical product testing, medical device testing, ATEX, IECEx, FCC, product certification, EMC testing, machinery certification, CE machines, training, electronic product testing, testing 2014\/53\/EU, drone certification, ISO 13485 certificate, ISO 9001 certificate, NC RfG\",\"publisher\":{\"@id\":\"https:\/\/icr.you2.pl\/#\/schema\/person\/944799c9e2f4a94662e3fcb3b1544baf\"},\"potentialAction\":[{\"@type\":\"SearchAction\",\"target\":{\"@type\":\"EntryPoint\",\"urlTemplate\":\"https:\/\/icr.you2.pl\/?s={search_term_string}\"},\"query-input\":{\"@type\":\"PropertyValueSpecification\",\"valueRequired\":true,\"valueName\":\"search_term_string\"}}],\"inLanguage\":\"fr-FR\"},{\"@type\":[\"Person\",\"Organization\"],\"@id\":\"https:\/\/icr.you2.pl\/#\/schema\/person\/944799c9e2f4a94662e3fcb3b1544baf\",\"name\":\"admin\",\"image\":{\"@type\":\"ImageObject\",\"inLanguage\":\"fr-FR\",\"@id\":\"https:\/\/icr.you2.pl\/#\/schema\/person\/image\/\",\"url\":\"https:\/\/icr.you2.pl\/wp-content\/uploads\/2019\/05\/cropped-logo-icr.32f04ad5-1-1.png\",\"contentUrl\":\"https:\/\/icr.you2.pl\/wp-content\/uploads\/2019\/05\/cropped-logo-icr.32f04ad5-1-1.png\",\"width\":400,\"height\":148,\"caption\":\"admin\"},\"logo\":{\"@id\":\"https:\/\/icr.you2.pl\/#\/schema\/person\/image\/\"}}]}<\/script>\n<!-- \/ Yoast SEO plugin. -->","yoast_head_json":{"title":"Test de piles et d'accumulateurs - ICR POLAND - test et certification","robots":{"index":"index","follow":"follow","max-snippet":"max-snippet:-1","max-image-preview":"max-image-preview:large","max-video-preview":"max-video-preview:-1"},"canonical":"https:\/\/icr.you2.pl\/fr\/badania-wyrobow\/baterie\/","og_locale":"fr_FR","og_type":"article","og_title":"Badania baterii i akumulator\u00f3w - ICR POLSKA - badania i certyfikacja","og_description":"W pa\u017adzierniku 2022 zosta\u0142o uruchomione nasze nowe specjalistyczne laboratorium ICR Battery Testing Centre. Specjalizuje si\u0119 ono przede wszystkim w badaniu akumulator\u00f3w du\u017cej pojemno\u015bci, powy\u017cej 500Wh. &nbsp; Oferujemy badania laboratoryjne akumulator\u00f3w i baterii w zakresie norm: \u2013 IEC 62619 \u2013 IEC 62620 \u2013 UN 38.3 \u2013 ECE Regulation No.100 \u2013 ECE Regulation No.136 \u2013 IEC 60068-2-1&hellip;&nbsp;Lire la suite &raquo;Badania baterii i akumulator\u00f3w","og_url":"https:\/\/icr.you2.pl\/fr\/badania-wyrobow\/baterie\/","og_site_name":"ICR POLSKA - badania i certyfikacja","article_modified_time":"2024-02-22T11:28:49+00:00","og_image":[{"url":"http:\/\/icr.you2.pl\/wp-content\/uploads\/2023\/01\/cells-1-300x135.png","type":"","width":"","height":""}],"twitter_card":"summary_large_image","twitter_misc":{"Dur\u00e9e de lecture estim\u00e9e":"2 minutes"},"schema":{"@context":"https:\/\/schema.org","@graph":[{"@type":"WebPage","@id":"https:\/\/icr.you2.pl\/badania-wyrobow\/baterie\/","url":"https:\/\/icr.you2.pl\/badania-wyrobow\/baterie\/","name":"Test de piles et d'accumulateurs - ICR POLAND - test et certification","isPartOf":{"@id":"https:\/\/icr.you2.pl\/#website"},"primaryImageOfPage":{"@id":"https:\/\/icr.you2.pl\/badania-wyrobow\/baterie\/#primaryimage"},"image":{"@id":"https:\/\/icr.you2.pl\/badania-wyrobow\/baterie\/#primaryimage"},"thumbnailUrl":"http:\/\/icr.you2.pl\/wp-content\/uploads\/2023\/01\/cells-1-300x135.png","datePublished":"2023-01-06T19:58:39+00:00","dateModified":"2024-02-22T11:28:49+00:00","breadcrumb":{"@id":"https:\/\/icr.you2.pl\/badania-wyrobow\/baterie\/#breadcrumb"},"inLanguage":"fr-FR","potentialAction":[{"@type":"ReadAction","target":["https:\/\/icr.you2.pl\/badania-wyrobow\/baterie\/"]}]},{"@type":"ImageObject","inLanguage":"fr-FR","@id":"https:\/\/icr.you2.pl\/badania-wyrobow\/baterie\/#primaryimage","url":"http:\/\/icr.you2.pl\/wp-content\/uploads\/2023\/01\/cells-1-300x135.png","contentUrl":"http:\/\/icr.you2.pl\/wp-content\/uploads\/2023\/01\/cells-1-300x135.png"},{"@type":"BreadcrumbList","@id":"https:\/\/icr.you2.pl\/badania-wyrobow\/baterie\/#breadcrumb","itemListElement":[{"@type":"ListItem","position":1,"name":"Strona g\u0142\u00f3wna","item":"https:\/\/icr.you2.pl\/"},{"@type":"ListItem","position":2,"name":"Badania wyrob\u00f3w","item":"https:\/\/icr.you2.pl\/badania-wyrobow\/"},{"@type":"ListItem","position":3,"name":"Badania baterii i akumulator\u00f3w"}]},{"@type":"WebSite","@id":"https:\/\/icr.you2.pl\/#website","url":"https:\/\/icr.you2.pl\/","name":"ICR POLAND - essais et certification","description":"Certification CE, certificat CE, certificat ISO, essais RED, essais et certification de produits, essais de produits \u00e9lectriques, essais de dispositifs m\u00e9dicaux, ATEX, IECEx, FCC, certification de produits, essais CEM, certification de machines, machines CE, formation, essais de produits \u00e9lectroniques, essais 2014\/53\/UE, certification de drones, certificat ISO 13485, certificat ISO 9001, NC RfG","publisher":{"@id":"https:\/\/icr.you2.pl\/#\/schema\/person\/944799c9e2f4a94662e3fcb3b1544baf"},"potentialAction":[{"@type":"SearchAction","target":{"@type":"EntryPoint","urlTemplate":"https:\/\/icr.you2.pl\/?s={search_term_string}"},"query-input":{"@type":"PropertyValueSpecification","valueRequired":true,"valueName":"search_term_string"}}],"inLanguage":"fr-FR"},{"@type":["Person","Organization"],"@id":"https:\/\/icr.you2.pl\/#\/schema\/person\/944799c9e2f4a94662e3fcb3b1544baf","name":"l'administration","image":{"@type":"ImageObject","inLanguage":"fr-FR","@id":"https:\/\/icr.you2.pl\/#\/schema\/person\/image\/","url":"https:\/\/icr.you2.pl\/wp-content\/uploads\/2019\/05\/cropped-logo-icr.32f04ad5-1-1.png","contentUrl":"https:\/\/icr.you2.pl\/wp-content\/uploads\/2019\/05\/cropped-logo-icr.32f04ad5-1-1.png","width":400,"height":148,"caption":"admin"},"logo":{"@id":"https:\/\/icr.you2.pl\/#\/schema\/person\/image\/"}}]}},"_links":{"self":[{"href":"https:\/\/icr.you2.pl\/fr\/wp-json\/wp\/v2\/pages\/7559","targetHints":{"allow":["GET"]}}],"collection":[{"href":"https:\/\/icr.you2.pl\/fr\/wp-json\/wp\/v2\/pages"}],"about":[{"href":"https:\/\/icr.you2.pl\/fr\/wp-json\/wp\/v2\/types\/page"}],"author":[{"embeddable":true,"href":"https:\/\/icr.you2.pl\/fr\/wp-json\/wp\/v2\/users\/2"}],"replies":[{"embeddable":true,"href":"https:\/\/icr.you2.pl\/fr\/wp-json\/wp\/v2\/comments?post=7559"}],"version-history":[{"count":0,"href":"https:\/\/icr.you2.pl\/fr\/wp-json\/wp\/v2\/pages\/7559\/revisions"}],"up":[{"embeddable":true,"href":"https:\/\/icr.you2.pl\/fr\/wp-json\/wp\/v2\/pages\/979"}],"wp:attachment":[{"href":"https:\/\/icr.you2.pl\/fr\/wp-json\/wp\/v2\/media?parent=7559"}],"curies":[{"name":"wp","href":"https:\/\/api.w.org\/{rel}","templated":true}]}}