{"id":8288,"date":"2023-01-31T14:45:04","date_gmt":"2023-01-31T13:45:04","guid":{"rendered":"https:\/\/icrpolska.com\/?page_id=8288"},"modified":"2023-01-31T14:51:51","modified_gmt":"2023-01-31T13:51:51","slug":"ekspertyzy","status":"publish","type":"page","link":"https:\/\/icr.you2.pl\/fr\/ekspertyzy\/","title":{"rendered":"Rapports d'experts, avis"},"content":{"rendered":"<p>ICR Polska, forte de son exp\u00e9rience dans l'\u00e9valuation des produits \u00e9lectroniques, des machines et de son personnel qualifi\u00e9, vous invite \u00e0 faire usage d'expertises, d'avis et d'analyses techniques pour le compte, entre autres, d'autorit\u00e9s administratives, de compagnies d'assurance, de fabricants et d'importateurs et de particuliers dans les domaines suivants :<\/p>\n<ul>\n<li>avis technique sur les \u00e9quipements et les machines \u00e9lectroniques,<\/li>\n<li>expertise technique dans l'\u00e9valuation des causes et de l'\u00e9tendue des dommages suite \u00e0 des pannes d'\u00e9quipements et de machines \u00e9lectroniques,<\/li>\n<li>\u00c9valuations de l'\u00e9tat des \u00e9quipements r\u00e9alis\u00e9es pour le compte de propri\u00e9taires potentiels souhaitant acheter des \u00e9quipements \u00e9lectroniques et des machines, neufs ou d'occasion,<\/li>\n<li>des avis d'experts sur les performances \u00e9lectriques des \u00e9quipements et machines \u00e9lectroniques et sur la conception m\u00e9canique,<\/li>\n<li>une expertise dans l'adaptation des appareils \u00e9lectroniques aux exigences et r\u00e9glementations des diff\u00e9rents march\u00e9s.<\/li>\n<\/ul>","protected":false},"excerpt":{"rendered":"<p>ICR Polska, forte de son exp\u00e9rience dans l'\u00e9valuation des produits \u00e9lectroniques, des machines et disposant d'un personnel qualifi\u00e9, vous invite \u00e0 faire appel \u00e0 des expertises, des avis et des analyses techniques pour le compte, entre autres, d'autorit\u00e9s administratives, de compagnies d'assurance, de fabricants et d'importateurs et de particuliers dans les domaines suivants : avis technique concernant les appareils \u00e9lectroniques et les machines, expertise technique dans l'\u00e9valuation des causes et de l'\u00e9tendue des...&nbsp;<a href=\"https:\/\/icr.you2.pl\/fr\/ekspertyzy\/\" rel=\"bookmark\">Lire la suite \"<span class=\"screen-reader-text\">Rapports d'experts, avis<\/span><\/a><\/p>","protected":false},"author":2,"featured_media":0,"parent":0,"menu_order":0,"comment_status":"closed","ping_status":"closed","template":"","meta":{"neve_meta_sidebar":"","neve_meta_container":"","neve_meta_enable_content_width":"off","neve_meta_content_width":100,"neve_meta_title_alignment":"","neve_meta_author_avatar":"","neve_post_elements_order":"","neve_meta_disable_header":"","neve_meta_disable_footer":"","neve_meta_disable_title":"","footnotes":""},"class_list":["post-8288","page","type-page","status-publish","hentry"],"yoast_head":"<!-- This site is optimized with the Yoast SEO plugin v26.8 - https:\/\/yoast.com\/product\/yoast-seo-wordpress\/ -->\n<title>Ekspertyzy, Opinie - ICR POLSKA - badania i certyfikacja<\/title>\n<meta name=\"robots\" content=\"index, follow, max-snippet:-1, max-image-preview:large, max-video-preview:-1\" \/>\n<link rel=\"canonical\" href=\"https:\/\/icr.you2.pl\/fr\/ekspertyzy\/\" \/>\n<meta property=\"og:locale\" content=\"fr_FR\" \/>\n<meta property=\"og:type\" content=\"article\" \/>\n<meta property=\"og:title\" content=\"Ekspertyzy, Opinie - ICR POLSKA - badania i certyfikacja\" \/>\n<meta property=\"og:description\" content=\"ICR Polska wykorzystuj\u0105c swoje do\u015bwiadczenie w ocenie wyrob\u00f3w elektronicznych, maszyn, dysponuj\u0105c wykwalifikowan\u0105 kadr\u0105 zaprasza do skorzystania z ekspertyz, opinii oraz analiz technicznych na rzecz m.in. urz\u0119d\u00f3w administracji, firm ubezpieczaj\u0105cych, producent\u00f3w i importer\u00f3w oraz os\u00f3b fizycznych\u00a0w poni\u017cszym zakresie: opinia techniczna w odniesieniu do urz\u0105dze\u0144 elektronicznych i maszyn, ekspertyza techniczna w zakresie oceny przyczyn i wielko\u015bci szk\u00f3d&hellip;&nbsp;Lire la suite &raquo;Ekspertyzy, Opinie\" \/>\n<meta property=\"og:url\" content=\"https:\/\/icr.you2.pl\/fr\/ekspertyzy\/\" \/>\n<meta property=\"og:site_name\" content=\"ICR POLSKA - badania i certyfikacja\" \/>\n<meta property=\"article:modified_time\" content=\"2023-01-31T13:51:51+00:00\" \/>\n<meta name=\"twitter:card\" content=\"summary_large_image\" \/>\n<meta name=\"twitter:label1\" content=\"Dur\u00e9e de lecture estim\u00e9e\" \/>\n\t<meta name=\"twitter:data1\" content=\"1 minute\" \/>\n<script type=\"application\/ld+json\" class=\"yoast-schema-graph\">{\"@context\":\"https:\/\/schema.org\",\"@graph\":[{\"@type\":\"WebPage\",\"@id\":\"https:\/\/icr.you2.pl\/ekspertyzy\/\",\"url\":\"https:\/\/icr.you2.pl\/ekspertyzy\/\",\"name\":\"Ekspertyzy, Opinie - ICR POLSKA - badania i certyfikacja\",\"isPartOf\":{\"@id\":\"https:\/\/icr.you2.pl\/#website\"},\"datePublished\":\"2023-01-31T13:45:04+00:00\",\"dateModified\":\"2023-01-31T13:51:51+00:00\",\"breadcrumb\":{\"@id\":\"https:\/\/icr.you2.pl\/ekspertyzy\/#breadcrumb\"},\"inLanguage\":\"fr-FR\",\"potentialAction\":[{\"@type\":\"ReadAction\",\"target\":[\"https:\/\/icr.you2.pl\/ekspertyzy\/\"]}]},{\"@type\":\"BreadcrumbList\",\"@id\":\"https:\/\/icr.you2.pl\/ekspertyzy\/#breadcrumb\",\"itemListElement\":[{\"@type\":\"ListItem\",\"position\":1,\"name\":\"Strona g\u0142\u00f3wna\",\"item\":\"https:\/\/icr.you2.pl\/\"},{\"@type\":\"ListItem\",\"position\":2,\"name\":\"Ekspertyzy, Opinie\"}]},{\"@type\":\"WebSite\",\"@id\":\"https:\/\/icr.you2.pl\/#website\",\"url\":\"https:\/\/icr.you2.pl\/\",\"name\":\"ICR POLSKA - badania i certyfikacja\",\"description\":\"CE certification, CE certificate, ISO certificate, RED testing, product testing and certification, electrical product testing, medical device testing, ATEX, IECEx, FCC, product certification, EMC testing, machinery certification, CE machines, training, electronic product testing, testing 2014\/53\/EU, drone certification, ISO 13485 certificate, ISO 9001 certificate, NC RfG\",\"publisher\":{\"@id\":\"https:\/\/icr.you2.pl\/#\/schema\/person\/944799c9e2f4a94662e3fcb3b1544baf\"},\"potentialAction\":[{\"@type\":\"SearchAction\",\"target\":{\"@type\":\"EntryPoint\",\"urlTemplate\":\"https:\/\/icr.you2.pl\/?s={search_term_string}\"},\"query-input\":{\"@type\":\"PropertyValueSpecification\",\"valueRequired\":true,\"valueName\":\"search_term_string\"}}],\"inLanguage\":\"fr-FR\"},{\"@type\":[\"Person\",\"Organization\"],\"@id\":\"https:\/\/icr.you2.pl\/#\/schema\/person\/944799c9e2f4a94662e3fcb3b1544baf\",\"name\":\"admin\",\"image\":{\"@type\":\"ImageObject\",\"inLanguage\":\"fr-FR\",\"@id\":\"https:\/\/icr.you2.pl\/#\/schema\/person\/image\/\",\"url\":\"https:\/\/icr.you2.pl\/wp-content\/uploads\/2019\/05\/cropped-logo-icr.32f04ad5-1-1.png\",\"contentUrl\":\"https:\/\/icr.you2.pl\/wp-content\/uploads\/2019\/05\/cropped-logo-icr.32f04ad5-1-1.png\",\"width\":400,\"height\":148,\"caption\":\"admin\"},\"logo\":{\"@id\":\"https:\/\/icr.you2.pl\/#\/schema\/person\/image\/\"}}]}<\/script>\n<!-- \/ Yoast SEO plugin. -->","yoast_head_json":{"title":"Rapports d'experts, avis - ICR POLOGNE - essais et certification","robots":{"index":"index","follow":"follow","max-snippet":"max-snippet:-1","max-image-preview":"max-image-preview:large","max-video-preview":"max-video-preview:-1"},"canonical":"https:\/\/icr.you2.pl\/fr\/ekspertyzy\/","og_locale":"fr_FR","og_type":"article","og_title":"Ekspertyzy, Opinie - ICR POLSKA - badania i certyfikacja","og_description":"ICR Polska wykorzystuj\u0105c swoje do\u015bwiadczenie w ocenie wyrob\u00f3w elektronicznych, maszyn, dysponuj\u0105c wykwalifikowan\u0105 kadr\u0105 zaprasza do skorzystania z ekspertyz, opinii oraz analiz technicznych na rzecz m.in. urz\u0119d\u00f3w administracji, firm ubezpieczaj\u0105cych, producent\u00f3w i importer\u00f3w oraz os\u00f3b fizycznych\u00a0w poni\u017cszym zakresie: opinia techniczna w odniesieniu do urz\u0105dze\u0144 elektronicznych i maszyn, ekspertyza techniczna w zakresie oceny przyczyn i wielko\u015bci szk\u00f3d&hellip;&nbsp;Lire la suite &raquo;Ekspertyzy, Opinie","og_url":"https:\/\/icr.you2.pl\/fr\/ekspertyzy\/","og_site_name":"ICR POLSKA - badania i certyfikacja","article_modified_time":"2023-01-31T13:51:51+00:00","twitter_card":"summary_large_image","twitter_misc":{"Dur\u00e9e de lecture estim\u00e9e":"1 minute"},"schema":{"@context":"https:\/\/schema.org","@graph":[{"@type":"WebPage","@id":"https:\/\/icr.you2.pl\/ekspertyzy\/","url":"https:\/\/icr.you2.pl\/ekspertyzy\/","name":"Rapports d'experts, avis - ICR POLOGNE - essais et certification","isPartOf":{"@id":"https:\/\/icr.you2.pl\/#website"},"datePublished":"2023-01-31T13:45:04+00:00","dateModified":"2023-01-31T13:51:51+00:00","breadcrumb":{"@id":"https:\/\/icr.you2.pl\/ekspertyzy\/#breadcrumb"},"inLanguage":"fr-FR","potentialAction":[{"@type":"ReadAction","target":["https:\/\/icr.you2.pl\/ekspertyzy\/"]}]},{"@type":"BreadcrumbList","@id":"https:\/\/icr.you2.pl\/ekspertyzy\/#breadcrumb","itemListElement":[{"@type":"ListItem","position":1,"name":"Strona g\u0142\u00f3wna","item":"https:\/\/icr.you2.pl\/"},{"@type":"ListItem","position":2,"name":"Ekspertyzy, Opinie"}]},{"@type":"WebSite","@id":"https:\/\/icr.you2.pl\/#website","url":"https:\/\/icr.you2.pl\/","name":"ICR POLAND - essais et certification","description":"Certification CE, certificat CE, certificat ISO, essais RED, essais et certification de produits, essais de produits \u00e9lectriques, essais de dispositifs m\u00e9dicaux, ATEX, IECEx, FCC, certification de produits, essais CEM, certification de machines, machines CE, formation, essais de produits \u00e9lectroniques, essais 2014\/53\/UE, certification de drones, certificat ISO 13485, certificat ISO 9001, NC RfG","publisher":{"@id":"https:\/\/icr.you2.pl\/#\/schema\/person\/944799c9e2f4a94662e3fcb3b1544baf"},"potentialAction":[{"@type":"SearchAction","target":{"@type":"EntryPoint","urlTemplate":"https:\/\/icr.you2.pl\/?s={search_term_string}"},"query-input":{"@type":"PropertyValueSpecification","valueRequired":true,"valueName":"search_term_string"}}],"inLanguage":"fr-FR"},{"@type":["Person","Organization"],"@id":"https:\/\/icr.you2.pl\/#\/schema\/person\/944799c9e2f4a94662e3fcb3b1544baf","name":"l'administration","image":{"@type":"ImageObject","inLanguage":"fr-FR","@id":"https:\/\/icr.you2.pl\/#\/schema\/person\/image\/","url":"https:\/\/icr.you2.pl\/wp-content\/uploads\/2019\/05\/cropped-logo-icr.32f04ad5-1-1.png","contentUrl":"https:\/\/icr.you2.pl\/wp-content\/uploads\/2019\/05\/cropped-logo-icr.32f04ad5-1-1.png","width":400,"height":148,"caption":"admin"},"logo":{"@id":"https:\/\/icr.you2.pl\/#\/schema\/person\/image\/"}}]}},"_links":{"self":[{"href":"https:\/\/icr.you2.pl\/fr\/wp-json\/wp\/v2\/pages\/8288","targetHints":{"allow":["GET"]}}],"collection":[{"href":"https:\/\/icr.you2.pl\/fr\/wp-json\/wp\/v2\/pages"}],"about":[{"href":"https:\/\/icr.you2.pl\/fr\/wp-json\/wp\/v2\/types\/page"}],"author":[{"embeddable":true,"href":"https:\/\/icr.you2.pl\/fr\/wp-json\/wp\/v2\/users\/2"}],"replies":[{"embeddable":true,"href":"https:\/\/icr.you2.pl\/fr\/wp-json\/wp\/v2\/comments?post=8288"}],"version-history":[{"count":0,"href":"https:\/\/icr.you2.pl\/fr\/wp-json\/wp\/v2\/pages\/8288\/revisions"}],"wp:attachment":[{"href":"https:\/\/icr.you2.pl\/fr\/wp-json\/wp\/v2\/media?parent=8288"}],"curies":[{"name":"wp","href":"https:\/\/api.w.org\/{rel}","templated":true}]}}