{"id":16326,"date":"2025-03-06T15:21:23","date_gmt":"2025-03-06T14:21:23","guid":{"rendered":"https:\/\/icrpolska.com\/?page_id=16326"},"modified":"2025-03-06T15:29:55","modified_gmt":"2025-03-06T14:29:55","slug":"cyberbezpieczenstwo","status":"publish","type":"page","link":"https:\/\/icr.you2.pl\/kr\/badania-wyrobow\/cyberbezpieczenstwo\/","title":{"rendered":"\uc0ac\uc774\ubc84 \ubcf4\uc548"},"content":{"rendered":"<p>\uc800\ud76c\ub294 \ub124\ud2b8\uc6cc\ud06c \uc778\ud504\ub77c(\uc608: \uc778\ud130\ub137 \ub610\ub294 \ud648 \ub124\ud2b8\uc6cc\ud06c)\uc5d0 \uc5f0\uacb0\ub41c \uc18c\ube44\uc790 \uc0ac\ubb3c \uc778\ud130\ub137 \ub514\ubc14\uc774\uc2a4\uc5d0 \ub300\ud55c \ubcf4\uc548 \ud14c\uc2a4\ud2b8\ub97c ETSI \ud45c\uc900 EN 303 645 V3.1.3\uc5d0 \ub530\ub77c \uc81c\uacf5\ud569\ub2c8\ub2e4.<br \/>\n\uc18c\ube44\uc790 \uc0ac\ubb3c \uc778\ud130\ub137 \ub514\ubc14\uc774\uc2a4\uc758 \uc608<br \/>\n- \uc5b4\ub9b0\uc774 \uc7a5\ub09c\uac10 \ubc0f \uc720\uc544\uc6a9 \ubaa8\ub2c8\ud130<br \/>\n- \uc5f0\uae30 \uac10\uc9c0\uae30, \ub3c4\uc5b4\ub77d \ub4f1 \ubcf4\uc548 \uad00\ub828 \uc81c\ud488,<br \/>\n- \uc5ec\ub7ec \ub514\ubc14\uc774\uc2a4\uac00 \uc5f0\uacb0\ub41c IoT \uae30\uc9c0\uad6d \ubc0f \ud5c8\ube0c,<br \/>\n- \uc2a4\ub9c8\ud2b8 \uce74\uba54\ub77c, \ud154\ub808\ube44\uc804 \ubc0f \uc2a4\ud53c\ucee4,<br \/>\n- \ud734\ub300\uc6a9 \uac74\uac15 \ucd94\uc801\uae30,<br \/>\n- \ud648 \uc790\ub3d9\ud654 \ubc0f \uacbd\ubcf4 \uc2dc\uc2a4\ud15c, \ud2b9\ud788 \uac8c\uc774\ud2b8\uc6e8\uc774\uc640 \ud5c8\ube0c\uc5d0 \ub300\ud574 \uc54c\uc544\ubcf4\uc138\uc694,<br \/>\n- \uc138\ud0c1\uae30, \ub0c9\uc7a5\uace0\uc640 \uac19\uc740 \uac00\uc804\uc81c\ud488,<br \/>\n- \uc2a4\ub9c8\ud2b8 \ud648 \uc694\uc18c.<\/p>\n<p>\uc800\ud76c\ub294 \ubb34\uc120 \uc7a5\ube44\uc5d0 \ub300\ud55c \uc0ac\uc774\ubc84 \ubcf4\uc548 \ud14c\uc2a4\ud2b8\ub97c \uc81c\uacf5\ud569\ub2c8\ub2e4:<br \/>\n- \ub124\ud2b8\uc6cc\ud06c \ubc0f \ub124\ud2b8\uc6cc\ud06c \uc6b4\uc601\uc5d0 \ubc14\ub78c\uc9c1\ud558\uc9c0 \uc54a\uc740 \uc601\ud5a5\uc744 \ubbf8\uce58\uac70\ub098 \ubd80\uc801\uc808\ud55c \ubc29\uc2dd\uc73c\ub85c \ub124\ud2b8\uc6cc\ud06c \ub9ac\uc18c\uc2a4\ub97c \uc0ac\uc6a9\ud558\uc5ec \ud5c8\uc6a9\ud560 \uc218 \uc5c6\ub294 \uc11c\ube44\uc2a4 \uc800\ud558\ub97c \uc720\ubc1c\ud558\ub294 \ud589\uc704,<br \/>\n- \uc0ac\uc6a9\uc790 \ubc0f \uac00\uc785\uc790\uc758 \uac1c\uc778 \ub370\uc774\ud130 \ubc0f \uac1c\uc778\uc815\ubcf4 \ubcf4\ud638,<br \/>\n- \uc0ac\uae30 \ubc29\uc9c0.<br \/>\n\ud14c\uc2a4\ud2b8\ub294 EN 18031-1: 2024, EN 18031-2:2024, EN 18031-3:2024\uc5d0 \ub530\ub77c \uc218\ud589\ub429\ub2c8\ub2e4.<\/p>","protected":false},"excerpt":{"rendered":"<p>T\u00dcV \ub77c\uc778\ub780\ub4dc\ub294 \ub124\ud2b8\uc6cc\ud06c \uc778\ud504\ub77c(\uc608: \uc778\ud130\ub137 \ub610\ub294 \ud648 \ub124\ud2b8\uc6cc\ud06c)\uc5d0 \uc5f0\uacb0\ub41c \uc18c\ube44\uc790 \uc0ac\ubb3c \uc778\ud130\ub137 \uae30\uae30\uc5d0 \ub300\ud55c \ubcf4\uc548 \ud14c\uc2a4\ud2b8\ub97c ETSI EN 303 645 V3.1.3 \uc18c\ube44\uc790 \uc0ac\ubb3c \uc778\ud130\ub137 \uae30\uae30\uc758 \uc608\uc5d0 \ub530\ub77c \uc81c\uacf5\ud569\ub2c8\ub2e4: - \uc5b4\ub9b0\uc774 \uc7a5\ub09c\uac10 \ubc0f \ubca0\uc774\ube44 \ubaa8\ub2c8\ud130, - \uc5f0\uae30 \uac10\uc9c0\uae30 \ubc0f \ub3c4\uc5b4\ub77d\uacfc \uac19\uc740 \ubcf4\uc548 \uad00\ub828 \uc81c\ud488, - \uae30\uc9c0\uad6d...&nbsp;<a href=\"https:\/\/icr.you2.pl\/kr\/badania-wyrobow\/cyberbezpieczenstwo\/\" rel=\"bookmark\">\uc790\uc138\ud788 \ubcf4\uae30\"<span class=\"screen-reader-text\">\uc0ac\uc774\ubc84 \ubcf4\uc548<\/span><\/a><\/p>","protected":false},"author":2,"featured_media":0,"parent":979,"menu_order":0,"comment_status":"closed","ping_status":"closed","template":"","meta":{"neve_meta_sidebar":"","neve_meta_container":"","neve_meta_enable_content_width":"off","neve_meta_content_width":100,"neve_meta_title_alignment":"","neve_meta_author_avatar":"","neve_post_elements_order":"","neve_meta_disable_header":"","neve_meta_disable_footer":"","neve_meta_disable_title":"","footnotes":""},"class_list":["post-16326","page","type-page","status-publish","hentry"],"yoast_head":"<!-- This site is optimized with the Yoast SEO plugin v26.8 - https:\/\/yoast.com\/product\/yoast-seo-wordpress\/ -->\n<title>Cyberbezpiecze\u0144stwo - ICR POLSKA - badania i certyfikacja<\/title>\n<meta name=\"robots\" content=\"index, follow, max-snippet:-1, max-image-preview:large, max-video-preview:-1\" \/>\n<link rel=\"canonical\" href=\"https:\/\/icr.you2.pl\/kr\/badania-wyrobow\/cyberbezpieczenstwo\/\" \/>\n<meta property=\"og:locale\" content=\"ko_KR\" \/>\n<meta property=\"og:type\" content=\"article\" \/>\n<meta property=\"og:title\" content=\"Cyberbezpiecze\u0144stwo - ICR POLSKA - badania i certyfikacja\" \/>\n<meta property=\"og:description\" content=\"Oferujemy badania z zakresu bezpiecze\u0144stwa konsumenckich urz\u0105dze\u0144 Internetu rzeczy, kt\u00f3re s\u0105 pod\u0142\u0105czone do infrastruktury sieciowej (np. internetu lub sieci domowej) wed\u0142ug normy ETSI EN 303 645 V3.1.3 Przyk\u0142ady konsumenckich urz\u0105dze\u0144 internetu rzeczy: &#8211; zabawki dla dzieci i monitory dzieci\u0119ce, &#8211; produkty zwi\u0105zane z bezpiecze\u0144stwem, takie jak czujniki dymu i zamki do drzwi, &#8211; stacje bazowe&hellip;&nbsp;\ub354 \ubcf4\uae30 &raquo;Cyberbezpiecze\u0144stwo\" \/>\n<meta property=\"og:url\" content=\"https:\/\/icr.you2.pl\/kr\/badania-wyrobow\/cyberbezpieczenstwo\/\" \/>\n<meta property=\"og:site_name\" content=\"ICR POLSKA - badania i certyfikacja\" \/>\n<meta property=\"article:modified_time\" content=\"2025-03-06T14:29:55+00:00\" \/>\n<meta name=\"twitter:card\" content=\"summary_large_image\" \/>\n<meta name=\"twitter:label1\" content=\"\uc608\uc0c1 \ub418\ub294 \ud310\ub3c5 \uc2dc\uac04\" \/>\n\t<meta name=\"twitter:data1\" content=\"1\ubd84\" \/>\n<script type=\"application\/ld+json\" class=\"yoast-schema-graph\">{\"@context\":\"https:\/\/schema.org\",\"@graph\":[{\"@type\":\"WebPage\",\"@id\":\"https:\/\/icr.you2.pl\/badania-wyrobow\/cyberbezpieczenstwo\/\",\"url\":\"https:\/\/icr.you2.pl\/badania-wyrobow\/cyberbezpieczenstwo\/\",\"name\":\"Cyberbezpiecze\u0144stwo - ICR POLSKA - badania i certyfikacja\",\"isPartOf\":{\"@id\":\"https:\/\/icr.you2.pl\/#website\"},\"datePublished\":\"2025-03-06T14:21:23+00:00\",\"dateModified\":\"2025-03-06T14:29:55+00:00\",\"breadcrumb\":{\"@id\":\"https:\/\/icr.you2.pl\/badania-wyrobow\/cyberbezpieczenstwo\/#breadcrumb\"},\"inLanguage\":\"ko-KR\",\"potentialAction\":[{\"@type\":\"ReadAction\",\"target\":[\"https:\/\/icr.you2.pl\/badania-wyrobow\/cyberbezpieczenstwo\/\"]}]},{\"@type\":\"BreadcrumbList\",\"@id\":\"https:\/\/icr.you2.pl\/badania-wyrobow\/cyberbezpieczenstwo\/#breadcrumb\",\"itemListElement\":[{\"@type\":\"ListItem\",\"position\":1,\"name\":\"Strona g\u0142\u00f3wna\",\"item\":\"https:\/\/icr.you2.pl\/\"},{\"@type\":\"ListItem\",\"position\":2,\"name\":\"Badania wyrob\u00f3w\",\"item\":\"https:\/\/icr.you2.pl\/badania-wyrobow\/\"},{\"@type\":\"ListItem\",\"position\":3,\"name\":\"Cyberbezpiecze\u0144stwo\"}]},{\"@type\":\"WebSite\",\"@id\":\"https:\/\/icr.you2.pl\/#website\",\"url\":\"https:\/\/icr.you2.pl\/\",\"name\":\"ICR POLSKA - badania i certyfikacja\",\"description\":\"CE certification, CE certificate, ISO certificate, RED testing, product testing and certification, electrical product testing, medical device testing, ATEX, IECEx, FCC, product certification, EMC testing, machinery certification, CE machines, training, electronic product testing, testing 2014\/53\/EU, drone certification, ISO 13485 certificate, ISO 9001 certificate, NC RfG\",\"publisher\":{\"@id\":\"https:\/\/icr.you2.pl\/#\/schema\/person\/944799c9e2f4a94662e3fcb3b1544baf\"},\"potentialAction\":[{\"@type\":\"SearchAction\",\"target\":{\"@type\":\"EntryPoint\",\"urlTemplate\":\"https:\/\/icr.you2.pl\/?s={search_term_string}\"},\"query-input\":{\"@type\":\"PropertyValueSpecification\",\"valueRequired\":true,\"valueName\":\"search_term_string\"}}],\"inLanguage\":\"ko-KR\"},{\"@type\":[\"Person\",\"Organization\"],\"@id\":\"https:\/\/icr.you2.pl\/#\/schema\/person\/944799c9e2f4a94662e3fcb3b1544baf\",\"name\":\"admin\",\"image\":{\"@type\":\"ImageObject\",\"inLanguage\":\"ko-KR\",\"@id\":\"https:\/\/icr.you2.pl\/#\/schema\/person\/image\/\",\"url\":\"https:\/\/icr.you2.pl\/wp-content\/uploads\/2019\/05\/cropped-logo-icr.32f04ad5-1-1.png\",\"contentUrl\":\"https:\/\/icr.you2.pl\/wp-content\/uploads\/2019\/05\/cropped-logo-icr.32f04ad5-1-1.png\",\"width\":400,\"height\":148,\"caption\":\"admin\"},\"logo\":{\"@id\":\"https:\/\/icr.you2.pl\/#\/schema\/person\/image\/\"}}]}<\/script>\n<!-- \/ Yoast SEO plugin. -->","yoast_head_json":{"title":"\uc0ac\uc774\ubc84 \ubcf4\uc548 - ICR \ud3f4\ub780\ub4dc - \ud14c\uc2a4\ud2b8 \ubc0f \uc778\uc99d","robots":{"index":"index","follow":"follow","max-snippet":"max-snippet:-1","max-image-preview":"max-image-preview:large","max-video-preview":"max-video-preview:-1"},"canonical":"https:\/\/icr.you2.pl\/kr\/badania-wyrobow\/cyberbezpieczenstwo\/","og_locale":"ko_KR","og_type":"article","og_title":"Cyberbezpiecze\u0144stwo - ICR POLSKA - badania i certyfikacja","og_description":"Oferujemy badania z zakresu bezpiecze\u0144stwa konsumenckich urz\u0105dze\u0144 Internetu rzeczy, kt\u00f3re s\u0105 pod\u0142\u0105czone do infrastruktury sieciowej (np. internetu lub sieci domowej) wed\u0142ug normy ETSI EN 303 645 V3.1.3 Przyk\u0142ady konsumenckich urz\u0105dze\u0144 internetu rzeczy: &#8211; zabawki dla dzieci i monitory dzieci\u0119ce, &#8211; produkty zwi\u0105zane z bezpiecze\u0144stwem, takie jak czujniki dymu i zamki do drzwi, &#8211; stacje bazowe&hellip;&nbsp;\ub354 \ubcf4\uae30 &raquo;Cyberbezpiecze\u0144stwo","og_url":"https:\/\/icr.you2.pl\/kr\/badania-wyrobow\/cyberbezpieczenstwo\/","og_site_name":"ICR POLSKA - badania i certyfikacja","article_modified_time":"2025-03-06T14:29:55+00:00","twitter_card":"summary_large_image","twitter_misc":{"\uc608\uc0c1 \ub418\ub294 \ud310\ub3c5 \uc2dc\uac04":"1\ubd84"},"schema":{"@context":"https:\/\/schema.org","@graph":[{"@type":"WebPage","@id":"https:\/\/icr.you2.pl\/badania-wyrobow\/cyberbezpieczenstwo\/","url":"https:\/\/icr.you2.pl\/badania-wyrobow\/cyberbezpieczenstwo\/","name":"\uc0ac\uc774\ubc84 \ubcf4\uc548 - ICR \ud3f4\ub780\ub4dc - \ud14c\uc2a4\ud2b8 \ubc0f \uc778\uc99d","isPartOf":{"@id":"https:\/\/icr.you2.pl\/#website"},"datePublished":"2025-03-06T14:21:23+00:00","dateModified":"2025-03-06T14:29:55+00:00","breadcrumb":{"@id":"https:\/\/icr.you2.pl\/badania-wyrobow\/cyberbezpieczenstwo\/#breadcrumb"},"inLanguage":"ko-KR","potentialAction":[{"@type":"ReadAction","target":["https:\/\/icr.you2.pl\/badania-wyrobow\/cyberbezpieczenstwo\/"]}]},{"@type":"BreadcrumbList","@id":"https:\/\/icr.you2.pl\/badania-wyrobow\/cyberbezpieczenstwo\/#breadcrumb","itemListElement":[{"@type":"ListItem","position":1,"name":"Strona g\u0142\u00f3wna","item":"https:\/\/icr.you2.pl\/"},{"@type":"ListItem","position":2,"name":"Badania wyrob\u00f3w","item":"https:\/\/icr.you2.pl\/badania-wyrobow\/"},{"@type":"ListItem","position":3,"name":"Cyberbezpiecze\u0144stwo"}]},{"@type":"WebSite","@id":"https:\/\/icr.you2.pl\/#website","url":"https:\/\/icr.you2.pl\/","name":"ICR \ud3f4\ub780\ub4dc - \ud14c\uc2a4\ud2b8 \ubc0f \uc778\uc99d","description":"CE \uc778\uc99d, CE \uc778\uc99d\uc11c, ISO \uc778\uc99d\uc11c, RED \ud14c\uc2a4\ud2b8, \uc81c\ud488 \ud14c\uc2a4\ud2b8 \ubc0f \uc778\uc99d, \uc804\uae30 \uc81c\ud488 \ud14c\uc2a4\ud2b8, \uc758\ub8cc\uae30\uae30 \ud14c\uc2a4\ud2b8, ATEX, IECEx, FCC, \uc81c\ud488 \uc778\uc99d, EMC \ud14c\uc2a4\ud2b8, \uae30\uacc4 \uc778\uc99d, CE \uae30\uacc4, \uad50\uc721, \uc804\uc790 \uc81c\ud488 \ud14c\uc2a4\ud2b8, \ud14c\uc2a4\ud2b8 2014\/53\/EU, \ub4dc\ub860 \uc778\uc99d, ISO 13485 \uc778\uc99d\uc11c, ISO 9001 \uc778\uc99d\uc11c, NC RfG","publisher":{"@id":"https:\/\/icr.you2.pl\/#\/schema\/person\/944799c9e2f4a94662e3fcb3b1544baf"},"potentialAction":[{"@type":"SearchAction","target":{"@type":"EntryPoint","urlTemplate":"https:\/\/icr.you2.pl\/?s={search_term_string}"},"query-input":{"@type":"PropertyValueSpecification","valueRequired":true,"valueName":"search_term_string"}}],"inLanguage":"ko-KR"},{"@type":["Person","Organization"],"@id":"https:\/\/icr.you2.pl\/#\/schema\/person\/944799c9e2f4a94662e3fcb3b1544baf","name":"\uad00\ub9ac\uc790","image":{"@type":"ImageObject","inLanguage":"ko-KR","@id":"https:\/\/icr.you2.pl\/#\/schema\/person\/image\/","url":"https:\/\/icr.you2.pl\/wp-content\/uploads\/2019\/05\/cropped-logo-icr.32f04ad5-1-1.png","contentUrl":"https:\/\/icr.you2.pl\/wp-content\/uploads\/2019\/05\/cropped-logo-icr.32f04ad5-1-1.png","width":400,"height":148,"caption":"admin"},"logo":{"@id":"https:\/\/icr.you2.pl\/#\/schema\/person\/image\/"}}]}},"_links":{"self":[{"href":"https:\/\/icr.you2.pl\/kr\/wp-json\/wp\/v2\/pages\/16326","targetHints":{"allow":["GET"]}}],"collection":[{"href":"https:\/\/icr.you2.pl\/kr\/wp-json\/wp\/v2\/pages"}],"about":[{"href":"https:\/\/icr.you2.pl\/kr\/wp-json\/wp\/v2\/types\/page"}],"author":[{"embeddable":true,"href":"https:\/\/icr.you2.pl\/kr\/wp-json\/wp\/v2\/users\/2"}],"replies":[{"embeddable":true,"href":"https:\/\/icr.you2.pl\/kr\/wp-json\/wp\/v2\/comments?post=16326"}],"version-history":[{"count":0,"href":"https:\/\/icr.you2.pl\/kr\/wp-json\/wp\/v2\/pages\/16326\/revisions"}],"up":[{"embeddable":true,"href":"https:\/\/icr.you2.pl\/kr\/wp-json\/wp\/v2\/pages\/979"}],"wp:attachment":[{"href":"https:\/\/icr.you2.pl\/kr\/wp-json\/wp\/v2\/media?parent=16326"}],"curies":[{"name":"wp","href":"https:\/\/api.w.org\/{rel}","templated":true}]}}