{"id":1918,"date":"2019-05-22T07:39:43","date_gmt":"2019-05-22T07:39:43","guid":{"rendered":"http:\/\/icrpolska.e-ksperci.pl\/?page_id=1918"},"modified":"2022-09-07T23:06:39","modified_gmt":"2022-09-07T21:06:39","slug":"iso-14001","status":"publish","type":"page","link":"https:\/\/icr.you2.pl\/kr\/certyfikacja-systemow\/iso-14001\/","title":{"rendered":"ISO 14001"},"content":{"rendered":"<p><strong>ISO 14001\uc774\ub780 \ubb34\uc5c7\uc778\uac00\uc694?<\/strong><\/p>\n<p class=\"translation-block\"><strong>ISO 14001<\/strong>\uc740 ISO\uc5d0\uc11c \uaddc\uc815\ud558\ub294 \ud658\uacbd \uacbd\uc601 \uc2dc\uc2a4\ud15c\uc5d0 \ub300\ud55c \uad6d\uc81c \ud45c\uc900\uc785\ub2c8\ub2e4.<\/p>\n<p class=\"translation-block\">\ubcf4\ub2e4 \uad6c\uccb4\uc801\uc73c\ub85c <strong>ISO 14001<\/strong>\uc740 \uc870\uc9c1\uc744 \uacbd\uc601\ud558\ub294 \uacfc\uc815\uc5d0\uc11c \ubc1c\uc0dd\ud558\ub294 \ud658\uacbd\uc801 \uce21\uba74\uc744 \uccb4\uacc4\uc801\uc73c\ub85c \uc2dd\ubcc4, \ud3c9\uac00, \ud1b5\uc81c \ubc0f \uac1c\uc120\ud568\uc73c\ub85c\uc368 \uc870\uc9c1\uc774 \uc9c1\uba74\ud55c \ud658\uacbd\uc801 \uc704\ud5d8\uc744 \uc9c0\uc18d\uc801\uc73c\ub85c \uc81c\uac70\ud558\uac70\ub098 \uac10\uc18c\uc2dc\ud0a4\ub294 \ud615\ud0dc\ub85c \uc870\uc9c1\uc774 \uae30\uc5ec\ud558\ub3c4\ub85d \uc694\uad6c\ud558\ub294 \uacbd\uc601 \uc2dc\uc2a4\ud15c\uc785\ub2c8\ub2e4.<\/p>\n<p>\uc804 \uc138\uacc4\uc801\uc73c\ub85c \ud658\uacbd \uacbd\uc601 \uc2dc\uc2a4\ud15c\uc5d0 \ub300\ud55c \uc694\uad6c \uc0ac\ud56d\uc740 \ubaa8\ub4e0 \uc0b0\uc5c5 \ubd84\uc57c\ub85c \ud655\ub300\ub418\uc5c8\uc73c\uba70, \uc77c\ubd80 \uc0b0\uc5c5 \ubd84\uc57c\uc5d0\uc11c\ub294 \ud658\uacbd \uacbd\uc601 \uc2dc\uc2a4\ud15c\uc774 \ube44\uc988\ub2c8\uc2a4 \ubaa9\ud45c \ub2ec\uc131\uc744 \uc704\ud55c \ud544\uc218 \uc694\uc18c\ub85c \uc790\ub9ac \uc7a1\uc558\uc2b5\ub2c8\ub2e4.<br \/>\n\uc774 \ud45c\uc900\uc740 ISO 9001(QMS)\uacfc \ub9c8\ucc2c\uac00\uc9c0\ub85c \uaddc\ubaa8\uc5d0 \uad00\uacc4\uc5c6\uc774 \ubaa8\ub4e0 \uc0b0\uc5c5 \ubd84\uc57c\uc758 \ubaa8\ub4e0 \uc870\uc9c1\uc5d0 \uc801\uc6a9\ud560 \uc218 \uc788\uc2b5\ub2c8\ub2e4.<\/p>\n<p>ISO 14001\uc740 \uacbd\uc601 \uc2dc\uc2a4\ud15c \uac1c\ub150\uc758 \uae30\ucd08\uac00 \ub418\ub294 \uacc4\ud68d-\uc2e4\ud589-\uc810\uac80-\ud589\ub3d9 \ubaa8\ub378\uc5d0 \ub530\ub77c \uc870\uc9c1\uc5d0 \ubbf8\uce58\ub294 \ud658\uacbd\uc801 \uc601\ud5a5\uc744 \uace0\ub824\ud558\uace0, \ud1b5\uc81c\ud558\uace0, \uc810\uac80\ud568\uc73c\ub85c\uc368 \ud658\uacbd \uacbd\uc601 \uc2dc\uc2a4\ud15c\uc758 \uc804\uccb4 \ubc94\uc704\ub97c \uac1c\uc120\ud560 \uc218 \uc788\uc2b5\ub2c8\ub2e4.<\/p>\n<p><img fetchpriority=\"high\" decoding=\"async\" class=\"alignnone wp-image-2533 size-full\" src=\"http:\/\/icr.you2.pl\/wp-content\/uploads\/2019\/06\/AdobeStock_43226126_iso14001_2000.jpg\" alt=\"ISO 14001\" width=\"2000\" height=\"1333\" srcset=\"https:\/\/icr.you2.pl\/wp-content\/uploads\/2019\/06\/AdobeStock_43226126_iso14001_2000.jpg 2000w, https:\/\/icr.you2.pl\/wp-content\/uploads\/2019\/06\/AdobeStock_43226126_iso14001_2000-300x200.jpg 300w, https:\/\/icr.you2.pl\/wp-content\/uploads\/2019\/06\/AdobeStock_43226126_iso14001_2000-768x512.jpg 768w, https:\/\/icr.you2.pl\/wp-content\/uploads\/2019\/06\/AdobeStock_43226126_iso14001_2000-1024x682.jpg 1024w\" sizes=\"(max-width: 2000px) 100vw, 2000px\" \/><\/p>\n<p><strong>ISO 14001\uc758 \uc774\uc810:<\/strong><\/p>\n<ul>\n<li>\ubbf8\ub798 \uc138\ub300\ub97c \uc704\ud55c \ud658\uacbd \ubcf4\ud638;<\/li>\n<li>\uae30\uc5c5\uc758 \uacbd\uc7c1\ub825 \uac15\ud654\ub97c \uc704\ud55c \ub3c4\uad6c\ub85c \uc0ac\uc6a9\ub418\ub294 \ud45c\uc900\uc785\ub2c8\ub2e4;<\/li>\n<li>\uc815\ubd80 \uae30\uad00 \ubc0f \uad6d\uc81c \ub2e8\uccb4\uc5d0\uc11c \ub9cc\ub4e0 \ub2e4\uc591\ud55c \ud658\uacbd \uaddc\uc81c\uc5d0 \ub2a5\ub3d9\uc801\uc73c\ub85c \ub300\ucc98\ud560 \uc218 \uc788\ub294 \ub2a5\ub825;<\/li>\n<li>\uace0\uac1d \ubc0f \ud658\uacbd \ub2e8\uccb4\ub97c \ud3ec\ud568\ud55c \uc774\ud574\uad00\uacc4\uc790\uc758 \uc555\ub825\uc5d0 \ud6a8\uacfc\uc801\uc73c\ub85c \ub300\ucc98\ud560 \uc218 \uc788\ub294 \ub2a5\ub825;<\/li>\n<li>\ud658\uacbd \uc704\ud5d8\uc744 \ud6a8\uacfc\uc801\uc73c\ub85c \uc81c\uc5b4\ud569\ub2c8\ub2e4;<\/li>\n<li>\uacbd\uc7c1 \ud504\ub85c\uc138\uc2a4;<\/li>\n<li>\uc800\ucd95;<\/li>\n<li>\uc815\ubd80 \uae30\uad00, \uc9c0\uc5ed \uc0ac\ud68c, \uace0\uac1d, \ud658\uacbd \ub2e8\uccb4 \ub4f1 \uc774\ud574\uad00\uacc4\uc790\uc640 \uc88b\uc740 \uad00\uacc4\ub97c \uc720\uc9c0\ud569\ub2c8\ub2e4;<\/li>\n<li>\uace0\uac1d(\ud22c\uc790\uc790) \ub9cc\uc871\ub3c4.<\/li>\n<\/ul>","protected":false},"excerpt":{"rendered":"<p>ISO 14001\uc774\ub780 \ubb34\uc5c7\uc778\uac00\uc694? ISO 14001\uc740 ISO\uc5d0\uc11c \uaddc\uc815\ud558\ub294 \ud658\uacbd \uacbd\uc601 \uc2dc\uc2a4\ud15c\uc5d0 \ub300\ud55c \uad6d\uc81c \ud45c\uc900\uc785\ub2c8\ub2e4. \ubcf4\ub2e4 \uad6c\uccb4\uc801\uc73c\ub85c ISO 14001\uc740 \uc870\uc9c1\uc744 \uacbd\uc601\ud558\ub294 \uacfc\uc815\uc5d0\uc11c \ubc1c\uc0dd\ud558\ub294 \ud658\uacbd\uc801 \uce21\uba74\uc744 \uccb4\uacc4\uc801\uc73c\ub85c \uc2dd\ubcc4, \ud3c9\uac00, \ud1b5\uc81c \ubc0f \uac1c\uc120\ud568\uc73c\ub85c\uc368 \uc870\uc9c1\uc774 \uc9c1\uba74\ud55c \ud658\uacbd\uc801 \uc704\ud5d8\uc744 \uc9c0\uc18d\uc801\uc73c\ub85c \uc81c\uac70\ud558\uac70\ub098 \uac10\uc18c\uc2dc\ud0a4\ub294 \ub370 \uae30\uc5ec\ud558\ub3c4\ub85d \uc694\uad6c\ud558\ub294 \uacbd\uc601 \uc2dc\uc2a4\ud15c\uc785\ub2c8\ub2e4. \uad00\ub9ac \uc2dc\uc2a4\ud15c\uc758 \uc694\uad6c \uc0ac\ud56d ...&nbsp;<a href=\"https:\/\/icr.you2.pl\/kr\/certyfikacja-systemow\/iso-14001\/\" rel=\"bookmark\">\uc790\uc138\ud788 \ubcf4\uae30\"<span class=\"screen-reader-text\">ISO 14001<\/span><\/a><\/p>","protected":false},"author":1,"featured_media":1163,"parent":162,"menu_order":0,"comment_status":"closed","ping_status":"closed","template":"","meta":{"neve_meta_sidebar":"","neve_meta_container":"","neve_meta_enable_content_width":"off","neve_meta_content_width":70,"neve_meta_title_alignment":"","neve_meta_author_avatar":"","neve_post_elements_order":"","neve_meta_disable_header":"","neve_meta_disable_footer":"","neve_meta_disable_title":"","footnotes":""},"class_list":["post-1918","page","type-page","status-publish","has-post-thumbnail","hentry"],"yoast_head":"<!-- This site is optimized with the Yoast SEO plugin v26.8 - https:\/\/yoast.com\/product\/yoast-seo-wordpress\/ -->\n<title>ISO 14001 - ICR POLSKA - badania i certyfikacja<\/title>\n<meta name=\"robots\" content=\"index, follow, max-snippet:-1, max-image-preview:large, max-video-preview:-1\" \/>\n<link rel=\"canonical\" href=\"https:\/\/icr.you2.pl\/kr\/certyfikacja-systemow\/iso-14001\/\" \/>\n<meta property=\"og:locale\" content=\"ko_KR\" \/>\n<meta property=\"og:type\" content=\"article\" \/>\n<meta property=\"og:title\" content=\"ISO 14001 - ICR POLSKA - badania i certyfikacja\" \/>\n<meta property=\"og:description\" content=\"Czym jest ISO 14001? ISO 14001 jest mi\u0119dzynarodowym standardem dla system\u00f3w zarz\u0105dzania \u015brodowiskowego regulowanym przez ISO. A dok\u0142adniej, ISO 14001 jest system zarz\u0105dzania, wymagaj\u0105cym wk\u0142adu organizacji w postaci ci\u0105g\u0142ego usuwania lub zmniejszania zagro\u017ce\u0144 \u015brodowiskowych, jakie napotyka organizacja, poprzez systematyczne identyfikowanie, ocenianie, kontrolowania i poprawianie aspekt\u00f3w \u015brodowiskowych, powstaj\u0105cych w trakcie zarz\u0105dzania organizacj\u0105. Wymagania dotycz\u0105ce systemu zarz\u0105dzania&hellip;&nbsp;\ub354 \ubcf4\uae30 &raquo;ISO 14001\" \/>\n<meta property=\"og:url\" content=\"https:\/\/icr.you2.pl\/kr\/certyfikacja-systemow\/iso-14001\/\" \/>\n<meta property=\"og:site_name\" content=\"ICR POLSKA - badania i certyfikacja\" \/>\n<meta property=\"article:modified_time\" content=\"2022-09-07T21:06:39+00:00\" \/>\n<meta name=\"twitter:card\" content=\"summary_large_image\" \/>\n<meta name=\"twitter:label1\" content=\"\uc608\uc0c1 \ub418\ub294 \ud310\ub3c5 \uc2dc\uac04\" \/>\n\t<meta name=\"twitter:data1\" content=\"2\ubd84\" \/>\n<script type=\"application\/ld+json\" class=\"yoast-schema-graph\">{\"@context\":\"https:\/\/schema.org\",\"@graph\":[{\"@type\":\"WebPage\",\"@id\":\"https:\/\/icr.you2.pl\/certyfikacja-systemow\/iso-14001\/\",\"url\":\"https:\/\/icr.you2.pl\/certyfikacja-systemow\/iso-14001\/\",\"name\":\"ISO 14001 - ICR POLSKA - badania i certyfikacja\",\"isPartOf\":{\"@id\":\"https:\/\/icr.you2.pl\/#website\"},\"primaryImageOfPage\":{\"@id\":\"https:\/\/icr.you2.pl\/certyfikacja-systemow\/iso-14001\/#primaryimage\"},\"image\":{\"@id\":\"https:\/\/icr.you2.pl\/certyfikacja-systemow\/iso-14001\/#primaryimage\"},\"thumbnailUrl\":\"\",\"datePublished\":\"2019-05-22T07:39:43+00:00\",\"dateModified\":\"2022-09-07T21:06:39+00:00\",\"breadcrumb\":{\"@id\":\"https:\/\/icr.you2.pl\/certyfikacja-systemow\/iso-14001\/#breadcrumb\"},\"inLanguage\":\"ko-KR\",\"potentialAction\":[{\"@type\":\"ReadAction\",\"target\":[\"https:\/\/icr.you2.pl\/certyfikacja-systemow\/iso-14001\/\"]}]},{\"@type\":\"ImageObject\",\"inLanguage\":\"ko-KR\",\"@id\":\"https:\/\/icr.you2.pl\/certyfikacja-systemow\/iso-14001\/#primaryimage\",\"url\":\"\",\"contentUrl\":\"\"},{\"@type\":\"BreadcrumbList\",\"@id\":\"https:\/\/icr.you2.pl\/certyfikacja-systemow\/iso-14001\/#breadcrumb\",\"itemListElement\":[{\"@type\":\"ListItem\",\"position\":1,\"name\":\"Strona g\u0142\u00f3wna\",\"item\":\"https:\/\/icr.you2.pl\/\"},{\"@type\":\"ListItem\",\"position\":2,\"name\":\"Certyfikacja system\u00f3w ISO\",\"item\":\"https:\/\/icr.you2.pl\/en\/certyfikacja-systemow\/\"},{\"@type\":\"ListItem\",\"position\":3,\"name\":\"ISO 14001\"}]},{\"@type\":\"WebSite\",\"@id\":\"https:\/\/icr.you2.pl\/#website\",\"url\":\"https:\/\/icr.you2.pl\/\",\"name\":\"ICR POLSKA - badania i certyfikacja\",\"description\":\"CE certification, CE certificate, ISO certificate, RED testing, product testing and certification, electrical product testing, medical device testing, ATEX, IECEx, FCC, product certification, EMC testing, machinery certification, CE machines, training, electronic product testing, testing 2014\/53\/EU, drone certification, ISO 13485 certificate, ISO 9001 certificate, NC RfG\",\"publisher\":{\"@id\":\"https:\/\/icr.you2.pl\/#\/schema\/person\/944799c9e2f4a94662e3fcb3b1544baf\"},\"potentialAction\":[{\"@type\":\"SearchAction\",\"target\":{\"@type\":\"EntryPoint\",\"urlTemplate\":\"https:\/\/icr.you2.pl\/?s={search_term_string}\"},\"query-input\":{\"@type\":\"PropertyValueSpecification\",\"valueRequired\":true,\"valueName\":\"search_term_string\"}}],\"inLanguage\":\"ko-KR\"},{\"@type\":[\"Person\",\"Organization\"],\"@id\":\"https:\/\/icr.you2.pl\/#\/schema\/person\/944799c9e2f4a94662e3fcb3b1544baf\",\"name\":\"admin\",\"image\":{\"@type\":\"ImageObject\",\"inLanguage\":\"ko-KR\",\"@id\":\"https:\/\/icr.you2.pl\/#\/schema\/person\/image\/\",\"url\":\"https:\/\/icr.you2.pl\/wp-content\/uploads\/2019\/05\/cropped-logo-icr.32f04ad5-1-1.png\",\"contentUrl\":\"https:\/\/icr.you2.pl\/wp-content\/uploads\/2019\/05\/cropped-logo-icr.32f04ad5-1-1.png\",\"width\":400,\"height\":148,\"caption\":\"admin\"},\"logo\":{\"@id\":\"https:\/\/icr.you2.pl\/#\/schema\/person\/image\/\"}}]}<\/script>\n<!-- \/ Yoast SEO plugin. -->","yoast_head_json":{"title":"ISO 14001 - ICR \ud3f4\ub780\ub4dc - \ud14c\uc2a4\ud2b8 \ubc0f \uc778\uc99d","robots":{"index":"index","follow":"follow","max-snippet":"max-snippet:-1","max-image-preview":"max-image-preview:large","max-video-preview":"max-video-preview:-1"},"canonical":"https:\/\/icr.you2.pl\/kr\/certyfikacja-systemow\/iso-14001\/","og_locale":"ko_KR","og_type":"article","og_title":"ISO 14001 - ICR POLSKA - badania i certyfikacja","og_description":"Czym jest ISO 14001? ISO 14001 jest mi\u0119dzynarodowym standardem dla system\u00f3w zarz\u0105dzania \u015brodowiskowego regulowanym przez ISO. A dok\u0142adniej, ISO 14001 jest system zarz\u0105dzania, wymagaj\u0105cym wk\u0142adu organizacji w postaci ci\u0105g\u0142ego usuwania lub zmniejszania zagro\u017ce\u0144 \u015brodowiskowych, jakie napotyka organizacja, poprzez systematyczne identyfikowanie, ocenianie, kontrolowania i poprawianie aspekt\u00f3w \u015brodowiskowych, powstaj\u0105cych w trakcie zarz\u0105dzania organizacj\u0105. Wymagania dotycz\u0105ce systemu zarz\u0105dzania&hellip;&nbsp;\ub354 \ubcf4\uae30 &raquo;ISO 14001","og_url":"https:\/\/icr.you2.pl\/kr\/certyfikacja-systemow\/iso-14001\/","og_site_name":"ICR POLSKA - badania i certyfikacja","article_modified_time":"2022-09-07T21:06:39+00:00","twitter_card":"summary_large_image","twitter_misc":{"\uc608\uc0c1 \ub418\ub294 \ud310\ub3c5 \uc2dc\uac04":"2\ubd84"},"schema":{"@context":"https:\/\/schema.org","@graph":[{"@type":"WebPage","@id":"https:\/\/icr.you2.pl\/certyfikacja-systemow\/iso-14001\/","url":"https:\/\/icr.you2.pl\/certyfikacja-systemow\/iso-14001\/","name":"ISO 14001 - ICR \ud3f4\ub780\ub4dc - \ud14c\uc2a4\ud2b8 \ubc0f \uc778\uc99d","isPartOf":{"@id":"https:\/\/icr.you2.pl\/#website"},"primaryImageOfPage":{"@id":"https:\/\/icr.you2.pl\/certyfikacja-systemow\/iso-14001\/#primaryimage"},"image":{"@id":"https:\/\/icr.you2.pl\/certyfikacja-systemow\/iso-14001\/#primaryimage"},"thumbnailUrl":"","datePublished":"2019-05-22T07:39:43+00:00","dateModified":"2022-09-07T21:06:39+00:00","breadcrumb":{"@id":"https:\/\/icr.you2.pl\/certyfikacja-systemow\/iso-14001\/#breadcrumb"},"inLanguage":"ko-KR","potentialAction":[{"@type":"ReadAction","target":["https:\/\/icr.you2.pl\/certyfikacja-systemow\/iso-14001\/"]}]},{"@type":"ImageObject","inLanguage":"ko-KR","@id":"https:\/\/icr.you2.pl\/certyfikacja-systemow\/iso-14001\/#primaryimage","url":"","contentUrl":""},{"@type":"BreadcrumbList","@id":"https:\/\/icr.you2.pl\/certyfikacja-systemow\/iso-14001\/#breadcrumb","itemListElement":[{"@type":"ListItem","position":1,"name":"Strona g\u0142\u00f3wna","item":"https:\/\/icr.you2.pl\/"},{"@type":"ListItem","position":2,"name":"Certyfikacja system\u00f3w ISO","item":"https:\/\/icr.you2.pl\/en\/certyfikacja-systemow\/"},{"@type":"ListItem","position":3,"name":"ISO 14001"}]},{"@type":"WebSite","@id":"https:\/\/icr.you2.pl\/#website","url":"https:\/\/icr.you2.pl\/","name":"ICR \ud3f4\ub780\ub4dc - \ud14c\uc2a4\ud2b8 \ubc0f \uc778\uc99d","description":"CE \uc778\uc99d, CE \uc778\uc99d\uc11c, ISO \uc778\uc99d\uc11c, RED \ud14c\uc2a4\ud2b8, \uc81c\ud488 \ud14c\uc2a4\ud2b8 \ubc0f \uc778\uc99d, \uc804\uae30 \uc81c\ud488 \ud14c\uc2a4\ud2b8, \uc758\ub8cc\uae30\uae30 \ud14c\uc2a4\ud2b8, ATEX, IECEx, FCC, \uc81c\ud488 \uc778\uc99d, EMC \ud14c\uc2a4\ud2b8, \uae30\uacc4 \uc778\uc99d, CE \uae30\uacc4, \uad50\uc721, \uc804\uc790 \uc81c\ud488 \ud14c\uc2a4\ud2b8, \ud14c\uc2a4\ud2b8 2014\/53\/EU, \ub4dc\ub860 \uc778\uc99d, ISO 13485 \uc778\uc99d\uc11c, ISO 9001 \uc778\uc99d\uc11c, NC RfG","publisher":{"@id":"https:\/\/icr.you2.pl\/#\/schema\/person\/944799c9e2f4a94662e3fcb3b1544baf"},"potentialAction":[{"@type":"SearchAction","target":{"@type":"EntryPoint","urlTemplate":"https:\/\/icr.you2.pl\/?s={search_term_string}"},"query-input":{"@type":"PropertyValueSpecification","valueRequired":true,"valueName":"search_term_string"}}],"inLanguage":"ko-KR"},{"@type":["Person","Organization"],"@id":"https:\/\/icr.you2.pl\/#\/schema\/person\/944799c9e2f4a94662e3fcb3b1544baf","name":"\uad00\ub9ac\uc790","image":{"@type":"ImageObject","inLanguage":"ko-KR","@id":"https:\/\/icr.you2.pl\/#\/schema\/person\/image\/","url":"https:\/\/icr.you2.pl\/wp-content\/uploads\/2019\/05\/cropped-logo-icr.32f04ad5-1-1.png","contentUrl":"https:\/\/icr.you2.pl\/wp-content\/uploads\/2019\/05\/cropped-logo-icr.32f04ad5-1-1.png","width":400,"height":148,"caption":"admin"},"logo":{"@id":"https:\/\/icr.you2.pl\/#\/schema\/person\/image\/"}}]}},"_links":{"self":[{"href":"https:\/\/icr.you2.pl\/kr\/wp-json\/wp\/v2\/pages\/1918","targetHints":{"allow":["GET"]}}],"collection":[{"href":"https:\/\/icr.you2.pl\/kr\/wp-json\/wp\/v2\/pages"}],"about":[{"href":"https:\/\/icr.you2.pl\/kr\/wp-json\/wp\/v2\/types\/page"}],"author":[{"embeddable":true,"href":"https:\/\/icr.you2.pl\/kr\/wp-json\/wp\/v2\/users\/1"}],"replies":[{"embeddable":true,"href":"https:\/\/icr.you2.pl\/kr\/wp-json\/wp\/v2\/comments?post=1918"}],"version-history":[{"count":0,"href":"https:\/\/icr.you2.pl\/kr\/wp-json\/wp\/v2\/pages\/1918\/revisions"}],"up":[{"embeddable":true,"href":"https:\/\/icr.you2.pl\/kr\/wp-json\/wp\/v2\/pages\/162"}],"wp:featuredmedia":[{"embeddable":true,"href":"https:\/\/icr.you2.pl\/kr\/wp-json\/"}],"wp:attachment":[{"href":"https:\/\/icr.you2.pl\/kr\/wp-json\/wp\/v2\/media?parent=1918"}],"curies":[{"name":"wp","href":"https:\/\/api.w.org\/{rel}","templated":true}]}}