{"id":1971,"date":"2019-05-22T20:16:17","date_gmt":"2019-05-22T20:16:17","guid":{"rendered":"http:\/\/icrpolska.e-ksperci.pl\/?page_id=1971"},"modified":"2023-01-13T18:11:48","modified_gmt":"2023-01-13T17:11:48","slug":"inspekcje-i-audity","status":"publish","type":"page","link":"https:\/\/icr.you2.pl\/kr\/inspekcje-i-audity\/","title":{"rendered":"\uac80\uc0ac \ubc0f \uac10\uc0ac"},"content":{"rendered":"<p><b>\uac80\uc0ac<\/b><\/p>\n<p><span style=\"font-weight: 400;\">\uac80\uc0ac\ub294 \ud2b9\ud788 \ud2b9\uc815 \ud45c\uc900\uc758 \uc694\uad6c \uc0ac\ud56d \ubc0f \ub2e4\uc74c \uc9c0\uce68\uc758 \uc694\uad6c \uc0ac\ud56d\uc744 \uc900\uc218\ud558\ub294\uc9c0 \ud655\uc778\ud558\uae30 \uc704\ud574 \ubc95\uc778\uc758 \uc5ed\ub7c9 \ubc94\uc704 \ub0b4\uc5d0\uc11c ICR Polska Sp. z oo\uc758 \uc9c1\uc6d0\uc774 \uc218\ud589\ud569\ub2c8\ub2e4. <a href=\"https:\/\/eur-lex.europa.eu\/legal-content\/PL\/TXT\/PDF\/?uri=CELEX:32006L0042&amp;from=PL\" target=\"_blank\" rel=\"noopener noreferrer\">2006\/42\/EC<\/a>, \uc800\uc804\uc555 <a href=\"https:\/\/eur-lex.europa.eu\/legal-content\/PL\/TXT\/PDF\/?uri=CELEX:32014L0035&amp;from=PL\" target=\"_blank\" rel=\"noopener noreferrer\">2014\/35\/EU<\/a>\uc804\uc790\ud30c \uc801\ud569\uc131 EMC <a href=\"https:\/\/eur-lex.europa.eu\/legal-content\/PL\/TXT\/PDF\/?uri=CELEX:32014L0030&amp;from=PL\" target=\"_blank\" rel=\"noopener noreferrer\">2014\/30\/EU<\/a> \ubc0f RED \ub77c\ub514\uc624 <a href=\"https:\/\/eur-lex.europa.eu\/legal-content\/PL\/TXT\/PDF\/?uri=CELEX:32014L0053&amp;from=PL\" target=\"_blank\" rel=\"noopener noreferrer\">2014\/53\/EU<\/a>\ud3ed\ubc1c\uc131 \ub300\uae30 \ubc0f \ud3ed\ubc1c \uac00\ub2a5\uc131\uc774 \uc788\ub294 \ub300\uae30\uc5d0\uc11c \uc0ac\uc6a9\ud558\ub3c4\ub85d \uc124\uacc4\ub41c \uc7a5\ube44 ATEX <a href=\"https:\/\/eur-lex.europa.eu\/legal-content\/PL\/TXT\/PDF\/?uri=CELEX:32014L0034&amp;from=PL\" target=\"_blank\" rel=\"noopener noreferrer\">2014\/34\/EU<\/a> \ubc0f \ub124\ud2b8\uc6cc\ud06c \ucf54\ub4dc - NC RfG <a href=\"https:\/\/eur-lex.europa.eu\/legal-content\/PL\/TXT\/PDF\/?uri=CELEX:32016R0631&amp;from=PL\" target=\"_blank\" rel=\"noopener\">(EU) 2016\/631<\/a><\/span><\/p>\n<p><span style=\"font-weight: 400;\">\uac80\uc0ac\ub294 \uc0dd\uc0b0 \uacf5\uc815, \uadf8 \ub2e8\ud3b8 \ub610\ub294 \uc0c1\ud638 \uad00\uacc4, \uadf8\ub9ac\uace0 \uadf8\ub7ec\ud55c \uacf5\uc815\uc758 \uacb0\uacfc\ubb3c\uc778 \ucd5c\uc885 \uc81c\ud488 \ub610\ub294 \ud558\uc704 \uc5b4\uc148\ube14\ub9ac\ub97c \ubaa8\ub450 \ud3ec\ud568\ud560 \uc218 \uc788\uc2b5\ub2c8\ub2e4. \uac80\uc0ac\ub294 \uacf5\uc815 \uacfc\uc815\uc744 \ud3c9\uac00\ud558\uace0 \uadf8 \ud6a8\uacfc\ub97c \uac80\uc99d\ud560 \uc218 \uc788\ub294 \uc2dc\uc810\uc5d0 \uace0\uac1d\uc758 \ud604\uc7a5, \uc0dd\uc0b0 \uc7a5\uc18c\uc5d0\uc11c \uc218\ud589\ub429\ub2c8\ub2e4. \uac80\uc0ac\ub294 EC\/EU \ud615\uc2dd \ud14c\uc2a4\ud2b8\ub97c \ud3ec\ud568\ud55c \uc81c\ud488 \ud14c\uc2a4\ud2b8 \ubc0f \uc801\ud569\uc131 \ud3c9\uac00\ub85c \ubcf4\uc644\ub420 \uc218 \uc788\uc2b5\ub2c8\ub2e4.<\/span><\/p>\n<p><span style=\"font-weight: 400;\">\uac80\uc0ac\ub294 \ubb34\uc5c7\ubcf4\ub2e4\ub3c4 \ub2e4\uc74c\uc744 \ud5c8\uc6a9\ud569\ub2c8\ub2e4:<\/span><\/p>\n<ul>\n<li style=\"font-weight: 400;\"><span style=\"font-weight: 400;\">\uc0dd\uc0b0 \ub610\ub294 \uc0dd\uc0b0 \ub77c\uc778 \uad6c\ud604\uc5d0 \ud544\uc694\ud55c \uc694\uad6c \uc0ac\ud56d\uc774 \ucda9\uc871\ub418\ub294\uc9c0 \ud655\uc778\ud569\ub2c8\ub2e4;<\/span><\/li>\n<\/ul>\n<ul>\n<li style=\"font-weight: 400;\"><span style=\"font-weight: 400;\">\uc81c\ud488 \ub77c\ubca8\ub9c1 \uc694\uac74(\uc608: CE, B, KC, ATEX)\uc744 \uc900\uc218\ud558\ub294\uc9c0 \ud655\uc778\ud569\ub2c8\ub2e4.<\/span><\/li>\n<\/ul>\n<p><span style=\"font-weight: 400;\">\uac80\uc0ac \ud6c4 \uace0\uac1d\uc740 \uc694\uad6c \uc0ac\ud56d \ucda9\uc871 \uc5ec\ubd80\uc5d0 \ub300\ud55c \ud3c9\uac00\uc640 \uad00\ub828\ub41c \uc704\ud5d8 \uac10\uc18c \uac00\ub2a5\uc131 \ub4f1 \uad6c\uccb4\uc801\uc778 \uad8c\uc7a5 \uc0ac\ud56d\uc774 \ud3ec\ud568\ub41c \ubcf4\uace0\uc11c\ub97c \ubc1b\uac8c \ub429\ub2c8\ub2e4.<\/span><\/p>\n<p><span style=\"font-weight: 400;\">ICR Polska Sp. z o.o.\uac00 \uac80\uc0ac\ub97c \uc218\ud589\ud558\ub294 \ub3d9\uc548. \uace0\uac1d\uc5d0\uac8c \uc9c4\ud589 \uc0c1\ud669\uacfc \ubd80\ubd84\uc801\uc778 \uad00\ucc30 \uc0ac\ud56d\uc744 \uacc4\uc18d \uc54c\ub824\uc8fc\uace0 \ucd5c\uc885 \ubcf4\uace0\uc11c\ub97c \uace0\uac1d\uacfc \ub17c\uc758\ud569\ub2c8\ub2e4.<\/span><\/p>\n<p><b>\uac10\uc0ac <\/b><\/p>\n<p><span style=\"font-weight: 400;\">\uac10\uc0ac\ub294 ICR Polska Sp. z o.o.\uc5d0\uc11c \uc218\ud589\ud558\ub294 \uc11c\ube44\uc2a4\ub85c, \uae30\uc5c5\uac00\ub97c \uc704\ud55c \uc11c\ube44\uc2a4 \ub610\ub294 \uc0c1\ud488 \uacf5\uae09\uc5c5\uccb4\ub97c \ud3ec\uad04\uc801\uc778 \ubc29\uc2dd\uc73c\ub85c \uc2e0\uc18d\ud558\uace0 \uc2e0\ub8b0\ud560 \uc218 \uc788\uac8c \ud3c9\uac00\ud560 \uc218 \uc788\uc2b5\ub2c8\ub2e4. ICR Polska Sp. \uac10\uc0ac\uad00\uc758 \ub3c5\ub9bd\uc131\uacfc \ud655\uc778\ub41c \ub2a5\ub825\uc740 \uc8fc\ubb38 \uae30\uc5c5\uc758 \uae30\ub300\uc640 \uc694\uad6c \uc0ac\ud56d\uc5d0 \ub530\ub77c \uacf5\uae09\uc5c5\uccb4\uac00 \ub9e1\uaca8\uc9c4 \uc791\uc5c5\uc744 \uc218\ud589\ud560 \uc218 \uc788\ub294 \ub2a5\ub825\uc744 \uac1d\uad00\uc801\uc73c\ub85c \ud3c9\uac00\ud560 \uc218 \uc788\uac8c \ud574\uc90d\ub2c8\ub2e4.<\/span><\/p>\n<p><span style=\"font-weight: 400;\">\uace0\uac1d\uc758 \ud544\uc694\uc640 \uc694\uad6c \uc0ac\ud56d\uc5d0 \ub530\ub77c \uac1c\ubcc4\uc801\uc73c\ub85c \ub9de\ucda4\ud654\ub41c \uac10\uc0ac\ub294 \ub300\ubd80\ubd84 \ub3c5\ub9bd\uc801\uc73c\ub85c \uc218\ud589\ub418\ub294 \ud3c9\uac00\ub85c, \ubb34\uc5c7\ubcf4\ub2e4\ub3c4 \ub2e4\uc74c\uc744 \ud655\uc778\ud569\ub2c8\ub2e4:<\/span><\/p>\n<ul>\n<li style=\"font-weight: 400;\"><span style=\"font-weight: 400;\">\ud2b9\uc815 \uace0\uac1d \uc694\uad6c \uc0ac\ud56d, \uc81c\ud488\uc758 \uae30\uc220\uc801 \ud2b9\uc131, \uc870\uc9c1 \ubc0f\/\ub610\ub294 \ubc95\uc801 \uc694\uad6c \uc0ac\ud56d \ub610\ub294 \ud68c\uc0ac \ub610\ub294 \uc18c\uc720\uc790\uac00 \ubd80\uacfc\ud55c \uae30\ud0c0 \uae30\uc900\uc744 \ucda9\uc871\ud560 \uc218 \uc788\ub294 \ub2a5\ub825;<\/span><\/li>\n<li style=\"font-weight: 400;\"><span style=\"font-weight: 400;\">\uac74\uac15 \ubc0f \uc548\uc804, \ud658\uacbd \ubcf4\ud638, \uac1c\uc778 \ub370\uc774\ud130 \ubcf4\ud638(RODO) \ubc0f \uc815\ubcf4 \ubcf4\ud638 \uc694\uad6c \uc0ac\ud56d\uc744 \ucda9\uc871\ud560 \uc218 \uc788\ub294 \ub2a5\ub825\uc785\ub2c8\ub2e4;<\/span><\/li>\n<li style=\"font-weight: 400;\"><span style=\"font-weight: 400;\">\ud488\uc9c8 \ud504\ub85c\uadf8\ub7a8\uc758 \uae30\uc900\uc744 \ucda9\uc871\ud560 \uc218 \uc788\ub294 \ub2a5\ub825(\uc608: LEAN, 6 \uc2dc\uadf8\ub9c8, 5S, SMED, KAIZEN).<\/span><\/li>\n<\/ul>\n<p><span style=\"font-weight: 400;\">\uac10\uc0ac\ub294 \uc6d0\ud558\ub294 \uae30\uc5c5\uc744 \uc704\ud55c \uc720\uc5f0\ud558\uace0 \ud3ec\uad04\uc801\uc778 \uc194\ub8e8\uc158\uc785\ub2c8\ub2e4:<\/span><\/p>\n<ul>\n<li style=\"font-weight: 400;\"><span style=\"font-weight: 400;\">\ub0b4\ubd80 \ubc0f \uc678\ubd80 \ud504\ub85c\uc138\uc2a4\uc758 \ucd5c\uc801\ud654\ub97c \ud1b5\ud574 \ube44\uc988\ub2c8\uc2a4 \ubc0f \uc81c\uacf5\uc5d0 \ub300\ud55c \uae30\ud68c\uc640 \uc704\ud611\uc744 \uc2dd\ubcc4\ud558\uace0 \ud65c\uc6a9\ud569\ub2c8\ub2e4;<\/span><\/li>\n<li style=\"font-weight: 400;\"><span style=\"font-weight: 400;\">\uc0dd\uc0b0 \ud504\ub85c\uc138\uc2a4 \ubc0f\/\ub610\ub294 \uc81c\uacf5\ub418\ub294 \uc11c\ube44\uc2a4\ub97c \ud3ec\ud568\ud55c \ub0b4\ubd80 \ubc0f \uc678\ubd80 \ud504\ub85c\uc138\uc2a4\ub97c \uac1c\uc120\ud569\ub2c8\ub2e4;<\/span><\/li>\n<li style=\"font-weight: 400;\"><span style=\"font-weight: 400;\">\ube44\uc988\ub2c8\uc2a4\uc758 \uc704\ud5d8\uc744 \uc2dd\ubcc4\ud558\uace0 \ud6a8\uacfc\uc801\uc73c\ub85c \uc644\ud654\ud569\ub2c8\ub2e4;<\/span><\/li>\n<li style=\"font-weight: 400;\"><span style=\"font-weight: 400;\">\ube44\uc988\ub2c8\uc2a4\uc5d0 \ud544\uc694\ud55c \uae30\uc220 \ubc0f \ubc95\uc801 \uc694\uad6c \uc0ac\ud56d, \uacc4\uc57d\uc790 \uc9c0\uce68 \ubc0f \ub0b4\ubd80 \uc815\ucc45\uc744 \ucda9\uc871\ud569\ub2c8\ub2e4.<\/span><\/li>\n<\/ul>\n<p><span style=\"font-weight: 400;\">\uac10\uc0ac \ud6c4 \uace0\uac1d\uc740 \uacf5\uae09\uc5c5\uccb4\uc758 \uc694\uad6c\uc0ac\ud56d \uc774\ud589\uc5d0 \ub300\ud55c \ud3c9\uac00\uc640 \uc601\ud5a5\ub825 \uc788\ub294 \uc678\ubd80 \uc774\ud574\uad00\uacc4\uc790 \ub610\ub294 \ub0b4\ubd80 \ud504\ub85c\uc138\uc2a4\ub97c \uace0\ub824\ud558\uc5ec \ub9ac\uc18c\uc2a4\ub97c \ub354 \uc798 \ud560\ub2f9\ud558\ub294 \ubc29\ubc95, \uc704\ud5d8\uc744 \uc904\uc774\ub294 \ubc29\ubc95, \uacf5\uae09\uc5c5\uccb4 \uad00\ub828 \uae30\ud68c\ub97c \ud65c\uc6a9\ud558\ub294 \ubc29\ubc95 \ub4f1 \uad6c\uccb4\uc801\uc778 \uad8c\uc7a5 \uc0ac\ud56d\uc774 \ud3ec\ud568\ub41c \ubcf4\uace0\uc11c\ub97c \ubc1b\uac8c \ub429\ub2c8\ub2e4.<\/span><\/p>\n<p class=\"translation-block\"><span style=\"font-weight: 400\">ICR Polska Sp. z o.o.\uac00 \uac10\uc0ac\ub97c \uc2e4\uc2dc\ud558\ub294 \ub3d9\uc548. \uace0\uac1d\uc5d0\uac8c \uc9c4\ud589 \uc0c1\ud669\uacfc \ubd80\ubd84\uc801\uc778 \uacb0\uacfc\ub97c \uc9c0\uc18d\uc801\uc73c\ub85c \uc54c\ub824\ub4dc\ub9ac\uba70, \ucd5c\uc885 \ubcf4\uace0\uc11c\ub294 \uc694\uccad \uc2dc \uacf5\uae09\uc5c5\uccb4\uc758 \ucc38\uc5ec \ud558\uc5d0 \uace0\uac1d\uacfc \ub17c\uc758\ud569\ub2c8\ub2e4.<\/p>\n<p>&nbsp;<\/p>","protected":false},"excerpt":{"rendered":"<p>\uac80\uc0ac \uac80\uc0ac\ub294 \ud2b9\ud788 \ud2b9\uc815 \ud45c\uc900\uc758 \uc694\uad6c \uc0ac\ud56d\uacfc \ub2e4\uc74c \uc9c0\uce68\uc758 \uc694\uad6c \uc0ac\ud56d\uc744 \uc900\uc218\ud558\ub294\uc9c0 \ud655\uc778\ud558\uae30 \uc704\ud574 \ubc95\uc778\uc758 \uc5ed\ub7c9 \ubc94\uc704 \ub0b4\uc5d0\uc11c ICR Polska Sp. z o.o. \uc9c1\uc6d0\uc774 \uc218\ud589\ud569\ub2c8\ub2e4: \uae30\uacc4 2006\/42\/EC, \uc800\uc804\uc555 2014\/35\/EU, \uc804\uc790\uae30 \uc801\ud569\uc131 EMC 2014\/30\/EU \ubc0f \ubb34\uc120 RED 2014\/53\/EU, \ud3ed\ubc1c\uc131 \ub300\uae30 \ubc0f \ud3ed\ubc1c \uac00\ub2a5\uc131\uc774 \uc788\ub294 \ub300\uae30\uc5d0\uc11c \uc0ac\uc6a9\ud558\uae30 \uc704\ud55c \uc7a5\ube44 ATEX 2014\/34\/EU \ubc0f \ub124\ud2b8\uc6cc\ud06c \ucf54\ub4dc.....&nbsp;<a href=\"https:\/\/icr.you2.pl\/kr\/inspekcje-i-audity\/\" rel=\"bookmark\">\uc790\uc138\ud788 \ubcf4\uae30\"<span class=\"screen-reader-text\">\uac80\uc0ac \ubc0f \uac10\uc0ac<\/span><\/a><\/p>","protected":false},"author":1,"featured_media":1137,"parent":0,"menu_order":0,"comment_status":"closed","ping_status":"closed","template":"","meta":{"neve_meta_sidebar":"","neve_meta_container":"","neve_meta_enable_content_width":"off","neve_meta_content_width":70,"neve_meta_title_alignment":"","neve_meta_author_avatar":"","neve_post_elements_order":"","neve_meta_disable_header":"","neve_meta_disable_footer":"","neve_meta_disable_title":"","footnotes":""},"class_list":["post-1971","page","type-page","status-publish","has-post-thumbnail","hentry"],"yoast_head":"<!-- This site is optimized with the Yoast SEO plugin v26.8 - https:\/\/yoast.com\/product\/yoast-seo-wordpress\/ -->\n<title>Inspekcje i Audity - ICR POLSKA - badania i certyfikacja<\/title>\n<meta name=\"robots\" content=\"index, follow, max-snippet:-1, max-image-preview:large, max-video-preview:-1\" \/>\n<link rel=\"canonical\" href=\"https:\/\/icr.you2.pl\/kr\/inspekcje-i-audity\/\" \/>\n<meta property=\"og:locale\" content=\"ko_KR\" \/>\n<meta property=\"og:type\" content=\"article\" \/>\n<meta property=\"og:title\" content=\"Inspekcje i Audity - ICR POLSKA - badania i certyfikacja\" \/>\n<meta property=\"og:description\" content=\"Inspekcje Inspekcje s\u0105 prowadzone przez pracownik\u00f3w ICR Polska Sp. z o.o. w zakresie kompetencji jednostki, w szczeg\u00f3lno\u015bci celem potwierdzenia spe\u0142nienia wymaga\u0144 norm szczeg\u00f3\u0142owych i wymaga\u0144 dyrektyw: maszynowej 2006\/42\/EC, niskonapi\u0119ciowej 2014\/35\/EU, kompatybilno\u015bci elektromagnetycznej EMC 2014\/30\/EU i radiowej RED 2014\/53\/EU, stref zagro\u017conych wybuchem i urz\u0105dze\u0144 przeznaczonych do pracy w atmosferach potencjalnie wybuchowych ATEX 2014\/34\/EU oraz Kodeksu sieciowego&hellip;&nbsp;\ub354 \ubcf4\uae30 &raquo;Inspekcje i Audity\" \/>\n<meta property=\"og:url\" content=\"https:\/\/icr.you2.pl\/kr\/inspekcje-i-audity\/\" \/>\n<meta property=\"og:site_name\" content=\"ICR POLSKA - badania i certyfikacja\" \/>\n<meta property=\"article:modified_time\" content=\"2023-01-13T17:11:48+00:00\" \/>\n<meta name=\"twitter:card\" content=\"summary_large_image\" \/>\n<meta name=\"twitter:label1\" content=\"\uc608\uc0c1 \ub418\ub294 \ud310\ub3c5 \uc2dc\uac04\" \/>\n\t<meta name=\"twitter:data1\" content=\"3\ubd84\" \/>\n<script type=\"application\/ld+json\" class=\"yoast-schema-graph\">{\"@context\":\"https:\/\/schema.org\",\"@graph\":[{\"@type\":\"WebPage\",\"@id\":\"https:\/\/icr.you2.pl\/inspekcje-i-audity\/\",\"url\":\"https:\/\/icr.you2.pl\/inspekcje-i-audity\/\",\"name\":\"Inspekcje i Audity - ICR POLSKA - badania i certyfikacja\",\"isPartOf\":{\"@id\":\"https:\/\/icr.you2.pl\/#website\"},\"primaryImageOfPage\":{\"@id\":\"https:\/\/icr.you2.pl\/inspekcje-i-audity\/#primaryimage\"},\"image\":{\"@id\":\"https:\/\/icr.you2.pl\/inspekcje-i-audity\/#primaryimage\"},\"thumbnailUrl\":\"\",\"datePublished\":\"2019-05-22T20:16:17+00:00\",\"dateModified\":\"2023-01-13T17:11:48+00:00\",\"breadcrumb\":{\"@id\":\"https:\/\/icr.you2.pl\/inspekcje-i-audity\/#breadcrumb\"},\"inLanguage\":\"ko-KR\",\"potentialAction\":[{\"@type\":\"ReadAction\",\"target\":[\"https:\/\/icr.you2.pl\/inspekcje-i-audity\/\"]}]},{\"@type\":\"ImageObject\",\"inLanguage\":\"ko-KR\",\"@id\":\"https:\/\/icr.you2.pl\/inspekcje-i-audity\/#primaryimage\",\"url\":\"\",\"contentUrl\":\"\"},{\"@type\":\"BreadcrumbList\",\"@id\":\"https:\/\/icr.you2.pl\/inspekcje-i-audity\/#breadcrumb\",\"itemListElement\":[{\"@type\":\"ListItem\",\"position\":1,\"name\":\"Strona g\u0142\u00f3wna\",\"item\":\"https:\/\/icr.you2.pl\/\"},{\"@type\":\"ListItem\",\"position\":2,\"name\":\"Inspekcje i Audity\"}]},{\"@type\":\"WebSite\",\"@id\":\"https:\/\/icr.you2.pl\/#website\",\"url\":\"https:\/\/icr.you2.pl\/\",\"name\":\"ICR POLSKA - badania i certyfikacja\",\"description\":\"CE certification, CE certificate, ISO certificate, RED testing, product testing and certification, electrical product testing, medical device testing, ATEX, IECEx, FCC, product certification, EMC testing, machinery certification, CE machines, training, electronic product testing, testing 2014\/53\/EU, drone certification, ISO 13485 certificate, ISO 9001 certificate, NC RfG\",\"publisher\":{\"@id\":\"https:\/\/icr.you2.pl\/#\/schema\/person\/944799c9e2f4a94662e3fcb3b1544baf\"},\"potentialAction\":[{\"@type\":\"SearchAction\",\"target\":{\"@type\":\"EntryPoint\",\"urlTemplate\":\"https:\/\/icr.you2.pl\/?s={search_term_string}\"},\"query-input\":{\"@type\":\"PropertyValueSpecification\",\"valueRequired\":true,\"valueName\":\"search_term_string\"}}],\"inLanguage\":\"ko-KR\"},{\"@type\":[\"Person\",\"Organization\"],\"@id\":\"https:\/\/icr.you2.pl\/#\/schema\/person\/944799c9e2f4a94662e3fcb3b1544baf\",\"name\":\"admin\",\"image\":{\"@type\":\"ImageObject\",\"inLanguage\":\"ko-KR\",\"@id\":\"https:\/\/icr.you2.pl\/#\/schema\/person\/image\/\",\"url\":\"https:\/\/icr.you2.pl\/wp-content\/uploads\/2019\/05\/cropped-logo-icr.32f04ad5-1-1.png\",\"contentUrl\":\"https:\/\/icr.you2.pl\/wp-content\/uploads\/2019\/05\/cropped-logo-icr.32f04ad5-1-1.png\",\"width\":400,\"height\":148,\"caption\":\"admin\"},\"logo\":{\"@id\":\"https:\/\/icr.you2.pl\/#\/schema\/person\/image\/\"}}]}<\/script>\n<!-- \/ Yoast SEO plugin. -->","yoast_head_json":{"title":"\uac80\uc0ac \ubc0f \uac10\uc0ac - ICR POLAND - \uc2dc\ud5d8 \ubc0f \uc778\uc99d","robots":{"index":"index","follow":"follow","max-snippet":"max-snippet:-1","max-image-preview":"max-image-preview:large","max-video-preview":"max-video-preview:-1"},"canonical":"https:\/\/icr.you2.pl\/kr\/inspekcje-i-audity\/","og_locale":"ko_KR","og_type":"article","og_title":"Inspekcje i Audity - ICR POLSKA - badania i certyfikacja","og_description":"Inspekcje Inspekcje s\u0105 prowadzone przez pracownik\u00f3w ICR Polska Sp. z o.o. w zakresie kompetencji jednostki, w szczeg\u00f3lno\u015bci celem potwierdzenia spe\u0142nienia wymaga\u0144 norm szczeg\u00f3\u0142owych i wymaga\u0144 dyrektyw: maszynowej 2006\/42\/EC, niskonapi\u0119ciowej 2014\/35\/EU, kompatybilno\u015bci elektromagnetycznej EMC 2014\/30\/EU i radiowej RED 2014\/53\/EU, stref zagro\u017conych wybuchem i urz\u0105dze\u0144 przeznaczonych do pracy w atmosferach potencjalnie wybuchowych ATEX 2014\/34\/EU oraz Kodeksu sieciowego&hellip;&nbsp;\ub354 \ubcf4\uae30 &raquo;Inspekcje i Audity","og_url":"https:\/\/icr.you2.pl\/kr\/inspekcje-i-audity\/","og_site_name":"ICR POLSKA - badania i certyfikacja","article_modified_time":"2023-01-13T17:11:48+00:00","twitter_card":"summary_large_image","twitter_misc":{"\uc608\uc0c1 \ub418\ub294 \ud310\ub3c5 \uc2dc\uac04":"3\ubd84"},"schema":{"@context":"https:\/\/schema.org","@graph":[{"@type":"WebPage","@id":"https:\/\/icr.you2.pl\/inspekcje-i-audity\/","url":"https:\/\/icr.you2.pl\/inspekcje-i-audity\/","name":"\uac80\uc0ac \ubc0f \uac10\uc0ac - ICR POLAND - \uc2dc\ud5d8 \ubc0f \uc778\uc99d","isPartOf":{"@id":"https:\/\/icr.you2.pl\/#website"},"primaryImageOfPage":{"@id":"https:\/\/icr.you2.pl\/inspekcje-i-audity\/#primaryimage"},"image":{"@id":"https:\/\/icr.you2.pl\/inspekcje-i-audity\/#primaryimage"},"thumbnailUrl":"","datePublished":"2019-05-22T20:16:17+00:00","dateModified":"2023-01-13T17:11:48+00:00","breadcrumb":{"@id":"https:\/\/icr.you2.pl\/inspekcje-i-audity\/#breadcrumb"},"inLanguage":"ko-KR","potentialAction":[{"@type":"ReadAction","target":["https:\/\/icr.you2.pl\/inspekcje-i-audity\/"]}]},{"@type":"ImageObject","inLanguage":"ko-KR","@id":"https:\/\/icr.you2.pl\/inspekcje-i-audity\/#primaryimage","url":"","contentUrl":""},{"@type":"BreadcrumbList","@id":"https:\/\/icr.you2.pl\/inspekcje-i-audity\/#breadcrumb","itemListElement":[{"@type":"ListItem","position":1,"name":"Strona g\u0142\u00f3wna","item":"https:\/\/icr.you2.pl\/"},{"@type":"ListItem","position":2,"name":"Inspekcje i Audity"}]},{"@type":"WebSite","@id":"https:\/\/icr.you2.pl\/#website","url":"https:\/\/icr.you2.pl\/","name":"ICR \ud3f4\ub780\ub4dc - \ud14c\uc2a4\ud2b8 \ubc0f \uc778\uc99d","description":"CE \uc778\uc99d, CE \uc778\uc99d\uc11c, ISO \uc778\uc99d\uc11c, RED \ud14c\uc2a4\ud2b8, \uc81c\ud488 \ud14c\uc2a4\ud2b8 \ubc0f \uc778\uc99d, \uc804\uae30 \uc81c\ud488 \ud14c\uc2a4\ud2b8, \uc758\ub8cc\uae30\uae30 \ud14c\uc2a4\ud2b8, ATEX, IECEx, FCC, \uc81c\ud488 \uc778\uc99d, EMC \ud14c\uc2a4\ud2b8, \uae30\uacc4 \uc778\uc99d, CE \uae30\uacc4, \uad50\uc721, \uc804\uc790 \uc81c\ud488 \ud14c\uc2a4\ud2b8, \ud14c\uc2a4\ud2b8 2014\/53\/EU, \ub4dc\ub860 \uc778\uc99d, ISO 13485 \uc778\uc99d\uc11c, ISO 9001 \uc778\uc99d\uc11c, NC RfG","publisher":{"@id":"https:\/\/icr.you2.pl\/#\/schema\/person\/944799c9e2f4a94662e3fcb3b1544baf"},"potentialAction":[{"@type":"SearchAction","target":{"@type":"EntryPoint","urlTemplate":"https:\/\/icr.you2.pl\/?s={search_term_string}"},"query-input":{"@type":"PropertyValueSpecification","valueRequired":true,"valueName":"search_term_string"}}],"inLanguage":"ko-KR"},{"@type":["Person","Organization"],"@id":"https:\/\/icr.you2.pl\/#\/schema\/person\/944799c9e2f4a94662e3fcb3b1544baf","name":"\uad00\ub9ac\uc790","image":{"@type":"ImageObject","inLanguage":"ko-KR","@id":"https:\/\/icr.you2.pl\/#\/schema\/person\/image\/","url":"https:\/\/icr.you2.pl\/wp-content\/uploads\/2019\/05\/cropped-logo-icr.32f04ad5-1-1.png","contentUrl":"https:\/\/icr.you2.pl\/wp-content\/uploads\/2019\/05\/cropped-logo-icr.32f04ad5-1-1.png","width":400,"height":148,"caption":"admin"},"logo":{"@id":"https:\/\/icr.you2.pl\/#\/schema\/person\/image\/"}}]}},"_links":{"self":[{"href":"https:\/\/icr.you2.pl\/kr\/wp-json\/wp\/v2\/pages\/1971","targetHints":{"allow":["GET"]}}],"collection":[{"href":"https:\/\/icr.you2.pl\/kr\/wp-json\/wp\/v2\/pages"}],"about":[{"href":"https:\/\/icr.you2.pl\/kr\/wp-json\/wp\/v2\/types\/page"}],"author":[{"embeddable":true,"href":"https:\/\/icr.you2.pl\/kr\/wp-json\/wp\/v2\/users\/1"}],"replies":[{"embeddable":true,"href":"https:\/\/icr.you2.pl\/kr\/wp-json\/wp\/v2\/comments?post=1971"}],"version-history":[{"count":0,"href":"https:\/\/icr.you2.pl\/kr\/wp-json\/wp\/v2\/pages\/1971\/revisions"}],"wp:featuredmedia":[{"embeddable":true,"href":"https:\/\/icr.you2.pl\/kr\/wp-json\/"}],"wp:attachment":[{"href":"https:\/\/icr.you2.pl\/kr\/wp-json\/wp\/v2\/media?parent=1971"}],"curies":[{"name":"wp","href":"https:\/\/api.w.org\/{rel}","templated":true}]}}