{"id":2017,"date":"2019-05-28T10:56:22","date_gmt":"2019-05-28T10:56:22","guid":{"rendered":"http:\/\/icrpolska.e-ksperci.pl\/?page_id=2017"},"modified":"2024-03-26T11:59:34","modified_gmt":"2024-03-26T10:59:34","slug":"md-2006-42-we-bezpieczenstwo-maszyn","status":"publish","type":"page","link":"https:\/\/icr.you2.pl\/kr\/certyfikacja-wyrobow\/md-2006-42-we-bezpieczenstwo-maszyn\/","title":{"rendered":"MD 2006\/42\/EC - \uae30\uacc4\ub958\uc758 \uc548\uc804"},"content":{"rendered":"<p><span style=\"font-weight: 400;\">\uae30\uacc4\ub958 \uc9c0\uce68\uc5d0 \ub300\ud55c \uac15\uc81c \uc801\ud569\uc131 \ud3c9\uac00 \ud504\ub85c\uadf8\ub7a8\uc740 \uc9c0\uce68\uc758 \ubd80\ub85d IV\uc5d0 \ub098\uc5f4\ub41c \uc81c\ud488\uc744 \ub300\uc0c1\uc73c\ub85c \ud569\ub2c8\ub2e4. \uc5ec\uae30\uc5d0\ub294 \ub2e4\uc74c\uc774 \ud3ec\ud568\ub429\ub2c8\ub2e4:<\/span><\/p>\n<ul>\n<li style=\"font-weight: 400;\"><span style=\"font-weight: 400;\">\uae08\uc18d \ub0c9\uac04 \uac00\uacf5\uc744 \uc704\ud55c \ud504\ub808\uc2a4 \ube0c\ub808\uc774\ud06c\ub97c \ud3ec\ud568\ud55c \uae30\uacc4\uc2dd, \uc720\uc555\uc2dd \ubc0f \uacf5\uc555\uc2dd \ud504\ub808\uc2a4;<\/span><\/li>\n<li style=\"font-weight: 400;\"><span style=\"font-weight: 400;\">\uc218\ub3d9 \ub85c\ub529 \ub610\ub294 \uc5b8\ub85c\ub529\uc774 \uac00\ub2a5\ud55c \ud50c\ub77c\uc2a4\ud2f1 \uc0ac\ucd9c \uc131\ud615\uae30 \ub610\ub294 \ud504\ub808\uc2a4;<\/span><\/li>\n<li style=\"font-weight: 400;\"><span style=\"font-weight: 400;\">\uc218\ub3d9 \uacf5\uae09 \ub610\ub294 \uc5b8\ub85c\ub529\uc774 \uac00\ub2a5\ud55c \uace0\ubb34 \uc81c\ud488\uc6a9 \uc0ac\ucd9c \uc131\ud615\uae30 \ub610\ub294 \ud504\ub808\uc2a4;<\/span><\/li>\n<li style=\"font-weight: 400;\"><span style=\"font-weight: 400;\">\uc6d0\ud615 \ud1b1, \ub760\ud1b1;<\/span><\/li>\n<li style=\"font-weight: 400;\"><span style=\"font-weight: 400;\">\ud50c\ub798\ub108;<\/span><\/li>\n<li style=\"font-weight: 400;\"><span style=\"font-weight: 400;\">\ubc00\ub9c1 \uba38\uc2e0;<\/span><\/li>\n<li style=\"font-weight: 400;\"><span style=\"font-weight: 400;\">\ucc28\ub7c9 \uc11c\ube44\uc2a4 \ub9ac\ud504\ud2b8;<\/span><\/li>\n<li style=\"font-weight: 400;\"><span style=\"font-weight: 400;\">3\ubbf8\ud130 \uc774\uc0c1\uc758 \ub192\uc774\uc5d0\uc11c \ub5a8\uc5b4\uc9c8 \uc704\ud5d8\uc774 \uc788\ub294 \uc0ac\ub78c \ub610\ub294 \uc0ac\ub78c \ubc0f \ubb3c\ud488\uc744 \ub4e4\uc5b4 \uc62c\ub9ac\ub294 \uc7a5\ube44<\/span><\/li>\n<\/ul>\n<p><span style=\"font-weight: 400;\">\ubfd0\ub9cc \uc544\ub2c8\ub77c:<\/span><\/p>\n<ul>\n<li style=\"font-weight: 400;\"><span style=\"font-weight: 400;\">\uc0ac\ub78c\uc758 \uc874\uc7ac\ub97c \uac10\uc9c0\ud558\ub3c4\ub85d \uc124\uacc4\ub41c \ubcf4\ud638 \uc7a5\uce58;<\/span><\/li>\n<li style=\"font-weight: 400;\"><span style=\"font-weight: 400;\">\uc548\uc804 \uae30\ub2a5\uc744 \uc81c\uacf5\ud558\ub294 \ub17c\ub9ac \ud68c\ub85c.<\/span><\/li>\n<\/ul>\n<p><span style=\"font-weight: 400;\">\uae30\uacc4\ub958 \uc9c0\uce68\uc758 \ubc94\uc704 \ub0b4\uc5d0\uc11c \uc81c\ud488\uc5d0 \ub300\ud55c \uae0d\uc815\uc801\uc778 \uac15\uc81c \ud3c9\uac00\ub294 EC\ud615 \uc2dc\ud5d8 \uc778\uc99d\uc11c(EC\ud615 \uc778\uc99d\uc11c)\uc758 \ubc1c\uae09\uc73c\ub85c \uc694\uc57d\ub429\ub2c8\ub2e4.<\/span><\/p>\n<p><strong>\uc790\uc138\ud788 \uc77d\uc5b4\ubcf4\uc138\uc694:<\/strong><\/p>\n<p><a href=\"http:\/\/icr.you2.pl\/wp-content\/uploads\/2019\/06\/Program-oceny-zgodno\u015bci-w-zakresie-MD.pdf\" target=\"_blank\" rel=\"noopener noreferrer\"><img decoding=\"async\" class=\"wp-image-2679 alignnone\" src=\"http:\/\/icr.you2.pl\/wp-content\/uploads\/2019\/06\/adobe.jpg\" alt=\"\" width=\"20\" height=\"21\" srcset=\"https:\/\/icr.you2.pl\/wp-content\/uploads\/2019\/06\/adobe.jpg 218w, https:\/\/icr.you2.pl\/wp-content\/uploads\/2019\/06\/adobe-150x150.jpg 150w\" sizes=\"(max-width: 20px) 100vw, 20px\" \/><\/a><a href=\"http:\/\/icr.you2.pl\/wp-content\/uploads\/2021\/01\/PC-P-07-03_16.pdf\" target=\"_blank\" rel=\"noopener noreferrer\">\u00a0MD \uc801\ud569\uc131 \ud3c9\uac00 \ud504\ub85c\uadf8\ub7a8(2006\/42\/EC)<\/a><a href=\"http:\/\/icr.you2.pl\/wp-content\/uploads\/2020\/10\/PC-P-07-03_Program_MD15.pdf\" target=\"_blank\" rel=\"noopener noreferrer\"> + <\/a><a href=\"http:\/\/icr.you2.pl\/wp-content\/uploads\/2023\/11\/F-P-07-36_05a_MD.pdf\" target=\"_blank\" rel=\"noopener noreferrer\">\uae30\uc220 \uc0ac\uc591 \ubaa9\ub85d<\/a><\/p>\n<p><a href=\"http:\/\/icr.you2.pl\/wp-content\/uploads\/2019\/06\/Wniosek-o-certyfikacj\u0119-systemu.docx\"><img decoding=\"async\" class=\"alignnone wp-image-2678\" src=\"http:\/\/icr.you2.pl\/wp-content\/uploads\/2019\/06\/word.jpg\" alt=\"\" width=\"20\" height=\"20\" srcset=\"https:\/\/icr.you2.pl\/wp-content\/uploads\/2019\/06\/word.jpg 208w, https:\/\/icr.you2.pl\/wp-content\/uploads\/2019\/06\/word-150x150.jpg 150w\" sizes=\"(max-width: 20px) 100vw, 20px\" \/><\/a><a href=\"http:\/\/icr.you2.pl\/wp-content\/uploads\/2024\/03\/F-P-07-02_9.docx\" target=\"_blank\" rel=\"noopener noreferrer\">\u00a0\uc2e0\uccad\uc11c_\uc2e0\uccad\uc11c_\ud544\uc218 \ud3c9\uac00<\/a><\/p>","protected":false},"excerpt":{"rendered":"<p>\uae30\uacc4\ub958 \uc9c0\uce68\uc5d0 \ub300\ud55c \uac15\uc81c \uc801\ud569\uc131 \ud3c9\uac00 \ud504\ub85c\uadf8\ub7a8\uc740 \uc9c0\uce68\uc758 \ubd80\ub85d IV\uc5d0 \ub098\uc5f4\ub41c \uc81c\ud488\uc744 \ub300\uc0c1\uc73c\ub85c \ud569\ub2c8\ub2e4. \uc5ec\uae30\uc5d0\ub294 \ub2e4\uc74c\uc774 \ud3ec\ud568\ub429\ub2c8\ub2e4: \uae08\uc18d \ub0c9\uac04 \uac00\uacf5\uc6a9 \ud504\ub808\uc2a4 \ube0c\ub808\uc774\ud06c\ub97c \ud3ec\ud568\ud55c \uae30\uacc4\uc2dd, \uc720\uc555\uc2dd \ubc0f \uacf5\uc555\uc2dd \ud504\ub808\uc2a4, \uc218\ub3d9 \ub85c\ub529 \ub610\ub294 \uc5b8\ub85c\ub529\uc774 \uac00\ub2a5\ud55c \ud50c\ub77c\uc2a4\ud2f1\uc6a9 \uc0ac\ucd9c \uc131\ud615\uae30 \ub610\ub294 \ud504\ub808\uc2a4, \uc218\ub3d9 \ub85c\ub529 \ub610\ub294 \uc5b8\ub85c\ub529\uc774 \uac00\ub2a5\ud55c \uace0\ubb34 \uc81c\ud488\uc6a9 \uc0ac\ucd9c \uc131\ud615\uae30 \ub610\ub294 \ud504\ub808\uc2a4, ....&nbsp;<a href=\"https:\/\/icr.you2.pl\/kr\/certyfikacja-wyrobow\/md-2006-42-we-bezpieczenstwo-maszyn\/\" rel=\"bookmark\">\uc790\uc138\ud788 \ubcf4\uae30\"<span class=\"screen-reader-text\">MD 2006\/42\/EC - \uae30\uacc4\ub958\uc758 \uc548\uc804<\/span><\/a><\/p>","protected":false},"author":1,"featured_media":1147,"parent":211,"menu_order":0,"comment_status":"closed","ping_status":"closed","template":"","meta":{"neve_meta_sidebar":"","neve_meta_container":"","neve_meta_enable_content_width":"off","neve_meta_content_width":70,"neve_meta_title_alignment":"","neve_meta_author_avatar":"","neve_post_elements_order":"","neve_meta_disable_header":"","neve_meta_disable_footer":"","neve_meta_disable_title":"","footnotes":""},"class_list":["post-2017","page","type-page","status-publish","has-post-thumbnail","hentry"],"yoast_head":"<!-- This site is optimized with the Yoast SEO plugin v26.8 - https:\/\/yoast.com\/product\/yoast-seo-wordpress\/ -->\n<title>MD 2006\/42\/WE \u2013 bezpiecze\u0144stwo maszyn - ICR POLSKA - badania i certyfikacja<\/title>\n<meta name=\"robots\" content=\"index, follow, max-snippet:-1, max-image-preview:large, max-video-preview:-1\" \/>\n<link rel=\"canonical\" href=\"https:\/\/icr.you2.pl\/kr\/certyfikacja-wyrobow\/md-2006-42-we-bezpieczenstwo-maszyn\/\" \/>\n<meta property=\"og:locale\" content=\"ko_KR\" \/>\n<meta property=\"og:type\" content=\"article\" \/>\n<meta property=\"og:title\" content=\"MD 2006\/42\/WE \u2013 bezpiecze\u0144stwo maszyn - ICR POLSKA - badania i certyfikacja\" \/>\n<meta property=\"og:description\" content=\"Programem obowi\u0105zkowej oceny zgodno\u015bci w zakresie dyrektywy maszynowej obj\u0119te s\u0105 wyroby wymienione w Za\u0142\u0105czniku IV Dyrektywy. S\u0105 to m.in.: Prasy mechaniczne, hydrauliczne i pneumatyczne, w tym prasy kraw\u0119dziowe, do obr\u00f3bki metali na zimno; Wtryskarki lub prasy do tworzyw sztucznych, z r\u0119cznym podawaniem lub odbieraniem; Wtryskarki lub prasy do wyrob\u00f3w gumowych, z r\u0119cznym podawaniem lub odbieraniem;&hellip;&nbsp;\ub354 \ubcf4\uae30 &raquo;MD 2006\/42\/WE \u2013 bezpiecze\u0144stwo maszyn\" \/>\n<meta property=\"og:url\" content=\"https:\/\/icr.you2.pl\/kr\/certyfikacja-wyrobow\/md-2006-42-we-bezpieczenstwo-maszyn\/\" \/>\n<meta property=\"og:site_name\" content=\"ICR POLSKA - badania i certyfikacja\" \/>\n<meta property=\"article:modified_time\" content=\"2024-03-26T10:59:34+00:00\" \/>\n<meta name=\"twitter:card\" content=\"summary_large_image\" \/>\n<meta name=\"twitter:label1\" content=\"\uc608\uc0c1 \ub418\ub294 \ud310\ub3c5 \uc2dc\uac04\" \/>\n\t<meta name=\"twitter:data1\" content=\"2\ubd84\" \/>\n<script type=\"application\/ld+json\" class=\"yoast-schema-graph\">{\"@context\":\"https:\/\/schema.org\",\"@graph\":[{\"@type\":\"WebPage\",\"@id\":\"https:\/\/icr.you2.pl\/certyfikacja-wyrobow\/md-2006-42-we-bezpieczenstwo-maszyn\/\",\"url\":\"https:\/\/icr.you2.pl\/certyfikacja-wyrobow\/md-2006-42-we-bezpieczenstwo-maszyn\/\",\"name\":\"MD 2006\/42\/WE \u2013 bezpiecze\u0144stwo maszyn - ICR POLSKA - badania i certyfikacja\",\"isPartOf\":{\"@id\":\"https:\/\/icr.you2.pl\/#website\"},\"primaryImageOfPage\":{\"@id\":\"https:\/\/icr.you2.pl\/certyfikacja-wyrobow\/md-2006-42-we-bezpieczenstwo-maszyn\/#primaryimage\"},\"image\":{\"@id\":\"https:\/\/icr.you2.pl\/certyfikacja-wyrobow\/md-2006-42-we-bezpieczenstwo-maszyn\/#primaryimage\"},\"thumbnailUrl\":\"\",\"datePublished\":\"2019-05-28T10:56:22+00:00\",\"dateModified\":\"2024-03-26T10:59:34+00:00\",\"breadcrumb\":{\"@id\":\"https:\/\/icr.you2.pl\/certyfikacja-wyrobow\/md-2006-42-we-bezpieczenstwo-maszyn\/#breadcrumb\"},\"inLanguage\":\"ko-KR\",\"potentialAction\":[{\"@type\":\"ReadAction\",\"target\":[\"https:\/\/icr.you2.pl\/certyfikacja-wyrobow\/md-2006-42-we-bezpieczenstwo-maszyn\/\"]}]},{\"@type\":\"ImageObject\",\"inLanguage\":\"ko-KR\",\"@id\":\"https:\/\/icr.you2.pl\/certyfikacja-wyrobow\/md-2006-42-we-bezpieczenstwo-maszyn\/#primaryimage\",\"url\":\"\",\"contentUrl\":\"\"},{\"@type\":\"BreadcrumbList\",\"@id\":\"https:\/\/icr.you2.pl\/certyfikacja-wyrobow\/md-2006-42-we-bezpieczenstwo-maszyn\/#breadcrumb\",\"itemListElement\":[{\"@type\":\"ListItem\",\"position\":1,\"name\":\"Strona g\u0142\u00f3wna\",\"item\":\"https:\/\/icr.you2.pl\/\"},{\"@type\":\"ListItem\",\"position\":2,\"name\":\"Certyfikacja wyrob\u00f3w\",\"item\":\"https:\/\/icr.you2.pl\/en\/certyfikacja-wyrobow\/\"},{\"@type\":\"ListItem\",\"position\":3,\"name\":\"MD 2006\/42\/WE \u2013 bezpiecze\u0144stwo maszyn\"}]},{\"@type\":\"WebSite\",\"@id\":\"https:\/\/icr.you2.pl\/#website\",\"url\":\"https:\/\/icr.you2.pl\/\",\"name\":\"ICR POLSKA - badania i certyfikacja\",\"description\":\"CE certification, CE certificate, ISO certificate, RED testing, product testing and certification, electrical product testing, medical device testing, ATEX, IECEx, FCC, product certification, EMC testing, machinery certification, CE machines, training, electronic product testing, testing 2014\/53\/EU, drone certification, ISO 13485 certificate, ISO 9001 certificate, NC RfG\",\"publisher\":{\"@id\":\"https:\/\/icr.you2.pl\/#\/schema\/person\/944799c9e2f4a94662e3fcb3b1544baf\"},\"potentialAction\":[{\"@type\":\"SearchAction\",\"target\":{\"@type\":\"EntryPoint\",\"urlTemplate\":\"https:\/\/icr.you2.pl\/?s={search_term_string}\"},\"query-input\":{\"@type\":\"PropertyValueSpecification\",\"valueRequired\":true,\"valueName\":\"search_term_string\"}}],\"inLanguage\":\"ko-KR\"},{\"@type\":[\"Person\",\"Organization\"],\"@id\":\"https:\/\/icr.you2.pl\/#\/schema\/person\/944799c9e2f4a94662e3fcb3b1544baf\",\"name\":\"admin\",\"image\":{\"@type\":\"ImageObject\",\"inLanguage\":\"ko-KR\",\"@id\":\"https:\/\/icr.you2.pl\/#\/schema\/person\/image\/\",\"url\":\"https:\/\/icr.you2.pl\/wp-content\/uploads\/2019\/05\/cropped-logo-icr.32f04ad5-1-1.png\",\"contentUrl\":\"https:\/\/icr.you2.pl\/wp-content\/uploads\/2019\/05\/cropped-logo-icr.32f04ad5-1-1.png\",\"width\":400,\"height\":148,\"caption\":\"admin\"},\"logo\":{\"@id\":\"https:\/\/icr.you2.pl\/#\/schema\/person\/image\/\"}}]}<\/script>\n<!-- \/ Yoast SEO plugin. -->","yoast_head_json":{"title":"MD 2006\/42\/EC - \uae30\uacc4\ub958\uc758 \uc548\uc804 - ICR POLAND - \uc2dc\ud5d8 \ubc0f \uc778\uc99d","robots":{"index":"index","follow":"follow","max-snippet":"max-snippet:-1","max-image-preview":"max-image-preview:large","max-video-preview":"max-video-preview:-1"},"canonical":"https:\/\/icr.you2.pl\/kr\/certyfikacja-wyrobow\/md-2006-42-we-bezpieczenstwo-maszyn\/","og_locale":"ko_KR","og_type":"article","og_title":"MD 2006\/42\/WE \u2013 bezpiecze\u0144stwo maszyn - ICR POLSKA - badania i certyfikacja","og_description":"Programem obowi\u0105zkowej oceny zgodno\u015bci w zakresie dyrektywy maszynowej obj\u0119te s\u0105 wyroby wymienione w Za\u0142\u0105czniku IV Dyrektywy. S\u0105 to m.in.: Prasy mechaniczne, hydrauliczne i pneumatyczne, w tym prasy kraw\u0119dziowe, do obr\u00f3bki metali na zimno; Wtryskarki lub prasy do tworzyw sztucznych, z r\u0119cznym podawaniem lub odbieraniem; Wtryskarki lub prasy do wyrob\u00f3w gumowych, z r\u0119cznym podawaniem lub odbieraniem;&hellip;&nbsp;\ub354 \ubcf4\uae30 &raquo;MD 2006\/42\/WE \u2013 bezpiecze\u0144stwo maszyn","og_url":"https:\/\/icr.you2.pl\/kr\/certyfikacja-wyrobow\/md-2006-42-we-bezpieczenstwo-maszyn\/","og_site_name":"ICR POLSKA - badania i certyfikacja","article_modified_time":"2024-03-26T10:59:34+00:00","twitter_card":"summary_large_image","twitter_misc":{"\uc608\uc0c1 \ub418\ub294 \ud310\ub3c5 \uc2dc\uac04":"2\ubd84"},"schema":{"@context":"https:\/\/schema.org","@graph":[{"@type":"WebPage","@id":"https:\/\/icr.you2.pl\/certyfikacja-wyrobow\/md-2006-42-we-bezpieczenstwo-maszyn\/","url":"https:\/\/icr.you2.pl\/certyfikacja-wyrobow\/md-2006-42-we-bezpieczenstwo-maszyn\/","name":"MD 2006\/42\/EC - \uae30\uacc4\ub958\uc758 \uc548\uc804 - ICR POLAND - \uc2dc\ud5d8 \ubc0f \uc778\uc99d","isPartOf":{"@id":"https:\/\/icr.you2.pl\/#website"},"primaryImageOfPage":{"@id":"https:\/\/icr.you2.pl\/certyfikacja-wyrobow\/md-2006-42-we-bezpieczenstwo-maszyn\/#primaryimage"},"image":{"@id":"https:\/\/icr.you2.pl\/certyfikacja-wyrobow\/md-2006-42-we-bezpieczenstwo-maszyn\/#primaryimage"},"thumbnailUrl":"","datePublished":"2019-05-28T10:56:22+00:00","dateModified":"2024-03-26T10:59:34+00:00","breadcrumb":{"@id":"https:\/\/icr.you2.pl\/certyfikacja-wyrobow\/md-2006-42-we-bezpieczenstwo-maszyn\/#breadcrumb"},"inLanguage":"ko-KR","potentialAction":[{"@type":"ReadAction","target":["https:\/\/icr.you2.pl\/certyfikacja-wyrobow\/md-2006-42-we-bezpieczenstwo-maszyn\/"]}]},{"@type":"ImageObject","inLanguage":"ko-KR","@id":"https:\/\/icr.you2.pl\/certyfikacja-wyrobow\/md-2006-42-we-bezpieczenstwo-maszyn\/#primaryimage","url":"","contentUrl":""},{"@type":"BreadcrumbList","@id":"https:\/\/icr.you2.pl\/certyfikacja-wyrobow\/md-2006-42-we-bezpieczenstwo-maszyn\/#breadcrumb","itemListElement":[{"@type":"ListItem","position":1,"name":"Strona g\u0142\u00f3wna","item":"https:\/\/icr.you2.pl\/"},{"@type":"ListItem","position":2,"name":"Certyfikacja wyrob\u00f3w","item":"https:\/\/icr.you2.pl\/en\/certyfikacja-wyrobow\/"},{"@type":"ListItem","position":3,"name":"MD 2006\/42\/WE \u2013 bezpiecze\u0144stwo maszyn"}]},{"@type":"WebSite","@id":"https:\/\/icr.you2.pl\/#website","url":"https:\/\/icr.you2.pl\/","name":"ICR \ud3f4\ub780\ub4dc - \ud14c\uc2a4\ud2b8 \ubc0f \uc778\uc99d","description":"CE \uc778\uc99d, CE \uc778\uc99d\uc11c, ISO \uc778\uc99d\uc11c, RED \ud14c\uc2a4\ud2b8, \uc81c\ud488 \ud14c\uc2a4\ud2b8 \ubc0f \uc778\uc99d, \uc804\uae30 \uc81c\ud488 \ud14c\uc2a4\ud2b8, \uc758\ub8cc\uae30\uae30 \ud14c\uc2a4\ud2b8, ATEX, IECEx, FCC, \uc81c\ud488 \uc778\uc99d, EMC \ud14c\uc2a4\ud2b8, \uae30\uacc4 \uc778\uc99d, CE \uae30\uacc4, \uad50\uc721, \uc804\uc790 \uc81c\ud488 \ud14c\uc2a4\ud2b8, \ud14c\uc2a4\ud2b8 2014\/53\/EU, \ub4dc\ub860 \uc778\uc99d, ISO 13485 \uc778\uc99d\uc11c, ISO 9001 \uc778\uc99d\uc11c, NC RfG","publisher":{"@id":"https:\/\/icr.you2.pl\/#\/schema\/person\/944799c9e2f4a94662e3fcb3b1544baf"},"potentialAction":[{"@type":"SearchAction","target":{"@type":"EntryPoint","urlTemplate":"https:\/\/icr.you2.pl\/?s={search_term_string}"},"query-input":{"@type":"PropertyValueSpecification","valueRequired":true,"valueName":"search_term_string"}}],"inLanguage":"ko-KR"},{"@type":["Person","Organization"],"@id":"https:\/\/icr.you2.pl\/#\/schema\/person\/944799c9e2f4a94662e3fcb3b1544baf","name":"\uad00\ub9ac\uc790","image":{"@type":"ImageObject","inLanguage":"ko-KR","@id":"https:\/\/icr.you2.pl\/#\/schema\/person\/image\/","url":"https:\/\/icr.you2.pl\/wp-content\/uploads\/2019\/05\/cropped-logo-icr.32f04ad5-1-1.png","contentUrl":"https:\/\/icr.you2.pl\/wp-content\/uploads\/2019\/05\/cropped-logo-icr.32f04ad5-1-1.png","width":400,"height":148,"caption":"admin"},"logo":{"@id":"https:\/\/icr.you2.pl\/#\/schema\/person\/image\/"}}]}},"_links":{"self":[{"href":"https:\/\/icr.you2.pl\/kr\/wp-json\/wp\/v2\/pages\/2017","targetHints":{"allow":["GET"]}}],"collection":[{"href":"https:\/\/icr.you2.pl\/kr\/wp-json\/wp\/v2\/pages"}],"about":[{"href":"https:\/\/icr.you2.pl\/kr\/wp-json\/wp\/v2\/types\/page"}],"author":[{"embeddable":true,"href":"https:\/\/icr.you2.pl\/kr\/wp-json\/wp\/v2\/users\/1"}],"replies":[{"embeddable":true,"href":"https:\/\/icr.you2.pl\/kr\/wp-json\/wp\/v2\/comments?post=2017"}],"version-history":[{"count":0,"href":"https:\/\/icr.you2.pl\/kr\/wp-json\/wp\/v2\/pages\/2017\/revisions"}],"up":[{"embeddable":true,"href":"https:\/\/icr.you2.pl\/kr\/wp-json\/wp\/v2\/pages\/211"}],"wp:featuredmedia":[{"embeddable":true,"href":"https:\/\/icr.you2.pl\/kr\/wp-json\/"}],"wp:attachment":[{"href":"https:\/\/icr.you2.pl\/kr\/wp-json\/wp\/v2\/media?parent=2017"}],"curies":[{"name":"wp","href":"https:\/\/api.w.org\/{rel}","templated":true}]}}