{"id":2024,"date":"2019-05-28T11:01:41","date_gmt":"2019-05-28T11:01:41","guid":{"rendered":"http:\/\/icrpolska.e-ksperci.pl\/?page_id=2024"},"modified":"2025-03-06T11:46:02","modified_gmt":"2025-03-06T10:46:02","slug":"red-2014-53-ue-urzadzenia-radiowe","status":"publish","type":"page","link":"https:\/\/icr.you2.pl\/kr\/certyfikacja-wyrobow\/red-2014-53-ue-urzadzenia-radiowe\/","title":{"rendered":"RED 2014\/53\/EU - \ubb34\uc120 \uc7a5\ube44"},"content":{"rendered":"<p class=\"translation-block\"><a href=\"https:\/\/eur-lex.europa.eu\/legal-content\/PL\/TXT\/PDF\/?uri=CELEX:32014L0053&amp;from=PL\" target=\"_self\" rel=\"noopener noreferrer\"> RED \uc9c0\uce68<\/a>\uc758 \ubc94\uc704\uc5d0\ub294 \ud1b5\uc2e0 \ub610\ub294 \ubb34\uc120 \uc704\uce58\ucd94\uc801 \ubaa9\uc801\uc73c\ub85c \uc758\ub3c4\uc801\uc73c\ub85c \uc804\ud30c\ub97c \ubc29\ucd9c\ud558\uac70\ub098 \uc218\uc2e0\ud558\ub294 \uc7a5\ube44(\uc804\uae30 \ub610\ub294 \uc804\uc790)\uc640 \ud1b5\uc2e0 \ub610\ub294 \ubb34\uc120 \uc704\uce58\ucd94\uc801 \ubaa9\uc801\uc73c\ub85c \uc758\ub3c4\uc801\uc73c\ub85c \uc804\ud30c\ub97c \ubc29\ucd9c\ud558\uac70\ub098 \uc218\uc2e0\ud558\uae30 \uc704\ud574 \ucd94\uac00 \uc694\uc18c(\uc608: \uc548\ud14c\ub098)\ub97c \ubcf4\uc644\ud560 \ud544\uc694\uac00 \uc788\ub294 \uc7a5\ube44\uac00 \ud3ec\ud568\ub429\ub2c8\ub2e4.<\/p>\n<p>\ubb34\uc120 \uc7a5\uce58\ub294 \ub2e4\uc74c \uc694\uac74\uacfc \uad00\ub828\ub41c \ubaa9\ud45c\ub97c \ud3ec\ud568\ud558\uc5ec \uac74\uac15 \ubc0f \uc548\uc804 \ubcf4\ud638\ub97c \uc81c\uacf5\ud558\ub3c4\ub85d \uc124\uacc4\ub418\uc5b4\uc57c \ud569\ub2c8\ub2e4:<\/p>\n<ul>\n<li>\uc9c0\uce68 2014\/35\/EU\uc758 \uc548\uc804 \uc694\uac74\uacfc \uad00\ub828\ub41c \ubaa9\ud45c\ub97c \ud3ec\ud568\ud558\uc5ec \uc0ac\ub78c \ubc0f \uac00\ucd95\uc758 \uac74\uac15\uacfc \uc548\uc804 \ubcf4\ud638, \uc7ac\uc0b0 \ubcf4\ud638\ub97c \ubaa9\uc801\uc73c\ub85c \ud558\uc9c0\ub9cc \uc804\uc555 \uc81c\ud55c\uc744 \uc801\uc6a9\ud558\uc9c0 \uc54a\uc2b5\ub2c8\ub2e4,<\/li>\n<li>\uc9c0\uce68 2014\/30\/EU\uc5d0 \ub530\ub978 \uc801\uc808\ud55c \uc218\uc900\uc758 \uc804\uc790\uae30 \ud638\ud658\uc131(<strong>EMC<\/strong>),<\/li>\n<\/ul>\n<ul>\n<li>\ubb34\uc120 \uc2a4\ud399\ud2b8\ub7fc\uc758 \ud6a8\uc728\uc801\uc778 \uc0ac\uc6a9\uacfc \uc720\ud574\ud55c \uac04\uc12d\uc744 \ud53c\ud558\uae30 \uc704\ud55c \ud6a8\uacfc\uc801\uc778 \uc0ac\uc6a9\uc744 \ucd09\uc9c4\ud569\ub2c8\ub2e4,<\/li>\n<li>\ub124\ud2b8\uc6cc\ud06c \ubc0f \ub124\ud2b8\uc6cc\ud06c \uae30\ub2a5\uc5d0 \ubd80\ub2f9\ud558\uac8c \uc601\ud5a5\uc744 \ubbf8\uce58\uac70\ub098 \ub124\ud2b8\uc6cc\ud06c \ub9ac\uc18c\uc2a4\ub97c \uc624\uc6a9\ud558\uc5ec \ud5c8\uc6a9\ud560 \uc218 \uc5c6\ub294 \uc11c\ube44\uc2a4 \uc800\ud558\ub97c \uc720\ubc1c\ud558\uc9c0 \uc54a\uc544\uc57c \ud569\ub2c8\ub2e4(<strong>\uc0ac\uc774\ubc84 \ubcf4\uc548 \uce21\uba74<\/strong>),<\/li>\n<li>\ub0b4\uc7a5\ub41c \ubcf4\uc548 \uc2dc\uc2a4\ud15c\uc744 \ud1b5\ud55c \uc0ac\uc6a9\uc790 \ubc0f \uac00\uc785\uc790\uc758 \uac1c\uc778 \ub370\uc774\ud130 \ubc0f \uac1c\uc778\uc815\ubcf4 \ubcf4\ud638(<strong>\uc0ac\uc774\ubc84 \ubcf4\uc548 \uce21\uba74<\/strong>),<\/li>\n<li>\uc801\uc808\ud55c \uae30\ub2a5\uc744 \ud1b5\ud574 \uc0ac\uae30\ub85c\ubd80\ud130 \ubcf4\ud638 (<strong>\uc0ac\uc774\ubc84 \ubcf4\uc548\uc758 \uce21\uba74<\/strong>),<\/li>\n<li>\uad00\ub828 \uae30\ub2a5\uc744 \ud1b5\ud574 \uc751\uae09 \uc11c\ube44\uc2a4\uc5d0 \uc561\uc138\uc2a4\ud560 \uc218 \uc788\uc2b5\ub2c8\ub2e4,<\/li>\n<li>\uad00\ub828 \uc7a5\ube44 \uce74\ud14c\uace0\ub9ac \ub610\ub294 \ub4f1\uae09\uc5d0 \ub300\ud55c \ubd80\uc18d\uc11c Ia\uc5d0 \uba85\uc2dc\ub41c \ucda9\uc804 \uc0ac\uc591 \uc900\uc218(<strong>USB-C<\/strong>),<\/li>\n<li>\ubd80\ub85d Ia \ud30c\ud2b8 1\uc5d0 \uc815\uc758\ub41c \ubb34\uc120 \uc7a5\ube44\uc758 \ubc94\uc8fc \ub610\ub294 \ub4f1\uae09\uc744 \uc704\ud55c \ucda9\uc804 \uc7a5\ube44 \uc774\uc678\uc758 \ucd94\uac00 \uad6c\uc131 \uc694\uc18c\uc640\uc758 \uc0c1\ud638 \uc791\uc6a9.<\/li>\n<\/ul>\n<p>\uadf8\ub9ac\uace0 \uc55e\uc73c\ub85c:<\/p>\n<ul>\n<li>\ub124\ud2b8\uc6cc\ud06c\ub97c \ud1b5\ud55c \ub2e4\ub978 \ubb34\uc120 \ub514\ubc14\uc774\uc2a4\uc640\uc758 \uc0c1\ud638 \uc6b4\uc6a9\uc131,<\/li>\n<li>\uc720\ub2c8\uc628 \uc804\uccb4\uc5d0\uc11c \uc62c\ubc14\ub978 \uc720\ud615\uc758 \uc778\ud130\ud398\uc774\uc2a4\uc5d0 \uc5f0\uacb0\ud560 \uc218 \uc788\uc2b5\ub2c8\ub2e4,<\/li>\n<li>\uc801\uc808\ud55c \uae30\ub2a5\uc744 \ud1b5\ud574 \uc7a5\uc560\uc778\uc774 \uc0ac\uc6a9\ud560 \uc218 \uc788\ub3c4\ub85d \uc9c0\uc6d0\ud569\ub2c8\ub2e4,<\/li>\n<li>\uc18c\ud504\ud2b8\uc6e8\uc5b4\uc640 \ubb34\uc120 \uc7a5\uce58\uc758 \uc870\ud569\uc774 \ud638\ud658\ub418\ub294 \uac83\uc73c\ub85c \ud655\uc778\ub41c \uc18c\ud504\ud2b8\uc6e8\uc5b4\ub9cc \uc774 \uc7a5\uce58\uc5d0 \ub2e4\uc6b4\ub85c\ub4dc\ud560 \uc218 \uc788\uc2b5\ub2c8\ub2e4,<\/li>\n<\/ul>\n<p>\uc9c0\uce68 2014\/53\/EU\ub294 \uad6d\uac00 \uc548\ubcf4 \ubb38\uc81c\uc640 \uad00\ub828\ub41c \ud65c\ub3d9 \ubc0f \ud615\ubc95 \uc601\uc5ed\uc758 \uad6d\uac00 \ud65c\ub3d9\uc758 \uacbd\uc6b0 \uad6d\uac00\uc758 \uacbd\uc81c\uc801 \uc548\ub155\uc744 \ud3ec\ud568\ud558\uc5ec \uacf5\uacf5 \ubcf4\uc548, \uad6d\ubc29, \uad6d\uac00 \uc548\ubcf4\uc758 \ubaa9\uc801\uc73c\ub85c\ub9cc \uc0ac\uc6a9\ub418\ub294 \ubb34\uc120 \uc7a5\ube44\uc5d0\ub294 \uc801\uc6a9\ub418\uc9c0 \uc54a\uc2b5\ub2c8\ub2e4.<\/p>\n<p>\ubb34\uc120 \uc7a5\ube44 \uc9c0\uce68\uc758 \ubc94\uc704 \ub0b4\uc5d0\uc11c \uc81c\ud488\uc5d0 \ub300\ud55c \uae0d\uc815\uc801\uc778 \uac15\uc81c \ud3c9\uac00\ub294 EU\ud615 \uac80\uc0ac \uc778\uc99d\uc11c(EU\ud615 \uc778\uc99d\uc11c)\uc758 \ubc1c\uae09\uc73c\ub85c \uc694\uc57d\ub429\ub2c8\ub2e4.<\/p>\n<p><strong>\uc790\uc138\ud788 \uc77d\uc5b4\ubcf4\uc138\uc694:<\/strong><\/p>\n<p><img decoding=\"async\" class=\"alignnone wp-image-2679\" src=\"http:\/\/icr.you2.pl\/wp-content\/uploads\/2019\/06\/adobe.jpg\" alt=\"\" width=\"20\" height=\"21\" srcset=\"https:\/\/icr.you2.pl\/wp-content\/uploads\/2019\/06\/adobe.jpg 218w, https:\/\/icr.you2.pl\/wp-content\/uploads\/2019\/06\/adobe-150x150.jpg 150w\" sizes=\"(max-width: 20px) 100vw, 20px\" \/>\u00a0<a href=\"http:\/\/icr.you2.pl\/wp-content\/uploads\/2021\/01\/PC-P-07-05_09.pdf\" target=\"_blank\" rel=\"noopener noreferrer\">RED \uc801\ud569\uc131 \ud3c9\uac00 \ud504\ub85c\uadf8\ub7a8(2014\/53\/EU)<\/a>\u00a0+ <a href=\"http:\/\/icr.you2.pl\/wp-content\/uploads\/2025\/01\/F-P-07-31_19a.pdf\" target=\"_blank\" rel=\"noopener noreferrer\">\uae30\uc220 \uc0ac\uc591 \ubaa9\ub85d<\/a><\/p>\n<p><a href=\"http:\/\/icr.you2.pl\/wp-content\/uploads\/2019\/06\/Wniosek-o-certyfikacj\u0119-systemu.docx\"><img decoding=\"async\" class=\"alignnone wp-image-2678\" src=\"http:\/\/icr.you2.pl\/wp-content\/uploads\/2019\/06\/word.jpg\" alt=\"\" width=\"20\" height=\"20\" srcset=\"https:\/\/icr.you2.pl\/wp-content\/uploads\/2019\/06\/word.jpg 208w, https:\/\/icr.you2.pl\/wp-content\/uploads\/2019\/06\/word-150x150.jpg 150w\" sizes=\"(max-width: 20px) 100vw, 20px\" \/><\/a><a href=\"http:\/\/icr.you2.pl\/wp-content\/uploads\/2024\/03\/F-P-07-02_9.docx\" target=\"_blank\" rel=\"noopener noreferrer\">\u00a0\uc2e0\uccad\uc11c_\uc2e0\uccad\uc11c_\ud544\uc218 \ud3c9\uac00<\/a><\/p>","protected":false},"excerpt":{"rendered":"<p>RED \uc9c0\uce68\uc758 \ubc94\uc704\ub294 \ud1b5\uc2e0 \ub610\ub294 \ubb34\uc120 \uc704\uce58\ucd94\uc801\uc744 \ubaa9\uc801\uc73c\ub85c \uc758\ub3c4\uc801\uc73c\ub85c \uc804\ud30c\ub97c \ubc29\ucd9c\ud558\uac70\ub098 \uc218\uc2e0\ud558\ub294 \uc7a5\ube44(\uc804\uae30 \ub610\ub294 \uc804\uc790)\uc640 \ubb34\uc120 \ud1b5\uc2e0 \ub610\ub294 \ubb34\uc120 \uc704\uce58\ucd94\uc801\uc744 \ubaa9\uc801\uc73c\ub85c \uc758\ub3c4\uc801\uc73c\ub85c \uc804\ud30c\ub97c \ubc29\ucd9c\ud558\uac70\ub098 \uc218\uc2e0\ud560 \uc218 \uc788\ub3c4\ub85d \ucd94\uac00 \uc694\uc18c(\uc608: \uc548\ud14c\ub098)\ub97c \ubcf4\uc644\ud574\uc57c \ud558\ub294 \uc7a5\ube44\uc5d0 \uc801\uc6a9\ub429\ub2c8\ub2e4. \ubb34\uc120 \uc7a5\uce58\ub294 \ubcf4\ud638 \uae30\ub2a5\uc744 \uc81c\uacf5\ud558\ub3c4\ub85d \uc124\uacc4\ub418\uc5b4\uc57c \ud569\ub2c8\ub2e4 ...&nbsp;<a href=\"https:\/\/icr.you2.pl\/kr\/certyfikacja-wyrobow\/red-2014-53-ue-urzadzenia-radiowe\/\" rel=\"bookmark\">\uc790\uc138\ud788 \ubcf4\uae30\"<span class=\"screen-reader-text\">RED 2014\/53\/EU - \ubb34\uc120 \uc7a5\ube44<\/span><\/a><\/p>","protected":false},"author":1,"featured_media":914,"parent":211,"menu_order":0,"comment_status":"closed","ping_status":"closed","template":"","meta":{"neve_meta_sidebar":"","neve_meta_container":"","neve_meta_enable_content_width":"off","neve_meta_content_width":70,"neve_meta_title_alignment":"","neve_meta_author_avatar":"","neve_post_elements_order":"","neve_meta_disable_header":"","neve_meta_disable_footer":"","neve_meta_disable_title":"","footnotes":""},"class_list":["post-2024","page","type-page","status-publish","has-post-thumbnail","hentry"],"yoast_head":"<!-- This site is optimized with the Yoast SEO plugin v26.8 - https:\/\/yoast.com\/product\/yoast-seo-wordpress\/ -->\n<title>RED 2014\/53\/UE \u2013 urz\u0105dzenia radiowe - ICR POLSKA - badania i certyfikacja<\/title>\n<meta name=\"robots\" content=\"index, follow, max-snippet:-1, max-image-preview:large, max-video-preview:-1\" \/>\n<link rel=\"canonical\" href=\"https:\/\/icr.you2.pl\/kr\/certyfikacja-wyrobow\/red-2014-53-ue-urzadzenia-radiowe\/\" \/>\n<meta property=\"og:locale\" content=\"ko_KR\" \/>\n<meta property=\"og:type\" content=\"article\" \/>\n<meta property=\"og:title\" content=\"RED 2014\/53\/UE \u2013 urz\u0105dzenia radiowe - ICR POLSKA - badania i certyfikacja\" \/>\n<meta property=\"og:description\" content=\"Zakresem dyrektywy RED obj\u0119te s\u0105 urz\u0105dzenia (elektryczne lub elektroniczne), kt\u00f3ry celowo emituj\u0105 lub odbieraj\u0105 fale radiowe na potrzeby telekomunikacji lub radiolokacji, oraz urz\u0105dzenia, kt\u00f3ry musz\u0105 zosta\u0107 uzupe\u0142nione o dodatkowy element (np.: anten\u0119) tak, aby mog\u0142o celowo emitowa\u0107 lub odbiera\u0107 fale radiowe na potrzeby radiokomunikacji lub radiolokacji. Urz\u0105dzenie radiowe powinno by\u0107 skonstruowane tak, aby zapewni\u0107 ochron\u0119&hellip;&nbsp;\ub354 \ubcf4\uae30 &raquo;RED 2014\/53\/UE \u2013 urz\u0105dzenia radiowe\" \/>\n<meta property=\"og:url\" content=\"https:\/\/icr.you2.pl\/kr\/certyfikacja-wyrobow\/red-2014-53-ue-urzadzenia-radiowe\/\" \/>\n<meta property=\"og:site_name\" content=\"ICR POLSKA - badania i certyfikacja\" \/>\n<meta property=\"article:modified_time\" content=\"2025-03-06T10:46:02+00:00\" \/>\n<meta name=\"twitter:card\" content=\"summary_large_image\" \/>\n<meta name=\"twitter:label1\" content=\"\uc608\uc0c1 \ub418\ub294 \ud310\ub3c5 \uc2dc\uac04\" \/>\n\t<meta name=\"twitter:data1\" content=\"3\ubd84\" \/>\n<script type=\"application\/ld+json\" class=\"yoast-schema-graph\">{\"@context\":\"https:\/\/schema.org\",\"@graph\":[{\"@type\":\"WebPage\",\"@id\":\"https:\/\/icr.you2.pl\/certyfikacja-wyrobow\/red-2014-53-ue-urzadzenia-radiowe\/\",\"url\":\"https:\/\/icr.you2.pl\/certyfikacja-wyrobow\/red-2014-53-ue-urzadzenia-radiowe\/\",\"name\":\"RED 2014\/53\/UE \u2013 urz\u0105dzenia radiowe - ICR POLSKA - badania i certyfikacja\",\"isPartOf\":{\"@id\":\"https:\/\/icr.you2.pl\/#website\"},\"primaryImageOfPage\":{\"@id\":\"https:\/\/icr.you2.pl\/certyfikacja-wyrobow\/red-2014-53-ue-urzadzenia-radiowe\/#primaryimage\"},\"image\":{\"@id\":\"https:\/\/icr.you2.pl\/certyfikacja-wyrobow\/red-2014-53-ue-urzadzenia-radiowe\/#primaryimage\"},\"thumbnailUrl\":\"\",\"datePublished\":\"2019-05-28T11:01:41+00:00\",\"dateModified\":\"2025-03-06T10:46:02+00:00\",\"breadcrumb\":{\"@id\":\"https:\/\/icr.you2.pl\/certyfikacja-wyrobow\/red-2014-53-ue-urzadzenia-radiowe\/#breadcrumb\"},\"inLanguage\":\"ko-KR\",\"potentialAction\":[{\"@type\":\"ReadAction\",\"target\":[\"https:\/\/icr.you2.pl\/certyfikacja-wyrobow\/red-2014-53-ue-urzadzenia-radiowe\/\"]}]},{\"@type\":\"ImageObject\",\"inLanguage\":\"ko-KR\",\"@id\":\"https:\/\/icr.you2.pl\/certyfikacja-wyrobow\/red-2014-53-ue-urzadzenia-radiowe\/#primaryimage\",\"url\":\"\",\"contentUrl\":\"\"},{\"@type\":\"BreadcrumbList\",\"@id\":\"https:\/\/icr.you2.pl\/certyfikacja-wyrobow\/red-2014-53-ue-urzadzenia-radiowe\/#breadcrumb\",\"itemListElement\":[{\"@type\":\"ListItem\",\"position\":1,\"name\":\"Strona g\u0142\u00f3wna\",\"item\":\"https:\/\/icr.you2.pl\/\"},{\"@type\":\"ListItem\",\"position\":2,\"name\":\"Certyfikacja wyrob\u00f3w\",\"item\":\"https:\/\/icr.you2.pl\/en\/certyfikacja-wyrobow\/\"},{\"@type\":\"ListItem\",\"position\":3,\"name\":\"RED 2014\/53\/UE \u2013 urz\u0105dzenia radiowe\"}]},{\"@type\":\"WebSite\",\"@id\":\"https:\/\/icr.you2.pl\/#website\",\"url\":\"https:\/\/icr.you2.pl\/\",\"name\":\"ICR POLSKA - badania i certyfikacja\",\"description\":\"CE certification, CE certificate, ISO certificate, RED testing, product testing and certification, electrical product testing, medical device testing, ATEX, IECEx, FCC, product certification, EMC testing, machinery certification, CE machines, training, electronic product testing, testing 2014\/53\/EU, drone certification, ISO 13485 certificate, ISO 9001 certificate, NC RfG\",\"publisher\":{\"@id\":\"https:\/\/icr.you2.pl\/#\/schema\/person\/944799c9e2f4a94662e3fcb3b1544baf\"},\"potentialAction\":[{\"@type\":\"SearchAction\",\"target\":{\"@type\":\"EntryPoint\",\"urlTemplate\":\"https:\/\/icr.you2.pl\/?s={search_term_string}\"},\"query-input\":{\"@type\":\"PropertyValueSpecification\",\"valueRequired\":true,\"valueName\":\"search_term_string\"}}],\"inLanguage\":\"ko-KR\"},{\"@type\":[\"Person\",\"Organization\"],\"@id\":\"https:\/\/icr.you2.pl\/#\/schema\/person\/944799c9e2f4a94662e3fcb3b1544baf\",\"name\":\"admin\",\"image\":{\"@type\":\"ImageObject\",\"inLanguage\":\"ko-KR\",\"@id\":\"https:\/\/icr.you2.pl\/#\/schema\/person\/image\/\",\"url\":\"https:\/\/icr.you2.pl\/wp-content\/uploads\/2019\/05\/cropped-logo-icr.32f04ad5-1-1.png\",\"contentUrl\":\"https:\/\/icr.you2.pl\/wp-content\/uploads\/2019\/05\/cropped-logo-icr.32f04ad5-1-1.png\",\"width\":400,\"height\":148,\"caption\":\"admin\"},\"logo\":{\"@id\":\"https:\/\/icr.you2.pl\/#\/schema\/person\/image\/\"}}]}<\/script>\n<!-- \/ Yoast SEO plugin. -->","yoast_head_json":{"title":"RED 2014\/53\/EU - \ubb34\uc120 \uc7a5\ube44 - ICR POLAND - \uc2dc\ud5d8 \ubc0f \uc778\uc99d","robots":{"index":"index","follow":"follow","max-snippet":"max-snippet:-1","max-image-preview":"max-image-preview:large","max-video-preview":"max-video-preview:-1"},"canonical":"https:\/\/icr.you2.pl\/kr\/certyfikacja-wyrobow\/red-2014-53-ue-urzadzenia-radiowe\/","og_locale":"ko_KR","og_type":"article","og_title":"RED 2014\/53\/UE \u2013 urz\u0105dzenia radiowe - ICR POLSKA - badania i certyfikacja","og_description":"Zakresem dyrektywy RED obj\u0119te s\u0105 urz\u0105dzenia (elektryczne lub elektroniczne), kt\u00f3ry celowo emituj\u0105 lub odbieraj\u0105 fale radiowe na potrzeby telekomunikacji lub radiolokacji, oraz urz\u0105dzenia, kt\u00f3ry musz\u0105 zosta\u0107 uzupe\u0142nione o dodatkowy element (np.: anten\u0119) tak, aby mog\u0142o celowo emitowa\u0107 lub odbiera\u0107 fale radiowe na potrzeby radiokomunikacji lub radiolokacji. Urz\u0105dzenie radiowe powinno by\u0107 skonstruowane tak, aby zapewni\u0107 ochron\u0119&hellip;&nbsp;\ub354 \ubcf4\uae30 &raquo;RED 2014\/53\/UE \u2013 urz\u0105dzenia radiowe","og_url":"https:\/\/icr.you2.pl\/kr\/certyfikacja-wyrobow\/red-2014-53-ue-urzadzenia-radiowe\/","og_site_name":"ICR POLSKA - badania i certyfikacja","article_modified_time":"2025-03-06T10:46:02+00:00","twitter_card":"summary_large_image","twitter_misc":{"\uc608\uc0c1 \ub418\ub294 \ud310\ub3c5 \uc2dc\uac04":"3\ubd84"},"schema":{"@context":"https:\/\/schema.org","@graph":[{"@type":"WebPage","@id":"https:\/\/icr.you2.pl\/certyfikacja-wyrobow\/red-2014-53-ue-urzadzenia-radiowe\/","url":"https:\/\/icr.you2.pl\/certyfikacja-wyrobow\/red-2014-53-ue-urzadzenia-radiowe\/","name":"RED 2014\/53\/EU - \ubb34\uc120 \uc7a5\ube44 - ICR POLAND - \uc2dc\ud5d8 \ubc0f \uc778\uc99d","isPartOf":{"@id":"https:\/\/icr.you2.pl\/#website"},"primaryImageOfPage":{"@id":"https:\/\/icr.you2.pl\/certyfikacja-wyrobow\/red-2014-53-ue-urzadzenia-radiowe\/#primaryimage"},"image":{"@id":"https:\/\/icr.you2.pl\/certyfikacja-wyrobow\/red-2014-53-ue-urzadzenia-radiowe\/#primaryimage"},"thumbnailUrl":"","datePublished":"2019-05-28T11:01:41+00:00","dateModified":"2025-03-06T10:46:02+00:00","breadcrumb":{"@id":"https:\/\/icr.you2.pl\/certyfikacja-wyrobow\/red-2014-53-ue-urzadzenia-radiowe\/#breadcrumb"},"inLanguage":"ko-KR","potentialAction":[{"@type":"ReadAction","target":["https:\/\/icr.you2.pl\/certyfikacja-wyrobow\/red-2014-53-ue-urzadzenia-radiowe\/"]}]},{"@type":"ImageObject","inLanguage":"ko-KR","@id":"https:\/\/icr.you2.pl\/certyfikacja-wyrobow\/red-2014-53-ue-urzadzenia-radiowe\/#primaryimage","url":"","contentUrl":""},{"@type":"BreadcrumbList","@id":"https:\/\/icr.you2.pl\/certyfikacja-wyrobow\/red-2014-53-ue-urzadzenia-radiowe\/#breadcrumb","itemListElement":[{"@type":"ListItem","position":1,"name":"Strona g\u0142\u00f3wna","item":"https:\/\/icr.you2.pl\/"},{"@type":"ListItem","position":2,"name":"Certyfikacja wyrob\u00f3w","item":"https:\/\/icr.you2.pl\/en\/certyfikacja-wyrobow\/"},{"@type":"ListItem","position":3,"name":"RED 2014\/53\/UE \u2013 urz\u0105dzenia radiowe"}]},{"@type":"WebSite","@id":"https:\/\/icr.you2.pl\/#website","url":"https:\/\/icr.you2.pl\/","name":"ICR \ud3f4\ub780\ub4dc - \ud14c\uc2a4\ud2b8 \ubc0f \uc778\uc99d","description":"CE \uc778\uc99d, CE \uc778\uc99d\uc11c, ISO \uc778\uc99d\uc11c, RED \ud14c\uc2a4\ud2b8, \uc81c\ud488 \ud14c\uc2a4\ud2b8 \ubc0f \uc778\uc99d, \uc804\uae30 \uc81c\ud488 \ud14c\uc2a4\ud2b8, \uc758\ub8cc\uae30\uae30 \ud14c\uc2a4\ud2b8, ATEX, IECEx, FCC, \uc81c\ud488 \uc778\uc99d, EMC \ud14c\uc2a4\ud2b8, \uae30\uacc4 \uc778\uc99d, CE \uae30\uacc4, \uad50\uc721, \uc804\uc790 \uc81c\ud488 \ud14c\uc2a4\ud2b8, \ud14c\uc2a4\ud2b8 2014\/53\/EU, \ub4dc\ub860 \uc778\uc99d, ISO 13485 \uc778\uc99d\uc11c, ISO 9001 \uc778\uc99d\uc11c, NC RfG","publisher":{"@id":"https:\/\/icr.you2.pl\/#\/schema\/person\/944799c9e2f4a94662e3fcb3b1544baf"},"potentialAction":[{"@type":"SearchAction","target":{"@type":"EntryPoint","urlTemplate":"https:\/\/icr.you2.pl\/?s={search_term_string}"},"query-input":{"@type":"PropertyValueSpecification","valueRequired":true,"valueName":"search_term_string"}}],"inLanguage":"ko-KR"},{"@type":["Person","Organization"],"@id":"https:\/\/icr.you2.pl\/#\/schema\/person\/944799c9e2f4a94662e3fcb3b1544baf","name":"\uad00\ub9ac\uc790","image":{"@type":"ImageObject","inLanguage":"ko-KR","@id":"https:\/\/icr.you2.pl\/#\/schema\/person\/image\/","url":"https:\/\/icr.you2.pl\/wp-content\/uploads\/2019\/05\/cropped-logo-icr.32f04ad5-1-1.png","contentUrl":"https:\/\/icr.you2.pl\/wp-content\/uploads\/2019\/05\/cropped-logo-icr.32f04ad5-1-1.png","width":400,"height":148,"caption":"admin"},"logo":{"@id":"https:\/\/icr.you2.pl\/#\/schema\/person\/image\/"}}]}},"_links":{"self":[{"href":"https:\/\/icr.you2.pl\/kr\/wp-json\/wp\/v2\/pages\/2024","targetHints":{"allow":["GET"]}}],"collection":[{"href":"https:\/\/icr.you2.pl\/kr\/wp-json\/wp\/v2\/pages"}],"about":[{"href":"https:\/\/icr.you2.pl\/kr\/wp-json\/wp\/v2\/types\/page"}],"author":[{"embeddable":true,"href":"https:\/\/icr.you2.pl\/kr\/wp-json\/wp\/v2\/users\/1"}],"replies":[{"embeddable":true,"href":"https:\/\/icr.you2.pl\/kr\/wp-json\/wp\/v2\/comments?post=2024"}],"version-history":[{"count":0,"href":"https:\/\/icr.you2.pl\/kr\/wp-json\/wp\/v2\/pages\/2024\/revisions"}],"up":[{"embeddable":true,"href":"https:\/\/icr.you2.pl\/kr\/wp-json\/wp\/v2\/pages\/211"}],"wp:featuredmedia":[{"embeddable":true,"href":"https:\/\/icr.you2.pl\/kr\/wp-json\/"}],"wp:attachment":[{"href":"https:\/\/icr.you2.pl\/kr\/wp-json\/wp\/v2\/media?parent=2024"}],"curies":[{"name":"wp","href":"https:\/\/api.w.org\/{rel}","templated":true}]}}