{"id":2031,"date":"2019-05-28T11:04:53","date_gmt":"2019-05-28T11:04:53","guid":{"rendered":"http:\/\/icrpolska.e-ksperci.pl\/?page_id=2031"},"modified":"2024-03-26T12:01:27","modified_gmt":"2024-03-26T11:01:27","slug":"atex-2014-34-ue-urzadzenia-pracujace-w-atmosferze-potencjalnie-wybuchowej","status":"publish","type":"page","link":"https:\/\/icr.you2.pl\/kr\/certyfikacja-wyrobow\/atex-2014-34-ue-urzadzenia-pracujace-w-atmosferze-potencjalnie-wybuchowej\/","title":{"rendered":"ATEX 2014\/34\/EU - \ud3ed\ubc1c \uac00\ub2a5\uc131\uc774 \uc788\ub294 \ub300\uae30 \ud658\uacbd\uc5d0\uc11c \uc791\ub3d9\ud558\ub294 \uc7a5\ube44"},"content":{"rendered":"<p class=\"translation-block\"><a href=\"https:\/\/eur-lex.europa.eu\/legal-content\/PL\/TXT\/PDF\/?uri=CELEX:32014L0034&amp;from=PL\" target=\"_self\" rel=\"noopener noreferrer\">ATEX \uc9c0\uce68<\/a>\uc5d0\ub294 \ud3ed\ubc1c \uac00\ub2a5\uc131\uc774 \uc788\ub294 \ud658\uacbd\uc5d0\uc11c \uc0ac\uc6a9\ud558\ub3c4\ub85d \uc124\uacc4\ub41c \uc81c\ud488\uc5d0 \ub300\ud55c <span style=\"font-weight: 400\"> \ud544\uc218 \uc694\uad6c \uc0ac\ud56d\uc774 \ud3ec\ud568\ub418\uc5b4 \uc788\uc2b5\ub2c8\ub2e4. <\/span>\uc81c\ud488\uc740 \uc5ec\ub7ec \uadf8\ub8f9\uc73c\ub85c \ub098\ub269\ub2c8\ub2e4:<\/p>\n<ul>\n<li style=\"font-weight: 400;\"><span style=\"font-weight: 400;\">\uadf8\ub8f9 I - \uc9c0\ud558 \uad11\uc0b0\uc5d0\uc11c \uc0ac\uc6a9\ud558\uae30 \uc704\ud55c \uc7a5\ube44 \ubc0f \ud3ed\ubc1c \uc704\ud5d8\uc774 \uc788\ub294 \uad11\uc0b0\uc758 \uc9c0\uc0c1 \ubd80\ud488. <\/span><\/li>\n<li style=\"font-weight: 400;\"><span style=\"font-weight: 400;\">\uadf8\ub8f9 II - \ubc94\uc6a9 \uc7a5\ube44.<\/span><\/li>\n<\/ul>\n<p><span style=\"font-weight: 400;\">\uc774 \uadf8\ub8f9\uc5d0\ub294 3\uac00\uc9c0 \ubc94\uc8fc\uc758 \uc7a5\ube44\uac00 \uc788\uc744 \uc218 \uc788\uc2b5\ub2c8\ub2e4:<\/span><\/p>\n<ol>\n<li style=\"font-weight: 400;\"><span style=\"font-weight: 400;\">\u00a0\uc81c\uc870\uc5c5\uccb4\uac00 \uc124\uc815\ud55c \uc791\ub3d9 \ub9e4\uac1c\ubcc0\uc218\uc5d0 \ub530\ub77c \uc791\ub3d9\ud558\uace0 \ub9e4\uc6b0 \ub192\uc740 \uc218\uc900\uc758 \ubcf4\ud638\ub97c \ubcf4\uc7a5\ud560 \uc218 \uc788\ub3c4\ub85d \uc124\uacc4\ub41c \uc7a5\ube44, \uc774 \ubc94\uc8fc\uc758 \uc7a5\ube44\ub294 \uacf5\uae30\uc640 \uac00\uc2a4, \uc99d\uae30, \uc548\uac1c \ub610\ub294 \uacf5\uae30\/\uba3c\uc9c0 \ud63c\ud569\ubb3c\ub85c \uc778\ud55c \ud3ed\ubc1c\uc131 \ub300\uae30\uac00 \uc9c0\uc18d\uc801\uc73c\ub85c, \uc790\uc8fc \ub610\ub294 \uc7a5\uae30\uac04\uc5d0 \uac78\uccd0 \ubc1c\uc0dd\ud558\ub294 \uc9c0\uc5ed\uc5d0\uc11c \uc0ac\uc6a9\ud558\uae30 \uc704\ud55c \uc7a5\ube44, \uc774 \ubc94\uc8fc\uc758 \uc7a5\ube44\ub294 \uc7a5\ube44\uc640 \uad00\ub828\ub41c \ub4dc\ubb38 \uc0ac\uace0 \ubc1c\uc0dd \uc2dc\uc5d0\ub3c4 \ud544\uc694\ud55c \uc218\uc900\uc758 \ubcf4\ud638\ub97c \uc81c\uacf5\ud574\uc57c \ud558\uba70, \uc11c\ub85c \ub3c5\ub9bd\uc801\uc73c\ub85c \ubc1c\uc0dd\ud558\ub294 \ub450 \uac00\uc9c0 \uacb0\ud568\uc758 \uacbd\uc6b0\uc5d0\ub3c4 \ud544\uc694\ud55c \uc218\uc900\uc758 \ubcf4\ud638\ub97c \uc81c\uacf5\ud560 \uc218 \uc788\ub3c4\ub85d \ub3c5\ub9bd\ub41c \ubcf4\ud638 \uc218\ub2e8\uc744 \uac16\ucd94\uace0 \uc788\ub294 \ud2b9\uc9d5\uc774 \uc788\uc2b5\ub2c8\ub2e4.<\/span><\/li>\n<li style=\"font-weight: 400;\"><span style=\"font-weight: 400;\">\uc81c\uc870\uc5c5\uccb4\uac00 \uc124\uc815\ud55c \uc791\ub3d9 \ub9e4\uac1c\ubcc0\uc218\uc5d0 \ub530\ub77c \uc791\ub3d9\ud558\uace0 \ub192\uc740 \uc218\uc900\uc758 \ubcf4\ud638\ub97c \ubcf4\uc7a5\ud560 \uc218 \uc788\ub3c4\ub85d \uc124\uacc4\ub41c \uc7a5\ube44, \uc774 \ubc94\uc8fc\uc758 \uc7a5\ube44\ub294 \uac00\uc2a4, \uc99d\uae30, \uc548\uac1c \ub610\ub294 \uacf5\uae30\/\ubd84\uc9c4 \ud63c\ud569\ubb3c\ub85c \uc778\ud55c \ud3ed\ubc1c\uc131 \ub300\uae30\uac00 \uac00\ub054 \ubc1c\uc0dd\ud560 \uac00\ub2a5\uc131\uc774 \uc788\ub294 \uc9c0\uc5ed\uc5d0\uc11c \uc0ac\uc6a9\ud558\uae30 \uc704\ud55c \uc7a5\ube44, \uc774 \ubc94\uc8fc\uc758 \uc7a5\ube44\uc640 \uad00\ub828\ub41c \ubcf4\ud638 \uc218\ub2e8\uc740 \uc7a5\ube44 \uc124\uce58 \uc7a5\uc18c\uc5d0\uc11c \uc77c\ubc18\uc801\uc73c\ub85c \ubc1c\uc0dd\ud558\ub294 \uc7a6\uc740 \uad50\ub780 \ubc0f \uc7a5\ube44 \uacb0\ud568\uc758 \uacbd\uc6b0\uc5d0\ub3c4 \ud544\uc694\ud55c \uc218\uc900\uc758 \ubcf4\ud638 \uae30\ub2a5\uc744 \uc81c\uacf5\ud569\ub2c8\ub2e4.<\/span><\/li>\n<li style=\"font-weight: 400;\"><span style=\"font-weight: 400;\">\uc81c\uc870\uc5c5\uccb4\uac00 \uc124\uc815\ud55c \uc791\ub3d9 \ub9e4\uac1c\ubcc0\uc218\uc5d0 \ub530\ub77c \uc791\ub3d9\ud558\uace0 \uc815\uc0c1\uc801\uc778 \uc218\uc900\uc758 \ubcf4\ud638\ub97c \ubcf4\uc7a5\ud560 \uc218 \uc788\ub3c4\ub85d \uc124\uacc4\ub41c \uc7a5\ube44, \uac00\uc2a4, \uc99d\uae30, \uc548\uac1c \ub610\ub294 \uacf5\uae30\/\uba3c\uc9c0 \ud63c\ud569\ubb3c\ub85c \uc778\ud55c \ud3ed\ubc1c\uc131 \ub300\uae30\uac00 \ubc1c\uc0dd\ud560 \uac00\ub2a5\uc131\uc774 \ub0ae\uac70\ub098 \ubc1c\uc0dd\ud558\ub354\ub77c\ub3c4 \ub9e4\uc6b0 \ube48\ubc88\ud558\uc9c0 \uc54a\uace0 \ub2e8\uae30\uac04 \ub3d9\uc548\ub9cc \ubc1c\uc0dd\ud560 \uac00\ub2a5\uc131\uc774 \ub0ae\uc740 \uc9c0\uc5ed\uc5d0\uc11c \uc0ac\uc6a9\ud558\uae30 \uc704\ud55c \uc7a5\ube44, \uc815\uc0c1 \uc791\ub3d9 \uc2dc \ud544\uc694\ud55c \uc218\uc900\uc758 \ubcf4\ud638 \uae30\ub2a5\uc744 \uc81c\uacf5\ud558\ub294 \uc7a5\ube44 \uc774 \ubc94\uc8fc\uc5d0 \uc18d\ud558\ub294 \uc7a5\ube44.<\/span><\/li>\n<\/ol>\n<p><span style=\"font-weight: 400;\">\uadf8\ub8f9 II \uce74\ud14c\uace0\ub9ac 3 \uc7a5\ube44 \ubc0f \ube44\uc804\uae30 \uce74\ud14c\uace0\ub9ac 2 \ub610\ub294 M2 \uc7a5\ube44\uc758 \uacbd\uc6b0\uc5d0\ub9cc \uc81c\uc870\uc5c5\uccb4\uac00 \ub0b4\ubd80 \uc0dd\uc0b0 \uc81c\uc5b4(\ubaa8\ub4c8 A)\ub97c \uc0ac\uc6a9\ud560 \uc218 \uc788\uc2b5\ub2c8\ub2e4.<\/span><\/p>\n<p><span style=\"font-weight: 400;\">\ub2e4\ub978 \uacbd\uc6b0\uc5d0\ub294 \uc778\uc99d \uae30\uad00\uc744 \ud1b5\ud574 \uc801\ud569\uc131 \ud655\uc778\uc744 \uc218\ud589\ud574\uc57c \ud569\ub2c8\ub2e4. \ub2e4\uc74c\uacfc \uac19\uc740 \uc194\ub8e8\uc158\uc774 \uac00\ub2a5\ud569\ub2c8\ub2e4:<\/span><\/p>\n<ul>\n<li style=\"font-weight: 400;\"><span style=\"font-weight: 400;\">\uce74\ud14c\uace0\ub9ac 1 \ub610\ub294 M1 \ub514\ubc14\uc774\uc2a4\uc6a9\uc785\ub2c8\ub2e4:\u00a0<\/span><span style=\"font-weight: 400;\"><br \/>\n<\/span><span style=\"font-weight: 400;\">\uc81c\ud488 \uac80\uc99d\uc5d0 \uae30\ubc18\ud55c \ud615\uc2dd \uc801\ud569\uc131(\ubaa8\ub4c8 F)\uacfc \ud568\uaed8 EC \ud615\uc2dd \uc2ec\uc0ac(\ubaa8\ub4c8 B) \ub610\ub294 \uc0dd\uc0b0 \uacf5\uc815\uc758 \ud488\uc9c8 \ubcf4\uc99d\uc5d0 \uae30\ubc18\ud55c \ud615\uc2dd \uc801\ud569\uc131(\ubaa8\ub4c8 D)\uacfc \ud568\uaed8 \uc9c4\ud589\ub429\ub2c8\ub2e4;<\/span><\/li>\n<li style=\"font-weight: 400;\"><span style=\"font-weight: 400;\">\uce74\ud14c\uace0\ub9ac 2 \ub610\ub294 M2 \uc804\uae30 \uc7a5\ube44 \ubc0f \ub0b4\uc5f0 \uae30\uad00\uc6a9:\u00a0<\/span><span style=\"font-weight: 400;\"><br \/>\n<\/span><span style=\"font-weight: 400;\">\uc81c\ud488 \ud488\uc9c8 \ubcf4\uc99d\uc5d0 \uae30\ubc18\ud55c \ud615\uc2dd \uc801\ud569\uc131 \ud655\uc778(\ubaa8\ub4c8 E)\uacfc \ud568\uaed8 EC \ud615\uc2dd \uc2ec\uc0ac(\ubaa8\ub4c8 B) \ub610\ub294 \ub0b4\ubd80 \uc0dd\uc0b0 \uad00\ub9ac \ubc0f \uac10\ub3c5\ud558\uc5d0 \uc774\ub8e8\uc5b4\uc9c0\ub294 \uc81c\ud488 \ud14c\uc2a4\ud2b8\uc5d0 \uae30\ubc18\ud55c \ud615\uc2dd \uc801\ud569\uc131 \ud655\uc778(\ubaa8\ub4c8 C1)\uacfc \ud568\uaed8 \uc9c4\ud589\ub429\ub2c8\ub2e4;<\/span><\/li>\n<li style=\"font-weight: 400;\"><span style=\"font-weight: 400;\">\ubaa8\ub4e0 \uce74\ud14c\uace0\ub9ac\uc758 \uc7a5\ube44\uc5d0 \uc801\uc6a9\ub429\ub2c8\ub2e4:<\/span><span style=\"font-weight: 400;\"><br \/>\n<\/span><span style=\"font-weight: 400;\">\ub2e8\uc704 \uac80\uc99d\uc744 \uae30\ubc18\uc73c\ub85c \ud55c \uc801\ud569\uc131 \ud655\uc778(\ubaa8\ub4c8 G).<\/span><\/li>\n<\/ul>\n<p><span style=\"font-weight: 400;\">\uc7a5\ube44\uc758 \ub77c\ubca8\uc5d0\ub294 \uc7a5\ube44 \uc790\uccb4\uc758 \ud2b9\uc131, \uc0ac\uc6a9\ub41c \uc548\uc804 \uc870\uce58 \ubc0f \uc2dc\uc2a4\ud15c\ubfd0\ub9cc \uc544\ub2c8\ub77c \uc791\ub3d9 \uc870\uac74(\uc608: \ud3ed\ubc1c \uc704\ud5d8 \uad6c\uc5ed, \uc8fc\ubcc0 \uc628\ub3c4 \ubc94\uc704 \ub610\ub294 \uacb0\ud569 \uc7a5\ube44)\uc5d0 \ub300\ud55c \uc815\ubcf4\uac00 \ubaa8\ub450 \ud3ec\ud568\ub429\ub2c8\ub2e4.<\/span><\/p>\n<p>\ud3ed\ubc1c \uac00\ub2a5\uc131\uc774 \uc788\ub294 \ub300\uae30\uc5d0\uc11c\uc758 \uc791\uc5c5\uacfc \uad00\ub828\ud558\uc5ec \uc81c\ud488\uc5d0 \ub300\ud55c \uae0d\uc815\uc801\uc778 \uc758\ubb34 \ud3c9\uac00\ub294 \uc81c\ud488 \ub77c\ubca8\ub9c1\uc758 \ud655\uc778\uacfc EN ISO\/IEC 80079-34\uc5d0 \ub530\ub978 EU\ud615 \uac80\uc0ac \uc778\uc99d\uc11c(EU\ud615 \uc778\uc99d\uc11c) \ubc1c\uae09 \ubc0f\/\ub610\ub294 \ud488\uc9c8 \ubcf4\uc99d \ud1b5\uc9c0\uc11c(QAN) \ubc1c\uae09\uc73c\ub85c \uc694\uc57d\ub429\ub2c8\ub2e4.<b><\/b><\/p>\n<p><strong>\uc790\uc138\ud788 \uc77d\uc5b4\ubcf4\uc138\uc694:<\/strong><\/p>\n<p><a href=\"http:\/\/icr.you2.pl\/wp-content\/uploads\/2019\/06\/Program-oceny-zgodno\u015bci-w-zakresie-ATEX.pdf\" target=\"_blank\" rel=\"noopener noreferrer\"><img decoding=\"async\" class=\"alignnone wp-image-2679\" src=\"http:\/\/icr.you2.pl\/wp-content\/uploads\/2019\/06\/adobe.jpg\" alt=\"\" width=\"20\" height=\"21\" srcset=\"https:\/\/icr.you2.pl\/wp-content\/uploads\/2019\/06\/adobe.jpg 218w, https:\/\/icr.you2.pl\/wp-content\/uploads\/2019\/06\/adobe-150x150.jpg 150w\" sizes=\"(max-width: 20px) 100vw, 20px\" \/><\/a><a href=\"http:\/\/icr.you2.pl\/wp-content\/uploads\/2021\/01\/PC-P-07-06_07.pdf\" target=\"_blank\" rel=\"noopener noreferrer\" data-wp-editing=\"1\">\u00a0ATEX \uc801\ud569\uc131 \ud3c9\uac00 \ud504\ub85c\uadf8\ub7a8(2014\/34\/EU)<\/a> + <a href=\"http:\/\/icr.you2.pl\/wp-content\/uploads\/2022\/06\/F-P-07-35_03_ATEX.pdf\" target=\"_blank\" rel=\"noopener noreferrer\">\uae30\uc220 \uc0ac\uc591 \ubaa9\ub85d<\/a><\/p>\n<p><img decoding=\"async\" class=\"alignnone wp-image-2678\" src=\"http:\/\/icr.you2.pl\/wp-content\/uploads\/2019\/06\/word.jpg\" alt=\"\" width=\"20\" height=\"20\" srcset=\"https:\/\/icr.you2.pl\/wp-content\/uploads\/2019\/06\/word.jpg 208w, https:\/\/icr.you2.pl\/wp-content\/uploads\/2019\/06\/word-150x150.jpg 150w\" sizes=\"(max-width: 20px) 100vw, 20px\" \/><a href=\"http:\/\/icr.you2.pl\/wp-content\/uploads\/2024\/03\/F-P-07-02_9.docx\" target=\"_blank\" rel=\"noopener noreferrer\">\u00a0\uc2e0\uccad\uc11c_\uc2e0\uccad\uc11c_\ud544\uc218 \ud3c9\uac00<\/a><\/p>\n<p><img decoding=\"async\" class=\"alignnone wp-image-2678\" src=\"http:\/\/icr.you2.pl\/wp-content\/uploads\/2019\/06\/word.jpg\" alt=\"\" width=\"20\" height=\"20\" srcset=\"https:\/\/icr.you2.pl\/wp-content\/uploads\/2019\/06\/word.jpg 208w, https:\/\/icr.you2.pl\/wp-content\/uploads\/2019\/06\/word-150x150.jpg 150w\" sizes=\"(max-width: 20px) 100vw, 20px\" \/> <a href=\"http:\/\/icr.you2.pl\/wp-content\/uploads\/2020\/12\/F-P-07-28.docx\" target=\"_blank\" rel=\"noopener noreferrer\">\uc0dd\uc0b0 \uacf5\uc815 \ud488\uc9c8\/\uc81c\ud488 \ud488\uc9c8 \ud655\uc778 \uc2e0\uccad<\/a><\/p>\n<p><a href=\"http:\/\/icr.you2.pl\/wp-content\/uploads\/2019\/06\/Wniosek-o-certyfikacj%C4%99-systemu.docx\"><img decoding=\"async\" class=\"alignnone wp-image-2678\" src=\"http:\/\/icr.you2.pl\/wp-content\/uploads\/2019\/06\/word.jpg\" sizes=\"(max-width: 20px) 100vw, 20px\" srcset=\"http:\/\/icr.you2.pl\/wp-content\/uploads\/2019\/06\/word.jpg 208w, http:\/\/icr.you2.pl\/wp-content\/uploads\/2019\/06\/word-150x150.jpg 150w\" alt=\"\" width=\"20\" height=\"20\" \/><\/a> <a href=\"http:\/\/icr.you2.pl\/wp-content\/uploads\/2020\/10\/F-P-07-03-2E-Wniosek-Application-on-TCF-storage.docx\">\uae30\ub85d \ubcf4\uad00 \uc694\uccad(2014\/34\/EU - \ubaa8\ub4c8 A1)<\/a><\/p>","protected":false},"excerpt":{"rendered":"<p>ATEX \uc9c0\uce68\uc5d0\ub294 \ud3ed\ubc1c \uac00\ub2a5\uc131\uc774 \uc788\ub294 \ud658\uacbd\uc5d0\uc11c \uc0ac\uc6a9\ud558\uae30 \uc704\ud55c \uc81c\ud488\uc5d0 \ub300\ud55c \ud544\uc218 \uc694\uac74\uc774 \ud3ec\ud568\ub418\uc5b4 \uc788\uc2b5\ub2c8\ub2e4. \uc774\ub7ec\ud55c \uc81c\ud488\uc740 \uadf8\ub8f9\uc73c\ub85c \ub098\ub269\ub2c8\ub2e4: \uadf8\ub8f9 I - \uc9c0\ud558 \uad11\uc0b0 \ubc0f \ud3ed\ubc1c \uc704\ud5d8\uc774 \uc788\ub294 \uad11\uc0b0\uc758 \uc9c0\uc0c1 \ubd80\ud488\uc5d0\uc11c \uc0ac\uc6a9\ud558\uae30 \uc704\ud55c \uc7a5\ube44. \uadf8\ub8f9 II - \uc77c\ubc18 \uc0ac\uc6a9\uc6a9 \uc7a5\ube44. \uc774 \uadf8\ub8f9\uc5d0\ub294 3\uac00\uc9c0 \ubc94\uc8fc\uc758 \uc7a5\ube44\uac00 \uc788\uc744 \uc218 \uc788\uc2b5\ub2c8\ub2e4: \ub2e4\uc74c\uacfc \uac19\uc774 \uc124\uacc4\ub41c \uc7a5\ube44\uac00 \ud3ec\ud568\ub429\ub2c8\ub2e4.&nbsp;<a href=\"https:\/\/icr.you2.pl\/kr\/certyfikacja-wyrobow\/atex-2014-34-ue-urzadzenia-pracujace-w-atmosferze-potencjalnie-wybuchowej\/\" rel=\"bookmark\">\uc790\uc138\ud788 \ubcf4\uae30\"<span class=\"screen-reader-text\">ATEX 2014\/34\/EU - \ud3ed\ubc1c \uac00\ub2a5\uc131\uc774 \uc788\ub294 \ub300\uae30 \ud658\uacbd\uc5d0\uc11c \uc791\ub3d9\ud558\ub294 \uc7a5\ube44<\/span><\/a><\/p>","protected":false},"author":1,"featured_media":1034,"parent":211,"menu_order":0,"comment_status":"closed","ping_status":"closed","template":"","meta":{"neve_meta_sidebar":"","neve_meta_container":"","neve_meta_enable_content_width":"off","neve_meta_content_width":70,"neve_meta_title_alignment":"","neve_meta_author_avatar":"","neve_post_elements_order":"","neve_meta_disable_header":"","neve_meta_disable_footer":"","neve_meta_disable_title":"","footnotes":""},"class_list":["post-2031","page","type-page","status-publish","has-post-thumbnail","hentry"],"yoast_head":"<!-- This site is optimized with the Yoast SEO plugin v26.8 - https:\/\/yoast.com\/product\/yoast-seo-wordpress\/ -->\n<title>ATEX 2014\/34\/UE \u2013 urz\u0105dzenia pracuj\u0105ce w atmosferze potencjalnie wybuchowej - ICR POLSKA - badania i certyfikacja<\/title>\n<meta name=\"robots\" content=\"index, follow, max-snippet:-1, max-image-preview:large, max-video-preview:-1\" \/>\n<link rel=\"canonical\" href=\"https:\/\/icr.you2.pl\/kr\/certyfikacja-wyrobow\/atex-2014-34-ue-urzadzenia-pracujace-w-atmosferze-potencjalnie-wybuchowej\/\" \/>\n<meta property=\"og:locale\" content=\"ko_KR\" \/>\n<meta property=\"og:type\" content=\"article\" \/>\n<meta property=\"og:title\" content=\"ATEX 2014\/34\/UE \u2013 urz\u0105dzenia pracuj\u0105ce w atmosferze potencjalnie wybuchowej - ICR POLSKA - badania i certyfikacja\" \/>\n<meta property=\"og:description\" content=\"Dyrektywa ATEX zawiera wymagania zasadnicze odno\u015bnie do wyrob\u00f3w przeznaczonych do pracy w atmosferze potencjalnie wybuchowej. Wyroby te s\u0105 podzielone na grupy: Grupa I &#8211; urz\u0105dzenia przeznaczone do pracy w podziemiach kopalnianych, oraz naziemnych cz\u0119\u015bciach kopal\u0144 zagro\u017conych wybuchem. Grupa II \u2013 urz\u0105dzenia og\u00f3lnego zastosowania. W grupie tej mog\u0105 wyst\u0119powa\u0107 3 kategorie urz\u0105dze\u0144: \u00a0obejmuje urz\u0105dzenia zaprojektowane tak,&hellip;&nbsp;\ub354 \ubcf4\uae30 &raquo;ATEX 2014\/34\/UE \u2013 urz\u0105dzenia pracuj\u0105ce w atmosferze potencjalnie wybuchowej\" \/>\n<meta property=\"og:url\" content=\"https:\/\/icr.you2.pl\/kr\/certyfikacja-wyrobow\/atex-2014-34-ue-urzadzenia-pracujace-w-atmosferze-potencjalnie-wybuchowej\/\" \/>\n<meta property=\"og:site_name\" content=\"ICR POLSKA - badania i certyfikacja\" \/>\n<meta property=\"article:modified_time\" content=\"2024-03-26T11:01:27+00:00\" \/>\n<meta name=\"twitter:card\" content=\"summary_large_image\" \/>\n<meta name=\"twitter:label1\" content=\"\uc608\uc0c1 \ub418\ub294 \ud310\ub3c5 \uc2dc\uac04\" \/>\n\t<meta name=\"twitter:data1\" content=\"4\ubd84\" \/>\n<script type=\"application\/ld+json\" class=\"yoast-schema-graph\">{\"@context\":\"https:\/\/schema.org\",\"@graph\":[{\"@type\":\"WebPage\",\"@id\":\"https:\/\/icr.you2.pl\/certyfikacja-wyrobow\/atex-2014-34-ue-urzadzenia-pracujace-w-atmosferze-potencjalnie-wybuchowej\/\",\"url\":\"https:\/\/icr.you2.pl\/certyfikacja-wyrobow\/atex-2014-34-ue-urzadzenia-pracujace-w-atmosferze-potencjalnie-wybuchowej\/\",\"name\":\"ATEX 2014\/34\/UE \u2013 urz\u0105dzenia pracuj\u0105ce w atmosferze potencjalnie wybuchowej - ICR POLSKA - badania i certyfikacja\",\"isPartOf\":{\"@id\":\"https:\/\/icr.you2.pl\/#website\"},\"primaryImageOfPage\":{\"@id\":\"https:\/\/icr.you2.pl\/certyfikacja-wyrobow\/atex-2014-34-ue-urzadzenia-pracujace-w-atmosferze-potencjalnie-wybuchowej\/#primaryimage\"},\"image\":{\"@id\":\"https:\/\/icr.you2.pl\/certyfikacja-wyrobow\/atex-2014-34-ue-urzadzenia-pracujace-w-atmosferze-potencjalnie-wybuchowej\/#primaryimage\"},\"thumbnailUrl\":\"\",\"datePublished\":\"2019-05-28T11:04:53+00:00\",\"dateModified\":\"2024-03-26T11:01:27+00:00\",\"breadcrumb\":{\"@id\":\"https:\/\/icr.you2.pl\/certyfikacja-wyrobow\/atex-2014-34-ue-urzadzenia-pracujace-w-atmosferze-potencjalnie-wybuchowej\/#breadcrumb\"},\"inLanguage\":\"ko-KR\",\"potentialAction\":[{\"@type\":\"ReadAction\",\"target\":[\"https:\/\/icr.you2.pl\/certyfikacja-wyrobow\/atex-2014-34-ue-urzadzenia-pracujace-w-atmosferze-potencjalnie-wybuchowej\/\"]}]},{\"@type\":\"ImageObject\",\"inLanguage\":\"ko-KR\",\"@id\":\"https:\/\/icr.you2.pl\/certyfikacja-wyrobow\/atex-2014-34-ue-urzadzenia-pracujace-w-atmosferze-potencjalnie-wybuchowej\/#primaryimage\",\"url\":\"\",\"contentUrl\":\"\"},{\"@type\":\"BreadcrumbList\",\"@id\":\"https:\/\/icr.you2.pl\/certyfikacja-wyrobow\/atex-2014-34-ue-urzadzenia-pracujace-w-atmosferze-potencjalnie-wybuchowej\/#breadcrumb\",\"itemListElement\":[{\"@type\":\"ListItem\",\"position\":1,\"name\":\"Strona g\u0142\u00f3wna\",\"item\":\"https:\/\/icr.you2.pl\/\"},{\"@type\":\"ListItem\",\"position\":2,\"name\":\"Certyfikacja wyrob\u00f3w\",\"item\":\"https:\/\/icr.you2.pl\/en\/certyfikacja-wyrobow\/\"},{\"@type\":\"ListItem\",\"position\":3,\"name\":\"ATEX 2014\/34\/UE \u2013 urz\u0105dzenia pracuj\u0105ce w atmosferze potencjalnie wybuchowej\"}]},{\"@type\":\"WebSite\",\"@id\":\"https:\/\/icr.you2.pl\/#website\",\"url\":\"https:\/\/icr.you2.pl\/\",\"name\":\"ICR POLSKA - badania i certyfikacja\",\"description\":\"CE certification, CE certificate, ISO certificate, RED testing, product testing and certification, electrical product testing, medical device testing, ATEX, IECEx, FCC, product certification, EMC testing, machinery certification, CE machines, training, electronic product testing, testing 2014\/53\/EU, drone certification, ISO 13485 certificate, ISO 9001 certificate, NC RfG\",\"publisher\":{\"@id\":\"https:\/\/icr.you2.pl\/#\/schema\/person\/944799c9e2f4a94662e3fcb3b1544baf\"},\"potentialAction\":[{\"@type\":\"SearchAction\",\"target\":{\"@type\":\"EntryPoint\",\"urlTemplate\":\"https:\/\/icr.you2.pl\/?s={search_term_string}\"},\"query-input\":{\"@type\":\"PropertyValueSpecification\",\"valueRequired\":true,\"valueName\":\"search_term_string\"}}],\"inLanguage\":\"ko-KR\"},{\"@type\":[\"Person\",\"Organization\"],\"@id\":\"https:\/\/icr.you2.pl\/#\/schema\/person\/944799c9e2f4a94662e3fcb3b1544baf\",\"name\":\"admin\",\"image\":{\"@type\":\"ImageObject\",\"inLanguage\":\"ko-KR\",\"@id\":\"https:\/\/icr.you2.pl\/#\/schema\/person\/image\/\",\"url\":\"https:\/\/icr.you2.pl\/wp-content\/uploads\/2019\/05\/cropped-logo-icr.32f04ad5-1-1.png\",\"contentUrl\":\"https:\/\/icr.you2.pl\/wp-content\/uploads\/2019\/05\/cropped-logo-icr.32f04ad5-1-1.png\",\"width\":400,\"height\":148,\"caption\":\"admin\"},\"logo\":{\"@id\":\"https:\/\/icr.you2.pl\/#\/schema\/person\/image\/\"}}]}<\/script>\n<!-- \/ Yoast SEO plugin. -->","yoast_head_json":{"title":"ATEX 2014\/34\/EU - \ud3ed\ubc1c \uac00\ub2a5\uc131\uc774 \uc788\ub294 \ub300\uae30\uc5d0\uc11c \uc791\ub3d9\ud558\ub294 \uc7a5\ube44 - ICR POLAND - \ud14c\uc2a4\ud2b8 \ubc0f \uc778\uc99d","robots":{"index":"index","follow":"follow","max-snippet":"max-snippet:-1","max-image-preview":"max-image-preview:large","max-video-preview":"max-video-preview:-1"},"canonical":"https:\/\/icr.you2.pl\/kr\/certyfikacja-wyrobow\/atex-2014-34-ue-urzadzenia-pracujace-w-atmosferze-potencjalnie-wybuchowej\/","og_locale":"ko_KR","og_type":"article","og_title":"ATEX 2014\/34\/UE \u2013 urz\u0105dzenia pracuj\u0105ce w atmosferze potencjalnie wybuchowej - ICR POLSKA - badania i certyfikacja","og_description":"Dyrektywa ATEX zawiera wymagania zasadnicze odno\u015bnie do wyrob\u00f3w przeznaczonych do pracy w atmosferze potencjalnie wybuchowej. Wyroby te s\u0105 podzielone na grupy: Grupa I &#8211; urz\u0105dzenia przeznaczone do pracy w podziemiach kopalnianych, oraz naziemnych cz\u0119\u015bciach kopal\u0144 zagro\u017conych wybuchem. Grupa II \u2013 urz\u0105dzenia og\u00f3lnego zastosowania. W grupie tej mog\u0105 wyst\u0119powa\u0107 3 kategorie urz\u0105dze\u0144: \u00a0obejmuje urz\u0105dzenia zaprojektowane tak,&hellip;&nbsp;\ub354 \ubcf4\uae30 &raquo;ATEX 2014\/34\/UE \u2013 urz\u0105dzenia pracuj\u0105ce w atmosferze potencjalnie wybuchowej","og_url":"https:\/\/icr.you2.pl\/kr\/certyfikacja-wyrobow\/atex-2014-34-ue-urzadzenia-pracujace-w-atmosferze-potencjalnie-wybuchowej\/","og_site_name":"ICR POLSKA - badania i certyfikacja","article_modified_time":"2024-03-26T11:01:27+00:00","twitter_card":"summary_large_image","twitter_misc":{"\uc608\uc0c1 \ub418\ub294 \ud310\ub3c5 \uc2dc\uac04":"4\ubd84"},"schema":{"@context":"https:\/\/schema.org","@graph":[{"@type":"WebPage","@id":"https:\/\/icr.you2.pl\/certyfikacja-wyrobow\/atex-2014-34-ue-urzadzenia-pracujace-w-atmosferze-potencjalnie-wybuchowej\/","url":"https:\/\/icr.you2.pl\/certyfikacja-wyrobow\/atex-2014-34-ue-urzadzenia-pracujace-w-atmosferze-potencjalnie-wybuchowej\/","name":"ATEX 2014\/34\/EU - \ud3ed\ubc1c \uac00\ub2a5\uc131\uc774 \uc788\ub294 \ub300\uae30\uc5d0\uc11c \uc791\ub3d9\ud558\ub294 \uc7a5\ube44 - ICR POLAND - \ud14c\uc2a4\ud2b8 \ubc0f \uc778\uc99d","isPartOf":{"@id":"https:\/\/icr.you2.pl\/#website"},"primaryImageOfPage":{"@id":"https:\/\/icr.you2.pl\/certyfikacja-wyrobow\/atex-2014-34-ue-urzadzenia-pracujace-w-atmosferze-potencjalnie-wybuchowej\/#primaryimage"},"image":{"@id":"https:\/\/icr.you2.pl\/certyfikacja-wyrobow\/atex-2014-34-ue-urzadzenia-pracujace-w-atmosferze-potencjalnie-wybuchowej\/#primaryimage"},"thumbnailUrl":"","datePublished":"2019-05-28T11:04:53+00:00","dateModified":"2024-03-26T11:01:27+00:00","breadcrumb":{"@id":"https:\/\/icr.you2.pl\/certyfikacja-wyrobow\/atex-2014-34-ue-urzadzenia-pracujace-w-atmosferze-potencjalnie-wybuchowej\/#breadcrumb"},"inLanguage":"ko-KR","potentialAction":[{"@type":"ReadAction","target":["https:\/\/icr.you2.pl\/certyfikacja-wyrobow\/atex-2014-34-ue-urzadzenia-pracujace-w-atmosferze-potencjalnie-wybuchowej\/"]}]},{"@type":"ImageObject","inLanguage":"ko-KR","@id":"https:\/\/icr.you2.pl\/certyfikacja-wyrobow\/atex-2014-34-ue-urzadzenia-pracujace-w-atmosferze-potencjalnie-wybuchowej\/#primaryimage","url":"","contentUrl":""},{"@type":"BreadcrumbList","@id":"https:\/\/icr.you2.pl\/certyfikacja-wyrobow\/atex-2014-34-ue-urzadzenia-pracujace-w-atmosferze-potencjalnie-wybuchowej\/#breadcrumb","itemListElement":[{"@type":"ListItem","position":1,"name":"Strona g\u0142\u00f3wna","item":"https:\/\/icr.you2.pl\/"},{"@type":"ListItem","position":2,"name":"Certyfikacja wyrob\u00f3w","item":"https:\/\/icr.you2.pl\/en\/certyfikacja-wyrobow\/"},{"@type":"ListItem","position":3,"name":"ATEX 2014\/34\/UE \u2013 urz\u0105dzenia pracuj\u0105ce w atmosferze potencjalnie wybuchowej"}]},{"@type":"WebSite","@id":"https:\/\/icr.you2.pl\/#website","url":"https:\/\/icr.you2.pl\/","name":"ICR \ud3f4\ub780\ub4dc - \ud14c\uc2a4\ud2b8 \ubc0f \uc778\uc99d","description":"CE \uc778\uc99d, CE \uc778\uc99d\uc11c, ISO \uc778\uc99d\uc11c, RED \ud14c\uc2a4\ud2b8, \uc81c\ud488 \ud14c\uc2a4\ud2b8 \ubc0f \uc778\uc99d, \uc804\uae30 \uc81c\ud488 \ud14c\uc2a4\ud2b8, \uc758\ub8cc\uae30\uae30 \ud14c\uc2a4\ud2b8, ATEX, IECEx, FCC, \uc81c\ud488 \uc778\uc99d, EMC \ud14c\uc2a4\ud2b8, \uae30\uacc4 \uc778\uc99d, CE \uae30\uacc4, \uad50\uc721, \uc804\uc790 \uc81c\ud488 \ud14c\uc2a4\ud2b8, \ud14c\uc2a4\ud2b8 2014\/53\/EU, \ub4dc\ub860 \uc778\uc99d, ISO 13485 \uc778\uc99d\uc11c, ISO 9001 \uc778\uc99d\uc11c, NC RfG","publisher":{"@id":"https:\/\/icr.you2.pl\/#\/schema\/person\/944799c9e2f4a94662e3fcb3b1544baf"},"potentialAction":[{"@type":"SearchAction","target":{"@type":"EntryPoint","urlTemplate":"https:\/\/icr.you2.pl\/?s={search_term_string}"},"query-input":{"@type":"PropertyValueSpecification","valueRequired":true,"valueName":"search_term_string"}}],"inLanguage":"ko-KR"},{"@type":["Person","Organization"],"@id":"https:\/\/icr.you2.pl\/#\/schema\/person\/944799c9e2f4a94662e3fcb3b1544baf","name":"\uad00\ub9ac\uc790","image":{"@type":"ImageObject","inLanguage":"ko-KR","@id":"https:\/\/icr.you2.pl\/#\/schema\/person\/image\/","url":"https:\/\/icr.you2.pl\/wp-content\/uploads\/2019\/05\/cropped-logo-icr.32f04ad5-1-1.png","contentUrl":"https:\/\/icr.you2.pl\/wp-content\/uploads\/2019\/05\/cropped-logo-icr.32f04ad5-1-1.png","width":400,"height":148,"caption":"admin"},"logo":{"@id":"https:\/\/icr.you2.pl\/#\/schema\/person\/image\/"}}]}},"_links":{"self":[{"href":"https:\/\/icr.you2.pl\/kr\/wp-json\/wp\/v2\/pages\/2031","targetHints":{"allow":["GET"]}}],"collection":[{"href":"https:\/\/icr.you2.pl\/kr\/wp-json\/wp\/v2\/pages"}],"about":[{"href":"https:\/\/icr.you2.pl\/kr\/wp-json\/wp\/v2\/types\/page"}],"author":[{"embeddable":true,"href":"https:\/\/icr.you2.pl\/kr\/wp-json\/wp\/v2\/users\/1"}],"replies":[{"embeddable":true,"href":"https:\/\/icr.you2.pl\/kr\/wp-json\/wp\/v2\/comments?post=2031"}],"version-history":[{"count":0,"href":"https:\/\/icr.you2.pl\/kr\/wp-json\/wp\/v2\/pages\/2031\/revisions"}],"up":[{"embeddable":true,"href":"https:\/\/icr.you2.pl\/kr\/wp-json\/wp\/v2\/pages\/211"}],"wp:featuredmedia":[{"embeddable":true,"href":"https:\/\/icr.you2.pl\/kr\/wp-json\/"}],"wp:attachment":[{"href":"https:\/\/icr.you2.pl\/kr\/wp-json\/wp\/v2\/media?parent=2031"}],"curies":[{"name":"wp","href":"https:\/\/api.w.org\/{rel}","templated":true}]}}