{"id":2039,"date":"2019-05-28T11:08:53","date_gmt":"2019-05-28T11:08:53","guid":{"rendered":"http:\/\/icrpolska.e-ksperci.pl\/?page_id=2039"},"modified":"2024-06-11T07:57:52","modified_gmt":"2024-06-11T05:57:52","slug":"certyfikacja-dobrowolna","status":"publish","type":"page","link":"https:\/\/icr.you2.pl\/kr\/certyfikacja-wyrobow\/certyfikacja-dobrowolna\/","title":{"rendered":"\uc790\ubc1c\uc801 \uc778\uc99d"},"content":{"rendered":"<p><span style=\"font-weight: 400;\">\uc18c\uc704 <\/span><b>\uc790\ubc1c\uc801 \uc778\uc99d<\/b><span style=\"font-weight: 400;\"> - \uc81c\uc870\uc5c5\uccb4\/\uc218\uc785\uc5c5\uccb4\uac00 \uc81c\ud488\uc744 \uc778\uc99d\ud568\uc73c\ub85c\uc368 \ucd94\uac00 \uc778\uc99d\uc744 \ud68d\ub4dd\ud558\ub294 \uacbd\uc6b0 <\/span><b>\uaddc\uc815 \uc900\uc218 \ud655\uc778<\/b><span style=\"font-weight: 400;\"> \uc801\ud569\uc131 \uc120\uc5b8\uc5d0 \ud3ec\ud568\ub418\uc5b4 \uc788\uc73c\uba70, \ud574\ub2f9 \uc81c\ud488\uc774 \uad00\ub828 \ud45c\uc900\uc758 \uc694\uad6c \uc0ac\ud56d\uc744 \uc900\uc218\ud558\ub294\uc9c0 \ud3c9\uac00\ud569\ub2c8\ub2e4. \uc778\uc99d \ubc94\uc704\uac00 \uc801\uc6a9\ub418\ub294 \uc81c\ud488\uc740 \ub2e4\uc74c\uacfc \uac19\uc2b5\ub2c8\ub2e4:<\/span><\/p>\n<ul>\n<li style=\"font-weight: 400;\"><span style=\"font-weight: 400;\">\uc804\uae30 <\/span><b>\uc758\ub8cc \uae30\uae30<\/b><span style=\"font-weight: 400;\"> \ud074\ub798\uc2a4 1;<\/span><\/li>\n<li style=\"font-weight: 400;\"><b>\uac08\ubc14\ub2c9 \uc140 \ubc0f \ubc30\ud130\ub9ac<\/b><span style=\"font-weight: 400;\">;<\/span><\/li>\n<li style=\"font-weight: 400;\"><b>\uac00\uc815\uc6a9 \uc804\uae30 \uc81c\ud488<\/b><span style=\"font-weight: 400;\">\ucfe0\ucee4 \ubc0f \ud638\ube0c, \uc624\ube10, \ub0c9\uc7a5 \uac00\uc804, \uc2dd\uae30\uc138\ucc99\uae30, \uc138\ud0c1\uae30 \ubc0f \uc138\ud0c1\uae30 \uac74\uc870\uae30, \ud6c4\ubc84 \ubc0f \uae30\ud0c0 \uac74\uc2dd \ubc0f \uc2b5\uc2dd \uccad\uc18c \uc7a5\ube44 \ud3ec\ud568;<\/span><\/li>\n<li style=\"font-weight: 400;\"><span style=\"font-weight: 400;\">\uc704\uc0dd \ubc0f \uac1c\uc778 \uad00\ub9ac \uae30\uae30;<\/span><\/li>\n<li style=\"font-weight: 400;\"><b>\ud788\ud130<\/b><span style=\"font-weight: 400;\"> \uc804\uae30 \ubc0f \uac00\uc2a4;<\/span><\/li>\n<li style=\"font-weight: 400;\"><span style=\"font-weight: 400;\">\uc120\ud48d\uae30, \uc1a1\ud48d\uae30 \ubc0f \uc5d0\uc5b4\ucee8 \uc7a5\uce58; <\/span><\/li>\n<li style=\"font-weight: 400;\"><span style=\"font-weight: 400;\">\ucfe0\ucee4 \ubc0f <\/span><b>\ub0c9\uc7a5 \uc7a5\ube44<\/b><span style=\"font-weight: 400;\"> \uc18c\ub9e4 \ubc0f \uc694\uc2dd\uc5c5\uc6a9<\/span><\/li>\n<li style=\"font-weight: 400;\"><span style=\"font-weight: 400;\">\uc804\uae30 \ubc0f \uc804\uc790 \uce21\uc815 \uae30\uae30;<\/span><\/li>\n<li style=\"font-weight: 400;\"><span style=\"font-weight: 400;\">\ud578\ub4dc\ud5ec\ub4dc \ubc0f \ud734\ub300\uc6a9 \uc804\ub3d9 \uacf5\uad6c;<\/span><\/li>\n<li style=\"font-weight: 400;\"><span style=\"font-weight: 400;\">\uc624\ub514\uc624, \ube44\ub514\uc624 \ubc0f \uc2dc\uccad\uac01 \uc7a5\ube44, \uc7a5\uce58 <\/span><b>\uc815\ubcf4 \uae30\uc220<\/b><span style=\"font-weight: 400;\">\uac00\uc815\uc6a9 \uc0ac\ubb34\uae30\uae30 \ubc0f \uc81c\uc5b4 \uc7a5\uce58\uc785\ub2c8\ub2e4;<\/span><\/li>\n<li style=\"font-weight: 400;\"><span style=\"font-weight: 400;\">\ubc30\ud3ec\uae30 \ubc0f \uc790\ub3d9\ud310\ub9e4\uae30;<\/span><\/li>\n<li style=\"font-weight: 400;\"><span style=\"font-weight: 400;\">\uc804\uae30 \uad6c\ub3d9 \ubc0f \ud68c\uc804 \uae30\uacc4: \uc720\ub3c4, \ub3d9\uae30 \ubc0f \uc815\ub958\uc790 \ubaa8\ud130; <\/span><b>\uc815\ub958\uae30, \ucee8\ubc84\ud130<\/b><span style=\"font-weight: 400;\"> \uc548\uc815\ud654\ub41c \uc804\uc6d0 \uacf5\uae09 \uc7a5\uce58, \ubcc0\uc555\uae30 \ubc0f \ucd08\ud06c<\/span><\/li>\n<li style=\"font-weight: 400;\"><span style=\"font-weight: 400;\">\uc720\uc555 \ubc0f \uacf5\uc555 \ub4dc\ub77c\uc774\ube0c \ubc0f \uc81c\uc5b4; \ud504\ub808\uc2a4, \uc0ac\ucd9c \uc131\ud615\uae30 \ub4f1 \uce69\ub9ac\uc2a4 \uac00\uacf5 \uc7a5\ube44; \uace0\ubb34 \ubc0f \ud50c\ub77c\uc2a4\ud2f1 \uc0b0\uc5c5\uc6a9 \uae30\uacc4 \ubc0f \ubaa8\ub4e0 \ubcf4\ud638 \uc7a5\ube44 <\/span><b>\uae30\uacc4\ub958\uc758 \uc548\uc804<\/b>;<\/li>\n<li>\uadf8\ub9ac\uace0 \ub354 \ub9ce\uc740 ...<\/li>\n<\/ul>\n<p><b>\uc790\uc138\ud788 \uc77d\uc5b4\ubcf4\uc138\uc694:<\/b><\/p>\n<p><img decoding=\"async\" class=\"wp-image-2679 alignnone\" src=\"http:\/\/icr.you2.pl\/wp-content\/uploads\/2019\/06\/adobe.jpg\" alt=\"\" width=\"20\" height=\"21\" srcset=\"https:\/\/icr.you2.pl\/wp-content\/uploads\/2019\/06\/adobe.jpg 218w, https:\/\/icr.you2.pl\/wp-content\/uploads\/2019\/06\/adobe-150x150.jpg 150w\" sizes=\"(max-width: 20px) 100vw, 20px\" \/><a href=\"http:\/\/icr.you2.pl\/wp-content\/uploads\/2024\/06\/PC-P-07-07_22.pdf\" target=\"_blank\" rel=\"noopener noreferrer\">\u00a0\uc790\ubc1c\uc801 \uc81c\ud488 \uc778\uc99d \ud504\ub85c\uadf8\ub7a8<\/a><\/p>\n<p><a href=\"http:\/\/icr.you2.pl\/wp-content\/uploads\/2019\/06\/Wniosek-o-certyfikacj\u0119-systemu.docx\"><img decoding=\"async\" class=\"alignnone wp-image-2678\" src=\"http:\/\/icr.you2.pl\/wp-content\/uploads\/2019\/06\/word.jpg\" alt=\"\" width=\"20\" height=\"20\" srcset=\"https:\/\/icr.you2.pl\/wp-content\/uploads\/2019\/06\/word.jpg 208w, https:\/\/icr.you2.pl\/wp-content\/uploads\/2019\/06\/word-150x150.jpg 150w\" sizes=\"(max-width: 20px) 100vw, 20px\" \/><\/a><a href=\"http:\/\/icr.you2.pl\/wp-content\/uploads\/2022\/10\/F-P-07-01_3.docx\" target=\"_blank\" rel=\"noopener noreferrer\"> \uc2e0\uccad\uc11c_\uc2e0\uccad\uc11c_\uc790\ubc1c\uc801 \uc778\uc99d<\/a><\/p>","protected":false},"excerpt":{"rendered":"<p>\uc81c\ud488\uc744 \uc778\uc99d\ud558\ub294 \uc81c\uc870\uc5c5\uccb4\/\uc218\uc785\uc5c5\uccb4\uac00 \uc801\ud569\uc131 \uc120\uc5b8\uc5d0 \ud3ec\ud568\ub41c \uc694\uad6c \uc0ac\ud56d\uc744 \ucda9\uc871\ud55c\ub2e4\ub294 \ucd94\uac00 \ud655\uc778\uc744 \ud68d\ub4dd\ud558\ub294 \uc18c\uc704 \uc790\ubc1c\uc801 \uc778\uc99d \uc601\uc5ed\uc5d0\uc11c \ub2f9\uc0ac\ub294 \uc81c\ud488\uc774 \uad00\ub828 \ud45c\uc900\uc758 \uc694\uad6c \uc0ac\ud56d\uc744 \uc900\uc218\ud558\ub294\uc9c0 \ud3c9\uac00\ud569\ub2c8\ub2e4. \uc778\uc99d \ubc94\uc704\uac00 \uc801\uc6a9\ub418\ub294 \uc81c\ud488\uc740 \ub2e4\uc74c\uacfc \uac19\uc2b5\ub2c8\ub2e4: \uc804\uae30 \uc758\ub8cc\uae30\uae30 \ud074\ub798\uc2a4 1, \uac08\ubc14\ub2c9 \uc140 \ubc0f \ubc30\ud130\ub9ac, \uac00\uc815\uc6a9 \uc804\uae30 \uc81c\ud488: m.in....&nbsp;<a href=\"https:\/\/icr.you2.pl\/kr\/certyfikacja-wyrobow\/certyfikacja-dobrowolna\/\" rel=\"bookmark\">\uc790\uc138\ud788 \ubcf4\uae30\"<span class=\"screen-reader-text\">\uc790\ubc1c\uc801 \uc778\uc99d<\/span><\/a><\/p>","protected":false},"author":1,"featured_media":1040,"parent":211,"menu_order":0,"comment_status":"closed","ping_status":"closed","template":"","meta":{"neve_meta_sidebar":"","neve_meta_container":"","neve_meta_enable_content_width":"off","neve_meta_content_width":70,"neve_meta_title_alignment":"","neve_meta_author_avatar":"","neve_post_elements_order":"","neve_meta_disable_header":"","neve_meta_disable_footer":"","neve_meta_disable_title":"","footnotes":""},"class_list":["post-2039","page","type-page","status-publish","has-post-thumbnail","hentry"],"yoast_head":"<!-- This site is optimized with the Yoast SEO plugin v26.8 - https:\/\/yoast.com\/product\/yoast-seo-wordpress\/ -->\n<title>Certyfikacja dobrowolna - ICR POLSKA - badania i certyfikacja<\/title>\n<meta name=\"robots\" content=\"index, follow, max-snippet:-1, max-image-preview:large, max-video-preview:-1\" \/>\n<link rel=\"canonical\" href=\"https:\/\/icr.you2.pl\/kr\/certyfikacja-wyrobow\/certyfikacja-dobrowolna\/\" \/>\n<meta property=\"og:locale\" content=\"ko_KR\" \/>\n<meta property=\"og:type\" content=\"article\" \/>\n<meta property=\"og:title\" content=\"Certyfikacja dobrowolna - ICR POLSKA - badania i certyfikacja\" \/>\n<meta property=\"og:description\" content=\"W obszarze tak zwanej certyfikacji dobrowolnej \u2013 w kt\u00f3rej producent\/importer certyfikuj\u0105c wyr\u00f3b uzyskuje dodatkowe potwierdzenie spe\u0142nienia wymaga\u0144 zawartych przez niego w deklaracji zgodno\u015bci \u2013 oceniamy zgodno\u015b\u0107 wyrobu z wymaganiami odnosz\u0105cych si\u0119 do niego norm. W\u015br\u00f3d wyrob\u00f3w obj\u0119tych naszym zakresem akredytacji s\u0105 m.in.: elektryczne wyroby medyczne klasy 1; ogniwa galwaniczne i baterie; domowe urz\u0105dzenia elektryczne: m.in.&hellip;&nbsp;\ub354 \ubcf4\uae30 &raquo;Certyfikacja dobrowolna\" \/>\n<meta property=\"og:url\" content=\"https:\/\/icr.you2.pl\/kr\/certyfikacja-wyrobow\/certyfikacja-dobrowolna\/\" \/>\n<meta property=\"og:site_name\" content=\"ICR POLSKA - badania i certyfikacja\" \/>\n<meta property=\"article:modified_time\" content=\"2024-06-11T05:57:52+00:00\" \/>\n<meta name=\"twitter:card\" content=\"summary_large_image\" \/>\n<meta name=\"twitter:label1\" content=\"\uc608\uc0c1 \ub418\ub294 \ud310\ub3c5 \uc2dc\uac04\" \/>\n\t<meta name=\"twitter:data1\" content=\"2\ubd84\" \/>\n<script type=\"application\/ld+json\" class=\"yoast-schema-graph\">{\"@context\":\"https:\/\/schema.org\",\"@graph\":[{\"@type\":\"WebPage\",\"@id\":\"https:\/\/icr.you2.pl\/certyfikacja-wyrobow\/certyfikacja-dobrowolna\/\",\"url\":\"https:\/\/icr.you2.pl\/certyfikacja-wyrobow\/certyfikacja-dobrowolna\/\",\"name\":\"Certyfikacja dobrowolna - ICR POLSKA - badania i certyfikacja\",\"isPartOf\":{\"@id\":\"https:\/\/icr.you2.pl\/#website\"},\"primaryImageOfPage\":{\"@id\":\"https:\/\/icr.you2.pl\/certyfikacja-wyrobow\/certyfikacja-dobrowolna\/#primaryimage\"},\"image\":{\"@id\":\"https:\/\/icr.you2.pl\/certyfikacja-wyrobow\/certyfikacja-dobrowolna\/#primaryimage\"},\"thumbnailUrl\":\"\",\"datePublished\":\"2019-05-28T11:08:53+00:00\",\"dateModified\":\"2024-06-11T05:57:52+00:00\",\"breadcrumb\":{\"@id\":\"https:\/\/icr.you2.pl\/certyfikacja-wyrobow\/certyfikacja-dobrowolna\/#breadcrumb\"},\"inLanguage\":\"ko-KR\",\"potentialAction\":[{\"@type\":\"ReadAction\",\"target\":[\"https:\/\/icr.you2.pl\/certyfikacja-wyrobow\/certyfikacja-dobrowolna\/\"]}]},{\"@type\":\"ImageObject\",\"inLanguage\":\"ko-KR\",\"@id\":\"https:\/\/icr.you2.pl\/certyfikacja-wyrobow\/certyfikacja-dobrowolna\/#primaryimage\",\"url\":\"\",\"contentUrl\":\"\"},{\"@type\":\"BreadcrumbList\",\"@id\":\"https:\/\/icr.you2.pl\/certyfikacja-wyrobow\/certyfikacja-dobrowolna\/#breadcrumb\",\"itemListElement\":[{\"@type\":\"ListItem\",\"position\":1,\"name\":\"Strona g\u0142\u00f3wna\",\"item\":\"https:\/\/icr.you2.pl\/\"},{\"@type\":\"ListItem\",\"position\":2,\"name\":\"Certyfikacja wyrob\u00f3w\",\"item\":\"https:\/\/icr.you2.pl\/en\/certyfikacja-wyrobow\/\"},{\"@type\":\"ListItem\",\"position\":3,\"name\":\"Certyfikacja dobrowolna\"}]},{\"@type\":\"WebSite\",\"@id\":\"https:\/\/icr.you2.pl\/#website\",\"url\":\"https:\/\/icr.you2.pl\/\",\"name\":\"ICR POLSKA - badania i certyfikacja\",\"description\":\"CE certification, CE certificate, ISO certificate, RED testing, product testing and certification, electrical product testing, medical device testing, ATEX, IECEx, FCC, product certification, EMC testing, machinery certification, CE machines, training, electronic product testing, testing 2014\/53\/EU, drone certification, ISO 13485 certificate, ISO 9001 certificate, NC RfG\",\"publisher\":{\"@id\":\"https:\/\/icr.you2.pl\/#\/schema\/person\/944799c9e2f4a94662e3fcb3b1544baf\"},\"potentialAction\":[{\"@type\":\"SearchAction\",\"target\":{\"@type\":\"EntryPoint\",\"urlTemplate\":\"https:\/\/icr.you2.pl\/?s={search_term_string}\"},\"query-input\":{\"@type\":\"PropertyValueSpecification\",\"valueRequired\":true,\"valueName\":\"search_term_string\"}}],\"inLanguage\":\"ko-KR\"},{\"@type\":[\"Person\",\"Organization\"],\"@id\":\"https:\/\/icr.you2.pl\/#\/schema\/person\/944799c9e2f4a94662e3fcb3b1544baf\",\"name\":\"admin\",\"image\":{\"@type\":\"ImageObject\",\"inLanguage\":\"ko-KR\",\"@id\":\"https:\/\/icr.you2.pl\/#\/schema\/person\/image\/\",\"url\":\"https:\/\/icr.you2.pl\/wp-content\/uploads\/2019\/05\/cropped-logo-icr.32f04ad5-1-1.png\",\"contentUrl\":\"https:\/\/icr.you2.pl\/wp-content\/uploads\/2019\/05\/cropped-logo-icr.32f04ad5-1-1.png\",\"width\":400,\"height\":148,\"caption\":\"admin\"},\"logo\":{\"@id\":\"https:\/\/icr.you2.pl\/#\/schema\/person\/image\/\"}}]}<\/script>\n<!-- \/ Yoast SEO plugin. -->","yoast_head_json":{"title":"\uc790\ubc1c\uc801 \uc778\uc99d - ICR POLAND - \ud14c\uc2a4\ud2b8 \ubc0f \uc778\uc99d","robots":{"index":"index","follow":"follow","max-snippet":"max-snippet:-1","max-image-preview":"max-image-preview:large","max-video-preview":"max-video-preview:-1"},"canonical":"https:\/\/icr.you2.pl\/kr\/certyfikacja-wyrobow\/certyfikacja-dobrowolna\/","og_locale":"ko_KR","og_type":"article","og_title":"Certyfikacja dobrowolna - ICR POLSKA - badania i certyfikacja","og_description":"W obszarze tak zwanej certyfikacji dobrowolnej \u2013 w kt\u00f3rej producent\/importer certyfikuj\u0105c wyr\u00f3b uzyskuje dodatkowe potwierdzenie spe\u0142nienia wymaga\u0144 zawartych przez niego w deklaracji zgodno\u015bci \u2013 oceniamy zgodno\u015b\u0107 wyrobu z wymaganiami odnosz\u0105cych si\u0119 do niego norm. W\u015br\u00f3d wyrob\u00f3w obj\u0119tych naszym zakresem akredytacji s\u0105 m.in.: elektryczne wyroby medyczne klasy 1; ogniwa galwaniczne i baterie; domowe urz\u0105dzenia elektryczne: m.in.&hellip;&nbsp;\ub354 \ubcf4\uae30 &raquo;Certyfikacja dobrowolna","og_url":"https:\/\/icr.you2.pl\/kr\/certyfikacja-wyrobow\/certyfikacja-dobrowolna\/","og_site_name":"ICR POLSKA - badania i certyfikacja","article_modified_time":"2024-06-11T05:57:52+00:00","twitter_card":"summary_large_image","twitter_misc":{"\uc608\uc0c1 \ub418\ub294 \ud310\ub3c5 \uc2dc\uac04":"2\ubd84"},"schema":{"@context":"https:\/\/schema.org","@graph":[{"@type":"WebPage","@id":"https:\/\/icr.you2.pl\/certyfikacja-wyrobow\/certyfikacja-dobrowolna\/","url":"https:\/\/icr.you2.pl\/certyfikacja-wyrobow\/certyfikacja-dobrowolna\/","name":"\uc790\ubc1c\uc801 \uc778\uc99d - ICR POLAND - \ud14c\uc2a4\ud2b8 \ubc0f \uc778\uc99d","isPartOf":{"@id":"https:\/\/icr.you2.pl\/#website"},"primaryImageOfPage":{"@id":"https:\/\/icr.you2.pl\/certyfikacja-wyrobow\/certyfikacja-dobrowolna\/#primaryimage"},"image":{"@id":"https:\/\/icr.you2.pl\/certyfikacja-wyrobow\/certyfikacja-dobrowolna\/#primaryimage"},"thumbnailUrl":"","datePublished":"2019-05-28T11:08:53+00:00","dateModified":"2024-06-11T05:57:52+00:00","breadcrumb":{"@id":"https:\/\/icr.you2.pl\/certyfikacja-wyrobow\/certyfikacja-dobrowolna\/#breadcrumb"},"inLanguage":"ko-KR","potentialAction":[{"@type":"ReadAction","target":["https:\/\/icr.you2.pl\/certyfikacja-wyrobow\/certyfikacja-dobrowolna\/"]}]},{"@type":"ImageObject","inLanguage":"ko-KR","@id":"https:\/\/icr.you2.pl\/certyfikacja-wyrobow\/certyfikacja-dobrowolna\/#primaryimage","url":"","contentUrl":""},{"@type":"BreadcrumbList","@id":"https:\/\/icr.you2.pl\/certyfikacja-wyrobow\/certyfikacja-dobrowolna\/#breadcrumb","itemListElement":[{"@type":"ListItem","position":1,"name":"Strona g\u0142\u00f3wna","item":"https:\/\/icr.you2.pl\/"},{"@type":"ListItem","position":2,"name":"Certyfikacja wyrob\u00f3w","item":"https:\/\/icr.you2.pl\/en\/certyfikacja-wyrobow\/"},{"@type":"ListItem","position":3,"name":"Certyfikacja dobrowolna"}]},{"@type":"WebSite","@id":"https:\/\/icr.you2.pl\/#website","url":"https:\/\/icr.you2.pl\/","name":"ICR \ud3f4\ub780\ub4dc - \ud14c\uc2a4\ud2b8 \ubc0f \uc778\uc99d","description":"CE \uc778\uc99d, CE \uc778\uc99d\uc11c, ISO \uc778\uc99d\uc11c, RED \ud14c\uc2a4\ud2b8, \uc81c\ud488 \ud14c\uc2a4\ud2b8 \ubc0f \uc778\uc99d, \uc804\uae30 \uc81c\ud488 \ud14c\uc2a4\ud2b8, \uc758\ub8cc\uae30\uae30 \ud14c\uc2a4\ud2b8, ATEX, IECEx, FCC, \uc81c\ud488 \uc778\uc99d, EMC \ud14c\uc2a4\ud2b8, \uae30\uacc4 \uc778\uc99d, CE \uae30\uacc4, \uad50\uc721, \uc804\uc790 \uc81c\ud488 \ud14c\uc2a4\ud2b8, \ud14c\uc2a4\ud2b8 2014\/53\/EU, \ub4dc\ub860 \uc778\uc99d, ISO 13485 \uc778\uc99d\uc11c, ISO 9001 \uc778\uc99d\uc11c, NC RfG","publisher":{"@id":"https:\/\/icr.you2.pl\/#\/schema\/person\/944799c9e2f4a94662e3fcb3b1544baf"},"potentialAction":[{"@type":"SearchAction","target":{"@type":"EntryPoint","urlTemplate":"https:\/\/icr.you2.pl\/?s={search_term_string}"},"query-input":{"@type":"PropertyValueSpecification","valueRequired":true,"valueName":"search_term_string"}}],"inLanguage":"ko-KR"},{"@type":["Person","Organization"],"@id":"https:\/\/icr.you2.pl\/#\/schema\/person\/944799c9e2f4a94662e3fcb3b1544baf","name":"\uad00\ub9ac\uc790","image":{"@type":"ImageObject","inLanguage":"ko-KR","@id":"https:\/\/icr.you2.pl\/#\/schema\/person\/image\/","url":"https:\/\/icr.you2.pl\/wp-content\/uploads\/2019\/05\/cropped-logo-icr.32f04ad5-1-1.png","contentUrl":"https:\/\/icr.you2.pl\/wp-content\/uploads\/2019\/05\/cropped-logo-icr.32f04ad5-1-1.png","width":400,"height":148,"caption":"admin"},"logo":{"@id":"https:\/\/icr.you2.pl\/#\/schema\/person\/image\/"}}]}},"_links":{"self":[{"href":"https:\/\/icr.you2.pl\/kr\/wp-json\/wp\/v2\/pages\/2039","targetHints":{"allow":["GET"]}}],"collection":[{"href":"https:\/\/icr.you2.pl\/kr\/wp-json\/wp\/v2\/pages"}],"about":[{"href":"https:\/\/icr.you2.pl\/kr\/wp-json\/wp\/v2\/types\/page"}],"author":[{"embeddable":true,"href":"https:\/\/icr.you2.pl\/kr\/wp-json\/wp\/v2\/users\/1"}],"replies":[{"embeddable":true,"href":"https:\/\/icr.you2.pl\/kr\/wp-json\/wp\/v2\/comments?post=2039"}],"version-history":[{"count":0,"href":"https:\/\/icr.you2.pl\/kr\/wp-json\/wp\/v2\/pages\/2039\/revisions"}],"up":[{"embeddable":true,"href":"https:\/\/icr.you2.pl\/kr\/wp-json\/wp\/v2\/pages\/211"}],"wp:featuredmedia":[{"embeddable":true,"href":"https:\/\/icr.you2.pl\/kr\/wp-json\/"}],"wp:attachment":[{"href":"https:\/\/icr.you2.pl\/kr\/wp-json\/wp\/v2\/media?parent=2039"}],"curies":[{"name":"wp","href":"https:\/\/api.w.org\/{rel}","templated":true}]}}