{"id":2045,"date":"2019-05-28T11:15:21","date_gmt":"2019-05-28T11:15:21","guid":{"rendered":"http:\/\/icrpolska.e-ksperci.pl\/?page_id=2045"},"modified":"2022-09-07T23:31:08","modified_gmt":"2022-09-07T21:31:08","slug":"wyroby-medyczne","status":"publish","type":"page","link":"https:\/\/icr.you2.pl\/kr\/badania-wyrobow\/wyroby-medyczne\/","title":{"rendered":"\uc758\ub8cc \uae30\uae30"},"content":{"rendered":"<p><img fetchpriority=\"high\" decoding=\"async\" class=\"alignright wp-image-4112 size-medium\" src=\"http:\/\/icr.you2.pl\/wp-content\/uploads\/2020\/12\/Medical_devices-300x224.png\" alt=\"\uc758\ub8cc \uae30\uae30\" width=\"300\" height=\"224\" srcset=\"https:\/\/icr.you2.pl\/wp-content\/uploads\/2020\/12\/Medical_devices-300x224.png 300w, https:\/\/icr.you2.pl\/wp-content\/uploads\/2020\/12\/Medical_devices-1024x764.png 1024w, https:\/\/icr.you2.pl\/wp-content\/uploads\/2020\/12\/Medical_devices-768x573.png 768w, https:\/\/icr.you2.pl\/wp-content\/uploads\/2020\/12\/Medical_devices-1536x1145.png 1536w, https:\/\/icr.you2.pl\/wp-content\/uploads\/2020\/12\/Medical_devices-16x12.png 16w, https:\/\/icr.you2.pl\/wp-content\/uploads\/2020\/12\/Medical_devices.png 1683w\" sizes=\"(max-width: 300px) 100vw, 300px\" \/>\uc2e4\ud5d8\uc2e4\uc5d0\uc11c\ub294 \ud2b9\ud788 \ub2e4\uc74c\uacfc \uac19\uc740 \uc758\ub8cc \uc7a5\ube44\uc5d0 \ub300\ud55c \uc548\uc804\uc131 \ubc0f \uc804\uc790\ud30c \uc801\ud569\uc131 \ud14c\uc2a4\ud2b8\ub97c \uc218\ud589\ud569\ub2c8\ub2e4:<\/p>\n<ul>\n<li>EN 60601-2-10 \uc2e0\uacbd \ubc0f \uadfc\uc721 \uc790\uadf9\uae30<\/li>\n<li>EN 60601-2-18 \ub0b4\uc2dc\uacbd \uc7a5\ube44<\/li>\n<li>EN 60601-2-22 \uc218\uc220\uc6a9, \ubbf8\uc6a9\uc6a9, \uce58\ub8cc\uc6a9 \ub808\uc774\uc800 \uae30\uae30<\/li>\n<li>EN 60601-2-25 \uc2ec\uc804\ub3c4\uacc4<\/li>\n<li>EN 60601-2-27 \uc2ec\uc804\ub3c4 \ubaa8\ub2c8\ud130\ub9c1 \uc7a5\uce58<\/li>\n<li>EN 60601-2-3 \ub2e8\ud30c \uce58\ub8cc \uc7a5\ube44<\/li>\n<li>EN 60601-2-37 \ucd08\uc74c\ud30c \uc9c4\ub2e8 \ubc0f \ubaa8\ub2c8\ud130\ub9c1 \uc7a5\uce58<\/li>\n<li>EN 60601-2-44 \ucef4\ud4e8\ud130 \ub2e8\uce35 \ucd2c\uc601\uc6a9 X-\uc120 \uc7a5\ube44<\/li>\n<li>EN 60601-2-45 \uc720\ubc29 \ucd2c\uc601 X-\uc120 \uc7a5\ube44 \ubc0f \uc815\uc704 \uc7a5\uce58<\/li>\n<li>EN 60601-2-47 \uc678\ub798 \uc2ec\uc804\ub3c4 \uc2dc\uc2a4\ud15c<\/li>\n<li>EN 60601-2-4 \uc2ec\uc7a5 \uc81c\uc138\ub3d9\uae30<\/li>\n<li>EN 60601-2-54 \ubc29\uc0ac\uc120 \ucd2c\uc601 \ubc0f \ubc29\uc0ac\uc120 \uac80\uc0ac\uc6a9 X-\uc120 \uc7a5\ube44<\/li>\n<li>EN 60601-2-5 \ucd08\uc74c\ud30c \ubb3c\ub9ac \uce58\ub8cc \uc7a5\uce58<\/li>\n<li>EN 60601-2-63 \uce58\uacfc\uc6a9 \uc5d1\uc2a4\ub808\uc774 \uc7a5\uce58<\/li>\n<li>EN 60601-2-65 \uad6c\uac15 \ub0b4 \uce58\uacfc\uc6a9 \uc5d1\uc2a4\ub808\uc774 \uc7a5\uce58<\/li>\n<li>EN 60601-2-6 \ub9c8\uc774\ud06c\ub85c\ud30c \uce58\ub8cc \uc7a5\ube44<\/li>\n<li>EN IEC 60601-2-2 \uace0\uc8fc\ud30c \uc218\uc220 \uae30\uad6c \ubc0f \uc7a5\ube44<\/li>\n<li>EN IEC 60601-2-28 \uc758\ub8cc\uc6a9 \uc9c4\ub2e8\uc6a9 X-\uc120 \ud29c\ube0c<\/li>\n<li>EN IEC 80601-2-30 \uc790\ub3d9 \ube44\uce68\uc2b5\uc801 \ud608\uc555\uacc4<\/li>\n<li>EN IEC 80601-2-49 \ub2e4\uae30\ub2a5 \ud658\uc790 \ubaa8\ub2c8\ud130\ub9c1 \uc7a5\ube44<\/li>\n<li>EN IEC 80601-2-59 \uc11c\ubaa8\uadf8\ub798\ud504<\/li>\n<li>EN IEC 80601-2-60 \uce58\uacfc\uc6a9 \uae30\uae30<\/li>\n<li>EN ISO 80601-2-61 \uc758\ub8cc\uc6a9 \ub9e5\ubc15 \uc0b0\uc18c \uce21\uc815\uae30 \uc7a5\ube44<\/li>\n<\/ul>\n<p><img decoding=\"async\" class=\"wp-image-2684 alignleft\" src=\"http:\/\/icr.you2.pl\/wp-content\/uploads\/2019\/06\/IECEE_logo-300x137.jpg\" alt=\"\" width=\"101\" height=\"46\" srcset=\"https:\/\/icr.you2.pl\/wp-content\/uploads\/2019\/06\/IECEE_logo-300x137.jpg 300w, https:\/\/icr.you2.pl\/wp-content\/uploads\/2019\/06\/IECEE_logo.jpg 332w\" sizes=\"(max-width: 101px) 100vw, 101px\" \/>\ud14c\uc2a4\ud2b8 \ubcf4\uace0\uc11c\ub294 IECEE CB \uc81c\ub3c4 \ubc0f ILAC \uc778\uc99d\uc5d0 \ub530\ub77c \ubc1c\ud589\ub429\ub2c8\ub2e4. <img decoding=\"async\" class=\"wp-image-2917 alignnone\" src=\"http:\/\/icr.you2.pl\/wp-content\/uploads\/2019\/06\/ilac-mra.png\" alt=\"\" width=\"61\" height=\"62\" srcset=\"https:\/\/icr.you2.pl\/wp-content\/uploads\/2019\/06\/ilac-mra.png 223w, https:\/\/icr.you2.pl\/wp-content\/uploads\/2019\/06\/ilac-mra-150x150.png 150w\" sizes=\"(max-width: 61px) 100vw, 61px\" \/><\/p>","protected":false},"excerpt":{"rendered":"<p>\uc800\ud76c \uc2e4\ud5d8\uc2e4\uc5d0\uc11c\ub294 \ub2e4\uc74c\uacfc \uac19\uc740 \uc758\ub8cc \uc7a5\ube44\uc758 \uc548\uc804 \ubc0f \uc804\uc790\ud30c \uc801\ud569\uc131 \ud14c\uc2a4\ud2b8\ub97c \uc218\ud589\ud569\ub2c8\ub2e4: EN 60601-2-10 \uc2e0\uacbd \ubc0f \uadfc\uc721 \uc790\uadf9\uae30 EN 60601-2-18 \ub0b4\uc2dc\uacbd \uae30\uae30 EN 60601-2-22 \uc218\uc220, \ubbf8\uc6a9, \uce58\ub8cc\uc6a9 \ub808\uc774\uc800 \uae30\uae30 EN 60601-2-25 \uc2ec\uc804\ub3c4\uae30 EN 60601-2-27 \uc2ec\uc804\ub3c4 \ubaa8\ub2c8\ud130\ub9c1 \uae30\uae30 EN 60601-2-3 \ub2e8\ud30c \uce58\ub8cc \uae30\uae30 EN 60601-2-37 \ucd08\uc74c\ud30c \uc9c4\ub2e8 \ubc0f \ubaa8\ub2c8\ud130\ub9c1 \uae30\uae30 EN 60601-2-44 \uc5d1\uc2a4\ub808\uc774 \uae30\uae30....&nbsp;<a href=\"https:\/\/icr.you2.pl\/kr\/badania-wyrobow\/wyroby-medyczne\/\" rel=\"bookmark\">\uc790\uc138\ud788 \ubcf4\uae30\"<span class=\"screen-reader-text\">\uc758\ub8cc \uae30\uae30<\/span><\/a><\/p>","protected":false},"author":1,"featured_media":1146,"parent":979,"menu_order":0,"comment_status":"closed","ping_status":"closed","template":"","meta":{"neve_meta_sidebar":"","neve_meta_container":"","neve_meta_enable_content_width":"off","neve_meta_content_width":70,"neve_meta_title_alignment":"","neve_meta_author_avatar":"","neve_post_elements_order":"","neve_meta_disable_header":"","neve_meta_disable_footer":"","neve_meta_disable_title":"","footnotes":""},"class_list":["post-2045","page","type-page","status-publish","has-post-thumbnail","hentry"],"yoast_head":"<!-- This site is optimized with the Yoast SEO plugin v26.8 - https:\/\/yoast.com\/product\/yoast-seo-wordpress\/ -->\n<title>Wyroby medyczne - ICR POLSKA - badania i certyfikacja<\/title>\n<meta name=\"robots\" content=\"index, follow, max-snippet:-1, max-image-preview:large, max-video-preview:-1\" \/>\n<link rel=\"canonical\" href=\"https:\/\/icr.you2.pl\/kr\/badania-wyrobow\/wyroby-medyczne\/\" \/>\n<meta property=\"og:locale\" content=\"ko_KR\" \/>\n<meta property=\"og:type\" content=\"article\" \/>\n<meta property=\"og:title\" content=\"Wyroby medyczne - ICR POLSKA - badania i certyfikacja\" \/>\n<meta property=\"og:description\" content=\"W naszym laboratorium przeprowadzisz badania bezpiecze\u0144stwa oraz kompatybilno\u015bci elektromagnetycznej m.in. nast\u0119puj\u0105cego sprz\u0119tu medycznego: EN 60601-2-10 Stymulatory nerw\u00f3w i mi\u0119\u015bni EN 60601-2-18 Urz\u0105dzenia endoskopowe EN 60601-2-22 Urz\u0105dzenia laserowe chirurgiczne, kosmetyczne, terapeutyczne EN 60601-2-25 Elektrokardiografy EN 60601-2-27 Elektrokardiograficzne urz\u0105dzenia monitoruj\u0105ce EN 60601-2-3 Urz\u0105dzenia do terapii kr\u00f3tkofalowej EN 60601-2-37 Ultrad\u017awi\u0119kowe urz\u0105dzenia diagnostyczne i monitoruj\u0105ce EN 60601-2-44 Urz\u0105dzenia rentgenowskie&hellip;&nbsp;\ub354 \ubcf4\uae30 &raquo;Wyroby medyczne\" \/>\n<meta property=\"og:url\" content=\"https:\/\/icr.you2.pl\/kr\/badania-wyrobow\/wyroby-medyczne\/\" \/>\n<meta property=\"og:site_name\" content=\"ICR POLSKA - badania i certyfikacja\" \/>\n<meta property=\"article:modified_time\" content=\"2022-09-07T21:31:08+00:00\" \/>\n<meta name=\"twitter:card\" content=\"summary_large_image\" \/>\n<meta name=\"twitter:label1\" content=\"\uc608\uc0c1 \ub418\ub294 \ud310\ub3c5 \uc2dc\uac04\" \/>\n\t<meta name=\"twitter:data1\" content=\"2\ubd84\" \/>\n<script type=\"application\/ld+json\" class=\"yoast-schema-graph\">{\"@context\":\"https:\/\/schema.org\",\"@graph\":[{\"@type\":\"WebPage\",\"@id\":\"https:\/\/icr.you2.pl\/badania-wyrobow\/wyroby-medyczne\/\",\"url\":\"https:\/\/icr.you2.pl\/badania-wyrobow\/wyroby-medyczne\/\",\"name\":\"Wyroby medyczne - ICR POLSKA - badania i certyfikacja\",\"isPartOf\":{\"@id\":\"https:\/\/icr.you2.pl\/#website\"},\"primaryImageOfPage\":{\"@id\":\"https:\/\/icr.you2.pl\/badania-wyrobow\/wyroby-medyczne\/#primaryimage\"},\"image\":{\"@id\":\"https:\/\/icr.you2.pl\/badania-wyrobow\/wyroby-medyczne\/#primaryimage\"},\"thumbnailUrl\":\"\",\"datePublished\":\"2019-05-28T11:15:21+00:00\",\"dateModified\":\"2022-09-07T21:31:08+00:00\",\"breadcrumb\":{\"@id\":\"https:\/\/icr.you2.pl\/badania-wyrobow\/wyroby-medyczne\/#breadcrumb\"},\"inLanguage\":\"ko-KR\",\"potentialAction\":[{\"@type\":\"ReadAction\",\"target\":[\"https:\/\/icr.you2.pl\/badania-wyrobow\/wyroby-medyczne\/\"]}]},{\"@type\":\"ImageObject\",\"inLanguage\":\"ko-KR\",\"@id\":\"https:\/\/icr.you2.pl\/badania-wyrobow\/wyroby-medyczne\/#primaryimage\",\"url\":\"\",\"contentUrl\":\"\"},{\"@type\":\"BreadcrumbList\",\"@id\":\"https:\/\/icr.you2.pl\/badania-wyrobow\/wyroby-medyczne\/#breadcrumb\",\"itemListElement\":[{\"@type\":\"ListItem\",\"position\":1,\"name\":\"Strona g\u0142\u00f3wna\",\"item\":\"https:\/\/icr.you2.pl\/\"},{\"@type\":\"ListItem\",\"position\":2,\"name\":\"Badania wyrob\u00f3w\",\"item\":\"https:\/\/icr.you2.pl\/badania-wyrobow\/\"},{\"@type\":\"ListItem\",\"position\":3,\"name\":\"Wyroby medyczne\"}]},{\"@type\":\"WebSite\",\"@id\":\"https:\/\/icr.you2.pl\/#website\",\"url\":\"https:\/\/icr.you2.pl\/\",\"name\":\"ICR POLSKA - badania i certyfikacja\",\"description\":\"CE certification, CE certificate, ISO certificate, RED testing, product testing and certification, electrical product testing, medical device testing, ATEX, IECEx, FCC, product certification, EMC testing, machinery certification, CE machines, training, electronic product testing, testing 2014\/53\/EU, drone certification, ISO 13485 certificate, ISO 9001 certificate, NC RfG\",\"publisher\":{\"@id\":\"https:\/\/icr.you2.pl\/#\/schema\/person\/944799c9e2f4a94662e3fcb3b1544baf\"},\"potentialAction\":[{\"@type\":\"SearchAction\",\"target\":{\"@type\":\"EntryPoint\",\"urlTemplate\":\"https:\/\/icr.you2.pl\/?s={search_term_string}\"},\"query-input\":{\"@type\":\"PropertyValueSpecification\",\"valueRequired\":true,\"valueName\":\"search_term_string\"}}],\"inLanguage\":\"ko-KR\"},{\"@type\":[\"Person\",\"Organization\"],\"@id\":\"https:\/\/icr.you2.pl\/#\/schema\/person\/944799c9e2f4a94662e3fcb3b1544baf\",\"name\":\"admin\",\"image\":{\"@type\":\"ImageObject\",\"inLanguage\":\"ko-KR\",\"@id\":\"https:\/\/icr.you2.pl\/#\/schema\/person\/image\/\",\"url\":\"https:\/\/icr.you2.pl\/wp-content\/uploads\/2019\/05\/cropped-logo-icr.32f04ad5-1-1.png\",\"contentUrl\":\"https:\/\/icr.you2.pl\/wp-content\/uploads\/2019\/05\/cropped-logo-icr.32f04ad5-1-1.png\",\"width\":400,\"height\":148,\"caption\":\"admin\"},\"logo\":{\"@id\":\"https:\/\/icr.you2.pl\/#\/schema\/person\/image\/\"}}]}<\/script>\n<!-- \/ Yoast SEO plugin. -->","yoast_head_json":{"title":"\uc758\ub8cc\uae30\uae30 - ICR POLAND - \uc2dc\ud5d8 \ubc0f \uc778\uc99d","robots":{"index":"index","follow":"follow","max-snippet":"max-snippet:-1","max-image-preview":"max-image-preview:large","max-video-preview":"max-video-preview:-1"},"canonical":"https:\/\/icr.you2.pl\/kr\/badania-wyrobow\/wyroby-medyczne\/","og_locale":"ko_KR","og_type":"article","og_title":"Wyroby medyczne - ICR POLSKA - badania i certyfikacja","og_description":"W naszym laboratorium przeprowadzisz badania bezpiecze\u0144stwa oraz kompatybilno\u015bci elektromagnetycznej m.in. nast\u0119puj\u0105cego sprz\u0119tu medycznego: EN 60601-2-10 Stymulatory nerw\u00f3w i mi\u0119\u015bni EN 60601-2-18 Urz\u0105dzenia endoskopowe EN 60601-2-22 Urz\u0105dzenia laserowe chirurgiczne, kosmetyczne, terapeutyczne EN 60601-2-25 Elektrokardiografy EN 60601-2-27 Elektrokardiograficzne urz\u0105dzenia monitoruj\u0105ce EN 60601-2-3 Urz\u0105dzenia do terapii kr\u00f3tkofalowej EN 60601-2-37 Ultrad\u017awi\u0119kowe urz\u0105dzenia diagnostyczne i monitoruj\u0105ce EN 60601-2-44 Urz\u0105dzenia rentgenowskie&hellip;&nbsp;\ub354 \ubcf4\uae30 &raquo;Wyroby medyczne","og_url":"https:\/\/icr.you2.pl\/kr\/badania-wyrobow\/wyroby-medyczne\/","og_site_name":"ICR POLSKA - badania i certyfikacja","article_modified_time":"2022-09-07T21:31:08+00:00","twitter_card":"summary_large_image","twitter_misc":{"\uc608\uc0c1 \ub418\ub294 \ud310\ub3c5 \uc2dc\uac04":"2\ubd84"},"schema":{"@context":"https:\/\/schema.org","@graph":[{"@type":"WebPage","@id":"https:\/\/icr.you2.pl\/badania-wyrobow\/wyroby-medyczne\/","url":"https:\/\/icr.you2.pl\/badania-wyrobow\/wyroby-medyczne\/","name":"\uc758\ub8cc\uae30\uae30 - ICR POLAND - \uc2dc\ud5d8 \ubc0f \uc778\uc99d","isPartOf":{"@id":"https:\/\/icr.you2.pl\/#website"},"primaryImageOfPage":{"@id":"https:\/\/icr.you2.pl\/badania-wyrobow\/wyroby-medyczne\/#primaryimage"},"image":{"@id":"https:\/\/icr.you2.pl\/badania-wyrobow\/wyroby-medyczne\/#primaryimage"},"thumbnailUrl":"","datePublished":"2019-05-28T11:15:21+00:00","dateModified":"2022-09-07T21:31:08+00:00","breadcrumb":{"@id":"https:\/\/icr.you2.pl\/badania-wyrobow\/wyroby-medyczne\/#breadcrumb"},"inLanguage":"ko-KR","potentialAction":[{"@type":"ReadAction","target":["https:\/\/icr.you2.pl\/badania-wyrobow\/wyroby-medyczne\/"]}]},{"@type":"ImageObject","inLanguage":"ko-KR","@id":"https:\/\/icr.you2.pl\/badania-wyrobow\/wyroby-medyczne\/#primaryimage","url":"","contentUrl":""},{"@type":"BreadcrumbList","@id":"https:\/\/icr.you2.pl\/badania-wyrobow\/wyroby-medyczne\/#breadcrumb","itemListElement":[{"@type":"ListItem","position":1,"name":"Strona g\u0142\u00f3wna","item":"https:\/\/icr.you2.pl\/"},{"@type":"ListItem","position":2,"name":"Badania wyrob\u00f3w","item":"https:\/\/icr.you2.pl\/badania-wyrobow\/"},{"@type":"ListItem","position":3,"name":"Wyroby medyczne"}]},{"@type":"WebSite","@id":"https:\/\/icr.you2.pl\/#website","url":"https:\/\/icr.you2.pl\/","name":"ICR \ud3f4\ub780\ub4dc - \ud14c\uc2a4\ud2b8 \ubc0f \uc778\uc99d","description":"CE \uc778\uc99d, CE \uc778\uc99d\uc11c, ISO \uc778\uc99d\uc11c, RED \ud14c\uc2a4\ud2b8, \uc81c\ud488 \ud14c\uc2a4\ud2b8 \ubc0f \uc778\uc99d, \uc804\uae30 \uc81c\ud488 \ud14c\uc2a4\ud2b8, \uc758\ub8cc\uae30\uae30 \ud14c\uc2a4\ud2b8, ATEX, IECEx, FCC, \uc81c\ud488 \uc778\uc99d, EMC \ud14c\uc2a4\ud2b8, \uae30\uacc4 \uc778\uc99d, CE \uae30\uacc4, \uad50\uc721, \uc804\uc790 \uc81c\ud488 \ud14c\uc2a4\ud2b8, \ud14c\uc2a4\ud2b8 2014\/53\/EU, \ub4dc\ub860 \uc778\uc99d, ISO 13485 \uc778\uc99d\uc11c, ISO 9001 \uc778\uc99d\uc11c, NC RfG","publisher":{"@id":"https:\/\/icr.you2.pl\/#\/schema\/person\/944799c9e2f4a94662e3fcb3b1544baf"},"potentialAction":[{"@type":"SearchAction","target":{"@type":"EntryPoint","urlTemplate":"https:\/\/icr.you2.pl\/?s={search_term_string}"},"query-input":{"@type":"PropertyValueSpecification","valueRequired":true,"valueName":"search_term_string"}}],"inLanguage":"ko-KR"},{"@type":["Person","Organization"],"@id":"https:\/\/icr.you2.pl\/#\/schema\/person\/944799c9e2f4a94662e3fcb3b1544baf","name":"\uad00\ub9ac\uc790","image":{"@type":"ImageObject","inLanguage":"ko-KR","@id":"https:\/\/icr.you2.pl\/#\/schema\/person\/image\/","url":"https:\/\/icr.you2.pl\/wp-content\/uploads\/2019\/05\/cropped-logo-icr.32f04ad5-1-1.png","contentUrl":"https:\/\/icr.you2.pl\/wp-content\/uploads\/2019\/05\/cropped-logo-icr.32f04ad5-1-1.png","width":400,"height":148,"caption":"admin"},"logo":{"@id":"https:\/\/icr.you2.pl\/#\/schema\/person\/image\/"}}]}},"_links":{"self":[{"href":"https:\/\/icr.you2.pl\/kr\/wp-json\/wp\/v2\/pages\/2045","targetHints":{"allow":["GET"]}}],"collection":[{"href":"https:\/\/icr.you2.pl\/kr\/wp-json\/wp\/v2\/pages"}],"about":[{"href":"https:\/\/icr.you2.pl\/kr\/wp-json\/wp\/v2\/types\/page"}],"author":[{"embeddable":true,"href":"https:\/\/icr.you2.pl\/kr\/wp-json\/wp\/v2\/users\/1"}],"replies":[{"embeddable":true,"href":"https:\/\/icr.you2.pl\/kr\/wp-json\/wp\/v2\/comments?post=2045"}],"version-history":[{"count":0,"href":"https:\/\/icr.you2.pl\/kr\/wp-json\/wp\/v2\/pages\/2045\/revisions"}],"up":[{"embeddable":true,"href":"https:\/\/icr.you2.pl\/kr\/wp-json\/wp\/v2\/pages\/979"}],"wp:featuredmedia":[{"embeddable":true,"href":"https:\/\/icr.you2.pl\/kr\/wp-json\/"}],"wp:attachment":[{"href":"https:\/\/icr.you2.pl\/kr\/wp-json\/wp\/v2\/media?parent=2045"}],"curies":[{"name":"wp","href":"https:\/\/api.w.org\/{rel}","templated":true}]}}