{"id":2424,"date":"2019-06-03T12:34:18","date_gmt":"2019-06-03T10:34:18","guid":{"rendered":"http:\/\/nowa.icrpolska.com\/?page_id=2424"},"modified":"2019-12-12T10:10:49","modified_gmt":"2019-12-12T09:10:49","slug":"rynki-zagraniczne","status":"publish","type":"page","link":"https:\/\/icr.you2.pl\/kr\/rynki-zagraniczne\/","title":{"rendered":"EAC, KC \ubc0f \uae30\ud0c0"},"content":{"rendered":"<p>\ud2b9\ud788 \ube44\uc720\ub7fd \uc2dc\uc7a5\uc5d0\uc11c \ud65c\ub3d9\ud558\ub294 \uace0\uac1d\uc744 \uc704\ud574 FCC \ud45c\uc900(\ubbf8\uad6d \ubc0f \uce90\ub098\ub2e4), KC \uc801\ud569\uc131 \ub9c8\ud06c(\ud55c\uad6d \ubc0f \uc544\uc2dc\uc544 \uad6d\uac00), \ubc29\ud3ed \uc81c\ud488 \ubc0f IECEE-CB(\uc804\uae30 \uc758\ub8cc \uae30\uae30\ub97c \ud3ec\ud568\ud55c \uc800\uc804\uc555 \uc804\uae30 \uc7a5\ube44)\ub97c \uc704\ud55c IECEx, \uc720\ub85c-\uc544\uc2dc\uc544 \uad00\uc138 \ub3d9\ub9f9(EAC)\uc5d0 \ub300\ud55c \uc81c\ud488 \uc778\uc99d\ub3c4 \uc81c\uacf5\ud569\ub2c8\ub2e4.<\/p>\n<p><img decoding=\"async\" class=\"wp-image-2682 alignnone\" src=\"http:\/\/icr.you2.pl\/wp-content\/uploads\/2019\/06\/FCC_New_Logo-300x252.png\" alt=\"\" width=\"119\" height=\"100\" srcset=\"https:\/\/icr.you2.pl\/wp-content\/uploads\/2019\/06\/FCC_New_Logo-300x252.png 300w, https:\/\/icr.you2.pl\/wp-content\/uploads\/2019\/06\/FCC_New_Logo-768x645.png 768w, https:\/\/icr.you2.pl\/wp-content\/uploads\/2019\/06\/FCC_New_Logo-1024x860.png 1024w, https:\/\/icr.you2.pl\/wp-content\/uploads\/2019\/06\/FCC_New_Logo.png 1200w\" sizes=\"(max-width: 119px) 100vw, 119px\" \/><img decoding=\"async\" class=\"alignnone wp-image-2883\" src=\"http:\/\/icr.you2.pl\/wp-content\/uploads\/2019\/06\/IECEx_logo-300x127.png\" alt=\"\" width=\"236\" height=\"100\" \/>\u00a0<img decoding=\"async\" class=\"wp-image-2681 alignnone\" src=\"http:\/\/icr.you2.pl\/wp-content\/uploads\/2019\/06\/KC_mark.jpg\" alt=\"\" width=\"64\" height=\"100\" \/> \u00a0 \u00a0\u00a0\u00a0<img loading=\"lazy\" decoding=\"async\" class=\"wp-image-2684 alignnone\" src=\"http:\/\/icr.you2.pl\/wp-content\/uploads\/2019\/06\/IECEE_logo-300x137.jpg\" alt=\"\" width=\"218\" height=\"100\" srcset=\"https:\/\/icr.you2.pl\/wp-content\/uploads\/2019\/06\/IECEE_logo-300x137.jpg 300w, https:\/\/icr.you2.pl\/wp-content\/uploads\/2019\/06\/IECEE_logo.jpg 332w\" sizes=\"(max-width: 218px) 100vw, 218px\" \/>\u00a0 \u00a0<img loading=\"lazy\" decoding=\"async\" class=\"wp-image-2695 alignnone\" src=\"http:\/\/icr.you2.pl\/wp-content\/uploads\/2019\/06\/EAC.gif\" alt=\"\" width=\"100\" height=\"100\" \/><\/p>\n<p>&nbsp;<\/p>","protected":false},"excerpt":{"rendered":"<p>\ud2b9\ud788 \ube44\uc720\ub7fd \uc2dc\uc7a5\uc5d0\uc11c \ud65c\ub3d9\ud558\ub294 \uace0\uac1d\uc744 \uc704\ud574 FCC \ud45c\uc900(\ubbf8\uad6d \ubc0f \uce90\ub098\ub2e4), KC \uc801\ud569\uc131 \ub9c8\ud06c(\ud55c\uad6d \ubc0f \uc544\uc2dc\uc544 \uad6d\uac00), \ubc29\ud3ed \uc81c\ud488 \ubc0f IECEE-CB(\uc804\uae30 \uc758\ub8cc \uae30\uae30\ub97c \ud3ec\ud568\ud55c \uc800\uc804\uc555 \uc804\uae30 \uc7a5\ube44)\ub97c \uc704\ud55c IECEx, \uc720\ub85c-\uc544\uc2dc\uc544 \uad00\uc138 \ub3d9\ub9f9(EAC)\uc5d0 \ub300\ud55c \uc81c\ud488 \uc778\uc99d\ub3c4 \uc81c\uacf5\ud569\ub2c8\ub2e4. \u00a0 \u00a0 \u00a0\u00a0\u00a0\u00a0 \u00a0 &nbsp;<\/p>","protected":false},"author":1,"featured_media":0,"parent":0,"menu_order":0,"comment_status":"closed","ping_status":"closed","template":"","meta":{"neve_meta_sidebar":"","neve_meta_container":"","neve_meta_enable_content_width":"","neve_meta_content_width":0,"neve_meta_title_alignment":"","neve_meta_author_avatar":"","neve_post_elements_order":"","neve_meta_disable_header":"","neve_meta_disable_footer":"","neve_meta_disable_title":"","footnotes":""},"class_list":["post-2424","page","type-page","status-publish","hentry"],"yoast_head":"<!-- This site is optimized with the Yoast SEO plugin v26.8 - https:\/\/yoast.com\/product\/yoast-seo-wordpress\/ -->\n<title>EAC, KC i inne - ICR POLSKA - badania i certyfikacja<\/title>\n<meta name=\"robots\" content=\"index, follow, max-snippet:-1, max-image-preview:large, max-video-preview:-1\" \/>\n<link rel=\"canonical\" href=\"https:\/\/icr.you2.pl\/kr\/rynki-zagraniczne\/\" \/>\n<meta property=\"og:locale\" content=\"ko_KR\" \/>\n<meta property=\"og:type\" content=\"article\" \/>\n<meta property=\"og:title\" content=\"EAC, KC i inne - ICR POLSKA - badania i certyfikacja\" \/>\n<meta property=\"og:description\" content=\"Dla naszych Klient\u00f3w \u2013 zw\u0142aszcza dzia\u0142aj\u0105cych na rynkach pozaeuropejskich \u2013 oferujemy certyfikacj\u0119 wyrob\u00f3w: wg standard\u00f3w FCC (USA i Kanada), na znak zgodno\u015bci KC (Korea i kraje azjatyckie), IECEx dla wyrob\u00f3w w wykonaniu przeciwwybuchowym i IECEE-CB (urz\u0105dzenia elektryczne nN, w tym elektryczne urz\u0105dzenia medyczne) oraz na potrzeby Euro-Azjatyckiej Unii Celnej (EAC). \u00a0 \u00a0 \u00a0\u00a0\u00a0\u00a0 \u00a0 &nbsp;\" \/>\n<meta property=\"og:url\" content=\"https:\/\/icr.you2.pl\/kr\/rynki-zagraniczne\/\" \/>\n<meta property=\"og:site_name\" content=\"ICR POLSKA - badania i certyfikacja\" \/>\n<meta property=\"article:modified_time\" content=\"2019-12-12T09:10:49+00:00\" \/>\n<meta property=\"og:image\" content=\"http:\/\/icr.you2.pl\/wp-content\/uploads\/2019\/06\/FCC_New_Logo-300x252.png\" \/>\n<meta name=\"twitter:card\" content=\"summary_large_image\" \/>\n<script type=\"application\/ld+json\" class=\"yoast-schema-graph\">{\"@context\":\"https:\/\/schema.org\",\"@graph\":[{\"@type\":\"WebPage\",\"@id\":\"https:\/\/icr.you2.pl\/rynki-zagraniczne\/\",\"url\":\"https:\/\/icr.you2.pl\/rynki-zagraniczne\/\",\"name\":\"EAC, KC i inne - ICR POLSKA - badania i certyfikacja\",\"isPartOf\":{\"@id\":\"https:\/\/icr.you2.pl\/#website\"},\"primaryImageOfPage\":{\"@id\":\"https:\/\/icr.you2.pl\/rynki-zagraniczne\/#primaryimage\"},\"image\":{\"@id\":\"https:\/\/icr.you2.pl\/rynki-zagraniczne\/#primaryimage\"},\"thumbnailUrl\":\"http:\/\/icr.you2.pl\/wp-content\/uploads\/2019\/06\/FCC_New_Logo-300x252.png\",\"datePublished\":\"2019-06-03T10:34:18+00:00\",\"dateModified\":\"2019-12-12T09:10:49+00:00\",\"breadcrumb\":{\"@id\":\"https:\/\/icr.you2.pl\/rynki-zagraniczne\/#breadcrumb\"},\"inLanguage\":\"ko-KR\",\"potentialAction\":[{\"@type\":\"ReadAction\",\"target\":[\"https:\/\/icr.you2.pl\/rynki-zagraniczne\/\"]}]},{\"@type\":\"ImageObject\",\"inLanguage\":\"ko-KR\",\"@id\":\"https:\/\/icr.you2.pl\/rynki-zagraniczne\/#primaryimage\",\"url\":\"http:\/\/icr.you2.pl\/wp-content\/uploads\/2019\/06\/FCC_New_Logo-300x252.png\",\"contentUrl\":\"http:\/\/icr.you2.pl\/wp-content\/uploads\/2019\/06\/FCC_New_Logo-300x252.png\"},{\"@type\":\"BreadcrumbList\",\"@id\":\"https:\/\/icr.you2.pl\/rynki-zagraniczne\/#breadcrumb\",\"itemListElement\":[{\"@type\":\"ListItem\",\"position\":1,\"name\":\"Strona g\u0142\u00f3wna\",\"item\":\"https:\/\/icr.you2.pl\/\"},{\"@type\":\"ListItem\",\"position\":2,\"name\":\"EAC, KC i inne\"}]},{\"@type\":\"WebSite\",\"@id\":\"https:\/\/icr.you2.pl\/#website\",\"url\":\"https:\/\/icr.you2.pl\/\",\"name\":\"ICR POLSKA - badania i certyfikacja\",\"description\":\"CE certification, CE certificate, ISO certificate, RED testing, product testing and certification, electrical product testing, medical device testing, ATEX, IECEx, FCC, product certification, EMC testing, machinery certification, CE machines, training, electronic product testing, testing 2014\/53\/EU, drone certification, ISO 13485 certificate, ISO 9001 certificate, NC RfG\",\"publisher\":{\"@id\":\"https:\/\/icr.you2.pl\/#\/schema\/person\/944799c9e2f4a94662e3fcb3b1544baf\"},\"potentialAction\":[{\"@type\":\"SearchAction\",\"target\":{\"@type\":\"EntryPoint\",\"urlTemplate\":\"https:\/\/icr.you2.pl\/?s={search_term_string}\"},\"query-input\":{\"@type\":\"PropertyValueSpecification\",\"valueRequired\":true,\"valueName\":\"search_term_string\"}}],\"inLanguage\":\"ko-KR\"},{\"@type\":[\"Person\",\"Organization\"],\"@id\":\"https:\/\/icr.you2.pl\/#\/schema\/person\/944799c9e2f4a94662e3fcb3b1544baf\",\"name\":\"admin\",\"image\":{\"@type\":\"ImageObject\",\"inLanguage\":\"ko-KR\",\"@id\":\"https:\/\/icr.you2.pl\/#\/schema\/person\/image\/\",\"url\":\"https:\/\/icr.you2.pl\/wp-content\/uploads\/2019\/05\/cropped-logo-icr.32f04ad5-1-1.png\",\"contentUrl\":\"https:\/\/icr.you2.pl\/wp-content\/uploads\/2019\/05\/cropped-logo-icr.32f04ad5-1-1.png\",\"width\":400,\"height\":148,\"caption\":\"admin\"},\"logo\":{\"@id\":\"https:\/\/icr.you2.pl\/#\/schema\/person\/image\/\"}}]}<\/script>\n<!-- \/ Yoast SEO plugin. -->","yoast_head_json":{"title":"EAC, KC \ubc0f \uae30\ud0c0 - ICR POLAND - \ud14c\uc2a4\ud2b8 \ubc0f \uc778\uc99d","robots":{"index":"index","follow":"follow","max-snippet":"max-snippet:-1","max-image-preview":"max-image-preview:large","max-video-preview":"max-video-preview:-1"},"canonical":"https:\/\/icr.you2.pl\/kr\/rynki-zagraniczne\/","og_locale":"ko_KR","og_type":"article","og_title":"EAC, KC i inne - ICR POLSKA - badania i certyfikacja","og_description":"Dla naszych Klient\u00f3w \u2013 zw\u0142aszcza dzia\u0142aj\u0105cych na rynkach pozaeuropejskich \u2013 oferujemy certyfikacj\u0119 wyrob\u00f3w: wg standard\u00f3w FCC (USA i Kanada), na znak zgodno\u015bci KC (Korea i kraje azjatyckie), IECEx dla wyrob\u00f3w w wykonaniu przeciwwybuchowym i IECEE-CB (urz\u0105dzenia elektryczne nN, w tym elektryczne urz\u0105dzenia medyczne) oraz na potrzeby Euro-Azjatyckiej Unii Celnej (EAC). \u00a0 \u00a0 \u00a0\u00a0\u00a0\u00a0 \u00a0 &nbsp;","og_url":"https:\/\/icr.you2.pl\/kr\/rynki-zagraniczne\/","og_site_name":"ICR POLSKA - badania i certyfikacja","article_modified_time":"2019-12-12T09:10:49+00:00","og_image":[{"url":"http:\/\/icr.you2.pl\/wp-content\/uploads\/2019\/06\/FCC_New_Logo-300x252.png","type":"","width":"","height":""}],"twitter_card":"summary_large_image","schema":{"@context":"https:\/\/schema.org","@graph":[{"@type":"WebPage","@id":"https:\/\/icr.you2.pl\/rynki-zagraniczne\/","url":"https:\/\/icr.you2.pl\/rynki-zagraniczne\/","name":"EAC, KC \ubc0f \uae30\ud0c0 - ICR POLAND - \ud14c\uc2a4\ud2b8 \ubc0f \uc778\uc99d","isPartOf":{"@id":"https:\/\/icr.you2.pl\/#website"},"primaryImageOfPage":{"@id":"https:\/\/icr.you2.pl\/rynki-zagraniczne\/#primaryimage"},"image":{"@id":"https:\/\/icr.you2.pl\/rynki-zagraniczne\/#primaryimage"},"thumbnailUrl":"http:\/\/icr.you2.pl\/wp-content\/uploads\/2019\/06\/FCC_New_Logo-300x252.png","datePublished":"2019-06-03T10:34:18+00:00","dateModified":"2019-12-12T09:10:49+00:00","breadcrumb":{"@id":"https:\/\/icr.you2.pl\/rynki-zagraniczne\/#breadcrumb"},"inLanguage":"ko-KR","potentialAction":[{"@type":"ReadAction","target":["https:\/\/icr.you2.pl\/rynki-zagraniczne\/"]}]},{"@type":"ImageObject","inLanguage":"ko-KR","@id":"https:\/\/icr.you2.pl\/rynki-zagraniczne\/#primaryimage","url":"http:\/\/icr.you2.pl\/wp-content\/uploads\/2019\/06\/FCC_New_Logo-300x252.png","contentUrl":"http:\/\/icr.you2.pl\/wp-content\/uploads\/2019\/06\/FCC_New_Logo-300x252.png"},{"@type":"BreadcrumbList","@id":"https:\/\/icr.you2.pl\/rynki-zagraniczne\/#breadcrumb","itemListElement":[{"@type":"ListItem","position":1,"name":"Strona g\u0142\u00f3wna","item":"https:\/\/icr.you2.pl\/"},{"@type":"ListItem","position":2,"name":"EAC, KC i inne"}]},{"@type":"WebSite","@id":"https:\/\/icr.you2.pl\/#website","url":"https:\/\/icr.you2.pl\/","name":"ICR \ud3f4\ub780\ub4dc - \ud14c\uc2a4\ud2b8 \ubc0f \uc778\uc99d","description":"CE \uc778\uc99d, CE \uc778\uc99d\uc11c, ISO \uc778\uc99d\uc11c, RED \ud14c\uc2a4\ud2b8, \uc81c\ud488 \ud14c\uc2a4\ud2b8 \ubc0f \uc778\uc99d, \uc804\uae30 \uc81c\ud488 \ud14c\uc2a4\ud2b8, \uc758\ub8cc\uae30\uae30 \ud14c\uc2a4\ud2b8, ATEX, IECEx, FCC, \uc81c\ud488 \uc778\uc99d, EMC \ud14c\uc2a4\ud2b8, \uae30\uacc4 \uc778\uc99d, CE \uae30\uacc4, \uad50\uc721, \uc804\uc790 \uc81c\ud488 \ud14c\uc2a4\ud2b8, \ud14c\uc2a4\ud2b8 2014\/53\/EU, \ub4dc\ub860 \uc778\uc99d, ISO 13485 \uc778\uc99d\uc11c, ISO 9001 \uc778\uc99d\uc11c, NC RfG","publisher":{"@id":"https:\/\/icr.you2.pl\/#\/schema\/person\/944799c9e2f4a94662e3fcb3b1544baf"},"potentialAction":[{"@type":"SearchAction","target":{"@type":"EntryPoint","urlTemplate":"https:\/\/icr.you2.pl\/?s={search_term_string}"},"query-input":{"@type":"PropertyValueSpecification","valueRequired":true,"valueName":"search_term_string"}}],"inLanguage":"ko-KR"},{"@type":["Person","Organization"],"@id":"https:\/\/icr.you2.pl\/#\/schema\/person\/944799c9e2f4a94662e3fcb3b1544baf","name":"\uad00\ub9ac\uc790","image":{"@type":"ImageObject","inLanguage":"ko-KR","@id":"https:\/\/icr.you2.pl\/#\/schema\/person\/image\/","url":"https:\/\/icr.you2.pl\/wp-content\/uploads\/2019\/05\/cropped-logo-icr.32f04ad5-1-1.png","contentUrl":"https:\/\/icr.you2.pl\/wp-content\/uploads\/2019\/05\/cropped-logo-icr.32f04ad5-1-1.png","width":400,"height":148,"caption":"admin"},"logo":{"@id":"https:\/\/icr.you2.pl\/#\/schema\/person\/image\/"}}]}},"_links":{"self":[{"href":"https:\/\/icr.you2.pl\/kr\/wp-json\/wp\/v2\/pages\/2424","targetHints":{"allow":["GET"]}}],"collection":[{"href":"https:\/\/icr.you2.pl\/kr\/wp-json\/wp\/v2\/pages"}],"about":[{"href":"https:\/\/icr.you2.pl\/kr\/wp-json\/wp\/v2\/types\/page"}],"author":[{"embeddable":true,"href":"https:\/\/icr.you2.pl\/kr\/wp-json\/wp\/v2\/users\/1"}],"replies":[{"embeddable":true,"href":"https:\/\/icr.you2.pl\/kr\/wp-json\/wp\/v2\/comments?post=2424"}],"version-history":[{"count":0,"href":"https:\/\/icr.you2.pl\/kr\/wp-json\/wp\/v2\/pages\/2424\/revisions"}],"wp:attachment":[{"href":"https:\/\/icr.you2.pl\/kr\/wp-json\/wp\/v2\/media?parent=2424"}],"curies":[{"name":"wp","href":"https:\/\/api.w.org\/{rel}","templated":true}]}}